{"id":2185,"date":"2010-08-09T05:06:39","date_gmt":"2010-08-09T03:06:39","guid":{"rendered":"http:\/\/abc-latina.com\/joao_pessoa-htm\/"},"modified":"2018-06-06T18:59:57","modified_gmt":"2018-06-06T16:59:57","slug":"joao_pessoa","status":"publish","type":"page","link":"https:\/\/abc-latina.com\/joao_pessoa\/","title":{"rendered":"JOAO PESSOA"},"content":{"rendered":"<div><img loading=\"lazy\" decoding=\"async\" class=\" alignright size-full wp-image-2184\" src=\"http:\/\/abc-latina.com\/wp-content\/uploads\/2010\/08\/joao-pessoa.jpg\" title=\"JOAO PESSOA\" alt=\"\" width=\"220\" vspace=\"9\" hspace=\"15\" height=\"220\" align=\"right\" srcset=\"https:\/\/abc-latina.com\/wp-content\/uploads\/2010\/08\/joao-pessoa.jpg 220w, https:\/\/abc-latina.com\/wp-content\/uploads\/2010\/08\/joao-pessoa-150x150.jpg 150w\" sizes=\"auto, (max-width: 220px) 100vw, 220px\" \/>Les atouts majeurs de <span class=\"tourisme-chapitre\">Jo\u00e3o Pessoa<\/span> sont de disposer de belles plages de sable blanc, d&rsquo;\u00eatre l&rsquo;une des plus anciennes villes du Br\u00e9sil, de poss\u00e9der de grandes aires de for\u00eats naturelles pr\u00e9serv\u00e9es, ainsi que de jolies places et jardins.&nbsp;<\/div>\n<div>&nbsp;<\/div>\n<div>Elle serait consid\u00e9r\u00e9e comme l&rsquo;une des villes ayant le plus haut indice d&rsquo;espace vert par habitant au monde.<\/div>\n<div>Elle fut fond\u00e9e en 1585 et poss\u00e8de un riche patrimoine architectural, constitu\u00e9 principalement de belles constructions baroques, comme cet ensemble du XVIII\u00e8me si\u00e8cle, form\u00e9 par l&rsquo;\u00e9glise de Saint Fran\u00e7ois et le Couvent de Saint Antoine.&nbsp;<\/div>\n<div>Un incontournable de Jo\u00e3o Pessoa est d&rsquo;assister au coucher de soleil sur la plage de Jacar\u00e9, dans l&rsquo;un des bars du bord de mer. Dans un registre moins romantique, Il est aussi possible de faire des promenades en buggy vers les plages de la r\u00e9gion. Promenades en bateau, et visites des piscines naturelles de Pic\u00e3ozinho et de l&rsquo;\u00cele da Areia Vermelha sont aussi au programme dans les environs de Jo\u00e3o Pessoa.<\/div>\n<div>&nbsp;<\/div>\n<div>La <a href=\"https:\/\/www.abc-latina.com\/bresil\/cuisine\">cuisine<\/a> du nord-est br\u00e9silien est bien repr\u00e9sent\u00e9e \u00e0 Jo\u00e3o Pessoa, on y trouve des restaurants qui proposent des plats typiques, comme la viande s\u00e9ch\u00e9e, l&rsquo;une des sp\u00e9cialit\u00e9s les plus fameuses de la Para\u00edba.&nbsp;<\/div>\n<div>&nbsp;<\/div>\n<div>Jo\u00e3o Pessoa est la capitale de l&rsquo;\u00e9tat de la Para\u00edba, et c&rsquo;est aussi ici que se trouve le point le plus oriental des Am\u00e9riques, Ponta Seixas, qui peut \u00eatre vu depuis le phare de Cabo Branco.<\/div>\n<div>&nbsp;<\/div>\n<div><span class=\"tourisme-chapitre\"><a target=\"_blank\" href=\"..\/tour_operateur\"><img loading=\"lazy\" decoding=\"async\" class=\" size-full wp-image-41\" src=\"http:\/\/abc-latina.com\/wp-content\/uploads\/2010\/04\/timbre_to.gif\" class=\"touroperateur\" alt=\"\" width=\"125\" height=\"90\" \/><\/a>Quelques chiffres:<\/span><\/div>\n<div>Population: 674 762 hab<\/div>\n<div>Aire urbaine: 1 062 802 hab.&nbsp;<\/div>\n<div>Densit\u00e9: 3197,9 hab.\/km&sup2;&nbsp;<\/div>\n<div>Superficie: 211 km&sup2;&nbsp;<\/div>\n<div>Altitude: 47 m.<\/div>\n<div>&nbsp;<\/div>\n<p><a target=\"_blank\" href=\"https:\/\/www.abc-latina.com\/bresil\/cartes\/plan-joao-pessoa\">Plan de Joao Pessoa<\/a><\/p>\n<h3>Pr\u00e9parez votre voyage \u00e0 Joao Pessoa:<\/h3>\n<div><a href=\"https:\/\/www.abc-latina.com\/bresil\/agence_de_voyages\">Agences de voyage g\u00e9n\u00e9ralistes et discounteurs<\/a><\/div>\n<div><a href=\"https:\/\/www.abc-latina.com\/bresil\/tour_operateur\">Tours Op\u00e9rateurs sp\u00e9cialistes du Br\u00e9sil<\/a><\/div>\n<div><a target=\"_blank\" href=\"https:\/\/www.abc-latina.com\/to\/reservation_billet_avion\">R\u00e9servez votre billet d&rsquo;avion<\/a><\/div>\n<div><a target=\"_blank\" href=\"http:\/\/www.booking.com\/city\/br\/joao-pessoal?aid=364340\">R\u00e9servez votre h\u00f4tel \u00e0 Joao Pessoa<\/a>&nbsp;<\/div>\n<div><a target=\"_blank\" href=\"https:\/\/www.abc-latina.com\/to\/location_de_voiture_bresil\">Location de voiture<\/a><\/div>\n<p>&nbsp;<\/p>\n","protected":false},"excerpt":{"rendered":"<p>Les atouts majeurs de Jo\u00e3o Pessoa sont de disposer de belles plages de sable blanc, d&rsquo;\u00eatre l&rsquo;une des plus anciennes [&hellip;]<\/p>\n","protected":false},"author":3,"featured_media":2184,"parent":0,"menu_order":0,"comment_status":"closed","ping_status":"closed","template":"","meta":{"site-sidebar-layout":"default","site-content-layout":"","ast-site-content-layout":"default","site-content-style":"default","site-sidebar-style":"default","ast-global-header-display":"","ast-banner-title-visibility":"","ast-main-header-display":"","ast-hfb-above-header-display":"","ast-hfb-below-header-display":"","ast-hfb-mobile-header-display":"","site-post-title":"","ast-breadcrumbs-content":"","ast-featured-img":"","footer-sml-layout":"","ast-disable-related-posts":"","theme-transparent-header-meta":"","adv-header-id-meta":"","stick-header-meta":"","header-above-stick-meta":"","header-main-stick-meta":"","header-below-stick-meta":"","astra-migrate-meta-layouts":"default","ast-page-background-enabled":"default","ast-page-background-meta":{"desktop":{"background-color":"var(--ast-global-color-5)","background-image":"","background-repeat":"repeat","background-position":"center center","background-size":"auto","background-attachment":"scroll","background-type":"","background-media":"","overlay-type":"","overlay-color":"","overlay-opacity":"","overlay-gradient":""},"tablet":{"background-color":"","background-image":"","background-repeat":"repeat","background-position":"center center","background-size":"auto","background-attachment":"scroll","background-type":"","background-media":"","overlay-type":"","overlay-color":"","overlay-opacity":"","overlay-gradient":""},"mobile":{"background-color":"","background-image":"","background-repeat":"repeat","background-position":"center center","background-size":"auto","background-attachment":"scroll","background-type":"","background-media":"","overlay-type":"","overlay-color":"","overlay-opacity":"","overlay-gradient":""}},"ast-content-background-meta":{"desktop":{"background-color":"var(--ast-global-color-4)","background-image":"","background-repeat":"repeat","background-position":"center center","background-size":"auto","background-attachment":"scroll","background-type":"","background-media":"","overlay-type":"","overlay-color":"","overlay-opacity":"","overlay-gradient":""},"tablet":{"background-color":"var(--ast-global-color-4)","background-image":"","background-repeat":"repeat","background-position":"center center","background-size":"auto","background-attachment":"scroll","background-type":"","background-media":"","overlay-type":"","overlay-color":"","overlay-opacity":"","overlay-gradient":""},"mobile":{"background-color":"var(--ast-global-color-4)","background-image":"","background-repeat":"repeat","background-position":"center center","background-size":"auto","background-attachment":"scroll","background-type":"","background-media":"","overlay-type":"","overlay-color":"","overlay-opacity":"","overlay-gradient":""}},"footnotes":""},"class_list":["post-2185","page","type-page","status-publish","has-post-thumbnail","hentry"],"yoast_head":"<!-- This site is optimized with the Yoast SEO plugin v27.5 - https:\/\/yoast.com\/product\/yoast-seo-wordpress\/ -->\n<title>JOAO PESSOA - Abc-latina<\/title>\n<meta name=\"description\" content=\"Joao Pessoa, Br\u00e9sil.\" \/>\n<meta name=\"robots\" content=\"index, follow, max-snippet:-1, max-image-preview:large, max-video-preview:-1\" \/>\n<link rel=\"canonical\" href=\"https:\/\/abc-latina.com\/joao_pessoa\/\" \/>\n<meta property=\"og:locale\" content=\"fr_FR\" \/>\n<meta property=\"og:type\" content=\"article\" \/>\n<meta property=\"og:title\" content=\"JOAO PESSOA - Abc-latina\" \/>\n<meta property=\"og:description\" content=\"Joao Pessoa, Br\u00e9sil.\" \/>\n<meta property=\"og:url\" content=\"https:\/\/abc-latina.com\/joao_pessoa\/\" \/>\n<meta property=\"og:site_name\" content=\"Abc-latina\" \/>\n<meta property=\"article:modified_time\" content=\"2018-06-06T16:59:57+00:00\" \/>\n<meta property=\"og:image\" content=\"https:\/\/abc-latina.com\/wp-content\/uploads\/2010\/08\/joao-pessoa.jpg\" \/>\n\t<meta property=\"og:image:width\" content=\"220\" \/>\n\t<meta property=\"og:image:height\" content=\"220\" \/>\n\t<meta property=\"og:image:type\" content=\"image\/jpeg\" \/>\n<meta name=\"twitter:card\" content=\"summary_large_image\" \/>\n<meta name=\"twitter:label1\" content=\"Dur\u00e9e de lecture estim\u00e9e\" \/>\n\t<meta name=\"twitter:data1\" content=\"2 minutes\" \/>\n<script type=\"application\/ld+json\" class=\"yoast-schema-graph\">{\"@context\":\"https:\\\/\\\/schema.org\",\"@graph\":[{\"@type\":\"WebPage\",\"@id\":\"https:\\\/\\\/abc-latina.com\\\/joao_pessoa\\\/\",\"url\":\"https:\\\/\\\/abc-latina.com\\\/joao_pessoa\\\/\",\"name\":\"JOAO PESSOA - Abc-latina\",\"isPartOf\":{\"@id\":\"https:\\\/\\\/abc-latina.com\\\/#website\"},\"primaryImageOfPage\":{\"@id\":\"https:\\\/\\\/abc-latina.com\\\/joao_pessoa\\\/#primaryimage\"},\"image\":{\"@id\":\"https:\\\/\\\/abc-latina.com\\\/joao_pessoa\\\/#primaryimage\"},\"thumbnailUrl\":\"https:\\\/\\\/abc-latina.com\\\/wp-content\\\/uploads\\\/2010\\\/08\\\/joao-pessoa.jpg\",\"datePublished\":\"2010-08-09T03:06:39+00:00\",\"dateModified\":\"2018-06-06T16:59:57+00:00\",\"description\":\"Joao Pessoa, Br\u00e9sil.\",\"breadcrumb\":{\"@id\":\"https:\\\/\\\/abc-latina.com\\\/joao_pessoa\\\/#breadcrumb\"},\"inLanguage\":\"fr-FR\",\"potentialAction\":[{\"@type\":\"ReadAction\",\"target\":[\"https:\\\/\\\/abc-latina.com\\\/joao_pessoa\\\/\"]}]},{\"@type\":\"ImageObject\",\"inLanguage\":\"fr-FR\",\"@id\":\"https:\\\/\\\/abc-latina.com\\\/joao_pessoa\\\/#primaryimage\",\"url\":\"https:\\\/\\\/abc-latina.com\\\/wp-content\\\/uploads\\\/2010\\\/08\\\/joao-pessoa.jpg\",\"contentUrl\":\"https:\\\/\\\/abc-latina.com\\\/wp-content\\\/uploads\\\/2010\\\/08\\\/joao-pessoa.jpg\",\"width\":220,\"height\":220,\"caption\":\"JOAO PESSOA\"},{\"@type\":\"BreadcrumbList\",\"@id\":\"https:\\\/\\\/abc-latina.com\\\/joao_pessoa\\\/#breadcrumb\",\"itemListElement\":[{\"@type\":\"ListItem\",\"position\":1,\"name\":\"Accueil\",\"item\":\"https:\\\/\\\/abc-latina.com\\\/\"},{\"@type\":\"ListItem\",\"position\":2,\"name\":\"JOAO PESSOA\"}]},{\"@type\":\"WebSite\",\"@id\":\"https:\\\/\\\/abc-latina.com\\\/#website\",\"url\":\"https:\\\/\\\/abc-latina.com\\\/\",\"name\":\"Abc-latina\",\"description\":\"\",\"publisher\":{\"@id\":\"https:\\\/\\\/abc-latina.com\\\/#organization\"},\"potentialAction\":[{\"@type\":\"SearchAction\",\"target\":{\"@type\":\"EntryPoint\",\"urlTemplate\":\"https:\\\/\\\/abc-latina.com\\\/?s={search_term_string}\"},\"query-input\":{\"@type\":\"PropertyValueSpecification\",\"valueRequired\":true,\"valueName\":\"search_term_string\"}}],\"inLanguage\":\"fr-FR\"},{\"@type\":\"Organization\",\"@id\":\"https:\\\/\\\/abc-latina.com\\\/#organization\",\"name\":\"Abc-latina\",\"url\":\"https:\\\/\\\/abc-latina.com\\\/\",\"logo\":{\"@type\":\"ImageObject\",\"inLanguage\":\"fr-FR\",\"@id\":\"https:\\\/\\\/abc-latina.com\\\/#\\\/schema\\\/logo\\\/image\\\/\",\"url\":\"https:\\\/\\\/abc-latina.com\\\/wp-content\\\/uploads\\\/2026\\\/05\\\/cropped-logo.gif\",\"contentUrl\":\"https:\\\/\\\/abc-latina.com\\\/wp-content\\\/uploads\\\/2026\\\/05\\\/cropped-logo.gif\",\"width\":89,\"height\":84,\"caption\":\"Abc-latina\"},\"image\":{\"@id\":\"https:\\\/\\\/abc-latina.com\\\/#\\\/schema\\\/logo\\\/image\\\/\"}}]}<\/script>\n<!-- \/ Yoast SEO plugin. -->","yoast_head_json":{"title":"JOAO PESSOA - Abc-latina","description":"Joao Pessoa, Br\u00e9sil.","robots":{"index":"index","follow":"follow","max-snippet":"max-snippet:-1","max-image-preview":"max-image-preview:large","max-video-preview":"max-video-preview:-1"},"canonical":"https:\/\/abc-latina.com\/joao_pessoa\/","og_locale":"fr_FR","og_type":"article","og_title":"JOAO PESSOA - Abc-latina","og_description":"Joao Pessoa, Br\u00e9sil.","og_url":"https:\/\/abc-latina.com\/joao_pessoa\/","og_site_name":"Abc-latina","article_modified_time":"2018-06-06T16:59:57+00:00","og_image":[{"width":220,"height":220,"url":"https:\/\/abc-latina.com\/wp-content\/uploads\/2010\/08\/joao-pessoa.jpg","type":"image\/jpeg"}],"twitter_card":"summary_large_image","twitter_misc":{"Dur\u00e9e de lecture estim\u00e9e":"2 minutes"},"schema":{"@context":"https:\/\/schema.org","@graph":[{"@type":"WebPage","@id":"https:\/\/abc-latina.com\/joao_pessoa\/","url":"https:\/\/abc-latina.com\/joao_pessoa\/","name":"JOAO PESSOA - Abc-latina","isPartOf":{"@id":"https:\/\/abc-latina.com\/#website"},"primaryImageOfPage":{"@id":"https:\/\/abc-latina.com\/joao_pessoa\/#primaryimage"},"image":{"@id":"https:\/\/abc-latina.com\/joao_pessoa\/#primaryimage"},"thumbnailUrl":"https:\/\/abc-latina.com\/wp-content\/uploads\/2010\/08\/joao-pessoa.jpg","datePublished":"2010-08-09T03:06:39+00:00","dateModified":"2018-06-06T16:59:57+00:00","description":"Joao Pessoa, Br\u00e9sil.","breadcrumb":{"@id":"https:\/\/abc-latina.com\/joao_pessoa\/#breadcrumb"},"inLanguage":"fr-FR","potentialAction":[{"@type":"ReadAction","target":["https:\/\/abc-latina.com\/joao_pessoa\/"]}]},{"@type":"ImageObject","inLanguage":"fr-FR","@id":"https:\/\/abc-latina.com\/joao_pessoa\/#primaryimage","url":"https:\/\/abc-latina.com\/wp-content\/uploads\/2010\/08\/joao-pessoa.jpg","contentUrl":"https:\/\/abc-latina.com\/wp-content\/uploads\/2010\/08\/joao-pessoa.jpg","width":220,"height":220,"caption":"JOAO PESSOA"},{"@type":"BreadcrumbList","@id":"https:\/\/abc-latina.com\/joao_pessoa\/#breadcrumb","itemListElement":[{"@type":"ListItem","position":1,"name":"Accueil","item":"https:\/\/abc-latina.com\/"},{"@type":"ListItem","position":2,"name":"JOAO PESSOA"}]},{"@type":"WebSite","@id":"https:\/\/abc-latina.com\/#website","url":"https:\/\/abc-latina.com\/","name":"Abc-latina","description":"","publisher":{"@id":"https:\/\/abc-latina.com\/#organization"},"potentialAction":[{"@type":"SearchAction","target":{"@type":"EntryPoint","urlTemplate":"https:\/\/abc-latina.com\/?s={search_term_string}"},"query-input":{"@type":"PropertyValueSpecification","valueRequired":true,"valueName":"search_term_string"}}],"inLanguage":"fr-FR"},{"@type":"Organization","@id":"https:\/\/abc-latina.com\/#organization","name":"Abc-latina","url":"https:\/\/abc-latina.com\/","logo":{"@type":"ImageObject","inLanguage":"fr-FR","@id":"https:\/\/abc-latina.com\/#\/schema\/logo\/image\/","url":"https:\/\/abc-latina.com\/wp-content\/uploads\/2026\/05\/cropped-logo.gif","contentUrl":"https:\/\/abc-latina.com\/wp-content\/uploads\/2026\/05\/cropped-logo.gif","width":89,"height":84,"caption":"Abc-latina"},"image":{"@id":"https:\/\/abc-latina.com\/#\/schema\/logo\/image\/"}}]}},"_links":{"self":[{"href":"https:\/\/abc-latina.com\/wp-json\/wp\/v2\/pages\/2185","targetHints":{"allow":["GET"]}}],"collection":[{"href":"https:\/\/abc-latina.com\/wp-json\/wp\/v2\/pages"}],"about":[{"href":"https:\/\/abc-latina.com\/wp-json\/wp\/v2\/types\/page"}],"author":[{"embeddable":true,"href":"https:\/\/abc-latina.com\/wp-json\/wp\/v2\/users\/3"}],"replies":[{"embeddable":true,"href":"https:\/\/abc-latina.com\/wp-json\/wp\/v2\/comments?post=2185"}],"version-history":[{"count":0,"href":"https:\/\/abc-latina.com\/wp-json\/wp\/v2\/pages\/2185\/revisions"}],"wp:featuredmedia":[{"embeddable":true,"href":"https:\/\/abc-latina.com\/wp-json\/wp\/v2\/media\/2184"}],"wp:attachment":[{"href":"https:\/\/abc-latina.com\/wp-json\/wp\/v2\/media?parent=2185"}],"curies":[{"name":"wp","href":"https:\/\/api.w.org\/{rel}","templated":true}]}}