{"id":2188,"date":"2010-08-09T05:12:32","date_gmt":"2010-08-09T03:12:32","guid":{"rendered":"http:\/\/abc-latina.com\/manaus-htm\/"},"modified":"2018-06-06T18:59:26","modified_gmt":"2018-06-06T16:59:26","slug":"manaus","status":"publish","type":"page","link":"https:\/\/abc-latina.com\/manaus\/","title":{"rendered":"MANAUS"},"content":{"rendered":"<div><span class=\"tourisme-chapitre\"><img loading=\"lazy\" decoding=\"async\" class=\" alignright size-full wp-image-2187\" src=\"http:\/\/abc-latina.com\/wp-content\/uploads\/2010\/08\/manaus.jpg\" title=\"JOAO PESSOA\" alt=\"\" width=\"220\" vspace=\"9\" hspace=\"15\" height=\"220\" align=\"right\" srcset=\"https:\/\/abc-latina.com\/wp-content\/uploads\/2010\/08\/manaus.jpg 220w, https:\/\/abc-latina.com\/wp-content\/uploads\/2010\/08\/manaus-150x150.jpg 150w\" sizes=\"auto, (max-width: 220px) 100vw, 220px\" \/>Manaus <\/span>est une grande ville : 1.400.000 habitants, premi\u00e8re m\u00e9tropole du Nord puisqu&rsquo;elle a d\u00e9pass\u00e9 Bel\u00e9m do Par\u00e1 avec ses 1.280.000 (IBGE 2000)<\/div>\n<div>&nbsp;<\/div>\n<div>C&rsquo;est aussi un port o\u00f9 les plus grands bateaux de mer peuvent faire escale. Les quais sont flottants pour accompagner le niveau de l&rsquo;eau.<\/div>\n<div>&nbsp;<\/div>\n<div>Depuis quelques ann\u00e9es la municipalit\u00e9 fait de grands travaux d&rsquo;urbanisme qui font de Manaus une des plus agr\u00e9ables villes sous l&rsquo;\u00e9quateur. La volont\u00e9 actuelle de l&rsquo;\u00e9quipe municipale est de r\u00e9cup\u00e9rer le patrimoine historique du centre de la ville.<\/div>\n<div>&nbsp;<\/div>\n<div>Depuis 1997, Manaus poss\u00e8de un Orchestre Philharmonique de haut niveau, h\u00e9bergeant de nombreux musiciens de l&rsquo;ancienne &quot;Europe de l&rsquo;Est&quot;. Gr\u00e2ce \u00e0 cet orchestre permanent, le Th\u00e9\u00e2tre de Manaus a repris vie apr\u00e8s 80 ann\u00e9es de silence. Musique Symphonique, musique de chambre, Op\u00e9ras, Ballets et musique populaire l&rsquo;animent constamment.<\/div>\n<div>&nbsp;<\/div>\n<div>2004 a vu \u00e9galement le lancement du 1er Mondial du Film d&rsquo;aventure (festival cr\u00e9\u00e9 par Jean-Pierre Dutilleux et Lionel Chouchan).<\/div>\n<div>&nbsp;<\/div>\n<div>Manaus, c&rsquo;est aussi une ville industrielle, essentiellement dans le secteur de l&rsquo;\u00e9lectronique (t\u00e9l\u00e9phones portables, \u00e9crans plasma et t\u00e9l\u00e9viseurs, cam\u00e9scopes, radios, et autres composants \u00e9lectroniques), mais aussi verres \u00e0 lunettes (ESSILOR), sirop de Coca Cola et deux roues (HONDA).<\/div>\n<div>&nbsp;<\/div>\n<div>Manaus est la ville du Br\u00e9sil ayant connu la plus grande croissance \u00e9conomique et industrielle en 2004.<\/div>\n<div>&nbsp;<\/div>\n<div><a target=\"_blank\" href=\"..\/tour_operateur\"><img loading=\"lazy\" decoding=\"async\" class=\" size-full wp-image-41\" src=\"http:\/\/abc-latina.com\/wp-content\/uploads\/2010\/04\/timbre_to.gif\" class=\"touroperateur\" alt=\"\" width=\"125\" height=\"90\" \/><\/a>Depuis 1997, Manaus est reli\u00e9 par une route presque compl\u00e8tement asphalt\u00e9e, au <a target=\"_blank\" href=\"https:\/\/www.abc-latina.com\/venezuela\/\">Venezuela<\/a> et donc aux Cara\u00efbes. La fin des avantages de la &laquo; zone franche &raquo; pr\u00e9vue en 2012 oblige les autorit\u00e9s et les entrepreneurs \u00e0 conqu\u00e9rir un nouvel espace, ce qui se traduit par la conqu\u00eate de nouveaux march\u00e9s r\u00e9gionaux, l&rsquo;exportation, et par un effort de d\u00e9veloppement de son arri\u00e8re pays.<\/div>\n<div>&nbsp;<\/div>\n<div>L&rsquo;aviation r\u00e9gionale est en plein essor, mais la r\u00e9gion est encore tr\u00e8s fortement handicap\u00e9e par la tr\u00e8s faible densit\u00e9 humaine et l&rsquo;immensit\u00e9 des distances, les productions locales ne pouvant \u00eatre transport\u00e9es que par la voie fluviale et donc de fa\u00e7on peu comp\u00e9titive (\u00e0 cause des distances).<\/div>\n<div>Manaus est une ville peu violente pour le touriste, il faut toutefois toujours prendre ses pr\u00e9cautions.<\/div>\n<div>&nbsp;<\/div>\n<div>De nombreux vestiges de l&rsquo;\u00e9poque du caoutchouc font revivre la &quot;Belle \u00c8poque&quot;.<\/div>\n<div>&nbsp;<\/div>\n<div>Source: www.heliconia-amazon.com<\/div>\n<h3>Pr\u00e9parez votre voyage \u00e0 Manaus:<\/h3>\n<div><a href=\"https:\/\/www.abc-latina.com\/bresil\/agence_de_voyages\">Agences de voyage g\u00e9n\u00e9ralistes et discounteurs<\/a><\/div>\n<div><a href=\"https:\/\/www.abc-latina.com\/bresil\/tour_operateur\">Tours Op\u00e9rateurs sp\u00e9cialistes du Br\u00e9sil<\/a><\/div>\n<div><a target=\"_blank\" href=\"https:\/\/www.abc-latina.com\/to\/reservation_billet_avion\">R\u00e9servez votre billet d&rsquo;avion<\/a><\/div>\n<div><a target=\"_blank\" href=\"http:\/\/www.booking.com\/city\/br\/manausl?aid=364340\">R\u00e9servez votre h\u00f4tel \u00e0 Manaus<\/a>&nbsp;<\/div>\n<div><a target=\"_blank\" href=\"https:\/\/www.abc-latina.com\/to\/location_de_voiture_bresil\">Location de voiture<\/a><\/div>\n","protected":false},"excerpt":{"rendered":"<p>Manaus est une grande ville : 1.400.000 habitants, premi\u00e8re m\u00e9tropole du Nord puisqu&rsquo;elle a d\u00e9pass\u00e9 Bel\u00e9m do Par\u00e1 avec ses [&hellip;]<\/p>\n","protected":false},"author":3,"featured_media":2187,"parent":0,"menu_order":0,"comment_status":"closed","ping_status":"closed","template":"","meta":{"site-sidebar-layout":"default","site-content-layout":"","ast-site-content-layout":"default","site-content-style":"default","site-sidebar-style":"default","ast-global-header-display":"","ast-banner-title-visibility":"","ast-main-header-display":"","ast-hfb-above-header-display":"","ast-hfb-below-header-display":"","ast-hfb-mobile-header-display":"","site-post-title":"","ast-breadcrumbs-content":"","ast-featured-img":"","footer-sml-layout":"","ast-disable-related-posts":"","theme-transparent-header-meta":"","adv-header-id-meta":"","stick-header-meta":"","header-above-stick-meta":"","header-main-stick-meta":"","header-below-stick-meta":"","astra-migrate-meta-layouts":"default","ast-page-background-enabled":"default","ast-page-background-meta":{"desktop":{"background-color":"var(--ast-global-color-5)","background-image":"","background-repeat":"repeat","background-position":"center center","background-size":"auto","background-attachment":"scroll","background-type":"","background-media":"","overlay-type":"","overlay-color":"","overlay-opacity":"","overlay-gradient":""},"tablet":{"background-color":"","background-image":"","background-repeat":"repeat","background-position":"center center","background-size":"auto","background-attachment":"scroll","background-type":"","background-media":"","overlay-type":"","overlay-color":"","overlay-opacity":"","overlay-gradient":""},"mobile":{"background-color":"","background-image":"","background-repeat":"repeat","background-position":"center center","background-size":"auto","background-attachment":"scroll","background-type":"","background-media":"","overlay-type":"","overlay-color":"","overlay-opacity":"","overlay-gradient":""}},"ast-content-background-meta":{"desktop":{"background-color":"var(--ast-global-color-4)","background-image":"","background-repeat":"repeat","background-position":"center center","background-size":"auto","background-attachment":"scroll","background-type":"","background-media":"","overlay-type":"","overlay-color":"","overlay-opacity":"","overlay-gradient":""},"tablet":{"background-color":"var(--ast-global-color-4)","background-image":"","background-repeat":"repeat","background-position":"center center","background-size":"auto","background-attachment":"scroll","background-type":"","background-media":"","overlay-type":"","overlay-color":"","overlay-opacity":"","overlay-gradient":""},"mobile":{"background-color":"var(--ast-global-color-4)","background-image":"","background-repeat":"repeat","background-position":"center center","background-size":"auto","background-attachment":"scroll","background-type":"","background-media":"","overlay-type":"","overlay-color":"","overlay-opacity":"","overlay-gradient":""}},"footnotes":""},"class_list":["post-2188","page","type-page","status-publish","has-post-thumbnail","hentry"],"yoast_head":"<!-- This site is optimized with the Yoast SEO plugin v27.5 - https:\/\/yoast.com\/product\/yoast-seo-wordpress\/ -->\n<title>MANAUS - Abc-latina<\/title>\n<meta name=\"description\" content=\"Manaus.\" \/>\n<meta name=\"robots\" content=\"index, follow, max-snippet:-1, max-image-preview:large, max-video-preview:-1\" \/>\n<link rel=\"canonical\" href=\"https:\/\/abc-latina.com\/manaus\/\" \/>\n<meta property=\"og:locale\" content=\"fr_FR\" \/>\n<meta property=\"og:type\" content=\"article\" \/>\n<meta property=\"og:title\" content=\"MANAUS - Abc-latina\" \/>\n<meta property=\"og:description\" content=\"Manaus.\" \/>\n<meta property=\"og:url\" content=\"https:\/\/abc-latina.com\/manaus\/\" \/>\n<meta property=\"og:site_name\" content=\"Abc-latina\" \/>\n<meta property=\"article:modified_time\" content=\"2018-06-06T16:59:26+00:00\" \/>\n<meta property=\"og:image\" content=\"https:\/\/abc-latina.com\/wp-content\/uploads\/2010\/08\/manaus.jpg\" \/>\n\t<meta property=\"og:image:width\" content=\"220\" \/>\n\t<meta property=\"og:image:height\" content=\"220\" \/>\n\t<meta property=\"og:image:type\" content=\"image\/jpeg\" \/>\n<meta name=\"twitter:card\" content=\"summary_large_image\" \/>\n<meta name=\"twitter:label1\" content=\"Dur\u00e9e de lecture estim\u00e9e\" \/>\n\t<meta name=\"twitter:data1\" content=\"2 minutes\" \/>\n<script type=\"application\/ld+json\" class=\"yoast-schema-graph\">{\"@context\":\"https:\\\/\\\/schema.org\",\"@graph\":[{\"@type\":\"WebPage\",\"@id\":\"https:\\\/\\\/abc-latina.com\\\/manaus\\\/\",\"url\":\"https:\\\/\\\/abc-latina.com\\\/manaus\\\/\",\"name\":\"MANAUS - Abc-latina\",\"isPartOf\":{\"@id\":\"https:\\\/\\\/abc-latina.com\\\/#website\"},\"primaryImageOfPage\":{\"@id\":\"https:\\\/\\\/abc-latina.com\\\/manaus\\\/#primaryimage\"},\"image\":{\"@id\":\"https:\\\/\\\/abc-latina.com\\\/manaus\\\/#primaryimage\"},\"thumbnailUrl\":\"https:\\\/\\\/abc-latina.com\\\/wp-content\\\/uploads\\\/2010\\\/08\\\/manaus.jpg\",\"datePublished\":\"2010-08-09T03:12:32+00:00\",\"dateModified\":\"2018-06-06T16:59:26+00:00\",\"description\":\"Manaus.\",\"breadcrumb\":{\"@id\":\"https:\\\/\\\/abc-latina.com\\\/manaus\\\/#breadcrumb\"},\"inLanguage\":\"fr-FR\",\"potentialAction\":[{\"@type\":\"ReadAction\",\"target\":[\"https:\\\/\\\/abc-latina.com\\\/manaus\\\/\"]}]},{\"@type\":\"ImageObject\",\"inLanguage\":\"fr-FR\",\"@id\":\"https:\\\/\\\/abc-latina.com\\\/manaus\\\/#primaryimage\",\"url\":\"https:\\\/\\\/abc-latina.com\\\/wp-content\\\/uploads\\\/2010\\\/08\\\/manaus.jpg\",\"contentUrl\":\"https:\\\/\\\/abc-latina.com\\\/wp-content\\\/uploads\\\/2010\\\/08\\\/manaus.jpg\",\"width\":220,\"height\":220,\"caption\":\"JOAO PESSOA\"},{\"@type\":\"BreadcrumbList\",\"@id\":\"https:\\\/\\\/abc-latina.com\\\/manaus\\\/#breadcrumb\",\"itemListElement\":[{\"@type\":\"ListItem\",\"position\":1,\"name\":\"Accueil\",\"item\":\"https:\\\/\\\/abc-latina.com\\\/\"},{\"@type\":\"ListItem\",\"position\":2,\"name\":\"MANAUS\"}]},{\"@type\":\"WebSite\",\"@id\":\"https:\\\/\\\/abc-latina.com\\\/#website\",\"url\":\"https:\\\/\\\/abc-latina.com\\\/\",\"name\":\"Abc-latina\",\"description\":\"\",\"publisher\":{\"@id\":\"https:\\\/\\\/abc-latina.com\\\/#organization\"},\"potentialAction\":[{\"@type\":\"SearchAction\",\"target\":{\"@type\":\"EntryPoint\",\"urlTemplate\":\"https:\\\/\\\/abc-latina.com\\\/?s={search_term_string}\"},\"query-input\":{\"@type\":\"PropertyValueSpecification\",\"valueRequired\":true,\"valueName\":\"search_term_string\"}}],\"inLanguage\":\"fr-FR\"},{\"@type\":\"Organization\",\"@id\":\"https:\\\/\\\/abc-latina.com\\\/#organization\",\"name\":\"Abc-latina\",\"url\":\"https:\\\/\\\/abc-latina.com\\\/\",\"logo\":{\"@type\":\"ImageObject\",\"inLanguage\":\"fr-FR\",\"@id\":\"https:\\\/\\\/abc-latina.com\\\/#\\\/schema\\\/logo\\\/image\\\/\",\"url\":\"https:\\\/\\\/abc-latina.com\\\/wp-content\\\/uploads\\\/2026\\\/05\\\/cropped-logo.gif\",\"contentUrl\":\"https:\\\/\\\/abc-latina.com\\\/wp-content\\\/uploads\\\/2026\\\/05\\\/cropped-logo.gif\",\"width\":89,\"height\":84,\"caption\":\"Abc-latina\"},\"image\":{\"@id\":\"https:\\\/\\\/abc-latina.com\\\/#\\\/schema\\\/logo\\\/image\\\/\"}}]}<\/script>\n<!-- \/ Yoast SEO plugin. -->","yoast_head_json":{"title":"MANAUS - Abc-latina","description":"Manaus.","robots":{"index":"index","follow":"follow","max-snippet":"max-snippet:-1","max-image-preview":"max-image-preview:large","max-video-preview":"max-video-preview:-1"},"canonical":"https:\/\/abc-latina.com\/manaus\/","og_locale":"fr_FR","og_type":"article","og_title":"MANAUS - Abc-latina","og_description":"Manaus.","og_url":"https:\/\/abc-latina.com\/manaus\/","og_site_name":"Abc-latina","article_modified_time":"2018-06-06T16:59:26+00:00","og_image":[{"width":220,"height":220,"url":"https:\/\/abc-latina.com\/wp-content\/uploads\/2010\/08\/manaus.jpg","type":"image\/jpeg"}],"twitter_card":"summary_large_image","twitter_misc":{"Dur\u00e9e de lecture estim\u00e9e":"2 minutes"},"schema":{"@context":"https:\/\/schema.org","@graph":[{"@type":"WebPage","@id":"https:\/\/abc-latina.com\/manaus\/","url":"https:\/\/abc-latina.com\/manaus\/","name":"MANAUS - Abc-latina","isPartOf":{"@id":"https:\/\/abc-latina.com\/#website"},"primaryImageOfPage":{"@id":"https:\/\/abc-latina.com\/manaus\/#primaryimage"},"image":{"@id":"https:\/\/abc-latina.com\/manaus\/#primaryimage"},"thumbnailUrl":"https:\/\/abc-latina.com\/wp-content\/uploads\/2010\/08\/manaus.jpg","datePublished":"2010-08-09T03:12:32+00:00","dateModified":"2018-06-06T16:59:26+00:00","description":"Manaus.","breadcrumb":{"@id":"https:\/\/abc-latina.com\/manaus\/#breadcrumb"},"inLanguage":"fr-FR","potentialAction":[{"@type":"ReadAction","target":["https:\/\/abc-latina.com\/manaus\/"]}]},{"@type":"ImageObject","inLanguage":"fr-FR","@id":"https:\/\/abc-latina.com\/manaus\/#primaryimage","url":"https:\/\/abc-latina.com\/wp-content\/uploads\/2010\/08\/manaus.jpg","contentUrl":"https:\/\/abc-latina.com\/wp-content\/uploads\/2010\/08\/manaus.jpg","width":220,"height":220,"caption":"JOAO PESSOA"},{"@type":"BreadcrumbList","@id":"https:\/\/abc-latina.com\/manaus\/#breadcrumb","itemListElement":[{"@type":"ListItem","position":1,"name":"Accueil","item":"https:\/\/abc-latina.com\/"},{"@type":"ListItem","position":2,"name":"MANAUS"}]},{"@type":"WebSite","@id":"https:\/\/abc-latina.com\/#website","url":"https:\/\/abc-latina.com\/","name":"Abc-latina","description":"","publisher":{"@id":"https:\/\/abc-latina.com\/#organization"},"potentialAction":[{"@type":"SearchAction","target":{"@type":"EntryPoint","urlTemplate":"https:\/\/abc-latina.com\/?s={search_term_string}"},"query-input":{"@type":"PropertyValueSpecification","valueRequired":true,"valueName":"search_term_string"}}],"inLanguage":"fr-FR"},{"@type":"Organization","@id":"https:\/\/abc-latina.com\/#organization","name":"Abc-latina","url":"https:\/\/abc-latina.com\/","logo":{"@type":"ImageObject","inLanguage":"fr-FR","@id":"https:\/\/abc-latina.com\/#\/schema\/logo\/image\/","url":"https:\/\/abc-latina.com\/wp-content\/uploads\/2026\/05\/cropped-logo.gif","contentUrl":"https:\/\/abc-latina.com\/wp-content\/uploads\/2026\/05\/cropped-logo.gif","width":89,"height":84,"caption":"Abc-latina"},"image":{"@id":"https:\/\/abc-latina.com\/#\/schema\/logo\/image\/"}}]}},"_links":{"self":[{"href":"https:\/\/abc-latina.com\/wp-json\/wp\/v2\/pages\/2188","targetHints":{"allow":["GET"]}}],"collection":[{"href":"https:\/\/abc-latina.com\/wp-json\/wp\/v2\/pages"}],"about":[{"href":"https:\/\/abc-latina.com\/wp-json\/wp\/v2\/types\/page"}],"author":[{"embeddable":true,"href":"https:\/\/abc-latina.com\/wp-json\/wp\/v2\/users\/3"}],"replies":[{"embeddable":true,"href":"https:\/\/abc-latina.com\/wp-json\/wp\/v2\/comments?post=2188"}],"version-history":[{"count":0,"href":"https:\/\/abc-latina.com\/wp-json\/wp\/v2\/pages\/2188\/revisions"}],"wp:featuredmedia":[{"embeddable":true,"href":"https:\/\/abc-latina.com\/wp-json\/wp\/v2\/media\/2187"}],"wp:attachment":[{"href":"https:\/\/abc-latina.com\/wp-json\/wp\/v2\/media?parent=2188"}],"curies":[{"name":"wp","href":"https:\/\/api.w.org\/{rel}","templated":true}]}}