{"id":2189,"date":"2010-08-09T05:14:53","date_gmt":"2010-08-09T03:14:53","guid":{"rendered":"http:\/\/abc-latina.com\/olinda-htm\/"},"modified":"2018-06-06T18:56:28","modified_gmt":"2018-06-06T16:56:28","slug":"olinda","status":"publish","type":"page","link":"https:\/\/abc-latina.com\/olinda\/","title":{"rendered":"OLINDA"},"content":{"rendered":"<div>\n<div><span class=\"tourisme-chapitre\"><img loading=\"lazy\" decoding=\"async\" class=\" size-full wp-image-537\" src=\"http:\/\/abc-latina.com\/wp-content\/uploads\/2010\/06\/olinda_3.jpg\" title=\"VOYAGE \u00e0 OLINDA\" alt=\"\" width=\"480\" height=\"296\" srcset=\"https:\/\/abc-latina.com\/wp-content\/uploads\/2010\/06\/olinda_3.jpg 500w, https:\/\/abc-latina.com\/wp-content\/uploads\/2010\/06\/olinda_3-300x185.jpg 300w\" sizes=\"auto, (max-width: 480px) 100vw, 480px\" \/><\/span><\/div>\n<div>&nbsp;<\/div>\n<div><span class=\"tourisme-chapitre\">Olinda<\/span> fut le si\u00e8ge de grands ordres religieux au XVl \u00e9me si\u00e8cle (carmes, franciscains et b\u00e9n\u00e9dictins), la ville \u00e9tait fort bien dot\u00e9e en couvents et \u00e9glises. Ce premier patrimoine culturel fut annihil\u00e9 en 1631 par les hollandais. Devenue le si\u00e8ge de l&rsquo;archev\u00each\u00e9, la ville recouvra sa pr\u00e9pond\u00e9rance religieuse.<\/div>\n<div>De cette \u00e9poque-l\u00e0, de nombreuses choses ont \u00e9t\u00e9 sauvegard\u00e9es: une partie du trac\u00e9 urbain original du village, ancestrales \u00e9glises baroques et le casario, qui constituent un important ensemble architectonique.<\/div>\n<div>Son patrimoine est dor\u00e9navant plac\u00e9 sous le contr\u00f4le de l&rsquo;Unesco.<\/div>\n<div>L&rsquo;ancienne ville se visite \u00e0 pied, une bonne demi-journ\u00e9e est n\u00e9cessaire pour la visiter.<\/div>\n<\/div>\n<p><a href=\"..\/tour_operateur\" target=\"_blank\" style=\"text-decoration: none;\"><img loading=\"lazy\" decoding=\"async\" class=\" size-full wp-image-41\" alt=\"\" class=\"touroperateur\" src=\"http:\/\/abc-latina.com\/wp-content\/uploads\/2010\/04\/timbre_to.gif\" width=\"125\" height=\"90\" \/><\/a><\/p>\n<h3>Pr\u00e9parez votre voyage \u00e0 Olinda:<\/h3>\n<div><a href=\"https:\/\/www.abc-latina.com\/bresil\/agence_de_voyages\">Agences de voyage g\u00e9n\u00e9ralistes et discounteurs<\/a><\/div>\n<div><a href=\"https:\/\/www.abc-latina.com\/bresil\/tour_operateur\">Tours Op\u00e9rateurs sp\u00e9cialistes du Br\u00e9sil<\/a><\/div>\n<div><a href=\"https:\/\/www.abc-latina.com\/to\/reservation_billet_avion\" target=\"_blank\">R\u00e9servez votre billet d&rsquo;avion<\/a><\/div>\n<div><a href=\"http:\/\/www.booking.com\/city\/br\/olindal?aid=364340\" target=\"_blank\">R\u00e9servez votre h\u00f4tel \u00e0 Olinda<\/a>&nbsp;<\/div>\n<div><a href=\"https:\/\/www.abc-latina.com\/to\/location_de_voiture_bresil\" target=\"_blank\">Location de voiture<\/a><\/div>\n","protected":false},"excerpt":{"rendered":"<p>&nbsp; Olinda fut le si\u00e8ge de grands ordres religieux au XVl \u00e9me si\u00e8cle (carmes, franciscains et b\u00e9n\u00e9dictins), la ville \u00e9tait [&hellip;]<\/p>\n","protected":false},"author":3,"featured_media":537,"parent":0,"menu_order":0,"comment_status":"closed","ping_status":"closed","template":"","meta":{"site-sidebar-layout":"default","site-content-layout":"","ast-site-content-layout":"default","site-content-style":"default","site-sidebar-style":"default","ast-global-header-display":"","ast-banner-title-visibility":"","ast-main-header-display":"","ast-hfb-above-header-display":"","ast-hfb-below-header-display":"","ast-hfb-mobile-header-display":"","site-post-title":"","ast-breadcrumbs-content":"","ast-featured-img":"","footer-sml-layout":"","ast-disable-related-posts":"","theme-transparent-header-meta":"","adv-header-id-meta":"","stick-header-meta":"","header-above-stick-meta":"","header-main-stick-meta":"","header-below-stick-meta":"","astra-migrate-meta-layouts":"default","ast-page-background-enabled":"default","ast-page-background-meta":{"desktop":{"background-color":"var(--ast-global-color-5)","background-image":"","background-repeat":"repeat","background-position":"center center","background-size":"auto","background-attachment":"scroll","background-type":"","background-media":"","overlay-type":"","overlay-color":"","overlay-opacity":"","overlay-gradient":""},"tablet":{"background-color":"","background-image":"","background-repeat":"repeat","background-position":"center center","background-size":"auto","background-attachment":"scroll","background-type":"","background-media":"","overlay-type":"","overlay-color":"","overlay-opacity":"","overlay-gradient":""},"mobile":{"background-color":"","background-image":"","background-repeat":"repeat","background-position":"center center","background-size":"auto","background-attachment":"scroll","background-type":"","background-media":"","overlay-type":"","overlay-color":"","overlay-opacity":"","overlay-gradient":""}},"ast-content-background-meta":{"desktop":{"background-color":"var(--ast-global-color-4)","background-image":"","background-repeat":"repeat","background-position":"center center","background-size":"auto","background-attachment":"scroll","background-type":"","background-media":"","overlay-type":"","overlay-color":"","overlay-opacity":"","overlay-gradient":""},"tablet":{"background-color":"var(--ast-global-color-4)","background-image":"","background-repeat":"repeat","background-position":"center center","background-size":"auto","background-attachment":"scroll","background-type":"","background-media":"","overlay-type":"","overlay-color":"","overlay-opacity":"","overlay-gradient":""},"mobile":{"background-color":"var(--ast-global-color-4)","background-image":"","background-repeat":"repeat","background-position":"center center","background-size":"auto","background-attachment":"scroll","background-type":"","background-media":"","overlay-type":"","overlay-color":"","overlay-opacity":"","overlay-gradient":""}},"footnotes":""},"class_list":["post-2189","page","type-page","status-publish","has-post-thumbnail","hentry"],"yoast_head":"<!-- This site is optimized with the Yoast SEO plugin v27.5 - https:\/\/yoast.com\/product\/yoast-seo-wordpress\/ -->\n<title>OLINDA - Abc-latina<\/title>\n<meta name=\"description\" content=\"La ville de Olinda au Bresil.\" \/>\n<meta name=\"robots\" content=\"index, follow, max-snippet:-1, max-image-preview:large, max-video-preview:-1\" \/>\n<link rel=\"canonical\" href=\"https:\/\/abc-latina.com\/olinda\/\" \/>\n<meta property=\"og:locale\" content=\"fr_FR\" \/>\n<meta property=\"og:type\" content=\"article\" \/>\n<meta property=\"og:title\" content=\"OLINDA - Abc-latina\" \/>\n<meta property=\"og:description\" content=\"La ville de Olinda au Bresil.\" \/>\n<meta property=\"og:url\" content=\"https:\/\/abc-latina.com\/olinda\/\" \/>\n<meta property=\"og:site_name\" content=\"Abc-latina\" \/>\n<meta property=\"article:modified_time\" content=\"2018-06-06T16:56:28+00:00\" \/>\n<meta property=\"og:image\" content=\"https:\/\/abc-latina.com\/wp-content\/uploads\/2010\/06\/olinda_3.jpg\" \/>\n\t<meta property=\"og:image:width\" content=\"500\" \/>\n\t<meta property=\"og:image:height\" content=\"308\" \/>\n\t<meta property=\"og:image:type\" content=\"image\/jpeg\" \/>\n<meta name=\"twitter:card\" content=\"summary_large_image\" \/>\n<meta name=\"twitter:label1\" content=\"Dur\u00e9e de lecture estim\u00e9e\" \/>\n\t<meta name=\"twitter:data1\" content=\"1 minute\" \/>\n<script type=\"application\/ld+json\" class=\"yoast-schema-graph\">{\"@context\":\"https:\\\/\\\/schema.org\",\"@graph\":[{\"@type\":\"WebPage\",\"@id\":\"https:\\\/\\\/abc-latina.com\\\/olinda\\\/\",\"url\":\"https:\\\/\\\/abc-latina.com\\\/olinda\\\/\",\"name\":\"OLINDA - Abc-latina\",\"isPartOf\":{\"@id\":\"https:\\\/\\\/abc-latina.com\\\/#website\"},\"primaryImageOfPage\":{\"@id\":\"https:\\\/\\\/abc-latina.com\\\/olinda\\\/#primaryimage\"},\"image\":{\"@id\":\"https:\\\/\\\/abc-latina.com\\\/olinda\\\/#primaryimage\"},\"thumbnailUrl\":\"https:\\\/\\\/abc-latina.com\\\/wp-content\\\/uploads\\\/2010\\\/06\\\/olinda_3.jpg\",\"datePublished\":\"2010-08-09T03:14:53+00:00\",\"dateModified\":\"2018-06-06T16:56:28+00:00\",\"description\":\"La ville de Olinda au Bresil.\",\"breadcrumb\":{\"@id\":\"https:\\\/\\\/abc-latina.com\\\/olinda\\\/#breadcrumb\"},\"inLanguage\":\"fr-FR\",\"potentialAction\":[{\"@type\":\"ReadAction\",\"target\":[\"https:\\\/\\\/abc-latina.com\\\/olinda\\\/\"]}]},{\"@type\":\"ImageObject\",\"inLanguage\":\"fr-FR\",\"@id\":\"https:\\\/\\\/abc-latina.com\\\/olinda\\\/#primaryimage\",\"url\":\"https:\\\/\\\/abc-latina.com\\\/wp-content\\\/uploads\\\/2010\\\/06\\\/olinda_3.jpg\",\"contentUrl\":\"https:\\\/\\\/abc-latina.com\\\/wp-content\\\/uploads\\\/2010\\\/06\\\/olinda_3.jpg\",\"width\":500,\"height\":308,\"caption\":\"OLINDA\"},{\"@type\":\"BreadcrumbList\",\"@id\":\"https:\\\/\\\/abc-latina.com\\\/olinda\\\/#breadcrumb\",\"itemListElement\":[{\"@type\":\"ListItem\",\"position\":1,\"name\":\"Accueil\",\"item\":\"https:\\\/\\\/abc-latina.com\\\/\"},{\"@type\":\"ListItem\",\"position\":2,\"name\":\"OLINDA\"}]},{\"@type\":\"WebSite\",\"@id\":\"https:\\\/\\\/abc-latina.com\\\/#website\",\"url\":\"https:\\\/\\\/abc-latina.com\\\/\",\"name\":\"Abc-latina\",\"description\":\"\",\"publisher\":{\"@id\":\"https:\\\/\\\/abc-latina.com\\\/#organization\"},\"potentialAction\":[{\"@type\":\"SearchAction\",\"target\":{\"@type\":\"EntryPoint\",\"urlTemplate\":\"https:\\\/\\\/abc-latina.com\\\/?s={search_term_string}\"},\"query-input\":{\"@type\":\"PropertyValueSpecification\",\"valueRequired\":true,\"valueName\":\"search_term_string\"}}],\"inLanguage\":\"fr-FR\"},{\"@type\":\"Organization\",\"@id\":\"https:\\\/\\\/abc-latina.com\\\/#organization\",\"name\":\"Abc-latina\",\"url\":\"https:\\\/\\\/abc-latina.com\\\/\",\"logo\":{\"@type\":\"ImageObject\",\"inLanguage\":\"fr-FR\",\"@id\":\"https:\\\/\\\/abc-latina.com\\\/#\\\/schema\\\/logo\\\/image\\\/\",\"url\":\"https:\\\/\\\/abc-latina.com\\\/wp-content\\\/uploads\\\/2026\\\/05\\\/cropped-logo.gif\",\"contentUrl\":\"https:\\\/\\\/abc-latina.com\\\/wp-content\\\/uploads\\\/2026\\\/05\\\/cropped-logo.gif\",\"width\":89,\"height\":84,\"caption\":\"Abc-latina\"},\"image\":{\"@id\":\"https:\\\/\\\/abc-latina.com\\\/#\\\/schema\\\/logo\\\/image\\\/\"}}]}<\/script>\n<!-- \/ Yoast SEO plugin. -->","yoast_head_json":{"title":"OLINDA - Abc-latina","description":"La ville de Olinda au Bresil.","robots":{"index":"index","follow":"follow","max-snippet":"max-snippet:-1","max-image-preview":"max-image-preview:large","max-video-preview":"max-video-preview:-1"},"canonical":"https:\/\/abc-latina.com\/olinda\/","og_locale":"fr_FR","og_type":"article","og_title":"OLINDA - Abc-latina","og_description":"La ville de Olinda au Bresil.","og_url":"https:\/\/abc-latina.com\/olinda\/","og_site_name":"Abc-latina","article_modified_time":"2018-06-06T16:56:28+00:00","og_image":[{"width":500,"height":308,"url":"https:\/\/abc-latina.com\/wp-content\/uploads\/2010\/06\/olinda_3.jpg","type":"image\/jpeg"}],"twitter_card":"summary_large_image","twitter_misc":{"Dur\u00e9e de lecture estim\u00e9e":"1 minute"},"schema":{"@context":"https:\/\/schema.org","@graph":[{"@type":"WebPage","@id":"https:\/\/abc-latina.com\/olinda\/","url":"https:\/\/abc-latina.com\/olinda\/","name":"OLINDA - Abc-latina","isPartOf":{"@id":"https:\/\/abc-latina.com\/#website"},"primaryImageOfPage":{"@id":"https:\/\/abc-latina.com\/olinda\/#primaryimage"},"image":{"@id":"https:\/\/abc-latina.com\/olinda\/#primaryimage"},"thumbnailUrl":"https:\/\/abc-latina.com\/wp-content\/uploads\/2010\/06\/olinda_3.jpg","datePublished":"2010-08-09T03:14:53+00:00","dateModified":"2018-06-06T16:56:28+00:00","description":"La ville de Olinda au Bresil.","breadcrumb":{"@id":"https:\/\/abc-latina.com\/olinda\/#breadcrumb"},"inLanguage":"fr-FR","potentialAction":[{"@type":"ReadAction","target":["https:\/\/abc-latina.com\/olinda\/"]}]},{"@type":"ImageObject","inLanguage":"fr-FR","@id":"https:\/\/abc-latina.com\/olinda\/#primaryimage","url":"https:\/\/abc-latina.com\/wp-content\/uploads\/2010\/06\/olinda_3.jpg","contentUrl":"https:\/\/abc-latina.com\/wp-content\/uploads\/2010\/06\/olinda_3.jpg","width":500,"height":308,"caption":"OLINDA"},{"@type":"BreadcrumbList","@id":"https:\/\/abc-latina.com\/olinda\/#breadcrumb","itemListElement":[{"@type":"ListItem","position":1,"name":"Accueil","item":"https:\/\/abc-latina.com\/"},{"@type":"ListItem","position":2,"name":"OLINDA"}]},{"@type":"WebSite","@id":"https:\/\/abc-latina.com\/#website","url":"https:\/\/abc-latina.com\/","name":"Abc-latina","description":"","publisher":{"@id":"https:\/\/abc-latina.com\/#organization"},"potentialAction":[{"@type":"SearchAction","target":{"@type":"EntryPoint","urlTemplate":"https:\/\/abc-latina.com\/?s={search_term_string}"},"query-input":{"@type":"PropertyValueSpecification","valueRequired":true,"valueName":"search_term_string"}}],"inLanguage":"fr-FR"},{"@type":"Organization","@id":"https:\/\/abc-latina.com\/#organization","name":"Abc-latina","url":"https:\/\/abc-latina.com\/","logo":{"@type":"ImageObject","inLanguage":"fr-FR","@id":"https:\/\/abc-latina.com\/#\/schema\/logo\/image\/","url":"https:\/\/abc-latina.com\/wp-content\/uploads\/2026\/05\/cropped-logo.gif","contentUrl":"https:\/\/abc-latina.com\/wp-content\/uploads\/2026\/05\/cropped-logo.gif","width":89,"height":84,"caption":"Abc-latina"},"image":{"@id":"https:\/\/abc-latina.com\/#\/schema\/logo\/image\/"}}]}},"_links":{"self":[{"href":"https:\/\/abc-latina.com\/wp-json\/wp\/v2\/pages\/2189","targetHints":{"allow":["GET"]}}],"collection":[{"href":"https:\/\/abc-latina.com\/wp-json\/wp\/v2\/pages"}],"about":[{"href":"https:\/\/abc-latina.com\/wp-json\/wp\/v2\/types\/page"}],"author":[{"embeddable":true,"href":"https:\/\/abc-latina.com\/wp-json\/wp\/v2\/users\/3"}],"replies":[{"embeddable":true,"href":"https:\/\/abc-latina.com\/wp-json\/wp\/v2\/comments?post=2189"}],"version-history":[{"count":0,"href":"https:\/\/abc-latina.com\/wp-json\/wp\/v2\/pages\/2189\/revisions"}],"wp:featuredmedia":[{"embeddable":true,"href":"https:\/\/abc-latina.com\/wp-json\/wp\/v2\/media\/537"}],"wp:attachment":[{"href":"https:\/\/abc-latina.com\/wp-json\/wp\/v2\/media?parent=2189"}],"curies":[{"name":"wp","href":"https:\/\/api.w.org\/{rel}","templated":true}]}}