{"id":2193,"date":"2010-08-09T05:18:25","date_gmt":"2010-08-09T03:18:25","guid":{"rendered":"http:\/\/abc-latina.com\/pantanal-htm\/"},"modified":"2018-06-06T18:55:19","modified_gmt":"2018-06-06T16:55:19","slug":"pantanal","status":"publish","type":"page","link":"https:\/\/abc-latina.com\/pantanal\/","title":{"rendered":"Le PANTANAL"},"content":{"rendered":"<div><span class=\"tourisme-chapitre\">PANTANAL Norte<\/span><\/div>\n<div>&nbsp;<\/div>\n<div><img loading=\"lazy\" decoding=\"async\" class=\" alignright size-full wp-image-2192\" src=\"http:\/\/abc-latina.com\/wp-content\/uploads\/2010\/08\/pantanal.jpg\" title=\"PANTANAL\" alt=\"\" width=\"220\" vspace=\"9\" hspace=\"15\" height=\"220\" align=\"right\" srcset=\"https:\/\/abc-latina.com\/wp-content\/uploads\/2010\/08\/pantanal.jpg 220w, https:\/\/abc-latina.com\/wp-content\/uploads\/2010\/08\/pantanal-150x150.jpg 150w\" sizes=\"auto, (max-width: 220px) 100vw, 220px\" \/>Le Pantanal est un paradis \u00e9cologique au coeur du Br\u00e9sil. C&acute;est la plus grande plaine inond\u00e9e de la plan\u00e8te et la troisi\u00e8me r\u00e9serve de l&acute;environnement du monde. Son importance \u00e9cologique est immense, car il abrite un des plus riches \u00e9cosyst\u00e8mes d\u00e9j\u00e0 rencontr\u00e9s jusqu&rsquo;\u00e0 pr\u00e9sent, avec des for\u00eats saisonni\u00e8res p\u00e9riodiquement inond\u00e9es. Il pr\u00e9sente la plus grande concentration de faune du tropique, y compris de nombreuses esp\u00e8ces menac\u00e9es d&acute;extinction &ndash; entre mammif\u00e8res, reptiles et poissons -, en plus de servir comme habitat pour une \u00e9norme quantit\u00e9 d&acute;oiseaux, aussi bien natifs que provenant d&acute;autres r\u00e9gions des Am\u00e9riques.<\/div>\n<div>&nbsp;<\/div>\n<div>L&acute;abondance des animaux fait de la r\u00e9gion du Pantanal un des endroits les plus propices pour l&acute;observation de la flore, de la faune et pour la pratique de la p\u00eache &ndash; permise seulement entre mars et octobre. L&acute;aire totale est de 230 mille kilom\u00e8tres carr\u00e9s, comprenant 12 municipes des \u00e9tats de Mato Grosso et de Mato Grosso du Sud. Au nord, il y a les collines des Paracis, d&acute;Azul et du Roncador. \u00c0 l&acute;est, les collines de Maracaju. Au sud, les collines de Bodoquena. \u00c0 l&acute;ouest, les mares paraguayenne et bolivienne. Le Pantanal de Mato Grosso est tellement vari\u00e9 qu&acute;il a \u00e9t\u00e9 divis\u00e9 par les chercheurs en sous &ndash;r\u00e9gions . Chaque &ldquo;Pantanal&rdquo; &ndash; Nord et Sud &ndash; poss\u00e8de des caract\u00e9ristiques propres naturelles et en cons\u00e9quence, des activit\u00e9s et des \u00e9poques id\u00e9ales pour \u00eatre visit\u00e9.<\/div>\n<div>&nbsp;<\/div>\n<div>Le parc National du Pantanal a \u00e9t\u00e9 cr\u00e9\u00e9 en 1981, mais seulement en 1983 il a \u00e9t\u00e9 reconnu comme aire de pr\u00e9servation de l&acute;environnement &ndash;APA. Son portail d&acute;entr\u00e9e se trouve dans le municipe de Pocon\u00e9, qui se trouve \u00e0 102 km de la capitale de l&acute; \u00c9tat du Mato Grosso, Cuiab\u00e1.<\/div>\n<div>&nbsp;<\/div>\n<div>Il a \u00e9t\u00e9 reconnu comme r\u00e9serve de la biosph\u00e8re mondiale par l&acute;UNESCO &ndash; Organisation des Nations Unies pour l&acute;\u00e9ducation, la science et la culture. Ce titre a fait augmenter l&acute;appui venant du gouvernement et de la soci\u00e9t\u00e9 pour la conservation des richesses et l&acute;implantation d&acute;une politique de d\u00e9veloppement durable dans la r\u00e9gion. Le si\u00e8ge de la r\u00e9serve se trouve sur un plateau &ndash; a sauf des inondations &ndash; et compte un centre de visiteurs et de bateaux.<\/div>\n<div>&nbsp;<\/div>\n<div>Pour conna\u00eetre le parc National du Pantanal, il faut y aller en bateau, partant de Port Jofre, accompagn\u00e9 d&acute;un guide et d&acute;une autorisation pr\u00e9alable de l&acute;Ibama &ndash; Institut br\u00e9silien de l&acute;environnement et des ressources naturelles renouvelables .Ceci fait que la promenade soit un peu plus ch\u00e9re mais il est toujours possible de marchander. Il est indispensable d&acute;utiliser un insectifuge, un protecteur solaire, un chapeau ou une casquette, des v\u00eatements l\u00e9gers et des bottes imperm\u00e9ables. Comme il n&acute;y a pas de structure dans le parc, on conseille d&acute;emporter de la nourriture l\u00e9g\u00e8re, des fruits et de l&acute;eau pour l&acute;excursion.<\/div>\n<div>&nbsp;<\/div>\n<div>Il n&acute;y a pas de logement disponible dans le parc, donc il faut y aller et en revenir le m\u00eame jour. Il est interdit d&acute;y faire de la marche ou de la randonn\u00e9e. P\u00eache &ndash; m\u00eame sportive -, et chasse sont rigoureusement interdites ente les mois de novembre et de f\u00e9vrier, ainsi que la focalisation nocturne de ca\u00efmans \u00e0 son compte.<\/div>\n<div>&nbsp;<\/div>\n<div>La meilleure \u00e9poque pour le visiter est de mai \u00e0 septembre, quand il pleut moins. Aux mois de mars \u00e0 avril, quand les eaux commencent \u00e0 baisser, l&acute;observation de la faune est meilleure. \u00c0 la saison des pluies, entre octobre et f\u00e9vrier, la quantit\u00e9 de moustiques est grande, la chaleur intense, et la route Transpantaneira devient pratiquement impraticable.<\/div>\n<div>&nbsp;<\/div>\n<div><span class=\"tourisme-chapitre\">PANTANAL Sul<\/span><\/div>\n<div>&nbsp;<\/div>\n<div>Dans toute la r\u00e9gion, il y a toujours beaucoup de choses \u00e0 voir et \u00e0 appr\u00e9cier. Au Pantanal Sud, la vedette est la route Parc du Pantanal. Ce sont 117 km en route de terre et 87 ponts en bois &ndash; beaucoup d&acute;entre eux en \u00e9tat pr\u00e9caire &ndash; qui relient Corumba au Trou des Piranhas. Si la promenade est faite en voiture, il est possible d&acute;observer d&acute;innombrables animaux sauvages pendant le parcours comme les caymans, les capivaras, les aras, les tuiuius, les carcaras, les cerfs et les boas. Ils se trouvent autour des baies et des canaux qui conduisent l&acute;eau des mar\u00e9cages aux rivi\u00e8res. Apr\u00e8s cela , on arrive \u00e0 Porto Manga, o\u00f9 les voitures traversent la Rivi\u00e8re Miranda (il est pr\u00e9f\u00e9rable que ce soit en camionnettes ou en jeeps plus appropri\u00e9s \u00e0 la route pleine de trous, de bancs de sable et d&acute;ondulations) De l&acute;autre c\u00f4t\u00e9, il y a quelques pensions au bord de la rivi\u00e8re, quelques-unes se d\u00e9diant aux activit\u00e9s de la p\u00eache. La meilleure \u00e9poque pour la visite est de mai \u00e0 septembre , quand il pleut moins . En mars et avril , quand les eaux commencent \u00e0 baisser, l&acute;observation de la faune est meilleure. Pendant la saison des pluies, entre octobre et f\u00e9vrier, il y a beaucoup de moustiques, la chaleur est intense et la route transpantaneira est pratiquement impraticable.&nbsp;<\/div>\n<div>&nbsp;<\/div>\n<div>Corumb\u00e1<\/div>\n<div><a target=\"_blank\" href=\"..\/tour_operateur\"><img loading=\"lazy\" decoding=\"async\" class=\"touroperateur size-full wp-image-41\" src=\"http:\/\/abc-latina.com\/wp-content\/uploads\/2010\/04\/timbre_to.gif\" alt=\"\" width=\"125\" height=\"90\" \/><\/a>Port fluvial localis\u00e9 sur la marge droite de la rivi\u00e8re Paraguai, \u00e0 la fronti\u00e8re bolivienne, c&acute;est une des plus grandes villes du Mato Grosso et un des principaux points de d\u00e9part pour le Pantanal. Elle se trouve \u00e0 435 km de Campo Grande, capitale de l&acute;\u00e9tat. Son nom vient du tupi-guarani et veut dire &ldquo;lieu distant&rdquo;. Corumb\u00e1 se trouve \u00e0 l&acute;extr\u00e9mit\u00e9 ouest du Br\u00e9sil et, pendant longtemps ,on y acc\u00e9dait seulement par la rivi\u00e8re Paraguay. Aujourd&acute;hui, on peut y arriver en voiture, en bus, en train, en avion et \u00e9videmment en bateau. Aquidauana<\/div>\n<div>&nbsp;<\/div>\n<div>Localis\u00e9e dans le Pantanal Sud, Aquidauana est un authentique paradis peupl\u00e9 par d&acute;exub\u00e9rantes esp\u00e8ces de la faune et de la flore qui s&acute;\u00e9parpillent sur l&acute;immense plaine inond\u00e9e, form\u00e9e par des baies, des collines, des cordill\u00e8res, des p\u00e9riodes de petit &acute;d\u00e9bit d&acute;eau et des corixos. C&acute;est une des portes d&acute;entr\u00e9e au c\u00f4t\u00e9 sud du Parc National du Pantanal et elle poss\u00e8de une localisation privil\u00e9gi\u00e9e dans la montagne de Piraputanga. Au XVIe si\u00e8cle, les Espagnols ont fond\u00e9 le village de Xara\u00e9s, qui a donn\u00e9 origine \u00e0 la ville, sur les bords de la rivi\u00e8re Aquidauana. Les Indiens de la r\u00e9gion appellent la plaine locale de mer de Xara\u00e9s. Miranda<\/div>\n<div>&nbsp;<\/div>\n<div>Miranda est consid\u00e9r\u00e9 le portail du Pantanal Sud, vu que la grande plaine inond\u00e9e commence pratiquement dans la ville. Depuis son entr\u00e9e, le touriste rencontre d\u00e9j\u00e0 une v\u00e9g\u00e9tation typiquement du Pantanal des deux c\u00f4t\u00e9s de la route- ainsi que de nombreuses esp\u00e8ces de la faune, en vedette les oiseaux. L\u00e0 commencent les attractions mises \u00e0 la disposition des touristes comme campings, h\u00f4tels, endroits pour p\u00eacher entre autres. Le municipe de Miranda appartient au bassin du Paraguay. Les principaux cours d&acute;eau du municipe sont les rivi\u00e8res Miranda, Salobra et Agachi. La rencontre des eaux cristallines de la rivi\u00e8re Salobra avec les eaux brunes de la rivi\u00e8re Miranda est une attraction que les touristes doivent conna\u00eetre Comunaut\u00e9s Ind\u00edg\u00e8nes &ndash; \u00cdndiens Terena<\/div>\n<div>C&acute;est le deuxi\u00e8me plus grand groupe ethnique de l&acute;\u00e9tat. La plus grande concentration d&acute;Indiens se trouve dans les r\u00e9gions de Miranda et d&acute;Aquidauana. C&acute;est un des groupes indig\u00e8nes les plus cultiv\u00e9s du Br\u00e9sil. Il y a plusieurs \u00e9tudes acad\u00e9miques sur les Terena, sp\u00e9cialement celles de l&acute;\u00e9rudit Roberto Cardoso de Oliveira.<\/div>\n<div>&nbsp;<\/div>\n<div>Source: Minist\u00e9rio do turismo<\/div>\n<h3>Pr\u00e9parez votre voyage dans le Pantanal:<\/h3>\n<div><a href=\"https:\/\/www.abc-latina.com\/bresil\/agence_de_voyages\">Agences de voyage g\u00e9n\u00e9ralistes et discounteurs<\/a><\/div>\n<div><a href=\"https:\/\/www.abc-latina.com\/bresil\/tour_operateur\">Tours Op\u00e9rateurs sp\u00e9cialistes du Br\u00e9sil<\/a><\/div>\n<div><a target=\"_blank\" href=\"https:\/\/www.abc-latina.com\/to\/reservation_billet_avion\">R\u00e9servez votre billet d&rsquo;avion<\/a><\/div>\n<div><a href=\"https:\/\/www.abc-latina.com\/bresil\/hotels\">R\u00e9servez votre h\u00f4tel<\/a>&nbsp;<\/div>\n<div><a target=\"_blank\" href=\"https:\/\/www.abc-latina.com\/to\/location_de_voiture_bresil\">Location de voiture<\/a><\/div>\n<div>&nbsp;<\/div>\n","protected":false},"excerpt":{"rendered":"<p>PANTANAL Norte &nbsp; Le Pantanal est un paradis \u00e9cologique au coeur du Br\u00e9sil. C&acute;est la plus grande plaine inond\u00e9e de [&hellip;]<\/p>\n","protected":false},"author":3,"featured_media":2192,"parent":0,"menu_order":0,"comment_status":"closed","ping_status":"closed","template":"","meta":{"site-sidebar-layout":"default","site-content-layout":"","ast-site-content-layout":"default","site-content-style":"default","site-sidebar-style":"default","ast-global-header-display":"","ast-banner-title-visibility":"","ast-main-header-display":"","ast-hfb-above-header-display":"","ast-hfb-below-header-display":"","ast-hfb-mobile-header-display":"","site-post-title":"","ast-breadcrumbs-content":"","ast-featured-img":"","footer-sml-layout":"","ast-disable-related-posts":"","theme-transparent-header-meta":"","adv-header-id-meta":"","stick-header-meta":"","header-above-stick-meta":"","header-main-stick-meta":"","header-below-stick-meta":"","astra-migrate-meta-layouts":"default","ast-page-background-enabled":"default","ast-page-background-meta":{"desktop":{"background-color":"var(--ast-global-color-5)","background-image":"","background-repeat":"repeat","background-position":"center center","background-size":"auto","background-attachment":"scroll","background-type":"","background-media":"","overlay-type":"","overlay-color":"","overlay-opacity":"","overlay-gradient":""},"tablet":{"background-color":"","background-image":"","background-repeat":"repeat","background-position":"center center","background-size":"auto","background-attachment":"scroll","background-type":"","background-media":"","overlay-type":"","overlay-color":"","overlay-opacity":"","overlay-gradient":""},"mobile":{"background-color":"","background-image":"","background-repeat":"repeat","background-position":"center center","background-size":"auto","background-attachment":"scroll","background-type":"","background-media":"","overlay-type":"","overlay-color":"","overlay-opacity":"","overlay-gradient":""}},"ast-content-background-meta":{"desktop":{"background-color":"var(--ast-global-color-4)","background-image":"","background-repeat":"repeat","background-position":"center center","background-size":"auto","background-attachment":"scroll","background-type":"","background-media":"","overlay-type":"","overlay-color":"","overlay-opacity":"","overlay-gradient":""},"tablet":{"background-color":"var(--ast-global-color-4)","background-image":"","background-repeat":"repeat","background-position":"center center","background-size":"auto","background-attachment":"scroll","background-type":"","background-media":"","overlay-type":"","overlay-color":"","overlay-opacity":"","overlay-gradient":""},"mobile":{"background-color":"var(--ast-global-color-4)","background-image":"","background-repeat":"repeat","background-position":"center center","background-size":"auto","background-attachment":"scroll","background-type":"","background-media":"","overlay-type":"","overlay-color":"","overlay-opacity":"","overlay-gradient":""}},"footnotes":""},"class_list":["post-2193","page","type-page","status-publish","has-post-thumbnail","hentry"],"yoast_head":"<!-- This site is optimized with the Yoast SEO plugin v27.5 - https:\/\/yoast.com\/product\/yoast-seo-wordpress\/ -->\n<title>Le PANTANAL - Abc-latina<\/title>\n<meta name=\"description\" content=\"Le Pantanal, Br\u00e9sil.\" \/>\n<meta name=\"robots\" content=\"index, follow, max-snippet:-1, max-image-preview:large, max-video-preview:-1\" \/>\n<link rel=\"canonical\" href=\"https:\/\/abc-latina.com\/pantanal\/\" \/>\n<meta property=\"og:locale\" content=\"fr_FR\" \/>\n<meta property=\"og:type\" content=\"article\" \/>\n<meta property=\"og:title\" content=\"Le PANTANAL - Abc-latina\" \/>\n<meta property=\"og:description\" content=\"Le Pantanal, Br\u00e9sil.\" \/>\n<meta property=\"og:url\" content=\"https:\/\/abc-latina.com\/pantanal\/\" \/>\n<meta property=\"og:site_name\" content=\"Abc-latina\" \/>\n<meta property=\"article:modified_time\" content=\"2018-06-06T16:55:19+00:00\" \/>\n<meta property=\"og:image\" content=\"https:\/\/abc-latina.com\/wp-content\/uploads\/2010\/08\/pantanal.jpg\" \/>\n\t<meta property=\"og:image:width\" content=\"220\" \/>\n\t<meta property=\"og:image:height\" content=\"220\" \/>\n\t<meta property=\"og:image:type\" content=\"image\/jpeg\" \/>\n<meta name=\"twitter:card\" content=\"summary_large_image\" \/>\n<meta name=\"twitter:label1\" content=\"Dur\u00e9e de lecture estim\u00e9e\" \/>\n\t<meta name=\"twitter:data1\" content=\"7 minutes\" \/>\n<script type=\"application\/ld+json\" class=\"yoast-schema-graph\">{\"@context\":\"https:\\\/\\\/schema.org\",\"@graph\":[{\"@type\":\"WebPage\",\"@id\":\"https:\\\/\\\/abc-latina.com\\\/pantanal\\\/\",\"url\":\"https:\\\/\\\/abc-latina.com\\\/pantanal\\\/\",\"name\":\"Le PANTANAL - Abc-latina\",\"isPartOf\":{\"@id\":\"https:\\\/\\\/abc-latina.com\\\/#website\"},\"primaryImageOfPage\":{\"@id\":\"https:\\\/\\\/abc-latina.com\\\/pantanal\\\/#primaryimage\"},\"image\":{\"@id\":\"https:\\\/\\\/abc-latina.com\\\/pantanal\\\/#primaryimage\"},\"thumbnailUrl\":\"https:\\\/\\\/abc-latina.com\\\/wp-content\\\/uploads\\\/2010\\\/08\\\/pantanal.jpg\",\"datePublished\":\"2010-08-09T03:18:25+00:00\",\"dateModified\":\"2018-06-06T16:55:19+00:00\",\"description\":\"Le Pantanal, Br\u00e9sil.\",\"breadcrumb\":{\"@id\":\"https:\\\/\\\/abc-latina.com\\\/pantanal\\\/#breadcrumb\"},\"inLanguage\":\"fr-FR\",\"potentialAction\":[{\"@type\":\"ReadAction\",\"target\":[\"https:\\\/\\\/abc-latina.com\\\/pantanal\\\/\"]}]},{\"@type\":\"ImageObject\",\"inLanguage\":\"fr-FR\",\"@id\":\"https:\\\/\\\/abc-latina.com\\\/pantanal\\\/#primaryimage\",\"url\":\"https:\\\/\\\/abc-latina.com\\\/wp-content\\\/uploads\\\/2010\\\/08\\\/pantanal.jpg\",\"contentUrl\":\"https:\\\/\\\/abc-latina.com\\\/wp-content\\\/uploads\\\/2010\\\/08\\\/pantanal.jpg\",\"width\":220,\"height\":220,\"caption\":\"PANTANAL\"},{\"@type\":\"BreadcrumbList\",\"@id\":\"https:\\\/\\\/abc-latina.com\\\/pantanal\\\/#breadcrumb\",\"itemListElement\":[{\"@type\":\"ListItem\",\"position\":1,\"name\":\"Accueil\",\"item\":\"https:\\\/\\\/abc-latina.com\\\/\"},{\"@type\":\"ListItem\",\"position\":2,\"name\":\"Le PANTANAL\"}]},{\"@type\":\"WebSite\",\"@id\":\"https:\\\/\\\/abc-latina.com\\\/#website\",\"url\":\"https:\\\/\\\/abc-latina.com\\\/\",\"name\":\"Abc-latina\",\"description\":\"\",\"publisher\":{\"@id\":\"https:\\\/\\\/abc-latina.com\\\/#organization\"},\"potentialAction\":[{\"@type\":\"SearchAction\",\"target\":{\"@type\":\"EntryPoint\",\"urlTemplate\":\"https:\\\/\\\/abc-latina.com\\\/?s={search_term_string}\"},\"query-input\":{\"@type\":\"PropertyValueSpecification\",\"valueRequired\":true,\"valueName\":\"search_term_string\"}}],\"inLanguage\":\"fr-FR\"},{\"@type\":\"Organization\",\"@id\":\"https:\\\/\\\/abc-latina.com\\\/#organization\",\"name\":\"Abc-latina\",\"url\":\"https:\\\/\\\/abc-latina.com\\\/\",\"logo\":{\"@type\":\"ImageObject\",\"inLanguage\":\"fr-FR\",\"@id\":\"https:\\\/\\\/abc-latina.com\\\/#\\\/schema\\\/logo\\\/image\\\/\",\"url\":\"https:\\\/\\\/abc-latina.com\\\/wp-content\\\/uploads\\\/2026\\\/05\\\/cropped-logo.gif\",\"contentUrl\":\"https:\\\/\\\/abc-latina.com\\\/wp-content\\\/uploads\\\/2026\\\/05\\\/cropped-logo.gif\",\"width\":89,\"height\":84,\"caption\":\"Abc-latina\"},\"image\":{\"@id\":\"https:\\\/\\\/abc-latina.com\\\/#\\\/schema\\\/logo\\\/image\\\/\"}}]}<\/script>\n<!-- \/ Yoast SEO plugin. -->","yoast_head_json":{"title":"Le PANTANAL - Abc-latina","description":"Le Pantanal, Br\u00e9sil.","robots":{"index":"index","follow":"follow","max-snippet":"max-snippet:-1","max-image-preview":"max-image-preview:large","max-video-preview":"max-video-preview:-1"},"canonical":"https:\/\/abc-latina.com\/pantanal\/","og_locale":"fr_FR","og_type":"article","og_title":"Le PANTANAL - Abc-latina","og_description":"Le Pantanal, Br\u00e9sil.","og_url":"https:\/\/abc-latina.com\/pantanal\/","og_site_name":"Abc-latina","article_modified_time":"2018-06-06T16:55:19+00:00","og_image":[{"width":220,"height":220,"url":"https:\/\/abc-latina.com\/wp-content\/uploads\/2010\/08\/pantanal.jpg","type":"image\/jpeg"}],"twitter_card":"summary_large_image","twitter_misc":{"Dur\u00e9e de lecture estim\u00e9e":"7 minutes"},"schema":{"@context":"https:\/\/schema.org","@graph":[{"@type":"WebPage","@id":"https:\/\/abc-latina.com\/pantanal\/","url":"https:\/\/abc-latina.com\/pantanal\/","name":"Le PANTANAL - Abc-latina","isPartOf":{"@id":"https:\/\/abc-latina.com\/#website"},"primaryImageOfPage":{"@id":"https:\/\/abc-latina.com\/pantanal\/#primaryimage"},"image":{"@id":"https:\/\/abc-latina.com\/pantanal\/#primaryimage"},"thumbnailUrl":"https:\/\/abc-latina.com\/wp-content\/uploads\/2010\/08\/pantanal.jpg","datePublished":"2010-08-09T03:18:25+00:00","dateModified":"2018-06-06T16:55:19+00:00","description":"Le Pantanal, Br\u00e9sil.","breadcrumb":{"@id":"https:\/\/abc-latina.com\/pantanal\/#breadcrumb"},"inLanguage":"fr-FR","potentialAction":[{"@type":"ReadAction","target":["https:\/\/abc-latina.com\/pantanal\/"]}]},{"@type":"ImageObject","inLanguage":"fr-FR","@id":"https:\/\/abc-latina.com\/pantanal\/#primaryimage","url":"https:\/\/abc-latina.com\/wp-content\/uploads\/2010\/08\/pantanal.jpg","contentUrl":"https:\/\/abc-latina.com\/wp-content\/uploads\/2010\/08\/pantanal.jpg","width":220,"height":220,"caption":"PANTANAL"},{"@type":"BreadcrumbList","@id":"https:\/\/abc-latina.com\/pantanal\/#breadcrumb","itemListElement":[{"@type":"ListItem","position":1,"name":"Accueil","item":"https:\/\/abc-latina.com\/"},{"@type":"ListItem","position":2,"name":"Le PANTANAL"}]},{"@type":"WebSite","@id":"https:\/\/abc-latina.com\/#website","url":"https:\/\/abc-latina.com\/","name":"Abc-latina","description":"","publisher":{"@id":"https:\/\/abc-latina.com\/#organization"},"potentialAction":[{"@type":"SearchAction","target":{"@type":"EntryPoint","urlTemplate":"https:\/\/abc-latina.com\/?s={search_term_string}"},"query-input":{"@type":"PropertyValueSpecification","valueRequired":true,"valueName":"search_term_string"}}],"inLanguage":"fr-FR"},{"@type":"Organization","@id":"https:\/\/abc-latina.com\/#organization","name":"Abc-latina","url":"https:\/\/abc-latina.com\/","logo":{"@type":"ImageObject","inLanguage":"fr-FR","@id":"https:\/\/abc-latina.com\/#\/schema\/logo\/image\/","url":"https:\/\/abc-latina.com\/wp-content\/uploads\/2026\/05\/cropped-logo.gif","contentUrl":"https:\/\/abc-latina.com\/wp-content\/uploads\/2026\/05\/cropped-logo.gif","width":89,"height":84,"caption":"Abc-latina"},"image":{"@id":"https:\/\/abc-latina.com\/#\/schema\/logo\/image\/"}}]}},"_links":{"self":[{"href":"https:\/\/abc-latina.com\/wp-json\/wp\/v2\/pages\/2193","targetHints":{"allow":["GET"]}}],"collection":[{"href":"https:\/\/abc-latina.com\/wp-json\/wp\/v2\/pages"}],"about":[{"href":"https:\/\/abc-latina.com\/wp-json\/wp\/v2\/types\/page"}],"author":[{"embeddable":true,"href":"https:\/\/abc-latina.com\/wp-json\/wp\/v2\/users\/3"}],"replies":[{"embeddable":true,"href":"https:\/\/abc-latina.com\/wp-json\/wp\/v2\/comments?post=2193"}],"version-history":[{"count":0,"href":"https:\/\/abc-latina.com\/wp-json\/wp\/v2\/pages\/2193\/revisions"}],"wp:featuredmedia":[{"embeddable":true,"href":"https:\/\/abc-latina.com\/wp-json\/wp\/v2\/media\/2192"}],"wp:attachment":[{"href":"https:\/\/abc-latina.com\/wp-json\/wp\/v2\/media?parent=2193"}],"curies":[{"name":"wp","href":"https:\/\/api.w.org\/{rel}","templated":true}]}}