{"id":220,"date":"2010-06-04T01:43:58","date_gmt":"2010-06-03T23:43:58","guid":{"rendered":"http:\/\/abc-latina.com\/patagonie-htm-2\/"},"modified":"2026-04-30T18:24:54","modified_gmt":"2026-04-30T16:24:54","slug":"patagonie","status":"publish","type":"page","link":"https:\/\/abc-latina.com\/chili\/patagonie\/","title":{"rendered":"PATAGONIE &#8211; Chili"},"content":{"rendered":"<div><span class=\"tourisme-chapitre\"><img loading=\"lazy\" decoding=\"async\" class=\" size-full wp-image-219\" src=\"http:\/\/abc-latina.com\/wp-content\/uploads\/2010\/06\/torres_del_paine-1.jpg\" title=\"PATAGONIE CHILIENNE\" alt=\"PATAGONIE CHILIENNE\" width=\"480\" height=\"360\" srcset=\"https:\/\/abc-latina.com\/wp-content\/uploads\/2010\/06\/torres_del_paine-1.jpg 640w, https:\/\/abc-latina.com\/wp-content\/uploads\/2010\/06\/torres_del_paine-1-300x225.jpg 300w\" sizes=\"auto, (max-width: 480px) 100vw, 480px\" \/><\/span><\/div>\n<div>&nbsp;<\/div>\n<div><span class=\"tourisme-chapitre\">LE NORD DE LA PATAGONIE<\/span><\/div>\n<div>La Patagonie correspond \u00e0 la partie la plus m\u00e9ridionale du continent sud-am\u00e9ricain, elle englobe des portions de l&rsquo;Argentine et du Chili. Les pentes montagneuses et vastes plaines qui s&rsquo;\u00e9tendent \u00e0 l&rsquo;est de la ligne de partage des eaux de l&rsquo;Atlantique se trouvent en Argentine, alors que le Chili gouverne la longue et beaucoup plus \u00e9troite bande qui s\u00e9pare les montagnes de l&rsquo;oc\u00e9an Pacifique, \u00e0 ce point comprim\u00e9e par les fjords, les montagnes et les champs de glace que les d\u00e9placements par voie de terre s&rsquo;av\u00e8rent pratiquement impossibles sur une grande partie du territoire vis\u00e9.<\/div>\n<div>La faible densit\u00e9 de la population et l&rsquo;\u00e9tat rudimentaire du r\u00e9seau routier contribuent par ailleurs \u00e0 y susciter une impression d&rsquo;isolement on ne peut plus marqu\u00e9e.<\/div>\n<div>Coihaique est une petite ville attrayante \u00e0 partir de laquelle on s&rsquo;adonne \u00e0 toute une panoplie d&rsquo;activit\u00e9s, notamment la p\u00eache hauturi\u00e8re, la randonn\u00e9e p\u00e9destre et l&rsquo;exploration des fjords et des glaciers.&nbsp;<\/div>\n<div>&nbsp;<\/div>\n<div>Cette partie du Chili renferme deux immenses champs de glace, le Campo de Hielo Norte (4400 km&sup2;) &#8230; et le campo de Hielo Sur (13500 km&sup2;).<\/div>\n<div>Les pics Andins rec\u00e8lent en outre bon nombre de hauts volcans dont la plupart sont couverts de glace. Sous l&rsquo;influence des courants marins, le climat se fait g\u00e9n\u00e9ralement humide et frais (moyennes de 7&deg;C \u00e0 9&deg;C), quoique rarement tr\u00e8s froid.<\/div>\n<div>&nbsp;<\/div>\n<div><span class=\"tourisme-chapitre\">LE SUD DE LA PATAGONIE<\/span><\/div>\n<div><a href=\"tour_operateur\" target=\"_blank\"><img loading=\"lazy\" decoding=\"async\" class=\" size-full wp-image-41\" alt=\"\" class=\"touroperateur\" src=\"http:\/\/abc-latina.com\/wp-content\/uploads\/2010\/04\/timbre_to.gif\" width=\"125\" height=\"90\" \/><\/a>Cette terre de montagnes et de glaciers, de canaux et de fjords, de for\u00eats et d&rsquo;\u00e9levages de moutons, voisine de milliers d&rsquo;\u00eeles inhabit\u00e9es, g\u00eet, isol\u00e9e de tout, au del\u00e0 des derniers retranchements de la civilisation.&nbsp;<\/div>\n<div>Ce n&rsquo;est que depuis la flamb\u00e9e des march\u00e9s mondiaux de la laine \u00e0 la fin du 19 \u00e9me si\u00e8cle que le sud de la Patagonie a commenc\u00e9 \u00e0 se peupler de fa\u00e7on significative. Avant cela, on n&rsquo;y trouvait essentiellement qu&rsquo;une poign\u00e9e de minuscules communaut\u00e9s \u00e9parses d&rsquo;Am\u00e9rindiens dont il ne reste aujourd&rsquo;hui que bien peu de descendants.&nbsp;<\/div>\n<div>La Patagonie n&rsquo;est pas le fait exclusif du Chili. Sa portion Argentine, se r\u00e9v\u00e8le m\u00eame plus large, plus plate et plus propre au peuplement humain, il n&rsquo;en reste pas moins que la Patagonie Chilienne s&rsquo;aur\u00e9ole d&rsquo;une beaut\u00e9 rarement \u00e9gal\u00e9e \u00e0 la surface du globe.&nbsp;<\/div>\n<div>Les agglom\u00e9rations au sud de la Patagonie sont Puerto Natales, dont la population s&rsquo;\u00e9tablit \u00e0 quelque 20.000 habitants, Porvenir \u00e0 la pointe occidentale de l&rsquo;\u00eele ma\u00eetresse de Tierra del Fuego, et Puerto Williams, sur l&rsquo;\u00eele de Navarino, le point le plus au sud de la Terre \u00e0 \u00eatre habit\u00e9 en permanence.<\/div>\n<div>&nbsp;<\/div>\n<div><img loading=\"lazy\" decoding=\"async\" class=\" alignright size-full wp-image-96\" src=\"http:\/\/abc-latina.com\/wp-content\/uploads\/2010\/06\/patagonie.jpg\" style=\"margin: 5px 22px; float: right;\" alt=\"\" width=\"200\" height=\"159\" \/>L&rsquo;attrait touristique de loin le plus important est le <span class=\"tourisme-unesco\">Parque Nacional Torres del Paine<\/span>, honor\u00e9 de cimes enneig\u00e9es, de lacs et de glaciers plus spectaculaires les uns que les autres. Mais bien d&rsquo;autres d\u00e9couvertes vous attendent encore, qu&rsquo;il s&rsquo;agisse des colonies de pingouins \u00e0 visiter, des croisi\u00e8res panoramiques sur les canaux maritimes, des gauchos (cow-boys) gardant leurs troupeaux comme aux temps anciens, des excellentes occasions de p\u00eache ou du d\u00e9licieux sentiment que procure le fait de se retrouver au bout du monde.&nbsp;<\/div>\n<div>Les infrastructures d&rsquo;accueil n&rsquo;ont cependant rien de primitif, puisqu&rsquo;on \u00e0 pr\u00e9vu de confortables h\u00f4tels et complexes touristiques, tout aussi bien qu&rsquo;un assortiment de lieux d&rsquo;h\u00e9bergement \u00e0 plus bas prix et de pavillons de p\u00eache \u00e9loign\u00e9s de tout.&nbsp;<\/div>\n<div>&nbsp;<\/div>\n<h3>Pr\u00e9parez votre voyage en Patagonie:<\/h3>\n<div><a href=\"https:\/\/www.abc-latina.com\/chili\/agence_de_voyages\">Agences de voyage g\u00e9n\u00e9ralistes et discounteurs<\/a><\/div>\n<div><a href=\"https:\/\/www.abc-latina.com\/chili\/tour_operateur\">Tours Op\u00e9rateurs sp\u00e9cialistes du Chili<\/a><\/div>\n<div><a href=\"https:\/\/www.abc-latina.com\/to\/reservation_billet_avion\" target=\"_blank\">R\u00e9servez votre billet d&rsquo;avion<\/a><\/div>\n<div><a href=\"https:\/\/www.abc-latina.com\/chili\/hotels\">R\u00e9servez votre h\u00f4tel en Patagonie<\/a>&nbsp;<\/div>\n<div><a href=\"https:\/\/www.abc-latina.com\/to\/location_de_voiture_chili\" target=\"_blank\">Location de voiture<\/a><\/div>\n","protected":false},"excerpt":{"rendered":"<p>&nbsp; LE NORD DE LA PATAGONIE La Patagonie correspond \u00e0 la partie la plus m\u00e9ridionale du continent sud-am\u00e9ricain, elle englobe [&hellip;]<\/p>\n","protected":false},"author":3,"featured_media":219,"parent":2293,"menu_order":0,"comment_status":"closed","ping_status":"closed","template":"","meta":{"site-sidebar-layout":"default","site-content-layout":"","ast-site-content-layout":"default","site-content-style":"default","site-sidebar-style":"default","ast-global-header-display":"","ast-banner-title-visibility":"","ast-main-header-display":"","ast-hfb-above-header-display":"","ast-hfb-below-header-display":"","ast-hfb-mobile-header-display":"","site-post-title":"","ast-breadcrumbs-content":"","ast-featured-img":"","footer-sml-layout":"","ast-disable-related-posts":"","theme-transparent-header-meta":"","adv-header-id-meta":"","stick-header-meta":"","header-above-stick-meta":"","header-main-stick-meta":"","header-below-stick-meta":"","astra-migrate-meta-layouts":"default","ast-page-background-enabled":"default","ast-page-background-meta":{"desktop":{"background-color":"var(--ast-global-color-5)","background-image":"","background-repeat":"repeat","background-position":"center center","background-size":"auto","background-attachment":"scroll","background-type":"","background-media":"","overlay-type":"","overlay-color":"","overlay-opacity":"","overlay-gradient":""},"tablet":{"background-color":"","background-image":"","background-repeat":"repeat","background-position":"center center","background-size":"auto","background-attachment":"scroll","background-type":"","background-media":"","overlay-type":"","overlay-color":"","overlay-opacity":"","overlay-gradient":""},"mobile":{"background-color":"","background-image":"","background-repeat":"repeat","background-position":"center center","background-size":"auto","background-attachment":"scroll","background-type":"","background-media":"","overlay-type":"","overlay-color":"","overlay-opacity":"","overlay-gradient":""}},"ast-content-background-meta":{"desktop":{"background-color":"var(--ast-global-color-4)","background-image":"","background-repeat":"repeat","background-position":"center center","background-size":"auto","background-attachment":"scroll","background-type":"","background-media":"","overlay-type":"","overlay-color":"","overlay-opacity":"","overlay-gradient":""},"tablet":{"background-color":"var(--ast-global-color-4)","background-image":"","background-repeat":"repeat","background-position":"center center","background-size":"auto","background-attachment":"scroll","background-type":"","background-media":"","overlay-type":"","overlay-color":"","overlay-opacity":"","overlay-gradient":""},"mobile":{"background-color":"var(--ast-global-color-4)","background-image":"","background-repeat":"repeat","background-position":"center center","background-size":"auto","background-attachment":"scroll","background-type":"","background-media":"","overlay-type":"","overlay-color":"","overlay-opacity":"","overlay-gradient":""}},"footnotes":""},"class_list":["post-220","page","type-page","status-publish","has-post-thumbnail","hentry"],"yoast_head":"<!-- This site is optimized with the Yoast SEO plugin v27.5 - https:\/\/yoast.com\/product\/yoast-seo-wordpress\/ -->\n<title>PATAGONIE - Chili - Abc-latina<\/title>\n<meta name=\"description\" content=\"CHILI : TOURISME. Voyage en Patagonie chilienne.\" \/>\n<meta name=\"robots\" content=\"index, follow, max-snippet:-1, max-image-preview:large, max-video-preview:-1\" \/>\n<link rel=\"canonical\" href=\"https:\/\/abc-latina.com\/chili\/patagonie\/\" \/>\n<meta property=\"og:locale\" content=\"fr_FR\" \/>\n<meta property=\"og:type\" content=\"article\" \/>\n<meta property=\"og:title\" content=\"PATAGONIE - Chili - Abc-latina\" \/>\n<meta property=\"og:description\" content=\"CHILI : TOURISME. Voyage en Patagonie chilienne.\" \/>\n<meta property=\"og:url\" content=\"https:\/\/abc-latina.com\/chili\/patagonie\/\" \/>\n<meta property=\"og:site_name\" content=\"Abc-latina\" \/>\n<meta property=\"article:modified_time\" content=\"2026-04-30T16:24:54+00:00\" \/>\n<meta property=\"og:image\" content=\"https:\/\/abc-latina.com\/wp-content\/uploads\/2010\/06\/torres_del_paine-1.jpg\" \/>\n\t<meta property=\"og:image:width\" content=\"640\" \/>\n\t<meta property=\"og:image:height\" content=\"480\" \/>\n\t<meta property=\"og:image:type\" content=\"image\/jpeg\" \/>\n<meta name=\"twitter:card\" content=\"summary_large_image\" \/>\n<meta name=\"twitter:label1\" content=\"Dur\u00e9e de lecture estim\u00e9e\" \/>\n\t<meta name=\"twitter:data1\" content=\"3 minutes\" \/>\n<script type=\"application\/ld+json\" class=\"yoast-schema-graph\">{\"@context\":\"https:\\\/\\\/schema.org\",\"@graph\":[{\"@type\":\"WebPage\",\"@id\":\"https:\\\/\\\/abc-latina.com\\\/chili\\\/patagonie\\\/\",\"url\":\"https:\\\/\\\/abc-latina.com\\\/chili\\\/patagonie\\\/\",\"name\":\"PATAGONIE - Chili - Abc-latina\",\"isPartOf\":{\"@id\":\"https:\\\/\\\/abc-latina.com\\\/#website\"},\"primaryImageOfPage\":{\"@id\":\"https:\\\/\\\/abc-latina.com\\\/chili\\\/patagonie\\\/#primaryimage\"},\"image\":{\"@id\":\"https:\\\/\\\/abc-latina.com\\\/chili\\\/patagonie\\\/#primaryimage\"},\"thumbnailUrl\":\"https:\\\/\\\/abc-latina.com\\\/wp-content\\\/uploads\\\/2010\\\/06\\\/torres_del_paine-1.jpg\",\"datePublished\":\"2010-06-03T23:43:58+00:00\",\"dateModified\":\"2026-04-30T16:24:54+00:00\",\"description\":\"CHILI : TOURISME. Voyage en Patagonie chilienne.\",\"breadcrumb\":{\"@id\":\"https:\\\/\\\/abc-latina.com\\\/chili\\\/patagonie\\\/#breadcrumb\"},\"inLanguage\":\"fr-FR\",\"potentialAction\":[{\"@type\":\"ReadAction\",\"target\":[\"https:\\\/\\\/abc-latina.com\\\/chili\\\/patagonie\\\/\"]}]},{\"@type\":\"ImageObject\",\"inLanguage\":\"fr-FR\",\"@id\":\"https:\\\/\\\/abc-latina.com\\\/chili\\\/patagonie\\\/#primaryimage\",\"url\":\"https:\\\/\\\/abc-latina.com\\\/wp-content\\\/uploads\\\/2010\\\/06\\\/torres_del_paine-1.jpg\",\"contentUrl\":\"https:\\\/\\\/abc-latina.com\\\/wp-content\\\/uploads\\\/2010\\\/06\\\/torres_del_paine-1.jpg\",\"width\":640,\"height\":480,\"caption\":\"PATAGONIE CHILIENNE\"},{\"@type\":\"BreadcrumbList\",\"@id\":\"https:\\\/\\\/abc-latina.com\\\/chili\\\/patagonie\\\/#breadcrumb\",\"itemListElement\":[{\"@type\":\"ListItem\",\"position\":1,\"name\":\"Accueil\",\"item\":\"https:\\\/\\\/abc-latina.com\\\/\"},{\"@type\":\"ListItem\",\"position\":2,\"name\":\"PATAGONIE &#8211; Chili\"}]},{\"@type\":\"WebSite\",\"@id\":\"https:\\\/\\\/abc-latina.com\\\/#website\",\"url\":\"https:\\\/\\\/abc-latina.com\\\/\",\"name\":\"Abc-latina\",\"description\":\"\",\"publisher\":{\"@id\":\"https:\\\/\\\/abc-latina.com\\\/#organization\"},\"potentialAction\":[{\"@type\":\"SearchAction\",\"target\":{\"@type\":\"EntryPoint\",\"urlTemplate\":\"https:\\\/\\\/abc-latina.com\\\/?s={search_term_string}\"},\"query-input\":{\"@type\":\"PropertyValueSpecification\",\"valueRequired\":true,\"valueName\":\"search_term_string\"}}],\"inLanguage\":\"fr-FR\"},{\"@type\":\"Organization\",\"@id\":\"https:\\\/\\\/abc-latina.com\\\/#organization\",\"name\":\"Abc-latina\",\"url\":\"https:\\\/\\\/abc-latina.com\\\/\",\"logo\":{\"@type\":\"ImageObject\",\"inLanguage\":\"fr-FR\",\"@id\":\"https:\\\/\\\/abc-latina.com\\\/#\\\/schema\\\/logo\\\/image\\\/\",\"url\":\"https:\\\/\\\/abc-latina.com\\\/wp-content\\\/uploads\\\/2026\\\/05\\\/cropped-logo.gif\",\"contentUrl\":\"https:\\\/\\\/abc-latina.com\\\/wp-content\\\/uploads\\\/2026\\\/05\\\/cropped-logo.gif\",\"width\":89,\"height\":84,\"caption\":\"Abc-latina\"},\"image\":{\"@id\":\"https:\\\/\\\/abc-latina.com\\\/#\\\/schema\\\/logo\\\/image\\\/\"}}]}<\/script>\n<!-- \/ Yoast SEO plugin. -->","yoast_head_json":{"title":"PATAGONIE - Chili - Abc-latina","description":"CHILI : TOURISME. Voyage en Patagonie chilienne.","robots":{"index":"index","follow":"follow","max-snippet":"max-snippet:-1","max-image-preview":"max-image-preview:large","max-video-preview":"max-video-preview:-1"},"canonical":"https:\/\/abc-latina.com\/chili\/patagonie\/","og_locale":"fr_FR","og_type":"article","og_title":"PATAGONIE - Chili - Abc-latina","og_description":"CHILI : TOURISME. Voyage en Patagonie chilienne.","og_url":"https:\/\/abc-latina.com\/chili\/patagonie\/","og_site_name":"Abc-latina","article_modified_time":"2026-04-30T16:24:54+00:00","og_image":[{"width":640,"height":480,"url":"https:\/\/abc-latina.com\/wp-content\/uploads\/2010\/06\/torres_del_paine-1.jpg","type":"image\/jpeg"}],"twitter_card":"summary_large_image","twitter_misc":{"Dur\u00e9e de lecture estim\u00e9e":"3 minutes"},"schema":{"@context":"https:\/\/schema.org","@graph":[{"@type":"WebPage","@id":"https:\/\/abc-latina.com\/chili\/patagonie\/","url":"https:\/\/abc-latina.com\/chili\/patagonie\/","name":"PATAGONIE - Chili - Abc-latina","isPartOf":{"@id":"https:\/\/abc-latina.com\/#website"},"primaryImageOfPage":{"@id":"https:\/\/abc-latina.com\/chili\/patagonie\/#primaryimage"},"image":{"@id":"https:\/\/abc-latina.com\/chili\/patagonie\/#primaryimage"},"thumbnailUrl":"https:\/\/abc-latina.com\/wp-content\/uploads\/2010\/06\/torres_del_paine-1.jpg","datePublished":"2010-06-03T23:43:58+00:00","dateModified":"2026-04-30T16:24:54+00:00","description":"CHILI : TOURISME. Voyage en Patagonie chilienne.","breadcrumb":{"@id":"https:\/\/abc-latina.com\/chili\/patagonie\/#breadcrumb"},"inLanguage":"fr-FR","potentialAction":[{"@type":"ReadAction","target":["https:\/\/abc-latina.com\/chili\/patagonie\/"]}]},{"@type":"ImageObject","inLanguage":"fr-FR","@id":"https:\/\/abc-latina.com\/chili\/patagonie\/#primaryimage","url":"https:\/\/abc-latina.com\/wp-content\/uploads\/2010\/06\/torres_del_paine-1.jpg","contentUrl":"https:\/\/abc-latina.com\/wp-content\/uploads\/2010\/06\/torres_del_paine-1.jpg","width":640,"height":480,"caption":"PATAGONIE CHILIENNE"},{"@type":"BreadcrumbList","@id":"https:\/\/abc-latina.com\/chili\/patagonie\/#breadcrumb","itemListElement":[{"@type":"ListItem","position":1,"name":"Accueil","item":"https:\/\/abc-latina.com\/"},{"@type":"ListItem","position":2,"name":"PATAGONIE &#8211; Chili"}]},{"@type":"WebSite","@id":"https:\/\/abc-latina.com\/#website","url":"https:\/\/abc-latina.com\/","name":"Abc-latina","description":"","publisher":{"@id":"https:\/\/abc-latina.com\/#organization"},"potentialAction":[{"@type":"SearchAction","target":{"@type":"EntryPoint","urlTemplate":"https:\/\/abc-latina.com\/?s={search_term_string}"},"query-input":{"@type":"PropertyValueSpecification","valueRequired":true,"valueName":"search_term_string"}}],"inLanguage":"fr-FR"},{"@type":"Organization","@id":"https:\/\/abc-latina.com\/#organization","name":"Abc-latina","url":"https:\/\/abc-latina.com\/","logo":{"@type":"ImageObject","inLanguage":"fr-FR","@id":"https:\/\/abc-latina.com\/#\/schema\/logo\/image\/","url":"https:\/\/abc-latina.com\/wp-content\/uploads\/2026\/05\/cropped-logo.gif","contentUrl":"https:\/\/abc-latina.com\/wp-content\/uploads\/2026\/05\/cropped-logo.gif","width":89,"height":84,"caption":"Abc-latina"},"image":{"@id":"https:\/\/abc-latina.com\/#\/schema\/logo\/image\/"}}]}},"_links":{"self":[{"href":"https:\/\/abc-latina.com\/wp-json\/wp\/v2\/pages\/220","targetHints":{"allow":["GET"]}}],"collection":[{"href":"https:\/\/abc-latina.com\/wp-json\/wp\/v2\/pages"}],"about":[{"href":"https:\/\/abc-latina.com\/wp-json\/wp\/v2\/types\/page"}],"author":[{"embeddable":true,"href":"https:\/\/abc-latina.com\/wp-json\/wp\/v2\/users\/3"}],"replies":[{"embeddable":true,"href":"https:\/\/abc-latina.com\/wp-json\/wp\/v2\/comments?post=220"}],"version-history":[{"count":1,"href":"https:\/\/abc-latina.com\/wp-json\/wp\/v2\/pages\/220\/revisions"}],"predecessor-version":[{"id":3252,"href":"https:\/\/abc-latina.com\/wp-json\/wp\/v2\/pages\/220\/revisions\/3252"}],"up":[{"embeddable":true,"href":"https:\/\/abc-latina.com\/wp-json\/wp\/v2\/pages\/2293"}],"wp:featuredmedia":[{"embeddable":true,"href":"https:\/\/abc-latina.com\/wp-json\/wp\/v2\/media\/219"}],"wp:attachment":[{"href":"https:\/\/abc-latina.com\/wp-json\/wp\/v2\/media?parent=220"}],"curies":[{"name":"wp","href":"https:\/\/api.w.org\/{rel}","templated":true}]}}