{"id":2201,"date":"2010-08-09T05:28:25","date_gmt":"2010-08-09T03:28:25","guid":{"rendered":"http:\/\/abc-latina.com\/recife-htm\/"},"modified":"2018-06-06T18:52:59","modified_gmt":"2018-06-06T16:52:59","slug":"recife","status":"publish","type":"page","link":"https:\/\/abc-latina.com\/recife\/","title":{"rendered":"RECIFE"},"content":{"rendered":"<div><span class=\"tourisme-chapitre\"><img loading=\"lazy\" decoding=\"async\" class=\" alignright size-full wp-image-2200\" src=\"http:\/\/abc-latina.com\/wp-content\/uploads\/2010\/08\/recife.jpg\" title=\"RECIFE\" alt=\"\" width=\"220\" vspace=\"9\" hspace=\"15\" height=\"220\" align=\"right\" srcset=\"https:\/\/abc-latina.com\/wp-content\/uploads\/2010\/08\/recife.jpg 220w, https:\/\/abc-latina.com\/wp-content\/uploads\/2010\/08\/recife-150x150.jpg 150w\" sizes=\"auto, (max-width: 220px) 100vw, 220px\" \/>Recife <\/span>s\u00e9duit ses visiteurs gr\u00e2ce \u00e0 ses nombreuses attractions, ce qui rend l&rsquo;endroit singulier. La ville est une m\u00e9tropole en d\u00e9veloppement, ce que l&rsquo;on peut apercevoir \u00e0 travers une promenade le long de la Plage de Boa Viagem ou par son commerce sophistiqu\u00e9. C&rsquo;est aussi le berceau du patrimoine historique et architectual de nombreuses constructions des XVII\u00e8me et XVIII\u00e8me si\u00e8cles, h\u00e9ritage des colonisateurs portugais et hollandais.<\/div>\n<div>&nbsp;<\/div>\n<div>La capitale pernamboucaine est aussi une ville moderne. Elle offre une tr\u00e8s bonne structure pour la r\u00e9alisation de divers \u00e9v\u00e9nements d&rsquo;affaires, avec des grandes installations, bien \u00e9quip\u00e9es et pr\u00eates pour si\u00e9ger des Congr\u00e8s, Expositions, Foires et r\u00e9unions d&rsquo;entreprises nationales et internationales de tous les secteurs.<\/div>\n<div>&nbsp;<\/div>\n<div>La ville montre ses diff\u00e9rents visages dans une aire baign\u00e9e par les fleuves Capibaribe, Beberibe et Jord\u00e3o, ayant la circulation favoris\u00e9e par des ponts qui lui ont conf\u00e9r\u00e9 le surnom de Venise Br\u00e9silienne. Ainsi que Pernambouc, l&rsquo;un des \u00c9tats culturellement les plus riches du Br\u00e9sil, Recife poss\u00e8de des m\u0153urs et traditions populaires uniques.<\/div>\n<div>Contempl\u00e9es dans chaque coin de rue, ces traditions amusent les touristes venus de toutes les parties du monde.<\/div>\n<div>&nbsp;<\/div>\n<div>Le <span class=\"tourisme-unesco\">Carnaval de rue de Recife<\/span> est consid\u00e9r\u00e9 comme \u00e9tant l&rsquo;un des meilleurs et plus anim\u00e9s du Br\u00e9sil, attirant une foule de f\u00eatards. La f\u00eate commence samedi, avec le d\u00e9file du bloc Galo da Madrugada, et suit \u00e9chauf\u00e9e par la chaleur et soleil de f\u00e9vrier durant trois jours, au son de rythmes comme le frevo et le maracatu.<\/div>\n<div>&nbsp;<\/div>\n<div>Les promenades dans la ville et les alentours sont divers: il y a des radeaux qui partent de Boa Viagem et des bateaux qui visitent le tr\u00e8s beau littoral pernamboucain. Une autre excellente destination, c&rsquo;est <a href=\"https:\/\/www.abc-latina.com\/bresil\/voyage\/olinda\">Olinda<\/a> [link para Olinda], ville Patrimoine de l&rsquo;Humanit\u00e9, \u00e0 quelques kilom\u00e8tres de Recife.<\/div>\n<div>&nbsp;<\/div>\n<div><a href=\"..\/tour_operateur\" target=\"_blank\"><img loading=\"lazy\" decoding=\"async\" class=\" size-full wp-image-41\" alt=\"\" class=\"touroperateur\" src=\"http:\/\/abc-latina.com\/wp-content\/uploads\/2010\/04\/timbre_to.gif\" width=\"125\" height=\"90\" \/><\/a>Les plages ont des eaux ti\u00e8des et sont fr\u00e9quent\u00e9es par de nombreuses touristes pendant tous les mois de l&rsquo;ann\u00e9e. Il y a beaucoup de restaurants avec le meilleur de la cuisine typique de la r\u00e9gion et de la gastronomie internationale, en plus d&rsquo;une moderne et diversifi\u00e9e cha\u00eene h\u00f4teli\u00e8re. Le soir, c&rsquo;est l&rsquo;heure d&rsquo;aller aux bars et concerts en plein air, localis\u00e9s entre les b\u00e2timents et les manoirs restaur\u00e9s du quartier du Vieux Recife. Donc, un autre arr\u00eat obligatoire.<\/div>\n<div>&nbsp;<\/div>\n<div>La ville r\u00e9serve aux amateurs de la <a href=\"https:\/\/www.abc-latina.com\/bresil\/tourisme\/plongee\">plong\u00e9e<\/a> des lieux formidables pour une bonne aventure au fond de la mer. Avec des piscines naturelles le long de la c\u00f4te en plus d&rsquo;un parc de naufrages ayant une trentaine d&rsquo;embarcations, Recife est une des meilleures destinations du Pays dans ce segment.<\/div>\n<div>&nbsp;<\/div>\n<div>Localis\u00e9es en profondeurs variant de neuf \u00e0 58 m\u00e8tres, les anciennes embarcations submerg\u00e9es gardent encore quelques reliques historiques, en plus de poissons, algues et coraux qui s&rsquo;attachent d\u00fb \u00e0 l&rsquo;action du temps. Pour que le touriste puisse explorer toutes ces merveilles soumarines, la ville dispose d&rsquo;une efficace structure d&rsquo;appui, comptant sur des \u00e9quipes de plong\u00e9e qualifi\u00e9es et exp\u00e9riment\u00e9es.&nbsp;<\/div>\n<div>&nbsp;<\/div>\n<div><span class=\"tsource\">Source: Minist\u00e9rio do turismo<\/span><\/div>\n<div>&nbsp;<\/div>\n<div><a href=\"https:\/\/www.abc-latina.com\/bresil\/div\/musees-recife.php\">Les mus\u00e9es de recife<\/a><\/div>\n<div>&nbsp;<\/div>\n<h3>Pr\u00e9parez votre voyage \u00e0 Recife:<\/h3>\n<div><a href=\"https:\/\/www.abc-latina.com\/bresil\/agence_de_voyages\">Agences de voyage g\u00e9n\u00e9ralistes et discounteurs<\/a><\/div>\n<div><a href=\"https:\/\/www.abc-latina.com\/bresil\/tour_operateur\">Tours Op\u00e9rateurs sp\u00e9cialistes du Br\u00e9sil<\/a><\/div>\n<div><a href=\"https:\/\/www.abc-latina.com\/to\/reservation_billet_avion\" target=\"_blank\">R\u00e9servez votre billet d&rsquo;avion<\/a><\/div>\n<div><a href=\"http:\/\/www.booking.com\/city\/br\/recifel?aid=364340\" target=\"_blank\">R\u00e9servez votre h\u00f4tel \u00e0 Recife<\/a>&nbsp;<\/div>\n<div><a href=\"https:\/\/www.abc-latina.com\/to\/location_de_voiture_bresil\" target=\"_blank\">Location de voiture<\/a><\/div>\n<div>&nbsp;<\/div>\n","protected":false},"excerpt":{"rendered":"<p>Recife s\u00e9duit ses visiteurs gr\u00e2ce \u00e0 ses nombreuses attractions, ce qui rend l&rsquo;endroit singulier. La ville est une m\u00e9tropole en [&hellip;]<\/p>\n","protected":false},"author":3,"featured_media":2200,"parent":0,"menu_order":0,"comment_status":"closed","ping_status":"closed","template":"","meta":{"site-sidebar-layout":"default","site-content-layout":"","ast-site-content-layout":"default","site-content-style":"default","site-sidebar-style":"default","ast-global-header-display":"","ast-banner-title-visibility":"","ast-main-header-display":"","ast-hfb-above-header-display":"","ast-hfb-below-header-display":"","ast-hfb-mobile-header-display":"","site-post-title":"","ast-breadcrumbs-content":"","ast-featured-img":"","footer-sml-layout":"","ast-disable-related-posts":"","theme-transparent-header-meta":"","adv-header-id-meta":"","stick-header-meta":"","header-above-stick-meta":"","header-main-stick-meta":"","header-below-stick-meta":"","astra-migrate-meta-layouts":"default","ast-page-background-enabled":"default","ast-page-background-meta":{"desktop":{"background-color":"var(--ast-global-color-5)","background-image":"","background-repeat":"repeat","background-position":"center center","background-size":"auto","background-attachment":"scroll","background-type":"","background-media":"","overlay-type":"","overlay-color":"","overlay-opacity":"","overlay-gradient":""},"tablet":{"background-color":"","background-image":"","background-repeat":"repeat","background-position":"center center","background-size":"auto","background-attachment":"scroll","background-type":"","background-media":"","overlay-type":"","overlay-color":"","overlay-opacity":"","overlay-gradient":""},"mobile":{"background-color":"","background-image":"","background-repeat":"repeat","background-position":"center center","background-size":"auto","background-attachment":"scroll","background-type":"","background-media":"","overlay-type":"","overlay-color":"","overlay-opacity":"","overlay-gradient":""}},"ast-content-background-meta":{"desktop":{"background-color":"var(--ast-global-color-4)","background-image":"","background-repeat":"repeat","background-position":"center center","background-size":"auto","background-attachment":"scroll","background-type":"","background-media":"","overlay-type":"","overlay-color":"","overlay-opacity":"","overlay-gradient":""},"tablet":{"background-color":"var(--ast-global-color-4)","background-image":"","background-repeat":"repeat","background-position":"center center","background-size":"auto","background-attachment":"scroll","background-type":"","background-media":"","overlay-type":"","overlay-color":"","overlay-opacity":"","overlay-gradient":""},"mobile":{"background-color":"var(--ast-global-color-4)","background-image":"","background-repeat":"repeat","background-position":"center center","background-size":"auto","background-attachment":"scroll","background-type":"","background-media":"","overlay-type":"","overlay-color":"","overlay-opacity":"","overlay-gradient":""}},"footnotes":""},"class_list":["post-2201","page","type-page","status-publish","has-post-thumbnail","hentry"],"yoast_head":"<!-- This site is optimized with the Yoast SEO plugin v27.5 - https:\/\/yoast.com\/product\/yoast-seo-wordpress\/ -->\n<title>RECIFE - Abc-latina<\/title>\n<meta name=\"description\" content=\"La ville de Recife au Br\u00e9sil.\" \/>\n<meta name=\"robots\" content=\"index, follow, max-snippet:-1, max-image-preview:large, max-video-preview:-1\" \/>\n<link rel=\"canonical\" href=\"https:\/\/abc-latina.com\/recife\/\" \/>\n<meta property=\"og:locale\" content=\"fr_FR\" \/>\n<meta property=\"og:type\" content=\"article\" \/>\n<meta property=\"og:title\" content=\"RECIFE - Abc-latina\" \/>\n<meta property=\"og:description\" content=\"La ville de Recife au Br\u00e9sil.\" \/>\n<meta property=\"og:url\" content=\"https:\/\/abc-latina.com\/recife\/\" \/>\n<meta property=\"og:site_name\" content=\"Abc-latina\" \/>\n<meta property=\"article:modified_time\" content=\"2018-06-06T16:52:59+00:00\" \/>\n<meta property=\"og:image\" content=\"https:\/\/abc-latina.com\/wp-content\/uploads\/2010\/08\/recife.jpg\" \/>\n\t<meta property=\"og:image:width\" content=\"220\" \/>\n\t<meta property=\"og:image:height\" content=\"220\" \/>\n\t<meta property=\"og:image:type\" content=\"image\/jpeg\" \/>\n<meta name=\"twitter:card\" content=\"summary_large_image\" \/>\n<meta name=\"twitter:label1\" content=\"Dur\u00e9e de lecture estim\u00e9e\" \/>\n\t<meta name=\"twitter:data1\" content=\"3 minutes\" \/>\n<script type=\"application\/ld+json\" class=\"yoast-schema-graph\">{\"@context\":\"https:\\\/\\\/schema.org\",\"@graph\":[{\"@type\":\"WebPage\",\"@id\":\"https:\\\/\\\/abc-latina.com\\\/recife\\\/\",\"url\":\"https:\\\/\\\/abc-latina.com\\\/recife\\\/\",\"name\":\"RECIFE - Abc-latina\",\"isPartOf\":{\"@id\":\"https:\\\/\\\/abc-latina.com\\\/#website\"},\"primaryImageOfPage\":{\"@id\":\"https:\\\/\\\/abc-latina.com\\\/recife\\\/#primaryimage\"},\"image\":{\"@id\":\"https:\\\/\\\/abc-latina.com\\\/recife\\\/#primaryimage\"},\"thumbnailUrl\":\"https:\\\/\\\/abc-latina.com\\\/wp-content\\\/uploads\\\/2010\\\/08\\\/recife.jpg\",\"datePublished\":\"2010-08-09T03:28:25+00:00\",\"dateModified\":\"2018-06-06T16:52:59+00:00\",\"description\":\"La ville de Recife au Br\u00e9sil.\",\"breadcrumb\":{\"@id\":\"https:\\\/\\\/abc-latina.com\\\/recife\\\/#breadcrumb\"},\"inLanguage\":\"fr-FR\",\"potentialAction\":[{\"@type\":\"ReadAction\",\"target\":[\"https:\\\/\\\/abc-latina.com\\\/recife\\\/\"]}]},{\"@type\":\"ImageObject\",\"inLanguage\":\"fr-FR\",\"@id\":\"https:\\\/\\\/abc-latina.com\\\/recife\\\/#primaryimage\",\"url\":\"https:\\\/\\\/abc-latina.com\\\/wp-content\\\/uploads\\\/2010\\\/08\\\/recife.jpg\",\"contentUrl\":\"https:\\\/\\\/abc-latina.com\\\/wp-content\\\/uploads\\\/2010\\\/08\\\/recife.jpg\",\"width\":220,\"height\":220,\"caption\":\"RECIFE\"},{\"@type\":\"BreadcrumbList\",\"@id\":\"https:\\\/\\\/abc-latina.com\\\/recife\\\/#breadcrumb\",\"itemListElement\":[{\"@type\":\"ListItem\",\"position\":1,\"name\":\"Accueil\",\"item\":\"https:\\\/\\\/abc-latina.com\\\/\"},{\"@type\":\"ListItem\",\"position\":2,\"name\":\"RECIFE\"}]},{\"@type\":\"WebSite\",\"@id\":\"https:\\\/\\\/abc-latina.com\\\/#website\",\"url\":\"https:\\\/\\\/abc-latina.com\\\/\",\"name\":\"Abc-latina\",\"description\":\"\",\"publisher\":{\"@id\":\"https:\\\/\\\/abc-latina.com\\\/#organization\"},\"potentialAction\":[{\"@type\":\"SearchAction\",\"target\":{\"@type\":\"EntryPoint\",\"urlTemplate\":\"https:\\\/\\\/abc-latina.com\\\/?s={search_term_string}\"},\"query-input\":{\"@type\":\"PropertyValueSpecification\",\"valueRequired\":true,\"valueName\":\"search_term_string\"}}],\"inLanguage\":\"fr-FR\"},{\"@type\":\"Organization\",\"@id\":\"https:\\\/\\\/abc-latina.com\\\/#organization\",\"name\":\"Abc-latina\",\"url\":\"https:\\\/\\\/abc-latina.com\\\/\",\"logo\":{\"@type\":\"ImageObject\",\"inLanguage\":\"fr-FR\",\"@id\":\"https:\\\/\\\/abc-latina.com\\\/#\\\/schema\\\/logo\\\/image\\\/\",\"url\":\"https:\\\/\\\/abc-latina.com\\\/wp-content\\\/uploads\\\/2026\\\/05\\\/cropped-logo.gif\",\"contentUrl\":\"https:\\\/\\\/abc-latina.com\\\/wp-content\\\/uploads\\\/2026\\\/05\\\/cropped-logo.gif\",\"width\":89,\"height\":84,\"caption\":\"Abc-latina\"},\"image\":{\"@id\":\"https:\\\/\\\/abc-latina.com\\\/#\\\/schema\\\/logo\\\/image\\\/\"}}]}<\/script>\n<!-- \/ Yoast SEO plugin. -->","yoast_head_json":{"title":"RECIFE - Abc-latina","description":"La ville de Recife au Br\u00e9sil.","robots":{"index":"index","follow":"follow","max-snippet":"max-snippet:-1","max-image-preview":"max-image-preview:large","max-video-preview":"max-video-preview:-1"},"canonical":"https:\/\/abc-latina.com\/recife\/","og_locale":"fr_FR","og_type":"article","og_title":"RECIFE - Abc-latina","og_description":"La ville de Recife au Br\u00e9sil.","og_url":"https:\/\/abc-latina.com\/recife\/","og_site_name":"Abc-latina","article_modified_time":"2018-06-06T16:52:59+00:00","og_image":[{"width":220,"height":220,"url":"https:\/\/abc-latina.com\/wp-content\/uploads\/2010\/08\/recife.jpg","type":"image\/jpeg"}],"twitter_card":"summary_large_image","twitter_misc":{"Dur\u00e9e de lecture estim\u00e9e":"3 minutes"},"schema":{"@context":"https:\/\/schema.org","@graph":[{"@type":"WebPage","@id":"https:\/\/abc-latina.com\/recife\/","url":"https:\/\/abc-latina.com\/recife\/","name":"RECIFE - Abc-latina","isPartOf":{"@id":"https:\/\/abc-latina.com\/#website"},"primaryImageOfPage":{"@id":"https:\/\/abc-latina.com\/recife\/#primaryimage"},"image":{"@id":"https:\/\/abc-latina.com\/recife\/#primaryimage"},"thumbnailUrl":"https:\/\/abc-latina.com\/wp-content\/uploads\/2010\/08\/recife.jpg","datePublished":"2010-08-09T03:28:25+00:00","dateModified":"2018-06-06T16:52:59+00:00","description":"La ville de Recife au Br\u00e9sil.","breadcrumb":{"@id":"https:\/\/abc-latina.com\/recife\/#breadcrumb"},"inLanguage":"fr-FR","potentialAction":[{"@type":"ReadAction","target":["https:\/\/abc-latina.com\/recife\/"]}]},{"@type":"ImageObject","inLanguage":"fr-FR","@id":"https:\/\/abc-latina.com\/recife\/#primaryimage","url":"https:\/\/abc-latina.com\/wp-content\/uploads\/2010\/08\/recife.jpg","contentUrl":"https:\/\/abc-latina.com\/wp-content\/uploads\/2010\/08\/recife.jpg","width":220,"height":220,"caption":"RECIFE"},{"@type":"BreadcrumbList","@id":"https:\/\/abc-latina.com\/recife\/#breadcrumb","itemListElement":[{"@type":"ListItem","position":1,"name":"Accueil","item":"https:\/\/abc-latina.com\/"},{"@type":"ListItem","position":2,"name":"RECIFE"}]},{"@type":"WebSite","@id":"https:\/\/abc-latina.com\/#website","url":"https:\/\/abc-latina.com\/","name":"Abc-latina","description":"","publisher":{"@id":"https:\/\/abc-latina.com\/#organization"},"potentialAction":[{"@type":"SearchAction","target":{"@type":"EntryPoint","urlTemplate":"https:\/\/abc-latina.com\/?s={search_term_string}"},"query-input":{"@type":"PropertyValueSpecification","valueRequired":true,"valueName":"search_term_string"}}],"inLanguage":"fr-FR"},{"@type":"Organization","@id":"https:\/\/abc-latina.com\/#organization","name":"Abc-latina","url":"https:\/\/abc-latina.com\/","logo":{"@type":"ImageObject","inLanguage":"fr-FR","@id":"https:\/\/abc-latina.com\/#\/schema\/logo\/image\/","url":"https:\/\/abc-latina.com\/wp-content\/uploads\/2026\/05\/cropped-logo.gif","contentUrl":"https:\/\/abc-latina.com\/wp-content\/uploads\/2026\/05\/cropped-logo.gif","width":89,"height":84,"caption":"Abc-latina"},"image":{"@id":"https:\/\/abc-latina.com\/#\/schema\/logo\/image\/"}}]}},"_links":{"self":[{"href":"https:\/\/abc-latina.com\/wp-json\/wp\/v2\/pages\/2201","targetHints":{"allow":["GET"]}}],"collection":[{"href":"https:\/\/abc-latina.com\/wp-json\/wp\/v2\/pages"}],"about":[{"href":"https:\/\/abc-latina.com\/wp-json\/wp\/v2\/types\/page"}],"author":[{"embeddable":true,"href":"https:\/\/abc-latina.com\/wp-json\/wp\/v2\/users\/3"}],"replies":[{"embeddable":true,"href":"https:\/\/abc-latina.com\/wp-json\/wp\/v2\/comments?post=2201"}],"version-history":[{"count":0,"href":"https:\/\/abc-latina.com\/wp-json\/wp\/v2\/pages\/2201\/revisions"}],"wp:featuredmedia":[{"embeddable":true,"href":"https:\/\/abc-latina.com\/wp-json\/wp\/v2\/media\/2200"}],"wp:attachment":[{"href":"https:\/\/abc-latina.com\/wp-json\/wp\/v2\/media?parent=2201"}],"curies":[{"name":"wp","href":"https:\/\/api.w.org\/{rel}","templated":true}]}}