{"id":2210,"date":"2010-08-09T05:38:51","date_gmt":"2010-08-09T03:38:51","guid":{"rendered":"http:\/\/abc-latina.com\/sao_joao_del_rei-htm\/"},"modified":"2018-06-06T18:50:11","modified_gmt":"2018-06-06T16:50:11","slug":"sao_joao_del_rei","status":"publish","type":"page","link":"https:\/\/abc-latina.com\/sao_joao_del_rei\/","title":{"rendered":"SAO JOAO DEL&rsquo;REI"},"content":{"rendered":"<div><img loading=\"lazy\" decoding=\"async\" class=\" alignright size-full wp-image-2209\" src=\"http:\/\/abc-latina.com\/wp-content\/uploads\/2010\/08\/sao-joao-del-rei.jpg\" alt=\"\" width=\"220\" vspace=\"9\" hspace=\"15\" height=\"220\" align=\"right\" srcset=\"https:\/\/abc-latina.com\/wp-content\/uploads\/2010\/08\/sao-joao-del-rei.jpg 220w, https:\/\/abc-latina.com\/wp-content\/uploads\/2010\/08\/sao-joao-del-rei-150x150.jpg 150w\" sizes=\"auto, (max-width: 220px) 100vw, 220px\" \/>La formation singuli\u00e8re de <span class=\"tourisme-chapitre\">S\u00e3o Jo\u00e3o Del&rsquo;Rei<\/span>, qui a \u00e9volu\u00e9 de la ville mini\u00e8re \u00e0 un important p\u00f4le commercial de la r\u00e9gion du Campo dos Vertentes, est responsable pour sa caract\u00e9ristique la plus marquante: l\u00e0, il est possible d&rsquo;appr\u00e9cier l&rsquo;\u00e9volution urbaine d&rsquo;une ville coloniale mini\u00e8re, dont le centre historique reste bien pr\u00e9serv\u00e9 en harmonie avec les constructions \u00e9clectiques du 19\u00e8me si\u00e8cle et les changements survenus au 20\u00e8me si\u00e8cle.<\/div>\n<div>&nbsp;<\/div>\n<div>S\u00e3o Jo\u00e3o Del&rsquo;Rei a vu son origine \u00e0 partir de l&rsquo;ancien Camp Novo do Rio das Mortes et a toujours \u00e9t\u00e9 en avance sur les autres villes mini\u00e8res de l&rsquo;\u00e9poque. Le centre urbain de la ville poss\u00e8de des \u0153uvres d&rsquo;architecture parmi les plus anciennes de la r\u00e9gion. Ses constructions peuvent \u00eatre vues presque intactes aujourd&rsquo;hui encore, apr\u00e8s presque deux si\u00e8cles d&rsquo;existence.<\/div>\n<div>&nbsp;<\/div>\n<div>Se promener dans les rues de S\u00e3o Jo\u00e3o Del&rsquo;Rei c&rsquo;est \u00eatre pr\u00e9sent dans les lieux qui aid\u00e8rent \u00e0 construire l&rsquo;histoire de l&rsquo;\u00e9tat de <a href=\"https:\/\/www.abc-latina.com\/bresil\/minas\">Minas Gerais<\/a> et du Br\u00e9sil. Dans la ville, se r\u00e9unissaient les chefs du mouvement de l&rsquo;Inconfid\u00eancia Mineira, qui lutt\u00e8rent contre la charge excessive d&rsquo;imp\u00f4ts demand\u00e9e par les autorit\u00e9s portugaises. Les maisons et les lieux de ces rencontres sont pr\u00e9serv\u00e9s jusqu&rsquo;\u00e0 aujourd&rsquo;hui.<\/div>\n<div>&nbsp;<\/div>\n<div><a href=\"..\/tour_operateur\" target=\"_blank\"><img loading=\"lazy\" decoding=\"async\" class=\" size-full wp-image-41\" alt=\"\" class=\"touroperateur\" src=\"http:\/\/abc-latina.com\/wp-content\/uploads\/2010\/04\/timbre_to.gif\" width=\"125\" height=\"90\" \/><\/a>\u00c0 cette m\u00eame \u00e9poque, la ville se d\u00e9veloppa \u00e9conomiquement beaucoup, ce qui r\u00e9sulta dans sa croissance urbaine. Des ouvrages r\u00e9alis\u00e9s \u00e0 l&rsquo;\u00e9poque, tels que la Maison Bancaire, l&rsquo;h\u00f4pital, le th\u00e9\u00e2tre et le cimeti\u00e8re publique sont quelques uns des locaux qui aident \u00e0 raconter la belle et riche histoire de S\u00e3o Jo\u00e3o Del&rsquo;Rei.<\/div>\n<div>&nbsp;<\/div>\n<div>La banlieue de la ville est aussi tr\u00e8s riche en attractions. Des grottes, des cascades et des sentiers enchantent par leur beaut\u00e9 et montrent les chemins parcourus par les fondateurs de S\u00e3o Jo\u00e3o Del&rsquo;Rei.<\/div>\n<div>&nbsp;<\/div>\n<div>Source: Minist\u00e9rio do turismo<\/div>\n<div>&nbsp;<\/div>\n<h3>Pr\u00e9parez votre voyage \u00e0 Sao Joao del rei:<\/h3>\n<div><a href=\"https:\/\/www.abc-latina.com\/bresil\/agence_de_voyages\">Agences de voyage g\u00e9n\u00e9ralistes et discounteurs<\/a><\/div>\n<div><a href=\"https:\/\/www.abc-latina.com\/bresil\/tour_operateur\">Tours Op\u00e9rateurs sp\u00e9cialistes du Br\u00e9sil<\/a><\/div>\n<div><a href=\"https:\/\/www.abc-latina.com\/to\/reservation_billet_avion\" target=\"_blank\">R\u00e9servez votre billet d&rsquo;avion<\/a><\/div>\n<div><a href=\"http:\/\/www.booking.com\/city\/br\/sao-joao-del-reil?aid=364340\" target=\"_blank\">R\u00e9servez votre h\u00f4tel \u00e0 Sao Joao del Rei<\/a>&nbsp;<\/div>\n<div><a href=\"https:\/\/www.abc-latina.com\/to\/location_de_voiture_bresil\" target=\"_blank\">Location de voiture<\/a><\/div>\n<div>&nbsp;<\/div>\n","protected":false},"excerpt":{"rendered":"<p>La formation singuli\u00e8re de S\u00e3o Jo\u00e3o Del&rsquo;Rei, qui a \u00e9volu\u00e9 de la ville mini\u00e8re \u00e0 un important p\u00f4le commercial de [&hellip;]<\/p>\n","protected":false},"author":3,"featured_media":2209,"parent":0,"menu_order":0,"comment_status":"closed","ping_status":"closed","template":"","meta":{"site-sidebar-layout":"default","site-content-layout":"","ast-site-content-layout":"default","site-content-style":"default","site-sidebar-style":"default","ast-global-header-display":"","ast-banner-title-visibility":"","ast-main-header-display":"","ast-hfb-above-header-display":"","ast-hfb-below-header-display":"","ast-hfb-mobile-header-display":"","site-post-title":"","ast-breadcrumbs-content":"","ast-featured-img":"","footer-sml-layout":"","ast-disable-related-posts":"","theme-transparent-header-meta":"","adv-header-id-meta":"","stick-header-meta":"","header-above-stick-meta":"","header-main-stick-meta":"","header-below-stick-meta":"","astra-migrate-meta-layouts":"default","ast-page-background-enabled":"default","ast-page-background-meta":{"desktop":{"background-color":"var(--ast-global-color-5)","background-image":"","background-repeat":"repeat","background-position":"center center","background-size":"auto","background-attachment":"scroll","background-type":"","background-media":"","overlay-type":"","overlay-color":"","overlay-opacity":"","overlay-gradient":""},"tablet":{"background-color":"","background-image":"","background-repeat":"repeat","background-position":"center center","background-size":"auto","background-attachment":"scroll","background-type":"","background-media":"","overlay-type":"","overlay-color":"","overlay-opacity":"","overlay-gradient":""},"mobile":{"background-color":"","background-image":"","background-repeat":"repeat","background-position":"center center","background-size":"auto","background-attachment":"scroll","background-type":"","background-media":"","overlay-type":"","overlay-color":"","overlay-opacity":"","overlay-gradient":""}},"ast-content-background-meta":{"desktop":{"background-color":"var(--ast-global-color-4)","background-image":"","background-repeat":"repeat","background-position":"center center","background-size":"auto","background-attachment":"scroll","background-type":"","background-media":"","overlay-type":"","overlay-color":"","overlay-opacity":"","overlay-gradient":""},"tablet":{"background-color":"var(--ast-global-color-4)","background-image":"","background-repeat":"repeat","background-position":"center center","background-size":"auto","background-attachment":"scroll","background-type":"","background-media":"","overlay-type":"","overlay-color":"","overlay-opacity":"","overlay-gradient":""},"mobile":{"background-color":"var(--ast-global-color-4)","background-image":"","background-repeat":"repeat","background-position":"center center","background-size":"auto","background-attachment":"scroll","background-type":"","background-media":"","overlay-type":"","overlay-color":"","overlay-opacity":"","overlay-gradient":""}},"footnotes":""},"class_list":["post-2210","page","type-page","status-publish","has-post-thumbnail","hentry"],"yoast_head":"<!-- This site is optimized with the Yoast SEO plugin v27.5 - https:\/\/yoast.com\/product\/yoast-seo-wordpress\/ -->\n<title>SAO JOAO DEL&#039;REI - Abc-latina<\/title>\n<meta name=\"description\" content=\"La ville de Sao joao del&#039;rei au Br\u00e9sil.\" \/>\n<meta name=\"robots\" content=\"index, follow, max-snippet:-1, max-image-preview:large, max-video-preview:-1\" \/>\n<link rel=\"canonical\" href=\"https:\/\/abc-latina.com\/sao_joao_del_rei\/\" \/>\n<meta property=\"og:locale\" content=\"fr_FR\" \/>\n<meta property=\"og:type\" content=\"article\" \/>\n<meta property=\"og:title\" content=\"SAO JOAO DEL&#039;REI - Abc-latina\" \/>\n<meta property=\"og:description\" content=\"La ville de Sao joao del&#039;rei au Br\u00e9sil.\" \/>\n<meta property=\"og:url\" content=\"https:\/\/abc-latina.com\/sao_joao_del_rei\/\" \/>\n<meta property=\"og:site_name\" content=\"Abc-latina\" \/>\n<meta property=\"article:modified_time\" content=\"2018-06-06T16:50:11+00:00\" \/>\n<meta property=\"og:image\" content=\"https:\/\/abc-latina.com\/wp-content\/uploads\/2010\/08\/sao-joao-del-rei.jpg\" \/>\n\t<meta property=\"og:image:width\" content=\"220\" \/>\n\t<meta property=\"og:image:height\" content=\"220\" \/>\n\t<meta property=\"og:image:type\" content=\"image\/jpeg\" \/>\n<meta name=\"twitter:card\" content=\"summary_large_image\" \/>\n<meta name=\"twitter:label1\" content=\"Dur\u00e9e de lecture estim\u00e9e\" \/>\n\t<meta name=\"twitter:data1\" content=\"2 minutes\" \/>\n<script type=\"application\/ld+json\" class=\"yoast-schema-graph\">{\"@context\":\"https:\\\/\\\/schema.org\",\"@graph\":[{\"@type\":\"WebPage\",\"@id\":\"https:\\\/\\\/abc-latina.com\\\/sao_joao_del_rei\\\/\",\"url\":\"https:\\\/\\\/abc-latina.com\\\/sao_joao_del_rei\\\/\",\"name\":\"SAO JOAO DEL'REI - Abc-latina\",\"isPartOf\":{\"@id\":\"https:\\\/\\\/abc-latina.com\\\/#website\"},\"primaryImageOfPage\":{\"@id\":\"https:\\\/\\\/abc-latina.com\\\/sao_joao_del_rei\\\/#primaryimage\"},\"image\":{\"@id\":\"https:\\\/\\\/abc-latina.com\\\/sao_joao_del_rei\\\/#primaryimage\"},\"thumbnailUrl\":\"https:\\\/\\\/abc-latina.com\\\/wp-content\\\/uploads\\\/2010\\\/08\\\/sao-joao-del-rei.jpg\",\"datePublished\":\"2010-08-09T03:38:51+00:00\",\"dateModified\":\"2018-06-06T16:50:11+00:00\",\"description\":\"La ville de Sao joao del'rei au Br\u00e9sil.\",\"breadcrumb\":{\"@id\":\"https:\\\/\\\/abc-latina.com\\\/sao_joao_del_rei\\\/#breadcrumb\"},\"inLanguage\":\"fr-FR\",\"potentialAction\":[{\"@type\":\"ReadAction\",\"target\":[\"https:\\\/\\\/abc-latina.com\\\/sao_joao_del_rei\\\/\"]}]},{\"@type\":\"ImageObject\",\"inLanguage\":\"fr-FR\",\"@id\":\"https:\\\/\\\/abc-latina.com\\\/sao_joao_del_rei\\\/#primaryimage\",\"url\":\"https:\\\/\\\/abc-latina.com\\\/wp-content\\\/uploads\\\/2010\\\/08\\\/sao-joao-del-rei.jpg\",\"contentUrl\":\"https:\\\/\\\/abc-latina.com\\\/wp-content\\\/uploads\\\/2010\\\/08\\\/sao-joao-del-rei.jpg\",\"width\":220,\"height\":220},{\"@type\":\"BreadcrumbList\",\"@id\":\"https:\\\/\\\/abc-latina.com\\\/sao_joao_del_rei\\\/#breadcrumb\",\"itemListElement\":[{\"@type\":\"ListItem\",\"position\":1,\"name\":\"Accueil\",\"item\":\"https:\\\/\\\/abc-latina.com\\\/\"},{\"@type\":\"ListItem\",\"position\":2,\"name\":\"SAO JOAO DEL&rsquo;REI\"}]},{\"@type\":\"WebSite\",\"@id\":\"https:\\\/\\\/abc-latina.com\\\/#website\",\"url\":\"https:\\\/\\\/abc-latina.com\\\/\",\"name\":\"Abc-latina\",\"description\":\"\",\"publisher\":{\"@id\":\"https:\\\/\\\/abc-latina.com\\\/#organization\"},\"potentialAction\":[{\"@type\":\"SearchAction\",\"target\":{\"@type\":\"EntryPoint\",\"urlTemplate\":\"https:\\\/\\\/abc-latina.com\\\/?s={search_term_string}\"},\"query-input\":{\"@type\":\"PropertyValueSpecification\",\"valueRequired\":true,\"valueName\":\"search_term_string\"}}],\"inLanguage\":\"fr-FR\"},{\"@type\":\"Organization\",\"@id\":\"https:\\\/\\\/abc-latina.com\\\/#organization\",\"name\":\"Abc-latina\",\"url\":\"https:\\\/\\\/abc-latina.com\\\/\",\"logo\":{\"@type\":\"ImageObject\",\"inLanguage\":\"fr-FR\",\"@id\":\"https:\\\/\\\/abc-latina.com\\\/#\\\/schema\\\/logo\\\/image\\\/\",\"url\":\"https:\\\/\\\/abc-latina.com\\\/wp-content\\\/uploads\\\/2026\\\/05\\\/cropped-logo.gif\",\"contentUrl\":\"https:\\\/\\\/abc-latina.com\\\/wp-content\\\/uploads\\\/2026\\\/05\\\/cropped-logo.gif\",\"width\":89,\"height\":84,\"caption\":\"Abc-latina\"},\"image\":{\"@id\":\"https:\\\/\\\/abc-latina.com\\\/#\\\/schema\\\/logo\\\/image\\\/\"}}]}<\/script>\n<!-- \/ Yoast SEO plugin. -->","yoast_head_json":{"title":"SAO JOAO DEL'REI - Abc-latina","description":"La ville de Sao joao del'rei au Br\u00e9sil.","robots":{"index":"index","follow":"follow","max-snippet":"max-snippet:-1","max-image-preview":"max-image-preview:large","max-video-preview":"max-video-preview:-1"},"canonical":"https:\/\/abc-latina.com\/sao_joao_del_rei\/","og_locale":"fr_FR","og_type":"article","og_title":"SAO JOAO DEL'REI - Abc-latina","og_description":"La ville de Sao joao del'rei au Br\u00e9sil.","og_url":"https:\/\/abc-latina.com\/sao_joao_del_rei\/","og_site_name":"Abc-latina","article_modified_time":"2018-06-06T16:50:11+00:00","og_image":[{"width":220,"height":220,"url":"https:\/\/abc-latina.com\/wp-content\/uploads\/2010\/08\/sao-joao-del-rei.jpg","type":"image\/jpeg"}],"twitter_card":"summary_large_image","twitter_misc":{"Dur\u00e9e de lecture estim\u00e9e":"2 minutes"},"schema":{"@context":"https:\/\/schema.org","@graph":[{"@type":"WebPage","@id":"https:\/\/abc-latina.com\/sao_joao_del_rei\/","url":"https:\/\/abc-latina.com\/sao_joao_del_rei\/","name":"SAO JOAO DEL'REI - Abc-latina","isPartOf":{"@id":"https:\/\/abc-latina.com\/#website"},"primaryImageOfPage":{"@id":"https:\/\/abc-latina.com\/sao_joao_del_rei\/#primaryimage"},"image":{"@id":"https:\/\/abc-latina.com\/sao_joao_del_rei\/#primaryimage"},"thumbnailUrl":"https:\/\/abc-latina.com\/wp-content\/uploads\/2010\/08\/sao-joao-del-rei.jpg","datePublished":"2010-08-09T03:38:51+00:00","dateModified":"2018-06-06T16:50:11+00:00","description":"La ville de Sao joao del'rei au Br\u00e9sil.","breadcrumb":{"@id":"https:\/\/abc-latina.com\/sao_joao_del_rei\/#breadcrumb"},"inLanguage":"fr-FR","potentialAction":[{"@type":"ReadAction","target":["https:\/\/abc-latina.com\/sao_joao_del_rei\/"]}]},{"@type":"ImageObject","inLanguage":"fr-FR","@id":"https:\/\/abc-latina.com\/sao_joao_del_rei\/#primaryimage","url":"https:\/\/abc-latina.com\/wp-content\/uploads\/2010\/08\/sao-joao-del-rei.jpg","contentUrl":"https:\/\/abc-latina.com\/wp-content\/uploads\/2010\/08\/sao-joao-del-rei.jpg","width":220,"height":220},{"@type":"BreadcrumbList","@id":"https:\/\/abc-latina.com\/sao_joao_del_rei\/#breadcrumb","itemListElement":[{"@type":"ListItem","position":1,"name":"Accueil","item":"https:\/\/abc-latina.com\/"},{"@type":"ListItem","position":2,"name":"SAO JOAO DEL&rsquo;REI"}]},{"@type":"WebSite","@id":"https:\/\/abc-latina.com\/#website","url":"https:\/\/abc-latina.com\/","name":"Abc-latina","description":"","publisher":{"@id":"https:\/\/abc-latina.com\/#organization"},"potentialAction":[{"@type":"SearchAction","target":{"@type":"EntryPoint","urlTemplate":"https:\/\/abc-latina.com\/?s={search_term_string}"},"query-input":{"@type":"PropertyValueSpecification","valueRequired":true,"valueName":"search_term_string"}}],"inLanguage":"fr-FR"},{"@type":"Organization","@id":"https:\/\/abc-latina.com\/#organization","name":"Abc-latina","url":"https:\/\/abc-latina.com\/","logo":{"@type":"ImageObject","inLanguage":"fr-FR","@id":"https:\/\/abc-latina.com\/#\/schema\/logo\/image\/","url":"https:\/\/abc-latina.com\/wp-content\/uploads\/2026\/05\/cropped-logo.gif","contentUrl":"https:\/\/abc-latina.com\/wp-content\/uploads\/2026\/05\/cropped-logo.gif","width":89,"height":84,"caption":"Abc-latina"},"image":{"@id":"https:\/\/abc-latina.com\/#\/schema\/logo\/image\/"}}]}},"_links":{"self":[{"href":"https:\/\/abc-latina.com\/wp-json\/wp\/v2\/pages\/2210","targetHints":{"allow":["GET"]}}],"collection":[{"href":"https:\/\/abc-latina.com\/wp-json\/wp\/v2\/pages"}],"about":[{"href":"https:\/\/abc-latina.com\/wp-json\/wp\/v2\/types\/page"}],"author":[{"embeddable":true,"href":"https:\/\/abc-latina.com\/wp-json\/wp\/v2\/users\/3"}],"replies":[{"embeddable":true,"href":"https:\/\/abc-latina.com\/wp-json\/wp\/v2\/comments?post=2210"}],"version-history":[{"count":0,"href":"https:\/\/abc-latina.com\/wp-json\/wp\/v2\/pages\/2210\/revisions"}],"wp:featuredmedia":[{"embeddable":true,"href":"https:\/\/abc-latina.com\/wp-json\/wp\/v2\/media\/2209"}],"wp:attachment":[{"href":"https:\/\/abc-latina.com\/wp-json\/wp\/v2\/media?parent=2210"}],"curies":[{"name":"wp","href":"https:\/\/api.w.org\/{rel}","templated":true}]}}