{"id":2236,"date":"2010-08-11T06:06:53","date_gmt":"2010-08-11T04:06:53","guid":{"rendered":"http:\/\/abc-latina.com\/location_de_voiture_uruguay-htm\/"},"modified":"2026-04-30T18:25:31","modified_gmt":"2026-04-30T16:25:31","slug":"location_de_voiture_uruguay","status":"publish","type":"page","link":"https:\/\/abc-latina.com\/to\/location_de_voiture_uruguay\/","title":{"rendered":"LOCATION de VOITURE en URUGUAY"},"content":{"rendered":"<p>&nbsp;<\/p>\n<div>NOTA: Le permis de conduire international n&rsquo;est pas l\u00e9galement requis mais recommand\u00e9. Un permis de conduire temporaire pour l&rsquo;Uruguay, avec une validit\u00e9 de 90 jours, doit \u00eatre obtenu aupr\u00e8s de la Mairie (Municipio).<\/div>\n<div>&nbsp;<\/div>\n<div>Consultez notre moteur de recherche:<\/div>\n<div>&nbsp;<\/div>\n<div>Pour pouvoir louer une voiture en Uruguay, il faut \u00eatre \u00e2g\u00e9 au minimum de 23 ans. Il faut \u00e9galement \u00eatre titulaire du permis de conduire depuis au moins deux ans. Si vous s\u00e9journez dans le pays pour une dur\u00e9e inf\u00e9rieure \u00e0 3 mois, le permis national est accept\u00e9 sans probl\u00e8me.<br \/>&nbsp;<\/div>\n","protected":false},"excerpt":{"rendered":"<p>&nbsp; NOTA: Le permis de conduire international n&rsquo;est pas l\u00e9galement requis mais recommand\u00e9. Un permis de conduire temporaire pour l&rsquo;Uruguay, [&hellip;]<\/p>\n","protected":false},"author":3,"featured_media":0,"parent":2478,"menu_order":0,"comment_status":"closed","ping_status":"closed","template":"","meta":{"site-sidebar-layout":"default","site-content-layout":"","ast-site-content-layout":"default","site-content-style":"default","site-sidebar-style":"default","ast-global-header-display":"","ast-banner-title-visibility":"","ast-main-header-display":"","ast-hfb-above-header-display":"","ast-hfb-below-header-display":"","ast-hfb-mobile-header-display":"","site-post-title":"","ast-breadcrumbs-content":"","ast-featured-img":"","footer-sml-layout":"","ast-disable-related-posts":"","theme-transparent-header-meta":"","adv-header-id-meta":"","stick-header-meta":"","header-above-stick-meta":"","header-main-stick-meta":"","header-below-stick-meta":"","astra-migrate-meta-layouts":"default","ast-page-background-enabled":"default","ast-page-background-meta":{"desktop":{"background-color":"var(--ast-global-color-5)","background-image":"","background-repeat":"repeat","background-position":"center center","background-size":"auto","background-attachment":"scroll","background-type":"","background-media":"","overlay-type":"","overlay-color":"","overlay-opacity":"","overlay-gradient":""},"tablet":{"background-color":"","background-image":"","background-repeat":"repeat","background-position":"center center","background-size":"auto","background-attachment":"scroll","background-type":"","background-media":"","overlay-type":"","overlay-color":"","overlay-opacity":"","overlay-gradient":""},"mobile":{"background-color":"","background-image":"","background-repeat":"repeat","background-position":"center center","background-size":"auto","background-attachment":"scroll","background-type":"","background-media":"","overlay-type":"","overlay-color":"","overlay-opacity":"","overlay-gradient":""}},"ast-content-background-meta":{"desktop":{"background-color":"var(--ast-global-color-4)","background-image":"","background-repeat":"repeat","background-position":"center center","background-size":"auto","background-attachment":"scroll","background-type":"","background-media":"","overlay-type":"","overlay-color":"","overlay-opacity":"","overlay-gradient":""},"tablet":{"background-color":"var(--ast-global-color-4)","background-image":"","background-repeat":"repeat","background-position":"center center","background-size":"auto","background-attachment":"scroll","background-type":"","background-media":"","overlay-type":"","overlay-color":"","overlay-opacity":"","overlay-gradient":""},"mobile":{"background-color":"var(--ast-global-color-4)","background-image":"","background-repeat":"repeat","background-position":"center center","background-size":"auto","background-attachment":"scroll","background-type":"","background-media":"","overlay-type":"","overlay-color":"","overlay-opacity":"","overlay-gradient":""}},"footnotes":""},"class_list":["post-2236","page","type-page","status-publish","hentry"],"yoast_head":"<!-- This site is optimized with the Yoast SEO plugin v27.5 - https:\/\/yoast.com\/product\/yoast-seo-wordpress\/ -->\n<title>LOCATION de VOITURE en URUGUAY - Abc-latina<\/title>\n<meta name=\"description\" content=\"Location de voiture en ligne pour l&#039;Uruguay.\" \/>\n<meta name=\"robots\" content=\"index, follow, max-snippet:-1, max-image-preview:large, max-video-preview:-1\" \/>\n<link rel=\"canonical\" href=\"https:\/\/abc-latina.com\/to\/location_de_voiture_uruguay\/\" \/>\n<meta property=\"og:locale\" content=\"fr_FR\" \/>\n<meta property=\"og:type\" content=\"article\" \/>\n<meta property=\"og:title\" content=\"LOCATION de VOITURE en URUGUAY - Abc-latina\" \/>\n<meta property=\"og:description\" content=\"Location de voiture en ligne pour l&#039;Uruguay.\" \/>\n<meta property=\"og:url\" content=\"https:\/\/abc-latina.com\/to\/location_de_voiture_uruguay\/\" \/>\n<meta property=\"og:site_name\" content=\"Abc-latina\" \/>\n<meta property=\"article:modified_time\" content=\"2026-04-30T16:25:31+00:00\" \/>\n<meta name=\"twitter:card\" content=\"summary_large_image\" \/>\n<script type=\"application\/ld+json\" class=\"yoast-schema-graph\">{\"@context\":\"https:\\\/\\\/schema.org\",\"@graph\":[{\"@type\":\"WebPage\",\"@id\":\"https:\\\/\\\/abc-latina.com\\\/to\\\/location_de_voiture_uruguay\\\/\",\"url\":\"https:\\\/\\\/abc-latina.com\\\/to\\\/location_de_voiture_uruguay\\\/\",\"name\":\"LOCATION de VOITURE en URUGUAY - Abc-latina\",\"isPartOf\":{\"@id\":\"https:\\\/\\\/abc-latina.com\\\/#website\"},\"datePublished\":\"2010-08-11T04:06:53+00:00\",\"dateModified\":\"2026-04-30T16:25:31+00:00\",\"description\":\"Location de voiture en ligne pour l'Uruguay.\",\"breadcrumb\":{\"@id\":\"https:\\\/\\\/abc-latina.com\\\/to\\\/location_de_voiture_uruguay\\\/#breadcrumb\"},\"inLanguage\":\"fr-FR\",\"potentialAction\":[{\"@type\":\"ReadAction\",\"target\":[\"https:\\\/\\\/abc-latina.com\\\/to\\\/location_de_voiture_uruguay\\\/\"]}]},{\"@type\":\"BreadcrumbList\",\"@id\":\"https:\\\/\\\/abc-latina.com\\\/to\\\/location_de_voiture_uruguay\\\/#breadcrumb\",\"itemListElement\":[{\"@type\":\"ListItem\",\"position\":1,\"name\":\"Accueil\",\"item\":\"https:\\\/\\\/abc-latina.com\\\/\"},{\"@type\":\"ListItem\",\"position\":2,\"name\":\"LOCATION de VOITURE en URUGUAY\"}]},{\"@type\":\"WebSite\",\"@id\":\"https:\\\/\\\/abc-latina.com\\\/#website\",\"url\":\"https:\\\/\\\/abc-latina.com\\\/\",\"name\":\"Abc-latina\",\"description\":\"\",\"publisher\":{\"@id\":\"https:\\\/\\\/abc-latina.com\\\/#organization\"},\"potentialAction\":[{\"@type\":\"SearchAction\",\"target\":{\"@type\":\"EntryPoint\",\"urlTemplate\":\"https:\\\/\\\/abc-latina.com\\\/?s={search_term_string}\"},\"query-input\":{\"@type\":\"PropertyValueSpecification\",\"valueRequired\":true,\"valueName\":\"search_term_string\"}}],\"inLanguage\":\"fr-FR\"},{\"@type\":\"Organization\",\"@id\":\"https:\\\/\\\/abc-latina.com\\\/#organization\",\"name\":\"Abc-latina\",\"url\":\"https:\\\/\\\/abc-latina.com\\\/\",\"logo\":{\"@type\":\"ImageObject\",\"inLanguage\":\"fr-FR\",\"@id\":\"https:\\\/\\\/abc-latina.com\\\/#\\\/schema\\\/logo\\\/image\\\/\",\"url\":\"https:\\\/\\\/abc-latina.com\\\/wp-content\\\/uploads\\\/2026\\\/05\\\/cropped-logo.gif\",\"contentUrl\":\"https:\\\/\\\/abc-latina.com\\\/wp-content\\\/uploads\\\/2026\\\/05\\\/cropped-logo.gif\",\"width\":89,\"height\":84,\"caption\":\"Abc-latina\"},\"image\":{\"@id\":\"https:\\\/\\\/abc-latina.com\\\/#\\\/schema\\\/logo\\\/image\\\/\"}}]}<\/script>\n<!-- \/ Yoast SEO plugin. -->","yoast_head_json":{"title":"LOCATION de VOITURE en URUGUAY - Abc-latina","description":"Location de voiture en ligne pour l'Uruguay.","robots":{"index":"index","follow":"follow","max-snippet":"max-snippet:-1","max-image-preview":"max-image-preview:large","max-video-preview":"max-video-preview:-1"},"canonical":"https:\/\/abc-latina.com\/to\/location_de_voiture_uruguay\/","og_locale":"fr_FR","og_type":"article","og_title":"LOCATION de VOITURE en URUGUAY - Abc-latina","og_description":"Location de voiture en ligne pour l'Uruguay.","og_url":"https:\/\/abc-latina.com\/to\/location_de_voiture_uruguay\/","og_site_name":"Abc-latina","article_modified_time":"2026-04-30T16:25:31+00:00","twitter_card":"summary_large_image","schema":{"@context":"https:\/\/schema.org","@graph":[{"@type":"WebPage","@id":"https:\/\/abc-latina.com\/to\/location_de_voiture_uruguay\/","url":"https:\/\/abc-latina.com\/to\/location_de_voiture_uruguay\/","name":"LOCATION de VOITURE en URUGUAY - Abc-latina","isPartOf":{"@id":"https:\/\/abc-latina.com\/#website"},"datePublished":"2010-08-11T04:06:53+00:00","dateModified":"2026-04-30T16:25:31+00:00","description":"Location de voiture en ligne pour l'Uruguay.","breadcrumb":{"@id":"https:\/\/abc-latina.com\/to\/location_de_voiture_uruguay\/#breadcrumb"},"inLanguage":"fr-FR","potentialAction":[{"@type":"ReadAction","target":["https:\/\/abc-latina.com\/to\/location_de_voiture_uruguay\/"]}]},{"@type":"BreadcrumbList","@id":"https:\/\/abc-latina.com\/to\/location_de_voiture_uruguay\/#breadcrumb","itemListElement":[{"@type":"ListItem","position":1,"name":"Accueil","item":"https:\/\/abc-latina.com\/"},{"@type":"ListItem","position":2,"name":"LOCATION de VOITURE en URUGUAY"}]},{"@type":"WebSite","@id":"https:\/\/abc-latina.com\/#website","url":"https:\/\/abc-latina.com\/","name":"Abc-latina","description":"","publisher":{"@id":"https:\/\/abc-latina.com\/#organization"},"potentialAction":[{"@type":"SearchAction","target":{"@type":"EntryPoint","urlTemplate":"https:\/\/abc-latina.com\/?s={search_term_string}"},"query-input":{"@type":"PropertyValueSpecification","valueRequired":true,"valueName":"search_term_string"}}],"inLanguage":"fr-FR"},{"@type":"Organization","@id":"https:\/\/abc-latina.com\/#organization","name":"Abc-latina","url":"https:\/\/abc-latina.com\/","logo":{"@type":"ImageObject","inLanguage":"fr-FR","@id":"https:\/\/abc-latina.com\/#\/schema\/logo\/image\/","url":"https:\/\/abc-latina.com\/wp-content\/uploads\/2026\/05\/cropped-logo.gif","contentUrl":"https:\/\/abc-latina.com\/wp-content\/uploads\/2026\/05\/cropped-logo.gif","width":89,"height":84,"caption":"Abc-latina"},"image":{"@id":"https:\/\/abc-latina.com\/#\/schema\/logo\/image\/"}}]}},"_links":{"self":[{"href":"https:\/\/abc-latina.com\/wp-json\/wp\/v2\/pages\/2236","targetHints":{"allow":["GET"]}}],"collection":[{"href":"https:\/\/abc-latina.com\/wp-json\/wp\/v2\/pages"}],"about":[{"href":"https:\/\/abc-latina.com\/wp-json\/wp\/v2\/types\/page"}],"author":[{"embeddable":true,"href":"https:\/\/abc-latina.com\/wp-json\/wp\/v2\/users\/3"}],"replies":[{"embeddable":true,"href":"https:\/\/abc-latina.com\/wp-json\/wp\/v2\/comments?post=2236"}],"version-history":[{"count":1,"href":"https:\/\/abc-latina.com\/wp-json\/wp\/v2\/pages\/2236\/revisions"}],"predecessor-version":[{"id":4050,"href":"https:\/\/abc-latina.com\/wp-json\/wp\/v2\/pages\/2236\/revisions\/4050"}],"up":[{"embeddable":true,"href":"https:\/\/abc-latina.com\/wp-json\/wp\/v2\/pages\/2478"}],"wp:attachment":[{"href":"https:\/\/abc-latina.com\/wp-json\/wp\/v2\/media?parent=2236"}],"curies":[{"name":"wp","href":"https:\/\/api.w.org\/{rel}","templated":true}]}}