{"id":2243,"date":"2010-08-11T06:59:50","date_gmt":"2010-08-11T04:59:50","guid":{"rendered":"http:\/\/abc-latina.com\/sejour-htm\/"},"modified":"2026-04-30T18:25:31","modified_gmt":"2026-04-30T16:25:31","slug":"sejour","status":"publish","type":"page","link":"https:\/\/abc-latina.com\/to\/sejour\/","title":{"rendered":"SEJOUR"},"content":{"rendered":"<p style=\"text-align: justify;\">ARGENTINE . BELIZE . BOLIVIE . BRESIL . CHILI . COLOMBIE . COSTA RICA . CUBA EQUATEUR . EL SALVADOR . GUATEMALA . HONDURAS .&nbsp;MEXIQUE . NICARAGUA . PANAMA . PARAGUAY . PEROU . URUGUAY . VENEZUELA&nbsp;<\/p>\n<p style=\"text-align: justify;\"><script type=\"text\/javascript\">\nvar uri = 'https:\/\/impfr.tradedoubler.com\/imp?type(img)g(22843750)a(966162)' + new String (Math.random()).substring (2, 11);\ndocument.write('<a href=\"https:\/\/clk.tradedoubler.com\/click?p=265582&#038;a=966162&#038;g=22843750\" target=\"_BLANK\"><img decoding=\"async\" src=\"'+uri+'\" border=0><\/a>');\n<\/script><\/p>\n","protected":false},"excerpt":{"rendered":"<p>ARGENTINE . BELIZE . BOLIVIE . BRESIL . CHILI . COLOMBIE . COSTA RICA . CUBA EQUATEUR . EL SALVADOR [&hellip;]<\/p>\n","protected":false},"author":3,"featured_media":0,"parent":2478,"menu_order":0,"comment_status":"closed","ping_status":"closed","template":"","meta":{"site-sidebar-layout":"default","site-content-layout":"","ast-site-content-layout":"default","site-content-style":"default","site-sidebar-style":"default","ast-global-header-display":"","ast-banner-title-visibility":"","ast-main-header-display":"","ast-hfb-above-header-display":"","ast-hfb-below-header-display":"","ast-hfb-mobile-header-display":"","site-post-title":"","ast-breadcrumbs-content":"","ast-featured-img":"","footer-sml-layout":"","ast-disable-related-posts":"","theme-transparent-header-meta":"","adv-header-id-meta":"","stick-header-meta":"","header-above-stick-meta":"","header-main-stick-meta":"","header-below-stick-meta":"","astra-migrate-meta-layouts":"default","ast-page-background-enabled":"default","ast-page-background-meta":{"desktop":{"background-color":"var(--ast-global-color-5)","background-image":"","background-repeat":"repeat","background-position":"center center","background-size":"auto","background-attachment":"scroll","background-type":"","background-media":"","overlay-type":"","overlay-color":"","overlay-opacity":"","overlay-gradient":""},"tablet":{"background-color":"","background-image":"","background-repeat":"repeat","background-position":"center center","background-size":"auto","background-attachment":"scroll","background-type":"","background-media":"","overlay-type":"","overlay-color":"","overlay-opacity":"","overlay-gradient":""},"mobile":{"background-color":"","background-image":"","background-repeat":"repeat","background-position":"center center","background-size":"auto","background-attachment":"scroll","background-type":"","background-media":"","overlay-type":"","overlay-color":"","overlay-opacity":"","overlay-gradient":""}},"ast-content-background-meta":{"desktop":{"background-color":"var(--ast-global-color-4)","background-image":"","background-repeat":"repeat","background-position":"center center","background-size":"auto","background-attachment":"scroll","background-type":"","background-media":"","overlay-type":"","overlay-color":"","overlay-opacity":"","overlay-gradient":""},"tablet":{"background-color":"var(--ast-global-color-4)","background-image":"","background-repeat":"repeat","background-position":"center center","background-size":"auto","background-attachment":"scroll","background-type":"","background-media":"","overlay-type":"","overlay-color":"","overlay-opacity":"","overlay-gradient":""},"mobile":{"background-color":"var(--ast-global-color-4)","background-image":"","background-repeat":"repeat","background-position":"center center","background-size":"auto","background-attachment":"scroll","background-type":"","background-media":"","overlay-type":"","overlay-color":"","overlay-opacity":"","overlay-gradient":""}},"footnotes":""},"class_list":["post-2243","page","type-page","status-publish","hentry"],"yoast_head":"<!-- This site is optimized with the Yoast SEO plugin v27.5 - https:\/\/yoast.com\/product\/yoast-seo-wordpress\/ -->\n<title>SEJOUR - Abc-latina<\/title>\n<meta name=\"description\" content=\"R\u00e9servation de s\u00e9jours de vacances. Reservation de circuit touristique en Am\u00e9rique latine.\" \/>\n<meta name=\"robots\" content=\"index, follow, max-snippet:-1, max-image-preview:large, max-video-preview:-1\" \/>\n<link rel=\"canonical\" href=\"https:\/\/abc-latina.com\/to\/sejour\/\" \/>\n<meta property=\"og:locale\" content=\"fr_FR\" \/>\n<meta property=\"og:type\" content=\"article\" \/>\n<meta property=\"og:title\" content=\"SEJOUR - Abc-latina\" \/>\n<meta property=\"og:description\" content=\"R\u00e9servation de s\u00e9jours de vacances. Reservation de circuit touristique en Am\u00e9rique latine.\" \/>\n<meta property=\"og:url\" content=\"https:\/\/abc-latina.com\/to\/sejour\/\" \/>\n<meta property=\"og:site_name\" content=\"Abc-latina\" \/>\n<meta property=\"article:modified_time\" content=\"2026-04-30T16:25:31+00:00\" \/>\n<meta name=\"twitter:card\" content=\"summary_large_image\" \/>\n<script type=\"application\/ld+json\" class=\"yoast-schema-graph\">{\"@context\":\"https:\\\/\\\/schema.org\",\"@graph\":[{\"@type\":\"WebPage\",\"@id\":\"https:\\\/\\\/abc-latina.com\\\/to\\\/sejour\\\/\",\"url\":\"https:\\\/\\\/abc-latina.com\\\/to\\\/sejour\\\/\",\"name\":\"SEJOUR - Abc-latina\",\"isPartOf\":{\"@id\":\"https:\\\/\\\/abc-latina.com\\\/#website\"},\"datePublished\":\"2010-08-11T04:59:50+00:00\",\"dateModified\":\"2026-04-30T16:25:31+00:00\",\"description\":\"R\u00e9servation de s\u00e9jours de vacances. Reservation de circuit touristique en Am\u00e9rique latine.\",\"breadcrumb\":{\"@id\":\"https:\\\/\\\/abc-latina.com\\\/to\\\/sejour\\\/#breadcrumb\"},\"inLanguage\":\"fr-FR\",\"potentialAction\":[{\"@type\":\"ReadAction\",\"target\":[\"https:\\\/\\\/abc-latina.com\\\/to\\\/sejour\\\/\"]}]},{\"@type\":\"BreadcrumbList\",\"@id\":\"https:\\\/\\\/abc-latina.com\\\/to\\\/sejour\\\/#breadcrumb\",\"itemListElement\":[{\"@type\":\"ListItem\",\"position\":1,\"name\":\"Accueil\",\"item\":\"https:\\\/\\\/abc-latina.com\\\/\"},{\"@type\":\"ListItem\",\"position\":2,\"name\":\"SEJOUR\"}]},{\"@type\":\"WebSite\",\"@id\":\"https:\\\/\\\/abc-latina.com\\\/#website\",\"url\":\"https:\\\/\\\/abc-latina.com\\\/\",\"name\":\"Abc-latina\",\"description\":\"\",\"publisher\":{\"@id\":\"https:\\\/\\\/abc-latina.com\\\/#organization\"},\"potentialAction\":[{\"@type\":\"SearchAction\",\"target\":{\"@type\":\"EntryPoint\",\"urlTemplate\":\"https:\\\/\\\/abc-latina.com\\\/?s={search_term_string}\"},\"query-input\":{\"@type\":\"PropertyValueSpecification\",\"valueRequired\":true,\"valueName\":\"search_term_string\"}}],\"inLanguage\":\"fr-FR\"},{\"@type\":\"Organization\",\"@id\":\"https:\\\/\\\/abc-latina.com\\\/#organization\",\"name\":\"Abc-latina\",\"url\":\"https:\\\/\\\/abc-latina.com\\\/\",\"logo\":{\"@type\":\"ImageObject\",\"inLanguage\":\"fr-FR\",\"@id\":\"https:\\\/\\\/abc-latina.com\\\/#\\\/schema\\\/logo\\\/image\\\/\",\"url\":\"https:\\\/\\\/abc-latina.com\\\/wp-content\\\/uploads\\\/2026\\\/05\\\/cropped-logo.gif\",\"contentUrl\":\"https:\\\/\\\/abc-latina.com\\\/wp-content\\\/uploads\\\/2026\\\/05\\\/cropped-logo.gif\",\"width\":89,\"height\":84,\"caption\":\"Abc-latina\"},\"image\":{\"@id\":\"https:\\\/\\\/abc-latina.com\\\/#\\\/schema\\\/logo\\\/image\\\/\"}}]}<\/script>\n<!-- \/ Yoast SEO plugin. -->","yoast_head_json":{"title":"SEJOUR - Abc-latina","description":"R\u00e9servation de s\u00e9jours de vacances. Reservation de circuit touristique en Am\u00e9rique latine.","robots":{"index":"index","follow":"follow","max-snippet":"max-snippet:-1","max-image-preview":"max-image-preview:large","max-video-preview":"max-video-preview:-1"},"canonical":"https:\/\/abc-latina.com\/to\/sejour\/","og_locale":"fr_FR","og_type":"article","og_title":"SEJOUR - Abc-latina","og_description":"R\u00e9servation de s\u00e9jours de vacances. Reservation de circuit touristique en Am\u00e9rique latine.","og_url":"https:\/\/abc-latina.com\/to\/sejour\/","og_site_name":"Abc-latina","article_modified_time":"2026-04-30T16:25:31+00:00","twitter_card":"summary_large_image","schema":{"@context":"https:\/\/schema.org","@graph":[{"@type":"WebPage","@id":"https:\/\/abc-latina.com\/to\/sejour\/","url":"https:\/\/abc-latina.com\/to\/sejour\/","name":"SEJOUR - Abc-latina","isPartOf":{"@id":"https:\/\/abc-latina.com\/#website"},"datePublished":"2010-08-11T04:59:50+00:00","dateModified":"2026-04-30T16:25:31+00:00","description":"R\u00e9servation de s\u00e9jours de vacances. Reservation de circuit touristique en Am\u00e9rique latine.","breadcrumb":{"@id":"https:\/\/abc-latina.com\/to\/sejour\/#breadcrumb"},"inLanguage":"fr-FR","potentialAction":[{"@type":"ReadAction","target":["https:\/\/abc-latina.com\/to\/sejour\/"]}]},{"@type":"BreadcrumbList","@id":"https:\/\/abc-latina.com\/to\/sejour\/#breadcrumb","itemListElement":[{"@type":"ListItem","position":1,"name":"Accueil","item":"https:\/\/abc-latina.com\/"},{"@type":"ListItem","position":2,"name":"SEJOUR"}]},{"@type":"WebSite","@id":"https:\/\/abc-latina.com\/#website","url":"https:\/\/abc-latina.com\/","name":"Abc-latina","description":"","publisher":{"@id":"https:\/\/abc-latina.com\/#organization"},"potentialAction":[{"@type":"SearchAction","target":{"@type":"EntryPoint","urlTemplate":"https:\/\/abc-latina.com\/?s={search_term_string}"},"query-input":{"@type":"PropertyValueSpecification","valueRequired":true,"valueName":"search_term_string"}}],"inLanguage":"fr-FR"},{"@type":"Organization","@id":"https:\/\/abc-latina.com\/#organization","name":"Abc-latina","url":"https:\/\/abc-latina.com\/","logo":{"@type":"ImageObject","inLanguage":"fr-FR","@id":"https:\/\/abc-latina.com\/#\/schema\/logo\/image\/","url":"https:\/\/abc-latina.com\/wp-content\/uploads\/2026\/05\/cropped-logo.gif","contentUrl":"https:\/\/abc-latina.com\/wp-content\/uploads\/2026\/05\/cropped-logo.gif","width":89,"height":84,"caption":"Abc-latina"},"image":{"@id":"https:\/\/abc-latina.com\/#\/schema\/logo\/image\/"}}]}},"_links":{"self":[{"href":"https:\/\/abc-latina.com\/wp-json\/wp\/v2\/pages\/2243","targetHints":{"allow":["GET"]}}],"collection":[{"href":"https:\/\/abc-latina.com\/wp-json\/wp\/v2\/pages"}],"about":[{"href":"https:\/\/abc-latina.com\/wp-json\/wp\/v2\/types\/page"}],"author":[{"embeddable":true,"href":"https:\/\/abc-latina.com\/wp-json\/wp\/v2\/users\/3"}],"replies":[{"embeddable":true,"href":"https:\/\/abc-latina.com\/wp-json\/wp\/v2\/comments?post=2243"}],"version-history":[{"count":1,"href":"https:\/\/abc-latina.com\/wp-json\/wp\/v2\/pages\/2243\/revisions"}],"predecessor-version":[{"id":4055,"href":"https:\/\/abc-latina.com\/wp-json\/wp\/v2\/pages\/2243\/revisions\/4055"}],"up":[{"embeddable":true,"href":"https:\/\/abc-latina.com\/wp-json\/wp\/v2\/pages\/2478"}],"wp:attachment":[{"href":"https:\/\/abc-latina.com\/wp-json\/wp\/v2\/media?parent=2243"}],"curies":[{"name":"wp","href":"https:\/\/api.w.org\/{rel}","templated":true}]}}