{"id":225,"date":"2010-06-04T01:48:49","date_gmt":"2010-06-03T23:48:49","guid":{"rendered":"http:\/\/abc-latina.com\/rapanui-htm\/"},"modified":"2026-04-30T18:24:54","modified_gmt":"2026-04-30T16:24:54","slug":"rapanui","status":"publish","type":"page","link":"https:\/\/abc-latina.com\/chili\/rapanui\/","title":{"rendered":"L&rsquo;ILE de PAQUES &#8211; RAPA NUI"},"content":{"rendered":"<div><span class=\"tourisme-chapitre\"><img loading=\"lazy\" decoding=\"async\" class=\" size-full wp-image-223\" src=\"http:\/\/abc-latina.com\/wp-content\/uploads\/2010\/06\/012-ile-de-paques.jpg\" title=\"ILE DE PAQUES - RAPA NUI\" alt=\"ILE DE PAQUES - RAPA NUI\" width=\"480\" height=\"213\" srcset=\"https:\/\/abc-latina.com\/wp-content\/uploads\/2010\/06\/012-ile-de-paques.jpg 700w, https:\/\/abc-latina.com\/wp-content\/uploads\/2010\/06\/012-ile-de-paques-300x133.jpg 300w\" sizes=\"auto, (max-width: 480px) 100vw, 480px\" \/><\/span><\/div>\n<div>&nbsp;<\/div>\n<div><span class=\"tourisme-chapitre\">Rapa Nui<\/span> se trouve dans le Pacifique Sud, \u00e0 3.700 km de la c\u00f4te Chilienne. Elle est souvent d\u00e9sign\u00e9e sous le nom d&rsquo;<span class=\"tourisme-chapitre\">\u00eele de P\u00e2ques<\/span>, du fait que le jour o\u00f9 les premiers visiteurs europ\u00e9ens y ont mis le pied \u00e9tait le jour de P\u00e2ques 1722.<\/div>\n<div>Elle \u00e9tait le si\u00e8ge d&rsquo;une ancienne civilisation qui y avait laiss\u00e9, ici et l\u00e0, des amas d&rsquo;immenses sculptures en pierre appel\u00e9es moais. On d\u00e9nombre plus de 600 moais sur l&rsquo;\u00eele, dont certaines atteignent 10m de hauteur.<\/div>\n<div>La longueur d&rsquo;un s\u00e9jour \u00e0 l&rsquo;\u00eele de P\u00e2ques est parfois dict\u00e9e par les horaires des compagnies a\u00e9riennes, mais m\u00eame une visite de deux ou trois jourspermet de prendre part \u00e0 une excursion d&rsquo;une journ\u00e9e enti\u00e8re couvrant plusieurs des principaux sites arch\u00e9ologiques et offrant un bon aper\u00e7u de l&rsquo;\u00eele.<\/div>\n<div>&nbsp;<\/div>\n<div>L&rsquo;\u00eele de P\u00e2ques conna\u00eet un climat semi-tropical caract\u00e9ris\u00e9 par une temp\u00e9rature annuelle moyenne de 20,3&deg;C. Les mois les plus chauds sont d\u00e9cembre, janvier et f\u00e9vrier, tandis que la saison la plus fra\u00eeche s&rsquo;\u00e9tend de juin \u00e0 ao\u00fbt et requiert parfois le port d&rsquo;un chandail ou d&rsquo;une veste l\u00e9g\u00e8re. Mai s&rsquo;impose pour sa part comme le mois le plus pluvieux.<\/div>\n<div>&nbsp;<\/div>\n<div><a target=\"_blank\" href=\"tour_operateur\"><img loading=\"lazy\" decoding=\"async\" class=\"touroperateur size-full wp-image-41\" alt=\"\" src=\"http:\/\/abc-latina.com\/wp-content\/uploads\/2010\/04\/timbre_to.gif\" width=\"125\" height=\"90\" \/><\/a>Nul ne sait vraiment avec certitude d&rsquo;o\u00f9 les premiers habitants de l&rsquo;\u00eele de P\u00e2ques sont venus, pourquoi ils ont d\u00e9cid\u00e9 de s&rsquo;installer ici, quelle a pu \u00eatre la fr\u00e9quence de leurs rapports avec les \u00e9trangers, ni ce qui les a r\u00e9ellement motiv\u00e9s \u00e0 sculpter et \u00e0 \u00e9riger leurs grandioses monuments de pierre. On se sait d&rsquo;ailleurs pas non plus comment ils sont parvenus \u00e0 transporter ces \u00e9normes blocs de pierre, d&rsquo;un poids consid\u00e9rable, des sites dont ils ont \u00e9t\u00e9 extraits \u00e0 leurs emplacements actuels.<\/div>\n<div>&nbsp;<\/div>\n<div><a href=\"https:\/\/www.abc-latina.com\/chili\/ile-de-paques-des-secrets-a-reveler\">L&rsquo;\u00eele de P\u00e2ques a encore des secrets \u00e0 r\u00e9v\u00e9ler&#8230;<\/a><\/div>\n<div>&nbsp;<\/div>\n<div>&nbsp;<\/div>\n<div><a target=\"_blank\" href=\"https:\/\/www.abc-latina.com\/chili\/cartes-plans\/carte-ile-de-paques\"><img loading=\"lazy\" decoding=\"async\" class=\" size-full wp-image-224\" alt=\"CARTE de l'ILE DE PAQUES\" src=\"http:\/\/abc-latina.com\/wp-content\/uploads\/2010\/06\/carte-ile-de-paques-p.jpg\" width=\"400\" height=\"285\" srcset=\"https:\/\/abc-latina.com\/wp-content\/uploads\/2010\/06\/carte-ile-de-paques-p.jpg 400w, https:\/\/abc-latina.com\/wp-content\/uploads\/2010\/06\/carte-ile-de-paques-p-300x214.jpg 300w\" sizes=\"auto, (max-width: 400px) 100vw, 400px\" \/><\/a><\/div>\n<p>&nbsp;<\/p>\n<p>&nbsp;<img loading=\"lazy\" decoding=\"async\" class=\" size-full wp-image-46\" src=\"http:\/\/abc-latina.com\/wp-content\/uploads\/2010\/04\/pages-associes.gif\" alt=\"\" width=\"120\" height=\"10\" \/><br \/><a href=\"https:\/\/www.abc-latina.com\/chili\/moais-ile-de-paques-rapa-nui\">Les moais<\/a>&nbsp;<br \/><a target=\"_blank\" href=\"https:\/\/www.abc-latina.com\/chili\/cartes-plans\/carte-ile-de-paques\">Carte de l&rsquo;ile<\/a>&nbsp;<br \/><a href=\"https:\/\/www.abc-latina.com\/chili\/photos\/photos_ile_de_paques\">Photos<\/a> <\/p>\n<h3>Pr\u00e9parez votre voyage dans l&rsquo;\u00eele de Paques:<\/h3>\n<div><a href=\"https:\/\/www.abc-latina.com\/chili\/agence_de_voyages\">Agences de voyage g\u00e9n\u00e9ralistes et discounteurs<\/a><\/div>\n<div><a href=\"https:\/\/www.abc-latina.com\/chili\/tour_operateur\">Tours Op\u00e9rateurs sp\u00e9cialistes du Chili<\/a><\/div>\n<div><a target=\"_blank\" href=\"https:\/\/www.abc-latina.com\/to\/reservation_billet_avion\">R\u00e9servez votre billet d&rsquo;avion<\/a><\/div>\n<div><a href=\"https:\/\/www.abc-latina.com\/chili\/hotels\">R\u00e9servez votre h\u00f4tel \u00e0 l&rsquo;\u00eele de Paques<\/a>&nbsp;<\/div>\n<div><a target=\"_blank\" href=\"https:\/\/www.abc-latina.com\/to\/location_de_voiture_chili\">Location de voiture<\/a><\/div>\n","protected":false},"excerpt":{"rendered":"<p>&nbsp; Rapa Nui se trouve dans le Pacifique Sud, \u00e0 3.700 km de la c\u00f4te Chilienne. Elle est souvent d\u00e9sign\u00e9e [&hellip;]<\/p>\n","protected":false},"author":3,"featured_media":223,"parent":2293,"menu_order":0,"comment_status":"closed","ping_status":"closed","template":"","meta":{"site-sidebar-layout":"default","site-content-layout":"","ast-site-content-layout":"default","site-content-style":"default","site-sidebar-style":"default","ast-global-header-display":"","ast-banner-title-visibility":"","ast-main-header-display":"","ast-hfb-above-header-display":"","ast-hfb-below-header-display":"","ast-hfb-mobile-header-display":"","site-post-title":"","ast-breadcrumbs-content":"","ast-featured-img":"","footer-sml-layout":"","ast-disable-related-posts":"","theme-transparent-header-meta":"","adv-header-id-meta":"","stick-header-meta":"","header-above-stick-meta":"","header-main-stick-meta":"","header-below-stick-meta":"","astra-migrate-meta-layouts":"default","ast-page-background-enabled":"default","ast-page-background-meta":{"desktop":{"background-color":"var(--ast-global-color-5)","background-image":"","background-repeat":"repeat","background-position":"center center","background-size":"auto","background-attachment":"scroll","background-type":"","background-media":"","overlay-type":"","overlay-color":"","overlay-opacity":"","overlay-gradient":""},"tablet":{"background-color":"","background-image":"","background-repeat":"repeat","background-position":"center center","background-size":"auto","background-attachment":"scroll","background-type":"","background-media":"","overlay-type":"","overlay-color":"","overlay-opacity":"","overlay-gradient":""},"mobile":{"background-color":"","background-image":"","background-repeat":"repeat","background-position":"center center","background-size":"auto","background-attachment":"scroll","background-type":"","background-media":"","overlay-type":"","overlay-color":"","overlay-opacity":"","overlay-gradient":""}},"ast-content-background-meta":{"desktop":{"background-color":"var(--ast-global-color-4)","background-image":"","background-repeat":"repeat","background-position":"center center","background-size":"auto","background-attachment":"scroll","background-type":"","background-media":"","overlay-type":"","overlay-color":"","overlay-opacity":"","overlay-gradient":""},"tablet":{"background-color":"var(--ast-global-color-4)","background-image":"","background-repeat":"repeat","background-position":"center center","background-size":"auto","background-attachment":"scroll","background-type":"","background-media":"","overlay-type":"","overlay-color":"","overlay-opacity":"","overlay-gradient":""},"mobile":{"background-color":"var(--ast-global-color-4)","background-image":"","background-repeat":"repeat","background-position":"center center","background-size":"auto","background-attachment":"scroll","background-type":"","background-media":"","overlay-type":"","overlay-color":"","overlay-opacity":"","overlay-gradient":""}},"footnotes":""},"class_list":["post-225","page","type-page","status-publish","has-post-thumbnail","hentry"],"yoast_head":"<!-- This site is optimized with the Yoast SEO plugin v27.5 - https:\/\/yoast.com\/product\/yoast-seo-wordpress\/ -->\n<title>L&#039;ILE de PAQUES - RAPA NUI - Abc-latina<\/title>\n<meta name=\"description\" content=\"Tourisme et voyage: de l&#039;\u00efle de Paques, territoire chilien.\" \/>\n<meta name=\"robots\" content=\"index, follow, max-snippet:-1, max-image-preview:large, max-video-preview:-1\" \/>\n<link rel=\"canonical\" href=\"https:\/\/abc-latina.com\/chili\/rapanui\/\" \/>\n<meta property=\"og:locale\" content=\"fr_FR\" \/>\n<meta property=\"og:type\" content=\"article\" \/>\n<meta property=\"og:title\" content=\"L&#039;ILE de PAQUES - RAPA NUI - Abc-latina\" \/>\n<meta property=\"og:description\" content=\"Tourisme et voyage: de l&#039;\u00efle de Paques, territoire chilien.\" \/>\n<meta property=\"og:url\" content=\"https:\/\/abc-latina.com\/chili\/rapanui\/\" \/>\n<meta property=\"og:site_name\" content=\"Abc-latina\" \/>\n<meta property=\"article:modified_time\" content=\"2026-04-30T16:24:54+00:00\" \/>\n<meta property=\"og:image\" content=\"https:\/\/abc-latina.com\/wp-content\/uploads\/2010\/06\/012-ile-de-paques.jpg\" \/>\n\t<meta property=\"og:image:width\" content=\"700\" \/>\n\t<meta property=\"og:image:height\" content=\"311\" \/>\n\t<meta property=\"og:image:type\" content=\"image\/jpeg\" \/>\n<meta name=\"twitter:card\" content=\"summary_large_image\" \/>\n<meta name=\"twitter:label1\" content=\"Dur\u00e9e de lecture estim\u00e9e\" \/>\n\t<meta name=\"twitter:data1\" content=\"2 minutes\" \/>\n<script type=\"application\/ld+json\" class=\"yoast-schema-graph\">{\"@context\":\"https:\\\/\\\/schema.org\",\"@graph\":[{\"@type\":\"WebPage\",\"@id\":\"https:\\\/\\\/abc-latina.com\\\/chili\\\/rapanui\\\/\",\"url\":\"https:\\\/\\\/abc-latina.com\\\/chili\\\/rapanui\\\/\",\"name\":\"L'ILE de PAQUES - RAPA NUI - Abc-latina\",\"isPartOf\":{\"@id\":\"https:\\\/\\\/abc-latina.com\\\/#website\"},\"primaryImageOfPage\":{\"@id\":\"https:\\\/\\\/abc-latina.com\\\/chili\\\/rapanui\\\/#primaryimage\"},\"image\":{\"@id\":\"https:\\\/\\\/abc-latina.com\\\/chili\\\/rapanui\\\/#primaryimage\"},\"thumbnailUrl\":\"https:\\\/\\\/abc-latina.com\\\/wp-content\\\/uploads\\\/2010\\\/06\\\/012-ile-de-paques.jpg\",\"datePublished\":\"2010-06-03T23:48:49+00:00\",\"dateModified\":\"2026-04-30T16:24:54+00:00\",\"description\":\"Tourisme et voyage: de l'\u00efle de Paques, territoire chilien.\",\"breadcrumb\":{\"@id\":\"https:\\\/\\\/abc-latina.com\\\/chili\\\/rapanui\\\/#breadcrumb\"},\"inLanguage\":\"fr-FR\",\"potentialAction\":[{\"@type\":\"ReadAction\",\"target\":[\"https:\\\/\\\/abc-latina.com\\\/chili\\\/rapanui\\\/\"]}]},{\"@type\":\"ImageObject\",\"inLanguage\":\"fr-FR\",\"@id\":\"https:\\\/\\\/abc-latina.com\\\/chili\\\/rapanui\\\/#primaryimage\",\"url\":\"https:\\\/\\\/abc-latina.com\\\/wp-content\\\/uploads\\\/2010\\\/06\\\/012-ile-de-paques.jpg\",\"contentUrl\":\"https:\\\/\\\/abc-latina.com\\\/wp-content\\\/uploads\\\/2010\\\/06\\\/012-ile-de-paques.jpg\",\"width\":700,\"height\":311,\"caption\":\"ILE DE PAQUES - RAPA NUI\"},{\"@type\":\"BreadcrumbList\",\"@id\":\"https:\\\/\\\/abc-latina.com\\\/chili\\\/rapanui\\\/#breadcrumb\",\"itemListElement\":[{\"@type\":\"ListItem\",\"position\":1,\"name\":\"Accueil\",\"item\":\"https:\\\/\\\/abc-latina.com\\\/\"},{\"@type\":\"ListItem\",\"position\":2,\"name\":\"L&rsquo;ILE de PAQUES &#8211; RAPA NUI\"}]},{\"@type\":\"WebSite\",\"@id\":\"https:\\\/\\\/abc-latina.com\\\/#website\",\"url\":\"https:\\\/\\\/abc-latina.com\\\/\",\"name\":\"Abc-latina\",\"description\":\"\",\"publisher\":{\"@id\":\"https:\\\/\\\/abc-latina.com\\\/#organization\"},\"potentialAction\":[{\"@type\":\"SearchAction\",\"target\":{\"@type\":\"EntryPoint\",\"urlTemplate\":\"https:\\\/\\\/abc-latina.com\\\/?s={search_term_string}\"},\"query-input\":{\"@type\":\"PropertyValueSpecification\",\"valueRequired\":true,\"valueName\":\"search_term_string\"}}],\"inLanguage\":\"fr-FR\"},{\"@type\":\"Organization\",\"@id\":\"https:\\\/\\\/abc-latina.com\\\/#organization\",\"name\":\"Abc-latina\",\"url\":\"https:\\\/\\\/abc-latina.com\\\/\",\"logo\":{\"@type\":\"ImageObject\",\"inLanguage\":\"fr-FR\",\"@id\":\"https:\\\/\\\/abc-latina.com\\\/#\\\/schema\\\/logo\\\/image\\\/\",\"url\":\"https:\\\/\\\/abc-latina.com\\\/wp-content\\\/uploads\\\/2026\\\/05\\\/cropped-logo.gif\",\"contentUrl\":\"https:\\\/\\\/abc-latina.com\\\/wp-content\\\/uploads\\\/2026\\\/05\\\/cropped-logo.gif\",\"width\":89,\"height\":84,\"caption\":\"Abc-latina\"},\"image\":{\"@id\":\"https:\\\/\\\/abc-latina.com\\\/#\\\/schema\\\/logo\\\/image\\\/\"}}]}<\/script>\n<!-- \/ Yoast SEO plugin. -->","yoast_head_json":{"title":"L'ILE de PAQUES - RAPA NUI - Abc-latina","description":"Tourisme et voyage: de l'\u00efle de Paques, territoire chilien.","robots":{"index":"index","follow":"follow","max-snippet":"max-snippet:-1","max-image-preview":"max-image-preview:large","max-video-preview":"max-video-preview:-1"},"canonical":"https:\/\/abc-latina.com\/chili\/rapanui\/","og_locale":"fr_FR","og_type":"article","og_title":"L'ILE de PAQUES - RAPA NUI - Abc-latina","og_description":"Tourisme et voyage: de l'\u00efle de Paques, territoire chilien.","og_url":"https:\/\/abc-latina.com\/chili\/rapanui\/","og_site_name":"Abc-latina","article_modified_time":"2026-04-30T16:24:54+00:00","og_image":[{"width":700,"height":311,"url":"https:\/\/abc-latina.com\/wp-content\/uploads\/2010\/06\/012-ile-de-paques.jpg","type":"image\/jpeg"}],"twitter_card":"summary_large_image","twitter_misc":{"Dur\u00e9e de lecture estim\u00e9e":"2 minutes"},"schema":{"@context":"https:\/\/schema.org","@graph":[{"@type":"WebPage","@id":"https:\/\/abc-latina.com\/chili\/rapanui\/","url":"https:\/\/abc-latina.com\/chili\/rapanui\/","name":"L'ILE de PAQUES - RAPA NUI - Abc-latina","isPartOf":{"@id":"https:\/\/abc-latina.com\/#website"},"primaryImageOfPage":{"@id":"https:\/\/abc-latina.com\/chili\/rapanui\/#primaryimage"},"image":{"@id":"https:\/\/abc-latina.com\/chili\/rapanui\/#primaryimage"},"thumbnailUrl":"https:\/\/abc-latina.com\/wp-content\/uploads\/2010\/06\/012-ile-de-paques.jpg","datePublished":"2010-06-03T23:48:49+00:00","dateModified":"2026-04-30T16:24:54+00:00","description":"Tourisme et voyage: de l'\u00efle de Paques, territoire chilien.","breadcrumb":{"@id":"https:\/\/abc-latina.com\/chili\/rapanui\/#breadcrumb"},"inLanguage":"fr-FR","potentialAction":[{"@type":"ReadAction","target":["https:\/\/abc-latina.com\/chili\/rapanui\/"]}]},{"@type":"ImageObject","inLanguage":"fr-FR","@id":"https:\/\/abc-latina.com\/chili\/rapanui\/#primaryimage","url":"https:\/\/abc-latina.com\/wp-content\/uploads\/2010\/06\/012-ile-de-paques.jpg","contentUrl":"https:\/\/abc-latina.com\/wp-content\/uploads\/2010\/06\/012-ile-de-paques.jpg","width":700,"height":311,"caption":"ILE DE PAQUES - RAPA NUI"},{"@type":"BreadcrumbList","@id":"https:\/\/abc-latina.com\/chili\/rapanui\/#breadcrumb","itemListElement":[{"@type":"ListItem","position":1,"name":"Accueil","item":"https:\/\/abc-latina.com\/"},{"@type":"ListItem","position":2,"name":"L&rsquo;ILE de PAQUES &#8211; RAPA NUI"}]},{"@type":"WebSite","@id":"https:\/\/abc-latina.com\/#website","url":"https:\/\/abc-latina.com\/","name":"Abc-latina","description":"","publisher":{"@id":"https:\/\/abc-latina.com\/#organization"},"potentialAction":[{"@type":"SearchAction","target":{"@type":"EntryPoint","urlTemplate":"https:\/\/abc-latina.com\/?s={search_term_string}"},"query-input":{"@type":"PropertyValueSpecification","valueRequired":true,"valueName":"search_term_string"}}],"inLanguage":"fr-FR"},{"@type":"Organization","@id":"https:\/\/abc-latina.com\/#organization","name":"Abc-latina","url":"https:\/\/abc-latina.com\/","logo":{"@type":"ImageObject","inLanguage":"fr-FR","@id":"https:\/\/abc-latina.com\/#\/schema\/logo\/image\/","url":"https:\/\/abc-latina.com\/wp-content\/uploads\/2026\/05\/cropped-logo.gif","contentUrl":"https:\/\/abc-latina.com\/wp-content\/uploads\/2026\/05\/cropped-logo.gif","width":89,"height":84,"caption":"Abc-latina"},"image":{"@id":"https:\/\/abc-latina.com\/#\/schema\/logo\/image\/"}}]}},"_links":{"self":[{"href":"https:\/\/abc-latina.com\/wp-json\/wp\/v2\/pages\/225","targetHints":{"allow":["GET"]}}],"collection":[{"href":"https:\/\/abc-latina.com\/wp-json\/wp\/v2\/pages"}],"about":[{"href":"https:\/\/abc-latina.com\/wp-json\/wp\/v2\/types\/page"}],"author":[{"embeddable":true,"href":"https:\/\/abc-latina.com\/wp-json\/wp\/v2\/users\/3"}],"replies":[{"embeddable":true,"href":"https:\/\/abc-latina.com\/wp-json\/wp\/v2\/comments?post=225"}],"version-history":[{"count":1,"href":"https:\/\/abc-latina.com\/wp-json\/wp\/v2\/pages\/225\/revisions"}],"predecessor-version":[{"id":3257,"href":"https:\/\/abc-latina.com\/wp-json\/wp\/v2\/pages\/225\/revisions\/3257"}],"up":[{"embeddable":true,"href":"https:\/\/abc-latina.com\/wp-json\/wp\/v2\/pages\/2293"}],"wp:featuredmedia":[{"embeddable":true,"href":"https:\/\/abc-latina.com\/wp-json\/wp\/v2\/media\/223"}],"wp:attachment":[{"href":"https:\/\/abc-latina.com\/wp-json\/wp\/v2\/media?parent=225"}],"curies":[{"name":"wp","href":"https:\/\/api.w.org\/{rel}","templated":true}]}}