{"id":2253,"date":"2010-08-11T07:16:44","date_gmt":"2010-08-11T05:16:44","guid":{"rendered":"http:\/\/abc-latina.com\/voyage_cuba-htm\/"},"modified":"2026-04-30T18:25:31","modified_gmt":"2026-04-30T16:25:31","slug":"voyage_cuba","status":"publish","type":"page","link":"https:\/\/abc-latina.com\/to\/voyage_cuba\/","title":{"rendered":"VOYAGE \u00e0 CUBA"},"content":{"rendered":"<p>Impossible de d\u00e9couvrir Cuba sans passer quelques temps dans sa capitale, La Havane. Arr\u00eatez-vous quelques jours pour fl\u00e2ner sur le Malecon, en bord de mer, siroter un da\u00efquiri, admirer les palais de la Habana Vieja, inscrits au patrimoine mondial de l&rsquo;Humanit\u00e9 par l&rsquo;UNESCO et perdez-vous dans les rues du plus grand centre-ville colonial d&rsquo;Am\u00e9rique Latine.<\/p>\n<p>Direction ensuite la vall\u00e9e de Vi\u00f1ales, c\u00e9l\u00e8bre pour son paysage rocheux et la culture du tabac. Encadr\u00e9e de montagnes, cette vall\u00e9e vous fera d\u00e9couvrir l&rsquo;art et la mani\u00e8re de s\u00e9cher le tabac. La visite d&rsquo;une maison de s\u00e9chage et d&rsquo;une fabrique de cigares s&rsquo;av\u00e8re donc incontournable dans cette r\u00e9gion.<br \/>Continuez votre s\u00e9jour \u00e0 Cuba et prenez la direction d&rsquo;une autre ville coloniale, surnomm\u00e9e La Perle du Sud, Cienfuegos. Vous vous laisserez s\u00e9duire par ses larges avenues d&rsquo;inspiration fran\u00e7aise, son th\u00e9\u00e2tre Terry et son parc Jos\u00e9 Marti. Non loin de l\u00e0, Trinidad, splendide ville coloniale, est l&rsquo;une des villes les mieux pr\u00e9serv\u00e9es et authentiques du pays.<br \/>Faites un arr\u00eat pour visiter la ville de Che Guevara, Santa Clara. Passage par l&rsquo;unique mus\u00e9e du Che, Museo Memorial Ernesto Che Guevara, par la place de la R\u00e9volution ainsi qu&rsquo;au Memorial Del Tren Blindado.<br \/>Terminez votre p\u00e9riple par la presqu&rsquo;\u00eele de Varadero offrant d&rsquo;immenses plages de sable blanc, l\u00e9g\u00e8rement ombrag\u00e9es par quelques palmiers. Les possibilit\u00e9s de baignade, de plong\u00e9e, de voile et de sports nautiques sont innombrables ! <\/p>\n","protected":false},"excerpt":{"rendered":"<p>Impossible de d\u00e9couvrir Cuba sans passer quelques temps dans sa capitale, La Havane. Arr\u00eatez-vous quelques jours pour fl\u00e2ner sur le [&hellip;]<\/p>\n","protected":false},"author":3,"featured_media":0,"parent":2478,"menu_order":0,"comment_status":"closed","ping_status":"closed","template":"","meta":{"site-sidebar-layout":"default","site-content-layout":"","ast-site-content-layout":"default","site-content-style":"default","site-sidebar-style":"default","ast-global-header-display":"","ast-banner-title-visibility":"","ast-main-header-display":"","ast-hfb-above-header-display":"","ast-hfb-below-header-display":"","ast-hfb-mobile-header-display":"","site-post-title":"","ast-breadcrumbs-content":"","ast-featured-img":"","footer-sml-layout":"","ast-disable-related-posts":"","theme-transparent-header-meta":"","adv-header-id-meta":"","stick-header-meta":"","header-above-stick-meta":"","header-main-stick-meta":"","header-below-stick-meta":"","astra-migrate-meta-layouts":"default","ast-page-background-enabled":"default","ast-page-background-meta":{"desktop":{"background-color":"var(--ast-global-color-5)","background-image":"","background-repeat":"repeat","background-position":"center center","background-size":"auto","background-attachment":"scroll","background-type":"","background-media":"","overlay-type":"","overlay-color":"","overlay-opacity":"","overlay-gradient":""},"tablet":{"background-color":"","background-image":"","background-repeat":"repeat","background-position":"center center","background-size":"auto","background-attachment":"scroll","background-type":"","background-media":"","overlay-type":"","overlay-color":"","overlay-opacity":"","overlay-gradient":""},"mobile":{"background-color":"","background-image":"","background-repeat":"repeat","background-position":"center center","background-size":"auto","background-attachment":"scroll","background-type":"","background-media":"","overlay-type":"","overlay-color":"","overlay-opacity":"","overlay-gradient":""}},"ast-content-background-meta":{"desktop":{"background-color":"var(--ast-global-color-4)","background-image":"","background-repeat":"repeat","background-position":"center center","background-size":"auto","background-attachment":"scroll","background-type":"","background-media":"","overlay-type":"","overlay-color":"","overlay-opacity":"","overlay-gradient":""},"tablet":{"background-color":"var(--ast-global-color-4)","background-image":"","background-repeat":"repeat","background-position":"center center","background-size":"auto","background-attachment":"scroll","background-type":"","background-media":"","overlay-type":"","overlay-color":"","overlay-opacity":"","overlay-gradient":""},"mobile":{"background-color":"var(--ast-global-color-4)","background-image":"","background-repeat":"repeat","background-position":"center center","background-size":"auto","background-attachment":"scroll","background-type":"","background-media":"","overlay-type":"","overlay-color":"","overlay-opacity":"","overlay-gradient":""}},"footnotes":""},"class_list":["post-2253","page","type-page","status-publish","hentry"],"yoast_head":"<!-- This site is optimized with the Yoast SEO plugin v27.5 - https:\/\/yoast.com\/product\/yoast-seo-wordpress\/ -->\n<title>VOYAGE \u00e0 CUBA - Abc-latina<\/title>\n<meta name=\"description\" content=\"Voyage \u00e0 Cuba: Circuits - S\u00e9jours - R\u00e9servation d&#039;h\u00f4tel et de voitures.\" \/>\n<meta name=\"robots\" content=\"index, follow, max-snippet:-1, max-image-preview:large, max-video-preview:-1\" \/>\n<link rel=\"canonical\" href=\"https:\/\/abc-latina.com\/to\/voyage_cuba\/\" \/>\n<meta property=\"og:locale\" content=\"fr_FR\" \/>\n<meta property=\"og:type\" content=\"article\" \/>\n<meta property=\"og:title\" content=\"VOYAGE \u00e0 CUBA - Abc-latina\" \/>\n<meta property=\"og:description\" content=\"Voyage \u00e0 Cuba: Circuits - S\u00e9jours - R\u00e9servation d&#039;h\u00f4tel et de voitures.\" \/>\n<meta property=\"og:url\" content=\"https:\/\/abc-latina.com\/to\/voyage_cuba\/\" \/>\n<meta property=\"og:site_name\" content=\"Abc-latina\" \/>\n<meta property=\"article:modified_time\" content=\"2026-04-30T16:25:31+00:00\" \/>\n<meta name=\"twitter:card\" content=\"summary_large_image\" \/>\n<meta name=\"twitter:label1\" content=\"Dur\u00e9e de lecture estim\u00e9e\" \/>\n\t<meta name=\"twitter:data1\" content=\"1 minute\" \/>\n<script type=\"application\/ld+json\" class=\"yoast-schema-graph\">{\"@context\":\"https:\\\/\\\/schema.org\",\"@graph\":[{\"@type\":\"WebPage\",\"@id\":\"https:\\\/\\\/abc-latina.com\\\/to\\\/voyage_cuba\\\/\",\"url\":\"https:\\\/\\\/abc-latina.com\\\/to\\\/voyage_cuba\\\/\",\"name\":\"VOYAGE \u00e0 CUBA - Abc-latina\",\"isPartOf\":{\"@id\":\"https:\\\/\\\/abc-latina.com\\\/#website\"},\"datePublished\":\"2010-08-11T05:16:44+00:00\",\"dateModified\":\"2026-04-30T16:25:31+00:00\",\"description\":\"Voyage \u00e0 Cuba: Circuits - S\u00e9jours - R\u00e9servation d'h\u00f4tel et de voitures.\",\"breadcrumb\":{\"@id\":\"https:\\\/\\\/abc-latina.com\\\/to\\\/voyage_cuba\\\/#breadcrumb\"},\"inLanguage\":\"fr-FR\",\"potentialAction\":[{\"@type\":\"ReadAction\",\"target\":[\"https:\\\/\\\/abc-latina.com\\\/to\\\/voyage_cuba\\\/\"]}]},{\"@type\":\"BreadcrumbList\",\"@id\":\"https:\\\/\\\/abc-latina.com\\\/to\\\/voyage_cuba\\\/#breadcrumb\",\"itemListElement\":[{\"@type\":\"ListItem\",\"position\":1,\"name\":\"Accueil\",\"item\":\"https:\\\/\\\/abc-latina.com\\\/\"},{\"@type\":\"ListItem\",\"position\":2,\"name\":\"VOYAGE \u00e0 CUBA\"}]},{\"@type\":\"WebSite\",\"@id\":\"https:\\\/\\\/abc-latina.com\\\/#website\",\"url\":\"https:\\\/\\\/abc-latina.com\\\/\",\"name\":\"Abc-latina\",\"description\":\"\",\"publisher\":{\"@id\":\"https:\\\/\\\/abc-latina.com\\\/#organization\"},\"potentialAction\":[{\"@type\":\"SearchAction\",\"target\":{\"@type\":\"EntryPoint\",\"urlTemplate\":\"https:\\\/\\\/abc-latina.com\\\/?s={search_term_string}\"},\"query-input\":{\"@type\":\"PropertyValueSpecification\",\"valueRequired\":true,\"valueName\":\"search_term_string\"}}],\"inLanguage\":\"fr-FR\"},{\"@type\":\"Organization\",\"@id\":\"https:\\\/\\\/abc-latina.com\\\/#organization\",\"name\":\"Abc-latina\",\"url\":\"https:\\\/\\\/abc-latina.com\\\/\",\"logo\":{\"@type\":\"ImageObject\",\"inLanguage\":\"fr-FR\",\"@id\":\"https:\\\/\\\/abc-latina.com\\\/#\\\/schema\\\/logo\\\/image\\\/\",\"url\":\"https:\\\/\\\/abc-latina.com\\\/wp-content\\\/uploads\\\/2026\\\/05\\\/cropped-logo.gif\",\"contentUrl\":\"https:\\\/\\\/abc-latina.com\\\/wp-content\\\/uploads\\\/2026\\\/05\\\/cropped-logo.gif\",\"width\":89,\"height\":84,\"caption\":\"Abc-latina\"},\"image\":{\"@id\":\"https:\\\/\\\/abc-latina.com\\\/#\\\/schema\\\/logo\\\/image\\\/\"}}]}<\/script>\n<!-- \/ Yoast SEO plugin. -->","yoast_head_json":{"title":"VOYAGE \u00e0 CUBA - Abc-latina","description":"Voyage \u00e0 Cuba: Circuits - S\u00e9jours - R\u00e9servation d'h\u00f4tel et de voitures.","robots":{"index":"index","follow":"follow","max-snippet":"max-snippet:-1","max-image-preview":"max-image-preview:large","max-video-preview":"max-video-preview:-1"},"canonical":"https:\/\/abc-latina.com\/to\/voyage_cuba\/","og_locale":"fr_FR","og_type":"article","og_title":"VOYAGE \u00e0 CUBA - Abc-latina","og_description":"Voyage \u00e0 Cuba: Circuits - S\u00e9jours - R\u00e9servation d'h\u00f4tel et de voitures.","og_url":"https:\/\/abc-latina.com\/to\/voyage_cuba\/","og_site_name":"Abc-latina","article_modified_time":"2026-04-30T16:25:31+00:00","twitter_card":"summary_large_image","twitter_misc":{"Dur\u00e9e de lecture estim\u00e9e":"1 minute"},"schema":{"@context":"https:\/\/schema.org","@graph":[{"@type":"WebPage","@id":"https:\/\/abc-latina.com\/to\/voyage_cuba\/","url":"https:\/\/abc-latina.com\/to\/voyage_cuba\/","name":"VOYAGE \u00e0 CUBA - Abc-latina","isPartOf":{"@id":"https:\/\/abc-latina.com\/#website"},"datePublished":"2010-08-11T05:16:44+00:00","dateModified":"2026-04-30T16:25:31+00:00","description":"Voyage \u00e0 Cuba: Circuits - S\u00e9jours - R\u00e9servation d'h\u00f4tel et de voitures.","breadcrumb":{"@id":"https:\/\/abc-latina.com\/to\/voyage_cuba\/#breadcrumb"},"inLanguage":"fr-FR","potentialAction":[{"@type":"ReadAction","target":["https:\/\/abc-latina.com\/to\/voyage_cuba\/"]}]},{"@type":"BreadcrumbList","@id":"https:\/\/abc-latina.com\/to\/voyage_cuba\/#breadcrumb","itemListElement":[{"@type":"ListItem","position":1,"name":"Accueil","item":"https:\/\/abc-latina.com\/"},{"@type":"ListItem","position":2,"name":"VOYAGE \u00e0 CUBA"}]},{"@type":"WebSite","@id":"https:\/\/abc-latina.com\/#website","url":"https:\/\/abc-latina.com\/","name":"Abc-latina","description":"","publisher":{"@id":"https:\/\/abc-latina.com\/#organization"},"potentialAction":[{"@type":"SearchAction","target":{"@type":"EntryPoint","urlTemplate":"https:\/\/abc-latina.com\/?s={search_term_string}"},"query-input":{"@type":"PropertyValueSpecification","valueRequired":true,"valueName":"search_term_string"}}],"inLanguage":"fr-FR"},{"@type":"Organization","@id":"https:\/\/abc-latina.com\/#organization","name":"Abc-latina","url":"https:\/\/abc-latina.com\/","logo":{"@type":"ImageObject","inLanguage":"fr-FR","@id":"https:\/\/abc-latina.com\/#\/schema\/logo\/image\/","url":"https:\/\/abc-latina.com\/wp-content\/uploads\/2026\/05\/cropped-logo.gif","contentUrl":"https:\/\/abc-latina.com\/wp-content\/uploads\/2026\/05\/cropped-logo.gif","width":89,"height":84,"caption":"Abc-latina"},"image":{"@id":"https:\/\/abc-latina.com\/#\/schema\/logo\/image\/"}}]}},"_links":{"self":[{"href":"https:\/\/abc-latina.com\/wp-json\/wp\/v2\/pages\/2253","targetHints":{"allow":["GET"]}}],"collection":[{"href":"https:\/\/abc-latina.com\/wp-json\/wp\/v2\/pages"}],"about":[{"href":"https:\/\/abc-latina.com\/wp-json\/wp\/v2\/types\/page"}],"author":[{"embeddable":true,"href":"https:\/\/abc-latina.com\/wp-json\/wp\/v2\/users\/3"}],"replies":[{"embeddable":true,"href":"https:\/\/abc-latina.com\/wp-json\/wp\/v2\/comments?post=2253"}],"version-history":[{"count":1,"href":"https:\/\/abc-latina.com\/wp-json\/wp\/v2\/pages\/2253\/revisions"}],"predecessor-version":[{"id":4065,"href":"https:\/\/abc-latina.com\/wp-json\/wp\/v2\/pages\/2253\/revisions\/4065"}],"up":[{"embeddable":true,"href":"https:\/\/abc-latina.com\/wp-json\/wp\/v2\/pages\/2478"}],"wp:attachment":[{"href":"https:\/\/abc-latina.com\/wp-json\/wp\/v2\/media?parent=2253"}],"curies":[{"name":"wp","href":"https:\/\/api.w.org\/{rel}","templated":true}]}}