{"id":2256,"date":"2010-08-11T07:23:18","date_gmt":"2010-08-11T05:23:18","guid":{"rendered":"http:\/\/abc-latina.com\/voyage_guatemala-htm\/"},"modified":"2026-04-30T18:25:31","modified_gmt":"2026-04-30T16:25:31","slug":"voyage_guatemala","status":"publish","type":"page","link":"https:\/\/abc-latina.com\/to\/voyage_guatemala\/","title":{"rendered":"VOYAGE au GUATEMALA"},"content":{"rendered":"<p>Commencez par visiter la capitale avec ses nombreux mus\u00e9es et sa vie nocturne tr\u00e9pidante puis prenez la route vers le Honduras, pour visiter le superbe site maya de Cop\u00e1n, \u00e0 cheval sur les deux pays. Un autre site maya tout aussi int\u00e9ressant se trouve \u00e0 Quirigua, au nord-est du pays. De l\u00e0, vous pourrez vous rendre \u00e0 Linvingston, sur la c\u00f4te Cara\u00efbes et faire une pause baln\u00e9aire.<br \/>Poursuivez votre s\u00e9jour au Guatemala vers le nord en passant par Rio Dulce et Finca Ixobel en empruntant la route 13, le but \u00e9tant de rejoindre Tikal, le plus majestueux des sites mayas. D&rsquo;autres vestiges mayas, tels que Yaxha et Uaxactun sont tout aussi impressionnants et m\u00e9ritent \u00e9galement un d\u00e9tour.<br \/>Mettez ensuite le cap vers Flores, puis vers Sayaxch\u00e9, une jolie ville en bord de rivi\u00e8re entour\u00e9e d&rsquo;autres monuments spectaculaires mayas : Ceibal, Aguateca et Dos Pilas. Prenez ensuite la direction de Chisec, puis rejoignez Coban, point de d\u00e9part vers plusieurs merveilles naturelles guat\u00e9malt\u00e8ques telles que la Laguna Lachua, prenant place au c\u0153ur d&rsquo;une jungle luxuriante, les \u00e9tangs turquoise et les cascades de Semuc Champey.<\/p>\n","protected":false},"excerpt":{"rendered":"<p>Commencez par visiter la capitale avec ses nombreux mus\u00e9es et sa vie nocturne tr\u00e9pidante puis prenez la route vers le [&hellip;]<\/p>\n","protected":false},"author":3,"featured_media":0,"parent":2478,"menu_order":0,"comment_status":"closed","ping_status":"closed","template":"","meta":{"site-sidebar-layout":"default","site-content-layout":"","ast-site-content-layout":"default","site-content-style":"default","site-sidebar-style":"default","ast-global-header-display":"","ast-banner-title-visibility":"","ast-main-header-display":"","ast-hfb-above-header-display":"","ast-hfb-below-header-display":"","ast-hfb-mobile-header-display":"","site-post-title":"","ast-breadcrumbs-content":"","ast-featured-img":"","footer-sml-layout":"","ast-disable-related-posts":"","theme-transparent-header-meta":"","adv-header-id-meta":"","stick-header-meta":"","header-above-stick-meta":"","header-main-stick-meta":"","header-below-stick-meta":"","astra-migrate-meta-layouts":"default","ast-page-background-enabled":"default","ast-page-background-meta":{"desktop":{"background-color":"var(--ast-global-color-5)","background-image":"","background-repeat":"repeat","background-position":"center center","background-size":"auto","background-attachment":"scroll","background-type":"","background-media":"","overlay-type":"","overlay-color":"","overlay-opacity":"","overlay-gradient":""},"tablet":{"background-color":"","background-image":"","background-repeat":"repeat","background-position":"center center","background-size":"auto","background-attachment":"scroll","background-type":"","background-media":"","overlay-type":"","overlay-color":"","overlay-opacity":"","overlay-gradient":""},"mobile":{"background-color":"","background-image":"","background-repeat":"repeat","background-position":"center center","background-size":"auto","background-attachment":"scroll","background-type":"","background-media":"","overlay-type":"","overlay-color":"","overlay-opacity":"","overlay-gradient":""}},"ast-content-background-meta":{"desktop":{"background-color":"var(--ast-global-color-4)","background-image":"","background-repeat":"repeat","background-position":"center center","background-size":"auto","background-attachment":"scroll","background-type":"","background-media":"","overlay-type":"","overlay-color":"","overlay-opacity":"","overlay-gradient":""},"tablet":{"background-color":"var(--ast-global-color-4)","background-image":"","background-repeat":"repeat","background-position":"center center","background-size":"auto","background-attachment":"scroll","background-type":"","background-media":"","overlay-type":"","overlay-color":"","overlay-opacity":"","overlay-gradient":""},"mobile":{"background-color":"var(--ast-global-color-4)","background-image":"","background-repeat":"repeat","background-position":"center center","background-size":"auto","background-attachment":"scroll","background-type":"","background-media":"","overlay-type":"","overlay-color":"","overlay-opacity":"","overlay-gradient":""}},"footnotes":""},"class_list":["post-2256","page","type-page","status-publish","hentry"],"yoast_head":"<!-- This site is optimized with the Yoast SEO plugin v27.5 - https:\/\/yoast.com\/product\/yoast-seo-wordpress\/ -->\n<title>VOYAGE au GUATEMALA - Abc-latina<\/title>\n<meta name=\"description\" content=\"Voyage au Guatemala: Circuits - S\u00e9jours - R\u00e9servation d&#039;h\u00f4tel et de voitures.\" \/>\n<meta name=\"robots\" content=\"index, follow, max-snippet:-1, max-image-preview:large, max-video-preview:-1\" \/>\n<link rel=\"canonical\" href=\"https:\/\/abc-latina.com\/to\/voyage_guatemala\/\" \/>\n<meta property=\"og:locale\" content=\"fr_FR\" \/>\n<meta property=\"og:type\" content=\"article\" \/>\n<meta property=\"og:title\" content=\"VOYAGE au GUATEMALA - Abc-latina\" \/>\n<meta property=\"og:description\" content=\"Voyage au Guatemala: Circuits - S\u00e9jours - R\u00e9servation d&#039;h\u00f4tel et de voitures.\" \/>\n<meta property=\"og:url\" content=\"https:\/\/abc-latina.com\/to\/voyage_guatemala\/\" \/>\n<meta property=\"og:site_name\" content=\"Abc-latina\" \/>\n<meta property=\"article:modified_time\" content=\"2026-04-30T16:25:31+00:00\" \/>\n<meta name=\"twitter:card\" content=\"summary_large_image\" \/>\n<meta name=\"twitter:label1\" content=\"Dur\u00e9e de lecture estim\u00e9e\" \/>\n\t<meta name=\"twitter:data1\" content=\"1 minute\" \/>\n<script type=\"application\/ld+json\" class=\"yoast-schema-graph\">{\"@context\":\"https:\\\/\\\/schema.org\",\"@graph\":[{\"@type\":\"WebPage\",\"@id\":\"https:\\\/\\\/abc-latina.com\\\/to\\\/voyage_guatemala\\\/\",\"url\":\"https:\\\/\\\/abc-latina.com\\\/to\\\/voyage_guatemala\\\/\",\"name\":\"VOYAGE au GUATEMALA - Abc-latina\",\"isPartOf\":{\"@id\":\"https:\\\/\\\/abc-latina.com\\\/#website\"},\"datePublished\":\"2010-08-11T05:23:18+00:00\",\"dateModified\":\"2026-04-30T16:25:31+00:00\",\"description\":\"Voyage au Guatemala: Circuits - S\u00e9jours - R\u00e9servation d'h\u00f4tel et de voitures.\",\"breadcrumb\":{\"@id\":\"https:\\\/\\\/abc-latina.com\\\/to\\\/voyage_guatemala\\\/#breadcrumb\"},\"inLanguage\":\"fr-FR\",\"potentialAction\":[{\"@type\":\"ReadAction\",\"target\":[\"https:\\\/\\\/abc-latina.com\\\/to\\\/voyage_guatemala\\\/\"]}]},{\"@type\":\"BreadcrumbList\",\"@id\":\"https:\\\/\\\/abc-latina.com\\\/to\\\/voyage_guatemala\\\/#breadcrumb\",\"itemListElement\":[{\"@type\":\"ListItem\",\"position\":1,\"name\":\"Accueil\",\"item\":\"https:\\\/\\\/abc-latina.com\\\/\"},{\"@type\":\"ListItem\",\"position\":2,\"name\":\"VOYAGE au GUATEMALA\"}]},{\"@type\":\"WebSite\",\"@id\":\"https:\\\/\\\/abc-latina.com\\\/#website\",\"url\":\"https:\\\/\\\/abc-latina.com\\\/\",\"name\":\"Abc-latina\",\"description\":\"\",\"publisher\":{\"@id\":\"https:\\\/\\\/abc-latina.com\\\/#organization\"},\"potentialAction\":[{\"@type\":\"SearchAction\",\"target\":{\"@type\":\"EntryPoint\",\"urlTemplate\":\"https:\\\/\\\/abc-latina.com\\\/?s={search_term_string}\"},\"query-input\":{\"@type\":\"PropertyValueSpecification\",\"valueRequired\":true,\"valueName\":\"search_term_string\"}}],\"inLanguage\":\"fr-FR\"},{\"@type\":\"Organization\",\"@id\":\"https:\\\/\\\/abc-latina.com\\\/#organization\",\"name\":\"Abc-latina\",\"url\":\"https:\\\/\\\/abc-latina.com\\\/\",\"logo\":{\"@type\":\"ImageObject\",\"inLanguage\":\"fr-FR\",\"@id\":\"https:\\\/\\\/abc-latina.com\\\/#\\\/schema\\\/logo\\\/image\\\/\",\"url\":\"https:\\\/\\\/abc-latina.com\\\/wp-content\\\/uploads\\\/2026\\\/05\\\/cropped-logo.gif\",\"contentUrl\":\"https:\\\/\\\/abc-latina.com\\\/wp-content\\\/uploads\\\/2026\\\/05\\\/cropped-logo.gif\",\"width\":89,\"height\":84,\"caption\":\"Abc-latina\"},\"image\":{\"@id\":\"https:\\\/\\\/abc-latina.com\\\/#\\\/schema\\\/logo\\\/image\\\/\"}}]}<\/script>\n<!-- \/ Yoast SEO plugin. -->","yoast_head_json":{"title":"VOYAGE au GUATEMALA - Abc-latina","description":"Voyage au Guatemala: Circuits - S\u00e9jours - R\u00e9servation d'h\u00f4tel et de voitures.","robots":{"index":"index","follow":"follow","max-snippet":"max-snippet:-1","max-image-preview":"max-image-preview:large","max-video-preview":"max-video-preview:-1"},"canonical":"https:\/\/abc-latina.com\/to\/voyage_guatemala\/","og_locale":"fr_FR","og_type":"article","og_title":"VOYAGE au GUATEMALA - Abc-latina","og_description":"Voyage au Guatemala: Circuits - S\u00e9jours - R\u00e9servation d'h\u00f4tel et de voitures.","og_url":"https:\/\/abc-latina.com\/to\/voyage_guatemala\/","og_site_name":"Abc-latina","article_modified_time":"2026-04-30T16:25:31+00:00","twitter_card":"summary_large_image","twitter_misc":{"Dur\u00e9e de lecture estim\u00e9e":"1 minute"},"schema":{"@context":"https:\/\/schema.org","@graph":[{"@type":"WebPage","@id":"https:\/\/abc-latina.com\/to\/voyage_guatemala\/","url":"https:\/\/abc-latina.com\/to\/voyage_guatemala\/","name":"VOYAGE au GUATEMALA - Abc-latina","isPartOf":{"@id":"https:\/\/abc-latina.com\/#website"},"datePublished":"2010-08-11T05:23:18+00:00","dateModified":"2026-04-30T16:25:31+00:00","description":"Voyage au Guatemala: Circuits - S\u00e9jours - R\u00e9servation d'h\u00f4tel et de voitures.","breadcrumb":{"@id":"https:\/\/abc-latina.com\/to\/voyage_guatemala\/#breadcrumb"},"inLanguage":"fr-FR","potentialAction":[{"@type":"ReadAction","target":["https:\/\/abc-latina.com\/to\/voyage_guatemala\/"]}]},{"@type":"BreadcrumbList","@id":"https:\/\/abc-latina.com\/to\/voyage_guatemala\/#breadcrumb","itemListElement":[{"@type":"ListItem","position":1,"name":"Accueil","item":"https:\/\/abc-latina.com\/"},{"@type":"ListItem","position":2,"name":"VOYAGE au GUATEMALA"}]},{"@type":"WebSite","@id":"https:\/\/abc-latina.com\/#website","url":"https:\/\/abc-latina.com\/","name":"Abc-latina","description":"","publisher":{"@id":"https:\/\/abc-latina.com\/#organization"},"potentialAction":[{"@type":"SearchAction","target":{"@type":"EntryPoint","urlTemplate":"https:\/\/abc-latina.com\/?s={search_term_string}"},"query-input":{"@type":"PropertyValueSpecification","valueRequired":true,"valueName":"search_term_string"}}],"inLanguage":"fr-FR"},{"@type":"Organization","@id":"https:\/\/abc-latina.com\/#organization","name":"Abc-latina","url":"https:\/\/abc-latina.com\/","logo":{"@type":"ImageObject","inLanguage":"fr-FR","@id":"https:\/\/abc-latina.com\/#\/schema\/logo\/image\/","url":"https:\/\/abc-latina.com\/wp-content\/uploads\/2026\/05\/cropped-logo.gif","contentUrl":"https:\/\/abc-latina.com\/wp-content\/uploads\/2026\/05\/cropped-logo.gif","width":89,"height":84,"caption":"Abc-latina"},"image":{"@id":"https:\/\/abc-latina.com\/#\/schema\/logo\/image\/"}}]}},"_links":{"self":[{"href":"https:\/\/abc-latina.com\/wp-json\/wp\/v2\/pages\/2256","targetHints":{"allow":["GET"]}}],"collection":[{"href":"https:\/\/abc-latina.com\/wp-json\/wp\/v2\/pages"}],"about":[{"href":"https:\/\/abc-latina.com\/wp-json\/wp\/v2\/types\/page"}],"author":[{"embeddable":true,"href":"https:\/\/abc-latina.com\/wp-json\/wp\/v2\/users\/3"}],"replies":[{"embeddable":true,"href":"https:\/\/abc-latina.com\/wp-json\/wp\/v2\/comments?post=2256"}],"version-history":[{"count":1,"href":"https:\/\/abc-latina.com\/wp-json\/wp\/v2\/pages\/2256\/revisions"}],"predecessor-version":[{"id":4068,"href":"https:\/\/abc-latina.com\/wp-json\/wp\/v2\/pages\/2256\/revisions\/4068"}],"up":[{"embeddable":true,"href":"https:\/\/abc-latina.com\/wp-json\/wp\/v2\/pages\/2478"}],"wp:attachment":[{"href":"https:\/\/abc-latina.com\/wp-json\/wp\/v2\/media?parent=2256"}],"curies":[{"name":"wp","href":"https:\/\/api.w.org\/{rel}","templated":true}]}}