{"id":2267,"date":"2010-08-28T22:19:09","date_gmt":"2010-08-28T20:19:09","guid":{"rendered":"http:\/\/abc-latina.com\/bossa-nova-php\/"},"modified":"2026-04-30T18:25:09","modified_gmt":"2026-04-30T16:25:09","slug":"bossa-nova","status":"publish","type":"page","link":"https:\/\/abc-latina.com\/musique\/bossa-nova\/","title":{"rendered":"La BOSSA NOVA"},"content":{"rendered":"<div>La <span class=\"tourisme-chapitre\">bossa nova<\/span> est un style musical invent\u00e9 par Jo\u00e3o Gilberto qui inspira un groupe d&rsquo;\u00e9tudiants et de musiciens \u00e0 la fin des ann\u00e9es 1950 dans les quartiers d&rsquo;Ipanema et de Copacabana \u00e0 <a href=\"https:\/\/www.abc-latina.com\/bresil\/rio_de_janeiro\" target=\"_blank\">Rio de Janeiro<\/a>. En 1958, elle fut popularis\u00e9e au Br\u00e9sil par le disque Chega de Saudade, interpr\u00e9t\u00e9 par Jo\u00e3o Gilberto. En 1963, gr\u00e2ce \u00e0 la collaboration de Jo\u00e3o Gilberto et du saxophoniste Stan Getz, la bossa nova remporta un succ\u00e8s plan\u00e9taire avec l&rsquo;inoubliable A Garota de Ipanema (La fille d&rsquo;Ipanema), interpr\u00e9t\u00e9 par Astrud Gilberto. De nos jours, loin d&rsquo;\u00eatre un style musical d\u00e9mod\u00e9, la bossa nova est devenue partie int\u00e9grante du jazz et de nombreux artistes l&rsquo;ont int\u00e9gr\u00e9e \u00e0 leur r\u00e9pertoire en cr\u00e9ant de nouvelles compositions de bossa nova, agen\u00e7ant sensualit\u00e9, douceur et romantisme \u00e0 ce d\u00e9riv\u00e9 du samba.<\/p>\n<p>&nbsp;<\/p>\n<p><iframe loading=\"lazy\" scrolling=\"no\" allowtransparency=\"true\" src=\"http:\/\/www.deezer.com\/es\/plugins\/player?autoplay=false&amp;playlist=false&amp;width=420&amp;height=80&amp;cover=false&amp;type=playlist&amp;id=37727009&amp;title=&amp;app_id=undefined\" width=\"420\" height=\"80\" frameborder=\"0\"><\/iframe><\/p>\n<p>&nbsp;<\/p>\n<\/div>\n","protected":false},"excerpt":{"rendered":"<p>La bossa nova est un style musical invent\u00e9 par Jo\u00e3o Gilberto qui inspira un groupe d&rsquo;\u00e9tudiants et de musiciens \u00e0 [&hellip;]<\/p>\n","protected":false},"author":3,"featured_media":0,"parent":2564,"menu_order":0,"comment_status":"closed","ping_status":"closed","template":"","meta":{"site-sidebar-layout":"default","site-content-layout":"","ast-site-content-layout":"default","site-content-style":"default","site-sidebar-style":"default","ast-global-header-display":"","ast-banner-title-visibility":"","ast-main-header-display":"","ast-hfb-above-header-display":"","ast-hfb-below-header-display":"","ast-hfb-mobile-header-display":"","site-post-title":"","ast-breadcrumbs-content":"","ast-featured-img":"","footer-sml-layout":"","ast-disable-related-posts":"","theme-transparent-header-meta":"","adv-header-id-meta":"","stick-header-meta":"","header-above-stick-meta":"","header-main-stick-meta":"","header-below-stick-meta":"","astra-migrate-meta-layouts":"default","ast-page-background-enabled":"default","ast-page-background-meta":{"desktop":{"background-color":"var(--ast-global-color-5)","background-image":"","background-repeat":"repeat","background-position":"center center","background-size":"auto","background-attachment":"scroll","background-type":"","background-media":"","overlay-type":"","overlay-color":"","overlay-opacity":"","overlay-gradient":""},"tablet":{"background-color":"","background-image":"","background-repeat":"repeat","background-position":"center center","background-size":"auto","background-attachment":"scroll","background-type":"","background-media":"","overlay-type":"","overlay-color":"","overlay-opacity":"","overlay-gradient":""},"mobile":{"background-color":"","background-image":"","background-repeat":"repeat","background-position":"center center","background-size":"auto","background-attachment":"scroll","background-type":"","background-media":"","overlay-type":"","overlay-color":"","overlay-opacity":"","overlay-gradient":""}},"ast-content-background-meta":{"desktop":{"background-color":"var(--ast-global-color-4)","background-image":"","background-repeat":"repeat","background-position":"center center","background-size":"auto","background-attachment":"scroll","background-type":"","background-media":"","overlay-type":"","overlay-color":"","overlay-opacity":"","overlay-gradient":""},"tablet":{"background-color":"var(--ast-global-color-4)","background-image":"","background-repeat":"repeat","background-position":"center center","background-size":"auto","background-attachment":"scroll","background-type":"","background-media":"","overlay-type":"","overlay-color":"","overlay-opacity":"","overlay-gradient":""},"mobile":{"background-color":"var(--ast-global-color-4)","background-image":"","background-repeat":"repeat","background-position":"center center","background-size":"auto","background-attachment":"scroll","background-type":"","background-media":"","overlay-type":"","overlay-color":"","overlay-opacity":"","overlay-gradient":""}},"footnotes":""},"class_list":["post-2267","page","type-page","status-publish","hentry"],"yoast_head":"<!-- This site is optimized with the Yoast SEO plugin v27.5 - https:\/\/yoast.com\/product\/yoast-seo-wordpress\/ -->\n<title>La BOSSA NOVA - Abc-latina<\/title>\n<meta name=\"description\" content=\"La bossa nova est un style musical invent\u00e9 par Jo\u00e3o Gilberto \u00e0 la fin des ann\u00e9es 50.\" \/>\n<meta name=\"robots\" content=\"index, follow, max-snippet:-1, max-image-preview:large, max-video-preview:-1\" \/>\n<link rel=\"canonical\" href=\"https:\/\/abc-latina.com\/musique\/bossa-nova\/\" \/>\n<meta property=\"og:locale\" content=\"fr_FR\" \/>\n<meta property=\"og:type\" content=\"article\" \/>\n<meta property=\"og:title\" content=\"La BOSSA NOVA - Abc-latina\" \/>\n<meta property=\"og:description\" content=\"La bossa nova est un style musical invent\u00e9 par Jo\u00e3o Gilberto \u00e0 la fin des ann\u00e9es 50.\" \/>\n<meta property=\"og:url\" content=\"https:\/\/abc-latina.com\/musique\/bossa-nova\/\" \/>\n<meta property=\"og:site_name\" content=\"Abc-latina\" \/>\n<meta property=\"article:modified_time\" content=\"2026-04-30T16:25:09+00:00\" \/>\n<meta name=\"twitter:card\" content=\"summary_large_image\" \/>\n<meta name=\"twitter:label1\" content=\"Dur\u00e9e de lecture estim\u00e9e\" \/>\n\t<meta name=\"twitter:data1\" content=\"1 minute\" \/>\n<script type=\"application\/ld+json\" class=\"yoast-schema-graph\">{\"@context\":\"https:\\\/\\\/schema.org\",\"@graph\":[{\"@type\":\"WebPage\",\"@id\":\"https:\\\/\\\/abc-latina.com\\\/musique\\\/bossa-nova\\\/\",\"url\":\"https:\\\/\\\/abc-latina.com\\\/musique\\\/bossa-nova\\\/\",\"name\":\"La BOSSA NOVA - Abc-latina\",\"isPartOf\":{\"@id\":\"https:\\\/\\\/abc-latina.com\\\/#website\"},\"datePublished\":\"2010-08-28T20:19:09+00:00\",\"dateModified\":\"2026-04-30T16:25:09+00:00\",\"description\":\"La bossa nova est un style musical invent\u00e9 par Jo\u00e3o Gilberto \u00e0 la fin des ann\u00e9es 50.\",\"breadcrumb\":{\"@id\":\"https:\\\/\\\/abc-latina.com\\\/musique\\\/bossa-nova\\\/#breadcrumb\"},\"inLanguage\":\"fr-FR\",\"potentialAction\":[{\"@type\":\"ReadAction\",\"target\":[\"https:\\\/\\\/abc-latina.com\\\/musique\\\/bossa-nova\\\/\"]}]},{\"@type\":\"BreadcrumbList\",\"@id\":\"https:\\\/\\\/abc-latina.com\\\/musique\\\/bossa-nova\\\/#breadcrumb\",\"itemListElement\":[{\"@type\":\"ListItem\",\"position\":1,\"name\":\"Accueil\",\"item\":\"https:\\\/\\\/abc-latina.com\\\/\"},{\"@type\":\"ListItem\",\"position\":2,\"name\":\"La BOSSA NOVA\"}]},{\"@type\":\"WebSite\",\"@id\":\"https:\\\/\\\/abc-latina.com\\\/#website\",\"url\":\"https:\\\/\\\/abc-latina.com\\\/\",\"name\":\"Abc-latina\",\"description\":\"\",\"publisher\":{\"@id\":\"https:\\\/\\\/abc-latina.com\\\/#organization\"},\"potentialAction\":[{\"@type\":\"SearchAction\",\"target\":{\"@type\":\"EntryPoint\",\"urlTemplate\":\"https:\\\/\\\/abc-latina.com\\\/?s={search_term_string}\"},\"query-input\":{\"@type\":\"PropertyValueSpecification\",\"valueRequired\":true,\"valueName\":\"search_term_string\"}}],\"inLanguage\":\"fr-FR\"},{\"@type\":\"Organization\",\"@id\":\"https:\\\/\\\/abc-latina.com\\\/#organization\",\"name\":\"Abc-latina\",\"url\":\"https:\\\/\\\/abc-latina.com\\\/\",\"logo\":{\"@type\":\"ImageObject\",\"inLanguage\":\"fr-FR\",\"@id\":\"https:\\\/\\\/abc-latina.com\\\/#\\\/schema\\\/logo\\\/image\\\/\",\"url\":\"https:\\\/\\\/abc-latina.com\\\/wp-content\\\/uploads\\\/2026\\\/05\\\/cropped-logo.gif\",\"contentUrl\":\"https:\\\/\\\/abc-latina.com\\\/wp-content\\\/uploads\\\/2026\\\/05\\\/cropped-logo.gif\",\"width\":89,\"height\":84,\"caption\":\"Abc-latina\"},\"image\":{\"@id\":\"https:\\\/\\\/abc-latina.com\\\/#\\\/schema\\\/logo\\\/image\\\/\"}}]}<\/script>\n<!-- \/ Yoast SEO plugin. -->","yoast_head_json":{"title":"La BOSSA NOVA - Abc-latina","description":"La bossa nova est un style musical invent\u00e9 par Jo\u00e3o Gilberto \u00e0 la fin des ann\u00e9es 50.","robots":{"index":"index","follow":"follow","max-snippet":"max-snippet:-1","max-image-preview":"max-image-preview:large","max-video-preview":"max-video-preview:-1"},"canonical":"https:\/\/abc-latina.com\/musique\/bossa-nova\/","og_locale":"fr_FR","og_type":"article","og_title":"La BOSSA NOVA - Abc-latina","og_description":"La bossa nova est un style musical invent\u00e9 par Jo\u00e3o Gilberto \u00e0 la fin des ann\u00e9es 50.","og_url":"https:\/\/abc-latina.com\/musique\/bossa-nova\/","og_site_name":"Abc-latina","article_modified_time":"2026-04-30T16:25:09+00:00","twitter_card":"summary_large_image","twitter_misc":{"Dur\u00e9e de lecture estim\u00e9e":"1 minute"},"schema":{"@context":"https:\/\/schema.org","@graph":[{"@type":"WebPage","@id":"https:\/\/abc-latina.com\/musique\/bossa-nova\/","url":"https:\/\/abc-latina.com\/musique\/bossa-nova\/","name":"La BOSSA NOVA - Abc-latina","isPartOf":{"@id":"https:\/\/abc-latina.com\/#website"},"datePublished":"2010-08-28T20:19:09+00:00","dateModified":"2026-04-30T16:25:09+00:00","description":"La bossa nova est un style musical invent\u00e9 par Jo\u00e3o Gilberto \u00e0 la fin des ann\u00e9es 50.","breadcrumb":{"@id":"https:\/\/abc-latina.com\/musique\/bossa-nova\/#breadcrumb"},"inLanguage":"fr-FR","potentialAction":[{"@type":"ReadAction","target":["https:\/\/abc-latina.com\/musique\/bossa-nova\/"]}]},{"@type":"BreadcrumbList","@id":"https:\/\/abc-latina.com\/musique\/bossa-nova\/#breadcrumb","itemListElement":[{"@type":"ListItem","position":1,"name":"Accueil","item":"https:\/\/abc-latina.com\/"},{"@type":"ListItem","position":2,"name":"La BOSSA NOVA"}]},{"@type":"WebSite","@id":"https:\/\/abc-latina.com\/#website","url":"https:\/\/abc-latina.com\/","name":"Abc-latina","description":"","publisher":{"@id":"https:\/\/abc-latina.com\/#organization"},"potentialAction":[{"@type":"SearchAction","target":{"@type":"EntryPoint","urlTemplate":"https:\/\/abc-latina.com\/?s={search_term_string}"},"query-input":{"@type":"PropertyValueSpecification","valueRequired":true,"valueName":"search_term_string"}}],"inLanguage":"fr-FR"},{"@type":"Organization","@id":"https:\/\/abc-latina.com\/#organization","name":"Abc-latina","url":"https:\/\/abc-latina.com\/","logo":{"@type":"ImageObject","inLanguage":"fr-FR","@id":"https:\/\/abc-latina.com\/#\/schema\/logo\/image\/","url":"https:\/\/abc-latina.com\/wp-content\/uploads\/2026\/05\/cropped-logo.gif","contentUrl":"https:\/\/abc-latina.com\/wp-content\/uploads\/2026\/05\/cropped-logo.gif","width":89,"height":84,"caption":"Abc-latina"},"image":{"@id":"https:\/\/abc-latina.com\/#\/schema\/logo\/image\/"}}]}},"_links":{"self":[{"href":"https:\/\/abc-latina.com\/wp-json\/wp\/v2\/pages\/2267","targetHints":{"allow":["GET"]}}],"collection":[{"href":"https:\/\/abc-latina.com\/wp-json\/wp\/v2\/pages"}],"about":[{"href":"https:\/\/abc-latina.com\/wp-json\/wp\/v2\/types\/page"}],"author":[{"embeddable":true,"href":"https:\/\/abc-latina.com\/wp-json\/wp\/v2\/users\/3"}],"replies":[{"embeddable":true,"href":"https:\/\/abc-latina.com\/wp-json\/wp\/v2\/comments?post=2267"}],"version-history":[{"count":1,"href":"https:\/\/abc-latina.com\/wp-json\/wp\/v2\/pages\/2267\/revisions"}],"predecessor-version":[{"id":3565,"href":"https:\/\/abc-latina.com\/wp-json\/wp\/v2\/pages\/2267\/revisions\/3565"}],"up":[{"embeddable":true,"href":"https:\/\/abc-latina.com\/wp-json\/wp\/v2\/pages\/2564"}],"wp:attachment":[{"href":"https:\/\/abc-latina.com\/wp-json\/wp\/v2\/media?parent=2267"}],"curies":[{"name":"wp","href":"https:\/\/api.w.org\/{rel}","templated":true}]}}