{"id":2269,"date":"2010-08-28T22:22:08","date_gmt":"2010-08-28T20:22:08","guid":{"rendered":"http:\/\/abc-latina.com\/cha_cha-htm\/"},"modified":"2026-04-30T18:25:09","modified_gmt":"2026-04-30T16:25:09","slug":"cha_cha","status":"publish","type":"page","link":"https:\/\/abc-latina.com\/musique\/cha_cha\/","title":{"rendered":"Le CHA CHA"},"content":{"rendered":"<div><img loading=\"lazy\" decoding=\"async\" class=\" alignright size-full wp-image-2268\" src=\"http:\/\/abc-latina.com\/wp-content\/uploads\/2010\/08\/cha-cha.jpg\" title=\"CHA CHA\" alt=\"\" width=\"220\" vspace=\"9\" hspace=\"15\" height=\"220\" align=\"right\" srcset=\"https:\/\/abc-latina.com\/wp-content\/uploads\/2010\/08\/cha-cha.jpg 220w, https:\/\/abc-latina.com\/wp-content\/uploads\/2010\/08\/cha-cha-150x150.jpg 150w\" sizes=\"auto, (max-width: 220px) 100vw, 220px\" \/>Le <span class=\"tourisme-chapitre\">Cha-cha-ch\u00e1<\/span> est une danse et un genre musical invent\u00e9 en 1954 par le violoniste cubain Enrique Jorrin, de la charanga Orquesta America, dans la premi\u00e8re partie du morceau Enga\u00f1adora (l&rsquo;autre partie est un rythme de mambo), mais le mot &laquo; cha-cha-ch\u00e1 &raquo; n&rsquo;appara\u00eet que dans le morceau Silver Star, et provient du son produit par le frottement des pieds des danseurs sur le sol.<\/div>\n<div>&nbsp;<\/div>\n<div>Enrique Jorr\u00edn, remarquant les difficult\u00e9s des danseurs avec mod\u00e8le du danz\u00f3n-mambo (les pas ne sont pas marqu\u00e9s sur le temps, mais sur la syncope), pr\u00e9f\u00e8re rechercher une forme simplifi\u00e9e, et compose alors des m\u00e9lodies avec, si possible, aucune syncope. Ainsi, les danseurs peuvent se baser sur la m\u00e9lodie. Les arrangements de l&rsquo;orchestre, quant \u00e0 eux, sont toujours rythm\u00e9s par des syncopes.Ce m\u00e9lange &#8211; la m\u00e9lodie sur le temps, et l&rsquo;accompagnement sur le contretemps &#8211; est une caracteristique de ce nouveau genre, le cha-cha-ch\u00e1.<\/div>\n<div>&nbsp;<\/div>\n<div>Apr\u00e8s la Enga\u00f1adora, d&rsquo;autres succ\u00e8s ont suivi : Antonio Sanchez (Yo sab\u00eda) ; F\u00e9lix Reina (Angoa) ; Rosendo Ruiz (Rico vacil\u00f3n, Los Marcianos) ; Rosendo Rosell (Calculadora) ; Richard Eg\u00fces (El Bodeguero) ; Rafael Lay (Cero codazos). En 1961, Los Machucambos (France), ont connu le succ\u00e8s avec le cha-cha-cha Pepito (mi corazon), repris par Bourvil.Le Cha-cha-ch\u00e1 \u00e9tait appel\u00e9 \u00e9galement \u00e0 son origine triple mambo. D&rsquo;ailleurs, il succ\u00e8de \u00e0 la mode du Mambo, mais devra affronter la concurrence du rock&rsquo;n&rsquo;roll puis de la pachanga en 1960.<\/div>\n<div>&nbsp;<\/div>\n<div>&copy; Wikip\u00e9dia<\/div>\n<div>&nbsp;<\/div>\n<p><iframe loading=\"lazy\" scrolling=\"no\" allowtransparency=\"true\" src=\"http:\/\/www.deezer.com\/es\/plugins\/player?autoplay=false&amp;playlist=false&amp;width=420&amp;height=80&amp;cover=false&amp;type=playlist&amp;id=61334331&amp;title=&amp;app_id=undefined\" width=\"420\" height=\"80\" frameborder=\"0\"><\/iframe><\/p>\n<p>&nbsp;<\/p>\n","protected":false},"excerpt":{"rendered":"<p>Le Cha-cha-ch\u00e1 est une danse et un genre musical invent\u00e9 en 1954 par le violoniste cubain Enrique Jorrin, de la [&hellip;]<\/p>\n","protected":false},"author":3,"featured_media":2268,"parent":2564,"menu_order":0,"comment_status":"closed","ping_status":"closed","template":"","meta":{"site-sidebar-layout":"default","site-content-layout":"","ast-site-content-layout":"default","site-content-style":"default","site-sidebar-style":"default","ast-global-header-display":"","ast-banner-title-visibility":"","ast-main-header-display":"","ast-hfb-above-header-display":"","ast-hfb-below-header-display":"","ast-hfb-mobile-header-display":"","site-post-title":"","ast-breadcrumbs-content":"","ast-featured-img":"","footer-sml-layout":"","ast-disable-related-posts":"","theme-transparent-header-meta":"","adv-header-id-meta":"","stick-header-meta":"","header-above-stick-meta":"","header-main-stick-meta":"","header-below-stick-meta":"","astra-migrate-meta-layouts":"default","ast-page-background-enabled":"default","ast-page-background-meta":{"desktop":{"background-color":"var(--ast-global-color-5)","background-image":"","background-repeat":"repeat","background-position":"center center","background-size":"auto","background-attachment":"scroll","background-type":"","background-media":"","overlay-type":"","overlay-color":"","overlay-opacity":"","overlay-gradient":""},"tablet":{"background-color":"","background-image":"","background-repeat":"repeat","background-position":"center center","background-size":"auto","background-attachment":"scroll","background-type":"","background-media":"","overlay-type":"","overlay-color":"","overlay-opacity":"","overlay-gradient":""},"mobile":{"background-color":"","background-image":"","background-repeat":"repeat","background-position":"center center","background-size":"auto","background-attachment":"scroll","background-type":"","background-media":"","overlay-type":"","overlay-color":"","overlay-opacity":"","overlay-gradient":""}},"ast-content-background-meta":{"desktop":{"background-color":"var(--ast-global-color-4)","background-image":"","background-repeat":"repeat","background-position":"center center","background-size":"auto","background-attachment":"scroll","background-type":"","background-media":"","overlay-type":"","overlay-color":"","overlay-opacity":"","overlay-gradient":""},"tablet":{"background-color":"var(--ast-global-color-4)","background-image":"","background-repeat":"repeat","background-position":"center center","background-size":"auto","background-attachment":"scroll","background-type":"","background-media":"","overlay-type":"","overlay-color":"","overlay-opacity":"","overlay-gradient":""},"mobile":{"background-color":"var(--ast-global-color-4)","background-image":"","background-repeat":"repeat","background-position":"center center","background-size":"auto","background-attachment":"scroll","background-type":"","background-media":"","overlay-type":"","overlay-color":"","overlay-opacity":"","overlay-gradient":""}},"footnotes":""},"class_list":["post-2269","page","type-page","status-publish","has-post-thumbnail","hentry"],"yoast_head":"<!-- This site is optimized with the Yoast SEO plugin v27.5 - https:\/\/yoast.com\/product\/yoast-seo-wordpress\/ -->\n<title>Le CHA CHA - Abc-latina<\/title>\n<meta name=\"description\" content=\"Les origines et l&#039;histoire du ChaCha.\" \/>\n<meta name=\"robots\" content=\"index, follow, max-snippet:-1, max-image-preview:large, max-video-preview:-1\" \/>\n<link rel=\"canonical\" href=\"https:\/\/abc-latina.com\/musique\/cha_cha\/\" \/>\n<meta property=\"og:locale\" content=\"fr_FR\" \/>\n<meta property=\"og:type\" content=\"article\" \/>\n<meta property=\"og:title\" content=\"Le CHA CHA - Abc-latina\" \/>\n<meta property=\"og:description\" content=\"Les origines et l&#039;histoire du ChaCha.\" \/>\n<meta property=\"og:url\" content=\"https:\/\/abc-latina.com\/musique\/cha_cha\/\" \/>\n<meta property=\"og:site_name\" content=\"Abc-latina\" \/>\n<meta property=\"article:modified_time\" content=\"2026-04-30T16:25:09+00:00\" \/>\n<meta property=\"og:image\" content=\"https:\/\/abc-latina.com\/wp-content\/uploads\/2010\/08\/cha-cha.jpg\" \/>\n\t<meta property=\"og:image:width\" content=\"220\" \/>\n\t<meta property=\"og:image:height\" content=\"220\" \/>\n\t<meta property=\"og:image:type\" content=\"image\/jpeg\" \/>\n<meta name=\"twitter:card\" content=\"summary_large_image\" \/>\n<meta name=\"twitter:label1\" content=\"Dur\u00e9e de lecture estim\u00e9e\" \/>\n\t<meta name=\"twitter:data1\" content=\"1 minute\" \/>\n<script type=\"application\/ld+json\" class=\"yoast-schema-graph\">{\"@context\":\"https:\\\/\\\/schema.org\",\"@graph\":[{\"@type\":\"WebPage\",\"@id\":\"https:\\\/\\\/abc-latina.com\\\/musique\\\/cha_cha\\\/\",\"url\":\"https:\\\/\\\/abc-latina.com\\\/musique\\\/cha_cha\\\/\",\"name\":\"Le CHA CHA - Abc-latina\",\"isPartOf\":{\"@id\":\"https:\\\/\\\/abc-latina.com\\\/#website\"},\"primaryImageOfPage\":{\"@id\":\"https:\\\/\\\/abc-latina.com\\\/musique\\\/cha_cha\\\/#primaryimage\"},\"image\":{\"@id\":\"https:\\\/\\\/abc-latina.com\\\/musique\\\/cha_cha\\\/#primaryimage\"},\"thumbnailUrl\":\"https:\\\/\\\/abc-latina.com\\\/wp-content\\\/uploads\\\/2010\\\/08\\\/cha-cha.jpg\",\"datePublished\":\"2010-08-28T20:22:08+00:00\",\"dateModified\":\"2026-04-30T16:25:09+00:00\",\"description\":\"Les origines et l'histoire du ChaCha.\",\"breadcrumb\":{\"@id\":\"https:\\\/\\\/abc-latina.com\\\/musique\\\/cha_cha\\\/#breadcrumb\"},\"inLanguage\":\"fr-FR\",\"potentialAction\":[{\"@type\":\"ReadAction\",\"target\":[\"https:\\\/\\\/abc-latina.com\\\/musique\\\/cha_cha\\\/\"]}]},{\"@type\":\"ImageObject\",\"inLanguage\":\"fr-FR\",\"@id\":\"https:\\\/\\\/abc-latina.com\\\/musique\\\/cha_cha\\\/#primaryimage\",\"url\":\"https:\\\/\\\/abc-latina.com\\\/wp-content\\\/uploads\\\/2010\\\/08\\\/cha-cha.jpg\",\"contentUrl\":\"https:\\\/\\\/abc-latina.com\\\/wp-content\\\/uploads\\\/2010\\\/08\\\/cha-cha.jpg\",\"width\":220,\"height\":220,\"caption\":\"CHA CHA\"},{\"@type\":\"BreadcrumbList\",\"@id\":\"https:\\\/\\\/abc-latina.com\\\/musique\\\/cha_cha\\\/#breadcrumb\",\"itemListElement\":[{\"@type\":\"ListItem\",\"position\":1,\"name\":\"Accueil\",\"item\":\"https:\\\/\\\/abc-latina.com\\\/\"},{\"@type\":\"ListItem\",\"position\":2,\"name\":\"Le CHA CHA\"}]},{\"@type\":\"WebSite\",\"@id\":\"https:\\\/\\\/abc-latina.com\\\/#website\",\"url\":\"https:\\\/\\\/abc-latina.com\\\/\",\"name\":\"Abc-latina\",\"description\":\"\",\"publisher\":{\"@id\":\"https:\\\/\\\/abc-latina.com\\\/#organization\"},\"potentialAction\":[{\"@type\":\"SearchAction\",\"target\":{\"@type\":\"EntryPoint\",\"urlTemplate\":\"https:\\\/\\\/abc-latina.com\\\/?s={search_term_string}\"},\"query-input\":{\"@type\":\"PropertyValueSpecification\",\"valueRequired\":true,\"valueName\":\"search_term_string\"}}],\"inLanguage\":\"fr-FR\"},{\"@type\":\"Organization\",\"@id\":\"https:\\\/\\\/abc-latina.com\\\/#organization\",\"name\":\"Abc-latina\",\"url\":\"https:\\\/\\\/abc-latina.com\\\/\",\"logo\":{\"@type\":\"ImageObject\",\"inLanguage\":\"fr-FR\",\"@id\":\"https:\\\/\\\/abc-latina.com\\\/#\\\/schema\\\/logo\\\/image\\\/\",\"url\":\"https:\\\/\\\/abc-latina.com\\\/wp-content\\\/uploads\\\/2026\\\/05\\\/cropped-logo.gif\",\"contentUrl\":\"https:\\\/\\\/abc-latina.com\\\/wp-content\\\/uploads\\\/2026\\\/05\\\/cropped-logo.gif\",\"width\":89,\"height\":84,\"caption\":\"Abc-latina\"},\"image\":{\"@id\":\"https:\\\/\\\/abc-latina.com\\\/#\\\/schema\\\/logo\\\/image\\\/\"}}]}<\/script>\n<!-- \/ Yoast SEO plugin. -->","yoast_head_json":{"title":"Le CHA CHA - Abc-latina","description":"Les origines et l'histoire du ChaCha.","robots":{"index":"index","follow":"follow","max-snippet":"max-snippet:-1","max-image-preview":"max-image-preview:large","max-video-preview":"max-video-preview:-1"},"canonical":"https:\/\/abc-latina.com\/musique\/cha_cha\/","og_locale":"fr_FR","og_type":"article","og_title":"Le CHA CHA - Abc-latina","og_description":"Les origines et l'histoire du ChaCha.","og_url":"https:\/\/abc-latina.com\/musique\/cha_cha\/","og_site_name":"Abc-latina","article_modified_time":"2026-04-30T16:25:09+00:00","og_image":[{"width":220,"height":220,"url":"https:\/\/abc-latina.com\/wp-content\/uploads\/2010\/08\/cha-cha.jpg","type":"image\/jpeg"}],"twitter_card":"summary_large_image","twitter_misc":{"Dur\u00e9e de lecture estim\u00e9e":"1 minute"},"schema":{"@context":"https:\/\/schema.org","@graph":[{"@type":"WebPage","@id":"https:\/\/abc-latina.com\/musique\/cha_cha\/","url":"https:\/\/abc-latina.com\/musique\/cha_cha\/","name":"Le CHA CHA - Abc-latina","isPartOf":{"@id":"https:\/\/abc-latina.com\/#website"},"primaryImageOfPage":{"@id":"https:\/\/abc-latina.com\/musique\/cha_cha\/#primaryimage"},"image":{"@id":"https:\/\/abc-latina.com\/musique\/cha_cha\/#primaryimage"},"thumbnailUrl":"https:\/\/abc-latina.com\/wp-content\/uploads\/2010\/08\/cha-cha.jpg","datePublished":"2010-08-28T20:22:08+00:00","dateModified":"2026-04-30T16:25:09+00:00","description":"Les origines et l'histoire du ChaCha.","breadcrumb":{"@id":"https:\/\/abc-latina.com\/musique\/cha_cha\/#breadcrumb"},"inLanguage":"fr-FR","potentialAction":[{"@type":"ReadAction","target":["https:\/\/abc-latina.com\/musique\/cha_cha\/"]}]},{"@type":"ImageObject","inLanguage":"fr-FR","@id":"https:\/\/abc-latina.com\/musique\/cha_cha\/#primaryimage","url":"https:\/\/abc-latina.com\/wp-content\/uploads\/2010\/08\/cha-cha.jpg","contentUrl":"https:\/\/abc-latina.com\/wp-content\/uploads\/2010\/08\/cha-cha.jpg","width":220,"height":220,"caption":"CHA CHA"},{"@type":"BreadcrumbList","@id":"https:\/\/abc-latina.com\/musique\/cha_cha\/#breadcrumb","itemListElement":[{"@type":"ListItem","position":1,"name":"Accueil","item":"https:\/\/abc-latina.com\/"},{"@type":"ListItem","position":2,"name":"Le CHA CHA"}]},{"@type":"WebSite","@id":"https:\/\/abc-latina.com\/#website","url":"https:\/\/abc-latina.com\/","name":"Abc-latina","description":"","publisher":{"@id":"https:\/\/abc-latina.com\/#organization"},"potentialAction":[{"@type":"SearchAction","target":{"@type":"EntryPoint","urlTemplate":"https:\/\/abc-latina.com\/?s={search_term_string}"},"query-input":{"@type":"PropertyValueSpecification","valueRequired":true,"valueName":"search_term_string"}}],"inLanguage":"fr-FR"},{"@type":"Organization","@id":"https:\/\/abc-latina.com\/#organization","name":"Abc-latina","url":"https:\/\/abc-latina.com\/","logo":{"@type":"ImageObject","inLanguage":"fr-FR","@id":"https:\/\/abc-latina.com\/#\/schema\/logo\/image\/","url":"https:\/\/abc-latina.com\/wp-content\/uploads\/2026\/05\/cropped-logo.gif","contentUrl":"https:\/\/abc-latina.com\/wp-content\/uploads\/2026\/05\/cropped-logo.gif","width":89,"height":84,"caption":"Abc-latina"},"image":{"@id":"https:\/\/abc-latina.com\/#\/schema\/logo\/image\/"}}]}},"_links":{"self":[{"href":"https:\/\/abc-latina.com\/wp-json\/wp\/v2\/pages\/2269","targetHints":{"allow":["GET"]}}],"collection":[{"href":"https:\/\/abc-latina.com\/wp-json\/wp\/v2\/pages"}],"about":[{"href":"https:\/\/abc-latina.com\/wp-json\/wp\/v2\/types\/page"}],"author":[{"embeddable":true,"href":"https:\/\/abc-latina.com\/wp-json\/wp\/v2\/users\/3"}],"replies":[{"embeddable":true,"href":"https:\/\/abc-latina.com\/wp-json\/wp\/v2\/comments?post=2269"}],"version-history":[{"count":1,"href":"https:\/\/abc-latina.com\/wp-json\/wp\/v2\/pages\/2269\/revisions"}],"predecessor-version":[{"id":3566,"href":"https:\/\/abc-latina.com\/wp-json\/wp\/v2\/pages\/2269\/revisions\/3566"}],"up":[{"embeddable":true,"href":"https:\/\/abc-latina.com\/wp-json\/wp\/v2\/pages\/2564"}],"wp:featuredmedia":[{"embeddable":true,"href":"https:\/\/abc-latina.com\/wp-json\/wp\/v2\/media\/2268"}],"wp:attachment":[{"href":"https:\/\/abc-latina.com\/wp-json\/wp\/v2\/media?parent=2269"}],"curies":[{"name":"wp","href":"https:\/\/api.w.org\/{rel}","templated":true}]}}