{"id":2275,"date":"2010-08-29T01:16:12","date_gmt":"2010-08-28T23:16:12","guid":{"rendered":"http:\/\/abc-latina.com\/salsa-htm\/"},"modified":"2026-04-30T18:25:10","modified_gmt":"2026-04-30T16:25:10","slug":"salsa","status":"publish","type":"page","link":"https:\/\/abc-latina.com\/musique\/salsa\/","title":{"rendered":"La SALSA"},"content":{"rendered":"<div><img loading=\"lazy\" decoding=\"async\" class=\" alignright size-full wp-image-2274\" src=\"http:\/\/abc-latina.com\/wp-content\/uploads\/2010\/08\/salsa.jpg\" title=\"La SALSA\" alt=\"\" width=\"220\" vspace=\"9\" hspace=\"15\" height=\"220\" align=\"right\" srcset=\"https:\/\/abc-latina.com\/wp-content\/uploads\/2010\/08\/salsa.jpg 220w, https:\/\/abc-latina.com\/wp-content\/uploads\/2010\/08\/salsa-150x150.jpg 150w\" sizes=\"auto, (max-width: 220px) 100vw, 220px\" \/>Terme commode parce que remarquablement impr\u00e9cis, la <span class=\"tourisme-chapitre\">salsa<\/span> (&laquo;sauce&raquo;, en espagnol) d\u00e9signe une musique populaire latino-am\u00e9ricaine apparue dans les quartiers hispaniques de New York au cours des ann\u00e9es 1970, m\u00e9lange de jazz afro-cubain et de musique portoricaine parfois piment\u00e9 d&#8217;emprunts au rock (guitares et autres instruments \u00e9lectriques, notamment). En fait, il s&rsquo;agirait essentiellement d&rsquo;une mise aux go\u00fbts du jour, d&rsquo;un d\u00e9poussi\u00e9rage, du faisceau des musiques de danse &laquo;latines&raquo; en vogue dans les ann\u00e9es 1940, et utilisant des alliages de cuivres, fl\u00fbtes et voix, et des rythmes apparus au cours de la d\u00e9cennie suivante (mambo, cha-cha-cha&hellip;). Soit une solution de remplacement, voire d&rsquo;alternance, pour les modes li\u00e9es \u00e0 la &laquo;folie du swing&raquo; et \u00e0 la passion de la danse.<\/div>\n<div>&nbsp;<\/div>\n<div>Mais, peu \u00e0 peu, les passerelles se sont multipli\u00e9es, principalement avec le jazz, et l&rsquo;on a vu nombre de musiciens &laquo;latins&raquo; (par exemple les fr\u00e8res Jerry et Andy Gonzales, respectivement trompettiste-percussionniste et contrebassiste) ou jazzmen purs jouer sur les deux tableaux, d&rsquo;o\u00f9, in\u00e9vitablement, certains effets d&rsquo;osmose entre les styles et les techniques, au point que les fronti\u00e8res deviennent parfois tr\u00e8s floues.<\/div>\n<div>Entre autres grands noms de la mouvance &laquo;latine&raquo; : la chanteuse cubaine Celia Cruz, des pr\u00e9curseurs comme le chef d&rsquo;orchestre percussionniste (mais aussi vibraphoniste, pianiste, saxophoniste&hellip;) Tito Puente (1923-2000) et son confr\u00e8re Frank Raul Grillo dit &laquo;Machito&raquo; (1912-1984), surtout connu pour avoir \u00e9t\u00e9 associ\u00e9 aux historiques exp\u00e9riences de m\u00e9lange jazz-musique latine avec Gillespie (Incienso y Mirra, 1975) et Parker (Mango Mangue, 1948), mais aussi de plus jeunes instrumentistes comme le pianiste et chef d&rsquo;orchestre Eddie Palmieri, le tromboniste Willie Colon, le fl\u00fbtiste Johnny Pacheco et le percussionniste Ray Barretto, que l&rsquo;on pourrait situer comme &laquo;le plus jazz des salseros&raquo;. Pourtant, rien de vraiment nouveau sous le soleil: en 1924, Jelly Roll Morton signait d\u00e9j\u00e0 un Mamanita indiscutablement tr\u00e8s &laquo;latin&raquo;, tant il est vrai que le jazz fut d&#8217;embl\u00e9e, et tout naturellement, musique de braconnage et &laquo;world music&raquo; avant la lettre et la mode: ouvert \u00e0 tous les souffles, rythmes et &laquo;m\u00e9tissages&raquo;.<\/div>\n<div>&nbsp;<\/div>\n<div><a href=\"https:\/\/www.abc-latina.com\/cuba\/apprendre-a-danser-a-cuba\" target=\"_blank\">O\u00f9 apprendre \u00e0 danser la Salsa \u00e0 Cuba ?<\/a><\/div>\n<p>&nbsp;<\/p>\n<p><iframe loading=\"lazy\" scrolling=\"no\" allowtransparency=\"true\" src=\"http:\/\/www.deezer.com\/es\/plugins\/player?autoplay=false&amp;playlist=false&amp;width=420&amp;height=80&amp;cover=false&amp;type=playlist&amp;id=23601106&amp;title=&amp;app_id=undefined\" width=\"420\" height=\"80\" frameborder=\"0\"><\/iframe><\/p>\n<p>&nbsp;<\/p>\n","protected":false},"excerpt":{"rendered":"<p>Terme commode parce que remarquablement impr\u00e9cis, la salsa (&laquo;sauce&raquo;, en espagnol) d\u00e9signe une musique populaire latino-am\u00e9ricaine apparue dans les quartiers [&hellip;]<\/p>\n","protected":false},"author":3,"featured_media":2274,"parent":2564,"menu_order":0,"comment_status":"closed","ping_status":"closed","template":"","meta":{"site-sidebar-layout":"default","site-content-layout":"","ast-site-content-layout":"default","site-content-style":"default","site-sidebar-style":"default","ast-global-header-display":"","ast-banner-title-visibility":"","ast-main-header-display":"","ast-hfb-above-header-display":"","ast-hfb-below-header-display":"","ast-hfb-mobile-header-display":"","site-post-title":"","ast-breadcrumbs-content":"","ast-featured-img":"","footer-sml-layout":"","ast-disable-related-posts":"","theme-transparent-header-meta":"","adv-header-id-meta":"","stick-header-meta":"","header-above-stick-meta":"","header-main-stick-meta":"","header-below-stick-meta":"","astra-migrate-meta-layouts":"default","ast-page-background-enabled":"default","ast-page-background-meta":{"desktop":{"background-color":"var(--ast-global-color-5)","background-image":"","background-repeat":"repeat","background-position":"center center","background-size":"auto","background-attachment":"scroll","background-type":"","background-media":"","overlay-type":"","overlay-color":"","overlay-opacity":"","overlay-gradient":""},"tablet":{"background-color":"","background-image":"","background-repeat":"repeat","background-position":"center center","background-size":"auto","background-attachment":"scroll","background-type":"","background-media":"","overlay-type":"","overlay-color":"","overlay-opacity":"","overlay-gradient":""},"mobile":{"background-color":"","background-image":"","background-repeat":"repeat","background-position":"center center","background-size":"auto","background-attachment":"scroll","background-type":"","background-media":"","overlay-type":"","overlay-color":"","overlay-opacity":"","overlay-gradient":""}},"ast-content-background-meta":{"desktop":{"background-color":"var(--ast-global-color-4)","background-image":"","background-repeat":"repeat","background-position":"center center","background-size":"auto","background-attachment":"scroll","background-type":"","background-media":"","overlay-type":"","overlay-color":"","overlay-opacity":"","overlay-gradient":""},"tablet":{"background-color":"var(--ast-global-color-4)","background-image":"","background-repeat":"repeat","background-position":"center center","background-size":"auto","background-attachment":"scroll","background-type":"","background-media":"","overlay-type":"","overlay-color":"","overlay-opacity":"","overlay-gradient":""},"mobile":{"background-color":"var(--ast-global-color-4)","background-image":"","background-repeat":"repeat","background-position":"center center","background-size":"auto","background-attachment":"scroll","background-type":"","background-media":"","overlay-type":"","overlay-color":"","overlay-opacity":"","overlay-gradient":""}},"footnotes":""},"class_list":["post-2275","page","type-page","status-publish","has-post-thumbnail","hentry"],"yoast_head":"<!-- This site is optimized with the Yoast SEO plugin v27.5 - https:\/\/yoast.com\/product\/yoast-seo-wordpress\/ -->\n<title>La SALSA - Abc-latina<\/title>\n<meta name=\"description\" content=\"Les origines et l&#039;histoire de la Salsa.\" \/>\n<meta name=\"robots\" content=\"index, follow, max-snippet:-1, max-image-preview:large, max-video-preview:-1\" \/>\n<link rel=\"canonical\" href=\"https:\/\/abc-latina.com\/musique\/salsa\/\" \/>\n<meta property=\"og:locale\" content=\"fr_FR\" \/>\n<meta property=\"og:type\" content=\"article\" \/>\n<meta property=\"og:title\" content=\"La SALSA - Abc-latina\" \/>\n<meta property=\"og:description\" content=\"Les origines et l&#039;histoire de la Salsa.\" \/>\n<meta property=\"og:url\" content=\"https:\/\/abc-latina.com\/musique\/salsa\/\" \/>\n<meta property=\"og:site_name\" content=\"Abc-latina\" \/>\n<meta property=\"article:modified_time\" content=\"2026-04-30T16:25:10+00:00\" \/>\n<meta property=\"og:image\" content=\"https:\/\/abc-latina.com\/wp-content\/uploads\/2010\/08\/salsa.jpg\" \/>\n\t<meta property=\"og:image:width\" content=\"220\" \/>\n\t<meta property=\"og:image:height\" content=\"220\" \/>\n\t<meta property=\"og:image:type\" content=\"image\/jpeg\" \/>\n<meta name=\"twitter:card\" content=\"summary_large_image\" \/>\n<meta name=\"twitter:label1\" content=\"Dur\u00e9e de lecture estim\u00e9e\" \/>\n\t<meta name=\"twitter:data1\" content=\"2 minutes\" \/>\n<script type=\"application\/ld+json\" class=\"yoast-schema-graph\">{\"@context\":\"https:\\\/\\\/schema.org\",\"@graph\":[{\"@type\":\"WebPage\",\"@id\":\"https:\\\/\\\/abc-latina.com\\\/musique\\\/salsa\\\/\",\"url\":\"https:\\\/\\\/abc-latina.com\\\/musique\\\/salsa\\\/\",\"name\":\"La SALSA - Abc-latina\",\"isPartOf\":{\"@id\":\"https:\\\/\\\/abc-latina.com\\\/#website\"},\"primaryImageOfPage\":{\"@id\":\"https:\\\/\\\/abc-latina.com\\\/musique\\\/salsa\\\/#primaryimage\"},\"image\":{\"@id\":\"https:\\\/\\\/abc-latina.com\\\/musique\\\/salsa\\\/#primaryimage\"},\"thumbnailUrl\":\"https:\\\/\\\/abc-latina.com\\\/wp-content\\\/uploads\\\/2010\\\/08\\\/salsa.jpg\",\"datePublished\":\"2010-08-28T23:16:12+00:00\",\"dateModified\":\"2026-04-30T16:25:10+00:00\",\"description\":\"Les origines et l'histoire de la Salsa.\",\"breadcrumb\":{\"@id\":\"https:\\\/\\\/abc-latina.com\\\/musique\\\/salsa\\\/#breadcrumb\"},\"inLanguage\":\"fr-FR\",\"potentialAction\":[{\"@type\":\"ReadAction\",\"target\":[\"https:\\\/\\\/abc-latina.com\\\/musique\\\/salsa\\\/\"]}]},{\"@type\":\"ImageObject\",\"inLanguage\":\"fr-FR\",\"@id\":\"https:\\\/\\\/abc-latina.com\\\/musique\\\/salsa\\\/#primaryimage\",\"url\":\"https:\\\/\\\/abc-latina.com\\\/wp-content\\\/uploads\\\/2010\\\/08\\\/salsa.jpg\",\"contentUrl\":\"https:\\\/\\\/abc-latina.com\\\/wp-content\\\/uploads\\\/2010\\\/08\\\/salsa.jpg\",\"width\":220,\"height\":220,\"caption\":\"La SALSA\"},{\"@type\":\"BreadcrumbList\",\"@id\":\"https:\\\/\\\/abc-latina.com\\\/musique\\\/salsa\\\/#breadcrumb\",\"itemListElement\":[{\"@type\":\"ListItem\",\"position\":1,\"name\":\"Accueil\",\"item\":\"https:\\\/\\\/abc-latina.com\\\/\"},{\"@type\":\"ListItem\",\"position\":2,\"name\":\"La SALSA\"}]},{\"@type\":\"WebSite\",\"@id\":\"https:\\\/\\\/abc-latina.com\\\/#website\",\"url\":\"https:\\\/\\\/abc-latina.com\\\/\",\"name\":\"Abc-latina\",\"description\":\"\",\"publisher\":{\"@id\":\"https:\\\/\\\/abc-latina.com\\\/#organization\"},\"potentialAction\":[{\"@type\":\"SearchAction\",\"target\":{\"@type\":\"EntryPoint\",\"urlTemplate\":\"https:\\\/\\\/abc-latina.com\\\/?s={search_term_string}\"},\"query-input\":{\"@type\":\"PropertyValueSpecification\",\"valueRequired\":true,\"valueName\":\"search_term_string\"}}],\"inLanguage\":\"fr-FR\"},{\"@type\":\"Organization\",\"@id\":\"https:\\\/\\\/abc-latina.com\\\/#organization\",\"name\":\"Abc-latina\",\"url\":\"https:\\\/\\\/abc-latina.com\\\/\",\"logo\":{\"@type\":\"ImageObject\",\"inLanguage\":\"fr-FR\",\"@id\":\"https:\\\/\\\/abc-latina.com\\\/#\\\/schema\\\/logo\\\/image\\\/\",\"url\":\"https:\\\/\\\/abc-latina.com\\\/wp-content\\\/uploads\\\/2026\\\/05\\\/cropped-logo.gif\",\"contentUrl\":\"https:\\\/\\\/abc-latina.com\\\/wp-content\\\/uploads\\\/2026\\\/05\\\/cropped-logo.gif\",\"width\":89,\"height\":84,\"caption\":\"Abc-latina\"},\"image\":{\"@id\":\"https:\\\/\\\/abc-latina.com\\\/#\\\/schema\\\/logo\\\/image\\\/\"}}]}<\/script>\n<!-- \/ Yoast SEO plugin. -->","yoast_head_json":{"title":"La SALSA - Abc-latina","description":"Les origines et l'histoire de la Salsa.","robots":{"index":"index","follow":"follow","max-snippet":"max-snippet:-1","max-image-preview":"max-image-preview:large","max-video-preview":"max-video-preview:-1"},"canonical":"https:\/\/abc-latina.com\/musique\/salsa\/","og_locale":"fr_FR","og_type":"article","og_title":"La SALSA - Abc-latina","og_description":"Les origines et l'histoire de la Salsa.","og_url":"https:\/\/abc-latina.com\/musique\/salsa\/","og_site_name":"Abc-latina","article_modified_time":"2026-04-30T16:25:10+00:00","og_image":[{"width":220,"height":220,"url":"https:\/\/abc-latina.com\/wp-content\/uploads\/2010\/08\/salsa.jpg","type":"image\/jpeg"}],"twitter_card":"summary_large_image","twitter_misc":{"Dur\u00e9e de lecture estim\u00e9e":"2 minutes"},"schema":{"@context":"https:\/\/schema.org","@graph":[{"@type":"WebPage","@id":"https:\/\/abc-latina.com\/musique\/salsa\/","url":"https:\/\/abc-latina.com\/musique\/salsa\/","name":"La SALSA - Abc-latina","isPartOf":{"@id":"https:\/\/abc-latina.com\/#website"},"primaryImageOfPage":{"@id":"https:\/\/abc-latina.com\/musique\/salsa\/#primaryimage"},"image":{"@id":"https:\/\/abc-latina.com\/musique\/salsa\/#primaryimage"},"thumbnailUrl":"https:\/\/abc-latina.com\/wp-content\/uploads\/2010\/08\/salsa.jpg","datePublished":"2010-08-28T23:16:12+00:00","dateModified":"2026-04-30T16:25:10+00:00","description":"Les origines et l'histoire de la Salsa.","breadcrumb":{"@id":"https:\/\/abc-latina.com\/musique\/salsa\/#breadcrumb"},"inLanguage":"fr-FR","potentialAction":[{"@type":"ReadAction","target":["https:\/\/abc-latina.com\/musique\/salsa\/"]}]},{"@type":"ImageObject","inLanguage":"fr-FR","@id":"https:\/\/abc-latina.com\/musique\/salsa\/#primaryimage","url":"https:\/\/abc-latina.com\/wp-content\/uploads\/2010\/08\/salsa.jpg","contentUrl":"https:\/\/abc-latina.com\/wp-content\/uploads\/2010\/08\/salsa.jpg","width":220,"height":220,"caption":"La SALSA"},{"@type":"BreadcrumbList","@id":"https:\/\/abc-latina.com\/musique\/salsa\/#breadcrumb","itemListElement":[{"@type":"ListItem","position":1,"name":"Accueil","item":"https:\/\/abc-latina.com\/"},{"@type":"ListItem","position":2,"name":"La SALSA"}]},{"@type":"WebSite","@id":"https:\/\/abc-latina.com\/#website","url":"https:\/\/abc-latina.com\/","name":"Abc-latina","description":"","publisher":{"@id":"https:\/\/abc-latina.com\/#organization"},"potentialAction":[{"@type":"SearchAction","target":{"@type":"EntryPoint","urlTemplate":"https:\/\/abc-latina.com\/?s={search_term_string}"},"query-input":{"@type":"PropertyValueSpecification","valueRequired":true,"valueName":"search_term_string"}}],"inLanguage":"fr-FR"},{"@type":"Organization","@id":"https:\/\/abc-latina.com\/#organization","name":"Abc-latina","url":"https:\/\/abc-latina.com\/","logo":{"@type":"ImageObject","inLanguage":"fr-FR","@id":"https:\/\/abc-latina.com\/#\/schema\/logo\/image\/","url":"https:\/\/abc-latina.com\/wp-content\/uploads\/2026\/05\/cropped-logo.gif","contentUrl":"https:\/\/abc-latina.com\/wp-content\/uploads\/2026\/05\/cropped-logo.gif","width":89,"height":84,"caption":"Abc-latina"},"image":{"@id":"https:\/\/abc-latina.com\/#\/schema\/logo\/image\/"}}]}},"_links":{"self":[{"href":"https:\/\/abc-latina.com\/wp-json\/wp\/v2\/pages\/2275","targetHints":{"allow":["GET"]}}],"collection":[{"href":"https:\/\/abc-latina.com\/wp-json\/wp\/v2\/pages"}],"about":[{"href":"https:\/\/abc-latina.com\/wp-json\/wp\/v2\/types\/page"}],"author":[{"embeddable":true,"href":"https:\/\/abc-latina.com\/wp-json\/wp\/v2\/users\/3"}],"replies":[{"embeddable":true,"href":"https:\/\/abc-latina.com\/wp-json\/wp\/v2\/comments?post=2275"}],"version-history":[{"count":1,"href":"https:\/\/abc-latina.com\/wp-json\/wp\/v2\/pages\/2275\/revisions"}],"predecessor-version":[{"id":3579,"href":"https:\/\/abc-latina.com\/wp-json\/wp\/v2\/pages\/2275\/revisions\/3579"}],"up":[{"embeddable":true,"href":"https:\/\/abc-latina.com\/wp-json\/wp\/v2\/pages\/2564"}],"wp:featuredmedia":[{"embeddable":true,"href":"https:\/\/abc-latina.com\/wp-json\/wp\/v2\/media\/2274"}],"wp:attachment":[{"href":"https:\/\/abc-latina.com\/wp-json\/wp\/v2\/media?parent=2275"}],"curies":[{"name":"wp","href":"https:\/\/api.w.org\/{rel}","templated":true}]}}