{"id":2278,"date":"2010-08-29T01:26:39","date_gmt":"2010-08-28T23:26:39","guid":{"rendered":"http:\/\/abc-latina.com\/tango-htm\/"},"modified":"2026-04-30T18:25:10","modified_gmt":"2026-04-30T16:25:10","slug":"tango","status":"publish","type":"page","link":"https:\/\/abc-latina.com\/musique\/tango\/","title":{"rendered":"Le TANGO"},"content":{"rendered":"<div><img loading=\"lazy\" decoding=\"async\" class=\" alignright size-full wp-image-2277\" src=\"http:\/\/abc-latina.com\/wp-content\/uploads\/2010\/08\/tango.jpg\" title=\"TANGO\" alt=\"\" vspace=\"9\" hspace=\"15\" align=\"right\" width=\"209\" height=\"209\" srcset=\"https:\/\/abc-latina.com\/wp-content\/uploads\/2010\/08\/tango.jpg 209w, https:\/\/abc-latina.com\/wp-content\/uploads\/2010\/08\/tango-150x150.jpg 150w\" sizes=\"auto, (max-width: 209px) 100vw, 209px\" \/>Le <span class=\"tourisme-chapitre\">tango<\/span>, cette pens\u00e9e triste qui se danse, est n\u00e9 au d\u00e9but du XXe si\u00e8cle. Les paroles \u00e9voquent toujours la solitude et le d\u00e9sespoir, la jalousie et la nostalgie, tandis que la danse est une d\u00e9monstration passionn\u00e9e, \u00e9rotique et flamboyante du machisme latin.<\/div>\n<div>&nbsp;<\/div>\n<div>Le tango prit en fait racines dans les quartiers populaires de la capitale \u00e0 la fin du XIXe si\u00e8cle. La croissance que connaissait alors <a target=\"_blank\" href=\"https:\/\/www.abc-latina.com\/argentine\/buenosaires\">Buenos Aires<\/a> avait donn\u00e9 le sentiment aux argentins que tout \u00e9tait d\u00e9sormais possible. Des soldats d\u00e9mobilis\u00e9s furent nombreux \u00e0 s&rsquo;\u00e9tablir dans les zones semi rurales des faubourgs de la capitale, bient\u00f4t rejoints par des milliers d&rsquo;immigrants europ\u00e9ens. Ils se m\u00eal\u00e8rent aux natifs et aux descendants d&rsquo;esclaves africains, dont ils partageaient le sort et les logements. C&rsquo;est ainsi que dans les quartiers pauvres de Buenos Aires se m\u00eal\u00e8rent les plaintes du flamenco espagnol, les rythmes africains et les cadences langoureuses des milongas cr\u00e9oles pour donner naissance tango.<\/div>\n<div>&nbsp;<\/div>\n<div>Il semble qu&rsquo;au d\u00e9part, le tango \u00e9tait avant tout une danse. Les paroles n&rsquo;apparurent que plus tard. Cette danse populaire fit rapidement son apparition dans les maisons closes et les caf\u00e9s mal fam\u00e9s o\u00f9 se r\u00e9unissaient les hommes qui trompaient leur solitude et leur pauvret\u00e9 en \u00e9coutant les chansons paillardes des premiers tanguistas anonymes et en dansant entre eux.<\/div>\n<div>Quand la population immigr\u00e9e f\u00e9minine augmenta, le tango trouva rapidement le chemin des f\u00eates populaires. Mais la bourgeoisie resta r\u00e9fractaire \u00e0 l&rsquo;engouement g\u00e9n\u00e9ral pour cette danse lascive et aux paroles trop grivoises, \u00e0 leurs yeux.<\/div>\n<div>&nbsp;<\/div>\n<div>Au d\u00e9but du XXe si\u00e8cle, son public s&rsquo;accrut et la combinaison m\u00eame des instruments se modifia, lui donnant cette sonorit\u00e9 que nous lui connaissons aujourd&rsquo;hui. Le bandon\u00e9on (sorte d&rsquo;accord\u00e9on) vint s&rsquo;ajouter \u00e0 l&rsquo;ensemble guitare-violon-fl\u00fbte, rejoint parfois par le piano.<\/div>\n<div>Peu avant la premi\u00e8re Guerre Mondiale, le tango arriva dans les caf\u00e9s europ\u00e9ens, toujours sous le courroux de la bonne soci\u00e9t\u00e9. A Paris, la danse fut tr\u00e8s rapidement appr\u00e9ci\u00e9e, et une acad\u00e9mie de tango s&rsquo;ouvrit. Ce succ\u00e8s lui conf\u00e9ra une nouvelle dimension, et cette danse d&rsquo;origine populaire devint le symbole de la cr\u00e9ativit\u00e9 argentine.<\/div>\n<div>&nbsp;<\/div>\n<div>En 1917, un certain Carlos Gardel enregistra la chanson mi noche triste, et le tango conquit d\u00e9finitivement l&rsquo; <a target=\"_blank\" href=\"https:\/\/www.abc-latina.com\/argentine\/\">Argentine<\/a> et l&rsquo;ensemble du continent sud-am\u00e9ricain.<\/div>\n<div>Gardel \u00e9tait incontestablement le plus grand chanteur de tango de tous les temps et le symbole de son \u00e2ge d&rsquo;or. Il serait n\u00e9 \u00e0 Toulouse, d&rsquo;autres disent qu&rsquo;il serait n\u00e9 \u00e0 Montevideo ou encore dans les faubourgs de Buenos Aires.<\/div>\n<div>Les disques, la radio, le cin\u00e9ma, nouveaux m\u00e9dias en plein essor firent le succ\u00e8s de Gardel. Le public qui r\u00e9clamait des airs romantiques et des interpr\u00e8tes imp\u00e9tueux, avait trouv\u00e9 en Gardel interpr\u00e8te id\u00e9al.<\/div>\n<div>La mort tragique du t\u00e9nor, dans un accident d&rsquo;avion au cours d&rsquo;une tourn\u00e9e en Colombie en 1935, acheva de parfaire le mythe. Des milliers d&rsquo;admirateurs effondr\u00e9s vinrent accueillir le navire qui rapatria sa d\u00e9pouille.<\/div>\n<p>&nbsp;<\/p>\n<p><iframe loading=\"lazy\" scrolling=\"no\" allowtransparency=\"true\" src=\"http:\/\/www.deezer.com\/es\/plugins\/player?autoplay=false&amp;playlist=false&amp;width=420&amp;height=80&amp;cover=false&amp;type=playlist&amp;id=29441149&amp;title=&amp;app_id=undefined\" width=\"420\" height=\"80\" frameborder=\"0\"><\/iframe><\/p>\n<p>&nbsp;<\/p>\n","protected":false},"excerpt":{"rendered":"<p>Le tango, cette pens\u00e9e triste qui se danse, est n\u00e9 au d\u00e9but du XXe si\u00e8cle. Les paroles \u00e9voquent toujours la [&hellip;]<\/p>\n","protected":false},"author":3,"featured_media":2277,"parent":2564,"menu_order":0,"comment_status":"closed","ping_status":"closed","template":"","meta":{"site-sidebar-layout":"default","site-content-layout":"","ast-site-content-layout":"default","site-content-style":"default","site-sidebar-style":"default","ast-global-header-display":"","ast-banner-title-visibility":"","ast-main-header-display":"","ast-hfb-above-header-display":"","ast-hfb-below-header-display":"","ast-hfb-mobile-header-display":"","site-post-title":"","ast-breadcrumbs-content":"","ast-featured-img":"","footer-sml-layout":"","ast-disable-related-posts":"","theme-transparent-header-meta":"","adv-header-id-meta":"","stick-header-meta":"","header-above-stick-meta":"","header-main-stick-meta":"","header-below-stick-meta":"","astra-migrate-meta-layouts":"default","ast-page-background-enabled":"default","ast-page-background-meta":{"desktop":{"background-color":"var(--ast-global-color-5)","background-image":"","background-repeat":"repeat","background-position":"center center","background-size":"auto","background-attachment":"scroll","background-type":"","background-media":"","overlay-type":"","overlay-color":"","overlay-opacity":"","overlay-gradient":""},"tablet":{"background-color":"","background-image":"","background-repeat":"repeat","background-position":"center center","background-size":"auto","background-attachment":"scroll","background-type":"","background-media":"","overlay-type":"","overlay-color":"","overlay-opacity":"","overlay-gradient":""},"mobile":{"background-color":"","background-image":"","background-repeat":"repeat","background-position":"center center","background-size":"auto","background-attachment":"scroll","background-type":"","background-media":"","overlay-type":"","overlay-color":"","overlay-opacity":"","overlay-gradient":""}},"ast-content-background-meta":{"desktop":{"background-color":"var(--ast-global-color-4)","background-image":"","background-repeat":"repeat","background-position":"center center","background-size":"auto","background-attachment":"scroll","background-type":"","background-media":"","overlay-type":"","overlay-color":"","overlay-opacity":"","overlay-gradient":""},"tablet":{"background-color":"var(--ast-global-color-4)","background-image":"","background-repeat":"repeat","background-position":"center center","background-size":"auto","background-attachment":"scroll","background-type":"","background-media":"","overlay-type":"","overlay-color":"","overlay-opacity":"","overlay-gradient":""},"mobile":{"background-color":"var(--ast-global-color-4)","background-image":"","background-repeat":"repeat","background-position":"center center","background-size":"auto","background-attachment":"scroll","background-type":"","background-media":"","overlay-type":"","overlay-color":"","overlay-opacity":"","overlay-gradient":""}},"footnotes":""},"class_list":["post-2278","page","type-page","status-publish","has-post-thumbnail","hentry"],"yoast_head":"<!-- This site is optimized with the Yoast SEO plugin v27.5 - https:\/\/yoast.com\/product\/yoast-seo-wordpress\/ -->\n<title>Le TANGO - Abc-latina<\/title>\n<meta name=\"description\" content=\"Le tango, cette pens\u00e9e triste qui se danse, est n\u00e9 au d\u00e9but du XXe si\u00e8cle. Les paroles \u00e9voquent toujours la solitude et le d\u00e9sespoir, la jalousie et la nostalgie...\" \/>\n<meta name=\"robots\" content=\"index, follow, max-snippet:-1, max-image-preview:large, max-video-preview:-1\" \/>\n<link rel=\"canonical\" href=\"https:\/\/abc-latina.com\/musique\/tango\/\" \/>\n<meta property=\"og:locale\" content=\"fr_FR\" \/>\n<meta property=\"og:type\" content=\"article\" \/>\n<meta property=\"og:title\" content=\"Le TANGO - Abc-latina\" \/>\n<meta property=\"og:description\" content=\"Le tango, cette pens\u00e9e triste qui se danse, est n\u00e9 au d\u00e9but du XXe si\u00e8cle. Les paroles \u00e9voquent toujours la solitude et le d\u00e9sespoir, la jalousie et la nostalgie...\" \/>\n<meta property=\"og:url\" content=\"https:\/\/abc-latina.com\/musique\/tango\/\" \/>\n<meta property=\"og:site_name\" content=\"Abc-latina\" \/>\n<meta property=\"article:modified_time\" content=\"2026-04-30T16:25:10+00:00\" \/>\n<meta property=\"og:image\" content=\"https:\/\/abc-latina.com\/wp-content\/uploads\/2010\/08\/tango.jpg\" \/>\n\t<meta property=\"og:image:width\" content=\"209\" \/>\n\t<meta property=\"og:image:height\" content=\"209\" \/>\n\t<meta property=\"og:image:type\" content=\"image\/jpeg\" \/>\n<meta name=\"twitter:card\" content=\"summary_large_image\" \/>\n<meta name=\"twitter:label1\" content=\"Dur\u00e9e de lecture estim\u00e9e\" \/>\n\t<meta name=\"twitter:data1\" content=\"3 minutes\" \/>\n<script type=\"application\/ld+json\" class=\"yoast-schema-graph\">{\"@context\":\"https:\\\/\\\/schema.org\",\"@graph\":[{\"@type\":\"WebPage\",\"@id\":\"https:\\\/\\\/abc-latina.com\\\/musique\\\/tango\\\/\",\"url\":\"https:\\\/\\\/abc-latina.com\\\/musique\\\/tango\\\/\",\"name\":\"Le TANGO - Abc-latina\",\"isPartOf\":{\"@id\":\"https:\\\/\\\/abc-latina.com\\\/#website\"},\"primaryImageOfPage\":{\"@id\":\"https:\\\/\\\/abc-latina.com\\\/musique\\\/tango\\\/#primaryimage\"},\"image\":{\"@id\":\"https:\\\/\\\/abc-latina.com\\\/musique\\\/tango\\\/#primaryimage\"},\"thumbnailUrl\":\"https:\\\/\\\/abc-latina.com\\\/wp-content\\\/uploads\\\/2010\\\/08\\\/tango.jpg\",\"datePublished\":\"2010-08-28T23:26:39+00:00\",\"dateModified\":\"2026-04-30T16:25:10+00:00\",\"description\":\"Le tango, cette pens\u00e9e triste qui se danse, est n\u00e9 au d\u00e9but du XXe si\u00e8cle. Les paroles \u00e9voquent toujours la solitude et le d\u00e9sespoir, la jalousie et la nostalgie...\",\"breadcrumb\":{\"@id\":\"https:\\\/\\\/abc-latina.com\\\/musique\\\/tango\\\/#breadcrumb\"},\"inLanguage\":\"fr-FR\",\"potentialAction\":[{\"@type\":\"ReadAction\",\"target\":[\"https:\\\/\\\/abc-latina.com\\\/musique\\\/tango\\\/\"]}]},{\"@type\":\"ImageObject\",\"inLanguage\":\"fr-FR\",\"@id\":\"https:\\\/\\\/abc-latina.com\\\/musique\\\/tango\\\/#primaryimage\",\"url\":\"https:\\\/\\\/abc-latina.com\\\/wp-content\\\/uploads\\\/2010\\\/08\\\/tango.jpg\",\"contentUrl\":\"https:\\\/\\\/abc-latina.com\\\/wp-content\\\/uploads\\\/2010\\\/08\\\/tango.jpg\",\"width\":209,\"height\":209,\"caption\":\"TANGO\"},{\"@type\":\"BreadcrumbList\",\"@id\":\"https:\\\/\\\/abc-latina.com\\\/musique\\\/tango\\\/#breadcrumb\",\"itemListElement\":[{\"@type\":\"ListItem\",\"position\":1,\"name\":\"Accueil\",\"item\":\"https:\\\/\\\/abc-latina.com\\\/\"},{\"@type\":\"ListItem\",\"position\":2,\"name\":\"Le TANGO\"}]},{\"@type\":\"WebSite\",\"@id\":\"https:\\\/\\\/abc-latina.com\\\/#website\",\"url\":\"https:\\\/\\\/abc-latina.com\\\/\",\"name\":\"Abc-latina\",\"description\":\"\",\"publisher\":{\"@id\":\"https:\\\/\\\/abc-latina.com\\\/#organization\"},\"potentialAction\":[{\"@type\":\"SearchAction\",\"target\":{\"@type\":\"EntryPoint\",\"urlTemplate\":\"https:\\\/\\\/abc-latina.com\\\/?s={search_term_string}\"},\"query-input\":{\"@type\":\"PropertyValueSpecification\",\"valueRequired\":true,\"valueName\":\"search_term_string\"}}],\"inLanguage\":\"fr-FR\"},{\"@type\":\"Organization\",\"@id\":\"https:\\\/\\\/abc-latina.com\\\/#organization\",\"name\":\"Abc-latina\",\"url\":\"https:\\\/\\\/abc-latina.com\\\/\",\"logo\":{\"@type\":\"ImageObject\",\"inLanguage\":\"fr-FR\",\"@id\":\"https:\\\/\\\/abc-latina.com\\\/#\\\/schema\\\/logo\\\/image\\\/\",\"url\":\"https:\\\/\\\/abc-latina.com\\\/wp-content\\\/uploads\\\/2026\\\/05\\\/cropped-logo.gif\",\"contentUrl\":\"https:\\\/\\\/abc-latina.com\\\/wp-content\\\/uploads\\\/2026\\\/05\\\/cropped-logo.gif\",\"width\":89,\"height\":84,\"caption\":\"Abc-latina\"},\"image\":{\"@id\":\"https:\\\/\\\/abc-latina.com\\\/#\\\/schema\\\/logo\\\/image\\\/\"}}]}<\/script>\n<!-- \/ Yoast SEO plugin. -->","yoast_head_json":{"title":"Le TANGO - Abc-latina","description":"Le tango, cette pens\u00e9e triste qui se danse, est n\u00e9 au d\u00e9but du XXe si\u00e8cle. Les paroles \u00e9voquent toujours la solitude et le d\u00e9sespoir, la jalousie et la nostalgie...","robots":{"index":"index","follow":"follow","max-snippet":"max-snippet:-1","max-image-preview":"max-image-preview:large","max-video-preview":"max-video-preview:-1"},"canonical":"https:\/\/abc-latina.com\/musique\/tango\/","og_locale":"fr_FR","og_type":"article","og_title":"Le TANGO - Abc-latina","og_description":"Le tango, cette pens\u00e9e triste qui se danse, est n\u00e9 au d\u00e9but du XXe si\u00e8cle. Les paroles \u00e9voquent toujours la solitude et le d\u00e9sespoir, la jalousie et la nostalgie...","og_url":"https:\/\/abc-latina.com\/musique\/tango\/","og_site_name":"Abc-latina","article_modified_time":"2026-04-30T16:25:10+00:00","og_image":[{"width":209,"height":209,"url":"https:\/\/abc-latina.com\/wp-content\/uploads\/2010\/08\/tango.jpg","type":"image\/jpeg"}],"twitter_card":"summary_large_image","twitter_misc":{"Dur\u00e9e de lecture estim\u00e9e":"3 minutes"},"schema":{"@context":"https:\/\/schema.org","@graph":[{"@type":"WebPage","@id":"https:\/\/abc-latina.com\/musique\/tango\/","url":"https:\/\/abc-latina.com\/musique\/tango\/","name":"Le TANGO - Abc-latina","isPartOf":{"@id":"https:\/\/abc-latina.com\/#website"},"primaryImageOfPage":{"@id":"https:\/\/abc-latina.com\/musique\/tango\/#primaryimage"},"image":{"@id":"https:\/\/abc-latina.com\/musique\/tango\/#primaryimage"},"thumbnailUrl":"https:\/\/abc-latina.com\/wp-content\/uploads\/2010\/08\/tango.jpg","datePublished":"2010-08-28T23:26:39+00:00","dateModified":"2026-04-30T16:25:10+00:00","description":"Le tango, cette pens\u00e9e triste qui se danse, est n\u00e9 au d\u00e9but du XXe si\u00e8cle. Les paroles \u00e9voquent toujours la solitude et le d\u00e9sespoir, la jalousie et la nostalgie...","breadcrumb":{"@id":"https:\/\/abc-latina.com\/musique\/tango\/#breadcrumb"},"inLanguage":"fr-FR","potentialAction":[{"@type":"ReadAction","target":["https:\/\/abc-latina.com\/musique\/tango\/"]}]},{"@type":"ImageObject","inLanguage":"fr-FR","@id":"https:\/\/abc-latina.com\/musique\/tango\/#primaryimage","url":"https:\/\/abc-latina.com\/wp-content\/uploads\/2010\/08\/tango.jpg","contentUrl":"https:\/\/abc-latina.com\/wp-content\/uploads\/2010\/08\/tango.jpg","width":209,"height":209,"caption":"TANGO"},{"@type":"BreadcrumbList","@id":"https:\/\/abc-latina.com\/musique\/tango\/#breadcrumb","itemListElement":[{"@type":"ListItem","position":1,"name":"Accueil","item":"https:\/\/abc-latina.com\/"},{"@type":"ListItem","position":2,"name":"Le TANGO"}]},{"@type":"WebSite","@id":"https:\/\/abc-latina.com\/#website","url":"https:\/\/abc-latina.com\/","name":"Abc-latina","description":"","publisher":{"@id":"https:\/\/abc-latina.com\/#organization"},"potentialAction":[{"@type":"SearchAction","target":{"@type":"EntryPoint","urlTemplate":"https:\/\/abc-latina.com\/?s={search_term_string}"},"query-input":{"@type":"PropertyValueSpecification","valueRequired":true,"valueName":"search_term_string"}}],"inLanguage":"fr-FR"},{"@type":"Organization","@id":"https:\/\/abc-latina.com\/#organization","name":"Abc-latina","url":"https:\/\/abc-latina.com\/","logo":{"@type":"ImageObject","inLanguage":"fr-FR","@id":"https:\/\/abc-latina.com\/#\/schema\/logo\/image\/","url":"https:\/\/abc-latina.com\/wp-content\/uploads\/2026\/05\/cropped-logo.gif","contentUrl":"https:\/\/abc-latina.com\/wp-content\/uploads\/2026\/05\/cropped-logo.gif","width":89,"height":84,"caption":"Abc-latina"},"image":{"@id":"https:\/\/abc-latina.com\/#\/schema\/logo\/image\/"}}]}},"_links":{"self":[{"href":"https:\/\/abc-latina.com\/wp-json\/wp\/v2\/pages\/2278","targetHints":{"allow":["GET"]}}],"collection":[{"href":"https:\/\/abc-latina.com\/wp-json\/wp\/v2\/pages"}],"about":[{"href":"https:\/\/abc-latina.com\/wp-json\/wp\/v2\/types\/page"}],"author":[{"embeddable":true,"href":"https:\/\/abc-latina.com\/wp-json\/wp\/v2\/users\/3"}],"replies":[{"embeddable":true,"href":"https:\/\/abc-latina.com\/wp-json\/wp\/v2\/comments?post=2278"}],"version-history":[{"count":1,"href":"https:\/\/abc-latina.com\/wp-json\/wp\/v2\/pages\/2278\/revisions"}],"predecessor-version":[{"id":3581,"href":"https:\/\/abc-latina.com\/wp-json\/wp\/v2\/pages\/2278\/revisions\/3581"}],"up":[{"embeddable":true,"href":"https:\/\/abc-latina.com\/wp-json\/wp\/v2\/pages\/2564"}],"wp:featuredmedia":[{"embeddable":true,"href":"https:\/\/abc-latina.com\/wp-json\/wp\/v2\/media\/2277"}],"wp:attachment":[{"href":"https:\/\/abc-latina.com\/wp-json\/wp\/v2\/media?parent=2278"}],"curies":[{"name":"wp","href":"https:\/\/api.w.org\/{rel}","templated":true}]}}