{"id":2293,"date":"2010-10-07T21:16:06","date_gmt":"2010-10-07T19:16:06","guid":{"rendered":"http:\/\/abc-latina.com\/index-htm-3\/"},"modified":"2026-04-30T18:24:54","modified_gmt":"2026-04-30T16:24:54","slug":"chili","status":"publish","type":"page","link":"https:\/\/abc-latina.com\/chili\/","title":{"rendered":"CHILI"},"content":{"rendered":"<p><img loading=\"lazy\" decoding=\"async\" class=\" alignright size-full wp-image-1131\" src=\"http:\/\/abc-latina.com\/wp-content\/uploads\/2010\/06\/chili.jpg\" title=\"CHILI\" alt=\"CHILI\" width=\"220\" vspace=\"9\" hspace=\"15\" height=\"220\" align=\"right\" \/>Le Chili, ce pays a l&rsquo;\u00e9tonnante g\u00e9ographie s&rsquo;\u00e9tire sur plus de 4000 km, depuis les chauds d\u00e9serts du Nord \u00e0 la Patagonie glaciale. Au centre de ces 2 r\u00e9gions extr\u00eames, aussi faiblement peupl\u00e9es l&rsquo;une que l&rsquo;autre, se trouve un Chili diff\u00e9rent de l&rsquo;image que l&rsquo;on peut se faire d&rsquo;un pays latino.<br \/> La population, pourtant fortement m\u00e9tiss\u00e9e, est assez proche des mentalit\u00e9s europ\u00e9ennes. Le Chili est aussi un des pays d&rsquo;Am\u00e9rique Latine les plus industrialis\u00e9.<br \/> Pour peu on ne serait pas trop d\u00e9pays\u00e9, surtout \u00e0 Santiago, mais les fantastiques paysages de la Patagonie, pour ne citer qu&rsquo;eux, seront l\u00e0 pour vous rappeler que vous \u00eates au bout du monde. Et si vous vous rendez sur la lointaine \u00eele de P\u00e2ques, vous aurez peut-\u00eatre l&rsquo;impression d&rsquo;avoir quitter notre belle plan\u00e8te.<br \/> Le Chili a beaucoup \u00e0 vous faire d\u00e9couvrir, ABC-LATINA vous y aidera.<\/p>\n<h2><strong>CHILI &#8230; A SAVOIR<\/strong><\/h2>\n<p>C&rsquo;est au 20\u00e9me si\u00e8cle que les conquistadores introduisirent au Chili les premiers ceps de vigne, destin\u00e9s \u00e0 la production de vin de messe. Pendant toute la p\u00e9riode coloniale, de petits pressoirs furent install\u00e9s dans les haciendas de la vall\u00e9e de Maipo par les agriculteurs qui payaient ainsi leur d\u00eeme \u00e0 l&rsquo;Eglise.<br \/>Les premiers vignobles \u00e0 caract\u00e8re commercial virent le jour en 1851. Les viticulteurs d\u00e9couvrirent vite que la nature du sol, l&rsquo;altitude et le climat sec de la vall\u00e9e permettaient de produire un vin de classe internationale. <br \/>&nbsp;<a target=\"_blank\" href=\"https:\/\/voyage.abc-latina.com\/voyage_chili\/chili.php\"><span class=\"sejour-circuit\"><br \/><\/span><\/a><\/p>\n<h2><span class=\"sejour-circuit\">CHILI A LA UNE<\/span><\/h2>\n<h3>Chili: L&rsquo;\u00eele de P\u00e2ques a encore des secrets \u00e0 r\u00e9v\u00e9ler<\/h3>\n<p><img loading=\"lazy\" decoding=\"async\" class=\" alignleft size-full wp-image-35\" alt=\"\" src=\"http:\/\/abc-latina.com\/wp-content\/uploads\/2010\/04\/chili-iledepaques.jpg\" width=\"173\" hspace=\"10\" height=\"130\" align=\"left\" srcset=\"https:\/\/abc-latina.com\/wp-content\/uploads\/2010\/04\/chili-iledepaques.jpg 1280w, https:\/\/abc-latina.com\/wp-content\/uploads\/2010\/04\/chili-iledepaques-300x225.jpg 300w, https:\/\/abc-latina.com\/wp-content\/uploads\/2010\/04\/chili-iledepaques-1024x768.jpg 1024w, https:\/\/abc-latina.com\/wp-content\/uploads\/2010\/04\/chili-iledepaques-768x576.jpg 768w\" sizes=\"auto, (max-width: 173px) 100vw, 173px\" \/>S&rsquo;il y a bien une \u00eele du Pacifique qui n&rsquo;est plus \u00e0 pr\u00e9senter, c&rsquo;est bien l&rsquo;\u00eele de P\u00e2ques ! Le myst\u00e8re de ses quelques 900 statues achev\u00e9es et inachev\u00e9es, a toujours passionn\u00e9 historiens et arch\u00e9ologues ; comment de tels monuments ont pu \u00eatre \u00e9rig\u00e9s, et quelles raisons ont pouss\u00e9es un peuple \u00e0 se lancer dans un tel chantier.&nbsp;&nbsp; <a href=\"https:\/\/www.abc-latina.com\/chili\/ile-de-paques-des-secrets-a-reveler\"><strong>La suite<\/strong><\/a><br \/>&nbsp;<\/p>\n","protected":false},"excerpt":{"rendered":"<p>Le Chili, ce pays a l&rsquo;\u00e9tonnante g\u00e9ographie s&rsquo;\u00e9tire sur plus de 4000 km, depuis les chauds d\u00e9serts du Nord \u00e0 [&hellip;]<\/p>\n","protected":false},"author":3,"featured_media":1131,"parent":0,"menu_order":0,"comment_status":"closed","ping_status":"closed","template":"","meta":{"site-sidebar-layout":"default","site-content-layout":"","ast-site-content-layout":"default","site-content-style":"default","site-sidebar-style":"default","ast-global-header-display":"","ast-banner-title-visibility":"","ast-main-header-display":"","ast-hfb-above-header-display":"","ast-hfb-below-header-display":"","ast-hfb-mobile-header-display":"","site-post-title":"","ast-breadcrumbs-content":"","ast-featured-img":"","footer-sml-layout":"","ast-disable-related-posts":"","theme-transparent-header-meta":"","adv-header-id-meta":"","stick-header-meta":"","header-above-stick-meta":"","header-main-stick-meta":"","header-below-stick-meta":"","astra-migrate-meta-layouts":"default","ast-page-background-enabled":"default","ast-page-background-meta":{"desktop":{"background-color":"var(--ast-global-color-5)","background-image":"","background-repeat":"repeat","background-position":"center center","background-size":"auto","background-attachment":"scroll","background-type":"","background-media":"","overlay-type":"","overlay-color":"","overlay-opacity":"","overlay-gradient":""},"tablet":{"background-color":"","background-image":"","background-repeat":"repeat","background-position":"center center","background-size":"auto","background-attachment":"scroll","background-type":"","background-media":"","overlay-type":"","overlay-color":"","overlay-opacity":"","overlay-gradient":""},"mobile":{"background-color":"","background-image":"","background-repeat":"repeat","background-position":"center center","background-size":"auto","background-attachment":"scroll","background-type":"","background-media":"","overlay-type":"","overlay-color":"","overlay-opacity":"","overlay-gradient":""}},"ast-content-background-meta":{"desktop":{"background-color":"var(--ast-global-color-4)","background-image":"","background-repeat":"repeat","background-position":"center center","background-size":"auto","background-attachment":"scroll","background-type":"","background-media":"","overlay-type":"","overlay-color":"","overlay-opacity":"","overlay-gradient":""},"tablet":{"background-color":"var(--ast-global-color-4)","background-image":"","background-repeat":"repeat","background-position":"center center","background-size":"auto","background-attachment":"scroll","background-type":"","background-media":"","overlay-type":"","overlay-color":"","overlay-opacity":"","overlay-gradient":""},"mobile":{"background-color":"var(--ast-global-color-4)","background-image":"","background-repeat":"repeat","background-position":"center center","background-size":"auto","background-attachment":"scroll","background-type":"","background-media":"","overlay-type":"","overlay-color":"","overlay-opacity":"","overlay-gradient":""}},"footnotes":""},"class_list":["post-2293","page","type-page","status-publish","has-post-thumbnail","hentry"],"yoast_head":"<!-- This site is optimized with the Yoast SEO plugin v27.5 - https:\/\/yoast.com\/product\/yoast-seo-wordpress\/ -->\n<title>CHILI - Abc-latina<\/title>\n<meta name=\"description\" content=\"Le Chili vu sous tous les angles :touristique, historique, economique et  culturels. D\u00e9couverte du Chili.\" \/>\n<meta name=\"robots\" content=\"index, follow, max-snippet:-1, max-image-preview:large, max-video-preview:-1\" \/>\n<link rel=\"canonical\" href=\"https:\/\/abc-latina.com\/chili\/\" \/>\n<meta property=\"og:locale\" content=\"fr_FR\" \/>\n<meta property=\"og:type\" content=\"article\" \/>\n<meta property=\"og:title\" content=\"CHILI - Abc-latina\" \/>\n<meta property=\"og:description\" content=\"Le Chili vu sous tous les angles :touristique, historique, economique et  culturels. D\u00e9couverte du Chili.\" \/>\n<meta property=\"og:url\" content=\"https:\/\/abc-latina.com\/chili\/\" \/>\n<meta property=\"og:site_name\" content=\"Abc-latina\" \/>\n<meta property=\"article:modified_time\" content=\"2026-04-30T16:24:54+00:00\" \/>\n<meta property=\"og:image\" content=\"https:\/\/abc-latina.com\/wp-content\/uploads\/2010\/06\/chili.jpg\" \/>\n\t<meta property=\"og:image:width\" content=\"110\" \/>\n\t<meta property=\"og:image:height\" content=\"82\" \/>\n\t<meta property=\"og:image:type\" content=\"image\/jpeg\" \/>\n<meta name=\"twitter:card\" content=\"summary_large_image\" \/>\n<meta name=\"twitter:label1\" content=\"Dur\u00e9e de lecture estim\u00e9e\" \/>\n\t<meta name=\"twitter:data1\" content=\"2 minutes\" \/>\n<script type=\"application\/ld+json\" class=\"yoast-schema-graph\">{\"@context\":\"https:\\\/\\\/schema.org\",\"@graph\":[{\"@type\":\"WebPage\",\"@id\":\"https:\\\/\\\/abc-latina.com\\\/chili\\\/\",\"url\":\"https:\\\/\\\/abc-latina.com\\\/chili\\\/\",\"name\":\"CHILI - Abc-latina\",\"isPartOf\":{\"@id\":\"https:\\\/\\\/abc-latina.com\\\/#website\"},\"primaryImageOfPage\":{\"@id\":\"https:\\\/\\\/abc-latina.com\\\/chili\\\/#primaryimage\"},\"image\":{\"@id\":\"https:\\\/\\\/abc-latina.com\\\/chili\\\/#primaryimage\"},\"thumbnailUrl\":\"https:\\\/\\\/abc-latina.com\\\/wp-content\\\/uploads\\\/2010\\\/06\\\/chili.jpg\",\"datePublished\":\"2010-10-07T19:16:06+00:00\",\"dateModified\":\"2026-04-30T16:24:54+00:00\",\"description\":\"Le Chili vu sous tous les angles :touristique, historique, economique et culturels. D\u00e9couverte du Chili.\",\"breadcrumb\":{\"@id\":\"https:\\\/\\\/abc-latina.com\\\/chili\\\/#breadcrumb\"},\"inLanguage\":\"fr-FR\",\"potentialAction\":[{\"@type\":\"ReadAction\",\"target\":[\"https:\\\/\\\/abc-latina.com\\\/chili\\\/\"]}]},{\"@type\":\"ImageObject\",\"inLanguage\":\"fr-FR\",\"@id\":\"https:\\\/\\\/abc-latina.com\\\/chili\\\/#primaryimage\",\"url\":\"https:\\\/\\\/abc-latina.com\\\/wp-content\\\/uploads\\\/2010\\\/06\\\/chili.jpg\",\"contentUrl\":\"https:\\\/\\\/abc-latina.com\\\/wp-content\\\/uploads\\\/2010\\\/06\\\/chili.jpg\",\"width\":110,\"height\":82},{\"@type\":\"BreadcrumbList\",\"@id\":\"https:\\\/\\\/abc-latina.com\\\/chili\\\/#breadcrumb\",\"itemListElement\":[{\"@type\":\"ListItem\",\"position\":1,\"name\":\"Accueil\",\"item\":\"https:\\\/\\\/abc-latina.com\\\/\"},{\"@type\":\"ListItem\",\"position\":2,\"name\":\"CHILI\"}]},{\"@type\":\"WebSite\",\"@id\":\"https:\\\/\\\/abc-latina.com\\\/#website\",\"url\":\"https:\\\/\\\/abc-latina.com\\\/\",\"name\":\"Abc-latina\",\"description\":\"\",\"publisher\":{\"@id\":\"https:\\\/\\\/abc-latina.com\\\/#organization\"},\"potentialAction\":[{\"@type\":\"SearchAction\",\"target\":{\"@type\":\"EntryPoint\",\"urlTemplate\":\"https:\\\/\\\/abc-latina.com\\\/?s={search_term_string}\"},\"query-input\":{\"@type\":\"PropertyValueSpecification\",\"valueRequired\":true,\"valueName\":\"search_term_string\"}}],\"inLanguage\":\"fr-FR\"},{\"@type\":\"Organization\",\"@id\":\"https:\\\/\\\/abc-latina.com\\\/#organization\",\"name\":\"Abc-latina\",\"url\":\"https:\\\/\\\/abc-latina.com\\\/\",\"logo\":{\"@type\":\"ImageObject\",\"inLanguage\":\"fr-FR\",\"@id\":\"https:\\\/\\\/abc-latina.com\\\/#\\\/schema\\\/logo\\\/image\\\/\",\"url\":\"https:\\\/\\\/abc-latina.com\\\/wp-content\\\/uploads\\\/2026\\\/05\\\/cropped-logo.gif\",\"contentUrl\":\"https:\\\/\\\/abc-latina.com\\\/wp-content\\\/uploads\\\/2026\\\/05\\\/cropped-logo.gif\",\"width\":89,\"height\":84,\"caption\":\"Abc-latina\"},\"image\":{\"@id\":\"https:\\\/\\\/abc-latina.com\\\/#\\\/schema\\\/logo\\\/image\\\/\"}}]}<\/script>\n<!-- \/ Yoast SEO plugin. -->","yoast_head_json":{"title":"CHILI - Abc-latina","description":"Le Chili vu sous tous les angles :touristique, historique, economique et  culturels. D\u00e9couverte du Chili.","robots":{"index":"index","follow":"follow","max-snippet":"max-snippet:-1","max-image-preview":"max-image-preview:large","max-video-preview":"max-video-preview:-1"},"canonical":"https:\/\/abc-latina.com\/chili\/","og_locale":"fr_FR","og_type":"article","og_title":"CHILI - Abc-latina","og_description":"Le Chili vu sous tous les angles :touristique, historique, economique et  culturels. D\u00e9couverte du Chili.","og_url":"https:\/\/abc-latina.com\/chili\/","og_site_name":"Abc-latina","article_modified_time":"2026-04-30T16:24:54+00:00","og_image":[{"width":110,"height":82,"url":"https:\/\/abc-latina.com\/wp-content\/uploads\/2010\/06\/chili.jpg","type":"image\/jpeg"}],"twitter_card":"summary_large_image","twitter_misc":{"Dur\u00e9e de lecture estim\u00e9e":"2 minutes"},"schema":{"@context":"https:\/\/schema.org","@graph":[{"@type":"WebPage","@id":"https:\/\/abc-latina.com\/chili\/","url":"https:\/\/abc-latina.com\/chili\/","name":"CHILI - Abc-latina","isPartOf":{"@id":"https:\/\/abc-latina.com\/#website"},"primaryImageOfPage":{"@id":"https:\/\/abc-latina.com\/chili\/#primaryimage"},"image":{"@id":"https:\/\/abc-latina.com\/chili\/#primaryimage"},"thumbnailUrl":"https:\/\/abc-latina.com\/wp-content\/uploads\/2010\/06\/chili.jpg","datePublished":"2010-10-07T19:16:06+00:00","dateModified":"2026-04-30T16:24:54+00:00","description":"Le Chili vu sous tous les angles :touristique, historique, economique et culturels. D\u00e9couverte du Chili.","breadcrumb":{"@id":"https:\/\/abc-latina.com\/chili\/#breadcrumb"},"inLanguage":"fr-FR","potentialAction":[{"@type":"ReadAction","target":["https:\/\/abc-latina.com\/chili\/"]}]},{"@type":"ImageObject","inLanguage":"fr-FR","@id":"https:\/\/abc-latina.com\/chili\/#primaryimage","url":"https:\/\/abc-latina.com\/wp-content\/uploads\/2010\/06\/chili.jpg","contentUrl":"https:\/\/abc-latina.com\/wp-content\/uploads\/2010\/06\/chili.jpg","width":110,"height":82},{"@type":"BreadcrumbList","@id":"https:\/\/abc-latina.com\/chili\/#breadcrumb","itemListElement":[{"@type":"ListItem","position":1,"name":"Accueil","item":"https:\/\/abc-latina.com\/"},{"@type":"ListItem","position":2,"name":"CHILI"}]},{"@type":"WebSite","@id":"https:\/\/abc-latina.com\/#website","url":"https:\/\/abc-latina.com\/","name":"Abc-latina","description":"","publisher":{"@id":"https:\/\/abc-latina.com\/#organization"},"potentialAction":[{"@type":"SearchAction","target":{"@type":"EntryPoint","urlTemplate":"https:\/\/abc-latina.com\/?s={search_term_string}"},"query-input":{"@type":"PropertyValueSpecification","valueRequired":true,"valueName":"search_term_string"}}],"inLanguage":"fr-FR"},{"@type":"Organization","@id":"https:\/\/abc-latina.com\/#organization","name":"Abc-latina","url":"https:\/\/abc-latina.com\/","logo":{"@type":"ImageObject","inLanguage":"fr-FR","@id":"https:\/\/abc-latina.com\/#\/schema\/logo\/image\/","url":"https:\/\/abc-latina.com\/wp-content\/uploads\/2026\/05\/cropped-logo.gif","contentUrl":"https:\/\/abc-latina.com\/wp-content\/uploads\/2026\/05\/cropped-logo.gif","width":89,"height":84,"caption":"Abc-latina"},"image":{"@id":"https:\/\/abc-latina.com\/#\/schema\/logo\/image\/"}}]}},"_links":{"self":[{"href":"https:\/\/abc-latina.com\/wp-json\/wp\/v2\/pages\/2293","targetHints":{"allow":["GET"]}}],"collection":[{"href":"https:\/\/abc-latina.com\/wp-json\/wp\/v2\/pages"}],"about":[{"href":"https:\/\/abc-latina.com\/wp-json\/wp\/v2\/types\/page"}],"author":[{"embeddable":true,"href":"https:\/\/abc-latina.com\/wp-json\/wp\/v2\/users\/3"}],"replies":[{"embeddable":true,"href":"https:\/\/abc-latina.com\/wp-json\/wp\/v2\/comments?post=2293"}],"version-history":[{"count":1,"href":"https:\/\/abc-latina.com\/wp-json\/wp\/v2\/pages\/2293\/revisions"}],"predecessor-version":[{"id":3243,"href":"https:\/\/abc-latina.com\/wp-json\/wp\/v2\/pages\/2293\/revisions\/3243"}],"wp:featuredmedia":[{"embeddable":true,"href":"https:\/\/abc-latina.com\/wp-json\/wp\/v2\/media\/1131"}],"wp:attachment":[{"href":"https:\/\/abc-latina.com\/wp-json\/wp\/v2\/media?parent=2293"}],"curies":[{"name":"wp","href":"https:\/\/api.w.org\/{rel}","templated":true}]}}