{"id":2295,"date":"2010-10-07T21:21:01","date_gmt":"2010-10-07T19:21:01","guid":{"rendered":"http:\/\/abc-latina.com\/bolivie\/"},"modified":"2018-07-01T00:44:16","modified_gmt":"2018-06-30T22:44:16","slug":"bolivie","status":"publish","type":"page","link":"https:\/\/abc-latina.com\/bolivie\/","title":{"rendered":"BOLIVIE"},"content":{"rendered":"<p><img loading=\"lazy\" decoding=\"async\" class=\" alignright size-full wp-image-1127\" src=\"http:\/\/abc-latina.com\/wp-content\/uploads\/2010\/06\/bolivie.jpg\" title=\"BOLIVIE\" alt=\"\" width=\"220\" vspace=\"9\" hspace=\"15\" height=\"220\" align=\"right\" \/>Si la Bolivie reste \u00e0 nos jours, toujours&nbsp; l&rsquo;un des pays les moins connus d&rsquo;Am\u00e9rique du Sud, elle n&rsquo;en est pas moins l&rsquo;un des plus attachants. Ici, la population indienne est la plus importante, nombreux sont ceux qui est encore aujourd&rsquo;hui ne parlent que le Quechua ou L&rsquo;Aymara.<br \/> La Bolivie r\u00e9serve aux voyageurs d&rsquo;extraordinaire richesse : paysages d&rsquo;une extraordinaire beaut\u00e9 et d&rsquo;une grande diversit\u00e9, depuis les neiges \u00e9ternelles de la cordill\u00e8re, jusqu&rsquo;\u00e0 la torride et luxuriante for\u00eat amazonienne, dans un d\u00e9nivel\u00e9 de plus de 5000 m.<br \/> Ses <a target=\"_blank\" href=\"https:\/\/www.abc-latina.com\/civilisations\/\">civilisations<\/a> mill\u00e9naires ont \u00e9crit l&rsquo;histoire d&rsquo;une grande partie des Andes et ont laiss\u00e9 visible des vestiges d&rsquo;une grandeur pass\u00e9e.<\/p>\n<p>&nbsp;<\/p>\n<h2><strong>BOLIVIE A LA UNE<\/strong><\/h2>\n<h3>Les spectaculaires paysages du Salar d&rsquo;Uyuni<\/h3>\n<p><img loading=\"lazy\" decoding=\"async\" class=\" alignleft size-full wp-image-2294\" src=\"http:\/\/abc-latina.com\/wp-content\/uploads\/2010\/10\/uyuni-bolivie.jpg\" alt=\"\" width=\"195\" hspace=\"10\" height=\"130\" align=\"left\" srcset=\"https:\/\/abc-latina.com\/wp-content\/uploads\/2010\/10\/uyuni-bolivie.jpg 460w, https:\/\/abc-latina.com\/wp-content\/uploads\/2010\/10\/uyuni-bolivie-300x200.jpg 300w\" sizes=\"auto, (max-width: 195px) 100vw, 195px\" \/>D\u00e9couvrez l&rsquo;une des merveilles de la Bolivie, le d\u00e9sert de sel du Salar d&rsquo;Uyuni.&nbsp; Situ\u00e9 \u00e0 plus de 3600 m\u00e8tres d&rsquo;altitude, cet ancien lac ass\u00e9ch\u00e9 a laiss\u00e9 derri\u00e8re lui une couche de sel blanc sur 12 500 km&sup2;. La vue est exceptionnelle, le blanc s&rsquo;impose \u00e0 perte de vue.&nbsp;&nbsp;&nbsp; <a href=\"https:\/\/www.abc-latina.com\/bolivie\/spectaculaires-paysages-salar-uyuni\"><strong>La suite<\/strong><\/a><\/p>\n<p>&nbsp;<a target=\"_blank\" href=\"http:\/\/voyage.abc-latina.com\/voyage_bolivie\/bolivie.php\"><span class=\"sejour-circuit\"><br \/><\/span><\/a><\/p>\n<h2><strong>BOLIVIE &#8230; A SAVOIR<\/strong><\/h2>\n<h3>F\u00eates en Bolivie&nbsp;<\/h3>\n<p>En Bolivie, on sait toujours quand une fiesta se pr\u00e9pare. La veille au soir, les bars de la ville se remplissent de f\u00eatards, tandis qu&rsquo;au-dehors, s&rsquo;\u00e9l\u00e9vent des estrades d&rsquo;o\u00f9 l&rsquo;on pourra voir la procession du lendemain. Des centaines de participants mettent, chez eux, la derni\u00e8re main \u00e0 des costumes \u00e9labor\u00e9s et se pr\u00e9parent \u00e0 tenir leur r\u00f4le dans la fameuse diablada, cette danse du diable qui remonte aux temps pr\u00e9hispaniques.<\/p>\n","protected":false},"excerpt":{"rendered":"<p>Si la Bolivie reste \u00e0 nos jours, toujours&nbsp; l&rsquo;un des pays les moins connus d&rsquo;Am\u00e9rique du Sud, elle n&rsquo;en est [&hellip;]<\/p>\n","protected":false},"author":3,"featured_media":1127,"parent":0,"menu_order":0,"comment_status":"closed","ping_status":"closed","template":"","meta":{"site-sidebar-layout":"default","site-content-layout":"","ast-site-content-layout":"default","site-content-style":"default","site-sidebar-style":"default","ast-global-header-display":"","ast-banner-title-visibility":"","ast-main-header-display":"","ast-hfb-above-header-display":"","ast-hfb-below-header-display":"","ast-hfb-mobile-header-display":"","site-post-title":"","ast-breadcrumbs-content":"","ast-featured-img":"","footer-sml-layout":"","ast-disable-related-posts":"","theme-transparent-header-meta":"","adv-header-id-meta":"","stick-header-meta":"","header-above-stick-meta":"","header-main-stick-meta":"","header-below-stick-meta":"","astra-migrate-meta-layouts":"default","ast-page-background-enabled":"default","ast-page-background-meta":{"desktop":{"background-color":"var(--ast-global-color-5)","background-image":"","background-repeat":"repeat","background-position":"center center","background-size":"auto","background-attachment":"scroll","background-type":"","background-media":"","overlay-type":"","overlay-color":"","overlay-opacity":"","overlay-gradient":""},"tablet":{"background-color":"","background-image":"","background-repeat":"repeat","background-position":"center center","background-size":"auto","background-attachment":"scroll","background-type":"","background-media":"","overlay-type":"","overlay-color":"","overlay-opacity":"","overlay-gradient":""},"mobile":{"background-color":"","background-image":"","background-repeat":"repeat","background-position":"center center","background-size":"auto","background-attachment":"scroll","background-type":"","background-media":"","overlay-type":"","overlay-color":"","overlay-opacity":"","overlay-gradient":""}},"ast-content-background-meta":{"desktop":{"background-color":"var(--ast-global-color-4)","background-image":"","background-repeat":"repeat","background-position":"center center","background-size":"auto","background-attachment":"scroll","background-type":"","background-media":"","overlay-type":"","overlay-color":"","overlay-opacity":"","overlay-gradient":""},"tablet":{"background-color":"var(--ast-global-color-4)","background-image":"","background-repeat":"repeat","background-position":"center center","background-size":"auto","background-attachment":"scroll","background-type":"","background-media":"","overlay-type":"","overlay-color":"","overlay-opacity":"","overlay-gradient":""},"mobile":{"background-color":"var(--ast-global-color-4)","background-image":"","background-repeat":"repeat","background-position":"center center","background-size":"auto","background-attachment":"scroll","background-type":"","background-media":"","overlay-type":"","overlay-color":"","overlay-opacity":"","overlay-gradient":""}},"footnotes":""},"class_list":["post-2295","page","type-page","status-publish","has-post-thumbnail","hentry"],"yoast_head":"<!-- This site is optimized with the Yoast SEO plugin v27.5 - https:\/\/yoast.com\/product\/yoast-seo-wordpress\/ -->\n<title>BOLIVIE - Abc-latina<\/title>\n<meta name=\"description\" content=\"La Bolivie vu sous tous les angles :touristique, historique, \u00e9conomique, culturels. Voyage en Bolivie.\" \/>\n<meta name=\"robots\" content=\"index, follow, max-snippet:-1, max-image-preview:large, max-video-preview:-1\" \/>\n<link rel=\"canonical\" href=\"https:\/\/abc-latina.com\/bolivie\/\" \/>\n<meta property=\"og:locale\" content=\"fr_FR\" \/>\n<meta property=\"og:type\" content=\"article\" \/>\n<meta property=\"og:title\" content=\"BOLIVIE - Abc-latina\" \/>\n<meta property=\"og:description\" content=\"La Bolivie vu sous tous les angles :touristique, historique, \u00e9conomique, culturels. Voyage en Bolivie.\" \/>\n<meta property=\"og:url\" content=\"https:\/\/abc-latina.com\/bolivie\/\" \/>\n<meta property=\"og:site_name\" content=\"Abc-latina\" \/>\n<meta property=\"article:modified_time\" content=\"2018-06-30T22:44:16+00:00\" \/>\n<meta property=\"og:image\" content=\"https:\/\/abc-latina.com\/wp-content\/uploads\/2010\/06\/bolivie.jpg\" \/>\n\t<meta property=\"og:image:width\" content=\"110\" \/>\n\t<meta property=\"og:image:height\" content=\"82\" \/>\n\t<meta property=\"og:image:type\" content=\"image\/jpeg\" \/>\n<meta name=\"twitter:card\" content=\"summary_large_image\" \/>\n<meta name=\"twitter:label1\" content=\"Dur\u00e9e de lecture estim\u00e9e\" \/>\n\t<meta name=\"twitter:data1\" content=\"1 minute\" \/>\n<script type=\"application\/ld+json\" class=\"yoast-schema-graph\">{\"@context\":\"https:\\\/\\\/schema.org\",\"@graph\":[{\"@type\":\"WebPage\",\"@id\":\"https:\\\/\\\/abc-latina.com\\\/bolivie\\\/\",\"url\":\"https:\\\/\\\/abc-latina.com\\\/bolivie\\\/\",\"name\":\"BOLIVIE - Abc-latina\",\"isPartOf\":{\"@id\":\"https:\\\/\\\/abc-latina.com\\\/#website\"},\"primaryImageOfPage\":{\"@id\":\"https:\\\/\\\/abc-latina.com\\\/bolivie\\\/#primaryimage\"},\"image\":{\"@id\":\"https:\\\/\\\/abc-latina.com\\\/bolivie\\\/#primaryimage\"},\"thumbnailUrl\":\"https:\\\/\\\/abc-latina.com\\\/wp-content\\\/uploads\\\/2010\\\/06\\\/bolivie.jpg\",\"datePublished\":\"2010-10-07T19:21:01+00:00\",\"dateModified\":\"2018-06-30T22:44:16+00:00\",\"description\":\"La Bolivie vu sous tous les angles :touristique, historique, \u00e9conomique, culturels. Voyage en Bolivie.\",\"breadcrumb\":{\"@id\":\"https:\\\/\\\/abc-latina.com\\\/bolivie\\\/#breadcrumb\"},\"inLanguage\":\"fr-FR\",\"potentialAction\":[{\"@type\":\"ReadAction\",\"target\":[\"https:\\\/\\\/abc-latina.com\\\/bolivie\\\/\"]}]},{\"@type\":\"ImageObject\",\"inLanguage\":\"fr-FR\",\"@id\":\"https:\\\/\\\/abc-latina.com\\\/bolivie\\\/#primaryimage\",\"url\":\"https:\\\/\\\/abc-latina.com\\\/wp-content\\\/uploads\\\/2010\\\/06\\\/bolivie.jpg\",\"contentUrl\":\"https:\\\/\\\/abc-latina.com\\\/wp-content\\\/uploads\\\/2010\\\/06\\\/bolivie.jpg\",\"width\":110,\"height\":82},{\"@type\":\"BreadcrumbList\",\"@id\":\"https:\\\/\\\/abc-latina.com\\\/bolivie\\\/#breadcrumb\",\"itemListElement\":[{\"@type\":\"ListItem\",\"position\":1,\"name\":\"Accueil\",\"item\":\"https:\\\/\\\/abc-latina.com\\\/\"},{\"@type\":\"ListItem\",\"position\":2,\"name\":\"BOLIVIE\"}]},{\"@type\":\"WebSite\",\"@id\":\"https:\\\/\\\/abc-latina.com\\\/#website\",\"url\":\"https:\\\/\\\/abc-latina.com\\\/\",\"name\":\"Abc-latina\",\"description\":\"\",\"publisher\":{\"@id\":\"https:\\\/\\\/abc-latina.com\\\/#organization\"},\"potentialAction\":[{\"@type\":\"SearchAction\",\"target\":{\"@type\":\"EntryPoint\",\"urlTemplate\":\"https:\\\/\\\/abc-latina.com\\\/?s={search_term_string}\"},\"query-input\":{\"@type\":\"PropertyValueSpecification\",\"valueRequired\":true,\"valueName\":\"search_term_string\"}}],\"inLanguage\":\"fr-FR\"},{\"@type\":\"Organization\",\"@id\":\"https:\\\/\\\/abc-latina.com\\\/#organization\",\"name\":\"Abc-latina\",\"url\":\"https:\\\/\\\/abc-latina.com\\\/\",\"logo\":{\"@type\":\"ImageObject\",\"inLanguage\":\"fr-FR\",\"@id\":\"https:\\\/\\\/abc-latina.com\\\/#\\\/schema\\\/logo\\\/image\\\/\",\"url\":\"https:\\\/\\\/abc-latina.com\\\/wp-content\\\/uploads\\\/2026\\\/05\\\/cropped-logo.gif\",\"contentUrl\":\"https:\\\/\\\/abc-latina.com\\\/wp-content\\\/uploads\\\/2026\\\/05\\\/cropped-logo.gif\",\"width\":89,\"height\":84,\"caption\":\"Abc-latina\"},\"image\":{\"@id\":\"https:\\\/\\\/abc-latina.com\\\/#\\\/schema\\\/logo\\\/image\\\/\"}}]}<\/script>\n<!-- \/ Yoast SEO plugin. -->","yoast_head_json":{"title":"BOLIVIE - Abc-latina","description":"La Bolivie vu sous tous les angles :touristique, historique, \u00e9conomique, culturels. Voyage en Bolivie.","robots":{"index":"index","follow":"follow","max-snippet":"max-snippet:-1","max-image-preview":"max-image-preview:large","max-video-preview":"max-video-preview:-1"},"canonical":"https:\/\/abc-latina.com\/bolivie\/","og_locale":"fr_FR","og_type":"article","og_title":"BOLIVIE - Abc-latina","og_description":"La Bolivie vu sous tous les angles :touristique, historique, \u00e9conomique, culturels. Voyage en Bolivie.","og_url":"https:\/\/abc-latina.com\/bolivie\/","og_site_name":"Abc-latina","article_modified_time":"2018-06-30T22:44:16+00:00","og_image":[{"width":110,"height":82,"url":"https:\/\/abc-latina.com\/wp-content\/uploads\/2010\/06\/bolivie.jpg","type":"image\/jpeg"}],"twitter_card":"summary_large_image","twitter_misc":{"Dur\u00e9e de lecture estim\u00e9e":"1 minute"},"schema":{"@context":"https:\/\/schema.org","@graph":[{"@type":"WebPage","@id":"https:\/\/abc-latina.com\/bolivie\/","url":"https:\/\/abc-latina.com\/bolivie\/","name":"BOLIVIE - Abc-latina","isPartOf":{"@id":"https:\/\/abc-latina.com\/#website"},"primaryImageOfPage":{"@id":"https:\/\/abc-latina.com\/bolivie\/#primaryimage"},"image":{"@id":"https:\/\/abc-latina.com\/bolivie\/#primaryimage"},"thumbnailUrl":"https:\/\/abc-latina.com\/wp-content\/uploads\/2010\/06\/bolivie.jpg","datePublished":"2010-10-07T19:21:01+00:00","dateModified":"2018-06-30T22:44:16+00:00","description":"La Bolivie vu sous tous les angles :touristique, historique, \u00e9conomique, culturels. Voyage en Bolivie.","breadcrumb":{"@id":"https:\/\/abc-latina.com\/bolivie\/#breadcrumb"},"inLanguage":"fr-FR","potentialAction":[{"@type":"ReadAction","target":["https:\/\/abc-latina.com\/bolivie\/"]}]},{"@type":"ImageObject","inLanguage":"fr-FR","@id":"https:\/\/abc-latina.com\/bolivie\/#primaryimage","url":"https:\/\/abc-latina.com\/wp-content\/uploads\/2010\/06\/bolivie.jpg","contentUrl":"https:\/\/abc-latina.com\/wp-content\/uploads\/2010\/06\/bolivie.jpg","width":110,"height":82},{"@type":"BreadcrumbList","@id":"https:\/\/abc-latina.com\/bolivie\/#breadcrumb","itemListElement":[{"@type":"ListItem","position":1,"name":"Accueil","item":"https:\/\/abc-latina.com\/"},{"@type":"ListItem","position":2,"name":"BOLIVIE"}]},{"@type":"WebSite","@id":"https:\/\/abc-latina.com\/#website","url":"https:\/\/abc-latina.com\/","name":"Abc-latina","description":"","publisher":{"@id":"https:\/\/abc-latina.com\/#organization"},"potentialAction":[{"@type":"SearchAction","target":{"@type":"EntryPoint","urlTemplate":"https:\/\/abc-latina.com\/?s={search_term_string}"},"query-input":{"@type":"PropertyValueSpecification","valueRequired":true,"valueName":"search_term_string"}}],"inLanguage":"fr-FR"},{"@type":"Organization","@id":"https:\/\/abc-latina.com\/#organization","name":"Abc-latina","url":"https:\/\/abc-latina.com\/","logo":{"@type":"ImageObject","inLanguage":"fr-FR","@id":"https:\/\/abc-latina.com\/#\/schema\/logo\/image\/","url":"https:\/\/abc-latina.com\/wp-content\/uploads\/2026\/05\/cropped-logo.gif","contentUrl":"https:\/\/abc-latina.com\/wp-content\/uploads\/2026\/05\/cropped-logo.gif","width":89,"height":84,"caption":"Abc-latina"},"image":{"@id":"https:\/\/abc-latina.com\/#\/schema\/logo\/image\/"}}]}},"_links":{"self":[{"href":"https:\/\/abc-latina.com\/wp-json\/wp\/v2\/pages\/2295","targetHints":{"allow":["GET"]}}],"collection":[{"href":"https:\/\/abc-latina.com\/wp-json\/wp\/v2\/pages"}],"about":[{"href":"https:\/\/abc-latina.com\/wp-json\/wp\/v2\/types\/page"}],"author":[{"embeddable":true,"href":"https:\/\/abc-latina.com\/wp-json\/wp\/v2\/users\/3"}],"replies":[{"embeddable":true,"href":"https:\/\/abc-latina.com\/wp-json\/wp\/v2\/comments?post=2295"}],"version-history":[{"count":0,"href":"https:\/\/abc-latina.com\/wp-json\/wp\/v2\/pages\/2295\/revisions"}],"wp:featuredmedia":[{"embeddable":true,"href":"https:\/\/abc-latina.com\/wp-json\/wp\/v2\/media\/1127"}],"wp:attachment":[{"href":"https:\/\/abc-latina.com\/wp-json\/wp\/v2\/media?parent=2295"}],"curies":[{"name":"wp","href":"https:\/\/api.w.org\/{rel}","templated":true}]}}