{"id":230,"date":"2010-06-04T01:53:33","date_gmt":"2010-06-03T23:53:33","guid":{"rendered":"http:\/\/abc-latina.com\/santiago-htm\/"},"modified":"2026-04-30T18:24:55","modified_gmt":"2026-04-30T16:24:55","slug":"santiago","status":"publish","type":"page","link":"https:\/\/abc-latina.com\/chili\/santiago\/","title":{"rendered":"SANTIAGO du CHILI"},"content":{"rendered":"<div><a href=\"https:\/\/www.abc-latina.com\/chili\/photos\/photos_santiago_chili\"><img loading=\"lazy\" decoding=\"async\" class=\" alignright size-full wp-image-228\" src=\"http:\/\/abc-latina.com\/wp-content\/uploads\/2010\/06\/santiago.jpg\" style=\"margin: 5px 22px; float: right;\" title=\"SANTIAGO du CHILI\" alt=\"SANTIAGO du CHILI\" width=\"180\" height=\"265\" \/><\/a><span class=\"tourisme-chapitre\">Santiago du Chili<\/span> a \u00e9t\u00e9 fond\u00e9e le 12 f\u00e9vrier 1541 par le gouverneur espagnol Pedro de Valdivia. A l&rsquo;\u00e8re coloniale, elle n&rsquo;\u00e9tait somme toute qu&rsquo;un bled perdu, et la majeure partie de l&rsquo;h\u00e9ritage architectural de cette \u00e9poque a disparu sous l&rsquo;effet de s\u00e9ismes et d&rsquo;incendies. Au d\u00e9but du 20\u00e9me si\u00e8cle, la ville comptait une population d&rsquo;environ 300.000 habitants, et elle a depuis connu une croissance r\u00e9guli\u00e8re. Les tours de bureaux et les immeubles r\u00e9sidentiels de luxe ont pouss\u00e9 comme des champignons dans les quartiers riches, quoique beaucoup d&rsquo;habitants continuent visiblement \u00e0 lutter contre la pauvret\u00e9. Bref, Santiago se d\u00e9finit manifestement comme une ville de contrastes. Santiago se laisse facilement d\u00e9couvrir et ne correspond nullement \u00e0 l&rsquo;image chaotique qu&rsquo;on se fait g\u00e9n\u00e9ralement des grandes zones urbaines d&rsquo;Am\u00e9rique Latine&nbsp;<\/div>\n<div>Santiago est la capitale administrative du Chili, et demeure sa v\u00e9ritable capitale politique, m\u00eame si le congr\u00e8s si\u00e8ge d\u00e9sormais \u00e0 Valparaiso. Santiago incarne par ailleurs le principal centre des finances, de l&rsquo;industrie, de la culture et des communications.<\/div>\n<div>&nbsp;<\/div>\n<div><a href=\"tour_operateur\" target=\"_blank\"><img loading=\"lazy\" decoding=\"async\" class=\" size-full wp-image-41\" alt=\"\" class=\"touroperateur\" src=\"http:\/\/abc-latina.com\/wp-content\/uploads\/2010\/04\/timbre_to.gif\" width=\"125\" height=\"90\" \/><\/a>Santiago du Chili n&rsquo;est souvent qu&rsquo;un endroit o\u00f9 l&rsquo;on fait une halte une journ\u00e9e ou deux avant de prendre la route pour une autre destination. La ville poss\u00e8de cependant ses propres attraits, un vaste assortiment de mus\u00e9es et un choix int\u00e9ressant de promenades urbaines et en montagne, et m\u00eame quelques surprises, de sorte que vous n&rsquo;aurez nullement l&rsquo;impression d&rsquo;y perdre votre temps.<\/div>\n<div>&nbsp;<\/div>\n<div>&nbsp;<\/div>\n<div><a href=\"https:\/\/www.abc-latina.com\/chili\/cartes-plans\/plan-de-santiago-du-chili\"><img loading=\"lazy\" decoding=\"async\" class=\" size-full wp-image-229\" src=\"http:\/\/abc-latina.com\/wp-content\/uploads\/2010\/06\/santiago-chili.gif\" alt=\"\" width=\"253\" height=\"130\" \/><\/a><\/div>\n<div>&nbsp;<\/div>\n<h3>Pr\u00e9parez votre voyage \u00e0 Santiago:<\/h3>\n<div><a href=\"https:\/\/www.abc-latina.com\/chili\/agence_de_voyages\">Agences de voyage g\u00e9n\u00e9ralistes et discounteurs<\/a><\/div>\n<div><a href=\"https:\/\/www.abc-latina.com\/chili\/tour_operateur\">Tours Op\u00e9rateurs sp\u00e9cialistes du Chili<\/a><\/div>\n<div><a href=\"https:\/\/www.abc-latina.com\/to\/reservation_billet_avion\" target=\"_blank\">R\u00e9servez votre billet d\u00a0\u00bbavion<\/a><\/div>\n<div><a href=\"https:\/\/www.abc-latina.com\/chili\/hotels\">R\u00e9servez votre h\u00f4tel \u00e0 Santiago<\/a>&nbsp;<\/div>\n<div><a href=\"https:\/\/www.abc-latina.com\/to\/location_de_voiture_chili\" target=\"_blank\">Location de voiture<\/a><\/div>\n<p>&nbsp;<\/p>\n","protected":false},"excerpt":{"rendered":"<p>Santiago du Chili a \u00e9t\u00e9 fond\u00e9e le 12 f\u00e9vrier 1541 par le gouverneur espagnol Pedro de Valdivia. A l&rsquo;\u00e8re coloniale, [&hellip;]<\/p>\n","protected":false},"author":3,"featured_media":228,"parent":2293,"menu_order":0,"comment_status":"closed","ping_status":"closed","template":"","meta":{"site-sidebar-layout":"default","site-content-layout":"","ast-site-content-layout":"default","site-content-style":"default","site-sidebar-style":"default","ast-global-header-display":"","ast-banner-title-visibility":"","ast-main-header-display":"","ast-hfb-above-header-display":"","ast-hfb-below-header-display":"","ast-hfb-mobile-header-display":"","site-post-title":"","ast-breadcrumbs-content":"","ast-featured-img":"","footer-sml-layout":"","ast-disable-related-posts":"","theme-transparent-header-meta":"","adv-header-id-meta":"","stick-header-meta":"","header-above-stick-meta":"","header-main-stick-meta":"","header-below-stick-meta":"","astra-migrate-meta-layouts":"default","ast-page-background-enabled":"default","ast-page-background-meta":{"desktop":{"background-color":"var(--ast-global-color-5)","background-image":"","background-repeat":"repeat","background-position":"center center","background-size":"auto","background-attachment":"scroll","background-type":"","background-media":"","overlay-type":"","overlay-color":"","overlay-opacity":"","overlay-gradient":""},"tablet":{"background-color":"","background-image":"","background-repeat":"repeat","background-position":"center center","background-size":"auto","background-attachment":"scroll","background-type":"","background-media":"","overlay-type":"","overlay-color":"","overlay-opacity":"","overlay-gradient":""},"mobile":{"background-color":"","background-image":"","background-repeat":"repeat","background-position":"center center","background-size":"auto","background-attachment":"scroll","background-type":"","background-media":"","overlay-type":"","overlay-color":"","overlay-opacity":"","overlay-gradient":""}},"ast-content-background-meta":{"desktop":{"background-color":"var(--ast-global-color-4)","background-image":"","background-repeat":"repeat","background-position":"center center","background-size":"auto","background-attachment":"scroll","background-type":"","background-media":"","overlay-type":"","overlay-color":"","overlay-opacity":"","overlay-gradient":""},"tablet":{"background-color":"var(--ast-global-color-4)","background-image":"","background-repeat":"repeat","background-position":"center center","background-size":"auto","background-attachment":"scroll","background-type":"","background-media":"","overlay-type":"","overlay-color":"","overlay-opacity":"","overlay-gradient":""},"mobile":{"background-color":"var(--ast-global-color-4)","background-image":"","background-repeat":"repeat","background-position":"center center","background-size":"auto","background-attachment":"scroll","background-type":"","background-media":"","overlay-type":"","overlay-color":"","overlay-opacity":"","overlay-gradient":""}},"footnotes":""},"class_list":["post-230","page","type-page","status-publish","has-post-thumbnail","hentry"],"yoast_head":"<!-- This site is optimized with the Yoast SEO plugin v27.5 - https:\/\/yoast.com\/product\/yoast-seo-wordpress\/ -->\n<title>SANTIAGO du CHILI - Abc-latina<\/title>\n<meta name=\"description\" content=\"Santiago du Chili, Voyage dans la capitale chilienne.\" \/>\n<meta name=\"robots\" content=\"index, follow, max-snippet:-1, max-image-preview:large, max-video-preview:-1\" \/>\n<link rel=\"canonical\" href=\"https:\/\/abc-latina.com\/chili\/santiago\/\" \/>\n<meta property=\"og:locale\" content=\"fr_FR\" \/>\n<meta property=\"og:type\" content=\"article\" \/>\n<meta property=\"og:title\" content=\"SANTIAGO du CHILI - Abc-latina\" \/>\n<meta property=\"og:description\" content=\"Santiago du Chili, Voyage dans la capitale chilienne.\" \/>\n<meta property=\"og:url\" content=\"https:\/\/abc-latina.com\/chili\/santiago\/\" \/>\n<meta property=\"og:site_name\" content=\"Abc-latina\" \/>\n<meta property=\"article:modified_time\" content=\"2026-04-30T16:24:55+00:00\" \/>\n<meta property=\"og:image\" content=\"https:\/\/abc-latina.com\/wp-content\/uploads\/2010\/06\/santiago.jpg\" \/>\n\t<meta property=\"og:image:width\" content=\"180\" \/>\n\t<meta property=\"og:image:height\" content=\"265\" \/>\n\t<meta property=\"og:image:type\" content=\"image\/jpeg\" \/>\n<meta name=\"twitter:card\" content=\"summary_large_image\" \/>\n<meta name=\"twitter:label1\" content=\"Dur\u00e9e de lecture estim\u00e9e\" \/>\n\t<meta name=\"twitter:data1\" content=\"2 minutes\" \/>\n<script type=\"application\/ld+json\" class=\"yoast-schema-graph\">{\"@context\":\"https:\\\/\\\/schema.org\",\"@graph\":[{\"@type\":\"WebPage\",\"@id\":\"https:\\\/\\\/abc-latina.com\\\/chili\\\/santiago\\\/\",\"url\":\"https:\\\/\\\/abc-latina.com\\\/chili\\\/santiago\\\/\",\"name\":\"SANTIAGO du CHILI - Abc-latina\",\"isPartOf\":{\"@id\":\"https:\\\/\\\/abc-latina.com\\\/#website\"},\"primaryImageOfPage\":{\"@id\":\"https:\\\/\\\/abc-latina.com\\\/chili\\\/santiago\\\/#primaryimage\"},\"image\":{\"@id\":\"https:\\\/\\\/abc-latina.com\\\/chili\\\/santiago\\\/#primaryimage\"},\"thumbnailUrl\":\"https:\\\/\\\/abc-latina.com\\\/wp-content\\\/uploads\\\/2010\\\/06\\\/santiago.jpg\",\"datePublished\":\"2010-06-03T23:53:33+00:00\",\"dateModified\":\"2026-04-30T16:24:55+00:00\",\"description\":\"Santiago du Chili, Voyage dans la capitale chilienne.\",\"breadcrumb\":{\"@id\":\"https:\\\/\\\/abc-latina.com\\\/chili\\\/santiago\\\/#breadcrumb\"},\"inLanguage\":\"fr-FR\",\"potentialAction\":[{\"@type\":\"ReadAction\",\"target\":[\"https:\\\/\\\/abc-latina.com\\\/chili\\\/santiago\\\/\"]}]},{\"@type\":\"ImageObject\",\"inLanguage\":\"fr-FR\",\"@id\":\"https:\\\/\\\/abc-latina.com\\\/chili\\\/santiago\\\/#primaryimage\",\"url\":\"https:\\\/\\\/abc-latina.com\\\/wp-content\\\/uploads\\\/2010\\\/06\\\/santiago.jpg\",\"contentUrl\":\"https:\\\/\\\/abc-latina.com\\\/wp-content\\\/uploads\\\/2010\\\/06\\\/santiago.jpg\",\"width\":180,\"height\":265,\"caption\":\"SANTIAGO du CHILI\"},{\"@type\":\"BreadcrumbList\",\"@id\":\"https:\\\/\\\/abc-latina.com\\\/chili\\\/santiago\\\/#breadcrumb\",\"itemListElement\":[{\"@type\":\"ListItem\",\"position\":1,\"name\":\"Accueil\",\"item\":\"https:\\\/\\\/abc-latina.com\\\/\"},{\"@type\":\"ListItem\",\"position\":2,\"name\":\"SANTIAGO du CHILI\"}]},{\"@type\":\"WebSite\",\"@id\":\"https:\\\/\\\/abc-latina.com\\\/#website\",\"url\":\"https:\\\/\\\/abc-latina.com\\\/\",\"name\":\"Abc-latina\",\"description\":\"\",\"publisher\":{\"@id\":\"https:\\\/\\\/abc-latina.com\\\/#organization\"},\"potentialAction\":[{\"@type\":\"SearchAction\",\"target\":{\"@type\":\"EntryPoint\",\"urlTemplate\":\"https:\\\/\\\/abc-latina.com\\\/?s={search_term_string}\"},\"query-input\":{\"@type\":\"PropertyValueSpecification\",\"valueRequired\":true,\"valueName\":\"search_term_string\"}}],\"inLanguage\":\"fr-FR\"},{\"@type\":\"Organization\",\"@id\":\"https:\\\/\\\/abc-latina.com\\\/#organization\",\"name\":\"Abc-latina\",\"url\":\"https:\\\/\\\/abc-latina.com\\\/\",\"logo\":{\"@type\":\"ImageObject\",\"inLanguage\":\"fr-FR\",\"@id\":\"https:\\\/\\\/abc-latina.com\\\/#\\\/schema\\\/logo\\\/image\\\/\",\"url\":\"https:\\\/\\\/abc-latina.com\\\/wp-content\\\/uploads\\\/2026\\\/05\\\/cropped-logo.gif\",\"contentUrl\":\"https:\\\/\\\/abc-latina.com\\\/wp-content\\\/uploads\\\/2026\\\/05\\\/cropped-logo.gif\",\"width\":89,\"height\":84,\"caption\":\"Abc-latina\"},\"image\":{\"@id\":\"https:\\\/\\\/abc-latina.com\\\/#\\\/schema\\\/logo\\\/image\\\/\"}}]}<\/script>\n<!-- \/ Yoast SEO plugin. -->","yoast_head_json":{"title":"SANTIAGO du CHILI - Abc-latina","description":"Santiago du Chili, Voyage dans la capitale chilienne.","robots":{"index":"index","follow":"follow","max-snippet":"max-snippet:-1","max-image-preview":"max-image-preview:large","max-video-preview":"max-video-preview:-1"},"canonical":"https:\/\/abc-latina.com\/chili\/santiago\/","og_locale":"fr_FR","og_type":"article","og_title":"SANTIAGO du CHILI - Abc-latina","og_description":"Santiago du Chili, Voyage dans la capitale chilienne.","og_url":"https:\/\/abc-latina.com\/chili\/santiago\/","og_site_name":"Abc-latina","article_modified_time":"2026-04-30T16:24:55+00:00","og_image":[{"width":180,"height":265,"url":"https:\/\/abc-latina.com\/wp-content\/uploads\/2010\/06\/santiago.jpg","type":"image\/jpeg"}],"twitter_card":"summary_large_image","twitter_misc":{"Dur\u00e9e de lecture estim\u00e9e":"2 minutes"},"schema":{"@context":"https:\/\/schema.org","@graph":[{"@type":"WebPage","@id":"https:\/\/abc-latina.com\/chili\/santiago\/","url":"https:\/\/abc-latina.com\/chili\/santiago\/","name":"SANTIAGO du CHILI - Abc-latina","isPartOf":{"@id":"https:\/\/abc-latina.com\/#website"},"primaryImageOfPage":{"@id":"https:\/\/abc-latina.com\/chili\/santiago\/#primaryimage"},"image":{"@id":"https:\/\/abc-latina.com\/chili\/santiago\/#primaryimage"},"thumbnailUrl":"https:\/\/abc-latina.com\/wp-content\/uploads\/2010\/06\/santiago.jpg","datePublished":"2010-06-03T23:53:33+00:00","dateModified":"2026-04-30T16:24:55+00:00","description":"Santiago du Chili, Voyage dans la capitale chilienne.","breadcrumb":{"@id":"https:\/\/abc-latina.com\/chili\/santiago\/#breadcrumb"},"inLanguage":"fr-FR","potentialAction":[{"@type":"ReadAction","target":["https:\/\/abc-latina.com\/chili\/santiago\/"]}]},{"@type":"ImageObject","inLanguage":"fr-FR","@id":"https:\/\/abc-latina.com\/chili\/santiago\/#primaryimage","url":"https:\/\/abc-latina.com\/wp-content\/uploads\/2010\/06\/santiago.jpg","contentUrl":"https:\/\/abc-latina.com\/wp-content\/uploads\/2010\/06\/santiago.jpg","width":180,"height":265,"caption":"SANTIAGO du CHILI"},{"@type":"BreadcrumbList","@id":"https:\/\/abc-latina.com\/chili\/santiago\/#breadcrumb","itemListElement":[{"@type":"ListItem","position":1,"name":"Accueil","item":"https:\/\/abc-latina.com\/"},{"@type":"ListItem","position":2,"name":"SANTIAGO du CHILI"}]},{"@type":"WebSite","@id":"https:\/\/abc-latina.com\/#website","url":"https:\/\/abc-latina.com\/","name":"Abc-latina","description":"","publisher":{"@id":"https:\/\/abc-latina.com\/#organization"},"potentialAction":[{"@type":"SearchAction","target":{"@type":"EntryPoint","urlTemplate":"https:\/\/abc-latina.com\/?s={search_term_string}"},"query-input":{"@type":"PropertyValueSpecification","valueRequired":true,"valueName":"search_term_string"}}],"inLanguage":"fr-FR"},{"@type":"Organization","@id":"https:\/\/abc-latina.com\/#organization","name":"Abc-latina","url":"https:\/\/abc-latina.com\/","logo":{"@type":"ImageObject","inLanguage":"fr-FR","@id":"https:\/\/abc-latina.com\/#\/schema\/logo\/image\/","url":"https:\/\/abc-latina.com\/wp-content\/uploads\/2026\/05\/cropped-logo.gif","contentUrl":"https:\/\/abc-latina.com\/wp-content\/uploads\/2026\/05\/cropped-logo.gif","width":89,"height":84,"caption":"Abc-latina"},"image":{"@id":"https:\/\/abc-latina.com\/#\/schema\/logo\/image\/"}}]}},"_links":{"self":[{"href":"https:\/\/abc-latina.com\/wp-json\/wp\/v2\/pages\/230","targetHints":{"allow":["GET"]}}],"collection":[{"href":"https:\/\/abc-latina.com\/wp-json\/wp\/v2\/pages"}],"about":[{"href":"https:\/\/abc-latina.com\/wp-json\/wp\/v2\/types\/page"}],"author":[{"embeddable":true,"href":"https:\/\/abc-latina.com\/wp-json\/wp\/v2\/users\/3"}],"replies":[{"embeddable":true,"href":"https:\/\/abc-latina.com\/wp-json\/wp\/v2\/comments?post=230"}],"version-history":[{"count":1,"href":"https:\/\/abc-latina.com\/wp-json\/wp\/v2\/pages\/230\/revisions"}],"predecessor-version":[{"id":3260,"href":"https:\/\/abc-latina.com\/wp-json\/wp\/v2\/pages\/230\/revisions\/3260"}],"up":[{"embeddable":true,"href":"https:\/\/abc-latina.com\/wp-json\/wp\/v2\/pages\/2293"}],"wp:featuredmedia":[{"embeddable":true,"href":"https:\/\/abc-latina.com\/wp-json\/wp\/v2\/media\/228"}],"wp:attachment":[{"href":"https:\/\/abc-latina.com\/wp-json\/wp\/v2\/media?parent=230"}],"curies":[{"name":"wp","href":"https:\/\/api.w.org\/{rel}","templated":true}]}}