{"id":2300,"date":"2010-10-07T21:34:15","date_gmt":"2010-10-07T19:34:15","guid":{"rendered":"http:\/\/abc-latina.com\/costarica\/"},"modified":"2018-07-01T00:56:09","modified_gmt":"2018-06-30T22:56:09","slug":"costarica","status":"publish","type":"page","link":"https:\/\/abc-latina.com\/?page_id=2300","title":{"rendered":"COSTA RICA"},"content":{"rendered":"<p><img loading=\"lazy\" decoding=\"async\" class=\" alignright size-full wp-image-1132\" src=\"http:\/\/abc-latina.com\/wp-content\/uploads\/2010\/06\/costa-rica.jpg\" title=\"COSTA RICA\" alt=\"COSTA RICA\" width=\"220\" vspace=\"9\" hspace=\"15\" height=\"220\" align=\"right\" \/>Pour brosser sur papier un portrait de ce pays d\u00e9bordant de mille et une richesses, le meilleur moyen n&rsquo;est-il pas de commencer par \u00e9crire son nom qui parle de lui-m\u00eame : Costa Rica, &laquo;c\u00f4te riche&raquo;;<br \/> &laquo;C\u00f4te&raquo; d&rsquo;abord parce que cette parcelle de l&rsquo;isthme am\u00e9ricain est bord\u00e9e par deux c\u00f4tes longues et sinueuses qui baignent dans les eaux de la fougueuse mer des Cara\u00efbes avec ses coraux, ou encore dans le vaste oc\u00e9an Pacifique. Des bords de mer qui d\u00e9roulent des kilom\u00e8tres de plages idylliques.<br \/> Riche sous tant d&rsquo;aspects encore, depuis ses c\u00f4tes jusqu&rsquo;au coeur de la Vall\u00e9e centrale. Situ\u00e9 au centre des Am\u00e9riques, le territoire costaricain a le privil\u00e8ge d&rsquo;accueillir une bonne partie de la faune et de la flore qui recouvre le reste du continent au nord comme au sud. Ses multiples climats procurent ainsi une vie aussi diversifi\u00e9e que la nature le permet, c&rsquo;est-\u00e0-dire presque sans limites ! Ses montagnes et ses rivi\u00e8res, ses vall\u00e9es et ses plaines, ses for\u00eats tropicales s\u00e8ches et humides sont reconnues pour receler l&rsquo;une des plus grandes diversit\u00e9s fauniques du monde. Des fleurs qui embaument l&rsquo;air, une v\u00e9g\u00e9tation luxuriante, des oiseaux aux chants aussi jolis que leur plumage, des papillons multicolores, des esp\u00e8ces peu connues: le Costa Rica est riche de ses envo\u00fbtantes beaut\u00e9s naturelles qui ne cessent de fasciner. Mais riche aussi de ses gens, les Ticos, chaleureux et accueillants, et de leur culture, partie prenante de l&rsquo;important ensemble latino-am\u00e9ricain.<a target=\"_blank\" href=\"https:\/\/voyage.abc-latina.com\/voyage_costa-rica\/costa-rica.php\"><span class=\"sejour-circuit\"><br \/><\/span><\/a><\/p>\n<p>&nbsp;<\/p>\n<h2><strong>A LA UNE<\/strong><\/h2>\n<h3>Costa Rica : &laquo; Les tr\u00e9sors naturels du Costa Rica &raquo;<\/h3>\n<p><img loading=\"lazy\" decoding=\"async\" class=\" alignleft size-full wp-image-36\" alt=\"\" src=\"http:\/\/abc-latina.com\/wp-content\/uploads\/2010\/04\/cheval-monteverde.jpg\" width=\"196\" hspace=\"10\" height=\"130\" align=\"left\" srcset=\"https:\/\/abc-latina.com\/wp-content\/uploads\/2010\/04\/cheval-monteverde.jpg 460w, https:\/\/abc-latina.com\/wp-content\/uploads\/2010\/04\/cheval-monteverde-300x199.jpg 300w\" sizes=\"auto, (max-width: 196px) 100vw, 196px\" \/>Depuis son ouverture au tourisme dans les ann\u00e9es 80, le Costa Rica s&rsquo;est orient\u00e9 vers l&rsquo;\u00e9cotourisme et la protection de l&rsquo;environnement. Il existe aujourd&rsquo;hui 28 parcs nationaux&hellip;&nbsp;&nbsp; <a href=\"tresors-naturels-du-costa-rica\"><strong>La suite<\/strong><\/a><\/p>\n","protected":false},"excerpt":{"rendered":"<p>Pour brosser sur papier un portrait de ce pays d\u00e9bordant de mille et une richesses, le meilleur moyen n&rsquo;est-il pas [&hellip;]<\/p>\n","protected":false},"author":3,"featured_media":1132,"parent":0,"menu_order":0,"comment_status":"closed","ping_status":"closed","template":"","meta":{"site-sidebar-layout":"default","site-content-layout":"","ast-site-content-layout":"default","site-content-style":"default","site-sidebar-style":"default","ast-global-header-display":"","ast-banner-title-visibility":"","ast-main-header-display":"","ast-hfb-above-header-display":"","ast-hfb-below-header-display":"","ast-hfb-mobile-header-display":"","site-post-title":"","ast-breadcrumbs-content":"","ast-featured-img":"","footer-sml-layout":"","ast-disable-related-posts":"","theme-transparent-header-meta":"","adv-header-id-meta":"","stick-header-meta":"","header-above-stick-meta":"","header-main-stick-meta":"","header-below-stick-meta":"","astra-migrate-meta-layouts":"default","ast-page-background-enabled":"default","ast-page-background-meta":{"desktop":{"background-color":"var(--ast-global-color-5)","background-image":"","background-repeat":"repeat","background-position":"center center","background-size":"auto","background-attachment":"scroll","background-type":"","background-media":"","overlay-type":"","overlay-color":"","overlay-opacity":"","overlay-gradient":""},"tablet":{"background-color":"","background-image":"","background-repeat":"repeat","background-position":"center center","background-size":"auto","background-attachment":"scroll","background-type":"","background-media":"","overlay-type":"","overlay-color":"","overlay-opacity":"","overlay-gradient":""},"mobile":{"background-color":"","background-image":"","background-repeat":"repeat","background-position":"center center","background-size":"auto","background-attachment":"scroll","background-type":"","background-media":"","overlay-type":"","overlay-color":"","overlay-opacity":"","overlay-gradient":""}},"ast-content-background-meta":{"desktop":{"background-color":"var(--ast-global-color-4)","background-image":"","background-repeat":"repeat","background-position":"center center","background-size":"auto","background-attachment":"scroll","background-type":"","background-media":"","overlay-type":"","overlay-color":"","overlay-opacity":"","overlay-gradient":""},"tablet":{"background-color":"var(--ast-global-color-4)","background-image":"","background-repeat":"repeat","background-position":"center center","background-size":"auto","background-attachment":"scroll","background-type":"","background-media":"","overlay-type":"","overlay-color":"","overlay-opacity":"","overlay-gradient":""},"mobile":{"background-color":"var(--ast-global-color-4)","background-image":"","background-repeat":"repeat","background-position":"center center","background-size":"auto","background-attachment":"scroll","background-type":"","background-media":"","overlay-type":"","overlay-color":"","overlay-opacity":"","overlay-gradient":""}},"footnotes":""},"class_list":["post-2300","page","type-page","status-publish","has-post-thumbnail","hentry"],"yoast_head":"<!-- This site is optimized with the Yoast SEO plugin v27.5 - https:\/\/yoast.com\/product\/yoast-seo-wordpress\/ -->\n<title>COSTA RICA - Abc-latina<\/title>\n<meta name=\"robots\" content=\"noindex, follow\" \/>\n<meta property=\"og:locale\" content=\"fr_FR\" \/>\n<meta property=\"og:type\" content=\"article\" \/>\n<meta property=\"og:title\" content=\"COSTA RICA - Abc-latina\" \/>\n<meta property=\"og:description\" content=\"Pour brosser sur papier un portrait de ce pays d\u00e9bordant de mille et une richesses, le meilleur moyen n&rsquo;est-il pas [&hellip;]\" \/>\n<meta property=\"og:url\" content=\"https:\/\/abc-latina.com\/?page_id=2300\" \/>\n<meta property=\"og:site_name\" content=\"Abc-latina\" \/>\n<meta property=\"article:modified_time\" content=\"2018-06-30T22:56:09+00:00\" \/>\n<meta property=\"og:image\" content=\"https:\/\/abc-latina.com\/wp-content\/uploads\/2010\/06\/costa-rica.jpg\" \/>\n\t<meta property=\"og:image:width\" content=\"110\" \/>\n\t<meta property=\"og:image:height\" content=\"82\" \/>\n\t<meta property=\"og:image:type\" content=\"image\/jpeg\" \/>\n<meta name=\"twitter:card\" content=\"summary_large_image\" \/>\n<meta name=\"twitter:label1\" content=\"Dur\u00e9e de lecture estim\u00e9e\" \/>\n\t<meta name=\"twitter:data1\" content=\"2 minutes\" \/>\n<script type=\"application\/ld+json\" class=\"yoast-schema-graph\">{\"@context\":\"https:\\\/\\\/schema.org\",\"@graph\":[{\"@type\":\"WebPage\",\"@id\":\"https:\\\/\\\/abc-latina.com\\\/?page_id=2300\",\"url\":\"https:\\\/\\\/abc-latina.com\\\/?page_id=2300\",\"name\":\"COSTA RICA - Abc-latina\",\"isPartOf\":{\"@id\":\"https:\\\/\\\/abc-latina.com\\\/#website\"},\"primaryImageOfPage\":{\"@id\":\"https:\\\/\\\/abc-latina.com\\\/?page_id=2300#primaryimage\"},\"image\":{\"@id\":\"https:\\\/\\\/abc-latina.com\\\/?page_id=2300#primaryimage\"},\"thumbnailUrl\":\"https:\\\/\\\/abc-latina.com\\\/wp-content\\\/uploads\\\/2010\\\/06\\\/costa-rica.jpg\",\"datePublished\":\"2010-10-07T19:34:15+00:00\",\"dateModified\":\"2018-06-30T22:56:09+00:00\",\"breadcrumb\":{\"@id\":\"https:\\\/\\\/abc-latina.com\\\/?page_id=2300#breadcrumb\"},\"inLanguage\":\"fr-FR\",\"potentialAction\":[{\"@type\":\"ReadAction\",\"target\":[\"https:\\\/\\\/abc-latina.com\\\/?page_id=2300\"]}]},{\"@type\":\"ImageObject\",\"inLanguage\":\"fr-FR\",\"@id\":\"https:\\\/\\\/abc-latina.com\\\/?page_id=2300#primaryimage\",\"url\":\"https:\\\/\\\/abc-latina.com\\\/wp-content\\\/uploads\\\/2010\\\/06\\\/costa-rica.jpg\",\"contentUrl\":\"https:\\\/\\\/abc-latina.com\\\/wp-content\\\/uploads\\\/2010\\\/06\\\/costa-rica.jpg\",\"width\":110,\"height\":82},{\"@type\":\"BreadcrumbList\",\"@id\":\"https:\\\/\\\/abc-latina.com\\\/?page_id=2300#breadcrumb\",\"itemListElement\":[{\"@type\":\"ListItem\",\"position\":1,\"name\":\"Accueil\",\"item\":\"https:\\\/\\\/abc-latina.com\\\/\"},{\"@type\":\"ListItem\",\"position\":2,\"name\":\"COSTA RICA\"}]},{\"@type\":\"WebSite\",\"@id\":\"https:\\\/\\\/abc-latina.com\\\/#website\",\"url\":\"https:\\\/\\\/abc-latina.com\\\/\",\"name\":\"Abc-latina\",\"description\":\"\",\"publisher\":{\"@id\":\"https:\\\/\\\/abc-latina.com\\\/#organization\"},\"potentialAction\":[{\"@type\":\"SearchAction\",\"target\":{\"@type\":\"EntryPoint\",\"urlTemplate\":\"https:\\\/\\\/abc-latina.com\\\/?s={search_term_string}\"},\"query-input\":{\"@type\":\"PropertyValueSpecification\",\"valueRequired\":true,\"valueName\":\"search_term_string\"}}],\"inLanguage\":\"fr-FR\"},{\"@type\":\"Organization\",\"@id\":\"https:\\\/\\\/abc-latina.com\\\/#organization\",\"name\":\"Abc-latina\",\"url\":\"https:\\\/\\\/abc-latina.com\\\/\",\"logo\":{\"@type\":\"ImageObject\",\"inLanguage\":\"fr-FR\",\"@id\":\"https:\\\/\\\/abc-latina.com\\\/#\\\/schema\\\/logo\\\/image\\\/\",\"url\":\"https:\\\/\\\/abc-latina.com\\\/wp-content\\\/uploads\\\/2026\\\/05\\\/cropped-logo.gif\",\"contentUrl\":\"https:\\\/\\\/abc-latina.com\\\/wp-content\\\/uploads\\\/2026\\\/05\\\/cropped-logo.gif\",\"width\":89,\"height\":84,\"caption\":\"Abc-latina\"},\"image\":{\"@id\":\"https:\\\/\\\/abc-latina.com\\\/#\\\/schema\\\/logo\\\/image\\\/\"}}]}<\/script>\n<!-- \/ Yoast SEO plugin. -->","yoast_head_json":{"title":"COSTA RICA - Abc-latina","robots":{"index":"noindex","follow":"follow"},"og_locale":"fr_FR","og_type":"article","og_title":"COSTA RICA - Abc-latina","og_description":"Pour brosser sur papier un portrait de ce pays d\u00e9bordant de mille et une richesses, le meilleur moyen n&rsquo;est-il pas [&hellip;]","og_url":"https:\/\/abc-latina.com\/?page_id=2300","og_site_name":"Abc-latina","article_modified_time":"2018-06-30T22:56:09+00:00","og_image":[{"width":110,"height":82,"url":"https:\/\/abc-latina.com\/wp-content\/uploads\/2010\/06\/costa-rica.jpg","type":"image\/jpeg"}],"twitter_card":"summary_large_image","twitter_misc":{"Dur\u00e9e de lecture estim\u00e9e":"2 minutes"},"schema":{"@context":"https:\/\/schema.org","@graph":[{"@type":"WebPage","@id":"https:\/\/abc-latina.com\/?page_id=2300","url":"https:\/\/abc-latina.com\/?page_id=2300","name":"COSTA RICA - Abc-latina","isPartOf":{"@id":"https:\/\/abc-latina.com\/#website"},"primaryImageOfPage":{"@id":"https:\/\/abc-latina.com\/?page_id=2300#primaryimage"},"image":{"@id":"https:\/\/abc-latina.com\/?page_id=2300#primaryimage"},"thumbnailUrl":"https:\/\/abc-latina.com\/wp-content\/uploads\/2010\/06\/costa-rica.jpg","datePublished":"2010-10-07T19:34:15+00:00","dateModified":"2018-06-30T22:56:09+00:00","breadcrumb":{"@id":"https:\/\/abc-latina.com\/?page_id=2300#breadcrumb"},"inLanguage":"fr-FR","potentialAction":[{"@type":"ReadAction","target":["https:\/\/abc-latina.com\/?page_id=2300"]}]},{"@type":"ImageObject","inLanguage":"fr-FR","@id":"https:\/\/abc-latina.com\/?page_id=2300#primaryimage","url":"https:\/\/abc-latina.com\/wp-content\/uploads\/2010\/06\/costa-rica.jpg","contentUrl":"https:\/\/abc-latina.com\/wp-content\/uploads\/2010\/06\/costa-rica.jpg","width":110,"height":82},{"@type":"BreadcrumbList","@id":"https:\/\/abc-latina.com\/?page_id=2300#breadcrumb","itemListElement":[{"@type":"ListItem","position":1,"name":"Accueil","item":"https:\/\/abc-latina.com\/"},{"@type":"ListItem","position":2,"name":"COSTA RICA"}]},{"@type":"WebSite","@id":"https:\/\/abc-latina.com\/#website","url":"https:\/\/abc-latina.com\/","name":"Abc-latina","description":"","publisher":{"@id":"https:\/\/abc-latina.com\/#organization"},"potentialAction":[{"@type":"SearchAction","target":{"@type":"EntryPoint","urlTemplate":"https:\/\/abc-latina.com\/?s={search_term_string}"},"query-input":{"@type":"PropertyValueSpecification","valueRequired":true,"valueName":"search_term_string"}}],"inLanguage":"fr-FR"},{"@type":"Organization","@id":"https:\/\/abc-latina.com\/#organization","name":"Abc-latina","url":"https:\/\/abc-latina.com\/","logo":{"@type":"ImageObject","inLanguage":"fr-FR","@id":"https:\/\/abc-latina.com\/#\/schema\/logo\/image\/","url":"https:\/\/abc-latina.com\/wp-content\/uploads\/2026\/05\/cropped-logo.gif","contentUrl":"https:\/\/abc-latina.com\/wp-content\/uploads\/2026\/05\/cropped-logo.gif","width":89,"height":84,"caption":"Abc-latina"},"image":{"@id":"https:\/\/abc-latina.com\/#\/schema\/logo\/image\/"}}]}},"_links":{"self":[{"href":"https:\/\/abc-latina.com\/index.php?rest_route=\/wp\/v2\/pages\/2300","targetHints":{"allow":["GET"]}}],"collection":[{"href":"https:\/\/abc-latina.com\/index.php?rest_route=\/wp\/v2\/pages"}],"about":[{"href":"https:\/\/abc-latina.com\/index.php?rest_route=\/wp\/v2\/types\/page"}],"author":[{"embeddable":true,"href":"https:\/\/abc-latina.com\/index.php?rest_route=\/wp\/v2\/users\/3"}],"replies":[{"embeddable":true,"href":"https:\/\/abc-latina.com\/index.php?rest_route=%2Fwp%2Fv2%2Fcomments&post=2300"}],"version-history":[{"count":0,"href":"https:\/\/abc-latina.com\/index.php?rest_route=\/wp\/v2\/pages\/2300\/revisions"}],"wp:featuredmedia":[{"embeddable":true,"href":"https:\/\/abc-latina.com\/index.php?rest_route=\/wp\/v2\/media\/1132"}],"wp:attachment":[{"href":"https:\/\/abc-latina.com\/index.php?rest_route=%2Fwp%2Fv2%2Fmedia&parent=2300"}],"curies":[{"name":"wp","href":"https:\/\/api.w.org\/{rel}","templated":true}]}}