{"id":2308,"date":"2010-10-07T22:06:52","date_gmt":"2010-10-07T20:06:52","guid":{"rendered":"http:\/\/abc-latina.com\/mexique\/"},"modified":"2018-07-01T01:00:48","modified_gmt":"2018-06-30T23:00:48","slug":"mexique","status":"publish","type":"page","link":"https:\/\/abc-latina.com\/mexique\/","title":{"rendered":"MEXIQUE"},"content":{"rendered":"<p><img loading=\"lazy\" decoding=\"async\" class=\" size-full wp-image-2307\" src=\"http:\/\/abc-latina.com\/wp-content\/uploads\/2010\/10\/042-mexique.jpg\" title=\"MEXIQUE\" alt=\"MEXIQUE\" width=\"480\" height=\"296\" srcset=\"https:\/\/abc-latina.com\/wp-content\/uploads\/2010\/10\/042-mexique.jpg 700w, https:\/\/abc-latina.com\/wp-content\/uploads\/2010\/10\/042-mexique-300x185.jpg 300w\" sizes=\"auto, (max-width: 480px) 100vw, 480px\" \/><\/p>\n<p>Le Mexique est un pays fascinant et myst\u00e9rieux o\u00f9 les paysages sont fortement diversifi\u00e9es. Le Mexique et son peuple aux traditions mill\u00e9naires, issues des civilisations pr\u00e9colombiennes, est un m\u00e9lange des cultures Am\u00e9rindiennes et Espagnole. La combinaison de ces deux civilisations est refl\u00e9t\u00e9e dans tous les aspects de la vie. Venez d\u00e9couvrir avec nous la culture, le peuple et la magie du Mexique.<\/p>\n<p>&nbsp;<a target=\"_blank\" href=\"https:\/\/voyage.abc-latina.com\/voyage_mexique\/mexique.php\"><span class=\"sejour-circuit\"><br \/><\/span><\/a><\/p>\n<h2><strong>A LA UNE<\/strong><\/h2>\n<h3>Sur les traces des anciennes civilisations<\/h3>\n<p><img loading=\"lazy\" decoding=\"async\" class=\" alignleft size-full wp-image-34\" alt=\"\" src=\"http:\/\/abc-latina.com\/wp-content\/uploads\/2010\/04\/site-palenque-chiapas-2.jpg\" width=\"173\" hspace=\"10\" height=\"130\" align=\"left\" \/>Le Mexique poss\u00e8de de nombreux vestiges de civilisations mayas et azt\u00e8ques entre autres, qui ont influenc\u00e9 l&rsquo;histoire, d\u00e9velopp\u00e9 des innovations technologiques et scientifiques, et inspir\u00e9 notre imaginaire gr\u00e2ce \u00e0 leurs mythes et l\u00e9gendes. <a href=\"https:\/\/www.abc-latina.com\/mexique\/sur-les-traces-des-anciennes-civilisations-du-mexique\"><strong>La suite<\/strong> <\/a><\/p>\n<p>&nbsp;<\/p>\n<h3>San Juan Chamula<\/h3>\n<p>Une atmosph\u00e8re particuli\u00e8re souffle sur ce village, les visiteurs ont souvent l&rsquo;impression de ne pas y \u00eatre \u00e0 leur place. Le march\u00e9 dominical, vivant et color\u00e9 mais fort touristique vaut la peine de s&rsquo;y rendre, mais c&rsquo;est surtout la visite de l&rsquo;\u00e9glise qui troublera le visiteur.<br \/><a href=\"https:\/\/www.abc-latina.com\/mexique\/voyages\/san_juan_chamula.php\"><strong>La suite<\/strong><\/a><\/p>\n<p>&nbsp;<\/p>\n","protected":false},"excerpt":{"rendered":"<p>Le Mexique est un pays fascinant et myst\u00e9rieux o\u00f9 les paysages sont fortement diversifi\u00e9es. Le Mexique et son peuple aux [&hellip;]<\/p>\n","protected":false},"author":3,"featured_media":2307,"parent":0,"menu_order":0,"comment_status":"closed","ping_status":"closed","template":"","meta":{"site-sidebar-layout":"default","site-content-layout":"","ast-site-content-layout":"default","site-content-style":"default","site-sidebar-style":"default","ast-global-header-display":"","ast-banner-title-visibility":"","ast-main-header-display":"","ast-hfb-above-header-display":"","ast-hfb-below-header-display":"","ast-hfb-mobile-header-display":"","site-post-title":"","ast-breadcrumbs-content":"","ast-featured-img":"","footer-sml-layout":"","ast-disable-related-posts":"","theme-transparent-header-meta":"","adv-header-id-meta":"","stick-header-meta":"","header-above-stick-meta":"","header-main-stick-meta":"","header-below-stick-meta":"","astra-migrate-meta-layouts":"default","ast-page-background-enabled":"default","ast-page-background-meta":{"desktop":{"background-color":"var(--ast-global-color-5)","background-image":"","background-repeat":"repeat","background-position":"center center","background-size":"auto","background-attachment":"scroll","background-type":"","background-media":"","overlay-type":"","overlay-color":"","overlay-opacity":"","overlay-gradient":""},"tablet":{"background-color":"","background-image":"","background-repeat":"repeat","background-position":"center center","background-size":"auto","background-attachment":"scroll","background-type":"","background-media":"","overlay-type":"","overlay-color":"","overlay-opacity":"","overlay-gradient":""},"mobile":{"background-color":"","background-image":"","background-repeat":"repeat","background-position":"center center","background-size":"auto","background-attachment":"scroll","background-type":"","background-media":"","overlay-type":"","overlay-color":"","overlay-opacity":"","overlay-gradient":""}},"ast-content-background-meta":{"desktop":{"background-color":"var(--ast-global-color-4)","background-image":"","background-repeat":"repeat","background-position":"center center","background-size":"auto","background-attachment":"scroll","background-type":"","background-media":"","overlay-type":"","overlay-color":"","overlay-opacity":"","overlay-gradient":""},"tablet":{"background-color":"var(--ast-global-color-4)","background-image":"","background-repeat":"repeat","background-position":"center center","background-size":"auto","background-attachment":"scroll","background-type":"","background-media":"","overlay-type":"","overlay-color":"","overlay-opacity":"","overlay-gradient":""},"mobile":{"background-color":"var(--ast-global-color-4)","background-image":"","background-repeat":"repeat","background-position":"center center","background-size":"auto","background-attachment":"scroll","background-type":"","background-media":"","overlay-type":"","overlay-color":"","overlay-opacity":"","overlay-gradient":""}},"footnotes":""},"class_list":["post-2308","page","type-page","status-publish","has-post-thumbnail","hentry"],"yoast_head":"<!-- This site is optimized with the Yoast SEO plugin v27.5 - https:\/\/yoast.com\/product\/yoast-seo-wordpress\/ -->\n<title>MEXIQUE - Abc-latina<\/title>\n<meta name=\"description\" content=\"Le Mexique est un pays fascinant et myst\u00e9rieux o\u00f9 les paysages sont fortement diversifi\u00e9es. Le Mexique et son peuple aux traditions mill\u00e9naires...\" \/>\n<meta name=\"robots\" content=\"index, follow, max-snippet:-1, max-image-preview:large, max-video-preview:-1\" \/>\n<link rel=\"canonical\" href=\"https:\/\/abc-latina.com\/mexique\/\" \/>\n<meta property=\"og:locale\" content=\"fr_FR\" \/>\n<meta property=\"og:type\" content=\"article\" \/>\n<meta property=\"og:title\" content=\"MEXIQUE - Abc-latina\" \/>\n<meta property=\"og:description\" content=\"Le Mexique est un pays fascinant et myst\u00e9rieux o\u00f9 les paysages sont fortement diversifi\u00e9es. Le Mexique et son peuple aux traditions mill\u00e9naires...\" \/>\n<meta property=\"og:url\" content=\"https:\/\/abc-latina.com\/mexique\/\" \/>\n<meta property=\"og:site_name\" content=\"Abc-latina\" \/>\n<meta property=\"article:modified_time\" content=\"2018-06-30T23:00:48+00:00\" \/>\n<meta property=\"og:image\" content=\"https:\/\/abc-latina.com\/wp-content\/uploads\/2010\/10\/042-mexique.jpg\" \/>\n\t<meta property=\"og:image:width\" content=\"700\" \/>\n\t<meta property=\"og:image:height\" content=\"432\" \/>\n\t<meta property=\"og:image:type\" content=\"image\/jpeg\" \/>\n<meta name=\"twitter:card\" content=\"summary_large_image\" \/>\n<meta name=\"twitter:label1\" content=\"Dur\u00e9e de lecture estim\u00e9e\" \/>\n\t<meta name=\"twitter:data1\" content=\"1 minute\" \/>\n<script type=\"application\/ld+json\" class=\"yoast-schema-graph\">{\"@context\":\"https:\\\/\\\/schema.org\",\"@graph\":[{\"@type\":\"WebPage\",\"@id\":\"https:\\\/\\\/abc-latina.com\\\/mexique\\\/\",\"url\":\"https:\\\/\\\/abc-latina.com\\\/mexique\\\/\",\"name\":\"MEXIQUE - Abc-latina\",\"isPartOf\":{\"@id\":\"https:\\\/\\\/abc-latina.com\\\/#website\"},\"primaryImageOfPage\":{\"@id\":\"https:\\\/\\\/abc-latina.com\\\/mexique\\\/#primaryimage\"},\"image\":{\"@id\":\"https:\\\/\\\/abc-latina.com\\\/mexique\\\/#primaryimage\"},\"thumbnailUrl\":\"https:\\\/\\\/abc-latina.com\\\/wp-content\\\/uploads\\\/2010\\\/10\\\/042-mexique.jpg\",\"datePublished\":\"2010-10-07T20:06:52+00:00\",\"dateModified\":\"2018-06-30T23:00:48+00:00\",\"description\":\"Le Mexique est un pays fascinant et myst\u00e9rieux o\u00f9 les paysages sont fortement diversifi\u00e9es. Le Mexique et son peuple aux traditions mill\u00e9naires...\",\"breadcrumb\":{\"@id\":\"https:\\\/\\\/abc-latina.com\\\/mexique\\\/#breadcrumb\"},\"inLanguage\":\"fr-FR\",\"potentialAction\":[{\"@type\":\"ReadAction\",\"target\":[\"https:\\\/\\\/abc-latina.com\\\/mexique\\\/\"]}]},{\"@type\":\"ImageObject\",\"inLanguage\":\"fr-FR\",\"@id\":\"https:\\\/\\\/abc-latina.com\\\/mexique\\\/#primaryimage\",\"url\":\"https:\\\/\\\/abc-latina.com\\\/wp-content\\\/uploads\\\/2010\\\/10\\\/042-mexique.jpg\",\"contentUrl\":\"https:\\\/\\\/abc-latina.com\\\/wp-content\\\/uploads\\\/2010\\\/10\\\/042-mexique.jpg\",\"width\":700,\"height\":432,\"caption\":\"MEXIQUE\"},{\"@type\":\"BreadcrumbList\",\"@id\":\"https:\\\/\\\/abc-latina.com\\\/mexique\\\/#breadcrumb\",\"itemListElement\":[{\"@type\":\"ListItem\",\"position\":1,\"name\":\"Accueil\",\"item\":\"https:\\\/\\\/abc-latina.com\\\/\"},{\"@type\":\"ListItem\",\"position\":2,\"name\":\"MEXIQUE\"}]},{\"@type\":\"WebSite\",\"@id\":\"https:\\\/\\\/abc-latina.com\\\/#website\",\"url\":\"https:\\\/\\\/abc-latina.com\\\/\",\"name\":\"Abc-latina\",\"description\":\"\",\"publisher\":{\"@id\":\"https:\\\/\\\/abc-latina.com\\\/#organization\"},\"potentialAction\":[{\"@type\":\"SearchAction\",\"target\":{\"@type\":\"EntryPoint\",\"urlTemplate\":\"https:\\\/\\\/abc-latina.com\\\/?s={search_term_string}\"},\"query-input\":{\"@type\":\"PropertyValueSpecification\",\"valueRequired\":true,\"valueName\":\"search_term_string\"}}],\"inLanguage\":\"fr-FR\"},{\"@type\":\"Organization\",\"@id\":\"https:\\\/\\\/abc-latina.com\\\/#organization\",\"name\":\"Abc-latina\",\"url\":\"https:\\\/\\\/abc-latina.com\\\/\",\"logo\":{\"@type\":\"ImageObject\",\"inLanguage\":\"fr-FR\",\"@id\":\"https:\\\/\\\/abc-latina.com\\\/#\\\/schema\\\/logo\\\/image\\\/\",\"url\":\"https:\\\/\\\/abc-latina.com\\\/wp-content\\\/uploads\\\/2026\\\/05\\\/cropped-logo.gif\",\"contentUrl\":\"https:\\\/\\\/abc-latina.com\\\/wp-content\\\/uploads\\\/2026\\\/05\\\/cropped-logo.gif\",\"width\":89,\"height\":84,\"caption\":\"Abc-latina\"},\"image\":{\"@id\":\"https:\\\/\\\/abc-latina.com\\\/#\\\/schema\\\/logo\\\/image\\\/\"}}]}<\/script>\n<!-- \/ Yoast SEO plugin. -->","yoast_head_json":{"title":"MEXIQUE - Abc-latina","description":"Le Mexique est un pays fascinant et myst\u00e9rieux o\u00f9 les paysages sont fortement diversifi\u00e9es. Le Mexique et son peuple aux traditions mill\u00e9naires...","robots":{"index":"index","follow":"follow","max-snippet":"max-snippet:-1","max-image-preview":"max-image-preview:large","max-video-preview":"max-video-preview:-1"},"canonical":"https:\/\/abc-latina.com\/mexique\/","og_locale":"fr_FR","og_type":"article","og_title":"MEXIQUE - Abc-latina","og_description":"Le Mexique est un pays fascinant et myst\u00e9rieux o\u00f9 les paysages sont fortement diversifi\u00e9es. Le Mexique et son peuple aux traditions mill\u00e9naires...","og_url":"https:\/\/abc-latina.com\/mexique\/","og_site_name":"Abc-latina","article_modified_time":"2018-06-30T23:00:48+00:00","og_image":[{"width":700,"height":432,"url":"https:\/\/abc-latina.com\/wp-content\/uploads\/2010\/10\/042-mexique.jpg","type":"image\/jpeg"}],"twitter_card":"summary_large_image","twitter_misc":{"Dur\u00e9e de lecture estim\u00e9e":"1 minute"},"schema":{"@context":"https:\/\/schema.org","@graph":[{"@type":"WebPage","@id":"https:\/\/abc-latina.com\/mexique\/","url":"https:\/\/abc-latina.com\/mexique\/","name":"MEXIQUE - Abc-latina","isPartOf":{"@id":"https:\/\/abc-latina.com\/#website"},"primaryImageOfPage":{"@id":"https:\/\/abc-latina.com\/mexique\/#primaryimage"},"image":{"@id":"https:\/\/abc-latina.com\/mexique\/#primaryimage"},"thumbnailUrl":"https:\/\/abc-latina.com\/wp-content\/uploads\/2010\/10\/042-mexique.jpg","datePublished":"2010-10-07T20:06:52+00:00","dateModified":"2018-06-30T23:00:48+00:00","description":"Le Mexique est un pays fascinant et myst\u00e9rieux o\u00f9 les paysages sont fortement diversifi\u00e9es. Le Mexique et son peuple aux traditions mill\u00e9naires...","breadcrumb":{"@id":"https:\/\/abc-latina.com\/mexique\/#breadcrumb"},"inLanguage":"fr-FR","potentialAction":[{"@type":"ReadAction","target":["https:\/\/abc-latina.com\/mexique\/"]}]},{"@type":"ImageObject","inLanguage":"fr-FR","@id":"https:\/\/abc-latina.com\/mexique\/#primaryimage","url":"https:\/\/abc-latina.com\/wp-content\/uploads\/2010\/10\/042-mexique.jpg","contentUrl":"https:\/\/abc-latina.com\/wp-content\/uploads\/2010\/10\/042-mexique.jpg","width":700,"height":432,"caption":"MEXIQUE"},{"@type":"BreadcrumbList","@id":"https:\/\/abc-latina.com\/mexique\/#breadcrumb","itemListElement":[{"@type":"ListItem","position":1,"name":"Accueil","item":"https:\/\/abc-latina.com\/"},{"@type":"ListItem","position":2,"name":"MEXIQUE"}]},{"@type":"WebSite","@id":"https:\/\/abc-latina.com\/#website","url":"https:\/\/abc-latina.com\/","name":"Abc-latina","description":"","publisher":{"@id":"https:\/\/abc-latina.com\/#organization"},"potentialAction":[{"@type":"SearchAction","target":{"@type":"EntryPoint","urlTemplate":"https:\/\/abc-latina.com\/?s={search_term_string}"},"query-input":{"@type":"PropertyValueSpecification","valueRequired":true,"valueName":"search_term_string"}}],"inLanguage":"fr-FR"},{"@type":"Organization","@id":"https:\/\/abc-latina.com\/#organization","name":"Abc-latina","url":"https:\/\/abc-latina.com\/","logo":{"@type":"ImageObject","inLanguage":"fr-FR","@id":"https:\/\/abc-latina.com\/#\/schema\/logo\/image\/","url":"https:\/\/abc-latina.com\/wp-content\/uploads\/2026\/05\/cropped-logo.gif","contentUrl":"https:\/\/abc-latina.com\/wp-content\/uploads\/2026\/05\/cropped-logo.gif","width":89,"height":84,"caption":"Abc-latina"},"image":{"@id":"https:\/\/abc-latina.com\/#\/schema\/logo\/image\/"}}]}},"_links":{"self":[{"href":"https:\/\/abc-latina.com\/wp-json\/wp\/v2\/pages\/2308","targetHints":{"allow":["GET"]}}],"collection":[{"href":"https:\/\/abc-latina.com\/wp-json\/wp\/v2\/pages"}],"about":[{"href":"https:\/\/abc-latina.com\/wp-json\/wp\/v2\/types\/page"}],"author":[{"embeddable":true,"href":"https:\/\/abc-latina.com\/wp-json\/wp\/v2\/users\/3"}],"replies":[{"embeddable":true,"href":"https:\/\/abc-latina.com\/wp-json\/wp\/v2\/comments?post=2308"}],"version-history":[{"count":0,"href":"https:\/\/abc-latina.com\/wp-json\/wp\/v2\/pages\/2308\/revisions"}],"wp:featuredmedia":[{"embeddable":true,"href":"https:\/\/abc-latina.com\/wp-json\/wp\/v2\/media\/2307"}],"wp:attachment":[{"href":"https:\/\/abc-latina.com\/wp-json\/wp\/v2\/media?parent=2308"}],"curies":[{"name":"wp","href":"https:\/\/api.w.org\/{rel}","templated":true}]}}