{"id":2323,"date":"2010-10-10T03:59:32","date_gmt":"2010-10-10T01:59:32","guid":{"rendered":"http:\/\/abc-latina.com\/canotage-htm-3\/"},"modified":"2026-04-30T18:24:52","modified_gmt":"2026-04-30T16:24:52","slug":"canotage","status":"publish","type":"page","link":"https:\/\/abc-latina.com\/index\/canotage\/","title":{"rendered":"CANOTAGE &#038; RAFTING au BRESIL"},"content":{"rendered":"<p>Qui veut voir tester la capacit\u00e9 \u00e0 vaincre des d\u00e9fis, l&rsquo;esprit d&rsquo;\u00e9quipe, l&rsquo;organisation, la communication et le commandement d&rsquo;un groupe de personnes? Il suffit de les mettre dans un bateau gonflable et de les faire affronter des rapides munis seulement de rames. C&rsquo;est cela le rafting, une modalit\u00e9 sportive qui attire des adeptes dans le monde entier. Une activit\u00e9 qui d\u00e9fie ses propres pratiquants \u00e0 trouver, ensemble, la meilleure mani\u00e8re de surpasser les obstacles. C&rsquo;est pour cela qu&rsquo;il est souvent utilis\u00e9 pour des formations de gens d&rsquo;entreprises.<\/p>\n<p>R\u00e9alis\u00e9 en contact direct avec la nature, le rafting trouve au Br\u00e9sil de bonnes options de locaux pour sa pratique. L&rsquo;hydrographie du Pays offre plusieurs rivi\u00e8res avec divers niveaux de difficult\u00e9s. Il y a des rapides faciles, avec de petites vagues et stables pour les d\u00e9butants, jusqu&rsquo;\u00e0 des eaux turbulentes avec des passages \u00e9troits, qui demandent de l&rsquo;exp\u00e9rience et de l&rsquo;habilit\u00e9 aux athl\u00e8tes.<\/p>\n<p><a href=\"..\/tour_operateur\" target=\"_blank\"><img loading=\"lazy\" decoding=\"async\" class=\" size-full wp-image-41\" alt=\"\" class=\"touroperateur\" src=\"http:\/\/abc-latina.com\/wp-content\/uploads\/2010\/04\/timbre_to.gif\" width=\"125\" height=\"90\" \/><\/a>On estime aujourd&rsquo;hui \u00e0 pr\u00e8s de 50 op\u00e9rateurs br\u00e9siliens qui offrent des circuits touristiques objectivant la pratique du rafting. Dans l&rsquo;Etat de S\u00e3o Paulo, il est possible de s&rsquo;aventurer sur les rivi\u00e8res Juquitiba, Brotas, Socorro et S\u00e3o Luiz do Paraitinga. Dans l&rsquo;<a href=\"https:\/\/www.abc-latina.com\/bresil\/etat-rio\">Etat de Rio de Janeiro<\/a>, les meilleurs endroits pour le sport sont le Parc National de la Serra dos \u00d3rg\u00e3os, Tr\u00eas Rios, Maca\u00e9 et Visconde de Mau\u00e1. L&rsquo;\u00e9motion est aussi forte dans la R\u00e9gion Sud: l\u00e0 on trouve Canela et le Parc National des Aparados da Serra, dans l&rsquo;Etat du Rio Grande do Sul; <a href=\"https:\/\/www.abc-latina.com\/bresil\/voyage\/chutes_iguacu\">Foz do Igua\u00e7u<\/a>, dans l&rsquo;Etat du Paran\u00e1; et Timb\u00f3 et Santo Amaro da Imperatriz, dans l&rsquo;Etat de Santa Catarina. Sans oublier Jalap\u00e3o, dans l&rsquo;Etat du Tocantins; ou de Itacar\u00e9, dans l&rsquo;<a href=\"https:\/\/www.abc-latina.com\/bresil\/bahia\">Etat de Bahia<\/a>; parmi beaucoup d&rsquo;autres.<\/p>\n<p><span class=\"tourisme-chapitre\">Villes en \u00e9vidence<\/span><\/p>\n<p><strong>S\u00e3o Lu\u00eds do Paraitinga<\/strong><br \/> Ses beaut\u00e9s naturelles sont le d\u00e9cor parfait pour la pratique du tourisme d&acute;aventure, en y attirant ainsi un grand nombre de visiteurs.<\/p>\n<p>Casimiro de Abreu<br \/> Compos\u00e9 d&rsquo;un ensemble grandiose de cavernes, de grottes et d&rsquo;ab\u00eemes, c&rsquo;est l&rsquo;abri d&rsquo;un important patrimoine sp\u00e9l\u00e9ologique national.<\/p>\n<p><strong>Itacar\u00e9<\/strong><br \/> Situ\u00e9e au c\u0153ur de la C\u00f4te do Cacau, littoral Sud de l&rsquo;\u00c9tat de Bahia, la petite ville garde de beaux paysages intouch\u00e9s par l&rsquo;homme.<\/p>\n<p><strong>Jalap\u00e3o<\/strong><br \/> Le lieu parfait pour la pratique de sports radicaux ou, tout simplement, pour la d\u00e9couverte de beaut\u00e9s naturelles.<\/p>\n<p><strong>Canela<\/strong><br \/> Cette charmante ville br\u00e9silienne d&rsquo;aspect europ\u00e9en vous attend pour montrer son architecture typique de grande classe et un paysage naturel passionnant.<\/p>\n<p><span class=\"tsource\">Source: Minist\u00e9rio do turismo<\/span><\/p>\n<h3>Pr\u00e9parez votre voyage au Br\u00e9sil :<\/h3>\n<div><a href=\"https:\/\/www.abc-latina.com\/bresil\/agence_de_voyages\">Agences de voyage g\u00e9n\u00e9ralistes et discounteurs<\/a><\/div>\n<div><a href=\"https:\/\/www.abc-latina.com\/bresil\/tour_operateur\">Tours Op\u00e9rateurs sp\u00e9cialistes du Br\u00e9sil<\/a><\/div>\n<div><a href=\"https:\/\/www.abc-latina.com\/to\/reservation_billet_avion\" target=\"_blank\">R\u00e9servez votre billet d&rsquo;avion<\/a><\/div>\n<div><a href=\"https:\/\/www.abc-latina.com\/bresil\/hotels\">R\u00e9servez votre h\u00f4tel<\/a>&nbsp;<\/div>\n<div><a href=\"https:\/\/www.abc-latina.com\/to\/location_de_voiture_bresil\" target=\"_blank\">Location de voiture<\/a><\/div>\n","protected":false},"excerpt":{"rendered":"<p>Qui veut voir tester la capacit\u00e9 \u00e0 vaincre des d\u00e9fis, l&rsquo;esprit d&rsquo;\u00e9quipe, l&rsquo;organisation, la communication et le commandement d&rsquo;un groupe [&hellip;]<\/p>\n","protected":false},"author":3,"featured_media":41,"parent":2428,"menu_order":0,"comment_status":"closed","ping_status":"closed","template":"","meta":{"site-sidebar-layout":"default","site-content-layout":"","ast-site-content-layout":"default","site-content-style":"default","site-sidebar-style":"default","ast-global-header-display":"","ast-banner-title-visibility":"","ast-main-header-display":"","ast-hfb-above-header-display":"","ast-hfb-below-header-display":"","ast-hfb-mobile-header-display":"","site-post-title":"","ast-breadcrumbs-content":"","ast-featured-img":"","footer-sml-layout":"","ast-disable-related-posts":"","theme-transparent-header-meta":"","adv-header-id-meta":"","stick-header-meta":"","header-above-stick-meta":"","header-main-stick-meta":"","header-below-stick-meta":"","astra-migrate-meta-layouts":"default","ast-page-background-enabled":"default","ast-page-background-meta":{"desktop":{"background-color":"var(--ast-global-color-5)","background-image":"","background-repeat":"repeat","background-position":"center center","background-size":"auto","background-attachment":"scroll","background-type":"","background-media":"","overlay-type":"","overlay-color":"","overlay-opacity":"","overlay-gradient":""},"tablet":{"background-color":"","background-image":"","background-repeat":"repeat","background-position":"center center","background-size":"auto","background-attachment":"scroll","background-type":"","background-media":"","overlay-type":"","overlay-color":"","overlay-opacity":"","overlay-gradient":""},"mobile":{"background-color":"","background-image":"","background-repeat":"repeat","background-position":"center center","background-size":"auto","background-attachment":"scroll","background-type":"","background-media":"","overlay-type":"","overlay-color":"","overlay-opacity":"","overlay-gradient":""}},"ast-content-background-meta":{"desktop":{"background-color":"var(--ast-global-color-4)","background-image":"","background-repeat":"repeat","background-position":"center center","background-size":"auto","background-attachment":"scroll","background-type":"","background-media":"","overlay-type":"","overlay-color":"","overlay-opacity":"","overlay-gradient":""},"tablet":{"background-color":"var(--ast-global-color-4)","background-image":"","background-repeat":"repeat","background-position":"center center","background-size":"auto","background-attachment":"scroll","background-type":"","background-media":"","overlay-type":"","overlay-color":"","overlay-opacity":"","overlay-gradient":""},"mobile":{"background-color":"var(--ast-global-color-4)","background-image":"","background-repeat":"repeat","background-position":"center center","background-size":"auto","background-attachment":"scroll","background-type":"","background-media":"","overlay-type":"","overlay-color":"","overlay-opacity":"","overlay-gradient":""}},"footnotes":""},"class_list":["post-2323","page","type-page","status-publish","has-post-thumbnail","hentry"],"yoast_head":"<!-- This site is optimized with the Yoast SEO plugin v27.5 - https:\/\/yoast.com\/product\/yoast-seo-wordpress\/ -->\n<title>CANOTAGE &amp; RAFTING au BRESIL - Abc-latina<\/title>\n<meta name=\"description\" content=\"La pratique du canotage et du rafting au Br\u00e9sil.\" \/>\n<meta name=\"robots\" content=\"index, follow, max-snippet:-1, max-image-preview:large, max-video-preview:-1\" \/>\n<link rel=\"canonical\" href=\"https:\/\/abc-latina.com\/index\/canotage\/\" \/>\n<meta property=\"og:locale\" content=\"fr_FR\" \/>\n<meta property=\"og:type\" content=\"article\" \/>\n<meta property=\"og:title\" content=\"CANOTAGE &amp; RAFTING au BRESIL - Abc-latina\" \/>\n<meta property=\"og:description\" content=\"La pratique du canotage et du rafting au Br\u00e9sil.\" \/>\n<meta property=\"og:url\" content=\"https:\/\/abc-latina.com\/index\/canotage\/\" \/>\n<meta property=\"og:site_name\" content=\"Abc-latina\" \/>\n<meta property=\"article:modified_time\" content=\"2026-04-30T16:24:52+00:00\" \/>\n<meta property=\"og:image\" content=\"https:\/\/abc-latina.com\/wp-content\/uploads\/2010\/04\/timbre_to.gif\" \/>\n\t<meta property=\"og:image:width\" content=\"125\" \/>\n\t<meta property=\"og:image:height\" content=\"90\" \/>\n\t<meta property=\"og:image:type\" content=\"image\/gif\" \/>\n<meta name=\"twitter:card\" content=\"summary_large_image\" \/>\n<meta name=\"twitter:label1\" content=\"Dur\u00e9e de lecture estim\u00e9e\" \/>\n\t<meta name=\"twitter:data1\" content=\"3 minutes\" \/>\n<script type=\"application\/ld+json\" class=\"yoast-schema-graph\">{\"@context\":\"https:\\\/\\\/schema.org\",\"@graph\":[{\"@type\":\"WebPage\",\"@id\":\"https:\\\/\\\/abc-latina.com\\\/index\\\/canotage\\\/\",\"url\":\"https:\\\/\\\/abc-latina.com\\\/index\\\/canotage\\\/\",\"name\":\"CANOTAGE & RAFTING au BRESIL - Abc-latina\",\"isPartOf\":{\"@id\":\"https:\\\/\\\/abc-latina.com\\\/#website\"},\"primaryImageOfPage\":{\"@id\":\"https:\\\/\\\/abc-latina.com\\\/index\\\/canotage\\\/#primaryimage\"},\"image\":{\"@id\":\"https:\\\/\\\/abc-latina.com\\\/index\\\/canotage\\\/#primaryimage\"},\"thumbnailUrl\":\"https:\\\/\\\/abc-latina.com\\\/wp-content\\\/uploads\\\/2010\\\/04\\\/timbre_to.gif\",\"datePublished\":\"2010-10-10T01:59:32+00:00\",\"dateModified\":\"2026-04-30T16:24:52+00:00\",\"description\":\"La pratique du canotage et du rafting au Br\u00e9sil.\",\"breadcrumb\":{\"@id\":\"https:\\\/\\\/abc-latina.com\\\/index\\\/canotage\\\/#breadcrumb\"},\"inLanguage\":\"fr-FR\",\"potentialAction\":[{\"@type\":\"ReadAction\",\"target\":[\"https:\\\/\\\/abc-latina.com\\\/index\\\/canotage\\\/\"]}]},{\"@type\":\"ImageObject\",\"inLanguage\":\"fr-FR\",\"@id\":\"https:\\\/\\\/abc-latina.com\\\/index\\\/canotage\\\/#primaryimage\",\"url\":\"https:\\\/\\\/abc-latina.com\\\/wp-content\\\/uploads\\\/2010\\\/04\\\/timbre_to.gif\",\"contentUrl\":\"https:\\\/\\\/abc-latina.com\\\/wp-content\\\/uploads\\\/2010\\\/04\\\/timbre_to.gif\",\"width\":125,\"height\":90},{\"@type\":\"BreadcrumbList\",\"@id\":\"https:\\\/\\\/abc-latina.com\\\/index\\\/canotage\\\/#breadcrumb\",\"itemListElement\":[{\"@type\":\"ListItem\",\"position\":1,\"name\":\"Accueil\",\"item\":\"https:\\\/\\\/abc-latina.com\\\/\"},{\"@type\":\"ListItem\",\"position\":2,\"name\":\"CANOTAGE &#038; RAFTING au BRESIL\"}]},{\"@type\":\"WebSite\",\"@id\":\"https:\\\/\\\/abc-latina.com\\\/#website\",\"url\":\"https:\\\/\\\/abc-latina.com\\\/\",\"name\":\"Abc-latina\",\"description\":\"\",\"publisher\":{\"@id\":\"https:\\\/\\\/abc-latina.com\\\/#organization\"},\"potentialAction\":[{\"@type\":\"SearchAction\",\"target\":{\"@type\":\"EntryPoint\",\"urlTemplate\":\"https:\\\/\\\/abc-latina.com\\\/?s={search_term_string}\"},\"query-input\":{\"@type\":\"PropertyValueSpecification\",\"valueRequired\":true,\"valueName\":\"search_term_string\"}}],\"inLanguage\":\"fr-FR\"},{\"@type\":\"Organization\",\"@id\":\"https:\\\/\\\/abc-latina.com\\\/#organization\",\"name\":\"Abc-latina\",\"url\":\"https:\\\/\\\/abc-latina.com\\\/\",\"logo\":{\"@type\":\"ImageObject\",\"inLanguage\":\"fr-FR\",\"@id\":\"https:\\\/\\\/abc-latina.com\\\/#\\\/schema\\\/logo\\\/image\\\/\",\"url\":\"https:\\\/\\\/abc-latina.com\\\/wp-content\\\/uploads\\\/2026\\\/05\\\/cropped-logo.gif\",\"contentUrl\":\"https:\\\/\\\/abc-latina.com\\\/wp-content\\\/uploads\\\/2026\\\/05\\\/cropped-logo.gif\",\"width\":89,\"height\":84,\"caption\":\"Abc-latina\"},\"image\":{\"@id\":\"https:\\\/\\\/abc-latina.com\\\/#\\\/schema\\\/logo\\\/image\\\/\"}}]}<\/script>\n<!-- \/ Yoast SEO plugin. -->","yoast_head_json":{"title":"CANOTAGE & RAFTING au BRESIL - Abc-latina","description":"La pratique du canotage et du rafting au Br\u00e9sil.","robots":{"index":"index","follow":"follow","max-snippet":"max-snippet:-1","max-image-preview":"max-image-preview:large","max-video-preview":"max-video-preview:-1"},"canonical":"https:\/\/abc-latina.com\/index\/canotage\/","og_locale":"fr_FR","og_type":"article","og_title":"CANOTAGE & RAFTING au BRESIL - Abc-latina","og_description":"La pratique du canotage et du rafting au Br\u00e9sil.","og_url":"https:\/\/abc-latina.com\/index\/canotage\/","og_site_name":"Abc-latina","article_modified_time":"2026-04-30T16:24:52+00:00","og_image":[{"width":125,"height":90,"url":"https:\/\/abc-latina.com\/wp-content\/uploads\/2010\/04\/timbre_to.gif","type":"image\/gif"}],"twitter_card":"summary_large_image","twitter_misc":{"Dur\u00e9e de lecture estim\u00e9e":"3 minutes"},"schema":{"@context":"https:\/\/schema.org","@graph":[{"@type":"WebPage","@id":"https:\/\/abc-latina.com\/index\/canotage\/","url":"https:\/\/abc-latina.com\/index\/canotage\/","name":"CANOTAGE & RAFTING au BRESIL - Abc-latina","isPartOf":{"@id":"https:\/\/abc-latina.com\/#website"},"primaryImageOfPage":{"@id":"https:\/\/abc-latina.com\/index\/canotage\/#primaryimage"},"image":{"@id":"https:\/\/abc-latina.com\/index\/canotage\/#primaryimage"},"thumbnailUrl":"https:\/\/abc-latina.com\/wp-content\/uploads\/2010\/04\/timbre_to.gif","datePublished":"2010-10-10T01:59:32+00:00","dateModified":"2026-04-30T16:24:52+00:00","description":"La pratique du canotage et du rafting au Br\u00e9sil.","breadcrumb":{"@id":"https:\/\/abc-latina.com\/index\/canotage\/#breadcrumb"},"inLanguage":"fr-FR","potentialAction":[{"@type":"ReadAction","target":["https:\/\/abc-latina.com\/index\/canotage\/"]}]},{"@type":"ImageObject","inLanguage":"fr-FR","@id":"https:\/\/abc-latina.com\/index\/canotage\/#primaryimage","url":"https:\/\/abc-latina.com\/wp-content\/uploads\/2010\/04\/timbre_to.gif","contentUrl":"https:\/\/abc-latina.com\/wp-content\/uploads\/2010\/04\/timbre_to.gif","width":125,"height":90},{"@type":"BreadcrumbList","@id":"https:\/\/abc-latina.com\/index\/canotage\/#breadcrumb","itemListElement":[{"@type":"ListItem","position":1,"name":"Accueil","item":"https:\/\/abc-latina.com\/"},{"@type":"ListItem","position":2,"name":"CANOTAGE &#038; RAFTING au BRESIL"}]},{"@type":"WebSite","@id":"https:\/\/abc-latina.com\/#website","url":"https:\/\/abc-latina.com\/","name":"Abc-latina","description":"","publisher":{"@id":"https:\/\/abc-latina.com\/#organization"},"potentialAction":[{"@type":"SearchAction","target":{"@type":"EntryPoint","urlTemplate":"https:\/\/abc-latina.com\/?s={search_term_string}"},"query-input":{"@type":"PropertyValueSpecification","valueRequired":true,"valueName":"search_term_string"}}],"inLanguage":"fr-FR"},{"@type":"Organization","@id":"https:\/\/abc-latina.com\/#organization","name":"Abc-latina","url":"https:\/\/abc-latina.com\/","logo":{"@type":"ImageObject","inLanguage":"fr-FR","@id":"https:\/\/abc-latina.com\/#\/schema\/logo\/image\/","url":"https:\/\/abc-latina.com\/wp-content\/uploads\/2026\/05\/cropped-logo.gif","contentUrl":"https:\/\/abc-latina.com\/wp-content\/uploads\/2026\/05\/cropped-logo.gif","width":89,"height":84,"caption":"Abc-latina"},"image":{"@id":"https:\/\/abc-latina.com\/#\/schema\/logo\/image\/"}}]}},"_links":{"self":[{"href":"https:\/\/abc-latina.com\/wp-json\/wp\/v2\/pages\/2323","targetHints":{"allow":["GET"]}}],"collection":[{"href":"https:\/\/abc-latina.com\/wp-json\/wp\/v2\/pages"}],"about":[{"href":"https:\/\/abc-latina.com\/wp-json\/wp\/v2\/types\/page"}],"author":[{"embeddable":true,"href":"https:\/\/abc-latina.com\/wp-json\/wp\/v2\/users\/3"}],"replies":[{"embeddable":true,"href":"https:\/\/abc-latina.com\/wp-json\/wp\/v2\/comments?post=2323"}],"version-history":[{"count":1,"href":"https:\/\/abc-latina.com\/wp-json\/wp\/v2\/pages\/2323\/revisions"}],"predecessor-version":[{"id":3211,"href":"https:\/\/abc-latina.com\/wp-json\/wp\/v2\/pages\/2323\/revisions\/3211"}],"up":[{"embeddable":true,"href":"https:\/\/abc-latina.com\/wp-json\/wp\/v2\/pages\/2428"}],"wp:featuredmedia":[{"embeddable":true,"href":"https:\/\/abc-latina.com\/wp-json\/wp\/v2\/media\/41"}],"wp:attachment":[{"href":"https:\/\/abc-latina.com\/wp-json\/wp\/v2\/media?parent=2323"}],"curies":[{"name":"wp","href":"https:\/\/api.w.org\/{rel}","templated":true}]}}