{"id":2324,"date":"2010-10-10T04:13:28","date_gmt":"2010-10-10T02:13:28","guid":{"rendered":"http:\/\/abc-latina.com\/canyonisme-htm\/"},"modified":"2026-04-30T18:24:52","modified_gmt":"2026-04-30T16:24:52","slug":"canyonisme","status":"publish","type":"page","link":"https:\/\/abc-latina.com\/index\/canyonisme\/","title":{"rendered":"CANYONISME au BRESIL"},"content":{"rendered":"<p>Le <span class=\"tourisme-chapitre\">canyoning<\/span> est l&rsquo;exploration sportive de canyons et de rivi\u00e8res dans des gorges. Bien que la vitrine de cette activit\u00e9 soit le rappel en cascades (cascading), ce sport demande des habilit\u00e9s bien plus grandes. Ses adeptes doivent pratiquer le rappel, l&rsquo;escalade et la natation. Ils ont besoin, de plus, d&rsquo;avoir des notions de sp\u00e9l\u00e9ologie afin qu&rsquo;ils puissent \u00e9valuer correctement les obstacles du parcours.<br \/> Ce sport a surgit en fin des ann\u00e9es 70, en Europe. Et il a commenc\u00e9 au Br\u00e9sil \u00e0 partir de 1990, avec un groupe de sp\u00e9l\u00e9ologues (ceux qui \u00e9tudient les grottes et les cavernes) qui a r\u00e9pertori\u00e9 plus de deux mille cascades dans 12 \u00c9tats br\u00e9siliens.<br \/> Aujourd&rsquo;hui, le Br\u00e9sil est entre les 10 principales destinations pour la pratique du canyoning dans le monde entier. Il est facile de comprendre le motif: ses conditions g\u00e9ographiques et climatiques &ndash; un relief vari\u00e9 et des temp\u00e9ratures douces toute l&rsquo;ann\u00e9e &ndash; sont tr\u00e8s propices \u00e0 ce sport.<br \/> Sur presque tout le territoire national il est possible de rencontrer d&rsquo;excellents endroits pour pratiquer cette aventure. Des exemples de ce genre peuvent \u00eatre rencontr\u00e9s dans l&rsquo;\u00c9tat de S\u00e3o Paulo, dans le Parc d&rsquo;\u00c9tat Touristique du Alto Ribeira (PETAR) et dans les voisinages de Brotas et de S\u00e3o Luiz do Paraitinga. Dans l&rsquo;\u00c9tat de Rio de Janeiro, les villes de Tr\u00eas Rios et de Casimiro de Abreu sont aussi d&rsquo;excellentes options. Plus au sud, cela vaut la peine de visiter Santo Amaro da Imperatriz et Timb\u00f3, dans l&rsquo;\u00c9tat de Santa Catarina, et Canela, dans le Rio Grande do Sul. Ce n&rsquo;est pas l&rsquo;\u00e9motion qui manque dans l&rsquo;\u00c9tat de Goi\u00e1s, dans la Chapada dos Veadeiros et dans les voisinages de Piren\u00f3polis. Dans la R\u00e9gion Nordeste, l&rsquo;adr\u00e9naline est au compte de la Chapada Diamantina et du Canyon du Fleuve S\u00e3o Francisco, entre les \u00c9tats de Bahia et de Sergipe.<\/p>\n<p> <span class=\"tourisme-chapitre\">Villes en \u00e9vidence<\/span><\/p>\n<p><span class=\"tourisme-unesco\">S\u00e3o Lu\u00eds do Paraitinga<\/span><br \/> Ses beaut\u00e9s naturelles sont le d\u00e9cor parfait pour la pratique du tourisme d&acute;aventure, en y attirant ainsi un grand nombre de visiteurs.<\/p>\n<p><span class=\"tsource\">Source: Minist\u00e9rio do turismo<\/span><\/p>\n<h3>Pr\u00e9parez votre voyage au Br\u00e9sil :<\/h3>\n<div><a href=\"https:\/\/www.abc-latina.com\/bresil\/agence_de_voyages\">Agences de voyage g\u00e9n\u00e9ralistes et discounteurs<\/a><\/div>\n<div><a href=\"https:\/\/www.abc-latina.com\/bresil\/tour_operateur\">Tours Op\u00e9rateurs sp\u00e9cialistes du Br\u00e9sil<\/a><\/div>\n<div><a href=\"https:\/\/www.abc-latina.com\/to\/reservation_billet_avion\" target=\"_blank\">R\u00e9servez votre billet d&rsquo;avion<\/a><\/div>\n<div><a href=\"https:\/\/www.abc-latina.com\/bresil\/hotels\">R\u00e9servez votre h\u00f4tel<\/a>&nbsp;<\/div>\n<div><a href=\"https:\/\/www.abc-latina.com\/to\/location_de_voiture_bresil\" target=\"_blank\">Location de voiture<\/a><\/div>\n","protected":false},"excerpt":{"rendered":"<p>Le canyoning est l&rsquo;exploration sportive de canyons et de rivi\u00e8res dans des gorges. Bien que la vitrine de cette activit\u00e9 [&hellip;]<\/p>\n","protected":false},"author":3,"featured_media":0,"parent":2428,"menu_order":0,"comment_status":"closed","ping_status":"closed","template":"","meta":{"site-sidebar-layout":"default","site-content-layout":"","ast-site-content-layout":"default","site-content-style":"default","site-sidebar-style":"default","ast-global-header-display":"","ast-banner-title-visibility":"","ast-main-header-display":"","ast-hfb-above-header-display":"","ast-hfb-below-header-display":"","ast-hfb-mobile-header-display":"","site-post-title":"","ast-breadcrumbs-content":"","ast-featured-img":"","footer-sml-layout":"","ast-disable-related-posts":"","theme-transparent-header-meta":"","adv-header-id-meta":"","stick-header-meta":"","header-above-stick-meta":"","header-main-stick-meta":"","header-below-stick-meta":"","astra-migrate-meta-layouts":"default","ast-page-background-enabled":"default","ast-page-background-meta":{"desktop":{"background-color":"var(--ast-global-color-5)","background-image":"","background-repeat":"repeat","background-position":"center center","background-size":"auto","background-attachment":"scroll","background-type":"","background-media":"","overlay-type":"","overlay-color":"","overlay-opacity":"","overlay-gradient":""},"tablet":{"background-color":"","background-image":"","background-repeat":"repeat","background-position":"center center","background-size":"auto","background-attachment":"scroll","background-type":"","background-media":"","overlay-type":"","overlay-color":"","overlay-opacity":"","overlay-gradient":""},"mobile":{"background-color":"","background-image":"","background-repeat":"repeat","background-position":"center center","background-size":"auto","background-attachment":"scroll","background-type":"","background-media":"","overlay-type":"","overlay-color":"","overlay-opacity":"","overlay-gradient":""}},"ast-content-background-meta":{"desktop":{"background-color":"var(--ast-global-color-4)","background-image":"","background-repeat":"repeat","background-position":"center center","background-size":"auto","background-attachment":"scroll","background-type":"","background-media":"","overlay-type":"","overlay-color":"","overlay-opacity":"","overlay-gradient":""},"tablet":{"background-color":"var(--ast-global-color-4)","background-image":"","background-repeat":"repeat","background-position":"center center","background-size":"auto","background-attachment":"scroll","background-type":"","background-media":"","overlay-type":"","overlay-color":"","overlay-opacity":"","overlay-gradient":""},"mobile":{"background-color":"var(--ast-global-color-4)","background-image":"","background-repeat":"repeat","background-position":"center center","background-size":"auto","background-attachment":"scroll","background-type":"","background-media":"","overlay-type":"","overlay-color":"","overlay-opacity":"","overlay-gradient":""}},"footnotes":""},"class_list":["post-2324","page","type-page","status-publish","hentry"],"yoast_head":"<!-- This site is optimized with the Yoast SEO plugin v27.5 - https:\/\/yoast.com\/product\/yoast-seo-wordpress\/ -->\n<title>CANYONISME au BRESIL - Abc-latina<\/title>\n<meta name=\"description\" content=\"La pratique du canyonisme au Br\u00e9sil. Le canyoning au Br\u00e9sil.\" \/>\n<meta name=\"robots\" content=\"index, follow, max-snippet:-1, max-image-preview:large, max-video-preview:-1\" \/>\n<link rel=\"canonical\" href=\"https:\/\/abc-latina.com\/index\/canyonisme\/\" \/>\n<meta property=\"og:locale\" content=\"fr_FR\" \/>\n<meta property=\"og:type\" content=\"article\" \/>\n<meta property=\"og:title\" content=\"CANYONISME au BRESIL - Abc-latina\" \/>\n<meta property=\"og:description\" content=\"La pratique du canyonisme au Br\u00e9sil. Le canyoning au Br\u00e9sil.\" \/>\n<meta property=\"og:url\" content=\"https:\/\/abc-latina.com\/index\/canyonisme\/\" \/>\n<meta property=\"og:site_name\" content=\"Abc-latina\" \/>\n<meta property=\"article:modified_time\" content=\"2026-04-30T16:24:52+00:00\" \/>\n<meta name=\"twitter:card\" content=\"summary_large_image\" \/>\n<meta name=\"twitter:label1\" content=\"Dur\u00e9e de lecture estim\u00e9e\" \/>\n\t<meta name=\"twitter:data1\" content=\"2 minutes\" \/>\n<script type=\"application\/ld+json\" class=\"yoast-schema-graph\">{\"@context\":\"https:\\\/\\\/schema.org\",\"@graph\":[{\"@type\":\"WebPage\",\"@id\":\"https:\\\/\\\/abc-latina.com\\\/index\\\/canyonisme\\\/\",\"url\":\"https:\\\/\\\/abc-latina.com\\\/index\\\/canyonisme\\\/\",\"name\":\"CANYONISME au BRESIL - Abc-latina\",\"isPartOf\":{\"@id\":\"https:\\\/\\\/abc-latina.com\\\/#website\"},\"datePublished\":\"2010-10-10T02:13:28+00:00\",\"dateModified\":\"2026-04-30T16:24:52+00:00\",\"description\":\"La pratique du canyonisme au Br\u00e9sil. Le canyoning au Br\u00e9sil.\",\"breadcrumb\":{\"@id\":\"https:\\\/\\\/abc-latina.com\\\/index\\\/canyonisme\\\/#breadcrumb\"},\"inLanguage\":\"fr-FR\",\"potentialAction\":[{\"@type\":\"ReadAction\",\"target\":[\"https:\\\/\\\/abc-latina.com\\\/index\\\/canyonisme\\\/\"]}]},{\"@type\":\"BreadcrumbList\",\"@id\":\"https:\\\/\\\/abc-latina.com\\\/index\\\/canyonisme\\\/#breadcrumb\",\"itemListElement\":[{\"@type\":\"ListItem\",\"position\":1,\"name\":\"Accueil\",\"item\":\"https:\\\/\\\/abc-latina.com\\\/\"},{\"@type\":\"ListItem\",\"position\":2,\"name\":\"CANYONISME au BRESIL\"}]},{\"@type\":\"WebSite\",\"@id\":\"https:\\\/\\\/abc-latina.com\\\/#website\",\"url\":\"https:\\\/\\\/abc-latina.com\\\/\",\"name\":\"Abc-latina\",\"description\":\"\",\"publisher\":{\"@id\":\"https:\\\/\\\/abc-latina.com\\\/#organization\"},\"potentialAction\":[{\"@type\":\"SearchAction\",\"target\":{\"@type\":\"EntryPoint\",\"urlTemplate\":\"https:\\\/\\\/abc-latina.com\\\/?s={search_term_string}\"},\"query-input\":{\"@type\":\"PropertyValueSpecification\",\"valueRequired\":true,\"valueName\":\"search_term_string\"}}],\"inLanguage\":\"fr-FR\"},{\"@type\":\"Organization\",\"@id\":\"https:\\\/\\\/abc-latina.com\\\/#organization\",\"name\":\"Abc-latina\",\"url\":\"https:\\\/\\\/abc-latina.com\\\/\",\"logo\":{\"@type\":\"ImageObject\",\"inLanguage\":\"fr-FR\",\"@id\":\"https:\\\/\\\/abc-latina.com\\\/#\\\/schema\\\/logo\\\/image\\\/\",\"url\":\"https:\\\/\\\/abc-latina.com\\\/wp-content\\\/uploads\\\/2026\\\/05\\\/cropped-logo.gif\",\"contentUrl\":\"https:\\\/\\\/abc-latina.com\\\/wp-content\\\/uploads\\\/2026\\\/05\\\/cropped-logo.gif\",\"width\":89,\"height\":84,\"caption\":\"Abc-latina\"},\"image\":{\"@id\":\"https:\\\/\\\/abc-latina.com\\\/#\\\/schema\\\/logo\\\/image\\\/\"}}]}<\/script>\n<!-- \/ Yoast SEO plugin. -->","yoast_head_json":{"title":"CANYONISME au BRESIL - Abc-latina","description":"La pratique du canyonisme au Br\u00e9sil. Le canyoning au Br\u00e9sil.","robots":{"index":"index","follow":"follow","max-snippet":"max-snippet:-1","max-image-preview":"max-image-preview:large","max-video-preview":"max-video-preview:-1"},"canonical":"https:\/\/abc-latina.com\/index\/canyonisme\/","og_locale":"fr_FR","og_type":"article","og_title":"CANYONISME au BRESIL - Abc-latina","og_description":"La pratique du canyonisme au Br\u00e9sil. Le canyoning au Br\u00e9sil.","og_url":"https:\/\/abc-latina.com\/index\/canyonisme\/","og_site_name":"Abc-latina","article_modified_time":"2026-04-30T16:24:52+00:00","twitter_card":"summary_large_image","twitter_misc":{"Dur\u00e9e de lecture estim\u00e9e":"2 minutes"},"schema":{"@context":"https:\/\/schema.org","@graph":[{"@type":"WebPage","@id":"https:\/\/abc-latina.com\/index\/canyonisme\/","url":"https:\/\/abc-latina.com\/index\/canyonisme\/","name":"CANYONISME au BRESIL - Abc-latina","isPartOf":{"@id":"https:\/\/abc-latina.com\/#website"},"datePublished":"2010-10-10T02:13:28+00:00","dateModified":"2026-04-30T16:24:52+00:00","description":"La pratique du canyonisme au Br\u00e9sil. Le canyoning au Br\u00e9sil.","breadcrumb":{"@id":"https:\/\/abc-latina.com\/index\/canyonisme\/#breadcrumb"},"inLanguage":"fr-FR","potentialAction":[{"@type":"ReadAction","target":["https:\/\/abc-latina.com\/index\/canyonisme\/"]}]},{"@type":"BreadcrumbList","@id":"https:\/\/abc-latina.com\/index\/canyonisme\/#breadcrumb","itemListElement":[{"@type":"ListItem","position":1,"name":"Accueil","item":"https:\/\/abc-latina.com\/"},{"@type":"ListItem","position":2,"name":"CANYONISME au BRESIL"}]},{"@type":"WebSite","@id":"https:\/\/abc-latina.com\/#website","url":"https:\/\/abc-latina.com\/","name":"Abc-latina","description":"","publisher":{"@id":"https:\/\/abc-latina.com\/#organization"},"potentialAction":[{"@type":"SearchAction","target":{"@type":"EntryPoint","urlTemplate":"https:\/\/abc-latina.com\/?s={search_term_string}"},"query-input":{"@type":"PropertyValueSpecification","valueRequired":true,"valueName":"search_term_string"}}],"inLanguage":"fr-FR"},{"@type":"Organization","@id":"https:\/\/abc-latina.com\/#organization","name":"Abc-latina","url":"https:\/\/abc-latina.com\/","logo":{"@type":"ImageObject","inLanguage":"fr-FR","@id":"https:\/\/abc-latina.com\/#\/schema\/logo\/image\/","url":"https:\/\/abc-latina.com\/wp-content\/uploads\/2026\/05\/cropped-logo.gif","contentUrl":"https:\/\/abc-latina.com\/wp-content\/uploads\/2026\/05\/cropped-logo.gif","width":89,"height":84,"caption":"Abc-latina"},"image":{"@id":"https:\/\/abc-latina.com\/#\/schema\/logo\/image\/"}}]}},"_links":{"self":[{"href":"https:\/\/abc-latina.com\/wp-json\/wp\/v2\/pages\/2324","targetHints":{"allow":["GET"]}}],"collection":[{"href":"https:\/\/abc-latina.com\/wp-json\/wp\/v2\/pages"}],"about":[{"href":"https:\/\/abc-latina.com\/wp-json\/wp\/v2\/types\/page"}],"author":[{"embeddable":true,"href":"https:\/\/abc-latina.com\/wp-json\/wp\/v2\/users\/3"}],"replies":[{"embeddable":true,"href":"https:\/\/abc-latina.com\/wp-json\/wp\/v2\/comments?post=2324"}],"version-history":[{"count":1,"href":"https:\/\/abc-latina.com\/wp-json\/wp\/v2\/pages\/2324\/revisions"}],"predecessor-version":[{"id":3212,"href":"https:\/\/abc-latina.com\/wp-json\/wp\/v2\/pages\/2324\/revisions\/3212"}],"up":[{"embeddable":true,"href":"https:\/\/abc-latina.com\/wp-json\/wp\/v2\/pages\/2428"}],"wp:attachment":[{"href":"https:\/\/abc-latina.com\/wp-json\/wp\/v2\/media?parent=2324"}],"curies":[{"name":"wp","href":"https:\/\/api.w.org\/{rel}","templated":true}]}}