{"id":2329,"date":"2010-10-10T04:29:19","date_gmt":"2010-10-10T02:29:19","guid":{"rendered":"http:\/\/abc-latina.com\/trekking-htm-2\/"},"modified":"2026-04-30T18:24:53","modified_gmt":"2026-04-30T16:24:53","slug":"trekking","status":"publish","type":"page","link":"https:\/\/abc-latina.com\/index\/trekking\/","title":{"rendered":"Le TREKKING au BRESIL"},"content":{"rendered":"<p><span class=\"tourisme-chapitre\">Trek<\/span>, en anglais, veut dire migrer. Et migrer, se d\u00e9placer d&rsquo;un paysage naturel \u00e0 un autre, est l&rsquo;objectif du trekking, une vigoureuse randonn\u00e9e \u00e0 l&rsquo;air libre. Pour ses adeptes, les meilleurs parcours sont ceux qui sont vari\u00e9s, avec diff\u00e9rents types de terrains, de sc\u00e9narios et de degr\u00e9s de difficult\u00e9. Et \u00e7a, le Br\u00e9sil n&rsquo;a plus savoir qu&rsquo;en faire.<\/p>\n<p>La R\u00e9gion <a href=\"https:\/\/www.abc-latina.com\/bresil\/nordeste\">Nordeste<\/a> du Pays est celle qui offre la plus grande quantit\u00e9 de lieux o\u00f9 le trekking peut \u00eatre pratiqu\u00e9. Il s&rsquo;agit de 7 Parcs Nationaux qui ont une structure appropri\u00e9e \u00e0 la visite et \u00e0 la pratique de cette activit\u00e9: dans l&rsquo;<a href=\"https:\/\/www.abc-latina.com\/bresil\/bahia\">Etat de Bahia<\/a>, l&rsquo;on trouve les Parcs Nationaux de la <a href=\"https:\/\/www.abc-latina.com\/bresil\/voyage\/chapada_diamantina\">Chapada Diamantina<\/a> et du Monte Pascoal; dans l&rsquo;Etat du Piau\u00ed, se trouvent les Parcs Nationaux de Sete Cidades et de la Serra da Capivara; au Cear\u00e1, les attractions sont les Parcs Nationaux de Ubajara et de Jericoacoara; et dans l&rsquo;Etat du Maranh\u00e3o, il y a le magnifique Parc national des Len\u00e7\u00f3is Maranhenses.<\/p>\n<p>La R\u00e9gion Sud-est est aussi bien servie, avec six Parcs Nationaux ouverts au public, tels que les Parcs Nationaux du Capara\u00f3, de la Serra da Canastra et de la Serra do Cip\u00f3, tous dans l&rsquo;Etat de Minas Gerais; et les Parcs Nationaux de Itatiaia, de la Serra dos \u00d3rg\u00e3os et de la Tijuca, dans l&rsquo;<a href=\"https:\/\/www.abc-latina.com\/bresil\/etat-rio\">Etat de Rio de Janeiro<\/a>.<\/p>\n<p>Dans le c\u0153ur du Br\u00e9sil, la R\u00e9gion Centre-Ouest offre aussi quatre options: le Parc National de Bras\u00edlia, dans la capitale f\u00e9d\u00e9rale, <a href=\"https:\/\/www.abc-latina.com\/bresil\/brasilia\">Bras\u00edlia<\/a>; le Parc National <a href=\"https:\/\/www.abc-latina.com\/bresil\/voyage\/chapada_dos_guimaraes\">Chapada dos Guimar\u00e3es<\/a>, dans l&rsquo;Etat du Mato Grosso; et les Parcs Nationaux des Emas et de la Chapada dos Veadeiros, les deux dans l&rsquo;\u00c9tat de Goi\u00e1s.<\/p>\n<p>Enfin, au sud du Pays il y a trois excellentes alternatives, telles que le Parc National de la Lagoa do Peixe et celui des Aparados da Serra, dans l&rsquo;\u00c9tat du Rio Grande do Sul; et le fameux Parc National do <a href=\"https:\/\/www.abc-latina.com\/bresil\/voyage\/chutes_iguacu\">Igua\u00e7u<\/a>, situ\u00e9 dans l&rsquo;\u00c9tat du Paran\u00e1 et class\u00e9 Patrimoine de l&rsquo;Humanit\u00e9 en 1986.<\/p>\n<p><span class=\"tourisme-chapitre\">Villes en \u00e9vidence<br \/> <\/span><\/p>\n<p><strong>Piren\u00f3polis<\/strong><br \/> <a href=\"https:\/\/www.abc-latina.com\/bresil\/tour_operateur\" target=\"_blank\"><img loading=\"lazy\" decoding=\"async\" class=\"touroperateur size-full wp-image-41\" src=\"http:\/\/abc-latina.com\/wp-content\/uploads\/2010\/04\/timbre_to.gif\" alt=\"\" width=\"125\" height=\"90\" \/><\/a>Pittoresque ville de l&rsquo;int\u00e9rieur goiano, Piren\u00f3polis poss\u00e8de beaucoup de beaut\u00e9s naturelles, et enchante ses visiteurs par ses maisons coloniales pr\u00e9serv\u00e9es et des rues en pierre.<\/p>\n<p><span class=\"tsource\">Source: Minist\u00e9rio do turismo<\/span><\/p>\n<h3>Pr\u00e9parez votre voyage au Br\u00e9sil :<\/h3>\n<div><a href=\"https:\/\/www.abc-latina.com\/bresil\/agence_de_voyages\">Agences de voyage g\u00e9n\u00e9ralistes et discounteurs<\/a><\/div>\n<div><a href=\"https:\/\/www.abc-latina.com\/bresil\/tour_operateur\">Tours Op\u00e9rateurs sp\u00e9cialistes du Br\u00e9sil<\/a><\/div>\n<div><a href=\"https:\/\/www.abc-latina.com\/to\/reservation_billet_avion\" target=\"_blank\">R\u00e9servez votre billet d&rsquo;avion<\/a><\/div>\n<div><a href=\"https:\/\/www.abc-latina.com\/bresil\/hotels\">R\u00e9servez votre h\u00f4tel<\/a>&nbsp;<\/div>\n<div><a href=\"https:\/\/www.abc-latina.com\/to\/location_de_voiture_bresil\" target=\"_blank\">Location de voiture<\/a><\/div>\n","protected":false},"excerpt":{"rendered":"<p>Trek, en anglais, veut dire migrer. Et migrer, se d\u00e9placer d&rsquo;un paysage naturel \u00e0 un autre, est l&rsquo;objectif du trekking, [&hellip;]<\/p>\n","protected":false},"author":3,"featured_media":41,"parent":2428,"menu_order":0,"comment_status":"closed","ping_status":"closed","template":"","meta":{"site-sidebar-layout":"default","site-content-layout":"","ast-site-content-layout":"default","site-content-style":"default","site-sidebar-style":"default","ast-global-header-display":"","ast-banner-title-visibility":"","ast-main-header-display":"","ast-hfb-above-header-display":"","ast-hfb-below-header-display":"","ast-hfb-mobile-header-display":"","site-post-title":"","ast-breadcrumbs-content":"","ast-featured-img":"","footer-sml-layout":"","ast-disable-related-posts":"","theme-transparent-header-meta":"","adv-header-id-meta":"","stick-header-meta":"","header-above-stick-meta":"","header-main-stick-meta":"","header-below-stick-meta":"","astra-migrate-meta-layouts":"default","ast-page-background-enabled":"default","ast-page-background-meta":{"desktop":{"background-color":"var(--ast-global-color-5)","background-image":"","background-repeat":"repeat","background-position":"center center","background-size":"auto","background-attachment":"scroll","background-type":"","background-media":"","overlay-type":"","overlay-color":"","overlay-opacity":"","overlay-gradient":""},"tablet":{"background-color":"","background-image":"","background-repeat":"repeat","background-position":"center center","background-size":"auto","background-attachment":"scroll","background-type":"","background-media":"","overlay-type":"","overlay-color":"","overlay-opacity":"","overlay-gradient":""},"mobile":{"background-color":"","background-image":"","background-repeat":"repeat","background-position":"center center","background-size":"auto","background-attachment":"scroll","background-type":"","background-media":"","overlay-type":"","overlay-color":"","overlay-opacity":"","overlay-gradient":""}},"ast-content-background-meta":{"desktop":{"background-color":"var(--ast-global-color-4)","background-image":"","background-repeat":"repeat","background-position":"center center","background-size":"auto","background-attachment":"scroll","background-type":"","background-media":"","overlay-type":"","overlay-color":"","overlay-opacity":"","overlay-gradient":""},"tablet":{"background-color":"var(--ast-global-color-4)","background-image":"","background-repeat":"repeat","background-position":"center center","background-size":"auto","background-attachment":"scroll","background-type":"","background-media":"","overlay-type":"","overlay-color":"","overlay-opacity":"","overlay-gradient":""},"mobile":{"background-color":"var(--ast-global-color-4)","background-image":"","background-repeat":"repeat","background-position":"center center","background-size":"auto","background-attachment":"scroll","background-type":"","background-media":"","overlay-type":"","overlay-color":"","overlay-opacity":"","overlay-gradient":""}},"footnotes":""},"class_list":["post-2329","page","type-page","status-publish","has-post-thumbnail","hentry"],"yoast_head":"<!-- This site is optimized with the Yoast SEO plugin v27.5 - https:\/\/yoast.com\/product\/yoast-seo-wordpress\/ -->\n<title>Le TREKKING au BRESIL - Abc-latina<\/title>\n<meta name=\"description\" content=\"Le tourisme d&#039;aventure et la pratique du trekking au Br\u00e9sil.\" \/>\n<meta name=\"robots\" content=\"index, follow, max-snippet:-1, max-image-preview:large, max-video-preview:-1\" \/>\n<link rel=\"canonical\" href=\"https:\/\/abc-latina.com\/index\/trekking\/\" \/>\n<meta property=\"og:locale\" content=\"fr_FR\" \/>\n<meta property=\"og:type\" content=\"article\" \/>\n<meta property=\"og:title\" content=\"Le TREKKING au BRESIL - Abc-latina\" \/>\n<meta property=\"og:description\" content=\"Le tourisme d&#039;aventure et la pratique du trekking au Br\u00e9sil.\" \/>\n<meta property=\"og:url\" content=\"https:\/\/abc-latina.com\/index\/trekking\/\" \/>\n<meta property=\"og:site_name\" content=\"Abc-latina\" \/>\n<meta property=\"article:modified_time\" content=\"2026-04-30T16:24:53+00:00\" \/>\n<meta property=\"og:image\" content=\"https:\/\/abc-latina.com\/wp-content\/uploads\/2010\/04\/timbre_to.gif\" \/>\n\t<meta property=\"og:image:width\" content=\"125\" \/>\n\t<meta property=\"og:image:height\" content=\"90\" \/>\n\t<meta property=\"og:image:type\" content=\"image\/gif\" \/>\n<meta name=\"twitter:card\" content=\"summary_large_image\" \/>\n<meta name=\"twitter:label1\" content=\"Dur\u00e9e de lecture estim\u00e9e\" \/>\n\t<meta name=\"twitter:data1\" content=\"2 minutes\" \/>\n<script type=\"application\/ld+json\" class=\"yoast-schema-graph\">{\"@context\":\"https:\\\/\\\/schema.org\",\"@graph\":[{\"@type\":\"WebPage\",\"@id\":\"https:\\\/\\\/abc-latina.com\\\/index\\\/trekking\\\/\",\"url\":\"https:\\\/\\\/abc-latina.com\\\/index\\\/trekking\\\/\",\"name\":\"Le TREKKING au BRESIL - Abc-latina\",\"isPartOf\":{\"@id\":\"https:\\\/\\\/abc-latina.com\\\/#website\"},\"primaryImageOfPage\":{\"@id\":\"https:\\\/\\\/abc-latina.com\\\/index\\\/trekking\\\/#primaryimage\"},\"image\":{\"@id\":\"https:\\\/\\\/abc-latina.com\\\/index\\\/trekking\\\/#primaryimage\"},\"thumbnailUrl\":\"https:\\\/\\\/abc-latina.com\\\/wp-content\\\/uploads\\\/2010\\\/04\\\/timbre_to.gif\",\"datePublished\":\"2010-10-10T02:29:19+00:00\",\"dateModified\":\"2026-04-30T16:24:53+00:00\",\"description\":\"Le tourisme d'aventure et la pratique du trekking au Br\u00e9sil.\",\"breadcrumb\":{\"@id\":\"https:\\\/\\\/abc-latina.com\\\/index\\\/trekking\\\/#breadcrumb\"},\"inLanguage\":\"fr-FR\",\"potentialAction\":[{\"@type\":\"ReadAction\",\"target\":[\"https:\\\/\\\/abc-latina.com\\\/index\\\/trekking\\\/\"]}]},{\"@type\":\"ImageObject\",\"inLanguage\":\"fr-FR\",\"@id\":\"https:\\\/\\\/abc-latina.com\\\/index\\\/trekking\\\/#primaryimage\",\"url\":\"https:\\\/\\\/abc-latina.com\\\/wp-content\\\/uploads\\\/2010\\\/04\\\/timbre_to.gif\",\"contentUrl\":\"https:\\\/\\\/abc-latina.com\\\/wp-content\\\/uploads\\\/2010\\\/04\\\/timbre_to.gif\",\"width\":125,\"height\":90},{\"@type\":\"BreadcrumbList\",\"@id\":\"https:\\\/\\\/abc-latina.com\\\/index\\\/trekking\\\/#breadcrumb\",\"itemListElement\":[{\"@type\":\"ListItem\",\"position\":1,\"name\":\"Accueil\",\"item\":\"https:\\\/\\\/abc-latina.com\\\/\"},{\"@type\":\"ListItem\",\"position\":2,\"name\":\"Le TREKKING au BRESIL\"}]},{\"@type\":\"WebSite\",\"@id\":\"https:\\\/\\\/abc-latina.com\\\/#website\",\"url\":\"https:\\\/\\\/abc-latina.com\\\/\",\"name\":\"Abc-latina\",\"description\":\"\",\"publisher\":{\"@id\":\"https:\\\/\\\/abc-latina.com\\\/#organization\"},\"potentialAction\":[{\"@type\":\"SearchAction\",\"target\":{\"@type\":\"EntryPoint\",\"urlTemplate\":\"https:\\\/\\\/abc-latina.com\\\/?s={search_term_string}\"},\"query-input\":{\"@type\":\"PropertyValueSpecification\",\"valueRequired\":true,\"valueName\":\"search_term_string\"}}],\"inLanguage\":\"fr-FR\"},{\"@type\":\"Organization\",\"@id\":\"https:\\\/\\\/abc-latina.com\\\/#organization\",\"name\":\"Abc-latina\",\"url\":\"https:\\\/\\\/abc-latina.com\\\/\",\"logo\":{\"@type\":\"ImageObject\",\"inLanguage\":\"fr-FR\",\"@id\":\"https:\\\/\\\/abc-latina.com\\\/#\\\/schema\\\/logo\\\/image\\\/\",\"url\":\"https:\\\/\\\/abc-latina.com\\\/wp-content\\\/uploads\\\/2026\\\/05\\\/cropped-logo.gif\",\"contentUrl\":\"https:\\\/\\\/abc-latina.com\\\/wp-content\\\/uploads\\\/2026\\\/05\\\/cropped-logo.gif\",\"width\":89,\"height\":84,\"caption\":\"Abc-latina\"},\"image\":{\"@id\":\"https:\\\/\\\/abc-latina.com\\\/#\\\/schema\\\/logo\\\/image\\\/\"}}]}<\/script>\n<!-- \/ Yoast SEO plugin. -->","yoast_head_json":{"title":"Le TREKKING au BRESIL - Abc-latina","description":"Le tourisme d'aventure et la pratique du trekking au Br\u00e9sil.","robots":{"index":"index","follow":"follow","max-snippet":"max-snippet:-1","max-image-preview":"max-image-preview:large","max-video-preview":"max-video-preview:-1"},"canonical":"https:\/\/abc-latina.com\/index\/trekking\/","og_locale":"fr_FR","og_type":"article","og_title":"Le TREKKING au BRESIL - Abc-latina","og_description":"Le tourisme d'aventure et la pratique du trekking au Br\u00e9sil.","og_url":"https:\/\/abc-latina.com\/index\/trekking\/","og_site_name":"Abc-latina","article_modified_time":"2026-04-30T16:24:53+00:00","og_image":[{"width":125,"height":90,"url":"https:\/\/abc-latina.com\/wp-content\/uploads\/2010\/04\/timbre_to.gif","type":"image\/gif"}],"twitter_card":"summary_large_image","twitter_misc":{"Dur\u00e9e de lecture estim\u00e9e":"2 minutes"},"schema":{"@context":"https:\/\/schema.org","@graph":[{"@type":"WebPage","@id":"https:\/\/abc-latina.com\/index\/trekking\/","url":"https:\/\/abc-latina.com\/index\/trekking\/","name":"Le TREKKING au BRESIL - Abc-latina","isPartOf":{"@id":"https:\/\/abc-latina.com\/#website"},"primaryImageOfPage":{"@id":"https:\/\/abc-latina.com\/index\/trekking\/#primaryimage"},"image":{"@id":"https:\/\/abc-latina.com\/index\/trekking\/#primaryimage"},"thumbnailUrl":"https:\/\/abc-latina.com\/wp-content\/uploads\/2010\/04\/timbre_to.gif","datePublished":"2010-10-10T02:29:19+00:00","dateModified":"2026-04-30T16:24:53+00:00","description":"Le tourisme d'aventure et la pratique du trekking au Br\u00e9sil.","breadcrumb":{"@id":"https:\/\/abc-latina.com\/index\/trekking\/#breadcrumb"},"inLanguage":"fr-FR","potentialAction":[{"@type":"ReadAction","target":["https:\/\/abc-latina.com\/index\/trekking\/"]}]},{"@type":"ImageObject","inLanguage":"fr-FR","@id":"https:\/\/abc-latina.com\/index\/trekking\/#primaryimage","url":"https:\/\/abc-latina.com\/wp-content\/uploads\/2010\/04\/timbre_to.gif","contentUrl":"https:\/\/abc-latina.com\/wp-content\/uploads\/2010\/04\/timbre_to.gif","width":125,"height":90},{"@type":"BreadcrumbList","@id":"https:\/\/abc-latina.com\/index\/trekking\/#breadcrumb","itemListElement":[{"@type":"ListItem","position":1,"name":"Accueil","item":"https:\/\/abc-latina.com\/"},{"@type":"ListItem","position":2,"name":"Le TREKKING au BRESIL"}]},{"@type":"WebSite","@id":"https:\/\/abc-latina.com\/#website","url":"https:\/\/abc-latina.com\/","name":"Abc-latina","description":"","publisher":{"@id":"https:\/\/abc-latina.com\/#organization"},"potentialAction":[{"@type":"SearchAction","target":{"@type":"EntryPoint","urlTemplate":"https:\/\/abc-latina.com\/?s={search_term_string}"},"query-input":{"@type":"PropertyValueSpecification","valueRequired":true,"valueName":"search_term_string"}}],"inLanguage":"fr-FR"},{"@type":"Organization","@id":"https:\/\/abc-latina.com\/#organization","name":"Abc-latina","url":"https:\/\/abc-latina.com\/","logo":{"@type":"ImageObject","inLanguage":"fr-FR","@id":"https:\/\/abc-latina.com\/#\/schema\/logo\/image\/","url":"https:\/\/abc-latina.com\/wp-content\/uploads\/2026\/05\/cropped-logo.gif","contentUrl":"https:\/\/abc-latina.com\/wp-content\/uploads\/2026\/05\/cropped-logo.gif","width":89,"height":84,"caption":"Abc-latina"},"image":{"@id":"https:\/\/abc-latina.com\/#\/schema\/logo\/image\/"}}]}},"_links":{"self":[{"href":"https:\/\/abc-latina.com\/wp-json\/wp\/v2\/pages\/2329","targetHints":{"allow":["GET"]}}],"collection":[{"href":"https:\/\/abc-latina.com\/wp-json\/wp\/v2\/pages"}],"about":[{"href":"https:\/\/abc-latina.com\/wp-json\/wp\/v2\/types\/page"}],"author":[{"embeddable":true,"href":"https:\/\/abc-latina.com\/wp-json\/wp\/v2\/users\/3"}],"replies":[{"embeddable":true,"href":"https:\/\/abc-latina.com\/wp-json\/wp\/v2\/comments?post=2329"}],"version-history":[{"count":1,"href":"https:\/\/abc-latina.com\/wp-json\/wp\/v2\/pages\/2329\/revisions"}],"predecessor-version":[{"id":3219,"href":"https:\/\/abc-latina.com\/wp-json\/wp\/v2\/pages\/2329\/revisions\/3219"}],"up":[{"embeddable":true,"href":"https:\/\/abc-latina.com\/wp-json\/wp\/v2\/pages\/2428"}],"wp:featuredmedia":[{"embeddable":true,"href":"https:\/\/abc-latina.com\/wp-json\/wp\/v2\/media\/41"}],"wp:attachment":[{"href":"https:\/\/abc-latina.com\/wp-json\/wp\/v2\/media?parent=2329"}],"curies":[{"name":"wp","href":"https:\/\/api.w.org\/{rel}","templated":true}]}}