{"id":2331,"date":"2010-10-10T04:32:25","date_gmt":"2010-10-10T02:32:25","guid":{"rendered":"http:\/\/abc-latina.com\/vol_libre-htm-2\/"},"modified":"2026-04-30T18:24:53","modified_gmt":"2026-04-30T16:24:53","slug":"vol_libre","status":"publish","type":"page","link":"https:\/\/abc-latina.com\/index\/vol_libre\/","title":{"rendered":"Le VOL LIBRE au BRESIL"},"content":{"rendered":"<div><img loading=\"lazy\" decoding=\"async\" class=\" alignright size-full wp-image-2330\" src=\"http:\/\/abc-latina.com\/wp-content\/uploads\/2010\/10\/vol-libre.jpg\" title=\"VOL LIBRE au BRESIL\" alt=\"\" width=\"220\" vspace=\"9\" hspace=\"15\" height=\"220\" align=\"right\" srcset=\"https:\/\/abc-latina.com\/wp-content\/uploads\/2010\/10\/vol-libre.jpg 220w, https:\/\/abc-latina.com\/wp-content\/uploads\/2010\/10\/vol-libre-150x150.jpg 150w\" sizes=\"auto, (max-width: 220px) 100vw, 220px\" \/>Le <span class=\"tourisme-chapitre\">vol libre<\/span> est apparu au <span class=\"tourisme-chapitre\">Br\u00e9sil<\/span> en 1974, \u00e0 <a href=\"https:\/\/www.abc-latina.com\/bresil\/rio_de_janeiro\">Rio de Janeiro<\/a>. Pedra Bonita, le site de r\u00e9f\u00e9rence pour les adeptes du vol libre, fut la premi\u00e8re rampe de d\u00e9collage du pays. Et c&rsquo;est tout naturellement que gr\u00e2ce aux excellentes conditions climatiques et au relief, le nombre de rampes s&rsquo;est fortement d\u00e9velopp\u00e9.<\/p>\n<div>&nbsp;<\/div>\n<div>Actuellement on trouve plus de 180 lieux pour s&rsquo;adonner \u00e0 la pratique du vol libre en deltaplane et parapente au Br\u00e9sil.&nbsp;<\/div>\n<div>&nbsp;<\/div>\n<div><strong>Dans la R\u00e9gion Sud<\/strong><\/div>\n<div>Les trois Etats (Paran\u00e1 &#8211; Rio Grande do Sul &#8211; Santa Catarina) proposent de bons sites de d\u00e9collage, avec une pr\u00e9dilection pour la ville de <a href=\"https:\/\/www.abc-latina.com\/bresil\/voyage\/florianopolis\">Florian\u00f3polis<\/a>, dans le Santa Catarina.<\/div>\n<div>&nbsp;<\/div>\n<div><strong>Dans le Sud-est<\/strong><\/div>\n<div>Dans les Etats de S\u00e3o Paulo, Rio de Janeiro, Esp\u00edrito Santo et Minas Gerais, qui a comme point principal la ville de Governador Valadares.<\/div>\n<div>&nbsp;<\/div>\n<div>\n<p><a style=\"text-decoration: none;\" target=\"_blank\" href=\"..\/tour_operateur\"><img loading=\"lazy\" decoding=\"async\" class=\" size-full wp-image-41\" src=\"http:\/\/abc-latina.com\/wp-content\/uploads\/2010\/04\/timbre_to.gif\" class=\"touroperateur\" alt=\"\" width=\"125\" height=\"90\" \/><\/a><\/p>\n<p><strong>Dans le Nordeste<\/strong><\/div>\n<div>Les \u00c9tats qui s&rsquo;illustrent sont Bahia, Pernambuco, Para\u00edba, Rio Grande do&nbsp;<\/div>\n<div>Norte et le Cear\u00e1, avec les villes de Quixad\u00e1 et Sobral,&nbsp;<\/div>\n<div>&nbsp;<\/div>\n<div><strong>Au nord<\/strong><\/div>\n<div>Les Etats de Rond\u00f4nia et Tocantins. Et dans le c\u0153ur du Br\u00e9sil, Mato Grosso, Goi\u00e1s o\u00f9 Formosa offre des vents propices et un ciel azur. Et <a href=\"https:\/\/www.abc-latina.com\/bresil\/brasilia\">Bras\u00edlia<\/a>, qui a d\u00e9j\u00e0 \u00e9t\u00e9 le si\u00e8ge d&rsquo;une des \u00e9tapes du Championnat Mondial de Vol Libre, en 2004.&nbsp;<\/div>\n<div>&nbsp;<\/div>\n<div><a href=\"https:\/\/www.abc-latina.com\/amerique_latine\/tourisme_sportif\/vol_libre.php\" target=\"_blank\">O\u00f9 pratiquer le vol libre en Am\u00e9rique latine ?<\/a><\/div>\n<div>&nbsp;<\/div>\n<h3>Pr\u00e9parez votre voyage au Br\u00e9sil :<\/h3>\n<div>\n<div><a href=\"https:\/\/www.abc-latina.com\/bresil\/agence_de_voyages\">Agences de voyage g\u00e9n\u00e9ralistes et discounteurs<\/a><\/div>\n<div><a href=\"https:\/\/www.abc-latina.com\/bresil\/tour_operateur\">Tours Op\u00e9rateurs sp\u00e9cialistes du Br\u00e9sil<\/a><\/div>\n<div><a target=\"_blank\" href=\"https:\/\/www.abc-latina.com\/to\/reservation_billet_avion\">R\u00e9servez votre billet d&rsquo;avion<\/a><\/div>\n<div><a href=\"https:\/\/www.abc-latina.com\/bresil\/hotels\">R\u00e9servez votre h\u00f4tel<\/a>&nbsp;<\/div>\n<div><a target=\"_blank\" href=\"https:\/\/www.abc-latina.com\/to\/location_de_voiture_bresil\">Location de voiture<\/a><\/div>\n<div>&nbsp;<\/div>\n<div>&nbsp;<\/div>\n<\/div>\n<\/div>\n","protected":false},"excerpt":{"rendered":"<p>Le vol libre est apparu au Br\u00e9sil en 1974, \u00e0 Rio de Janeiro. Pedra Bonita, le site de r\u00e9f\u00e9rence pour [&hellip;]<\/p>\n","protected":false},"author":3,"featured_media":2330,"parent":2428,"menu_order":0,"comment_status":"closed","ping_status":"closed","template":"","meta":{"site-sidebar-layout":"default","site-content-layout":"","ast-site-content-layout":"default","site-content-style":"default","site-sidebar-style":"default","ast-global-header-display":"","ast-banner-title-visibility":"","ast-main-header-display":"","ast-hfb-above-header-display":"","ast-hfb-below-header-display":"","ast-hfb-mobile-header-display":"","site-post-title":"","ast-breadcrumbs-content":"","ast-featured-img":"","footer-sml-layout":"","ast-disable-related-posts":"","theme-transparent-header-meta":"","adv-header-id-meta":"","stick-header-meta":"","header-above-stick-meta":"","header-main-stick-meta":"","header-below-stick-meta":"","astra-migrate-meta-layouts":"default","ast-page-background-enabled":"default","ast-page-background-meta":{"desktop":{"background-color":"var(--ast-global-color-5)","background-image":"","background-repeat":"repeat","background-position":"center center","background-size":"auto","background-attachment":"scroll","background-type":"","background-media":"","overlay-type":"","overlay-color":"","overlay-opacity":"","overlay-gradient":""},"tablet":{"background-color":"","background-image":"","background-repeat":"repeat","background-position":"center center","background-size":"auto","background-attachment":"scroll","background-type":"","background-media":"","overlay-type":"","overlay-color":"","overlay-opacity":"","overlay-gradient":""},"mobile":{"background-color":"","background-image":"","background-repeat":"repeat","background-position":"center center","background-size":"auto","background-attachment":"scroll","background-type":"","background-media":"","overlay-type":"","overlay-color":"","overlay-opacity":"","overlay-gradient":""}},"ast-content-background-meta":{"desktop":{"background-color":"var(--ast-global-color-4)","background-image":"","background-repeat":"repeat","background-position":"center center","background-size":"auto","background-attachment":"scroll","background-type":"","background-media":"","overlay-type":"","overlay-color":"","overlay-opacity":"","overlay-gradient":""},"tablet":{"background-color":"var(--ast-global-color-4)","background-image":"","background-repeat":"repeat","background-position":"center center","background-size":"auto","background-attachment":"scroll","background-type":"","background-media":"","overlay-type":"","overlay-color":"","overlay-opacity":"","overlay-gradient":""},"mobile":{"background-color":"var(--ast-global-color-4)","background-image":"","background-repeat":"repeat","background-position":"center center","background-size":"auto","background-attachment":"scroll","background-type":"","background-media":"","overlay-type":"","overlay-color":"","overlay-opacity":"","overlay-gradient":""}},"footnotes":""},"class_list":["post-2331","page","type-page","status-publish","has-post-thumbnail","hentry"],"yoast_head":"<!-- This site is optimized with the Yoast SEO plugin v27.5 - https:\/\/yoast.com\/product\/yoast-seo-wordpress\/ -->\n<title>Le VOL LIBRE au BRESIL - Abc-latina<\/title>\n<meta name=\"description\" content=\"Le tourisme d&#039;aventure et la pratique du delta plane et parapente au Br\u00e9sil.\" \/>\n<meta name=\"robots\" content=\"index, follow, max-snippet:-1, max-image-preview:large, max-video-preview:-1\" \/>\n<link rel=\"canonical\" href=\"https:\/\/abc-latina.com\/index\/vol_libre\/\" \/>\n<meta property=\"og:locale\" content=\"fr_FR\" \/>\n<meta property=\"og:type\" content=\"article\" \/>\n<meta property=\"og:title\" content=\"Le VOL LIBRE au BRESIL - Abc-latina\" \/>\n<meta property=\"og:description\" content=\"Le tourisme d&#039;aventure et la pratique du delta plane et parapente au Br\u00e9sil.\" \/>\n<meta property=\"og:url\" content=\"https:\/\/abc-latina.com\/index\/vol_libre\/\" \/>\n<meta property=\"og:site_name\" content=\"Abc-latina\" \/>\n<meta property=\"article:modified_time\" content=\"2026-04-30T16:24:53+00:00\" \/>\n<meta property=\"og:image\" content=\"https:\/\/abc-latina.com\/wp-content\/uploads\/2010\/10\/vol-libre.jpg\" \/>\n\t<meta property=\"og:image:width\" content=\"220\" \/>\n\t<meta property=\"og:image:height\" content=\"220\" \/>\n\t<meta property=\"og:image:type\" content=\"image\/jpeg\" \/>\n<meta name=\"twitter:card\" content=\"summary_large_image\" \/>\n<meta name=\"twitter:label1\" content=\"Dur\u00e9e de lecture estim\u00e9e\" \/>\n\t<meta name=\"twitter:data1\" content=\"1 minute\" \/>\n<script type=\"application\/ld+json\" class=\"yoast-schema-graph\">{\"@context\":\"https:\\\/\\\/schema.org\",\"@graph\":[{\"@type\":\"WebPage\",\"@id\":\"https:\\\/\\\/abc-latina.com\\\/index\\\/vol_libre\\\/\",\"url\":\"https:\\\/\\\/abc-latina.com\\\/index\\\/vol_libre\\\/\",\"name\":\"Le VOL LIBRE au BRESIL - Abc-latina\",\"isPartOf\":{\"@id\":\"https:\\\/\\\/abc-latina.com\\\/#website\"},\"primaryImageOfPage\":{\"@id\":\"https:\\\/\\\/abc-latina.com\\\/index\\\/vol_libre\\\/#primaryimage\"},\"image\":{\"@id\":\"https:\\\/\\\/abc-latina.com\\\/index\\\/vol_libre\\\/#primaryimage\"},\"thumbnailUrl\":\"https:\\\/\\\/abc-latina.com\\\/wp-content\\\/uploads\\\/2010\\\/10\\\/vol-libre.jpg\",\"datePublished\":\"2010-10-10T02:32:25+00:00\",\"dateModified\":\"2026-04-30T16:24:53+00:00\",\"description\":\"Le tourisme d'aventure et la pratique du delta plane et parapente au Br\u00e9sil.\",\"breadcrumb\":{\"@id\":\"https:\\\/\\\/abc-latina.com\\\/index\\\/vol_libre\\\/#breadcrumb\"},\"inLanguage\":\"fr-FR\",\"potentialAction\":[{\"@type\":\"ReadAction\",\"target\":[\"https:\\\/\\\/abc-latina.com\\\/index\\\/vol_libre\\\/\"]}]},{\"@type\":\"ImageObject\",\"inLanguage\":\"fr-FR\",\"@id\":\"https:\\\/\\\/abc-latina.com\\\/index\\\/vol_libre\\\/#primaryimage\",\"url\":\"https:\\\/\\\/abc-latina.com\\\/wp-content\\\/uploads\\\/2010\\\/10\\\/vol-libre.jpg\",\"contentUrl\":\"https:\\\/\\\/abc-latina.com\\\/wp-content\\\/uploads\\\/2010\\\/10\\\/vol-libre.jpg\",\"width\":220,\"height\":220,\"caption\":\"VOL LIBRE au BRESIL\"},{\"@type\":\"BreadcrumbList\",\"@id\":\"https:\\\/\\\/abc-latina.com\\\/index\\\/vol_libre\\\/#breadcrumb\",\"itemListElement\":[{\"@type\":\"ListItem\",\"position\":1,\"name\":\"Accueil\",\"item\":\"https:\\\/\\\/abc-latina.com\\\/\"},{\"@type\":\"ListItem\",\"position\":2,\"name\":\"Le VOL LIBRE au BRESIL\"}]},{\"@type\":\"WebSite\",\"@id\":\"https:\\\/\\\/abc-latina.com\\\/#website\",\"url\":\"https:\\\/\\\/abc-latina.com\\\/\",\"name\":\"Abc-latina\",\"description\":\"\",\"publisher\":{\"@id\":\"https:\\\/\\\/abc-latina.com\\\/#organization\"},\"potentialAction\":[{\"@type\":\"SearchAction\",\"target\":{\"@type\":\"EntryPoint\",\"urlTemplate\":\"https:\\\/\\\/abc-latina.com\\\/?s={search_term_string}\"},\"query-input\":{\"@type\":\"PropertyValueSpecification\",\"valueRequired\":true,\"valueName\":\"search_term_string\"}}],\"inLanguage\":\"fr-FR\"},{\"@type\":\"Organization\",\"@id\":\"https:\\\/\\\/abc-latina.com\\\/#organization\",\"name\":\"Abc-latina\",\"url\":\"https:\\\/\\\/abc-latina.com\\\/\",\"logo\":{\"@type\":\"ImageObject\",\"inLanguage\":\"fr-FR\",\"@id\":\"https:\\\/\\\/abc-latina.com\\\/#\\\/schema\\\/logo\\\/image\\\/\",\"url\":\"https:\\\/\\\/abc-latina.com\\\/wp-content\\\/uploads\\\/2026\\\/05\\\/cropped-logo.gif\",\"contentUrl\":\"https:\\\/\\\/abc-latina.com\\\/wp-content\\\/uploads\\\/2026\\\/05\\\/cropped-logo.gif\",\"width\":89,\"height\":84,\"caption\":\"Abc-latina\"},\"image\":{\"@id\":\"https:\\\/\\\/abc-latina.com\\\/#\\\/schema\\\/logo\\\/image\\\/\"}}]}<\/script>\n<!-- \/ Yoast SEO plugin. -->","yoast_head_json":{"title":"Le VOL LIBRE au BRESIL - Abc-latina","description":"Le tourisme d'aventure et la pratique du delta plane et parapente au Br\u00e9sil.","robots":{"index":"index","follow":"follow","max-snippet":"max-snippet:-1","max-image-preview":"max-image-preview:large","max-video-preview":"max-video-preview:-1"},"canonical":"https:\/\/abc-latina.com\/index\/vol_libre\/","og_locale":"fr_FR","og_type":"article","og_title":"Le VOL LIBRE au BRESIL - Abc-latina","og_description":"Le tourisme d'aventure et la pratique du delta plane et parapente au Br\u00e9sil.","og_url":"https:\/\/abc-latina.com\/index\/vol_libre\/","og_site_name":"Abc-latina","article_modified_time":"2026-04-30T16:24:53+00:00","og_image":[{"width":220,"height":220,"url":"https:\/\/abc-latina.com\/wp-content\/uploads\/2010\/10\/vol-libre.jpg","type":"image\/jpeg"}],"twitter_card":"summary_large_image","twitter_misc":{"Dur\u00e9e de lecture estim\u00e9e":"1 minute"},"schema":{"@context":"https:\/\/schema.org","@graph":[{"@type":"WebPage","@id":"https:\/\/abc-latina.com\/index\/vol_libre\/","url":"https:\/\/abc-latina.com\/index\/vol_libre\/","name":"Le VOL LIBRE au BRESIL - Abc-latina","isPartOf":{"@id":"https:\/\/abc-latina.com\/#website"},"primaryImageOfPage":{"@id":"https:\/\/abc-latina.com\/index\/vol_libre\/#primaryimage"},"image":{"@id":"https:\/\/abc-latina.com\/index\/vol_libre\/#primaryimage"},"thumbnailUrl":"https:\/\/abc-latina.com\/wp-content\/uploads\/2010\/10\/vol-libre.jpg","datePublished":"2010-10-10T02:32:25+00:00","dateModified":"2026-04-30T16:24:53+00:00","description":"Le tourisme d'aventure et la pratique du delta plane et parapente au Br\u00e9sil.","breadcrumb":{"@id":"https:\/\/abc-latina.com\/index\/vol_libre\/#breadcrumb"},"inLanguage":"fr-FR","potentialAction":[{"@type":"ReadAction","target":["https:\/\/abc-latina.com\/index\/vol_libre\/"]}]},{"@type":"ImageObject","inLanguage":"fr-FR","@id":"https:\/\/abc-latina.com\/index\/vol_libre\/#primaryimage","url":"https:\/\/abc-latina.com\/wp-content\/uploads\/2010\/10\/vol-libre.jpg","contentUrl":"https:\/\/abc-latina.com\/wp-content\/uploads\/2010\/10\/vol-libre.jpg","width":220,"height":220,"caption":"VOL LIBRE au BRESIL"},{"@type":"BreadcrumbList","@id":"https:\/\/abc-latina.com\/index\/vol_libre\/#breadcrumb","itemListElement":[{"@type":"ListItem","position":1,"name":"Accueil","item":"https:\/\/abc-latina.com\/"},{"@type":"ListItem","position":2,"name":"Le VOL LIBRE au BRESIL"}]},{"@type":"WebSite","@id":"https:\/\/abc-latina.com\/#website","url":"https:\/\/abc-latina.com\/","name":"Abc-latina","description":"","publisher":{"@id":"https:\/\/abc-latina.com\/#organization"},"potentialAction":[{"@type":"SearchAction","target":{"@type":"EntryPoint","urlTemplate":"https:\/\/abc-latina.com\/?s={search_term_string}"},"query-input":{"@type":"PropertyValueSpecification","valueRequired":true,"valueName":"search_term_string"}}],"inLanguage":"fr-FR"},{"@type":"Organization","@id":"https:\/\/abc-latina.com\/#organization","name":"Abc-latina","url":"https:\/\/abc-latina.com\/","logo":{"@type":"ImageObject","inLanguage":"fr-FR","@id":"https:\/\/abc-latina.com\/#\/schema\/logo\/image\/","url":"https:\/\/abc-latina.com\/wp-content\/uploads\/2026\/05\/cropped-logo.gif","contentUrl":"https:\/\/abc-latina.com\/wp-content\/uploads\/2026\/05\/cropped-logo.gif","width":89,"height":84,"caption":"Abc-latina"},"image":{"@id":"https:\/\/abc-latina.com\/#\/schema\/logo\/image\/"}}]}},"_links":{"self":[{"href":"https:\/\/abc-latina.com\/wp-json\/wp\/v2\/pages\/2331","targetHints":{"allow":["GET"]}}],"collection":[{"href":"https:\/\/abc-latina.com\/wp-json\/wp\/v2\/pages"}],"about":[{"href":"https:\/\/abc-latina.com\/wp-json\/wp\/v2\/types\/page"}],"author":[{"embeddable":true,"href":"https:\/\/abc-latina.com\/wp-json\/wp\/v2\/users\/3"}],"replies":[{"embeddable":true,"href":"https:\/\/abc-latina.com\/wp-json\/wp\/v2\/comments?post=2331"}],"version-history":[{"count":1,"href":"https:\/\/abc-latina.com\/wp-json\/wp\/v2\/pages\/2331\/revisions"}],"predecessor-version":[{"id":3220,"href":"https:\/\/abc-latina.com\/wp-json\/wp\/v2\/pages\/2331\/revisions\/3220"}],"up":[{"embeddable":true,"href":"https:\/\/abc-latina.com\/wp-json\/wp\/v2\/pages\/2428"}],"wp:featuredmedia":[{"embeddable":true,"href":"https:\/\/abc-latina.com\/wp-json\/wp\/v2\/media\/2330"}],"wp:attachment":[{"href":"https:\/\/abc-latina.com\/wp-json\/wp\/v2\/media?parent=2331"}],"curies":[{"name":"wp","href":"https:\/\/api.w.org\/{rel}","templated":true}]}}