{"id":2334,"date":"2010-10-10T04:59:22","date_gmt":"2010-10-10T02:59:22","guid":{"rendered":"http:\/\/abc-latina.com\/plan_civilisations-htm\/"},"modified":"2026-04-30T18:24:57","modified_gmt":"2026-04-30T16:24:57","slug":"plan_civilisations","status":"publish","type":"page","link":"https:\/\/abc-latina.com\/civilisations\/plan_civilisations\/","title":{"rendered":"PLAN DU SITE &#8211; ABC-LATINA &#8211; CIVILISATIONS"},"content":{"rendered":"<ul>\n<li><a href=\"azteque\">Azteque<\/a><br \/><a href=\"videos\/videos-azteques.php\">vid\u00e9os<\/a><br \/><a href=\"moctezuma-2.php\">L&#8217;empereur Moctezuma2<\/a><br \/><a href=\"carte-empire-azteque-1.php\">carte de l&#8217;empire azteque<\/a><\/li>\n<li><a href=\"maya\">Maya<\/a><br \/><a href=\"videos\/videos-mayas.php\">vid\u00e9os<\/a><br \/><a href=\"codex_maya.php\">codex maya<\/a><br \/>&nbsp; &nbsp; <a href=\"photos\/photos-codex-mayas.php\">photos codex<\/a><br \/><a href=\"carte-empire-maya-1.php\">carte de l&#8217;empire maya<\/a><\/li>\n<li><a href=\"Inca\">Inca<\/a><br \/><a href=\"videos\/videos-incas.php\">vid\u00e9os<\/a><br \/><a href=\"quipus.php\">quipu<\/a><br \/>&nbsp; &nbsp; <a href=\"photos\/photos-quipus-incas.php\">photos quipu<\/a><br \/><a href=\"inca_viracocha.php\">L&rsquo;Inca Viracocha<\/a><br \/><a href=\"inca_viracocha.php\">L&rsquo;Inca Yahuar Huacac<\/a><br \/><a href=\"carte-empire-inca-1.php\">carte de l&#8217;empire inca<\/a><\/li>\n<li><a href=\"calima.php\">Calima<\/a><\/li>\n<li><a href=\"chachapoyas\">Chachapoyas<\/a><\/li>\n<li><a href=\"chavin\">Chavin<\/a><\/li>\n<li><a href=\"chichimeque\">Chichim\u00e8que<\/a><\/li>\n<li><a href=\"chimu\">Chimu<\/a><\/li>\n<li><a href=\"malagana.php\">Malagana<\/a><\/li>\n<li><a href=\"mochica\">Mochica<\/a><\/li>\n<li><a href=\"mogollon.php\">Mogollon<\/a><\/li>\n<li><a href=\"muisca.php\">Muisca<\/a><\/li>\n<li><a href=\"nazca\">Nazca<\/a><\/li>\n<li><a href=\"olmeque\">Olm\u00e8que<\/a><\/li>\n<li><a href=\"paracas\">Paracas<\/a><\/li>\n<li><a href=\"quimbaya.php\">Quimbaya<\/a><\/li>\n<li><a href=\"san_agustin.php\">San Agustin<\/a><\/li>\n<li><a href=\"sinu.php\">Sinu<\/a><\/li>\n<li><a href=\"tairona.php\">Tairona<\/a><\/li>\n<li><a href=\"tarasques.php\">Tarasque<\/a><\/li>\n<li><a href=\"tierradentro.php\">Tierradentro<\/a><\/li>\n<li><a href=\"tiwanaku\">Tiwanaku<\/a><\/li>\n<li><a href=\"tolteque.php\">Tolt\u00e8que<\/a><\/li>\n<li><a href=\"totonaque.php\">Totonaque<\/a><\/li>\n<li><a href=\"tumaco.php\">Tumaco<\/a><\/li>\n<li><a href=\"zapoteque.php\">Zapot\u00e8que<\/a><\/li>\n<li><a href=\"photos\/\">Toutes les photos<\/a><\/li>\n<li><a href=\"videos\/\">Toutes les vid\u00e9os<\/a><\/li>\n<li><a href=\"https:\/\/www.abc-latina.com\/civilisations\/peuples-indiens.php\">Les peuples am\u00e9rindiens<\/a><\/li>\n<\/ul>\n","protected":false},"excerpt":{"rendered":"<p>Aztequevid\u00e9osL&#8217;empereur Moctezuma2carte de l&#8217;empire azteque Mayavid\u00e9oscodex maya&nbsp; &nbsp; photos codexcarte de l&#8217;empire maya Incavid\u00e9osquipu&nbsp; &nbsp; photos quipuL&rsquo;Inca ViracochaL&rsquo;Inca Yahuar Huacaccarte [&hellip;]<\/p>\n","protected":false},"author":3,"featured_media":0,"parent":1971,"menu_order":0,"comment_status":"closed","ping_status":"closed","template":"","meta":{"site-sidebar-layout":"default","site-content-layout":"","ast-site-content-layout":"default","site-content-style":"default","site-sidebar-style":"default","ast-global-header-display":"","ast-banner-title-visibility":"","ast-main-header-display":"","ast-hfb-above-header-display":"","ast-hfb-below-header-display":"","ast-hfb-mobile-header-display":"","site-post-title":"","ast-breadcrumbs-content":"","ast-featured-img":"","footer-sml-layout":"","ast-disable-related-posts":"","theme-transparent-header-meta":"","adv-header-id-meta":"","stick-header-meta":"","header-above-stick-meta":"","header-main-stick-meta":"","header-below-stick-meta":"","astra-migrate-meta-layouts":"default","ast-page-background-enabled":"default","ast-page-background-meta":{"desktop":{"background-color":"var(--ast-global-color-5)","background-image":"","background-repeat":"repeat","background-position":"center center","background-size":"auto","background-attachment":"scroll","background-type":"","background-media":"","overlay-type":"","overlay-color":"","overlay-opacity":"","overlay-gradient":""},"tablet":{"background-color":"","background-image":"","background-repeat":"repeat","background-position":"center center","background-size":"auto","background-attachment":"scroll","background-type":"","background-media":"","overlay-type":"","overlay-color":"","overlay-opacity":"","overlay-gradient":""},"mobile":{"background-color":"","background-image":"","background-repeat":"repeat","background-position":"center center","background-size":"auto","background-attachment":"scroll","background-type":"","background-media":"","overlay-type":"","overlay-color":"","overlay-opacity":"","overlay-gradient":""}},"ast-content-background-meta":{"desktop":{"background-color":"var(--ast-global-color-4)","background-image":"","background-repeat":"repeat","background-position":"center center","background-size":"auto","background-attachment":"scroll","background-type":"","background-media":"","overlay-type":"","overlay-color":"","overlay-opacity":"","overlay-gradient":""},"tablet":{"background-color":"var(--ast-global-color-4)","background-image":"","background-repeat":"repeat","background-position":"center center","background-size":"auto","background-attachment":"scroll","background-type":"","background-media":"","overlay-type":"","overlay-color":"","overlay-opacity":"","overlay-gradient":""},"mobile":{"background-color":"var(--ast-global-color-4)","background-image":"","background-repeat":"repeat","background-position":"center center","background-size":"auto","background-attachment":"scroll","background-type":"","background-media":"","overlay-type":"","overlay-color":"","overlay-opacity":"","overlay-gradient":""}},"footnotes":""},"class_list":["post-2334","page","type-page","status-publish","hentry"],"yoast_head":"<!-- This site is optimized with the Yoast SEO plugin v27.5 - https:\/\/yoast.com\/product\/yoast-seo-wordpress\/ -->\n<title>PLAN DU SITE - ABC-LATINA - CIVILISATIONS - Abc-latina<\/title>\n<meta name=\"description\" content=\"Plan du site: chapitre CIVILISATIONS.\" \/>\n<meta name=\"robots\" content=\"index, follow, max-snippet:-1, max-image-preview:large, max-video-preview:-1\" \/>\n<link rel=\"canonical\" href=\"https:\/\/abc-latina.com\/civilisations\/plan_civilisations\/\" \/>\n<meta property=\"og:locale\" content=\"fr_FR\" \/>\n<meta property=\"og:type\" content=\"article\" \/>\n<meta property=\"og:title\" content=\"PLAN DU SITE - ABC-LATINA - CIVILISATIONS - Abc-latina\" \/>\n<meta property=\"og:description\" content=\"Plan du site: chapitre CIVILISATIONS.\" \/>\n<meta property=\"og:url\" content=\"https:\/\/abc-latina.com\/civilisations\/plan_civilisations\/\" \/>\n<meta property=\"og:site_name\" content=\"Abc-latina\" \/>\n<meta property=\"article:modified_time\" content=\"2026-04-30T16:24:57+00:00\" \/>\n<meta name=\"twitter:card\" content=\"summary_large_image\" \/>\n<script type=\"application\/ld+json\" class=\"yoast-schema-graph\">{\"@context\":\"https:\\\/\\\/schema.org\",\"@graph\":[{\"@type\":\"WebPage\",\"@id\":\"https:\\\/\\\/abc-latina.com\\\/civilisations\\\/plan_civilisations\\\/\",\"url\":\"https:\\\/\\\/abc-latina.com\\\/civilisations\\\/plan_civilisations\\\/\",\"name\":\"PLAN DU SITE - ABC-LATINA - CIVILISATIONS - Abc-latina\",\"isPartOf\":{\"@id\":\"https:\\\/\\\/abc-latina.com\\\/#website\"},\"datePublished\":\"2010-10-10T02:59:22+00:00\",\"dateModified\":\"2026-04-30T16:24:57+00:00\",\"description\":\"Plan du site: chapitre CIVILISATIONS.\",\"breadcrumb\":{\"@id\":\"https:\\\/\\\/abc-latina.com\\\/civilisations\\\/plan_civilisations\\\/#breadcrumb\"},\"inLanguage\":\"fr-FR\",\"potentialAction\":[{\"@type\":\"ReadAction\",\"target\":[\"https:\\\/\\\/abc-latina.com\\\/civilisations\\\/plan_civilisations\\\/\"]}]},{\"@type\":\"BreadcrumbList\",\"@id\":\"https:\\\/\\\/abc-latina.com\\\/civilisations\\\/plan_civilisations\\\/#breadcrumb\",\"itemListElement\":[{\"@type\":\"ListItem\",\"position\":1,\"name\":\"Accueil\",\"item\":\"https:\\\/\\\/abc-latina.com\\\/\"},{\"@type\":\"ListItem\",\"position\":2,\"name\":\"PLAN DU SITE &#8211; ABC-LATINA &#8211; CIVILISATIONS\"}]},{\"@type\":\"WebSite\",\"@id\":\"https:\\\/\\\/abc-latina.com\\\/#website\",\"url\":\"https:\\\/\\\/abc-latina.com\\\/\",\"name\":\"Abc-latina\",\"description\":\"\",\"publisher\":{\"@id\":\"https:\\\/\\\/abc-latina.com\\\/#organization\"},\"potentialAction\":[{\"@type\":\"SearchAction\",\"target\":{\"@type\":\"EntryPoint\",\"urlTemplate\":\"https:\\\/\\\/abc-latina.com\\\/?s={search_term_string}\"},\"query-input\":{\"@type\":\"PropertyValueSpecification\",\"valueRequired\":true,\"valueName\":\"search_term_string\"}}],\"inLanguage\":\"fr-FR\"},{\"@type\":\"Organization\",\"@id\":\"https:\\\/\\\/abc-latina.com\\\/#organization\",\"name\":\"Abc-latina\",\"url\":\"https:\\\/\\\/abc-latina.com\\\/\",\"logo\":{\"@type\":\"ImageObject\",\"inLanguage\":\"fr-FR\",\"@id\":\"https:\\\/\\\/abc-latina.com\\\/#\\\/schema\\\/logo\\\/image\\\/\",\"url\":\"https:\\\/\\\/abc-latina.com\\\/wp-content\\\/uploads\\\/2026\\\/05\\\/cropped-logo.gif\",\"contentUrl\":\"https:\\\/\\\/abc-latina.com\\\/wp-content\\\/uploads\\\/2026\\\/05\\\/cropped-logo.gif\",\"width\":89,\"height\":84,\"caption\":\"Abc-latina\"},\"image\":{\"@id\":\"https:\\\/\\\/abc-latina.com\\\/#\\\/schema\\\/logo\\\/image\\\/\"}}]}<\/script>\n<!-- \/ Yoast SEO plugin. -->","yoast_head_json":{"title":"PLAN DU SITE - ABC-LATINA - CIVILISATIONS - Abc-latina","description":"Plan du site: chapitre CIVILISATIONS.","robots":{"index":"index","follow":"follow","max-snippet":"max-snippet:-1","max-image-preview":"max-image-preview:large","max-video-preview":"max-video-preview:-1"},"canonical":"https:\/\/abc-latina.com\/civilisations\/plan_civilisations\/","og_locale":"fr_FR","og_type":"article","og_title":"PLAN DU SITE - ABC-LATINA - CIVILISATIONS - Abc-latina","og_description":"Plan du site: chapitre CIVILISATIONS.","og_url":"https:\/\/abc-latina.com\/civilisations\/plan_civilisations\/","og_site_name":"Abc-latina","article_modified_time":"2026-04-30T16:24:57+00:00","twitter_card":"summary_large_image","schema":{"@context":"https:\/\/schema.org","@graph":[{"@type":"WebPage","@id":"https:\/\/abc-latina.com\/civilisations\/plan_civilisations\/","url":"https:\/\/abc-latina.com\/civilisations\/plan_civilisations\/","name":"PLAN DU SITE - ABC-LATINA - CIVILISATIONS - Abc-latina","isPartOf":{"@id":"https:\/\/abc-latina.com\/#website"},"datePublished":"2010-10-10T02:59:22+00:00","dateModified":"2026-04-30T16:24:57+00:00","description":"Plan du site: chapitre CIVILISATIONS.","breadcrumb":{"@id":"https:\/\/abc-latina.com\/civilisations\/plan_civilisations\/#breadcrumb"},"inLanguage":"fr-FR","potentialAction":[{"@type":"ReadAction","target":["https:\/\/abc-latina.com\/civilisations\/plan_civilisations\/"]}]},{"@type":"BreadcrumbList","@id":"https:\/\/abc-latina.com\/civilisations\/plan_civilisations\/#breadcrumb","itemListElement":[{"@type":"ListItem","position":1,"name":"Accueil","item":"https:\/\/abc-latina.com\/"},{"@type":"ListItem","position":2,"name":"PLAN DU SITE &#8211; ABC-LATINA &#8211; CIVILISATIONS"}]},{"@type":"WebSite","@id":"https:\/\/abc-latina.com\/#website","url":"https:\/\/abc-latina.com\/","name":"Abc-latina","description":"","publisher":{"@id":"https:\/\/abc-latina.com\/#organization"},"potentialAction":[{"@type":"SearchAction","target":{"@type":"EntryPoint","urlTemplate":"https:\/\/abc-latina.com\/?s={search_term_string}"},"query-input":{"@type":"PropertyValueSpecification","valueRequired":true,"valueName":"search_term_string"}}],"inLanguage":"fr-FR"},{"@type":"Organization","@id":"https:\/\/abc-latina.com\/#organization","name":"Abc-latina","url":"https:\/\/abc-latina.com\/","logo":{"@type":"ImageObject","inLanguage":"fr-FR","@id":"https:\/\/abc-latina.com\/#\/schema\/logo\/image\/","url":"https:\/\/abc-latina.com\/wp-content\/uploads\/2026\/05\/cropped-logo.gif","contentUrl":"https:\/\/abc-latina.com\/wp-content\/uploads\/2026\/05\/cropped-logo.gif","width":89,"height":84,"caption":"Abc-latina"},"image":{"@id":"https:\/\/abc-latina.com\/#\/schema\/logo\/image\/"}}]}},"_links":{"self":[{"href":"https:\/\/abc-latina.com\/wp-json\/wp\/v2\/pages\/2334","targetHints":{"allow":["GET"]}}],"collection":[{"href":"https:\/\/abc-latina.com\/wp-json\/wp\/v2\/pages"}],"about":[{"href":"https:\/\/abc-latina.com\/wp-json\/wp\/v2\/types\/page"}],"author":[{"embeddable":true,"href":"https:\/\/abc-latina.com\/wp-json\/wp\/v2\/users\/3"}],"replies":[{"embeddable":true,"href":"https:\/\/abc-latina.com\/wp-json\/wp\/v2\/comments?post=2334"}],"version-history":[{"count":1,"href":"https:\/\/abc-latina.com\/wp-json\/wp\/v2\/pages\/2334\/revisions"}],"predecessor-version":[{"id":3304,"href":"https:\/\/abc-latina.com\/wp-json\/wp\/v2\/pages\/2334\/revisions\/3304"}],"up":[{"embeddable":true,"href":"https:\/\/abc-latina.com\/wp-json\/wp\/v2\/pages\/1971"}],"wp:attachment":[{"href":"https:\/\/abc-latina.com\/wp-json\/wp\/v2\/media?parent=2334"}],"curies":[{"name":"wp","href":"https:\/\/api.w.org\/{rel}","templated":true}]}}