{"id":2339,"date":"2010-10-11T00:55:18","date_gmt":"2010-10-10T22:55:18","guid":{"rendered":"http:\/\/abc-latina.com\/quico-htm\/"},"modified":"2026-04-30T18:25:16","modified_gmt":"2026-04-30T16:25:16","slug":"quico","status":"publish","type":"page","link":"https:\/\/abc-latina.com\/perou\/quico\/","title":{"rendered":"QUICO Marquage du b\u00e9tail (Tinca de Vacas)"},"content":{"rendered":"<p>L&rsquo;acte central de cette f\u00eate, li\u00e9e \u00e0 l&rsquo;image de l&rsquo;ap\u00f4tre Jacques, est le marquage du b\u00e9tail. Seules les familles qui en poss\u00e8de la c\u00e9l\u00e8brent et invitent les visiteurs \u00e0 d\u00e9guster de la viande de boeuf ou de lamas et \u00e0 boire de la chicha. Le th\u00e9\u00e2tre de cette f\u00eate est la communaut\u00e9 de Quico, situ\u00e9e \u00e0 4800 m\u00e8tres d&rsquo;altitude. L&rsquo;acc\u00e8s en est difficile depuis la route Urcos-Quince Mil (\u00e0 dos de mule) mais gratifiant.<br \/> DATE: du 27 au 30 f\u00e9vrier \u00e0 Quico (d\u00e9partement de Cuzco).<\/p>\n","protected":false},"excerpt":{"rendered":"<p>L&rsquo;acte central de cette f\u00eate, li\u00e9e \u00e0 l&rsquo;image de l&rsquo;ap\u00f4tre Jacques, est le marquage du b\u00e9tail. Seules les familles qui [&hellip;]<\/p>\n","protected":false},"author":3,"featured_media":0,"parent":2118,"menu_order":0,"comment_status":"closed","ping_status":"closed","template":"","meta":{"site-sidebar-layout":"default","site-content-layout":"","ast-site-content-layout":"default","site-content-style":"default","site-sidebar-style":"default","ast-global-header-display":"","ast-banner-title-visibility":"","ast-main-header-display":"","ast-hfb-above-header-display":"","ast-hfb-below-header-display":"","ast-hfb-mobile-header-display":"","site-post-title":"","ast-breadcrumbs-content":"","ast-featured-img":"","footer-sml-layout":"","ast-disable-related-posts":"","theme-transparent-header-meta":"","adv-header-id-meta":"","stick-header-meta":"","header-above-stick-meta":"","header-main-stick-meta":"","header-below-stick-meta":"","astra-migrate-meta-layouts":"default","ast-page-background-enabled":"default","ast-page-background-meta":{"desktop":{"background-color":"var(--ast-global-color-5)","background-image":"","background-repeat":"repeat","background-position":"center center","background-size":"auto","background-attachment":"scroll","background-type":"","background-media":"","overlay-type":"","overlay-color":"","overlay-opacity":"","overlay-gradient":""},"tablet":{"background-color":"","background-image":"","background-repeat":"repeat","background-position":"center center","background-size":"auto","background-attachment":"scroll","background-type":"","background-media":"","overlay-type":"","overlay-color":"","overlay-opacity":"","overlay-gradient":""},"mobile":{"background-color":"","background-image":"","background-repeat":"repeat","background-position":"center center","background-size":"auto","background-attachment":"scroll","background-type":"","background-media":"","overlay-type":"","overlay-color":"","overlay-opacity":"","overlay-gradient":""}},"ast-content-background-meta":{"desktop":{"background-color":"var(--ast-global-color-4)","background-image":"","background-repeat":"repeat","background-position":"center center","background-size":"auto","background-attachment":"scroll","background-type":"","background-media":"","overlay-type":"","overlay-color":"","overlay-opacity":"","overlay-gradient":""},"tablet":{"background-color":"var(--ast-global-color-4)","background-image":"","background-repeat":"repeat","background-position":"center center","background-size":"auto","background-attachment":"scroll","background-type":"","background-media":"","overlay-type":"","overlay-color":"","overlay-opacity":"","overlay-gradient":""},"mobile":{"background-color":"var(--ast-global-color-4)","background-image":"","background-repeat":"repeat","background-position":"center center","background-size":"auto","background-attachment":"scroll","background-type":"","background-media":"","overlay-type":"","overlay-color":"","overlay-opacity":"","overlay-gradient":""}},"footnotes":""},"class_list":["post-2339","page","type-page","status-publish","hentry"],"yoast_head":"<!-- This site is optimized with the Yoast SEO plugin v27.5 - https:\/\/yoast.com\/product\/yoast-seo-wordpress\/ -->\n<title>QUICO Marquage du b\u00e9tail (Tinca de Vacas) - Abc-latina<\/title>\n<meta name=\"description\" content=\"QUICO Marquage du b\u00e9tail (Tinca de Vacas)\" \/>\n<meta name=\"robots\" content=\"index, follow, max-snippet:-1, max-image-preview:large, max-video-preview:-1\" \/>\n<link rel=\"canonical\" href=\"https:\/\/abc-latina.com\/perou\/quico\/\" \/>\n<meta property=\"og:locale\" content=\"fr_FR\" \/>\n<meta property=\"og:type\" content=\"article\" \/>\n<meta property=\"og:title\" content=\"QUICO Marquage du b\u00e9tail (Tinca de Vacas) - Abc-latina\" \/>\n<meta property=\"og:description\" content=\"QUICO Marquage du b\u00e9tail (Tinca de Vacas)\" \/>\n<meta property=\"og:url\" content=\"https:\/\/abc-latina.com\/perou\/quico\/\" \/>\n<meta property=\"og:site_name\" content=\"Abc-latina\" \/>\n<meta property=\"article:modified_time\" content=\"2026-04-30T16:25:16+00:00\" \/>\n<meta name=\"twitter:card\" content=\"summary_large_image\" \/>\n<script type=\"application\/ld+json\" class=\"yoast-schema-graph\">{\"@context\":\"https:\\\/\\\/schema.org\",\"@graph\":[{\"@type\":\"WebPage\",\"@id\":\"https:\\\/\\\/abc-latina.com\\\/perou\\\/quico\\\/\",\"url\":\"https:\\\/\\\/abc-latina.com\\\/perou\\\/quico\\\/\",\"name\":\"QUICO Marquage du b\u00e9tail (Tinca de Vacas) - Abc-latina\",\"isPartOf\":{\"@id\":\"https:\\\/\\\/abc-latina.com\\\/#website\"},\"datePublished\":\"2010-10-10T22:55:18+00:00\",\"dateModified\":\"2026-04-30T16:25:16+00:00\",\"description\":\"QUICO Marquage du b\u00e9tail (Tinca de Vacas)\",\"breadcrumb\":{\"@id\":\"https:\\\/\\\/abc-latina.com\\\/perou\\\/quico\\\/#breadcrumb\"},\"inLanguage\":\"fr-FR\",\"potentialAction\":[{\"@type\":\"ReadAction\",\"target\":[\"https:\\\/\\\/abc-latina.com\\\/perou\\\/quico\\\/\"]}]},{\"@type\":\"BreadcrumbList\",\"@id\":\"https:\\\/\\\/abc-latina.com\\\/perou\\\/quico\\\/#breadcrumb\",\"itemListElement\":[{\"@type\":\"ListItem\",\"position\":1,\"name\":\"Accueil\",\"item\":\"https:\\\/\\\/abc-latina.com\\\/\"},{\"@type\":\"ListItem\",\"position\":2,\"name\":\"QUICO Marquage du b\u00e9tail (Tinca de Vacas)\"}]},{\"@type\":\"WebSite\",\"@id\":\"https:\\\/\\\/abc-latina.com\\\/#website\",\"url\":\"https:\\\/\\\/abc-latina.com\\\/\",\"name\":\"Abc-latina\",\"description\":\"\",\"publisher\":{\"@id\":\"https:\\\/\\\/abc-latina.com\\\/#organization\"},\"potentialAction\":[{\"@type\":\"SearchAction\",\"target\":{\"@type\":\"EntryPoint\",\"urlTemplate\":\"https:\\\/\\\/abc-latina.com\\\/?s={search_term_string}\"},\"query-input\":{\"@type\":\"PropertyValueSpecification\",\"valueRequired\":true,\"valueName\":\"search_term_string\"}}],\"inLanguage\":\"fr-FR\"},{\"@type\":\"Organization\",\"@id\":\"https:\\\/\\\/abc-latina.com\\\/#organization\",\"name\":\"Abc-latina\",\"url\":\"https:\\\/\\\/abc-latina.com\\\/\",\"logo\":{\"@type\":\"ImageObject\",\"inLanguage\":\"fr-FR\",\"@id\":\"https:\\\/\\\/abc-latina.com\\\/#\\\/schema\\\/logo\\\/image\\\/\",\"url\":\"https:\\\/\\\/abc-latina.com\\\/wp-content\\\/uploads\\\/2026\\\/05\\\/cropped-logo.gif\",\"contentUrl\":\"https:\\\/\\\/abc-latina.com\\\/wp-content\\\/uploads\\\/2026\\\/05\\\/cropped-logo.gif\",\"width\":89,\"height\":84,\"caption\":\"Abc-latina\"},\"image\":{\"@id\":\"https:\\\/\\\/abc-latina.com\\\/#\\\/schema\\\/logo\\\/image\\\/\"}}]}<\/script>\n<!-- \/ Yoast SEO plugin. -->","yoast_head_json":{"title":"QUICO Marquage du b\u00e9tail (Tinca de Vacas) - Abc-latina","description":"QUICO Marquage du b\u00e9tail (Tinca de Vacas)","robots":{"index":"index","follow":"follow","max-snippet":"max-snippet:-1","max-image-preview":"max-image-preview:large","max-video-preview":"max-video-preview:-1"},"canonical":"https:\/\/abc-latina.com\/perou\/quico\/","og_locale":"fr_FR","og_type":"article","og_title":"QUICO Marquage du b\u00e9tail (Tinca de Vacas) - Abc-latina","og_description":"QUICO Marquage du b\u00e9tail (Tinca de Vacas)","og_url":"https:\/\/abc-latina.com\/perou\/quico\/","og_site_name":"Abc-latina","article_modified_time":"2026-04-30T16:25:16+00:00","twitter_card":"summary_large_image","schema":{"@context":"https:\/\/schema.org","@graph":[{"@type":"WebPage","@id":"https:\/\/abc-latina.com\/perou\/quico\/","url":"https:\/\/abc-latina.com\/perou\/quico\/","name":"QUICO Marquage du b\u00e9tail (Tinca de Vacas) - Abc-latina","isPartOf":{"@id":"https:\/\/abc-latina.com\/#website"},"datePublished":"2010-10-10T22:55:18+00:00","dateModified":"2026-04-30T16:25:16+00:00","description":"QUICO Marquage du b\u00e9tail (Tinca de Vacas)","breadcrumb":{"@id":"https:\/\/abc-latina.com\/perou\/quico\/#breadcrumb"},"inLanguage":"fr-FR","potentialAction":[{"@type":"ReadAction","target":["https:\/\/abc-latina.com\/perou\/quico\/"]}]},{"@type":"BreadcrumbList","@id":"https:\/\/abc-latina.com\/perou\/quico\/#breadcrumb","itemListElement":[{"@type":"ListItem","position":1,"name":"Accueil","item":"https:\/\/abc-latina.com\/"},{"@type":"ListItem","position":2,"name":"QUICO Marquage du b\u00e9tail (Tinca de Vacas)"}]},{"@type":"WebSite","@id":"https:\/\/abc-latina.com\/#website","url":"https:\/\/abc-latina.com\/","name":"Abc-latina","description":"","publisher":{"@id":"https:\/\/abc-latina.com\/#organization"},"potentialAction":[{"@type":"SearchAction","target":{"@type":"EntryPoint","urlTemplate":"https:\/\/abc-latina.com\/?s={search_term_string}"},"query-input":{"@type":"PropertyValueSpecification","valueRequired":true,"valueName":"search_term_string"}}],"inLanguage":"fr-FR"},{"@type":"Organization","@id":"https:\/\/abc-latina.com\/#organization","name":"Abc-latina","url":"https:\/\/abc-latina.com\/","logo":{"@type":"ImageObject","inLanguage":"fr-FR","@id":"https:\/\/abc-latina.com\/#\/schema\/logo\/image\/","url":"https:\/\/abc-latina.com\/wp-content\/uploads\/2026\/05\/cropped-logo.gif","contentUrl":"https:\/\/abc-latina.com\/wp-content\/uploads\/2026\/05\/cropped-logo.gif","width":89,"height":84,"caption":"Abc-latina"},"image":{"@id":"https:\/\/abc-latina.com\/#\/schema\/logo\/image\/"}}]}},"_links":{"self":[{"href":"https:\/\/abc-latina.com\/wp-json\/wp\/v2\/pages\/2339","targetHints":{"allow":["GET"]}}],"collection":[{"href":"https:\/\/abc-latina.com\/wp-json\/wp\/v2\/pages"}],"about":[{"href":"https:\/\/abc-latina.com\/wp-json\/wp\/v2\/types\/page"}],"author":[{"embeddable":true,"href":"https:\/\/abc-latina.com\/wp-json\/wp\/v2\/users\/3"}],"replies":[{"embeddable":true,"href":"https:\/\/abc-latina.com\/wp-json\/wp\/v2\/comments?post=2339"}],"version-history":[{"count":1,"href":"https:\/\/abc-latina.com\/wp-json\/wp\/v2\/pages\/2339\/revisions"}],"predecessor-version":[{"id":3715,"href":"https:\/\/abc-latina.com\/wp-json\/wp\/v2\/pages\/2339\/revisions\/3715"}],"up":[{"embeddable":true,"href":"https:\/\/abc-latina.com\/wp-json\/wp\/v2\/pages\/2118"}],"wp:attachment":[{"href":"https:\/\/abc-latina.com\/wp-json\/wp\/v2\/media?parent=2339"}],"curies":[{"name":"wp","href":"https:\/\/api.w.org\/{rel}","templated":true}]}}