{"id":234,"date":"2010-06-04T02:04:23","date_gmt":"2010-06-04T00:04:23","guid":{"rendered":"http:\/\/abc-latina.com\/bogota-htm\/"},"modified":"2026-04-30T18:24:58","modified_gmt":"2026-04-30T16:24:58","slug":"bogota","status":"publish","type":"page","link":"https:\/\/abc-latina.com\/colombie\/bogota\/","title":{"rendered":"BOGOTA"},"content":{"rendered":"<div><img loading=\"lazy\" decoding=\"async\" class=\" alignright size-full wp-image-233\" alt=\"BOGOTA\" title=\"BOGOTA\" src=\"http:\/\/abc-latina.com\/wp-content\/uploads\/2010\/06\/cartagena.jpg\" width=\"220\" vspace=\"9\" hspace=\"15\" height=\"220\" align=\"right\" srcset=\"https:\/\/abc-latina.com\/wp-content\/uploads\/2010\/06\/cartagena.jpg 220w, https:\/\/abc-latina.com\/wp-content\/uploads\/2010\/06\/cartagena-150x150.jpg 150w\" sizes=\"auto, (max-width: 220px) 100vw, 220px\" \/>Le Cundinamarca est sans doute l&rsquo;une des plus belles r\u00e9gions de Colombie, principalement \u00e0 cause de ses paysages, de biodiversit\u00e9, de son climat et de l&rsquo;amabilit\u00e9 de ses habitants.<\/div>\n<div>Le territoire repr\u00e9sente quelque 2% de la surface totale de la Colombie avec pr\u00e8s de 8,5 millions d&rsquo;habitants, soit pr\u00e8s de 25% de la population. On y trouve 115 municipalit\u00e9s diss\u00e9min\u00e9es sur un territoire montagneux sillonn\u00e9 par la cordill\u00e8re orientale, dont certains pics culminent \u00e0 plus de 4000m, entre autres El Nevado d&rsquo;une hauteur de 4560m. La sabana, pour sa part, se situe en moyenne \u00e0 quelque 2600m au-dessus du niveau de la mer.<\/div>\n<div>La sabana est consid\u00e9r\u00e9e comme le jardin de Santaf\u00e9 de Bogot\u00e1 sinon de toute la Colombie. Outre les fleurs, on y cultive le caf\u00e9, le ma\u00efs, les bananes plantains, la canne \u00e0 sucre, les pommes de terre, l&rsquo;orge, le bl\u00e9, le manioc, le coton, les f\u00e8ves, les tomates, les haricots, etc. On y trouve des mines de charbon, de fer, de souffre, d&rsquo;\u00e9meraude, de plomb, de zinc et de sel.<\/div>\n<div>&nbsp;<\/div>\n<div><span class=\"tourisme-chapitre\">Santafe de Bogota<\/span><\/div>\n<div>La capitale de la Colombie, Bogot\u00e1, compte pr\u00e8s de 7 millions d&rsquo;habitants. Perch\u00e9e \u00e0 quelque 2680m d&rsquo;altitude au centre d&rsquo;un immense plateau fertile &#8211; la savane (sabana) de la Cordill\u00e8re orientale &#8211; Santaf\u00e9 de Bogot\u00e1 est entour\u00e9e de hautes montagnes, le Monserrate (3200m d&rsquo;altitude) et le Guadalupe (3320m).<\/div>\n<div>Bogot\u00e1 est en outre le si\u00e8ge du pouvoir ex\u00e9cutif, l\u00e9gislatif et judiciaire de gouvernement de Colombie.<\/div>\n<div>Situ\u00e9e en haute altitude, Santaf\u00e9 de Bogot\u00e1 pr\u00e9sente un climat moyen de 12&deg;C \u00e0 14&deg;C, avec des pointes de 22&deg;C \u00e0 24&deg;C le jour sous le soleil, et les chutes radicales \u00e0 6&deg;C ou 4&deg;C le soir, ce qui est relativement froid. Pour un meilleur confort, il faut donc choisir des h\u00f4tels qui offrent le chauffage central.<\/div>\n<div>A visiter:<\/div>\n<div>Le centre-ville et la Candelaria sont les quartiers les plus int\u00e9ressants pour les attraits touristiques. Comme ces deux quartiers sont adjacents, on peut se rendre facilement \u00e0 pied d&rsquo;un site \u00e0 l&rsquo;autre.<\/div>\n<div>La Candelaria est un attrait touristique d&rsquo;importance. C&rsquo;est un quartier historique situ\u00e9 en plein centre ville qui a \u00e9t\u00e9 pr\u00e9serv\u00e9 de la destruction lors de La Violencia. Aujourd&rsquo;hui c&rsquo;est le plus beau quartier de Bogot\u00e1 avec ses maisons \u00e0 balcons souvent r\u00e9nov\u00e9es par des artistes et ses \u00e9difices coloniaux convertis en mus\u00e9es.<\/div>\n<div>Plant\u00e9e en pleine montagne sur les flancs du Monserrate, la Candelaria est une oasis de tranquillit\u00e9 avec ses rues \u00e9troites.<\/div>\n<div>La plaza Bol\u00edvar est l&rsquo;unes des plazas les plus connues de la ville et m\u00eame du pays \u00e0 cause de son pass\u00e9 historique. D\u00e8s les premiers temps de la conqu\u00eate, on y c\u00e9l\u00e9brait des messes autant que l&rsquo;on y organisait des f\u00eates somptueuses, des corridas, des march\u00e9s. On y tenait proc\u00e8s. On y pendait et l&rsquo;on y fouettait les criminels.<\/div>\n<div>L&rsquo;Avenida Jim\u00e9nez est une attraction en soi, les esmeralderos. des commer\u00e7ants d&rsquo;\u00e9meraudes discutent avec d&rsquo;\u00e9ventuels acheteurs et m\u00eame avec les passants d\u00e8s 8h le matin et jusqu&rsquo;\u00e0 17h ou 18h pour \u00e9couler leur marchandise, des pierres brutes de toutes dimensions non encore taill\u00e9es et d&rsquo;un vert \u00e0 faire r\u00eaver.Tout ce marchande en pleine rue est tout \u00e0 fait l\u00e9gal, la police est omnipr\u00e9sente.<\/div>\n<div>Santaf\u00e9 de Bogot\u00e1 est une ville tourn\u00e9e vers le tourisme et, outre la Candelaria, qui se pr\u00e9sente comme un mus\u00e9e en plein air, on peut y visiter une cinquantaine de mus\u00e9es.<\/div>\n<div>dont en autre, le Museo del Oro, qui regroupe plus de 36000 vestiges, des milliers d&rsquo;objets en or de toutes sortes: des bijoux, des masques, des statuettes, de la vaisselles et d&rsquo;autres pi\u00e8ces de m\u00eame que des poteries et des textiles pr\u00e9sent\u00e9s et class\u00e9s selon les diff\u00e9rentes cultures indig\u00e8nes.<\/div>\n<div>&nbsp;<\/div>\n<div><span class=\"tourisme-chapitre\"><a target=\"_blank\" href=\"tour_operateur\"><img loading=\"lazy\" decoding=\"async\" class=\" size-full wp-image-41\" src=\"http:\/\/abc-latina.com\/wp-content\/uploads\/2010\/04\/timbre_to.gif\" class=\"touroperateur\" alt=\"\" width=\"125\" height=\"90\" \/><\/a>Autour de bogota<\/span><\/div>\n<div>Si plusieurs excursions sont propos\u00e9es dans les environs de Santaf\u00e9 de Bogot\u00e1, il serait impardonnable de manquer une visite \u00e0 la cath\u00e9drale de sel de Zipaquir\u00e1, sans conteste la huiti\u00e8me merveille du monde. On ne pourrait pas non plus parler de Bogot\u00e1 sans avoir vu la Laguna de Guatavita, o\u00f9 est n\u00e9 la l\u00e9gende de l&rsquo;El Dorado, qui a donn\u00e9 les premi\u00e8res impulsions aux conquistadores pour partir \u00e0 la conqu\u00eate du territoire colombien.<\/div>\n<div>&nbsp;<\/div>\n<div>La petite ville coloniale de Zipaquir\u00e1, \u00e0 quelque 50 km de Bogot\u00e1, est l&rsquo;une des agglom\u00e9rations les plus anciennes de Colombie. Elle a \u00e9t\u00e9 fond\u00e9e le 18 juillet 1600.<\/div>\n<div>La ville est aussi un centre d&rsquo;artisanat reconnu, il faut visiter sa Plaza de Mercado pour en admirer sa production. On peut y acheter, entre autres choses, des \u00e9toffes de laine, des figurines religieuses, des cendriers, des vases et des cand\u00e9labres en c\u00e9ramique, en bronze et en d&rsquo;autres mat\u00e9riaux, ainsi que des sculptures en marbre ou en bloc de sel provenant de la mine. Mais c&rsquo;est surtout la visite de la catedral de Sal qui s&rsquo;impose.<\/div>\n<div>&nbsp;<\/div>\n<div>La catedral de Sal est une merveille. Une premi\u00e8re cath\u00e9drale avait \u00e9t\u00e9 \u00e9rig\u00e9e au sein m\u00eame de la mine de sel par les mineurs d\u00e8s 1954. Menac\u00e9e de s&rsquo;effondrer, elle fut ferm\u00e9e en 1992 pour raison de s\u00e9curit\u00e9, on d\u00e9cida d&rsquo;en construire une autre, le travail fut confi\u00e9 \u00e0 l&rsquo;architecte Roswell Garavito Pearl.<\/div>\n<div>Inaugur\u00e9e le 16 d\u00e9cembre 1995, elle est la quintessence m\u00eame de l&rsquo;ing\u00e9nierie et de l&rsquo;art mettant en opposition sculptures, jeux d&rsquo;ombres et de lumi\u00e8res. M\u00eame si la religion n&rsquo;est pas votre tasse de th\u00e9, il faut convenir que cette cath\u00e9drale majestueuse, immense, construite \u00e0 m\u00eame les parois de la mine \u00e0 quelque 200m sous terre a de quoi \u00e9poustoufler les plus blas\u00e9s.<\/div>\n<div>La cath\u00e9drale peut recevoir quelque 800 fid\u00e8les. On peut assister \u00e0 la messe tous les dimanches et jours de f\u00eate.<\/div>\n<div>&nbsp;<\/div>\n<div>C&rsquo;est dans La laguna de Guatavita, \u00e0 plus de 3200m d&rsquo;altitude qu&rsquo;est n\u00e9e la l\u00e9gende de Guatavita. Le cacique Muisca se rendait en barque au milieu du lac couvert de poudre d&rsquo;or et jetait dans ses eaux des \u00e9meraudes et des pi\u00e8ces d&rsquo;or pour apaiser la col\u00e8re du d\u00e9mon. C&rsquo;est principalement la recherche de ce tr\u00e9sor fabuleux qui motiva les conquistadores \u00e0 p\u00e9n\u00e9trer \u00e0 l&rsquo;int\u00e9rieur d&rsquo;un pays au climat et aux populations inhospitaliers. Un lieu fascinant par sa l\u00e9gende et son histoire. Une excursion unique dans la nature et dans la temps. Un P\u00e8lerinage dans la cordill\u00e8re des Andes.<\/div>\n<div>&nbsp;<\/div>\n<div>&nbsp;<\/div>\n<div><img loading=\"lazy\" decoding=\"async\" class=\" size-full wp-image-46\" src=\"http:\/\/abc-latina.com\/wp-content\/uploads\/2010\/04\/pages-associes.gif\" alt=\"\" width=\"120\" height=\"10\" \/><br \/><a target=\"_blank\" href=\"https:\/\/www.abc-latina.com\/colombie\/cartes-plans\/plan-de-bogota\">Plan de Bogota<\/a>&nbsp;<\/div>\n<div><a href=\"https:\/\/www.abc-latina.com\/colombie\/photos\/photos_bogota\">Photos de Bogota<\/a>&nbsp;<br \/><a href=\"https:\/\/www.abc-latina.com\/colombie\/video\/videos-bogota\">Vid\u00e9os de Bogota<\/a><a target=\"_blank\" href=\"http:\/\/voyage.abc-latina.com\/voyage_colombie\/colombie\"><span class=\"sejour-circuit\"><br \/><\/span><\/a><\/div>\n<h3>Pr\u00e9parez votre voyage \u00e0 Bogota:<\/h3>\n<div><a href=\"https:\/\/www.abc-latina.com\/colombie\/agence_de_voyages\">Agences de voyage g\u00e9n\u00e9ralistes et discounteurs<\/a><\/div>\n<div><a href=\"https:\/\/www.abc-latina.com\/colombie\/tour_operateur\">Tours Op\u00e9rateurs sp\u00e9cialistes de la Colombie<\/a><\/div>\n<div><a target=\"_blank\" href=\"https:\/\/www.abc-latina.com\/to\/reservation_billet_avion\">R\u00e9servez votre billet d&rsquo;avion<\/a><\/div>\n<div><a target=\"_blank\" href=\"hotels\">R\u00e9servez votre h\u00f4tel \u00e0 Bogota<\/a>&nbsp;<\/div>\n<div><a target=\"_blank\" href=\"https:\/\/www.abc-latina.com\/to\/location_de_voiture_colombie\">Location de voiture<\/a><\/div>\n<p>&nbsp;<\/p>\n<div id=\"cont_e3bc6f6272e651920583f597fb1dddd1\"><span id=\"h_e3bc6f6272e651920583f597fb1dddd1\"><a style=\"color:#808080;font-family:2;font-size:14px;\" target=\"_blank\" href=\"http:\/\/www.tameteo.com\/\" id=\"a_e3bc6f6272e651920583f597fb1dddd1\">M\u00e9t\u00e9o<\/a> Bogot\u00e1<\/span><script type=\"text\/javascript\" src=\"http:\/\/www.tameteo.com\/wid_loader\/e3bc6f6272e651920583f597fb1dddd1\"><\/script><\/div>\n<p>&nbsp;<\/p>\n","protected":false},"excerpt":{"rendered":"<p>Le Cundinamarca est sans doute l&rsquo;une des plus belles r\u00e9gions de Colombie, principalement \u00e0 cause de ses paysages, de biodiversit\u00e9, [&hellip;]<\/p>\n","protected":false},"author":3,"featured_media":233,"parent":2299,"menu_order":0,"comment_status":"closed","ping_status":"closed","template":"","meta":{"site-sidebar-layout":"default","site-content-layout":"","ast-site-content-layout":"default","site-content-style":"default","site-sidebar-style":"default","ast-global-header-display":"","ast-banner-title-visibility":"","ast-main-header-display":"","ast-hfb-above-header-display":"","ast-hfb-below-header-display":"","ast-hfb-mobile-header-display":"","site-post-title":"","ast-breadcrumbs-content":"","ast-featured-img":"","footer-sml-layout":"","ast-disable-related-posts":"","theme-transparent-header-meta":"","adv-header-id-meta":"","stick-header-meta":"","header-above-stick-meta":"","header-main-stick-meta":"","header-below-stick-meta":"","astra-migrate-meta-layouts":"default","ast-page-background-enabled":"default","ast-page-background-meta":{"desktop":{"background-color":"var(--ast-global-color-5)","background-image":"","background-repeat":"repeat","background-position":"center center","background-size":"auto","background-attachment":"scroll","background-type":"","background-media":"","overlay-type":"","overlay-color":"","overlay-opacity":"","overlay-gradient":""},"tablet":{"background-color":"","background-image":"","background-repeat":"repeat","background-position":"center center","background-size":"auto","background-attachment":"scroll","background-type":"","background-media":"","overlay-type":"","overlay-color":"","overlay-opacity":"","overlay-gradient":""},"mobile":{"background-color":"","background-image":"","background-repeat":"repeat","background-position":"center center","background-size":"auto","background-attachment":"scroll","background-type":"","background-media":"","overlay-type":"","overlay-color":"","overlay-opacity":"","overlay-gradient":""}},"ast-content-background-meta":{"desktop":{"background-color":"var(--ast-global-color-4)","background-image":"","background-repeat":"repeat","background-position":"center center","background-size":"auto","background-attachment":"scroll","background-type":"","background-media":"","overlay-type":"","overlay-color":"","overlay-opacity":"","overlay-gradient":""},"tablet":{"background-color":"var(--ast-global-color-4)","background-image":"","background-repeat":"repeat","background-position":"center center","background-size":"auto","background-attachment":"scroll","background-type":"","background-media":"","overlay-type":"","overlay-color":"","overlay-opacity":"","overlay-gradient":""},"mobile":{"background-color":"var(--ast-global-color-4)","background-image":"","background-repeat":"repeat","background-position":"center center","background-size":"auto","background-attachment":"scroll","background-type":"","background-media":"","overlay-type":"","overlay-color":"","overlay-opacity":"","overlay-gradient":""}},"footnotes":""},"class_list":["post-234","page","type-page","status-publish","has-post-thumbnail","hentry"],"yoast_head":"<!-- This site is optimized with the Yoast SEO plugin v27.5 - https:\/\/yoast.com\/product\/yoast-seo-wordpress\/ -->\n<title>BOGOTA - Abc-latina<\/title>\n<meta name=\"description\" content=\"Perch\u00e9e \u00e0 quelque 2680m d&#039;altitude au centre d&#039;un immense plateau fertile, Santaf\u00e9 de Bogot\u00e1 est entour\u00e9e de hautes montagnes...\" \/>\n<meta name=\"robots\" content=\"index, follow, max-snippet:-1, max-image-preview:large, max-video-preview:-1\" \/>\n<link rel=\"canonical\" href=\"https:\/\/abc-latina.com\/colombie\/bogota\/\" \/>\n<meta property=\"og:locale\" content=\"fr_FR\" \/>\n<meta property=\"og:type\" content=\"article\" \/>\n<meta property=\"og:title\" content=\"BOGOTA - Abc-latina\" \/>\n<meta property=\"og:description\" content=\"Perch\u00e9e \u00e0 quelque 2680m d&#039;altitude au centre d&#039;un immense plateau fertile, Santaf\u00e9 de Bogot\u00e1 est entour\u00e9e de hautes montagnes...\" \/>\n<meta property=\"og:url\" content=\"https:\/\/abc-latina.com\/colombie\/bogota\/\" \/>\n<meta property=\"og:site_name\" content=\"Abc-latina\" \/>\n<meta property=\"article:modified_time\" content=\"2026-04-30T16:24:58+00:00\" \/>\n<meta property=\"og:image\" content=\"https:\/\/abc-latina.com\/wp-content\/uploads\/2010\/06\/cartagena.jpg\" \/>\n\t<meta property=\"og:image:width\" content=\"220\" \/>\n\t<meta property=\"og:image:height\" content=\"220\" \/>\n\t<meta property=\"og:image:type\" content=\"image\/jpeg\" \/>\n<meta name=\"twitter:card\" content=\"summary_large_image\" \/>\n<meta name=\"twitter:label1\" content=\"Dur\u00e9e de lecture estim\u00e9e\" \/>\n\t<meta name=\"twitter:data1\" content=\"6 minutes\" \/>\n<script type=\"application\/ld+json\" class=\"yoast-schema-graph\">{\"@context\":\"https:\\\/\\\/schema.org\",\"@graph\":[{\"@type\":\"WebPage\",\"@id\":\"https:\\\/\\\/abc-latina.com\\\/colombie\\\/bogota\\\/\",\"url\":\"https:\\\/\\\/abc-latina.com\\\/colombie\\\/bogota\\\/\",\"name\":\"BOGOTA - Abc-latina\",\"isPartOf\":{\"@id\":\"https:\\\/\\\/abc-latina.com\\\/#website\"},\"primaryImageOfPage\":{\"@id\":\"https:\\\/\\\/abc-latina.com\\\/colombie\\\/bogota\\\/#primaryimage\"},\"image\":{\"@id\":\"https:\\\/\\\/abc-latina.com\\\/colombie\\\/bogota\\\/#primaryimage\"},\"thumbnailUrl\":\"https:\\\/\\\/abc-latina.com\\\/wp-content\\\/uploads\\\/2010\\\/06\\\/cartagena.jpg\",\"datePublished\":\"2010-06-04T00:04:23+00:00\",\"dateModified\":\"2026-04-30T16:24:58+00:00\",\"description\":\"Perch\u00e9e \u00e0 quelque 2680m d'altitude au centre d'un immense plateau fertile, Santaf\u00e9 de Bogot\u00e1 est entour\u00e9e de hautes montagnes...\",\"breadcrumb\":{\"@id\":\"https:\\\/\\\/abc-latina.com\\\/colombie\\\/bogota\\\/#breadcrumb\"},\"inLanguage\":\"fr-FR\",\"potentialAction\":[{\"@type\":\"ReadAction\",\"target\":[\"https:\\\/\\\/abc-latina.com\\\/colombie\\\/bogota\\\/\"]}]},{\"@type\":\"ImageObject\",\"inLanguage\":\"fr-FR\",\"@id\":\"https:\\\/\\\/abc-latina.com\\\/colombie\\\/bogota\\\/#primaryimage\",\"url\":\"https:\\\/\\\/abc-latina.com\\\/wp-content\\\/uploads\\\/2010\\\/06\\\/cartagena.jpg\",\"contentUrl\":\"https:\\\/\\\/abc-latina.com\\\/wp-content\\\/uploads\\\/2010\\\/06\\\/cartagena.jpg\",\"width\":220,\"height\":220,\"caption\":\"BOGOTA\"},{\"@type\":\"BreadcrumbList\",\"@id\":\"https:\\\/\\\/abc-latina.com\\\/colombie\\\/bogota\\\/#breadcrumb\",\"itemListElement\":[{\"@type\":\"ListItem\",\"position\":1,\"name\":\"Accueil\",\"item\":\"https:\\\/\\\/abc-latina.com\\\/\"},{\"@type\":\"ListItem\",\"position\":2,\"name\":\"BOGOTA\"}]},{\"@type\":\"WebSite\",\"@id\":\"https:\\\/\\\/abc-latina.com\\\/#website\",\"url\":\"https:\\\/\\\/abc-latina.com\\\/\",\"name\":\"Abc-latina\",\"description\":\"\",\"publisher\":{\"@id\":\"https:\\\/\\\/abc-latina.com\\\/#organization\"},\"potentialAction\":[{\"@type\":\"SearchAction\",\"target\":{\"@type\":\"EntryPoint\",\"urlTemplate\":\"https:\\\/\\\/abc-latina.com\\\/?s={search_term_string}\"},\"query-input\":{\"@type\":\"PropertyValueSpecification\",\"valueRequired\":true,\"valueName\":\"search_term_string\"}}],\"inLanguage\":\"fr-FR\"},{\"@type\":\"Organization\",\"@id\":\"https:\\\/\\\/abc-latina.com\\\/#organization\",\"name\":\"Abc-latina\",\"url\":\"https:\\\/\\\/abc-latina.com\\\/\",\"logo\":{\"@type\":\"ImageObject\",\"inLanguage\":\"fr-FR\",\"@id\":\"https:\\\/\\\/abc-latina.com\\\/#\\\/schema\\\/logo\\\/image\\\/\",\"url\":\"https:\\\/\\\/abc-latina.com\\\/wp-content\\\/uploads\\\/2026\\\/05\\\/cropped-logo.gif\",\"contentUrl\":\"https:\\\/\\\/abc-latina.com\\\/wp-content\\\/uploads\\\/2026\\\/05\\\/cropped-logo.gif\",\"width\":89,\"height\":84,\"caption\":\"Abc-latina\"},\"image\":{\"@id\":\"https:\\\/\\\/abc-latina.com\\\/#\\\/schema\\\/logo\\\/image\\\/\"}}]}<\/script>\n<!-- \/ Yoast SEO plugin. -->","yoast_head_json":{"title":"BOGOTA - Abc-latina","description":"Perch\u00e9e \u00e0 quelque 2680m d'altitude au centre d'un immense plateau fertile, Santaf\u00e9 de Bogot\u00e1 est entour\u00e9e de hautes montagnes...","robots":{"index":"index","follow":"follow","max-snippet":"max-snippet:-1","max-image-preview":"max-image-preview:large","max-video-preview":"max-video-preview:-1"},"canonical":"https:\/\/abc-latina.com\/colombie\/bogota\/","og_locale":"fr_FR","og_type":"article","og_title":"BOGOTA - Abc-latina","og_description":"Perch\u00e9e \u00e0 quelque 2680m d'altitude au centre d'un immense plateau fertile, Santaf\u00e9 de Bogot\u00e1 est entour\u00e9e de hautes montagnes...","og_url":"https:\/\/abc-latina.com\/colombie\/bogota\/","og_site_name":"Abc-latina","article_modified_time":"2026-04-30T16:24:58+00:00","og_image":[{"width":220,"height":220,"url":"https:\/\/abc-latina.com\/wp-content\/uploads\/2010\/06\/cartagena.jpg","type":"image\/jpeg"}],"twitter_card":"summary_large_image","twitter_misc":{"Dur\u00e9e de lecture estim\u00e9e":"6 minutes"},"schema":{"@context":"https:\/\/schema.org","@graph":[{"@type":"WebPage","@id":"https:\/\/abc-latina.com\/colombie\/bogota\/","url":"https:\/\/abc-latina.com\/colombie\/bogota\/","name":"BOGOTA - Abc-latina","isPartOf":{"@id":"https:\/\/abc-latina.com\/#website"},"primaryImageOfPage":{"@id":"https:\/\/abc-latina.com\/colombie\/bogota\/#primaryimage"},"image":{"@id":"https:\/\/abc-latina.com\/colombie\/bogota\/#primaryimage"},"thumbnailUrl":"https:\/\/abc-latina.com\/wp-content\/uploads\/2010\/06\/cartagena.jpg","datePublished":"2010-06-04T00:04:23+00:00","dateModified":"2026-04-30T16:24:58+00:00","description":"Perch\u00e9e \u00e0 quelque 2680m d'altitude au centre d'un immense plateau fertile, Santaf\u00e9 de Bogot\u00e1 est entour\u00e9e de hautes montagnes...","breadcrumb":{"@id":"https:\/\/abc-latina.com\/colombie\/bogota\/#breadcrumb"},"inLanguage":"fr-FR","potentialAction":[{"@type":"ReadAction","target":["https:\/\/abc-latina.com\/colombie\/bogota\/"]}]},{"@type":"ImageObject","inLanguage":"fr-FR","@id":"https:\/\/abc-latina.com\/colombie\/bogota\/#primaryimage","url":"https:\/\/abc-latina.com\/wp-content\/uploads\/2010\/06\/cartagena.jpg","contentUrl":"https:\/\/abc-latina.com\/wp-content\/uploads\/2010\/06\/cartagena.jpg","width":220,"height":220,"caption":"BOGOTA"},{"@type":"BreadcrumbList","@id":"https:\/\/abc-latina.com\/colombie\/bogota\/#breadcrumb","itemListElement":[{"@type":"ListItem","position":1,"name":"Accueil","item":"https:\/\/abc-latina.com\/"},{"@type":"ListItem","position":2,"name":"BOGOTA"}]},{"@type":"WebSite","@id":"https:\/\/abc-latina.com\/#website","url":"https:\/\/abc-latina.com\/","name":"Abc-latina","description":"","publisher":{"@id":"https:\/\/abc-latina.com\/#organization"},"potentialAction":[{"@type":"SearchAction","target":{"@type":"EntryPoint","urlTemplate":"https:\/\/abc-latina.com\/?s={search_term_string}"},"query-input":{"@type":"PropertyValueSpecification","valueRequired":true,"valueName":"search_term_string"}}],"inLanguage":"fr-FR"},{"@type":"Organization","@id":"https:\/\/abc-latina.com\/#organization","name":"Abc-latina","url":"https:\/\/abc-latina.com\/","logo":{"@type":"ImageObject","inLanguage":"fr-FR","@id":"https:\/\/abc-latina.com\/#\/schema\/logo\/image\/","url":"https:\/\/abc-latina.com\/wp-content\/uploads\/2026\/05\/cropped-logo.gif","contentUrl":"https:\/\/abc-latina.com\/wp-content\/uploads\/2026\/05\/cropped-logo.gif","width":89,"height":84,"caption":"Abc-latina"},"image":{"@id":"https:\/\/abc-latina.com\/#\/schema\/logo\/image\/"}}]}},"_links":{"self":[{"href":"https:\/\/abc-latina.com\/wp-json\/wp\/v2\/pages\/234","targetHints":{"allow":["GET"]}}],"collection":[{"href":"https:\/\/abc-latina.com\/wp-json\/wp\/v2\/pages"}],"about":[{"href":"https:\/\/abc-latina.com\/wp-json\/wp\/v2\/types\/page"}],"author":[{"embeddable":true,"href":"https:\/\/abc-latina.com\/wp-json\/wp\/v2\/users\/3"}],"replies":[{"embeddable":true,"href":"https:\/\/abc-latina.com\/wp-json\/wp\/v2\/comments?post=234"}],"version-history":[{"count":1,"href":"https:\/\/abc-latina.com\/wp-json\/wp\/v2\/pages\/234\/revisions"}],"predecessor-version":[{"id":3330,"href":"https:\/\/abc-latina.com\/wp-json\/wp\/v2\/pages\/234\/revisions\/3330"}],"up":[{"embeddable":true,"href":"https:\/\/abc-latina.com\/wp-json\/wp\/v2\/pages\/2299"}],"wp:featuredmedia":[{"embeddable":true,"href":"https:\/\/abc-latina.com\/wp-json\/wp\/v2\/media\/233"}],"wp:attachment":[{"href":"https:\/\/abc-latina.com\/wp-json\/wp\/v2\/media?parent=234"}],"curies":[{"name":"wp","href":"https:\/\/api.w.org\/{rel}","templated":true}]}}