{"id":2341,"date":"2010-10-11T21:47:38","date_gmt":"2010-10-11T19:47:38","guid":{"rendered":"http:\/\/abc-latina.com\/canete-htm\/"},"modified":"2026-04-30T18:25:15","modified_gmt":"2026-04-30T16:25:15","slug":"canete","status":"publish","type":"page","link":"https:\/\/abc-latina.com\/perou\/canete\/","title":{"rendered":"CANETE FESTIVAL DES SPORTS D&rsquo;AVENTURE"},"content":{"rendered":"<p><img loading=\"lazy\" decoding=\"async\" alt=\"CANETE FESTIVAL DES SPORTS D'AVENTURE\" style=\"margin: 5px 22px; float: right;\" src=\"http:\/\/www.abc-latina.com\/perou\/Images\/divers\/delta2.jpg\" title=\"CANETE FESTIVAL DES SPORTS D'AVENTURE\" width=\"190\" height=\"161\" \/>A seulement 30 minutes de San A seulement 30 minutes de San Vicente de Canete, ville situ\u00e9e \u00e0 150 km au sud de <a href=\"https:\/\/www.abc-latina.com\/perou\/lima\">Lima<\/a>, la vall\u00e9e chaude de Lunahuana est un paradis pour les sports d&rsquo;aventure, gr\u00e2ce \u00e0 l&rsquo;abondance des eaux du fleuve Canete qui comporte des rapides allant jusqu&rsquo;au niveau 4. S&rsquo;y d\u00e9roule un festival comprenant des championnats de <a href=\"https:\/\/www.abc-latina.com\/perou\/tourisme\/canotage\">canotage<\/a>, parapente, <a href=\"https:\/\/www.abc-latina.com\/perou\/trekking\">trekking<\/a>, vol libre, <a href=\"https:\/\/www.abc-latina.com\/perou\/tourisme\/cyclisme\">cyclisme de montagne<\/a>, p\u00eache au cordeau et au filet (atarraya).<\/p>\n<p>Le s\u00e9jour \u00e0 Lunahuana est un excellent pr\u00e9texte pour visiter le site arch\u00e9ologique proche de Incahuasi et le pont suspendu de Catapalla. La zone pr\u00e9sente encore d&rsquo;autres attraits tels que la d\u00e9gustation de vins dans les caves avoisinantes et les plats exotiques pr\u00e9par\u00e9s par les gens du cru, comme le lapin \u00e0 la carapulcra (pommes de terre s\u00e9ch\u00e9es) et le cochon d&rsquo;Inde au vin.<\/p>\n<p>DATE: 1er semaine de mars \u00e0 Canete (d\u00e9partement de Lima).<\/p>\n","protected":false},"excerpt":{"rendered":"<p>A seulement 30 minutes de San A seulement 30 minutes de San Vicente de Canete, ville situ\u00e9e \u00e0 150 km [&hellip;]<\/p>\n","protected":false},"author":3,"featured_media":0,"parent":2118,"menu_order":0,"comment_status":"closed","ping_status":"closed","template":"","meta":{"site-sidebar-layout":"default","site-content-layout":"","ast-site-content-layout":"default","site-content-style":"default","site-sidebar-style":"default","ast-global-header-display":"","ast-banner-title-visibility":"","ast-main-header-display":"","ast-hfb-above-header-display":"","ast-hfb-below-header-display":"","ast-hfb-mobile-header-display":"","site-post-title":"","ast-breadcrumbs-content":"","ast-featured-img":"","footer-sml-layout":"","ast-disable-related-posts":"","theme-transparent-header-meta":"","adv-header-id-meta":"","stick-header-meta":"","header-above-stick-meta":"","header-main-stick-meta":"","header-below-stick-meta":"","astra-migrate-meta-layouts":"default","ast-page-background-enabled":"default","ast-page-background-meta":{"desktop":{"background-color":"var(--ast-global-color-5)","background-image":"","background-repeat":"repeat","background-position":"center center","background-size":"auto","background-attachment":"scroll","background-type":"","background-media":"","overlay-type":"","overlay-color":"","overlay-opacity":"","overlay-gradient":""},"tablet":{"background-color":"","background-image":"","background-repeat":"repeat","background-position":"center center","background-size":"auto","background-attachment":"scroll","background-type":"","background-media":"","overlay-type":"","overlay-color":"","overlay-opacity":"","overlay-gradient":""},"mobile":{"background-color":"","background-image":"","background-repeat":"repeat","background-position":"center center","background-size":"auto","background-attachment":"scroll","background-type":"","background-media":"","overlay-type":"","overlay-color":"","overlay-opacity":"","overlay-gradient":""}},"ast-content-background-meta":{"desktop":{"background-color":"var(--ast-global-color-4)","background-image":"","background-repeat":"repeat","background-position":"center center","background-size":"auto","background-attachment":"scroll","background-type":"","background-media":"","overlay-type":"","overlay-color":"","overlay-opacity":"","overlay-gradient":""},"tablet":{"background-color":"var(--ast-global-color-4)","background-image":"","background-repeat":"repeat","background-position":"center center","background-size":"auto","background-attachment":"scroll","background-type":"","background-media":"","overlay-type":"","overlay-color":"","overlay-opacity":"","overlay-gradient":""},"mobile":{"background-color":"var(--ast-global-color-4)","background-image":"","background-repeat":"repeat","background-position":"center center","background-size":"auto","background-attachment":"scroll","background-type":"","background-media":"","overlay-type":"","overlay-color":"","overlay-opacity":"","overlay-gradient":""}},"footnotes":""},"class_list":["post-2341","page","type-page","status-publish","hentry"],"yoast_head":"<!-- This site is optimized with the Yoast SEO plugin v27.5 - https:\/\/yoast.com\/product\/yoast-seo-wordpress\/ -->\n<title>CANETE FESTIVAL DES SPORTS D&#039;AVENTURE - Abc-latina<\/title>\n<meta name=\"description\" content=\"F\u00eate de Canete - P\u00e9rou.\" \/>\n<meta name=\"robots\" content=\"index, follow, max-snippet:-1, max-image-preview:large, max-video-preview:-1\" \/>\n<link rel=\"canonical\" href=\"https:\/\/abc-latina.com\/perou\/canete\/\" \/>\n<meta property=\"og:locale\" content=\"fr_FR\" \/>\n<meta property=\"og:type\" content=\"article\" \/>\n<meta property=\"og:title\" content=\"CANETE FESTIVAL DES SPORTS D&#039;AVENTURE - Abc-latina\" \/>\n<meta property=\"og:description\" content=\"F\u00eate de Canete - P\u00e9rou.\" \/>\n<meta property=\"og:url\" content=\"https:\/\/abc-latina.com\/perou\/canete\/\" \/>\n<meta property=\"og:site_name\" content=\"Abc-latina\" \/>\n<meta property=\"article:modified_time\" content=\"2026-04-30T16:25:15+00:00\" \/>\n<meta property=\"og:image\" content=\"http:\/\/www.abc-latina.com\/perou\/Images\/divers\/delta2.jpg\" \/>\n<meta name=\"twitter:card\" content=\"summary_large_image\" \/>\n<meta name=\"twitter:label1\" content=\"Dur\u00e9e de lecture estim\u00e9e\" \/>\n\t<meta name=\"twitter:data1\" content=\"1 minute\" \/>\n<script type=\"application\/ld+json\" class=\"yoast-schema-graph\">{\"@context\":\"https:\\\/\\\/schema.org\",\"@graph\":[{\"@type\":\"WebPage\",\"@id\":\"https:\\\/\\\/abc-latina.com\\\/perou\\\/canete\\\/\",\"url\":\"https:\\\/\\\/abc-latina.com\\\/perou\\\/canete\\\/\",\"name\":\"CANETE FESTIVAL DES SPORTS D'AVENTURE - Abc-latina\",\"isPartOf\":{\"@id\":\"https:\\\/\\\/abc-latina.com\\\/#website\"},\"primaryImageOfPage\":{\"@id\":\"https:\\\/\\\/abc-latina.com\\\/perou\\\/canete\\\/#primaryimage\"},\"image\":{\"@id\":\"https:\\\/\\\/abc-latina.com\\\/perou\\\/canete\\\/#primaryimage\"},\"thumbnailUrl\":\"http:\\\/\\\/www.abc-latina.com\\\/perou\\\/Images\\\/divers\\\/delta2.jpg\",\"datePublished\":\"2010-10-11T19:47:38+00:00\",\"dateModified\":\"2026-04-30T16:25:15+00:00\",\"description\":\"F\u00eate de Canete - P\u00e9rou.\",\"breadcrumb\":{\"@id\":\"https:\\\/\\\/abc-latina.com\\\/perou\\\/canete\\\/#breadcrumb\"},\"inLanguage\":\"fr-FR\",\"potentialAction\":[{\"@type\":\"ReadAction\",\"target\":[\"https:\\\/\\\/abc-latina.com\\\/perou\\\/canete\\\/\"]}]},{\"@type\":\"ImageObject\",\"inLanguage\":\"fr-FR\",\"@id\":\"https:\\\/\\\/abc-latina.com\\\/perou\\\/canete\\\/#primaryimage\",\"url\":\"http:\\\/\\\/www.abc-latina.com\\\/perou\\\/Images\\\/divers\\\/delta2.jpg\",\"contentUrl\":\"http:\\\/\\\/www.abc-latina.com\\\/perou\\\/Images\\\/divers\\\/delta2.jpg\"},{\"@type\":\"BreadcrumbList\",\"@id\":\"https:\\\/\\\/abc-latina.com\\\/perou\\\/canete\\\/#breadcrumb\",\"itemListElement\":[{\"@type\":\"ListItem\",\"position\":1,\"name\":\"Accueil\",\"item\":\"https:\\\/\\\/abc-latina.com\\\/\"},{\"@type\":\"ListItem\",\"position\":2,\"name\":\"CANETE FESTIVAL DES SPORTS D&rsquo;AVENTURE\"}]},{\"@type\":\"WebSite\",\"@id\":\"https:\\\/\\\/abc-latina.com\\\/#website\",\"url\":\"https:\\\/\\\/abc-latina.com\\\/\",\"name\":\"Abc-latina\",\"description\":\"\",\"publisher\":{\"@id\":\"https:\\\/\\\/abc-latina.com\\\/#organization\"},\"potentialAction\":[{\"@type\":\"SearchAction\",\"target\":{\"@type\":\"EntryPoint\",\"urlTemplate\":\"https:\\\/\\\/abc-latina.com\\\/?s={search_term_string}\"},\"query-input\":{\"@type\":\"PropertyValueSpecification\",\"valueRequired\":true,\"valueName\":\"search_term_string\"}}],\"inLanguage\":\"fr-FR\"},{\"@type\":\"Organization\",\"@id\":\"https:\\\/\\\/abc-latina.com\\\/#organization\",\"name\":\"Abc-latina\",\"url\":\"https:\\\/\\\/abc-latina.com\\\/\",\"logo\":{\"@type\":\"ImageObject\",\"inLanguage\":\"fr-FR\",\"@id\":\"https:\\\/\\\/abc-latina.com\\\/#\\\/schema\\\/logo\\\/image\\\/\",\"url\":\"https:\\\/\\\/abc-latina.com\\\/wp-content\\\/uploads\\\/2026\\\/05\\\/cropped-logo.gif\",\"contentUrl\":\"https:\\\/\\\/abc-latina.com\\\/wp-content\\\/uploads\\\/2026\\\/05\\\/cropped-logo.gif\",\"width\":89,\"height\":84,\"caption\":\"Abc-latina\"},\"image\":{\"@id\":\"https:\\\/\\\/abc-latina.com\\\/#\\\/schema\\\/logo\\\/image\\\/\"}}]}<\/script>\n<!-- \/ Yoast SEO plugin. -->","yoast_head_json":{"title":"CANETE FESTIVAL DES SPORTS D'AVENTURE - Abc-latina","description":"F\u00eate de Canete - P\u00e9rou.","robots":{"index":"index","follow":"follow","max-snippet":"max-snippet:-1","max-image-preview":"max-image-preview:large","max-video-preview":"max-video-preview:-1"},"canonical":"https:\/\/abc-latina.com\/perou\/canete\/","og_locale":"fr_FR","og_type":"article","og_title":"CANETE FESTIVAL DES SPORTS D'AVENTURE - Abc-latina","og_description":"F\u00eate de Canete - P\u00e9rou.","og_url":"https:\/\/abc-latina.com\/perou\/canete\/","og_site_name":"Abc-latina","article_modified_time":"2026-04-30T16:25:15+00:00","og_image":[{"url":"http:\/\/www.abc-latina.com\/perou\/Images\/divers\/delta2.jpg","type":"","width":"","height":""}],"twitter_card":"summary_large_image","twitter_misc":{"Dur\u00e9e de lecture estim\u00e9e":"1 minute"},"schema":{"@context":"https:\/\/schema.org","@graph":[{"@type":"WebPage","@id":"https:\/\/abc-latina.com\/perou\/canete\/","url":"https:\/\/abc-latina.com\/perou\/canete\/","name":"CANETE FESTIVAL DES SPORTS D'AVENTURE - Abc-latina","isPartOf":{"@id":"https:\/\/abc-latina.com\/#website"},"primaryImageOfPage":{"@id":"https:\/\/abc-latina.com\/perou\/canete\/#primaryimage"},"image":{"@id":"https:\/\/abc-latina.com\/perou\/canete\/#primaryimage"},"thumbnailUrl":"http:\/\/www.abc-latina.com\/perou\/Images\/divers\/delta2.jpg","datePublished":"2010-10-11T19:47:38+00:00","dateModified":"2026-04-30T16:25:15+00:00","description":"F\u00eate de Canete - P\u00e9rou.","breadcrumb":{"@id":"https:\/\/abc-latina.com\/perou\/canete\/#breadcrumb"},"inLanguage":"fr-FR","potentialAction":[{"@type":"ReadAction","target":["https:\/\/abc-latina.com\/perou\/canete\/"]}]},{"@type":"ImageObject","inLanguage":"fr-FR","@id":"https:\/\/abc-latina.com\/perou\/canete\/#primaryimage","url":"http:\/\/www.abc-latina.com\/perou\/Images\/divers\/delta2.jpg","contentUrl":"http:\/\/www.abc-latina.com\/perou\/Images\/divers\/delta2.jpg"},{"@type":"BreadcrumbList","@id":"https:\/\/abc-latina.com\/perou\/canete\/#breadcrumb","itemListElement":[{"@type":"ListItem","position":1,"name":"Accueil","item":"https:\/\/abc-latina.com\/"},{"@type":"ListItem","position":2,"name":"CANETE FESTIVAL DES SPORTS D&rsquo;AVENTURE"}]},{"@type":"WebSite","@id":"https:\/\/abc-latina.com\/#website","url":"https:\/\/abc-latina.com\/","name":"Abc-latina","description":"","publisher":{"@id":"https:\/\/abc-latina.com\/#organization"},"potentialAction":[{"@type":"SearchAction","target":{"@type":"EntryPoint","urlTemplate":"https:\/\/abc-latina.com\/?s={search_term_string}"},"query-input":{"@type":"PropertyValueSpecification","valueRequired":true,"valueName":"search_term_string"}}],"inLanguage":"fr-FR"},{"@type":"Organization","@id":"https:\/\/abc-latina.com\/#organization","name":"Abc-latina","url":"https:\/\/abc-latina.com\/","logo":{"@type":"ImageObject","inLanguage":"fr-FR","@id":"https:\/\/abc-latina.com\/#\/schema\/logo\/image\/","url":"https:\/\/abc-latina.com\/wp-content\/uploads\/2026\/05\/cropped-logo.gif","contentUrl":"https:\/\/abc-latina.com\/wp-content\/uploads\/2026\/05\/cropped-logo.gif","width":89,"height":84,"caption":"Abc-latina"},"image":{"@id":"https:\/\/abc-latina.com\/#\/schema\/logo\/image\/"}}]}},"_links":{"self":[{"href":"https:\/\/abc-latina.com\/wp-json\/wp\/v2\/pages\/2341","targetHints":{"allow":["GET"]}}],"collection":[{"href":"https:\/\/abc-latina.com\/wp-json\/wp\/v2\/pages"}],"about":[{"href":"https:\/\/abc-latina.com\/wp-json\/wp\/v2\/types\/page"}],"author":[{"embeddable":true,"href":"https:\/\/abc-latina.com\/wp-json\/wp\/v2\/users\/3"}],"replies":[{"embeddable":true,"href":"https:\/\/abc-latina.com\/wp-json\/wp\/v2\/comments?post=2341"}],"version-history":[{"count":1,"href":"https:\/\/abc-latina.com\/wp-json\/wp\/v2\/pages\/2341\/revisions"}],"predecessor-version":[{"id":3695,"href":"https:\/\/abc-latina.com\/wp-json\/wp\/v2\/pages\/2341\/revisions\/3695"}],"up":[{"embeddable":true,"href":"https:\/\/abc-latina.com\/wp-json\/wp\/v2\/pages\/2118"}],"wp:attachment":[{"href":"https:\/\/abc-latina.com\/wp-json\/wp\/v2\/media?parent=2341"}],"curies":[{"name":"wp","href":"https:\/\/api.w.org\/{rel}","templated":true}]}}