{"id":2347,"date":"2010-10-12T17:47:44","date_gmt":"2010-10-12T15:47:44","guid":{"rendered":"http:\/\/abc-latina.com\/chapi-htm\/"},"modified":"2026-04-30T18:25:15","modified_gmt":"2026-04-30T16:25:15","slug":"chapi","status":"publish","type":"page","link":"https:\/\/abc-latina.com\/perou\/chapi\/","title":{"rendered":"VIERGE DE CHAPI"},"content":{"rendered":"<p>Partant de la ville d&rsquo;<a href=\"https:\/\/www.abc-latina.com\/perou\/arequipa\">Arequipa<\/a> et traversant le d\u00e9sert, un immense p\u00e8lerinage se d\u00e9roule chaque ann\u00e9e jusqu&rsquo;au sanctuaire de Chapi pour y v\u00e9n\u00e9rer l&rsquo;image de la Vierge de la Purification, connue maintenant sous le nom de Virgen de Chapi.<\/p>\n<p>En 1790 le cur\u00e9 de Posci, Juan de Dios Jos\u00e9 Tamayo, essaya de transporter la petite statue dans un autre village mais il lui fut impossible de bouger car subitement elle devint excessivement lourde. Ce miracle se propagea dans toute la r\u00e9gion et aujourd&rsquo;hui les fid\u00e8les parcourent 45 km en 15 heures environ, marchant toute la nuit en s&rsquo;appuyant sur de rustiques b\u00e2tons pour arriver jusqu&rsquo;\u00e0 cet endroit d\u00e9sertique situ\u00e9 \u00e0 la 2420 m d&rsquo;altitude.<\/p>\n<p>Avant le premier arr\u00eat les nombreux p\u00e8lerins s&rsquo;approvisionnent en pierres de diff\u00e9rentes tailles qu&rsquo;ils laisseront \u00e0 Tres Cruces, au bord du chemin, pour former ce qu&rsquo;on appelle les apachetas symbolisant la fatigue et les p\u00e9ch\u00e9s que les fid\u00e8les laissent derri\u00e8re eux. Ils referont la m\u00eame chose \u00e0 Alto de Hornilla puis \u00e0 Siete Toldos, \u00e0 15 km du sanctuaire, formant avec les cierges une infinit\u00e9 de lumi\u00e8res qui scintillent dans l&rsquo;obscurit\u00e9 de la nuit. Le jour suivant, \u00e0 Chapi, la Vierge sort en procession sur des tapis de fleurs. \u00c0 c\u00f4t\u00e9 du sanctuaire, la nuit venue, se d\u00e9roule un spectacle de feux d&rsquo;artifice au cours duquel divers plats traditionnels sont propos\u00e9s.<\/p>\n<p>DATE: le 1er mai \u00e0 Chapi (d\u00e9partement d&rsquo;Arequipa).<\/p>\n","protected":false},"excerpt":{"rendered":"<p>Partant de la ville d&rsquo;Arequipa et traversant le d\u00e9sert, un immense p\u00e8lerinage se d\u00e9roule chaque ann\u00e9e jusqu&rsquo;au sanctuaire de Chapi [&hellip;]<\/p>\n","protected":false},"author":3,"featured_media":0,"parent":2118,"menu_order":0,"comment_status":"closed","ping_status":"closed","template":"","meta":{"site-sidebar-layout":"default","site-content-layout":"","ast-site-content-layout":"default","site-content-style":"default","site-sidebar-style":"default","ast-global-header-display":"","ast-banner-title-visibility":"","ast-main-header-display":"","ast-hfb-above-header-display":"","ast-hfb-below-header-display":"","ast-hfb-mobile-header-display":"","site-post-title":"","ast-breadcrumbs-content":"","ast-featured-img":"","footer-sml-layout":"","ast-disable-related-posts":"","theme-transparent-header-meta":"","adv-header-id-meta":"","stick-header-meta":"","header-above-stick-meta":"","header-main-stick-meta":"","header-below-stick-meta":"","astra-migrate-meta-layouts":"default","ast-page-background-enabled":"default","ast-page-background-meta":{"desktop":{"background-color":"var(--ast-global-color-5)","background-image":"","background-repeat":"repeat","background-position":"center center","background-size":"auto","background-attachment":"scroll","background-type":"","background-media":"","overlay-type":"","overlay-color":"","overlay-opacity":"","overlay-gradient":""},"tablet":{"background-color":"","background-image":"","background-repeat":"repeat","background-position":"center center","background-size":"auto","background-attachment":"scroll","background-type":"","background-media":"","overlay-type":"","overlay-color":"","overlay-opacity":"","overlay-gradient":""},"mobile":{"background-color":"","background-image":"","background-repeat":"repeat","background-position":"center center","background-size":"auto","background-attachment":"scroll","background-type":"","background-media":"","overlay-type":"","overlay-color":"","overlay-opacity":"","overlay-gradient":""}},"ast-content-background-meta":{"desktop":{"background-color":"var(--ast-global-color-4)","background-image":"","background-repeat":"repeat","background-position":"center center","background-size":"auto","background-attachment":"scroll","background-type":"","background-media":"","overlay-type":"","overlay-color":"","overlay-opacity":"","overlay-gradient":""},"tablet":{"background-color":"var(--ast-global-color-4)","background-image":"","background-repeat":"repeat","background-position":"center center","background-size":"auto","background-attachment":"scroll","background-type":"","background-media":"","overlay-type":"","overlay-color":"","overlay-opacity":"","overlay-gradient":""},"mobile":{"background-color":"var(--ast-global-color-4)","background-image":"","background-repeat":"repeat","background-position":"center center","background-size":"auto","background-attachment":"scroll","background-type":"","background-media":"","overlay-type":"","overlay-color":"","overlay-opacity":"","overlay-gradient":""}},"footnotes":""},"class_list":["post-2347","page","type-page","status-publish","hentry"],"yoast_head":"<!-- This site is optimized with the Yoast SEO plugin v27.5 - https:\/\/yoast.com\/product\/yoast-seo-wordpress\/ -->\n<title>VIERGE DE CHAPI - Abc-latina<\/title>\n<meta name=\"description\" content=\"F\u00eate p\u00e9ruvienne: La vierge de Chapi.\" \/>\n<meta name=\"robots\" content=\"index, follow, max-snippet:-1, max-image-preview:large, max-video-preview:-1\" \/>\n<link rel=\"canonical\" href=\"https:\/\/abc-latina.com\/perou\/chapi\/\" \/>\n<meta property=\"og:locale\" content=\"fr_FR\" \/>\n<meta property=\"og:type\" content=\"article\" \/>\n<meta property=\"og:title\" content=\"VIERGE DE CHAPI - Abc-latina\" \/>\n<meta property=\"og:description\" content=\"F\u00eate p\u00e9ruvienne: La vierge de Chapi.\" \/>\n<meta property=\"og:url\" content=\"https:\/\/abc-latina.com\/perou\/chapi\/\" \/>\n<meta property=\"og:site_name\" content=\"Abc-latina\" \/>\n<meta property=\"article:modified_time\" content=\"2026-04-30T16:25:15+00:00\" \/>\n<meta name=\"twitter:card\" content=\"summary_large_image\" \/>\n<meta name=\"twitter:label1\" content=\"Dur\u00e9e de lecture estim\u00e9e\" \/>\n\t<meta name=\"twitter:data1\" content=\"1 minute\" \/>\n<script type=\"application\/ld+json\" class=\"yoast-schema-graph\">{\"@context\":\"https:\\\/\\\/schema.org\",\"@graph\":[{\"@type\":\"WebPage\",\"@id\":\"https:\\\/\\\/abc-latina.com\\\/perou\\\/chapi\\\/\",\"url\":\"https:\\\/\\\/abc-latina.com\\\/perou\\\/chapi\\\/\",\"name\":\"VIERGE DE CHAPI - Abc-latina\",\"isPartOf\":{\"@id\":\"https:\\\/\\\/abc-latina.com\\\/#website\"},\"datePublished\":\"2010-10-12T15:47:44+00:00\",\"dateModified\":\"2026-04-30T16:25:15+00:00\",\"description\":\"F\u00eate p\u00e9ruvienne: La vierge de Chapi.\",\"breadcrumb\":{\"@id\":\"https:\\\/\\\/abc-latina.com\\\/perou\\\/chapi\\\/#breadcrumb\"},\"inLanguage\":\"fr-FR\",\"potentialAction\":[{\"@type\":\"ReadAction\",\"target\":[\"https:\\\/\\\/abc-latina.com\\\/perou\\\/chapi\\\/\"]}]},{\"@type\":\"BreadcrumbList\",\"@id\":\"https:\\\/\\\/abc-latina.com\\\/perou\\\/chapi\\\/#breadcrumb\",\"itemListElement\":[{\"@type\":\"ListItem\",\"position\":1,\"name\":\"Accueil\",\"item\":\"https:\\\/\\\/abc-latina.com\\\/\"},{\"@type\":\"ListItem\",\"position\":2,\"name\":\"VIERGE DE CHAPI\"}]},{\"@type\":\"WebSite\",\"@id\":\"https:\\\/\\\/abc-latina.com\\\/#website\",\"url\":\"https:\\\/\\\/abc-latina.com\\\/\",\"name\":\"Abc-latina\",\"description\":\"\",\"publisher\":{\"@id\":\"https:\\\/\\\/abc-latina.com\\\/#organization\"},\"potentialAction\":[{\"@type\":\"SearchAction\",\"target\":{\"@type\":\"EntryPoint\",\"urlTemplate\":\"https:\\\/\\\/abc-latina.com\\\/?s={search_term_string}\"},\"query-input\":{\"@type\":\"PropertyValueSpecification\",\"valueRequired\":true,\"valueName\":\"search_term_string\"}}],\"inLanguage\":\"fr-FR\"},{\"@type\":\"Organization\",\"@id\":\"https:\\\/\\\/abc-latina.com\\\/#organization\",\"name\":\"Abc-latina\",\"url\":\"https:\\\/\\\/abc-latina.com\\\/\",\"logo\":{\"@type\":\"ImageObject\",\"inLanguage\":\"fr-FR\",\"@id\":\"https:\\\/\\\/abc-latina.com\\\/#\\\/schema\\\/logo\\\/image\\\/\",\"url\":\"https:\\\/\\\/abc-latina.com\\\/wp-content\\\/uploads\\\/2026\\\/05\\\/cropped-logo.gif\",\"contentUrl\":\"https:\\\/\\\/abc-latina.com\\\/wp-content\\\/uploads\\\/2026\\\/05\\\/cropped-logo.gif\",\"width\":89,\"height\":84,\"caption\":\"Abc-latina\"},\"image\":{\"@id\":\"https:\\\/\\\/abc-latina.com\\\/#\\\/schema\\\/logo\\\/image\\\/\"}}]}<\/script>\n<!-- \/ Yoast SEO plugin. -->","yoast_head_json":{"title":"VIERGE DE CHAPI - Abc-latina","description":"F\u00eate p\u00e9ruvienne: La vierge de Chapi.","robots":{"index":"index","follow":"follow","max-snippet":"max-snippet:-1","max-image-preview":"max-image-preview:large","max-video-preview":"max-video-preview:-1"},"canonical":"https:\/\/abc-latina.com\/perou\/chapi\/","og_locale":"fr_FR","og_type":"article","og_title":"VIERGE DE CHAPI - Abc-latina","og_description":"F\u00eate p\u00e9ruvienne: La vierge de Chapi.","og_url":"https:\/\/abc-latina.com\/perou\/chapi\/","og_site_name":"Abc-latina","article_modified_time":"2026-04-30T16:25:15+00:00","twitter_card":"summary_large_image","twitter_misc":{"Dur\u00e9e de lecture estim\u00e9e":"1 minute"},"schema":{"@context":"https:\/\/schema.org","@graph":[{"@type":"WebPage","@id":"https:\/\/abc-latina.com\/perou\/chapi\/","url":"https:\/\/abc-latina.com\/perou\/chapi\/","name":"VIERGE DE CHAPI - Abc-latina","isPartOf":{"@id":"https:\/\/abc-latina.com\/#website"},"datePublished":"2010-10-12T15:47:44+00:00","dateModified":"2026-04-30T16:25:15+00:00","description":"F\u00eate p\u00e9ruvienne: La vierge de Chapi.","breadcrumb":{"@id":"https:\/\/abc-latina.com\/perou\/chapi\/#breadcrumb"},"inLanguage":"fr-FR","potentialAction":[{"@type":"ReadAction","target":["https:\/\/abc-latina.com\/perou\/chapi\/"]}]},{"@type":"BreadcrumbList","@id":"https:\/\/abc-latina.com\/perou\/chapi\/#breadcrumb","itemListElement":[{"@type":"ListItem","position":1,"name":"Accueil","item":"https:\/\/abc-latina.com\/"},{"@type":"ListItem","position":2,"name":"VIERGE DE CHAPI"}]},{"@type":"WebSite","@id":"https:\/\/abc-latina.com\/#website","url":"https:\/\/abc-latina.com\/","name":"Abc-latina","description":"","publisher":{"@id":"https:\/\/abc-latina.com\/#organization"},"potentialAction":[{"@type":"SearchAction","target":{"@type":"EntryPoint","urlTemplate":"https:\/\/abc-latina.com\/?s={search_term_string}"},"query-input":{"@type":"PropertyValueSpecification","valueRequired":true,"valueName":"search_term_string"}}],"inLanguage":"fr-FR"},{"@type":"Organization","@id":"https:\/\/abc-latina.com\/#organization","name":"Abc-latina","url":"https:\/\/abc-latina.com\/","logo":{"@type":"ImageObject","inLanguage":"fr-FR","@id":"https:\/\/abc-latina.com\/#\/schema\/logo\/image\/","url":"https:\/\/abc-latina.com\/wp-content\/uploads\/2026\/05\/cropped-logo.gif","contentUrl":"https:\/\/abc-latina.com\/wp-content\/uploads\/2026\/05\/cropped-logo.gif","width":89,"height":84,"caption":"Abc-latina"},"image":{"@id":"https:\/\/abc-latina.com\/#\/schema\/logo\/image\/"}}]}},"_links":{"self":[{"href":"https:\/\/abc-latina.com\/wp-json\/wp\/v2\/pages\/2347","targetHints":{"allow":["GET"]}}],"collection":[{"href":"https:\/\/abc-latina.com\/wp-json\/wp\/v2\/pages"}],"about":[{"href":"https:\/\/abc-latina.com\/wp-json\/wp\/v2\/types\/page"}],"author":[{"embeddable":true,"href":"https:\/\/abc-latina.com\/wp-json\/wp\/v2\/users\/3"}],"replies":[{"embeddable":true,"href":"https:\/\/abc-latina.com\/wp-json\/wp\/v2\/comments?post=2347"}],"version-history":[{"count":1,"href":"https:\/\/abc-latina.com\/wp-json\/wp\/v2\/pages\/2347\/revisions"}],"predecessor-version":[{"id":3698,"href":"https:\/\/abc-latina.com\/wp-json\/wp\/v2\/pages\/2347\/revisions\/3698"}],"up":[{"embeddable":true,"href":"https:\/\/abc-latina.com\/wp-json\/wp\/v2\/pages\/2118"}],"wp:attachment":[{"href":"https:\/\/abc-latina.com\/wp-json\/wp\/v2\/media?parent=2347"}],"curies":[{"name":"wp","href":"https:\/\/api.w.org\/{rel}","templated":true}]}}