{"id":2351,"date":"2010-10-12T18:29:03","date_gmt":"2010-10-12T16:29:03","guid":{"rendered":"http:\/\/abc-latina.com\/inti_raymi-htm\/"},"modified":"2026-04-30T18:25:16","modified_gmt":"2026-04-30T16:25:16","slug":"inti_raymi","status":"publish","type":"page","link":"https:\/\/abc-latina.com\/perou\/inti_raymi\/","title":{"rendered":"INTI RAYMI"},"content":{"rendered":"<div><img loading=\"lazy\" decoding=\"async\" src=\"http:\/\/www.abc-latina.com\/perou\/Images\/inti-raymi.jpg\" title=\"INTI RAYMI\" alt=\"INTI RAYMI\" width=\"220\" vspace=\"9\" hspace=\"15\" height=\"220\" align=\"right\" \/>L&rsquo;<span class=\"tourisme-chapitre\">Inti Raymi <\/span>est une f\u00eate religieuse qui avait lieu, \u00e0 l&rsquo;\u00e9poque de l&rsquo;empire <a target=\"_blank\" href=\"https:\/\/www.abc-latina.com\/civilisations\/Inca\">inca<\/a>, sur les sites importants dans le but de rendre hommages aux dieux. De nos jours, c&rsquo;est une reconstitution qui perp\u00e9tue la tradition et offre un magnifique spectacle \u00e0 une foule de touristes venue ce jour l\u00e0 en masse.&nbsp;<\/p>\n<div>&nbsp;<\/div>\n<div>Le solstice d&rsquo;hiver de l&rsquo;h\u00e9misph\u00e8re sud et la p\u00e9riode des r\u00e9coltes \u00e9taient les raisons de cette c\u00e9l\u00e9bration qui rappelle la plus grande et la plus majestueuse c\u00e9r\u00e9monie Pr\u00e9 Hispanique en hommage au Soleil.&nbsp;<\/div>\n<div>La repr\u00e9sentation centrale a lieu sur l&rsquo;esplanade de l&rsquo;impressionnante forteresse de Sacsayhuaman, sur les hauteurs de <a href=\"https:\/\/www.abc-latina.com\/perou\/cuzco\">Cuzco<\/a>. L\u00e0 sont mise en sc\u00e8ne pas \u00e0 pas, en une longue c\u00e9r\u00e9monie, la reconnaissance et la gratitude rituelles envers le dieu Soleil. L&rsquo;Inca est conduit en anda depuis le Koricancha ou Temple du Soleil jusqu&rsquo;au Huacaypata (place principale de la ville), o\u00f9 il pousse les autorit\u00e9s \u00e0 r\u00e9aliser un bon gouvernement.<\/div>\n<div>&nbsp;<\/div>\n<div>Les participants se rendre ensuite \u00e0 Sacsayhuaman o\u00f9 aura lieu le sacrifice d&rsquo;un lama blanc et d&rsquo;un lama noir. Les visc\u00e8res et la graisse des lamas sont remises \u00e0 deux pr\u00eatres : les intestins son d&rsquo;abord offerts au Callpa Ricuy pour qu&rsquo;il fasse les pr\u00e9dictions de l&rsquo;ann\u00e9e, tandis que le Wupariruj prend la graisse d&rsquo;o\u00f9 il tirera ses pr\u00e9sages en observant la fum\u00e9e. Les pr\u00e9dictions donn\u00e9es sont interpr\u00e9t\u00e9es par le Willac Umo, pr\u00eatre supr\u00eame, qui en fait part \u00e0 l&rsquo;Inca. Finalement, au coucher du soleil et l&rsquo;Inca donne l&rsquo;ordre de se retirer ; \u00e9clate alors un tumulte effr\u00e9n\u00e9 qui durera plusieurs jours.<\/div>\n<div>&nbsp;<\/div>\n<p>DATE: le 24 juin \u00e0 Cuzco.<\/p>\n<\/div>\n","protected":false},"excerpt":{"rendered":"<p>L&rsquo;Inti Raymi est une f\u00eate religieuse qui avait lieu, \u00e0 l&rsquo;\u00e9poque de l&rsquo;empire inca, sur les sites importants dans le [&hellip;]<\/p>\n","protected":false},"author":3,"featured_media":0,"parent":2118,"menu_order":0,"comment_status":"closed","ping_status":"closed","template":"","meta":{"site-sidebar-layout":"default","site-content-layout":"","ast-site-content-layout":"default","site-content-style":"default","site-sidebar-style":"default","ast-global-header-display":"","ast-banner-title-visibility":"","ast-main-header-display":"","ast-hfb-above-header-display":"","ast-hfb-below-header-display":"","ast-hfb-mobile-header-display":"","site-post-title":"","ast-breadcrumbs-content":"","ast-featured-img":"","footer-sml-layout":"","ast-disable-related-posts":"","theme-transparent-header-meta":"","adv-header-id-meta":"","stick-header-meta":"","header-above-stick-meta":"","header-main-stick-meta":"","header-below-stick-meta":"","astra-migrate-meta-layouts":"default","ast-page-background-enabled":"default","ast-page-background-meta":{"desktop":{"background-color":"var(--ast-global-color-5)","background-image":"","background-repeat":"repeat","background-position":"center center","background-size":"auto","background-attachment":"scroll","background-type":"","background-media":"","overlay-type":"","overlay-color":"","overlay-opacity":"","overlay-gradient":""},"tablet":{"background-color":"","background-image":"","background-repeat":"repeat","background-position":"center center","background-size":"auto","background-attachment":"scroll","background-type":"","background-media":"","overlay-type":"","overlay-color":"","overlay-opacity":"","overlay-gradient":""},"mobile":{"background-color":"","background-image":"","background-repeat":"repeat","background-position":"center center","background-size":"auto","background-attachment":"scroll","background-type":"","background-media":"","overlay-type":"","overlay-color":"","overlay-opacity":"","overlay-gradient":""}},"ast-content-background-meta":{"desktop":{"background-color":"var(--ast-global-color-4)","background-image":"","background-repeat":"repeat","background-position":"center center","background-size":"auto","background-attachment":"scroll","background-type":"","background-media":"","overlay-type":"","overlay-color":"","overlay-opacity":"","overlay-gradient":""},"tablet":{"background-color":"var(--ast-global-color-4)","background-image":"","background-repeat":"repeat","background-position":"center center","background-size":"auto","background-attachment":"scroll","background-type":"","background-media":"","overlay-type":"","overlay-color":"","overlay-opacity":"","overlay-gradient":""},"mobile":{"background-color":"var(--ast-global-color-4)","background-image":"","background-repeat":"repeat","background-position":"center center","background-size":"auto","background-attachment":"scroll","background-type":"","background-media":"","overlay-type":"","overlay-color":"","overlay-opacity":"","overlay-gradient":""}},"footnotes":""},"class_list":["post-2351","page","type-page","status-publish","hentry"],"yoast_head":"<!-- This site is optimized with the Yoast SEO plugin v27.5 - https:\/\/yoast.com\/product\/yoast-seo-wordpress\/ -->\n<title>INTI RAYMI - Abc-latina<\/title>\n<meta name=\"description\" content=\"La f\u00eate de l&#039;Inti Raymi.\" \/>\n<meta name=\"robots\" content=\"index, follow, max-snippet:-1, max-image-preview:large, max-video-preview:-1\" \/>\n<link rel=\"canonical\" href=\"https:\/\/abc-latina.com\/perou\/inti_raymi\/\" \/>\n<meta property=\"og:locale\" content=\"fr_FR\" \/>\n<meta property=\"og:type\" content=\"article\" \/>\n<meta property=\"og:title\" content=\"INTI RAYMI - Abc-latina\" \/>\n<meta property=\"og:description\" content=\"La f\u00eate de l&#039;Inti Raymi.\" \/>\n<meta property=\"og:url\" content=\"https:\/\/abc-latina.com\/perou\/inti_raymi\/\" \/>\n<meta property=\"og:site_name\" content=\"Abc-latina\" \/>\n<meta property=\"article:modified_time\" content=\"2026-04-30T16:25:16+00:00\" \/>\n<meta property=\"og:image\" content=\"http:\/\/www.abc-latina.com\/perou\/Images\/inti-raymi.jpg\" \/>\n<meta name=\"twitter:card\" content=\"summary_large_image\" \/>\n<meta name=\"twitter:label1\" content=\"Dur\u00e9e de lecture estim\u00e9e\" \/>\n\t<meta name=\"twitter:data1\" content=\"1 minute\" \/>\n<script type=\"application\/ld+json\" class=\"yoast-schema-graph\">{\"@context\":\"https:\\\/\\\/schema.org\",\"@graph\":[{\"@type\":\"WebPage\",\"@id\":\"https:\\\/\\\/abc-latina.com\\\/perou\\\/inti_raymi\\\/\",\"url\":\"https:\\\/\\\/abc-latina.com\\\/perou\\\/inti_raymi\\\/\",\"name\":\"INTI RAYMI - Abc-latina\",\"isPartOf\":{\"@id\":\"https:\\\/\\\/abc-latina.com\\\/#website\"},\"primaryImageOfPage\":{\"@id\":\"https:\\\/\\\/abc-latina.com\\\/perou\\\/inti_raymi\\\/#primaryimage\"},\"image\":{\"@id\":\"https:\\\/\\\/abc-latina.com\\\/perou\\\/inti_raymi\\\/#primaryimage\"},\"thumbnailUrl\":\"http:\\\/\\\/www.abc-latina.com\\\/perou\\\/Images\\\/inti-raymi.jpg\",\"datePublished\":\"2010-10-12T16:29:03+00:00\",\"dateModified\":\"2026-04-30T16:25:16+00:00\",\"description\":\"La f\u00eate de l'Inti Raymi.\",\"breadcrumb\":{\"@id\":\"https:\\\/\\\/abc-latina.com\\\/perou\\\/inti_raymi\\\/#breadcrumb\"},\"inLanguage\":\"fr-FR\",\"potentialAction\":[{\"@type\":\"ReadAction\",\"target\":[\"https:\\\/\\\/abc-latina.com\\\/perou\\\/inti_raymi\\\/\"]}]},{\"@type\":\"ImageObject\",\"inLanguage\":\"fr-FR\",\"@id\":\"https:\\\/\\\/abc-latina.com\\\/perou\\\/inti_raymi\\\/#primaryimage\",\"url\":\"http:\\\/\\\/www.abc-latina.com\\\/perou\\\/Images\\\/inti-raymi.jpg\",\"contentUrl\":\"http:\\\/\\\/www.abc-latina.com\\\/perou\\\/Images\\\/inti-raymi.jpg\"},{\"@type\":\"BreadcrumbList\",\"@id\":\"https:\\\/\\\/abc-latina.com\\\/perou\\\/inti_raymi\\\/#breadcrumb\",\"itemListElement\":[{\"@type\":\"ListItem\",\"position\":1,\"name\":\"Accueil\",\"item\":\"https:\\\/\\\/abc-latina.com\\\/\"},{\"@type\":\"ListItem\",\"position\":2,\"name\":\"INTI RAYMI\"}]},{\"@type\":\"WebSite\",\"@id\":\"https:\\\/\\\/abc-latina.com\\\/#website\",\"url\":\"https:\\\/\\\/abc-latina.com\\\/\",\"name\":\"Abc-latina\",\"description\":\"\",\"publisher\":{\"@id\":\"https:\\\/\\\/abc-latina.com\\\/#organization\"},\"potentialAction\":[{\"@type\":\"SearchAction\",\"target\":{\"@type\":\"EntryPoint\",\"urlTemplate\":\"https:\\\/\\\/abc-latina.com\\\/?s={search_term_string}\"},\"query-input\":{\"@type\":\"PropertyValueSpecification\",\"valueRequired\":true,\"valueName\":\"search_term_string\"}}],\"inLanguage\":\"fr-FR\"},{\"@type\":\"Organization\",\"@id\":\"https:\\\/\\\/abc-latina.com\\\/#organization\",\"name\":\"Abc-latina\",\"url\":\"https:\\\/\\\/abc-latina.com\\\/\",\"logo\":{\"@type\":\"ImageObject\",\"inLanguage\":\"fr-FR\",\"@id\":\"https:\\\/\\\/abc-latina.com\\\/#\\\/schema\\\/logo\\\/image\\\/\",\"url\":\"https:\\\/\\\/abc-latina.com\\\/wp-content\\\/uploads\\\/2026\\\/05\\\/cropped-logo.gif\",\"contentUrl\":\"https:\\\/\\\/abc-latina.com\\\/wp-content\\\/uploads\\\/2026\\\/05\\\/cropped-logo.gif\",\"width\":89,\"height\":84,\"caption\":\"Abc-latina\"},\"image\":{\"@id\":\"https:\\\/\\\/abc-latina.com\\\/#\\\/schema\\\/logo\\\/image\\\/\"}}]}<\/script>\n<!-- \/ Yoast SEO plugin. -->","yoast_head_json":{"title":"INTI RAYMI - Abc-latina","description":"La f\u00eate de l'Inti Raymi.","robots":{"index":"index","follow":"follow","max-snippet":"max-snippet:-1","max-image-preview":"max-image-preview:large","max-video-preview":"max-video-preview:-1"},"canonical":"https:\/\/abc-latina.com\/perou\/inti_raymi\/","og_locale":"fr_FR","og_type":"article","og_title":"INTI RAYMI - Abc-latina","og_description":"La f\u00eate de l'Inti Raymi.","og_url":"https:\/\/abc-latina.com\/perou\/inti_raymi\/","og_site_name":"Abc-latina","article_modified_time":"2026-04-30T16:25:16+00:00","og_image":[{"url":"http:\/\/www.abc-latina.com\/perou\/Images\/inti-raymi.jpg","type":"","width":"","height":""}],"twitter_card":"summary_large_image","twitter_misc":{"Dur\u00e9e de lecture estim\u00e9e":"1 minute"},"schema":{"@context":"https:\/\/schema.org","@graph":[{"@type":"WebPage","@id":"https:\/\/abc-latina.com\/perou\/inti_raymi\/","url":"https:\/\/abc-latina.com\/perou\/inti_raymi\/","name":"INTI RAYMI - Abc-latina","isPartOf":{"@id":"https:\/\/abc-latina.com\/#website"},"primaryImageOfPage":{"@id":"https:\/\/abc-latina.com\/perou\/inti_raymi\/#primaryimage"},"image":{"@id":"https:\/\/abc-latina.com\/perou\/inti_raymi\/#primaryimage"},"thumbnailUrl":"http:\/\/www.abc-latina.com\/perou\/Images\/inti-raymi.jpg","datePublished":"2010-10-12T16:29:03+00:00","dateModified":"2026-04-30T16:25:16+00:00","description":"La f\u00eate de l'Inti Raymi.","breadcrumb":{"@id":"https:\/\/abc-latina.com\/perou\/inti_raymi\/#breadcrumb"},"inLanguage":"fr-FR","potentialAction":[{"@type":"ReadAction","target":["https:\/\/abc-latina.com\/perou\/inti_raymi\/"]}]},{"@type":"ImageObject","inLanguage":"fr-FR","@id":"https:\/\/abc-latina.com\/perou\/inti_raymi\/#primaryimage","url":"http:\/\/www.abc-latina.com\/perou\/Images\/inti-raymi.jpg","contentUrl":"http:\/\/www.abc-latina.com\/perou\/Images\/inti-raymi.jpg"},{"@type":"BreadcrumbList","@id":"https:\/\/abc-latina.com\/perou\/inti_raymi\/#breadcrumb","itemListElement":[{"@type":"ListItem","position":1,"name":"Accueil","item":"https:\/\/abc-latina.com\/"},{"@type":"ListItem","position":2,"name":"INTI RAYMI"}]},{"@type":"WebSite","@id":"https:\/\/abc-latina.com\/#website","url":"https:\/\/abc-latina.com\/","name":"Abc-latina","description":"","publisher":{"@id":"https:\/\/abc-latina.com\/#organization"},"potentialAction":[{"@type":"SearchAction","target":{"@type":"EntryPoint","urlTemplate":"https:\/\/abc-latina.com\/?s={search_term_string}"},"query-input":{"@type":"PropertyValueSpecification","valueRequired":true,"valueName":"search_term_string"}}],"inLanguage":"fr-FR"},{"@type":"Organization","@id":"https:\/\/abc-latina.com\/#organization","name":"Abc-latina","url":"https:\/\/abc-latina.com\/","logo":{"@type":"ImageObject","inLanguage":"fr-FR","@id":"https:\/\/abc-latina.com\/#\/schema\/logo\/image\/","url":"https:\/\/abc-latina.com\/wp-content\/uploads\/2026\/05\/cropped-logo.gif","contentUrl":"https:\/\/abc-latina.com\/wp-content\/uploads\/2026\/05\/cropped-logo.gif","width":89,"height":84,"caption":"Abc-latina"},"image":{"@id":"https:\/\/abc-latina.com\/#\/schema\/logo\/image\/"}}]}},"_links":{"self":[{"href":"https:\/\/abc-latina.com\/wp-json\/wp\/v2\/pages\/2351","targetHints":{"allow":["GET"]}}],"collection":[{"href":"https:\/\/abc-latina.com\/wp-json\/wp\/v2\/pages"}],"about":[{"href":"https:\/\/abc-latina.com\/wp-json\/wp\/v2\/types\/page"}],"author":[{"embeddable":true,"href":"https:\/\/abc-latina.com\/wp-json\/wp\/v2\/users\/3"}],"replies":[{"embeddable":true,"href":"https:\/\/abc-latina.com\/wp-json\/wp\/v2\/comments?post=2351"}],"version-history":[{"count":1,"href":"https:\/\/abc-latina.com\/wp-json\/wp\/v2\/pages\/2351\/revisions"}],"predecessor-version":[{"id":3705,"href":"https:\/\/abc-latina.com\/wp-json\/wp\/v2\/pages\/2351\/revisions\/3705"}],"up":[{"embeddable":true,"href":"https:\/\/abc-latina.com\/wp-json\/wp\/v2\/pages\/2118"}],"wp:attachment":[{"href":"https:\/\/abc-latina.com\/wp-json\/wp\/v2\/media?parent=2351"}],"curies":[{"name":"wp","href":"https:\/\/api.w.org\/{rel}","templated":true}]}}