{"id":2354,"date":"2010-10-12T18:47:24","date_gmt":"2010-10-12T16:47:24","guid":{"rendered":"http:\/\/abc-latina.com\/corpus_christi-htm\/"},"modified":"2026-04-30T18:25:15","modified_gmt":"2026-04-30T16:25:15","slug":"corpus_christi","status":"publish","type":"page","link":"https:\/\/abc-latina.com\/perou\/corpus_christi\/","title":{"rendered":"PEROU: CORPUS CHRISTI"},"content":{"rendered":"<p>La f\u00eate de Corpus Christi (F\u00eate-Dieu) est c\u00e9l\u00e9br\u00e9e dans tout le pays depuis l&rsquo;\u00e9poque de la Colonie mais c&rsquo;est au <a href=\"https:\/\/www.abc-latina.com\/perou\/cuzco\">Cusco<\/a> qu&rsquo;elle atteint toute son intensit\u00e9. Quinze saints et vierges de divers districts arrivent en procession \u00e0 la cath\u00e9drale pour &quot; saluer &quot; le corps du Christ, c&rsquo;est-\u00e0-dire l&rsquo;hostie consacr\u00e9e qui est conserv\u00e9e dans le fabuleux ostensoir en or massif pesant 26 kilos et mesurant un 1,20m de haut.<\/p>\n<p>Soixante jours apr\u00e8s le dimanche de P\u00e2ques, chaque \u00e9glise prom\u00e8ne son Saint patron au rythme des sons de la Maria Angola, la plus grosse cloche du P\u00e9rou, fa\u00e7onn\u00e9e au cours du XVIe si\u00e8cle par le ma\u00eetre Diego Arias de la Cerda dans un alliage de cuivre et d&rsquo;or.<\/p>\n<p>La nuit pr\u00e9c\u00e9dente une veill\u00e9e \u00e0 lieu au cours de laquelle sont servis des plats typiques tels que le chiriuchu, cochon d&rsquo;Inde au piment, accompagn\u00e9 de bi\u00e8re, de chicha et de pain de ma\u00efs. \u00c0 peine la lumi\u00e8re du jour point-elle que commence le d\u00e9fil\u00e9, autour du Huacaypata (place principale), des cinq vierges par\u00e9es d&rsquo;un ensemble impressionnant de pierreries et de luxueux brocarts, ainsi que des Saint-S\u00e9bastien, Blaise, Joseph et de l&rsquo;Ap\u00f4tre Jacques sur son magnifique cheval blanc.<\/p>\n<p>Les saints entrent ensuite dans la cath\u00e9drale pour le salut. La c\u00e9r\u00e9monie termin\u00e9e les repr\u00e9sentants des diverses communaut\u00e9s et les autorit\u00e9s se r\u00e9unissent sur la place principale pour discuter des probl\u00e8mes locaux. Finalement les d\u00e9l\u00e9gations retournent dans leurs \u00e9glises d&rsquo;origine accompagn\u00e9es de cantiques et de chants.<\/p>\n<p>DATE: en juin \u00e0 Cuzco.<\/p>\n","protected":false},"excerpt":{"rendered":"<p>La f\u00eate de Corpus Christi (F\u00eate-Dieu) est c\u00e9l\u00e9br\u00e9e dans tout le pays depuis l&rsquo;\u00e9poque de la Colonie mais c&rsquo;est au [&hellip;]<\/p>\n","protected":false},"author":3,"featured_media":0,"parent":2118,"menu_order":0,"comment_status":"closed","ping_status":"closed","template":"","meta":{"site-sidebar-layout":"default","site-content-layout":"","ast-site-content-layout":"default","site-content-style":"default","site-sidebar-style":"default","ast-global-header-display":"","ast-banner-title-visibility":"","ast-main-header-display":"","ast-hfb-above-header-display":"","ast-hfb-below-header-display":"","ast-hfb-mobile-header-display":"","site-post-title":"","ast-breadcrumbs-content":"","ast-featured-img":"","footer-sml-layout":"","ast-disable-related-posts":"","theme-transparent-header-meta":"","adv-header-id-meta":"","stick-header-meta":"","header-above-stick-meta":"","header-main-stick-meta":"","header-below-stick-meta":"","astra-migrate-meta-layouts":"default","ast-page-background-enabled":"default","ast-page-background-meta":{"desktop":{"background-color":"var(--ast-global-color-5)","background-image":"","background-repeat":"repeat","background-position":"center center","background-size":"auto","background-attachment":"scroll","background-type":"","background-media":"","overlay-type":"","overlay-color":"","overlay-opacity":"","overlay-gradient":""},"tablet":{"background-color":"","background-image":"","background-repeat":"repeat","background-position":"center center","background-size":"auto","background-attachment":"scroll","background-type":"","background-media":"","overlay-type":"","overlay-color":"","overlay-opacity":"","overlay-gradient":""},"mobile":{"background-color":"","background-image":"","background-repeat":"repeat","background-position":"center center","background-size":"auto","background-attachment":"scroll","background-type":"","background-media":"","overlay-type":"","overlay-color":"","overlay-opacity":"","overlay-gradient":""}},"ast-content-background-meta":{"desktop":{"background-color":"var(--ast-global-color-4)","background-image":"","background-repeat":"repeat","background-position":"center center","background-size":"auto","background-attachment":"scroll","background-type":"","background-media":"","overlay-type":"","overlay-color":"","overlay-opacity":"","overlay-gradient":""},"tablet":{"background-color":"var(--ast-global-color-4)","background-image":"","background-repeat":"repeat","background-position":"center center","background-size":"auto","background-attachment":"scroll","background-type":"","background-media":"","overlay-type":"","overlay-color":"","overlay-opacity":"","overlay-gradient":""},"mobile":{"background-color":"var(--ast-global-color-4)","background-image":"","background-repeat":"repeat","background-position":"center center","background-size":"auto","background-attachment":"scroll","background-type":"","background-media":"","overlay-type":"","overlay-color":"","overlay-opacity":"","overlay-gradient":""}},"footnotes":""},"class_list":["post-2354","page","type-page","status-publish","hentry"],"yoast_head":"<!-- This site is optimized with the Yoast SEO plugin v27.5 - https:\/\/yoast.com\/product\/yoast-seo-wordpress\/ -->\n<title>PEROU: CORPUS CHRISTI - Abc-latina<\/title>\n<meta name=\"description\" content=\"F\u00eate p\u00e9ruvienne: Corpus Christi.\" \/>\n<meta name=\"robots\" content=\"index, follow, max-snippet:-1, max-image-preview:large, max-video-preview:-1\" \/>\n<link rel=\"canonical\" href=\"https:\/\/abc-latina.com\/perou\/corpus_christi\/\" \/>\n<meta property=\"og:locale\" content=\"fr_FR\" \/>\n<meta property=\"og:type\" content=\"article\" \/>\n<meta property=\"og:title\" content=\"PEROU: CORPUS CHRISTI - Abc-latina\" \/>\n<meta property=\"og:description\" content=\"F\u00eate p\u00e9ruvienne: Corpus Christi.\" \/>\n<meta property=\"og:url\" content=\"https:\/\/abc-latina.com\/perou\/corpus_christi\/\" \/>\n<meta property=\"og:site_name\" content=\"Abc-latina\" \/>\n<meta property=\"article:modified_time\" content=\"2026-04-30T16:25:15+00:00\" \/>\n<meta name=\"twitter:card\" content=\"summary_large_image\" \/>\n<meta name=\"twitter:label1\" content=\"Dur\u00e9e de lecture estim\u00e9e\" \/>\n\t<meta name=\"twitter:data1\" content=\"1 minute\" \/>\n<script type=\"application\/ld+json\" class=\"yoast-schema-graph\">{\"@context\":\"https:\\\/\\\/schema.org\",\"@graph\":[{\"@type\":\"WebPage\",\"@id\":\"https:\\\/\\\/abc-latina.com\\\/perou\\\/corpus_christi\\\/\",\"url\":\"https:\\\/\\\/abc-latina.com\\\/perou\\\/corpus_christi\\\/\",\"name\":\"PEROU: CORPUS CHRISTI - Abc-latina\",\"isPartOf\":{\"@id\":\"https:\\\/\\\/abc-latina.com\\\/#website\"},\"datePublished\":\"2010-10-12T16:47:24+00:00\",\"dateModified\":\"2026-04-30T16:25:15+00:00\",\"description\":\"F\u00eate p\u00e9ruvienne: Corpus Christi.\",\"breadcrumb\":{\"@id\":\"https:\\\/\\\/abc-latina.com\\\/perou\\\/corpus_christi\\\/#breadcrumb\"},\"inLanguage\":\"fr-FR\",\"potentialAction\":[{\"@type\":\"ReadAction\",\"target\":[\"https:\\\/\\\/abc-latina.com\\\/perou\\\/corpus_christi\\\/\"]}]},{\"@type\":\"BreadcrumbList\",\"@id\":\"https:\\\/\\\/abc-latina.com\\\/perou\\\/corpus_christi\\\/#breadcrumb\",\"itemListElement\":[{\"@type\":\"ListItem\",\"position\":1,\"name\":\"Accueil\",\"item\":\"https:\\\/\\\/abc-latina.com\\\/\"},{\"@type\":\"ListItem\",\"position\":2,\"name\":\"PEROU: CORPUS CHRISTI\"}]},{\"@type\":\"WebSite\",\"@id\":\"https:\\\/\\\/abc-latina.com\\\/#website\",\"url\":\"https:\\\/\\\/abc-latina.com\\\/\",\"name\":\"Abc-latina\",\"description\":\"\",\"publisher\":{\"@id\":\"https:\\\/\\\/abc-latina.com\\\/#organization\"},\"potentialAction\":[{\"@type\":\"SearchAction\",\"target\":{\"@type\":\"EntryPoint\",\"urlTemplate\":\"https:\\\/\\\/abc-latina.com\\\/?s={search_term_string}\"},\"query-input\":{\"@type\":\"PropertyValueSpecification\",\"valueRequired\":true,\"valueName\":\"search_term_string\"}}],\"inLanguage\":\"fr-FR\"},{\"@type\":\"Organization\",\"@id\":\"https:\\\/\\\/abc-latina.com\\\/#organization\",\"name\":\"Abc-latina\",\"url\":\"https:\\\/\\\/abc-latina.com\\\/\",\"logo\":{\"@type\":\"ImageObject\",\"inLanguage\":\"fr-FR\",\"@id\":\"https:\\\/\\\/abc-latina.com\\\/#\\\/schema\\\/logo\\\/image\\\/\",\"url\":\"https:\\\/\\\/abc-latina.com\\\/wp-content\\\/uploads\\\/2026\\\/05\\\/cropped-logo.gif\",\"contentUrl\":\"https:\\\/\\\/abc-latina.com\\\/wp-content\\\/uploads\\\/2026\\\/05\\\/cropped-logo.gif\",\"width\":89,\"height\":84,\"caption\":\"Abc-latina\"},\"image\":{\"@id\":\"https:\\\/\\\/abc-latina.com\\\/#\\\/schema\\\/logo\\\/image\\\/\"}}]}<\/script>\n<!-- \/ Yoast SEO plugin. -->","yoast_head_json":{"title":"PEROU: CORPUS CHRISTI - Abc-latina","description":"F\u00eate p\u00e9ruvienne: Corpus Christi.","robots":{"index":"index","follow":"follow","max-snippet":"max-snippet:-1","max-image-preview":"max-image-preview:large","max-video-preview":"max-video-preview:-1"},"canonical":"https:\/\/abc-latina.com\/perou\/corpus_christi\/","og_locale":"fr_FR","og_type":"article","og_title":"PEROU: CORPUS CHRISTI - Abc-latina","og_description":"F\u00eate p\u00e9ruvienne: Corpus Christi.","og_url":"https:\/\/abc-latina.com\/perou\/corpus_christi\/","og_site_name":"Abc-latina","article_modified_time":"2026-04-30T16:25:15+00:00","twitter_card":"summary_large_image","twitter_misc":{"Dur\u00e9e de lecture estim\u00e9e":"1 minute"},"schema":{"@context":"https:\/\/schema.org","@graph":[{"@type":"WebPage","@id":"https:\/\/abc-latina.com\/perou\/corpus_christi\/","url":"https:\/\/abc-latina.com\/perou\/corpus_christi\/","name":"PEROU: CORPUS CHRISTI - Abc-latina","isPartOf":{"@id":"https:\/\/abc-latina.com\/#website"},"datePublished":"2010-10-12T16:47:24+00:00","dateModified":"2026-04-30T16:25:15+00:00","description":"F\u00eate p\u00e9ruvienne: Corpus Christi.","breadcrumb":{"@id":"https:\/\/abc-latina.com\/perou\/corpus_christi\/#breadcrumb"},"inLanguage":"fr-FR","potentialAction":[{"@type":"ReadAction","target":["https:\/\/abc-latina.com\/perou\/corpus_christi\/"]}]},{"@type":"BreadcrumbList","@id":"https:\/\/abc-latina.com\/perou\/corpus_christi\/#breadcrumb","itemListElement":[{"@type":"ListItem","position":1,"name":"Accueil","item":"https:\/\/abc-latina.com\/"},{"@type":"ListItem","position":2,"name":"PEROU: CORPUS CHRISTI"}]},{"@type":"WebSite","@id":"https:\/\/abc-latina.com\/#website","url":"https:\/\/abc-latina.com\/","name":"Abc-latina","description":"","publisher":{"@id":"https:\/\/abc-latina.com\/#organization"},"potentialAction":[{"@type":"SearchAction","target":{"@type":"EntryPoint","urlTemplate":"https:\/\/abc-latina.com\/?s={search_term_string}"},"query-input":{"@type":"PropertyValueSpecification","valueRequired":true,"valueName":"search_term_string"}}],"inLanguage":"fr-FR"},{"@type":"Organization","@id":"https:\/\/abc-latina.com\/#organization","name":"Abc-latina","url":"https:\/\/abc-latina.com\/","logo":{"@type":"ImageObject","inLanguage":"fr-FR","@id":"https:\/\/abc-latina.com\/#\/schema\/logo\/image\/","url":"https:\/\/abc-latina.com\/wp-content\/uploads\/2026\/05\/cropped-logo.gif","contentUrl":"https:\/\/abc-latina.com\/wp-content\/uploads\/2026\/05\/cropped-logo.gif","width":89,"height":84,"caption":"Abc-latina"},"image":{"@id":"https:\/\/abc-latina.com\/#\/schema\/logo\/image\/"}}]}},"_links":{"self":[{"href":"https:\/\/abc-latina.com\/wp-json\/wp\/v2\/pages\/2354","targetHints":{"allow":["GET"]}}],"collection":[{"href":"https:\/\/abc-latina.com\/wp-json\/wp\/v2\/pages"}],"about":[{"href":"https:\/\/abc-latina.com\/wp-json\/wp\/v2\/types\/page"}],"author":[{"embeddable":true,"href":"https:\/\/abc-latina.com\/wp-json\/wp\/v2\/users\/3"}],"replies":[{"embeddable":true,"href":"https:\/\/abc-latina.com\/wp-json\/wp\/v2\/comments?post=2354"}],"version-history":[{"count":1,"href":"https:\/\/abc-latina.com\/wp-json\/wp\/v2\/pages\/2354\/revisions"}],"predecessor-version":[{"id":3701,"href":"https:\/\/abc-latina.com\/wp-json\/wp\/v2\/pages\/2354\/revisions\/3701"}],"up":[{"embeddable":true,"href":"https:\/\/abc-latina.com\/wp-json\/wp\/v2\/pages\/2118"}],"wp:attachment":[{"href":"https:\/\/abc-latina.com\/wp-json\/wp\/v2\/media?parent=2354"}],"curies":[{"name":"wp","href":"https:\/\/api.w.org\/{rel}","templated":true}]}}