{"id":2358,"date":"2010-10-12T19:28:07","date_gmt":"2010-10-12T17:28:07","guid":{"rendered":"http:\/\/abc-latina.com\/rosa-htm\/"},"modified":"2026-04-30T18:25:16","modified_gmt":"2026-04-30T16:25:16","slug":"rosa","status":"publish","type":"page","link":"https:\/\/abc-latina.com\/perou\/rosa\/","title":{"rendered":"SANTA ROSA de LIMA"},"content":{"rendered":"<p>Santa Rosa de Lima et le nom sous lequel est entr\u00e9e dans l&rsquo;\u00e9ternit\u00e9 une lim\u00e9nienne du XVIIe si\u00e8cle. Une grande vocation religieuse poussa Isabel Flores de Oliva \u00e0 prendre l&rsquo;habit de tertiaire (c\u00e9libataire consacr\u00e9e sans ordre religieux particulier) et \u00e0 mener une vie pieuse au service des malades. La rigueur de ses p\u00e9nitences pour r\u00e9sister au p\u00e9ch\u00e9 ainsi que sa bont\u00e9 la rendirent c\u00e9l\u00e8bre, m\u00eame de son vivant. Son culte s&rsquo;est propag\u00e9 non seulement au P\u00e9rou mais aussi aux Philippines et dans d&rsquo;autres parties du continent, raison pour laquelle elle fut proclam\u00e9e Patronne des Am\u00e9riques et des Philippines. Son sanctuaire, situ\u00e9 dans le centre de <a href=\"https:\/\/www.abc-latina.com\/perou\/lima\">Lima<\/a>, est un lieu permanent de p\u00e8lerinage o\u00f9 les fid\u00e8les se rendent dans l&rsquo;espoir d&rsquo;\u00eatre favoris\u00e9s par un miracle, sp\u00e9cialement en rapport avec la sant\u00e9 des malades. Le 30 ao\u00fbt la coutume est d&rsquo;aller jeter une lettre de souhaits dans le puits ou Santa Rosa laissa tomber la cl\u00e9 de son cilice et de visiter l&rsquo;Ermitage qu&rsquo;elle-m\u00eame construisit. Santa Rosa et la patronne de la police nationale du P\u00e9rou et sa f\u00eate c\u00e9l\u00e9br\u00e9e dans tout le pays, mais c&rsquo;est dans la localit\u00e9 de Santa Rosa de Quives, dans la sierra du d\u00e9partement de Lima, qu&rsquo;elle rev\u00eat un caract\u00e8re quechua tout sp\u00e9cial.<\/p>\n<p>DATE: le 30 ao\u00fbt \u00e0 Lima et Quives (d\u00e9partement de Lima), Ocopa (d\u00e9partement de Junin) et Arequipa.<\/p>\n","protected":false},"excerpt":{"rendered":"<p>Santa Rosa de Lima et le nom sous lequel est entr\u00e9e dans l&rsquo;\u00e9ternit\u00e9 une lim\u00e9nienne du XVIIe si\u00e8cle. Une grande [&hellip;]<\/p>\n","protected":false},"author":3,"featured_media":0,"parent":2118,"menu_order":0,"comment_status":"closed","ping_status":"closed","template":"","meta":{"site-sidebar-layout":"default","site-content-layout":"","ast-site-content-layout":"default","site-content-style":"default","site-sidebar-style":"default","ast-global-header-display":"","ast-banner-title-visibility":"","ast-main-header-display":"","ast-hfb-above-header-display":"","ast-hfb-below-header-display":"","ast-hfb-mobile-header-display":"","site-post-title":"","ast-breadcrumbs-content":"","ast-featured-img":"","footer-sml-layout":"","ast-disable-related-posts":"","theme-transparent-header-meta":"","adv-header-id-meta":"","stick-header-meta":"","header-above-stick-meta":"","header-main-stick-meta":"","header-below-stick-meta":"","astra-migrate-meta-layouts":"default","ast-page-background-enabled":"default","ast-page-background-meta":{"desktop":{"background-color":"var(--ast-global-color-5)","background-image":"","background-repeat":"repeat","background-position":"center center","background-size":"auto","background-attachment":"scroll","background-type":"","background-media":"","overlay-type":"","overlay-color":"","overlay-opacity":"","overlay-gradient":""},"tablet":{"background-color":"","background-image":"","background-repeat":"repeat","background-position":"center center","background-size":"auto","background-attachment":"scroll","background-type":"","background-media":"","overlay-type":"","overlay-color":"","overlay-opacity":"","overlay-gradient":""},"mobile":{"background-color":"","background-image":"","background-repeat":"repeat","background-position":"center center","background-size":"auto","background-attachment":"scroll","background-type":"","background-media":"","overlay-type":"","overlay-color":"","overlay-opacity":"","overlay-gradient":""}},"ast-content-background-meta":{"desktop":{"background-color":"var(--ast-global-color-4)","background-image":"","background-repeat":"repeat","background-position":"center center","background-size":"auto","background-attachment":"scroll","background-type":"","background-media":"","overlay-type":"","overlay-color":"","overlay-opacity":"","overlay-gradient":""},"tablet":{"background-color":"var(--ast-global-color-4)","background-image":"","background-repeat":"repeat","background-position":"center center","background-size":"auto","background-attachment":"scroll","background-type":"","background-media":"","overlay-type":"","overlay-color":"","overlay-opacity":"","overlay-gradient":""},"mobile":{"background-color":"var(--ast-global-color-4)","background-image":"","background-repeat":"repeat","background-position":"center center","background-size":"auto","background-attachment":"scroll","background-type":"","background-media":"","overlay-type":"","overlay-color":"","overlay-opacity":"","overlay-gradient":""}},"footnotes":""},"class_list":["post-2358","page","type-page","status-publish","hentry"],"yoast_head":"<!-- This site is optimized with the Yoast SEO plugin v27.5 - https:\/\/yoast.com\/product\/yoast-seo-wordpress\/ -->\n<title>SANTA ROSA de LIMA - Abc-latina<\/title>\n<meta name=\"description\" content=\"La f\u00eate de Santa Rosa de Lima.\" \/>\n<meta name=\"robots\" content=\"index, follow, max-snippet:-1, max-image-preview:large, max-video-preview:-1\" \/>\n<link rel=\"canonical\" href=\"https:\/\/abc-latina.com\/perou\/rosa\/\" \/>\n<meta property=\"og:locale\" content=\"fr_FR\" \/>\n<meta property=\"og:type\" content=\"article\" \/>\n<meta property=\"og:title\" content=\"SANTA ROSA de LIMA - Abc-latina\" \/>\n<meta property=\"og:description\" content=\"La f\u00eate de Santa Rosa de Lima.\" \/>\n<meta property=\"og:url\" content=\"https:\/\/abc-latina.com\/perou\/rosa\/\" \/>\n<meta property=\"og:site_name\" content=\"Abc-latina\" \/>\n<meta property=\"article:modified_time\" content=\"2026-04-30T16:25:16+00:00\" \/>\n<meta name=\"twitter:card\" content=\"summary_large_image\" \/>\n<meta name=\"twitter:label1\" content=\"Dur\u00e9e de lecture estim\u00e9e\" \/>\n\t<meta name=\"twitter:data1\" content=\"1 minute\" \/>\n<script type=\"application\/ld+json\" class=\"yoast-schema-graph\">{\"@context\":\"https:\\\/\\\/schema.org\",\"@graph\":[{\"@type\":\"WebPage\",\"@id\":\"https:\\\/\\\/abc-latina.com\\\/perou\\\/rosa\\\/\",\"url\":\"https:\\\/\\\/abc-latina.com\\\/perou\\\/rosa\\\/\",\"name\":\"SANTA ROSA de LIMA - Abc-latina\",\"isPartOf\":{\"@id\":\"https:\\\/\\\/abc-latina.com\\\/#website\"},\"datePublished\":\"2010-10-12T17:28:07+00:00\",\"dateModified\":\"2026-04-30T16:25:16+00:00\",\"description\":\"La f\u00eate de Santa Rosa de Lima.\",\"breadcrumb\":{\"@id\":\"https:\\\/\\\/abc-latina.com\\\/perou\\\/rosa\\\/#breadcrumb\"},\"inLanguage\":\"fr-FR\",\"potentialAction\":[{\"@type\":\"ReadAction\",\"target\":[\"https:\\\/\\\/abc-latina.com\\\/perou\\\/rosa\\\/\"]}]},{\"@type\":\"BreadcrumbList\",\"@id\":\"https:\\\/\\\/abc-latina.com\\\/perou\\\/rosa\\\/#breadcrumb\",\"itemListElement\":[{\"@type\":\"ListItem\",\"position\":1,\"name\":\"Accueil\",\"item\":\"https:\\\/\\\/abc-latina.com\\\/\"},{\"@type\":\"ListItem\",\"position\":2,\"name\":\"SANTA ROSA de LIMA\"}]},{\"@type\":\"WebSite\",\"@id\":\"https:\\\/\\\/abc-latina.com\\\/#website\",\"url\":\"https:\\\/\\\/abc-latina.com\\\/\",\"name\":\"Abc-latina\",\"description\":\"\",\"publisher\":{\"@id\":\"https:\\\/\\\/abc-latina.com\\\/#organization\"},\"potentialAction\":[{\"@type\":\"SearchAction\",\"target\":{\"@type\":\"EntryPoint\",\"urlTemplate\":\"https:\\\/\\\/abc-latina.com\\\/?s={search_term_string}\"},\"query-input\":{\"@type\":\"PropertyValueSpecification\",\"valueRequired\":true,\"valueName\":\"search_term_string\"}}],\"inLanguage\":\"fr-FR\"},{\"@type\":\"Organization\",\"@id\":\"https:\\\/\\\/abc-latina.com\\\/#organization\",\"name\":\"Abc-latina\",\"url\":\"https:\\\/\\\/abc-latina.com\\\/\",\"logo\":{\"@type\":\"ImageObject\",\"inLanguage\":\"fr-FR\",\"@id\":\"https:\\\/\\\/abc-latina.com\\\/#\\\/schema\\\/logo\\\/image\\\/\",\"url\":\"https:\\\/\\\/abc-latina.com\\\/wp-content\\\/uploads\\\/2026\\\/05\\\/cropped-logo.gif\",\"contentUrl\":\"https:\\\/\\\/abc-latina.com\\\/wp-content\\\/uploads\\\/2026\\\/05\\\/cropped-logo.gif\",\"width\":89,\"height\":84,\"caption\":\"Abc-latina\"},\"image\":{\"@id\":\"https:\\\/\\\/abc-latina.com\\\/#\\\/schema\\\/logo\\\/image\\\/\"}}]}<\/script>\n<!-- \/ Yoast SEO plugin. -->","yoast_head_json":{"title":"SANTA ROSA de LIMA - Abc-latina","description":"La f\u00eate de Santa Rosa de Lima.","robots":{"index":"index","follow":"follow","max-snippet":"max-snippet:-1","max-image-preview":"max-image-preview:large","max-video-preview":"max-video-preview:-1"},"canonical":"https:\/\/abc-latina.com\/perou\/rosa\/","og_locale":"fr_FR","og_type":"article","og_title":"SANTA ROSA de LIMA - Abc-latina","og_description":"La f\u00eate de Santa Rosa de Lima.","og_url":"https:\/\/abc-latina.com\/perou\/rosa\/","og_site_name":"Abc-latina","article_modified_time":"2026-04-30T16:25:16+00:00","twitter_card":"summary_large_image","twitter_misc":{"Dur\u00e9e de lecture estim\u00e9e":"1 minute"},"schema":{"@context":"https:\/\/schema.org","@graph":[{"@type":"WebPage","@id":"https:\/\/abc-latina.com\/perou\/rosa\/","url":"https:\/\/abc-latina.com\/perou\/rosa\/","name":"SANTA ROSA de LIMA - Abc-latina","isPartOf":{"@id":"https:\/\/abc-latina.com\/#website"},"datePublished":"2010-10-12T17:28:07+00:00","dateModified":"2026-04-30T16:25:16+00:00","description":"La f\u00eate de Santa Rosa de Lima.","breadcrumb":{"@id":"https:\/\/abc-latina.com\/perou\/rosa\/#breadcrumb"},"inLanguage":"fr-FR","potentialAction":[{"@type":"ReadAction","target":["https:\/\/abc-latina.com\/perou\/rosa\/"]}]},{"@type":"BreadcrumbList","@id":"https:\/\/abc-latina.com\/perou\/rosa\/#breadcrumb","itemListElement":[{"@type":"ListItem","position":1,"name":"Accueil","item":"https:\/\/abc-latina.com\/"},{"@type":"ListItem","position":2,"name":"SANTA ROSA de LIMA"}]},{"@type":"WebSite","@id":"https:\/\/abc-latina.com\/#website","url":"https:\/\/abc-latina.com\/","name":"Abc-latina","description":"","publisher":{"@id":"https:\/\/abc-latina.com\/#organization"},"potentialAction":[{"@type":"SearchAction","target":{"@type":"EntryPoint","urlTemplate":"https:\/\/abc-latina.com\/?s={search_term_string}"},"query-input":{"@type":"PropertyValueSpecification","valueRequired":true,"valueName":"search_term_string"}}],"inLanguage":"fr-FR"},{"@type":"Organization","@id":"https:\/\/abc-latina.com\/#organization","name":"Abc-latina","url":"https:\/\/abc-latina.com\/","logo":{"@type":"ImageObject","inLanguage":"fr-FR","@id":"https:\/\/abc-latina.com\/#\/schema\/logo\/image\/","url":"https:\/\/abc-latina.com\/wp-content\/uploads\/2026\/05\/cropped-logo.gif","contentUrl":"https:\/\/abc-latina.com\/wp-content\/uploads\/2026\/05\/cropped-logo.gif","width":89,"height":84,"caption":"Abc-latina"},"image":{"@id":"https:\/\/abc-latina.com\/#\/schema\/logo\/image\/"}}]}},"_links":{"self":[{"href":"https:\/\/abc-latina.com\/wp-json\/wp\/v2\/pages\/2358","targetHints":{"allow":["GET"]}}],"collection":[{"href":"https:\/\/abc-latina.com\/wp-json\/wp\/v2\/pages"}],"about":[{"href":"https:\/\/abc-latina.com\/wp-json\/wp\/v2\/types\/page"}],"author":[{"embeddable":true,"href":"https:\/\/abc-latina.com\/wp-json\/wp\/v2\/users\/3"}],"replies":[{"embeddable":true,"href":"https:\/\/abc-latina.com\/wp-json\/wp\/v2\/comments?post=2358"}],"version-history":[{"count":1,"href":"https:\/\/abc-latina.com\/wp-json\/wp\/v2\/pages\/2358\/revisions"}],"predecessor-version":[{"id":3716,"href":"https:\/\/abc-latina.com\/wp-json\/wp\/v2\/pages\/2358\/revisions\/3716"}],"up":[{"embeddable":true,"href":"https:\/\/abc-latina.com\/wp-json\/wp\/v2\/pages\/2118"}],"wp:attachment":[{"href":"https:\/\/abc-latina.com\/wp-json\/wp\/v2\/media?parent=2358"}],"curies":[{"name":"wp","href":"https:\/\/api.w.org\/{rel}","templated":true}]}}