{"id":236,"date":"2010-06-04T02:06:06","date_gmt":"2010-06-04T00:06:06","guid":{"rendered":"http:\/\/abc-latina.com\/cali-htm\/"},"modified":"2026-04-30T18:24:58","modified_gmt":"2026-04-30T16:24:58","slug":"cali","status":"publish","type":"page","link":"https:\/\/abc-latina.com\/colombie\/cali\/","title":{"rendered":"CALI"},"content":{"rendered":"<div><img loading=\"lazy\" decoding=\"async\" class=\" alignright size-full wp-image-235\" src=\"http:\/\/abc-latina.com\/wp-content\/uploads\/2010\/06\/cali.jpg\" title=\"CALI\" alt=\"CALI\" width=\"220\" vspace=\"9\" hspace=\"15\" height=\"220\" align=\"right\" srcset=\"https:\/\/abc-latina.com\/wp-content\/uploads\/2010\/06\/cali.jpg 220w, https:\/\/abc-latina.com\/wp-content\/uploads\/2010\/06\/cali-150x150.jpg 150w\" sizes=\"auto, (max-width: 220px) 100vw, 220px\" \/>Le d\u00e9partement de Valle del Cauca reconnu pour sa fertilit\u00e9 et son climat vari\u00e9 est le jardin de la Colombie. C&rsquo;est une r\u00e9gion de contrastes g\u00e9ographiques puisqu&rsquo;on y trouve deux cha\u00eenes de montagnes avec des pics enneig\u00e9s, l&rsquo;oc\u00e9an Pacifique, avec son climat torride et humide, qui favorise la v\u00e9g\u00e9tation de for\u00eat vierge sur son rivage.<\/div>\n<div>Il est recommand\u00e9 de s&rsquo;informer avant de partir \u00e0 l&rsquo;aventure, puisqu&rsquo;on y signale la pr\u00e9sence de gu\u00e9rilleros dans les montagnes environnantes. Santiago de Cali, Tulu\u00e1, Guadalajara de Buga et Buenaventura, peuvent se visiter sans probl\u00e8me.&nbsp;<\/div>\n<div>&nbsp;<\/div>\n<div><span class=\"tourisme-chapitre\">Santiago de Cali<\/span><\/div>\n<div>La ville fut fond\u00e9e le 25 juillet 1536 par Sebasti\u00e1n de Belalc\u00e1zar, un lieutenant de Francisco Pizzaro. Avec, maintenant, pr\u00e8s de 2 millions d&rsquo;habitants, Cali est la seconde vile en importance de Colombie apr\u00e8s Bogot\u00e1.<\/div>\n<div>Elle pr\u00e9sente encore beaucoup de vestiges de son histoire coloniale en m\u00eame temps qu&rsquo;une architecture moderne en accord avec son d\u00e9veloppement avec ses \u00e9difices coloniaux et modernes, ses longues avenues ombrag\u00e9es et ses terrasses fleuries o\u00f9 tra\u00eene une faune bigarr\u00e9e \u00e0 la recherche du plaisir de vivre.&nbsp;<\/div>\n<div>&nbsp;<\/div>\n<div><span class=\"tourisme-chapitre\"><a href=\"tour_operateur\" target=\"_blank\"><img loading=\"lazy\" decoding=\"async\" class=\" size-full wp-image-41\" alt=\"\" class=\"touroperateur\" src=\"http:\/\/abc-latina.com\/wp-content\/uploads\/2010\/04\/timbre_to.gif\" width=\"125\" height=\"90\" \/><\/a>Guadalajara de Buga<\/span><\/div>\n<div>La l\u00e9gende veut que le Se\u00f1or de Los Milagros (la Christ miraculeux) soit apparu en 1570 \u00e0 une Am\u00e9rindienne sur les rives de R\u00edo Guadalajara, qui traverse Buga. Depuis cette apparition, Buga est devenue l&rsquo;une des villes les plus visit\u00e9es de l&rsquo;Am\u00e9rique Latine, une Am\u00e9rique ultra-catholique. Inutile de pr\u00e9ciser que Guadalajara de Buga est une ville s\u00fbre et qu&rsquo;on peut s&rsquo;y promener seul \u00e0 pied, jour et nuit, sans aucune crainte, impossible qu&rsquo;un crime y soit commis.<\/div>\n<div>Guadalajara de Buga a fait du tourisme religieux sa sp\u00e9cialit\u00e9. On y retrouve donc de nombreuses \u00e9glises, chacune d&rsquo;elles valant le d\u00e9placement, non seulement pour son architecture et sa d\u00e9coration mais aussi pour la d\u00e9votion qu&rsquo;elle peut susciter aupr\u00e8s des nombreux p\u00e8lerins.<\/div>\n<div>&nbsp;<\/div>\n<div><span class=\"tourisme-chapitre\">Buenaventura&nbsp;<\/span><\/div>\n<div>Buenaventura n&rsquo;offre pas beaucoup d&rsquo;attraits touristiques, ses plages ne sont pas tr\u00e8s belles, selon les standards \u00e9tablis. Mais l&rsquo;atmosph\u00e8re qui r\u00e8gne partout vaut \u00e0 elle seule le d\u00e9placement. De plus, en saison, soit du mois de juin au mois d&rsquo;octobre, on pourra y voir les baleines lors de leur migration.<\/div>\n<div>&nbsp;<\/div>\n<h3>Pr\u00e9parez votre voyage \u00e0 Cali:<\/h3>\n<div><a href=\"https:\/\/www.abc-latina.com\/colombie\/agence_de_voyages\">Agences de voyage g\u00e9n\u00e9ralistes et discounteurs<\/a><\/div>\n<div><a href=\"https:\/\/www.abc-latina.com\/colombie\/tour_operateur\">Tours Op\u00e9rateurs sp\u00e9cialistes de la Colombie<\/a><\/div>\n<div><a href=\"https:\/\/www.abc-latina.com\/to\/reservation_billet_avion\" target=\"_blank\">R\u00e9servez votre billet d&rsquo;avion<\/a><\/div>\n<div><a href=\"hotels\" target=\"_blank\">R\u00e9servez votre h\u00f4tel \u00e0 Cali<\/a>&nbsp;<\/div>\n<div><a href=\"https:\/\/www.abc-latina.com\/to\/location_de_voiture_colombie\" target=\"_blank\">Location de voiture<\/a><\/div>\n<p>&nbsp;<\/p>\n<div id=\"cont_d57e024e3c58c48b0f14872879427eab\"><span id=\"h_d57e024e3c58c48b0f14872879427eab\"><a id=\"a_d57e024e3c58c48b0f14872879427eab\" href=\"http:\/\/www.tameteo.com\/meteo_Cali-Amerique+du+Sud-Colombie-Valle+del+Cauca--1-18579l\" target=\"_blank\" style=\"color:#808080;font-family:2;font-size:14px;\">Meteo<\/a> Cali<\/span><script type=\"text\/javascript\" src=\"http:\/\/www.tameteo.com\/wid_loader\/d57e024e3c58c48b0f14872879427eab\"><\/script><\/div>\n","protected":false},"excerpt":{"rendered":"<p>Le d\u00e9partement de Valle del Cauca reconnu pour sa fertilit\u00e9 et son climat vari\u00e9 est le jardin de la Colombie. [&hellip;]<\/p>\n","protected":false},"author":3,"featured_media":235,"parent":2299,"menu_order":0,"comment_status":"closed","ping_status":"closed","template":"","meta":{"site-sidebar-layout":"default","site-content-layout":"","ast-site-content-layout":"default","site-content-style":"default","site-sidebar-style":"default","ast-global-header-display":"","ast-banner-title-visibility":"","ast-main-header-display":"","ast-hfb-above-header-display":"","ast-hfb-below-header-display":"","ast-hfb-mobile-header-display":"","site-post-title":"","ast-breadcrumbs-content":"","ast-featured-img":"","footer-sml-layout":"","ast-disable-related-posts":"","theme-transparent-header-meta":"","adv-header-id-meta":"","stick-header-meta":"","header-above-stick-meta":"","header-main-stick-meta":"","header-below-stick-meta":"","astra-migrate-meta-layouts":"default","ast-page-background-enabled":"default","ast-page-background-meta":{"desktop":{"background-color":"var(--ast-global-color-5)","background-image":"","background-repeat":"repeat","background-position":"center center","background-size":"auto","background-attachment":"scroll","background-type":"","background-media":"","overlay-type":"","overlay-color":"","overlay-opacity":"","overlay-gradient":""},"tablet":{"background-color":"","background-image":"","background-repeat":"repeat","background-position":"center center","background-size":"auto","background-attachment":"scroll","background-type":"","background-media":"","overlay-type":"","overlay-color":"","overlay-opacity":"","overlay-gradient":""},"mobile":{"background-color":"","background-image":"","background-repeat":"repeat","background-position":"center center","background-size":"auto","background-attachment":"scroll","background-type":"","background-media":"","overlay-type":"","overlay-color":"","overlay-opacity":"","overlay-gradient":""}},"ast-content-background-meta":{"desktop":{"background-color":"var(--ast-global-color-4)","background-image":"","background-repeat":"repeat","background-position":"center center","background-size":"auto","background-attachment":"scroll","background-type":"","background-media":"","overlay-type":"","overlay-color":"","overlay-opacity":"","overlay-gradient":""},"tablet":{"background-color":"var(--ast-global-color-4)","background-image":"","background-repeat":"repeat","background-position":"center center","background-size":"auto","background-attachment":"scroll","background-type":"","background-media":"","overlay-type":"","overlay-color":"","overlay-opacity":"","overlay-gradient":""},"mobile":{"background-color":"var(--ast-global-color-4)","background-image":"","background-repeat":"repeat","background-position":"center center","background-size":"auto","background-attachment":"scroll","background-type":"","background-media":"","overlay-type":"","overlay-color":"","overlay-opacity":"","overlay-gradient":""}},"footnotes":""},"class_list":["post-236","page","type-page","status-publish","has-post-thumbnail","hentry"],"yoast_head":"<!-- This site is optimized with the Yoast SEO plugin v27.5 - https:\/\/yoast.com\/product\/yoast-seo-wordpress\/ -->\n<title>CALI - Abc-latina<\/title>\n<meta name=\"description\" content=\"Cali pr\u00e9sente encore beaucoup de vestiges de son histoire coloniale en m\u00eame temps qu&#039;une architecture moderne en accord avec son d\u00e9veloppement...\" \/>\n<meta name=\"robots\" content=\"index, follow, max-snippet:-1, max-image-preview:large, max-video-preview:-1\" \/>\n<link rel=\"canonical\" href=\"https:\/\/abc-latina.com\/colombie\/cali\/\" \/>\n<meta property=\"og:locale\" content=\"fr_FR\" \/>\n<meta property=\"og:type\" content=\"article\" \/>\n<meta property=\"og:title\" content=\"CALI - Abc-latina\" \/>\n<meta property=\"og:description\" content=\"Cali pr\u00e9sente encore beaucoup de vestiges de son histoire coloniale en m\u00eame temps qu&#039;une architecture moderne en accord avec son d\u00e9veloppement...\" \/>\n<meta property=\"og:url\" content=\"https:\/\/abc-latina.com\/colombie\/cali\/\" \/>\n<meta property=\"og:site_name\" content=\"Abc-latina\" \/>\n<meta property=\"article:modified_time\" content=\"2026-04-30T16:24:58+00:00\" \/>\n<meta property=\"og:image\" content=\"https:\/\/abc-latina.com\/wp-content\/uploads\/2010\/06\/cali.jpg\" \/>\n\t<meta property=\"og:image:width\" content=\"220\" \/>\n\t<meta property=\"og:image:height\" content=\"220\" \/>\n\t<meta property=\"og:image:type\" content=\"image\/jpeg\" \/>\n<meta name=\"twitter:card\" content=\"summary_large_image\" \/>\n<meta name=\"twitter:label1\" content=\"Dur\u00e9e de lecture estim\u00e9e\" \/>\n\t<meta name=\"twitter:data1\" content=\"2 minutes\" \/>\n<script type=\"application\/ld+json\" class=\"yoast-schema-graph\">{\"@context\":\"https:\\\/\\\/schema.org\",\"@graph\":[{\"@type\":\"WebPage\",\"@id\":\"https:\\\/\\\/abc-latina.com\\\/colombie\\\/cali\\\/\",\"url\":\"https:\\\/\\\/abc-latina.com\\\/colombie\\\/cali\\\/\",\"name\":\"CALI - Abc-latina\",\"isPartOf\":{\"@id\":\"https:\\\/\\\/abc-latina.com\\\/#website\"},\"primaryImageOfPage\":{\"@id\":\"https:\\\/\\\/abc-latina.com\\\/colombie\\\/cali\\\/#primaryimage\"},\"image\":{\"@id\":\"https:\\\/\\\/abc-latina.com\\\/colombie\\\/cali\\\/#primaryimage\"},\"thumbnailUrl\":\"https:\\\/\\\/abc-latina.com\\\/wp-content\\\/uploads\\\/2010\\\/06\\\/cali.jpg\",\"datePublished\":\"2010-06-04T00:06:06+00:00\",\"dateModified\":\"2026-04-30T16:24:58+00:00\",\"description\":\"Cali pr\u00e9sente encore beaucoup de vestiges de son histoire coloniale en m\u00eame temps qu'une architecture moderne en accord avec son d\u00e9veloppement...\",\"breadcrumb\":{\"@id\":\"https:\\\/\\\/abc-latina.com\\\/colombie\\\/cali\\\/#breadcrumb\"},\"inLanguage\":\"fr-FR\",\"potentialAction\":[{\"@type\":\"ReadAction\",\"target\":[\"https:\\\/\\\/abc-latina.com\\\/colombie\\\/cali\\\/\"]}]},{\"@type\":\"ImageObject\",\"inLanguage\":\"fr-FR\",\"@id\":\"https:\\\/\\\/abc-latina.com\\\/colombie\\\/cali\\\/#primaryimage\",\"url\":\"https:\\\/\\\/abc-latina.com\\\/wp-content\\\/uploads\\\/2010\\\/06\\\/cali.jpg\",\"contentUrl\":\"https:\\\/\\\/abc-latina.com\\\/wp-content\\\/uploads\\\/2010\\\/06\\\/cali.jpg\",\"width\":220,\"height\":220,\"caption\":\"CALI\"},{\"@type\":\"BreadcrumbList\",\"@id\":\"https:\\\/\\\/abc-latina.com\\\/colombie\\\/cali\\\/#breadcrumb\",\"itemListElement\":[{\"@type\":\"ListItem\",\"position\":1,\"name\":\"Accueil\",\"item\":\"https:\\\/\\\/abc-latina.com\\\/\"},{\"@type\":\"ListItem\",\"position\":2,\"name\":\"CALI\"}]},{\"@type\":\"WebSite\",\"@id\":\"https:\\\/\\\/abc-latina.com\\\/#website\",\"url\":\"https:\\\/\\\/abc-latina.com\\\/\",\"name\":\"Abc-latina\",\"description\":\"\",\"publisher\":{\"@id\":\"https:\\\/\\\/abc-latina.com\\\/#organization\"},\"potentialAction\":[{\"@type\":\"SearchAction\",\"target\":{\"@type\":\"EntryPoint\",\"urlTemplate\":\"https:\\\/\\\/abc-latina.com\\\/?s={search_term_string}\"},\"query-input\":{\"@type\":\"PropertyValueSpecification\",\"valueRequired\":true,\"valueName\":\"search_term_string\"}}],\"inLanguage\":\"fr-FR\"},{\"@type\":\"Organization\",\"@id\":\"https:\\\/\\\/abc-latina.com\\\/#organization\",\"name\":\"Abc-latina\",\"url\":\"https:\\\/\\\/abc-latina.com\\\/\",\"logo\":{\"@type\":\"ImageObject\",\"inLanguage\":\"fr-FR\",\"@id\":\"https:\\\/\\\/abc-latina.com\\\/#\\\/schema\\\/logo\\\/image\\\/\",\"url\":\"https:\\\/\\\/abc-latina.com\\\/wp-content\\\/uploads\\\/2026\\\/05\\\/cropped-logo.gif\",\"contentUrl\":\"https:\\\/\\\/abc-latina.com\\\/wp-content\\\/uploads\\\/2026\\\/05\\\/cropped-logo.gif\",\"width\":89,\"height\":84,\"caption\":\"Abc-latina\"},\"image\":{\"@id\":\"https:\\\/\\\/abc-latina.com\\\/#\\\/schema\\\/logo\\\/image\\\/\"}}]}<\/script>\n<!-- \/ Yoast SEO plugin. -->","yoast_head_json":{"title":"CALI - Abc-latina","description":"Cali pr\u00e9sente encore beaucoup de vestiges de son histoire coloniale en m\u00eame temps qu'une architecture moderne en accord avec son d\u00e9veloppement...","robots":{"index":"index","follow":"follow","max-snippet":"max-snippet:-1","max-image-preview":"max-image-preview:large","max-video-preview":"max-video-preview:-1"},"canonical":"https:\/\/abc-latina.com\/colombie\/cali\/","og_locale":"fr_FR","og_type":"article","og_title":"CALI - Abc-latina","og_description":"Cali pr\u00e9sente encore beaucoup de vestiges de son histoire coloniale en m\u00eame temps qu'une architecture moderne en accord avec son d\u00e9veloppement...","og_url":"https:\/\/abc-latina.com\/colombie\/cali\/","og_site_name":"Abc-latina","article_modified_time":"2026-04-30T16:24:58+00:00","og_image":[{"width":220,"height":220,"url":"https:\/\/abc-latina.com\/wp-content\/uploads\/2010\/06\/cali.jpg","type":"image\/jpeg"}],"twitter_card":"summary_large_image","twitter_misc":{"Dur\u00e9e de lecture estim\u00e9e":"2 minutes"},"schema":{"@context":"https:\/\/schema.org","@graph":[{"@type":"WebPage","@id":"https:\/\/abc-latina.com\/colombie\/cali\/","url":"https:\/\/abc-latina.com\/colombie\/cali\/","name":"CALI - Abc-latina","isPartOf":{"@id":"https:\/\/abc-latina.com\/#website"},"primaryImageOfPage":{"@id":"https:\/\/abc-latina.com\/colombie\/cali\/#primaryimage"},"image":{"@id":"https:\/\/abc-latina.com\/colombie\/cali\/#primaryimage"},"thumbnailUrl":"https:\/\/abc-latina.com\/wp-content\/uploads\/2010\/06\/cali.jpg","datePublished":"2010-06-04T00:06:06+00:00","dateModified":"2026-04-30T16:24:58+00:00","description":"Cali pr\u00e9sente encore beaucoup de vestiges de son histoire coloniale en m\u00eame temps qu'une architecture moderne en accord avec son d\u00e9veloppement...","breadcrumb":{"@id":"https:\/\/abc-latina.com\/colombie\/cali\/#breadcrumb"},"inLanguage":"fr-FR","potentialAction":[{"@type":"ReadAction","target":["https:\/\/abc-latina.com\/colombie\/cali\/"]}]},{"@type":"ImageObject","inLanguage":"fr-FR","@id":"https:\/\/abc-latina.com\/colombie\/cali\/#primaryimage","url":"https:\/\/abc-latina.com\/wp-content\/uploads\/2010\/06\/cali.jpg","contentUrl":"https:\/\/abc-latina.com\/wp-content\/uploads\/2010\/06\/cali.jpg","width":220,"height":220,"caption":"CALI"},{"@type":"BreadcrumbList","@id":"https:\/\/abc-latina.com\/colombie\/cali\/#breadcrumb","itemListElement":[{"@type":"ListItem","position":1,"name":"Accueil","item":"https:\/\/abc-latina.com\/"},{"@type":"ListItem","position":2,"name":"CALI"}]},{"@type":"WebSite","@id":"https:\/\/abc-latina.com\/#website","url":"https:\/\/abc-latina.com\/","name":"Abc-latina","description":"","publisher":{"@id":"https:\/\/abc-latina.com\/#organization"},"potentialAction":[{"@type":"SearchAction","target":{"@type":"EntryPoint","urlTemplate":"https:\/\/abc-latina.com\/?s={search_term_string}"},"query-input":{"@type":"PropertyValueSpecification","valueRequired":true,"valueName":"search_term_string"}}],"inLanguage":"fr-FR"},{"@type":"Organization","@id":"https:\/\/abc-latina.com\/#organization","name":"Abc-latina","url":"https:\/\/abc-latina.com\/","logo":{"@type":"ImageObject","inLanguage":"fr-FR","@id":"https:\/\/abc-latina.com\/#\/schema\/logo\/image\/","url":"https:\/\/abc-latina.com\/wp-content\/uploads\/2026\/05\/cropped-logo.gif","contentUrl":"https:\/\/abc-latina.com\/wp-content\/uploads\/2026\/05\/cropped-logo.gif","width":89,"height":84,"caption":"Abc-latina"},"image":{"@id":"https:\/\/abc-latina.com\/#\/schema\/logo\/image\/"}}]}},"_links":{"self":[{"href":"https:\/\/abc-latina.com\/wp-json\/wp\/v2\/pages\/236","targetHints":{"allow":["GET"]}}],"collection":[{"href":"https:\/\/abc-latina.com\/wp-json\/wp\/v2\/pages"}],"about":[{"href":"https:\/\/abc-latina.com\/wp-json\/wp\/v2\/types\/page"}],"author":[{"embeddable":true,"href":"https:\/\/abc-latina.com\/wp-json\/wp\/v2\/users\/3"}],"replies":[{"embeddable":true,"href":"https:\/\/abc-latina.com\/wp-json\/wp\/v2\/comments?post=236"}],"version-history":[{"count":1,"href":"https:\/\/abc-latina.com\/wp-json\/wp\/v2\/pages\/236\/revisions"}],"predecessor-version":[{"id":3331,"href":"https:\/\/abc-latina.com\/wp-json\/wp\/v2\/pages\/236\/revisions\/3331"}],"up":[{"embeddable":true,"href":"https:\/\/abc-latina.com\/wp-json\/wp\/v2\/pages\/2299"}],"wp:featuredmedia":[{"embeddable":true,"href":"https:\/\/abc-latina.com\/wp-json\/wp\/v2\/media\/235"}],"wp:attachment":[{"href":"https:\/\/abc-latina.com\/wp-json\/wp\/v2\/media?parent=236"}],"curies":[{"name":"wp","href":"https:\/\/api.w.org\/{rel}","templated":true}]}}