{"id":2362,"date":"2010-10-12T20:12:21","date_gmt":"2010-10-12T18:12:21","guid":{"rendered":"http:\/\/abc-latina.com\/miracles-htm\/"},"modified":"2026-04-30T18:25:16","modified_gmt":"2026-04-30T16:25:16","slug":"miracles","status":"publish","type":"page","link":"https:\/\/abc-latina.com\/perou\/miracles\/","title":{"rendered":"LE SEIGNEUR DES MIRACLES"},"content":{"rendered":"<p>Senor de los Milagros<br \/> L&rsquo;origine de cette procession &#8211; qui rassemble le plus grand nombre de fid\u00e8les d&rsquo;Am\u00e9rique du Sud &#8211; remonte \u00e0 la Colonie, quand un esclave amen\u00e9 d&rsquo;Angola dessina l&rsquo;image d&rsquo;un Christ noir sur les murs d&rsquo;une humble maison de Pachacamilla, pr\u00e8s de <a href=\"https:\/\/www.abc-latina.com\/perou\/lima\">Lima<\/a>. L&rsquo;image resta sur le mur bien qu&rsquo;\u00e0 plusieurs reprises on ait tent\u00e9 de l&rsquo;effacer, origine de la d\u00e9votion dont elle fait l&rsquo;objet. Au cours du tremblement de terre de 1746 toutes les constructions voisines furent d\u00e9truites, except\u00e9 le mur du Christ noir. La fois populaire se consolida \u00e0 la suite de cet \u00e9v\u00e9nement, foi qui n&rsquo;a cess\u00e9 de grandir au point que ce Christ est actuellement l&rsquo;image la plus v\u00e9n\u00e9r\u00e9e de Lima. Le centre de la c\u00e9l\u00e9bration est l&rsquo;une des plus grandes processions d&rsquo;Am\u00e9rique, o\u00f9 des dizaines de milliers de fid\u00e8les rev\u00eatus de l&rsquo;habit violet chantent et prient en accompagnant l&rsquo;image. La plate-forme sur laquelle elle repose (anda) p\u00e8se deux tonnes et ce sont les fid\u00e8les qui la portent sur leurs \u00e9paules. Le parcours traditionnel dure presque 24 heures et d\u00e9bute \u00e0 l&rsquo;\u00e9glise de Las Nazarenas, traversant ensuite la zone du centre de Lima pour arriver \u00e0 l&rsquo;\u00e9glise de la Merced de Barrios Altos. \u00c0 cette \u00e9poque abondent les vendeurs proposant une grande vari\u00e9t\u00e9 de plats et de friandises typiques, comme le r\u00e9put\u00e9 Turron de Dona Pepa. En octobre, en comm\u00e9moration du Senor de los Milagros, a lieu \u00e9galement la tr\u00e8s c\u00e9l\u00e8bre saison taurine du m\u00eame nom dans les ar\u00e8nes de la Plaza de Acho, o\u00f9 se pr\u00e9sentent les plus prestigieux toreros d&rsquo;Espagne et d&rsquo;Am\u00e9rique.<\/p>\n<p>DATE: du 18 au 28 octobre \u00e0 Lima.<\/p>\n","protected":false},"excerpt":{"rendered":"<p>Senor de los Milagros L&rsquo;origine de cette procession &#8211; qui rassemble le plus grand nombre de fid\u00e8les d&rsquo;Am\u00e9rique du Sud [&hellip;]<\/p>\n","protected":false},"author":3,"featured_media":0,"parent":2118,"menu_order":0,"comment_status":"closed","ping_status":"closed","template":"","meta":{"site-sidebar-layout":"default","site-content-layout":"","ast-site-content-layout":"default","site-content-style":"default","site-sidebar-style":"default","ast-global-header-display":"","ast-banner-title-visibility":"","ast-main-header-display":"","ast-hfb-above-header-display":"","ast-hfb-below-header-display":"","ast-hfb-mobile-header-display":"","site-post-title":"","ast-breadcrumbs-content":"","ast-featured-img":"","footer-sml-layout":"","ast-disable-related-posts":"","theme-transparent-header-meta":"","adv-header-id-meta":"","stick-header-meta":"","header-above-stick-meta":"","header-main-stick-meta":"","header-below-stick-meta":"","astra-migrate-meta-layouts":"default","ast-page-background-enabled":"default","ast-page-background-meta":{"desktop":{"background-color":"var(--ast-global-color-5)","background-image":"","background-repeat":"repeat","background-position":"center center","background-size":"auto","background-attachment":"scroll","background-type":"","background-media":"","overlay-type":"","overlay-color":"","overlay-opacity":"","overlay-gradient":""},"tablet":{"background-color":"","background-image":"","background-repeat":"repeat","background-position":"center center","background-size":"auto","background-attachment":"scroll","background-type":"","background-media":"","overlay-type":"","overlay-color":"","overlay-opacity":"","overlay-gradient":""},"mobile":{"background-color":"","background-image":"","background-repeat":"repeat","background-position":"center center","background-size":"auto","background-attachment":"scroll","background-type":"","background-media":"","overlay-type":"","overlay-color":"","overlay-opacity":"","overlay-gradient":""}},"ast-content-background-meta":{"desktop":{"background-color":"var(--ast-global-color-4)","background-image":"","background-repeat":"repeat","background-position":"center center","background-size":"auto","background-attachment":"scroll","background-type":"","background-media":"","overlay-type":"","overlay-color":"","overlay-opacity":"","overlay-gradient":""},"tablet":{"background-color":"var(--ast-global-color-4)","background-image":"","background-repeat":"repeat","background-position":"center center","background-size":"auto","background-attachment":"scroll","background-type":"","background-media":"","overlay-type":"","overlay-color":"","overlay-opacity":"","overlay-gradient":""},"mobile":{"background-color":"var(--ast-global-color-4)","background-image":"","background-repeat":"repeat","background-position":"center center","background-size":"auto","background-attachment":"scroll","background-type":"","background-media":"","overlay-type":"","overlay-color":"","overlay-opacity":"","overlay-gradient":""}},"footnotes":""},"class_list":["post-2362","page","type-page","status-publish","hentry"],"yoast_head":"<!-- This site is optimized with the Yoast SEO plugin v27.5 - https:\/\/yoast.com\/product\/yoast-seo-wordpress\/ -->\n<title>LE SEIGNEUR DES MIRACLES - Abc-latina<\/title>\n<meta name=\"description\" content=\"F\u00eate religieuse p\u00e9ruvienne: Le seigneur des miracles.\" \/>\n<meta name=\"robots\" content=\"index, follow, max-snippet:-1, max-image-preview:large, max-video-preview:-1\" \/>\n<link rel=\"canonical\" href=\"https:\/\/abc-latina.com\/perou\/miracles\/\" \/>\n<meta property=\"og:locale\" content=\"fr_FR\" \/>\n<meta property=\"og:type\" content=\"article\" \/>\n<meta property=\"og:title\" content=\"LE SEIGNEUR DES MIRACLES - Abc-latina\" \/>\n<meta property=\"og:description\" content=\"F\u00eate religieuse p\u00e9ruvienne: Le seigneur des miracles.\" \/>\n<meta property=\"og:url\" content=\"https:\/\/abc-latina.com\/perou\/miracles\/\" \/>\n<meta property=\"og:site_name\" content=\"Abc-latina\" \/>\n<meta property=\"article:modified_time\" content=\"2026-04-30T16:25:16+00:00\" \/>\n<meta name=\"twitter:card\" content=\"summary_large_image\" \/>\n<meta name=\"twitter:label1\" content=\"Dur\u00e9e de lecture estim\u00e9e\" \/>\n\t<meta name=\"twitter:data1\" content=\"1 minute\" \/>\n<script type=\"application\/ld+json\" class=\"yoast-schema-graph\">{\"@context\":\"https:\\\/\\\/schema.org\",\"@graph\":[{\"@type\":\"WebPage\",\"@id\":\"https:\\\/\\\/abc-latina.com\\\/perou\\\/miracles\\\/\",\"url\":\"https:\\\/\\\/abc-latina.com\\\/perou\\\/miracles\\\/\",\"name\":\"LE SEIGNEUR DES MIRACLES - Abc-latina\",\"isPartOf\":{\"@id\":\"https:\\\/\\\/abc-latina.com\\\/#website\"},\"datePublished\":\"2010-10-12T18:12:21+00:00\",\"dateModified\":\"2026-04-30T16:25:16+00:00\",\"description\":\"F\u00eate religieuse p\u00e9ruvienne: Le seigneur des miracles.\",\"breadcrumb\":{\"@id\":\"https:\\\/\\\/abc-latina.com\\\/perou\\\/miracles\\\/#breadcrumb\"},\"inLanguage\":\"fr-FR\",\"potentialAction\":[{\"@type\":\"ReadAction\",\"target\":[\"https:\\\/\\\/abc-latina.com\\\/perou\\\/miracles\\\/\"]}]},{\"@type\":\"BreadcrumbList\",\"@id\":\"https:\\\/\\\/abc-latina.com\\\/perou\\\/miracles\\\/#breadcrumb\",\"itemListElement\":[{\"@type\":\"ListItem\",\"position\":1,\"name\":\"Accueil\",\"item\":\"https:\\\/\\\/abc-latina.com\\\/\"},{\"@type\":\"ListItem\",\"position\":2,\"name\":\"LE SEIGNEUR DES MIRACLES\"}]},{\"@type\":\"WebSite\",\"@id\":\"https:\\\/\\\/abc-latina.com\\\/#website\",\"url\":\"https:\\\/\\\/abc-latina.com\\\/\",\"name\":\"Abc-latina\",\"description\":\"\",\"publisher\":{\"@id\":\"https:\\\/\\\/abc-latina.com\\\/#organization\"},\"potentialAction\":[{\"@type\":\"SearchAction\",\"target\":{\"@type\":\"EntryPoint\",\"urlTemplate\":\"https:\\\/\\\/abc-latina.com\\\/?s={search_term_string}\"},\"query-input\":{\"@type\":\"PropertyValueSpecification\",\"valueRequired\":true,\"valueName\":\"search_term_string\"}}],\"inLanguage\":\"fr-FR\"},{\"@type\":\"Organization\",\"@id\":\"https:\\\/\\\/abc-latina.com\\\/#organization\",\"name\":\"Abc-latina\",\"url\":\"https:\\\/\\\/abc-latina.com\\\/\",\"logo\":{\"@type\":\"ImageObject\",\"inLanguage\":\"fr-FR\",\"@id\":\"https:\\\/\\\/abc-latina.com\\\/#\\\/schema\\\/logo\\\/image\\\/\",\"url\":\"https:\\\/\\\/abc-latina.com\\\/wp-content\\\/uploads\\\/2026\\\/05\\\/cropped-logo.gif\",\"contentUrl\":\"https:\\\/\\\/abc-latina.com\\\/wp-content\\\/uploads\\\/2026\\\/05\\\/cropped-logo.gif\",\"width\":89,\"height\":84,\"caption\":\"Abc-latina\"},\"image\":{\"@id\":\"https:\\\/\\\/abc-latina.com\\\/#\\\/schema\\\/logo\\\/image\\\/\"}}]}<\/script>\n<!-- \/ Yoast SEO plugin. -->","yoast_head_json":{"title":"LE SEIGNEUR DES MIRACLES - Abc-latina","description":"F\u00eate religieuse p\u00e9ruvienne: Le seigneur des miracles.","robots":{"index":"index","follow":"follow","max-snippet":"max-snippet:-1","max-image-preview":"max-image-preview:large","max-video-preview":"max-video-preview:-1"},"canonical":"https:\/\/abc-latina.com\/perou\/miracles\/","og_locale":"fr_FR","og_type":"article","og_title":"LE SEIGNEUR DES MIRACLES - Abc-latina","og_description":"F\u00eate religieuse p\u00e9ruvienne: Le seigneur des miracles.","og_url":"https:\/\/abc-latina.com\/perou\/miracles\/","og_site_name":"Abc-latina","article_modified_time":"2026-04-30T16:25:16+00:00","twitter_card":"summary_large_image","twitter_misc":{"Dur\u00e9e de lecture estim\u00e9e":"1 minute"},"schema":{"@context":"https:\/\/schema.org","@graph":[{"@type":"WebPage","@id":"https:\/\/abc-latina.com\/perou\/miracles\/","url":"https:\/\/abc-latina.com\/perou\/miracles\/","name":"LE SEIGNEUR DES MIRACLES - Abc-latina","isPartOf":{"@id":"https:\/\/abc-latina.com\/#website"},"datePublished":"2010-10-12T18:12:21+00:00","dateModified":"2026-04-30T16:25:16+00:00","description":"F\u00eate religieuse p\u00e9ruvienne: Le seigneur des miracles.","breadcrumb":{"@id":"https:\/\/abc-latina.com\/perou\/miracles\/#breadcrumb"},"inLanguage":"fr-FR","potentialAction":[{"@type":"ReadAction","target":["https:\/\/abc-latina.com\/perou\/miracles\/"]}]},{"@type":"BreadcrumbList","@id":"https:\/\/abc-latina.com\/perou\/miracles\/#breadcrumb","itemListElement":[{"@type":"ListItem","position":1,"name":"Accueil","item":"https:\/\/abc-latina.com\/"},{"@type":"ListItem","position":2,"name":"LE SEIGNEUR DES MIRACLES"}]},{"@type":"WebSite","@id":"https:\/\/abc-latina.com\/#website","url":"https:\/\/abc-latina.com\/","name":"Abc-latina","description":"","publisher":{"@id":"https:\/\/abc-latina.com\/#organization"},"potentialAction":[{"@type":"SearchAction","target":{"@type":"EntryPoint","urlTemplate":"https:\/\/abc-latina.com\/?s={search_term_string}"},"query-input":{"@type":"PropertyValueSpecification","valueRequired":true,"valueName":"search_term_string"}}],"inLanguage":"fr-FR"},{"@type":"Organization","@id":"https:\/\/abc-latina.com\/#organization","name":"Abc-latina","url":"https:\/\/abc-latina.com\/","logo":{"@type":"ImageObject","inLanguage":"fr-FR","@id":"https:\/\/abc-latina.com\/#\/schema\/logo\/image\/","url":"https:\/\/abc-latina.com\/wp-content\/uploads\/2026\/05\/cropped-logo.gif","contentUrl":"https:\/\/abc-latina.com\/wp-content\/uploads\/2026\/05\/cropped-logo.gif","width":89,"height":84,"caption":"Abc-latina"},"image":{"@id":"https:\/\/abc-latina.com\/#\/schema\/logo\/image\/"}}]}},"_links":{"self":[{"href":"https:\/\/abc-latina.com\/wp-json\/wp\/v2\/pages\/2362","targetHints":{"allow":["GET"]}}],"collection":[{"href":"https:\/\/abc-latina.com\/wp-json\/wp\/v2\/pages"}],"about":[{"href":"https:\/\/abc-latina.com\/wp-json\/wp\/v2\/types\/page"}],"author":[{"embeddable":true,"href":"https:\/\/abc-latina.com\/wp-json\/wp\/v2\/users\/3"}],"replies":[{"embeddable":true,"href":"https:\/\/abc-latina.com\/wp-json\/wp\/v2\/comments?post=2362"}],"version-history":[{"count":1,"href":"https:\/\/abc-latina.com\/wp-json\/wp\/v2\/pages\/2362\/revisions"}],"predecessor-version":[{"id":3707,"href":"https:\/\/abc-latina.com\/wp-json\/wp\/v2\/pages\/2362\/revisions\/3707"}],"up":[{"embeddable":true,"href":"https:\/\/abc-latina.com\/wp-json\/wp\/v2\/pages\/2118"}],"wp:attachment":[{"href":"https:\/\/abc-latina.com\/wp-json\/wp\/v2\/media?parent=2362"}],"curies":[{"name":"wp","href":"https:\/\/api.w.org\/{rel}","templated":true}]}}