{"id":238,"date":"2010-06-04T02:10:11","date_gmt":"2010-06-04T00:10:11","guid":{"rendered":"http:\/\/abc-latina.com\/cartagena-htm\/"},"modified":"2026-04-30T18:24:58","modified_gmt":"2026-04-30T16:24:58","slug":"cartagena","status":"publish","type":"page","link":"https:\/\/abc-latina.com\/colombie\/cartagena\/","title":{"rendered":"CARTAGENA"},"content":{"rendered":"<div><img loading=\"lazy\" decoding=\"async\" class=\" size-full wp-image-237\" src=\"http:\/\/abc-latina.com\/wp-content\/uploads\/2010\/06\/011-cartagena-colombie.jpg\" title=\"CARTAGENA\" alt=\"CARTAGENA\" width=\"480\" height=\"276\" srcset=\"https:\/\/abc-latina.com\/wp-content\/uploads\/2010\/06\/011-cartagena-colombie.jpg 700w, https:\/\/abc-latina.com\/wp-content\/uploads\/2010\/06\/011-cartagena-colombie-300x172.jpg 300w\" sizes=\"auto, (max-width: 480px) 100vw, 480px\" \/><\/div>\n<div>&nbsp;<\/div>\n<div>Fond\u00e9e en 1533 par Pedro de Heredia, <span class=\"tourisme-chapitre\">Cartagena de Indias<\/span> est \u00e9difi\u00e9e sur l&#8217;emplacement d&rsquo;un ancien village indig\u00e8ne abandonn\u00e9. Son centre-ville a \u00e9t\u00e9 d\u00e9clar\u00e9 patrimoine mondial par l&rsquo;Unesco en 1985.<\/div>\n<div>Aujourd&rsquo;hui, avec ses forts et ses beaux b\u00e2timents coloniaux, la ville d\u00e9fie pacifiquement chaque ann\u00e9e une armada de touristes en leur offrant ses beaut\u00e9s, son atmosph\u00e8re, et ses distractions.<\/div>\n<div>Il appara\u00eet important de mentionner que pratiquement toutes les rues de la ville intra-muros sont int\u00e9ressantes \u00e0 parcourir. Les tr\u00e8s nombreuses maisons priv\u00e9es aux couleurs pastel, avec leurs beaux balcons en bois, font d&rsquo;une fl\u00e2nerie dans les rues une agr\u00e9able d\u00e9couverte. &#8230; afin d&rsquo;y faire un bond de plusieurs si\u00e8cles. &#8230;<\/div>\n<div><a target=\"_blank\" href=\"tour_operateur\"><img loading=\"lazy\" decoding=\"async\" class=\" size-full wp-image-41\" src=\"http:\/\/abc-latina.com\/wp-content\/uploads\/2010\/04\/timbre_to.gif\" class=\"touroperateur\" alt=\"\" width=\"125\" height=\"90\" \/><\/a>La partie intar-muros de la ville est relativement s\u00fbre et, moyennant quelques pr\u00e9cautions d&rsquo;usage, il n&rsquo;est pas dangereux de s&rsquo;y promener.<\/div>\n<div>Le quartier d&rsquo;El Centro et de San Diego sont sans conteste les zones les plus int\u00e9ressantes de la ville. Bien conserv\u00e9s et riches en architecture, ils sont entour\u00e9s d&rsquo;\u00e9paisses murailles qui en font l&rsquo;une des rares villes fortifi\u00e9es des Am\u00e9riques.&nbsp;<\/div>\n<div>&nbsp;<\/div>\n<div><span class=\"tourisme-chapitre\">Les environs de Cartagena<\/span><\/div>\n<div><img loading=\"lazy\" decoding=\"async\" class=\" alignright size-full wp-image-233\" title=\"CARTAGENA\" src=\"http:\/\/abc-latina.com\/wp-content\/uploads\/2010\/06\/cartagena.jpg\" alt=\"\" width=\"220\" vspace=\"9\" hspace=\"15\" height=\"220\" align=\"right\" srcset=\"https:\/\/abc-latina.com\/wp-content\/uploads\/2010\/06\/cartagena.jpg 220w, https:\/\/abc-latina.com\/wp-content\/uploads\/2010\/06\/cartagena-150x150.jpg 150w\" sizes=\"auto, (max-width: 220px) 100vw, 220px\" \/>Le Castillo San Felipe de Barajas est la plus importante construction militaire de l&rsquo;\u00e9poque coloniale jamais r\u00e9alis\u00e9e en Am\u00e9rique Latine.La visite du fort offre de tr\u00e8s int\u00e9ressants points de vue sur la ville et ne manque pas d&rsquo;impressionner par sa taille.<\/div>\n<div>&nbsp;<\/div>\n<div>Les islas del Rosario (\u00eeles du Rosaire), au nombre de 26,poss\u00e8de de belles plages blanc et de magnifiques coraux. Selon les admirateurs de la faune marine, il s&rsquo;agit l\u00e0 des plus belles \u00eeles de toute la c\u00f4te cara\u00efbe de la Colombie.<\/div>\n<div>A plus de trois heures de route de Cartagena la campagne est magnifique en direction de Santiago de Tol\u00fa. Montagneuse et verdoyante, elle pr\u00e9sente de coquettes petites fermes, de charmants pueblos avec des maisons pimpantes, peintes en blanc avec toitures rouges en tuiles rondes et patios garnis de cl\u00f4ture de fer forg\u00e9.<\/div>\n<div>&nbsp;<\/div>\n<div>Santiogo de Tol\u00fa, est un village de p\u00eacheurs converti en une petite station touristique.<a target=\"_blank\" href=\"http:\/\/voyage.abc-latina.com\/voyage_colombie\/colombie\"><span class=\"sejour-circuit\"><br \/><\/span><\/a><\/div>\n<h3>Pr\u00e9parez votre voyage \u00e0 Cartagena:<\/h3>\n<div><a href=\"https:\/\/www.abc-latina.com\/colombie\/agence_de_voyages\">Agences de voyage g\u00e9n\u00e9ralistes et discounteurs<\/a><\/div>\n<div><a href=\"https:\/\/www.abc-latina.com\/colombie\/tour_operateur\">Tours Op\u00e9rateurs sp\u00e9cialistes de la Colombie<\/a><\/div>\n<div><a target=\"_blank\" href=\"https:\/\/www.abc-latina.com\/to\/reservation_billet_avion\">R\u00e9servez votre billet d&rsquo;avion<\/a><\/div>\n<div><a target=\"_blank\" href=\"hotels\">R\u00e9servez votre h\u00f4tel \u00e0 Cartagena<\/a>&nbsp;<\/div>\n<div><a target=\"_blank\" href=\"https:\/\/www.abc-latina.com\/to\/location_de_voiture_colombie\">Location de voiture<\/a><\/div>\n<p>&nbsp;<\/p>\n<div id=\"cont_e3688cff565be8dd94c991f1bd907e08\"><span id=\"h_e3688cff565be8dd94c991f1bd907e08\"><a style=\"color:#808080;font-family:2;font-size:14px;\" target=\"_blank\" href=\"http:\/\/www.tameteo.com\/\" id=\"a_e3688cff565be8dd94c991f1bd907e08\">M\u00e9t\u00e9o<\/a> Carthag\u00e8ne des Indes<\/span><script type=\"text\/javascript\" src=\"http:\/\/www.tameteo.com\/wid_loader\/e3688cff565be8dd94c991f1bd907e08\"><\/script><\/div>\n","protected":false},"excerpt":{"rendered":"<p>&nbsp; Fond\u00e9e en 1533 par Pedro de Heredia, Cartagena de Indias est \u00e9difi\u00e9e sur l&#8217;emplacement d&rsquo;un ancien village indig\u00e8ne abandonn\u00e9. [&hellip;]<\/p>\n","protected":false},"author":3,"featured_media":237,"parent":2299,"menu_order":0,"comment_status":"closed","ping_status":"closed","template":"","meta":{"site-sidebar-layout":"default","site-content-layout":"","ast-site-content-layout":"default","site-content-style":"default","site-sidebar-style":"default","ast-global-header-display":"","ast-banner-title-visibility":"","ast-main-header-display":"","ast-hfb-above-header-display":"","ast-hfb-below-header-display":"","ast-hfb-mobile-header-display":"","site-post-title":"","ast-breadcrumbs-content":"","ast-featured-img":"","footer-sml-layout":"","ast-disable-related-posts":"","theme-transparent-header-meta":"","adv-header-id-meta":"","stick-header-meta":"","header-above-stick-meta":"","header-main-stick-meta":"","header-below-stick-meta":"","astra-migrate-meta-layouts":"default","ast-page-background-enabled":"default","ast-page-background-meta":{"desktop":{"background-color":"var(--ast-global-color-5)","background-image":"","background-repeat":"repeat","background-position":"center center","background-size":"auto","background-attachment":"scroll","background-type":"","background-media":"","overlay-type":"","overlay-color":"","overlay-opacity":"","overlay-gradient":""},"tablet":{"background-color":"","background-image":"","background-repeat":"repeat","background-position":"center center","background-size":"auto","background-attachment":"scroll","background-type":"","background-media":"","overlay-type":"","overlay-color":"","overlay-opacity":"","overlay-gradient":""},"mobile":{"background-color":"","background-image":"","background-repeat":"repeat","background-position":"center center","background-size":"auto","background-attachment":"scroll","background-type":"","background-media":"","overlay-type":"","overlay-color":"","overlay-opacity":"","overlay-gradient":""}},"ast-content-background-meta":{"desktop":{"background-color":"var(--ast-global-color-4)","background-image":"","background-repeat":"repeat","background-position":"center center","background-size":"auto","background-attachment":"scroll","background-type":"","background-media":"","overlay-type":"","overlay-color":"","overlay-opacity":"","overlay-gradient":""},"tablet":{"background-color":"var(--ast-global-color-4)","background-image":"","background-repeat":"repeat","background-position":"center center","background-size":"auto","background-attachment":"scroll","background-type":"","background-media":"","overlay-type":"","overlay-color":"","overlay-opacity":"","overlay-gradient":""},"mobile":{"background-color":"var(--ast-global-color-4)","background-image":"","background-repeat":"repeat","background-position":"center center","background-size":"auto","background-attachment":"scroll","background-type":"","background-media":"","overlay-type":"","overlay-color":"","overlay-opacity":"","overlay-gradient":""}},"footnotes":""},"class_list":["post-238","page","type-page","status-publish","has-post-thumbnail","hentry"],"yoast_head":"<!-- This site is optimized with the Yoast SEO plugin v27.5 - https:\/\/yoast.com\/product\/yoast-seo-wordpress\/ -->\n<title>CARTAGENA - Abc-latina<\/title>\n<meta name=\"description\" content=\"Cartagena, avec ses forts et ses beaux b\u00e2timents coloniaux, d\u00e9fie pacifiquement chaque ann\u00e9e une armada de touristes en leur offrant ses beaut\u00e9s, son atmosph\u00e8re, et ses distractions.\" \/>\n<meta name=\"robots\" content=\"index, follow, max-snippet:-1, max-image-preview:large, max-video-preview:-1\" \/>\n<link rel=\"canonical\" href=\"https:\/\/abc-latina.com\/colombie\/cartagena\/\" \/>\n<meta property=\"og:locale\" content=\"fr_FR\" \/>\n<meta property=\"og:type\" content=\"article\" \/>\n<meta property=\"og:title\" content=\"CARTAGENA - Abc-latina\" \/>\n<meta property=\"og:description\" content=\"Cartagena, avec ses forts et ses beaux b\u00e2timents coloniaux, d\u00e9fie pacifiquement chaque ann\u00e9e une armada de touristes en leur offrant ses beaut\u00e9s, son atmosph\u00e8re, et ses distractions.\" \/>\n<meta property=\"og:url\" content=\"https:\/\/abc-latina.com\/colombie\/cartagena\/\" \/>\n<meta property=\"og:site_name\" content=\"Abc-latina\" \/>\n<meta property=\"article:modified_time\" content=\"2026-04-30T16:24:58+00:00\" \/>\n<meta property=\"og:image\" content=\"https:\/\/abc-latina.com\/wp-content\/uploads\/2010\/06\/011-cartagena-colombie.jpg\" \/>\n\t<meta property=\"og:image:width\" content=\"700\" \/>\n\t<meta property=\"og:image:height\" content=\"402\" \/>\n\t<meta property=\"og:image:type\" content=\"image\/jpeg\" \/>\n<meta name=\"twitter:card\" content=\"summary_large_image\" \/>\n<meta name=\"twitter:label1\" content=\"Dur\u00e9e de lecture estim\u00e9e\" \/>\n\t<meta name=\"twitter:data1\" content=\"2 minutes\" \/>\n<script type=\"application\/ld+json\" class=\"yoast-schema-graph\">{\"@context\":\"https:\\\/\\\/schema.org\",\"@graph\":[{\"@type\":\"WebPage\",\"@id\":\"https:\\\/\\\/abc-latina.com\\\/colombie\\\/cartagena\\\/\",\"url\":\"https:\\\/\\\/abc-latina.com\\\/colombie\\\/cartagena\\\/\",\"name\":\"CARTAGENA - Abc-latina\",\"isPartOf\":{\"@id\":\"https:\\\/\\\/abc-latina.com\\\/#website\"},\"primaryImageOfPage\":{\"@id\":\"https:\\\/\\\/abc-latina.com\\\/colombie\\\/cartagena\\\/#primaryimage\"},\"image\":{\"@id\":\"https:\\\/\\\/abc-latina.com\\\/colombie\\\/cartagena\\\/#primaryimage\"},\"thumbnailUrl\":\"https:\\\/\\\/abc-latina.com\\\/wp-content\\\/uploads\\\/2010\\\/06\\\/011-cartagena-colombie.jpg\",\"datePublished\":\"2010-06-04T00:10:11+00:00\",\"dateModified\":\"2026-04-30T16:24:58+00:00\",\"description\":\"Cartagena, avec ses forts et ses beaux b\u00e2timents coloniaux, d\u00e9fie pacifiquement chaque ann\u00e9e une armada de touristes en leur offrant ses beaut\u00e9s, son atmosph\u00e8re, et ses distractions.\",\"breadcrumb\":{\"@id\":\"https:\\\/\\\/abc-latina.com\\\/colombie\\\/cartagena\\\/#breadcrumb\"},\"inLanguage\":\"fr-FR\",\"potentialAction\":[{\"@type\":\"ReadAction\",\"target\":[\"https:\\\/\\\/abc-latina.com\\\/colombie\\\/cartagena\\\/\"]}]},{\"@type\":\"ImageObject\",\"inLanguage\":\"fr-FR\",\"@id\":\"https:\\\/\\\/abc-latina.com\\\/colombie\\\/cartagena\\\/#primaryimage\",\"url\":\"https:\\\/\\\/abc-latina.com\\\/wp-content\\\/uploads\\\/2010\\\/06\\\/011-cartagena-colombie.jpg\",\"contentUrl\":\"https:\\\/\\\/abc-latina.com\\\/wp-content\\\/uploads\\\/2010\\\/06\\\/011-cartagena-colombie.jpg\",\"width\":700,\"height\":402,\"caption\":\"CARTAGENA\"},{\"@type\":\"BreadcrumbList\",\"@id\":\"https:\\\/\\\/abc-latina.com\\\/colombie\\\/cartagena\\\/#breadcrumb\",\"itemListElement\":[{\"@type\":\"ListItem\",\"position\":1,\"name\":\"Accueil\",\"item\":\"https:\\\/\\\/abc-latina.com\\\/\"},{\"@type\":\"ListItem\",\"position\":2,\"name\":\"CARTAGENA\"}]},{\"@type\":\"WebSite\",\"@id\":\"https:\\\/\\\/abc-latina.com\\\/#website\",\"url\":\"https:\\\/\\\/abc-latina.com\\\/\",\"name\":\"Abc-latina\",\"description\":\"\",\"publisher\":{\"@id\":\"https:\\\/\\\/abc-latina.com\\\/#organization\"},\"potentialAction\":[{\"@type\":\"SearchAction\",\"target\":{\"@type\":\"EntryPoint\",\"urlTemplate\":\"https:\\\/\\\/abc-latina.com\\\/?s={search_term_string}\"},\"query-input\":{\"@type\":\"PropertyValueSpecification\",\"valueRequired\":true,\"valueName\":\"search_term_string\"}}],\"inLanguage\":\"fr-FR\"},{\"@type\":\"Organization\",\"@id\":\"https:\\\/\\\/abc-latina.com\\\/#organization\",\"name\":\"Abc-latina\",\"url\":\"https:\\\/\\\/abc-latina.com\\\/\",\"logo\":{\"@type\":\"ImageObject\",\"inLanguage\":\"fr-FR\",\"@id\":\"https:\\\/\\\/abc-latina.com\\\/#\\\/schema\\\/logo\\\/image\\\/\",\"url\":\"https:\\\/\\\/abc-latina.com\\\/wp-content\\\/uploads\\\/2026\\\/05\\\/cropped-logo.gif\",\"contentUrl\":\"https:\\\/\\\/abc-latina.com\\\/wp-content\\\/uploads\\\/2026\\\/05\\\/cropped-logo.gif\",\"width\":89,\"height\":84,\"caption\":\"Abc-latina\"},\"image\":{\"@id\":\"https:\\\/\\\/abc-latina.com\\\/#\\\/schema\\\/logo\\\/image\\\/\"}}]}<\/script>\n<!-- \/ Yoast SEO plugin. -->","yoast_head_json":{"title":"CARTAGENA - Abc-latina","description":"Cartagena, avec ses forts et ses beaux b\u00e2timents coloniaux, d\u00e9fie pacifiquement chaque ann\u00e9e une armada de touristes en leur offrant ses beaut\u00e9s, son atmosph\u00e8re, et ses distractions.","robots":{"index":"index","follow":"follow","max-snippet":"max-snippet:-1","max-image-preview":"max-image-preview:large","max-video-preview":"max-video-preview:-1"},"canonical":"https:\/\/abc-latina.com\/colombie\/cartagena\/","og_locale":"fr_FR","og_type":"article","og_title":"CARTAGENA - Abc-latina","og_description":"Cartagena, avec ses forts et ses beaux b\u00e2timents coloniaux, d\u00e9fie pacifiquement chaque ann\u00e9e une armada de touristes en leur offrant ses beaut\u00e9s, son atmosph\u00e8re, et ses distractions.","og_url":"https:\/\/abc-latina.com\/colombie\/cartagena\/","og_site_name":"Abc-latina","article_modified_time":"2026-04-30T16:24:58+00:00","og_image":[{"width":700,"height":402,"url":"https:\/\/abc-latina.com\/wp-content\/uploads\/2010\/06\/011-cartagena-colombie.jpg","type":"image\/jpeg"}],"twitter_card":"summary_large_image","twitter_misc":{"Dur\u00e9e de lecture estim\u00e9e":"2 minutes"},"schema":{"@context":"https:\/\/schema.org","@graph":[{"@type":"WebPage","@id":"https:\/\/abc-latina.com\/colombie\/cartagena\/","url":"https:\/\/abc-latina.com\/colombie\/cartagena\/","name":"CARTAGENA - Abc-latina","isPartOf":{"@id":"https:\/\/abc-latina.com\/#website"},"primaryImageOfPage":{"@id":"https:\/\/abc-latina.com\/colombie\/cartagena\/#primaryimage"},"image":{"@id":"https:\/\/abc-latina.com\/colombie\/cartagena\/#primaryimage"},"thumbnailUrl":"https:\/\/abc-latina.com\/wp-content\/uploads\/2010\/06\/011-cartagena-colombie.jpg","datePublished":"2010-06-04T00:10:11+00:00","dateModified":"2026-04-30T16:24:58+00:00","description":"Cartagena, avec ses forts et ses beaux b\u00e2timents coloniaux, d\u00e9fie pacifiquement chaque ann\u00e9e une armada de touristes en leur offrant ses beaut\u00e9s, son atmosph\u00e8re, et ses distractions.","breadcrumb":{"@id":"https:\/\/abc-latina.com\/colombie\/cartagena\/#breadcrumb"},"inLanguage":"fr-FR","potentialAction":[{"@type":"ReadAction","target":["https:\/\/abc-latina.com\/colombie\/cartagena\/"]}]},{"@type":"ImageObject","inLanguage":"fr-FR","@id":"https:\/\/abc-latina.com\/colombie\/cartagena\/#primaryimage","url":"https:\/\/abc-latina.com\/wp-content\/uploads\/2010\/06\/011-cartagena-colombie.jpg","contentUrl":"https:\/\/abc-latina.com\/wp-content\/uploads\/2010\/06\/011-cartagena-colombie.jpg","width":700,"height":402,"caption":"CARTAGENA"},{"@type":"BreadcrumbList","@id":"https:\/\/abc-latina.com\/colombie\/cartagena\/#breadcrumb","itemListElement":[{"@type":"ListItem","position":1,"name":"Accueil","item":"https:\/\/abc-latina.com\/"},{"@type":"ListItem","position":2,"name":"CARTAGENA"}]},{"@type":"WebSite","@id":"https:\/\/abc-latina.com\/#website","url":"https:\/\/abc-latina.com\/","name":"Abc-latina","description":"","publisher":{"@id":"https:\/\/abc-latina.com\/#organization"},"potentialAction":[{"@type":"SearchAction","target":{"@type":"EntryPoint","urlTemplate":"https:\/\/abc-latina.com\/?s={search_term_string}"},"query-input":{"@type":"PropertyValueSpecification","valueRequired":true,"valueName":"search_term_string"}}],"inLanguage":"fr-FR"},{"@type":"Organization","@id":"https:\/\/abc-latina.com\/#organization","name":"Abc-latina","url":"https:\/\/abc-latina.com\/","logo":{"@type":"ImageObject","inLanguage":"fr-FR","@id":"https:\/\/abc-latina.com\/#\/schema\/logo\/image\/","url":"https:\/\/abc-latina.com\/wp-content\/uploads\/2026\/05\/cropped-logo.gif","contentUrl":"https:\/\/abc-latina.com\/wp-content\/uploads\/2026\/05\/cropped-logo.gif","width":89,"height":84,"caption":"Abc-latina"},"image":{"@id":"https:\/\/abc-latina.com\/#\/schema\/logo\/image\/"}}]}},"_links":{"self":[{"href":"https:\/\/abc-latina.com\/wp-json\/wp\/v2\/pages\/238","targetHints":{"allow":["GET"]}}],"collection":[{"href":"https:\/\/abc-latina.com\/wp-json\/wp\/v2\/pages"}],"about":[{"href":"https:\/\/abc-latina.com\/wp-json\/wp\/v2\/types\/page"}],"author":[{"embeddable":true,"href":"https:\/\/abc-latina.com\/wp-json\/wp\/v2\/users\/3"}],"replies":[{"embeddable":true,"href":"https:\/\/abc-latina.com\/wp-json\/wp\/v2\/comments?post=238"}],"version-history":[{"count":1,"href":"https:\/\/abc-latina.com\/wp-json\/wp\/v2\/pages\/238\/revisions"}],"predecessor-version":[{"id":3332,"href":"https:\/\/abc-latina.com\/wp-json\/wp\/v2\/pages\/238\/revisions\/3332"}],"up":[{"embeddable":true,"href":"https:\/\/abc-latina.com\/wp-json\/wp\/v2\/pages\/2299"}],"wp:featuredmedia":[{"embeddable":true,"href":"https:\/\/abc-latina.com\/wp-json\/wp\/v2\/media\/237"}],"wp:attachment":[{"href":"https:\/\/abc-latina.com\/wp-json\/wp\/v2\/media?parent=238"}],"curies":[{"name":"wp","href":"https:\/\/api.w.org\/{rel}","templated":true}]}}