{"id":2390,"date":"2010-10-15T19:50:18","date_gmt":"2010-10-15T17:50:18","guid":{"rendered":"http:\/\/abc-latina.com\/index-htm-7\/"},"modified":"2026-04-30T18:25:08","modified_gmt":"2026-04-30T16:25:08","slug":"index","status":"publish","type":"page","link":"https:\/\/abc-latina.com\/mexique\/index\/","title":{"rendered":"Les ETATS MEXICAINS"},"content":{"rendered":"<h2>AGUASCALIENTES<\/h2>\n<div>Capitale de l&rsquo;\u00e9tat: Aguascalientes<\/div>\n<div>Superficie: 5 272 km&sup2;<\/div>\n<div>soit 3% du territoire<\/div>\n<div>Population: 943.506 h<\/div>\n<div>Principales villes<\/div>\n<div>Jes\u00fas Mar\u00eda 63 919 h<\/div>\n<div>Calvillo 51 235 h<\/div>\n<div>Rinc\u00f3n de Romos 41 548 h<\/div>\n<div>&nbsp;<\/div>\n<h2>BASSE CALIFORNIE du SUD<\/h2>\n<div>Capitale de l&rsquo;\u00e9tat: La Paz<\/div>\n<div>Superficie: 73 948 km&sup2;<\/div>\n<div>soit 3,6 % du territoire<\/div>\n<div>Population: 453.516 ha<\/div>\n<div>Principales villes:&nbsp;<\/div>\n<div>La Paz, 196 708 h<\/div>\n<div>Los Cabos, 105 199 h<\/div>\n<div>Comond\u00f9, 63 837 h<\/div>\n<div>Muleg\u00e9, 45 985 h<\/div>\n<div>&nbsp;<\/div>\n<h2>BASSE CALIFORNIE<\/h2>\n<div>Capitale de l&rsquo;\u00e9tat: Mexicali<\/div>\n<div>Superficie: 71 505 km&sup2;<\/div>\n<div>soit 3,7 % du territoire<\/div>\n<div>Population: 2 847 700 h<\/div>\n<div>Principales villes:&nbsp;<\/div>\n<div>Tijuana, 1 212 232 h<\/div>\n<div>Mexicali, 764 902 h<\/div>\n<div>Ensenada, 369 573 h<\/div>\n<div>Tecate, 77 444 h<\/div>\n<div>Playas de Rosarito, 63 549 h<\/div>\n<div>&nbsp;<\/div>\n<h2>CHIAPAS<\/h2>\n<div>Capitale de l&rsquo;\u00e9tat: Tuxtla Guti\u00e9rrez<\/div>\n<div>Superficie: 73 628 km&sup2;<\/div>\n<div>soit 3,8 % du territoire<\/div>\n<div>Population: 3 920 515 ha<\/div>\n<div>Principales villes:&nbsp;<\/div>\n<div>Tuxtla Guti\u00e9rrez, 433 544 h<\/div>\n<div>Tapachula, 2 271 141 h<\/div>\n<div>Ocosingo, 171 495 h<\/div>\n<div>San Crist\u00f3bal de Las Casas, 132 317 h<\/div>\n<div>&nbsp;<\/div>\n<h2>CHIHUAHUA<\/h2>\n<div>Capitale de l&rsquo;\u00e9tat: Chihuahua<\/div>\n<div>Superficie: 245 962 km&sup2;<\/div>\n<div>soit 12,6 % du territoire<\/div>\n<div>Population: 3 047 867 h<\/div>\n<div>Principales villes:&nbsp;<\/div>\n<div>Ju\u00e1rez, 1 217 818 h<\/div>\n<div>Chihuahua, 670 208 h<\/div>\n<div>Cuauht\u00e9moc, 124 279<\/div>\n<div>Delicias, 116 132<\/div>\n<div>&nbsp;<\/div>\n<h2>COAHUILA<\/h2>\n<div>Capitale de l&rsquo;\u00e9tat: Saltillo<\/div>\n<div>Superficie: 150 615 km&sup2;<\/div>\n<div>soit 7,7 % du territoire<\/div>\n<div>Population: 2 295 508 h<\/div>\n<div>Principales villes:&nbsp;<\/div>\n<div>Saltillo, 577 352 h<\/div>\n<div>Torre\u00f3n, 529 93 h<\/div>\n<div>Monclova, 193 75 h<\/div>\n<div>Piedras Negras, 127 898 h<\/div>\n<div>&nbsp;<\/div>\n<h2>DISTRICT FEDERAL<\/h2>\n<div>Capitale de l&rsquo;\u00e9tat: M\u00e9xico<\/div>\n<div>Superficie: 1 512 km&sup2;<\/div>\n<div>soit 0,1 % du territoire<\/div>\n<div>Population: 17 800 000 h<\/div>\n<div>Principales villes:&nbsp;<\/div>\n<div>Iztapalapa, 1 771 673 h<\/div>\n<div>Gustavo A. Madero, 1 233 922<\/div>\n<div>\u00c1lvaro Obreg\u00f3n, 685 327 h<\/div>\n<div>Coyoac\u00e1n, 639 021 h<\/div>\n<div>&nbsp;<\/div>\n<h2>DURANGO<\/h2>\n<div>Capitale de l&rsquo;\u00e9tat: Durango<\/div>\n<div>Superficie: 122 792 km&sup2;<\/div>\n<div>soit 6,3 % du territoire<\/div>\n<div>Population: 1 445 922 h<\/div>\n<div>Principales villes:&nbsp;<\/div>\n<div>Durango, 490 524 h<\/div>\n<div>G\u00f3mez Palacio, 272 806 h<\/div>\n<div>Ciudad Lerdo, 112 272 h<\/div>\n<div>Pueblo Nuevo 45 257 h<\/div>\n<div>&nbsp;<\/div>\n<h2>ETAT de MEXICO<\/h2>\n<div>Capitale de l&rsquo;\u00e9tat: Toluca<\/div>\n<div>Superficie: 21 419 km&sup2;<\/div>\n<div>soit 1,1 % du territoire<\/div>\n<div>Population: 13 083 359 h<\/div>\n<div>Principales villes:&nbsp;<\/div>\n<div>Toluca, 1 019 197 h<\/div>\n<div>Ecatepec, 1 620 303 h<\/div>\n<div>Nezahalc\u00f3yotl, 1 224 924 h<\/div>\n<div>Naucalpan, 852 511 h<\/div>\n<div>Tlalnepantla , 720 755 h<\/div>\n<div>&nbsp;<\/div>\n<h2>GUERRERO<\/h2>\n<div>Capitale de l&rsquo;\u00e9tat: Chilpancingo<\/div>\n<div>Superficie: 64 791 km&sup2;<\/div>\n<div>soit 3,2 % du territoire<\/div>\n<div>Population: 3 075 083 h<\/div>\n<div>Principales villes:&nbsp;<\/div>\n<div>Acapulco de Ju\u00e1rez, 721011 h<\/div>\n<div>Chilpancingo, 192 509 h<\/div>\n<div>Iguala, 123 883 h<\/div>\n<div>Chilapa de \u00c1lvarez, 102 716 h<\/div>\n<div>&nbsp;<\/div>\n<h2>HIDALGO<\/h2>\n<div>Capitale de l&rsquo;\u00e9tat: Pachuca<\/div>\n<div>Superficie: 20 664 km&sup2;<\/div>\n<div>soit 1,1 % du territoire<\/div>\n<div>Population: 2 231 392 h<\/div>\n<div>Principales villes:&nbsp;<\/div>\n<div>Pachuca, 244 688 h<\/div>\n<div>Tulancingo, 121 946 h<\/div>\n<div>Huejutla, 108 017 h<\/div>\n<div>Tula , 86,782 h<\/div>\n<div>&nbsp;<\/div>\n<h2>JALISCO<\/h2>\n<div>Capitale de l&rsquo;\u00e9tat: Guadalajara<\/div>\n<div>Superficie: 79 085 km&sup2;<\/div>\n<div>soit 4 % du territoire<\/div>\n<div>Population: 6 321 278 h<\/div>\n<div>Principales villes:&nbsp;<\/div>\n<div>Guadalajara, 1 647 720 h<\/div>\n<div>Zapopan, 1 002 239 h<\/div>\n<div>Tlaquepaque, 475 472 h<\/div>\n<div>Tonal\u00e1 , 336 109 h<\/div>\n<div>&nbsp;<\/div>\n<h2>MORELOS<\/h2>\n<div>Capitale de l&rsquo;\u00e9tat: Cuernavaca<\/div>\n<div>Superficie: 4961 km&sup2;<\/div>\n<div>soit 0,25 % du territoire<\/div>\n<div>Population: 1 552 878 h<\/div>\n<div>Principales villes:&nbsp;<\/div>\n<div>Cuernavaca, 337 966 h<\/div>\n<div>Jiutepec 170 428 h<\/div>\n<div>Cuautla, 153 132 h<\/div>\n<div>Temixco 92 686 h<\/div>\n<div>&nbsp;<\/div>\n<h2>NAYARIT<\/h2>\n<div>Capitale de l&rsquo;\u00e9tat: Tepic<\/div>\n<div>Superficie: 27 103 km&sup2;<\/div>\n<div>soit 1,4 % du territoire<\/div>\n<div>Population: 919 739 h<\/div>\n<div>Principales villes:&nbsp;<\/div>\n<div>Tepic, 305 025 h<\/div>\n<div>Santiago Ixcuitla, 95 311 h<\/div>\n<div>Compostela, 65 804 h<\/div>\n<div>Bah\u00eda de Banderas , 59 782 h<\/div>\n<div>&nbsp;<\/div>\n<h2>NUEVO LEON<\/h2>\n<div>Capitale de l&rsquo;\u00e9tat: Monterrey<\/div>\n<div>Superficie: 64 742 km&sup2;<\/div>\n<div>soit 3,3 % du territoire<\/div>\n<div>Population: 3 826 240 h<\/div>\n<div>Principales villes:&nbsp;<\/div>\n<div>Monterrey, 1 103 499 h<\/div>\n<div>Guadalupe, 668 780 h<\/div>\n<div>San Nicol\u00e1s de los Garza,<\/div>\n<div>495 540 h<\/div>\n<div>Apodaca 282 941 h<\/div>\n<div>&nbsp;<\/div>\n<h2>PUEBLA<\/h2>\n<div>Capitale de l&rsquo;\u00e9tat: Puebla<\/div>\n<div>Superficie: 34 155 km&sup2;<\/div>\n<div>soit 1,7 % du territoire<\/div>\n<div>Population: 5 070 346 h<\/div>\n<div>Principales villes:&nbsp;<\/div>\n<div>Puebla, 1 346 176 h<\/div>\n<div>Tehuac\u00e1n, 225 943 h<\/div>\n<div>San Mart\u00edn Texmelucan, 121 093 h<\/div>\n<div>Atlixco 117 019 h<\/div>\n<div>&nbsp;<\/div>\n<h2>QUERETARO<\/h2>\n<div>Capitale de l&rsquo;\u00e9tat: Quer\u00e9taro<\/div>\n<div>Superficie: 12 114 km&sup2;<\/div>\n<div>soit 0,6 % du territoire<\/div>\n<div>Population: 1 402 010 h<\/div>\n<div>Principales villes:&nbsp;<\/div>\n<div>Quer\u00e9taro, 639 839 h<\/div>\n<div>San Juan del R\u00edo, 179 300 h<\/div>\n<div>Corregidora, 74 345 h<\/div>\n<div>El Marqu\u00e9s, 71 464 h<\/div>\n<div>&nbsp;<\/div>\n<h2>QUINTANA ROO<\/h2>\n<div>Capitale de l&rsquo;\u00e9tat: Chetumal<\/div>\n<div>Superficie: 39 201km&sup2;<\/div>\n<div>soit 2 % du territoire<\/div>\n<div>Population: 873 804 h<\/div>\n<div>Principales villes:&nbsp;<\/div>\n<div>Chitumal, 208 014 h<\/div>\n<div>Benito Ju\u00e1rez, 419 276 h<\/div>\n<div>Ot\u00f3n P. Blanco, 208 014 h<\/div>\n<div>Solidaridad, 63 478 h<\/div>\n<div>Felipe Carrillo Puerto, 60,305 h<\/div>\n<div>&nbsp;<\/div>\n<h2>SINALOA<\/h2>\n<div>Capitale de l&rsquo;\u00e9tat: Culiac\u00e1n<\/div>\n<div>Superficie: 58 359 km&sup2;<\/div>\n<div>soit 2,9 % du territoire<\/div>\n<div>Population: 2 534 835 h<\/div>\n<div>Principales villes:<\/div>\n<div>Culiac\u00e1n, 744 859 h<\/div>\n<div>Mazatl\u00e1n, 380 265 h<\/div>\n<div>Ahome, 358 663 h<\/div>\n<div>Guasave 277 201 h<\/div>\n<div>&nbsp;<\/div>\n<h2>SONORA<\/h2>\n<div>Capitale de l&rsquo;\u00e9tat: Hermosillo<\/div>\n<div>Superficie: 180 605 km&sup2;<\/div>\n<div>soit 9,2 % du territoire<\/div>\n<div>Population: 2 213 370 h<\/div>\n<div>Principales villes:&nbsp;<\/div>\n<div>Hermosillo, 608 697 h<\/div>\n<div>Cajeme, 355 679 h<\/div>\n<div>Nogales, 159 103 h<\/div>\n<div>San Luis R\u00edo Colorado, 145 276 h<\/div>\n<div>&nbsp;<\/div>\n<h2>TABASCO<\/h2>\n<div>Capitale de l&rsquo;\u00e9tat: Villahermosa<\/div>\n<div>Superficie: 24 612 km&sup2;<\/div>\n<div>soit 1,3 % du territoire<\/div>\n<div>Population: 1 889 367 h<\/div>\n<div>Principales villes:&nbsp;<\/div>\n<div>Villahermosa, 519 873 h<\/div>\n<div>C\u00e1rdenas, 216 903 h<\/div>\n<div>Comalcalco, 164 640 h<\/div>\n<div>Huimanguillo, 158 335 h<\/div>\n<div>&nbsp;<\/div>\n<h2>TLAXCALA<\/h2>\n<div>Capitale de l&rsquo;\u00e9tat: Tlaxcala<\/div>\n<div>Superficie: 4 052 km&sup2;<\/div>\n<div>soit 0,2 % du territoire<\/div>\n<div>Population: 961 912 h<\/div>\n<div>Principales villes:&nbsp;<\/div>\n<div>Tlaxcala, 73 184 h<\/div>\n<div>Apizaco, 67 644 h<\/div>\n<div>Huamantla, 66 380 h<\/div>\n<div>Chiautempan , 57450 h<\/div>\n<div>&nbsp;<\/div>\n<h2>VERACRUZ<\/h2>\n<div>Capitale de l&rsquo;\u00e9tat: Xalapa<\/div>\n<div>Superficie: 73 005 km&sup2;<\/div>\n<div>soit 3,7 % du territoire<\/div>\n<div>Population: 6 901 111 h<\/div>\n<div>Principales villes:&nbsp;<\/div>\n<div>Veracruz, 457 119 h<\/div>\n<div>Xalapa, 390 058 h<\/div>\n<div>Coatzacoalcos, 267 037 h<\/div>\n<div>C\u00f3rdoba ,176 952 h<\/div>\n<div>&nbsp;<\/div>\n<h2>YUCATAN<\/h2>\n<div>Capitale de l&rsquo;\u00e9tat: M\u00e9rida<\/div>\n<div>Superficie: 43 577 km&sup2; &#8211; soit 1,95 % du territoire<\/div>\n<div>Population: 1 655 707 ha<\/div>\n<div>Principales villes:<\/div>\n<div>M\u00e9rida, 703 324 ha<\/div>\n<div>Tizim\u00edn, 63 993 ha<\/div>\n<div>Valladolid, 56 742 ha<\/div>\n<div>Um\u00e1n, 49 105 ha<\/div>\n<div>&nbsp;<\/div>\n<div>&nbsp;<\/div>\n","protected":false},"excerpt":{"rendered":"<p>AGUASCALIENTES Capitale de l&rsquo;\u00e9tat: Aguascalientes Superficie: 5 272 km&sup2; soit 3% du territoire Population: 943.506 h Principales villes Jes\u00fas Mar\u00eda [&hellip;]<\/p>\n","protected":false},"author":3,"featured_media":0,"parent":2308,"menu_order":0,"comment_status":"closed","ping_status":"closed","template":"","meta":{"site-sidebar-layout":"default","site-content-layout":"","ast-site-content-layout":"default","site-content-style":"default","site-sidebar-style":"default","ast-global-header-display":"","ast-banner-title-visibility":"","ast-main-header-display":"","ast-hfb-above-header-display":"","ast-hfb-below-header-display":"","ast-hfb-mobile-header-display":"","site-post-title":"","ast-breadcrumbs-content":"","ast-featured-img":"","footer-sml-layout":"","ast-disable-related-posts":"","theme-transparent-header-meta":"","adv-header-id-meta":"","stick-header-meta":"","header-above-stick-meta":"","header-main-stick-meta":"","header-below-stick-meta":"","astra-migrate-meta-layouts":"default","ast-page-background-enabled":"default","ast-page-background-meta":{"desktop":{"background-color":"var(--ast-global-color-5)","background-image":"","background-repeat":"repeat","background-position":"center center","background-size":"auto","background-attachment":"scroll","background-type":"","background-media":"","overlay-type":"","overlay-color":"","overlay-opacity":"","overlay-gradient":""},"tablet":{"background-color":"","background-image":"","background-repeat":"repeat","background-position":"center center","background-size":"auto","background-attachment":"scroll","background-type":"","background-media":"","overlay-type":"","overlay-color":"","overlay-opacity":"","overlay-gradient":""},"mobile":{"background-color":"","background-image":"","background-repeat":"repeat","background-position":"center center","background-size":"auto","background-attachment":"scroll","background-type":"","background-media":"","overlay-type":"","overlay-color":"","overlay-opacity":"","overlay-gradient":""}},"ast-content-background-meta":{"desktop":{"background-color":"var(--ast-global-color-4)","background-image":"","background-repeat":"repeat","background-position":"center center","background-size":"auto","background-attachment":"scroll","background-type":"","background-media":"","overlay-type":"","overlay-color":"","overlay-opacity":"","overlay-gradient":""},"tablet":{"background-color":"var(--ast-global-color-4)","background-image":"","background-repeat":"repeat","background-position":"center center","background-size":"auto","background-attachment":"scroll","background-type":"","background-media":"","overlay-type":"","overlay-color":"","overlay-opacity":"","overlay-gradient":""},"mobile":{"background-color":"var(--ast-global-color-4)","background-image":"","background-repeat":"repeat","background-position":"center center","background-size":"auto","background-attachment":"scroll","background-type":"","background-media":"","overlay-type":"","overlay-color":"","overlay-opacity":"","overlay-gradient":""}},"footnotes":""},"class_list":["post-2390","page","type-page","status-publish","hentry"],"yoast_head":"<!-- This site is optimized with the Yoast SEO plugin v27.5 - https:\/\/yoast.com\/product\/yoast-seo-wordpress\/ -->\n<title>Les ETATS MEXICAINS - Abc-latina<\/title>\n<meta name=\"description\" content=\"Info sur les r\u00e9gions mexicains: tous les \u00e9tats du Mexique.\" \/>\n<meta name=\"robots\" content=\"index, follow, max-snippet:-1, max-image-preview:large, max-video-preview:-1\" \/>\n<link rel=\"canonical\" href=\"https:\/\/abc-latina.com\/mexique\/index\/\" \/>\n<meta property=\"og:locale\" content=\"fr_FR\" \/>\n<meta property=\"og:type\" content=\"article\" \/>\n<meta property=\"og:title\" content=\"Les ETATS MEXICAINS - Abc-latina\" \/>\n<meta property=\"og:description\" content=\"Info sur les r\u00e9gions mexicains: tous les \u00e9tats du Mexique.\" \/>\n<meta property=\"og:url\" content=\"https:\/\/abc-latina.com\/mexique\/index\/\" \/>\n<meta property=\"og:site_name\" content=\"Abc-latina\" \/>\n<meta property=\"article:modified_time\" content=\"2026-04-30T16:25:08+00:00\" \/>\n<meta name=\"twitter:card\" content=\"summary_large_image\" \/>\n<meta name=\"twitter:label1\" content=\"Dur\u00e9e de lecture estim\u00e9e\" \/>\n\t<meta name=\"twitter:data1\" content=\"3 minutes\" \/>\n<script type=\"application\/ld+json\" class=\"yoast-schema-graph\">{\"@context\":\"https:\\\/\\\/schema.org\",\"@graph\":[{\"@type\":\"WebPage\",\"@id\":\"https:\\\/\\\/abc-latina.com\\\/mexique\\\/index\\\/\",\"url\":\"https:\\\/\\\/abc-latina.com\\\/mexique\\\/index\\\/\",\"name\":\"Les ETATS MEXICAINS - Abc-latina\",\"isPartOf\":{\"@id\":\"https:\\\/\\\/abc-latina.com\\\/#website\"},\"datePublished\":\"2010-10-15T17:50:18+00:00\",\"dateModified\":\"2026-04-30T16:25:08+00:00\",\"description\":\"Info sur les r\u00e9gions mexicains: tous les \u00e9tats du Mexique.\",\"breadcrumb\":{\"@id\":\"https:\\\/\\\/abc-latina.com\\\/mexique\\\/index\\\/#breadcrumb\"},\"inLanguage\":\"fr-FR\",\"potentialAction\":[{\"@type\":\"ReadAction\",\"target\":[\"https:\\\/\\\/abc-latina.com\\\/mexique\\\/index\\\/\"]}]},{\"@type\":\"BreadcrumbList\",\"@id\":\"https:\\\/\\\/abc-latina.com\\\/mexique\\\/index\\\/#breadcrumb\",\"itemListElement\":[{\"@type\":\"ListItem\",\"position\":1,\"name\":\"Accueil\",\"item\":\"https:\\\/\\\/abc-latina.com\\\/\"},{\"@type\":\"ListItem\",\"position\":2,\"name\":\"Les ETATS MEXICAINS\"}]},{\"@type\":\"WebSite\",\"@id\":\"https:\\\/\\\/abc-latina.com\\\/#website\",\"url\":\"https:\\\/\\\/abc-latina.com\\\/\",\"name\":\"Abc-latina\",\"description\":\"\",\"publisher\":{\"@id\":\"https:\\\/\\\/abc-latina.com\\\/#organization\"},\"potentialAction\":[{\"@type\":\"SearchAction\",\"target\":{\"@type\":\"EntryPoint\",\"urlTemplate\":\"https:\\\/\\\/abc-latina.com\\\/?s={search_term_string}\"},\"query-input\":{\"@type\":\"PropertyValueSpecification\",\"valueRequired\":true,\"valueName\":\"search_term_string\"}}],\"inLanguage\":\"fr-FR\"},{\"@type\":\"Organization\",\"@id\":\"https:\\\/\\\/abc-latina.com\\\/#organization\",\"name\":\"Abc-latina\",\"url\":\"https:\\\/\\\/abc-latina.com\\\/\",\"logo\":{\"@type\":\"ImageObject\",\"inLanguage\":\"fr-FR\",\"@id\":\"https:\\\/\\\/abc-latina.com\\\/#\\\/schema\\\/logo\\\/image\\\/\",\"url\":\"https:\\\/\\\/abc-latina.com\\\/wp-content\\\/uploads\\\/2026\\\/05\\\/cropped-logo.gif\",\"contentUrl\":\"https:\\\/\\\/abc-latina.com\\\/wp-content\\\/uploads\\\/2026\\\/05\\\/cropped-logo.gif\",\"width\":89,\"height\":84,\"caption\":\"Abc-latina\"},\"image\":{\"@id\":\"https:\\\/\\\/abc-latina.com\\\/#\\\/schema\\\/logo\\\/image\\\/\"}}]}<\/script>\n<!-- \/ Yoast SEO plugin. -->","yoast_head_json":{"title":"Les ETATS MEXICAINS - Abc-latina","description":"Info sur les r\u00e9gions mexicains: tous les \u00e9tats du Mexique.","robots":{"index":"index","follow":"follow","max-snippet":"max-snippet:-1","max-image-preview":"max-image-preview:large","max-video-preview":"max-video-preview:-1"},"canonical":"https:\/\/abc-latina.com\/mexique\/index\/","og_locale":"fr_FR","og_type":"article","og_title":"Les ETATS MEXICAINS - Abc-latina","og_description":"Info sur les r\u00e9gions mexicains: tous les \u00e9tats du Mexique.","og_url":"https:\/\/abc-latina.com\/mexique\/index\/","og_site_name":"Abc-latina","article_modified_time":"2026-04-30T16:25:08+00:00","twitter_card":"summary_large_image","twitter_misc":{"Dur\u00e9e de lecture estim\u00e9e":"3 minutes"},"schema":{"@context":"https:\/\/schema.org","@graph":[{"@type":"WebPage","@id":"https:\/\/abc-latina.com\/mexique\/index\/","url":"https:\/\/abc-latina.com\/mexique\/index\/","name":"Les ETATS MEXICAINS - Abc-latina","isPartOf":{"@id":"https:\/\/abc-latina.com\/#website"},"datePublished":"2010-10-15T17:50:18+00:00","dateModified":"2026-04-30T16:25:08+00:00","description":"Info sur les r\u00e9gions mexicains: tous les \u00e9tats du Mexique.","breadcrumb":{"@id":"https:\/\/abc-latina.com\/mexique\/index\/#breadcrumb"},"inLanguage":"fr-FR","potentialAction":[{"@type":"ReadAction","target":["https:\/\/abc-latina.com\/mexique\/index\/"]}]},{"@type":"BreadcrumbList","@id":"https:\/\/abc-latina.com\/mexique\/index\/#breadcrumb","itemListElement":[{"@type":"ListItem","position":1,"name":"Accueil","item":"https:\/\/abc-latina.com\/"},{"@type":"ListItem","position":2,"name":"Les ETATS MEXICAINS"}]},{"@type":"WebSite","@id":"https:\/\/abc-latina.com\/#website","url":"https:\/\/abc-latina.com\/","name":"Abc-latina","description":"","publisher":{"@id":"https:\/\/abc-latina.com\/#organization"},"potentialAction":[{"@type":"SearchAction","target":{"@type":"EntryPoint","urlTemplate":"https:\/\/abc-latina.com\/?s={search_term_string}"},"query-input":{"@type":"PropertyValueSpecification","valueRequired":true,"valueName":"search_term_string"}}],"inLanguage":"fr-FR"},{"@type":"Organization","@id":"https:\/\/abc-latina.com\/#organization","name":"Abc-latina","url":"https:\/\/abc-latina.com\/","logo":{"@type":"ImageObject","inLanguage":"fr-FR","@id":"https:\/\/abc-latina.com\/#\/schema\/logo\/image\/","url":"https:\/\/abc-latina.com\/wp-content\/uploads\/2026\/05\/cropped-logo.gif","contentUrl":"https:\/\/abc-latina.com\/wp-content\/uploads\/2026\/05\/cropped-logo.gif","width":89,"height":84,"caption":"Abc-latina"},"image":{"@id":"https:\/\/abc-latina.com\/#\/schema\/logo\/image\/"}}]}},"_links":{"self":[{"href":"https:\/\/abc-latina.com\/wp-json\/wp\/v2\/pages\/2390","targetHints":{"allow":["GET"]}}],"collection":[{"href":"https:\/\/abc-latina.com\/wp-json\/wp\/v2\/pages"}],"about":[{"href":"https:\/\/abc-latina.com\/wp-json\/wp\/v2\/types\/page"}],"author":[{"embeddable":true,"href":"https:\/\/abc-latina.com\/wp-json\/wp\/v2\/users\/3"}],"replies":[{"embeddable":true,"href":"https:\/\/abc-latina.com\/wp-json\/wp\/v2\/comments?post=2390"}],"version-history":[{"count":1,"href":"https:\/\/abc-latina.com\/wp-json\/wp\/v2\/pages\/2390\/revisions"}],"predecessor-version":[{"id":3536,"href":"https:\/\/abc-latina.com\/wp-json\/wp\/v2\/pages\/2390\/revisions\/3536"}],"up":[{"embeddable":true,"href":"https:\/\/abc-latina.com\/wp-json\/wp\/v2\/pages\/2308"}],"wp:attachment":[{"href":"https:\/\/abc-latina.com\/wp-json\/wp\/v2\/media?parent=2390"}],"curies":[{"name":"wp","href":"https:\/\/api.w.org\/{rel}","templated":true}]}}