{"id":2394,"date":"2010-10-15T21:13:28","date_gmt":"2010-10-15T19:13:28","guid":{"rendered":"http:\/\/abc-latina.com\/voile-htm-2\/"},"modified":"2018-06-10T19:19:17","modified_gmt":"2018-06-10T17:19:17","slug":"voile","status":"publish","type":"page","link":"https:\/\/abc-latina.com\/mexique\/voile\/","title":{"rendered":"La VOILE au MEXIQUE"},"content":{"rendered":"<p><img loading=\"lazy\" decoding=\"async\" class=\" size-full wp-image-2393\" src=\"http:\/\/abc-latina.com\/wp-content\/uploads\/2010\/10\/051-voile-au-mexique.jpg\" title=\"LA VOILE AU MEXIQUE\" alt=\"La VOILE au MEXIQUE\" width=\"480\" height=\"262\" srcset=\"https:\/\/abc-latina.com\/wp-content\/uploads\/2010\/10\/051-voile-au-mexique.jpg 700w, https:\/\/abc-latina.com\/wp-content\/uploads\/2010\/10\/051-voile-au-mexique-300x164.jpg 300w\" sizes=\"auto, (max-width: 480px) 100vw, 480px\" \/><\/p>\n<p>Les possibilit\u00e9s de jouir de la navigation sont tr\u00e8s larges au Mexique. La grande longueur des c\u00f4tes mexicaines, tant sur le versant du Pacifique que sur le Golfe du Mexique et la Cara\u00efbe, repr\u00e9sente pour les amateurs l&rsquo;occasion incomparable de pratiquer leur sport. Dans tous les sites touristiques c\u00f4tiers, il existe des marinas o\u00f9 il est possible d&rsquo;accoster et de se fournir de tout le n\u00e9cessaire pour continuer votre voyage.<\/p>\n<p>Nous citons en particulier, Huatulco, Acapulco, Ixtapa-Zihuatanejo, Puerto Vallarta, Manzanillo et Mazatl\u00e1n sur le Pacifique; Guaymas, San Carlos, Loreto, Santa Rosal\u00eda et Los Cabos sur la Mer de Cortes; Tampico, Veracruz et Campeche sur le Golfe du Mexique; et Canc\u00fan, Isla Mujeres, Cozumel et Playa del Carmen dans la fantastique Cara\u00efbe mexicaine. Catamarans, petites embarcations \u00e0 voile, yachts de diff\u00e9rentes longueurs et tout type d&#8217;embarcations en g\u00e9n\u00e9ral, auront toujours un port d&rsquo;abri \u00e0 proximit\u00e9. La p\u00e9riode qui repr\u00e9sente un danger pour la navigation c\u00f4ti\u00e8re doit \u00eatre prise en consid\u00e9ration et il faut se r\u00e9f\u00e9rer aux pr\u00e9ceptes l\u00e9gaux pour l&rsquo;observation de p\u00e9riodes d&rsquo;interdiction de la p\u00eache.<br \/> Source: Office du tourisme mexicain<\/p>\n","protected":false},"excerpt":{"rendered":"<p>Les possibilit\u00e9s de jouir de la navigation sont tr\u00e8s larges au Mexique. La grande longueur des c\u00f4tes mexicaines, tant sur [&hellip;]<\/p>\n","protected":false},"author":3,"featured_media":2393,"parent":2308,"menu_order":0,"comment_status":"closed","ping_status":"closed","template":"","meta":{"site-sidebar-layout":"default","site-content-layout":"","ast-site-content-layout":"default","site-content-style":"default","site-sidebar-style":"default","ast-global-header-display":"","ast-banner-title-visibility":"","ast-main-header-display":"","ast-hfb-above-header-display":"","ast-hfb-below-header-display":"","ast-hfb-mobile-header-display":"","site-post-title":"","ast-breadcrumbs-content":"","ast-featured-img":"","footer-sml-layout":"","ast-disable-related-posts":"","theme-transparent-header-meta":"","adv-header-id-meta":"","stick-header-meta":"","header-above-stick-meta":"","header-main-stick-meta":"","header-below-stick-meta":"","astra-migrate-meta-layouts":"default","ast-page-background-enabled":"default","ast-page-background-meta":{"desktop":{"background-color":"var(--ast-global-color-5)","background-image":"","background-repeat":"repeat","background-position":"center center","background-size":"auto","background-attachment":"scroll","background-type":"","background-media":"","overlay-type":"","overlay-color":"","overlay-opacity":"","overlay-gradient":""},"tablet":{"background-color":"","background-image":"","background-repeat":"repeat","background-position":"center center","background-size":"auto","background-attachment":"scroll","background-type":"","background-media":"","overlay-type":"","overlay-color":"","overlay-opacity":"","overlay-gradient":""},"mobile":{"background-color":"","background-image":"","background-repeat":"repeat","background-position":"center center","background-size":"auto","background-attachment":"scroll","background-type":"","background-media":"","overlay-type":"","overlay-color":"","overlay-opacity":"","overlay-gradient":""}},"ast-content-background-meta":{"desktop":{"background-color":"var(--ast-global-color-4)","background-image":"","background-repeat":"repeat","background-position":"center center","background-size":"auto","background-attachment":"scroll","background-type":"","background-media":"","overlay-type":"","overlay-color":"","overlay-opacity":"","overlay-gradient":""},"tablet":{"background-color":"var(--ast-global-color-4)","background-image":"","background-repeat":"repeat","background-position":"center center","background-size":"auto","background-attachment":"scroll","background-type":"","background-media":"","overlay-type":"","overlay-color":"","overlay-opacity":"","overlay-gradient":""},"mobile":{"background-color":"var(--ast-global-color-4)","background-image":"","background-repeat":"repeat","background-position":"center center","background-size":"auto","background-attachment":"scroll","background-type":"","background-media":"","overlay-type":"","overlay-color":"","overlay-opacity":"","overlay-gradient":""}},"footnotes":""},"class_list":["post-2394","page","type-page","status-publish","has-post-thumbnail","hentry"],"yoast_head":"<!-- This site is optimized with the Yoast SEO plugin v27.5 - https:\/\/yoast.com\/product\/yoast-seo-wordpress\/ -->\n<title>La VOILE au MEXIQUE - Abc-latina<\/title>\n<meta name=\"description\" content=\"Le tourisme d&#039;aventure et la pratique de la voile au Mexique.\" \/>\n<meta name=\"robots\" content=\"index, follow, max-snippet:-1, max-image-preview:large, max-video-preview:-1\" \/>\n<link rel=\"canonical\" href=\"https:\/\/abc-latina.com\/mexique\/voile\/\" \/>\n<meta property=\"og:locale\" content=\"fr_FR\" \/>\n<meta property=\"og:type\" content=\"article\" \/>\n<meta property=\"og:title\" content=\"La VOILE au MEXIQUE - Abc-latina\" \/>\n<meta property=\"og:description\" content=\"Le tourisme d&#039;aventure et la pratique de la voile au Mexique.\" \/>\n<meta property=\"og:url\" content=\"https:\/\/abc-latina.com\/mexique\/voile\/\" \/>\n<meta property=\"og:site_name\" content=\"Abc-latina\" \/>\n<meta property=\"article:modified_time\" content=\"2018-06-10T17:19:17+00:00\" \/>\n<meta property=\"og:image\" content=\"https:\/\/abc-latina.com\/wp-content\/uploads\/2010\/10\/051-voile-au-mexique.jpg\" \/>\n\t<meta property=\"og:image:width\" content=\"700\" \/>\n\t<meta property=\"og:image:height\" content=\"382\" \/>\n\t<meta property=\"og:image:type\" content=\"image\/jpeg\" \/>\n<meta name=\"twitter:card\" content=\"summary_large_image\" \/>\n<meta name=\"twitter:label1\" content=\"Dur\u00e9e de lecture estim\u00e9e\" \/>\n\t<meta name=\"twitter:data1\" content=\"1 minute\" \/>\n<script type=\"application\/ld+json\" class=\"yoast-schema-graph\">{\"@context\":\"https:\\\/\\\/schema.org\",\"@graph\":[{\"@type\":\"WebPage\",\"@id\":\"https:\\\/\\\/abc-latina.com\\\/mexique\\\/voile\\\/\",\"url\":\"https:\\\/\\\/abc-latina.com\\\/mexique\\\/voile\\\/\",\"name\":\"La VOILE au MEXIQUE - Abc-latina\",\"isPartOf\":{\"@id\":\"https:\\\/\\\/abc-latina.com\\\/#website\"},\"primaryImageOfPage\":{\"@id\":\"https:\\\/\\\/abc-latina.com\\\/mexique\\\/voile\\\/#primaryimage\"},\"image\":{\"@id\":\"https:\\\/\\\/abc-latina.com\\\/mexique\\\/voile\\\/#primaryimage\"},\"thumbnailUrl\":\"https:\\\/\\\/abc-latina.com\\\/wp-content\\\/uploads\\\/2010\\\/10\\\/051-voile-au-mexique.jpg\",\"datePublished\":\"2010-10-15T19:13:28+00:00\",\"dateModified\":\"2018-06-10T17:19:17+00:00\",\"description\":\"Le tourisme d'aventure et la pratique de la voile au Mexique.\",\"breadcrumb\":{\"@id\":\"https:\\\/\\\/abc-latina.com\\\/mexique\\\/voile\\\/#breadcrumb\"},\"inLanguage\":\"fr-FR\",\"potentialAction\":[{\"@type\":\"ReadAction\",\"target\":[\"https:\\\/\\\/abc-latina.com\\\/mexique\\\/voile\\\/\"]}]},{\"@type\":\"ImageObject\",\"inLanguage\":\"fr-FR\",\"@id\":\"https:\\\/\\\/abc-latina.com\\\/mexique\\\/voile\\\/#primaryimage\",\"url\":\"https:\\\/\\\/abc-latina.com\\\/wp-content\\\/uploads\\\/2010\\\/10\\\/051-voile-au-mexique.jpg\",\"contentUrl\":\"https:\\\/\\\/abc-latina.com\\\/wp-content\\\/uploads\\\/2010\\\/10\\\/051-voile-au-mexique.jpg\",\"width\":700,\"height\":382,\"caption\":\"LA VOILE AU MEXIQUE\"},{\"@type\":\"BreadcrumbList\",\"@id\":\"https:\\\/\\\/abc-latina.com\\\/mexique\\\/voile\\\/#breadcrumb\",\"itemListElement\":[{\"@type\":\"ListItem\",\"position\":1,\"name\":\"Accueil\",\"item\":\"https:\\\/\\\/abc-latina.com\\\/\"},{\"@type\":\"ListItem\",\"position\":2,\"name\":\"La VOILE au MEXIQUE\"}]},{\"@type\":\"WebSite\",\"@id\":\"https:\\\/\\\/abc-latina.com\\\/#website\",\"url\":\"https:\\\/\\\/abc-latina.com\\\/\",\"name\":\"Abc-latina\",\"description\":\"\",\"publisher\":{\"@id\":\"https:\\\/\\\/abc-latina.com\\\/#organization\"},\"potentialAction\":[{\"@type\":\"SearchAction\",\"target\":{\"@type\":\"EntryPoint\",\"urlTemplate\":\"https:\\\/\\\/abc-latina.com\\\/?s={search_term_string}\"},\"query-input\":{\"@type\":\"PropertyValueSpecification\",\"valueRequired\":true,\"valueName\":\"search_term_string\"}}],\"inLanguage\":\"fr-FR\"},{\"@type\":\"Organization\",\"@id\":\"https:\\\/\\\/abc-latina.com\\\/#organization\",\"name\":\"Abc-latina\",\"url\":\"https:\\\/\\\/abc-latina.com\\\/\",\"logo\":{\"@type\":\"ImageObject\",\"inLanguage\":\"fr-FR\",\"@id\":\"https:\\\/\\\/abc-latina.com\\\/#\\\/schema\\\/logo\\\/image\\\/\",\"url\":\"https:\\\/\\\/abc-latina.com\\\/wp-content\\\/uploads\\\/2026\\\/05\\\/cropped-logo.gif\",\"contentUrl\":\"https:\\\/\\\/abc-latina.com\\\/wp-content\\\/uploads\\\/2026\\\/05\\\/cropped-logo.gif\",\"width\":89,\"height\":84,\"caption\":\"Abc-latina\"},\"image\":{\"@id\":\"https:\\\/\\\/abc-latina.com\\\/#\\\/schema\\\/logo\\\/image\\\/\"}}]}<\/script>\n<!-- \/ Yoast SEO plugin. -->","yoast_head_json":{"title":"La VOILE au MEXIQUE - Abc-latina","description":"Le tourisme d'aventure et la pratique de la voile au Mexique.","robots":{"index":"index","follow":"follow","max-snippet":"max-snippet:-1","max-image-preview":"max-image-preview:large","max-video-preview":"max-video-preview:-1"},"canonical":"https:\/\/abc-latina.com\/mexique\/voile\/","og_locale":"fr_FR","og_type":"article","og_title":"La VOILE au MEXIQUE - Abc-latina","og_description":"Le tourisme d'aventure et la pratique de la voile au Mexique.","og_url":"https:\/\/abc-latina.com\/mexique\/voile\/","og_site_name":"Abc-latina","article_modified_time":"2018-06-10T17:19:17+00:00","og_image":[{"width":700,"height":382,"url":"https:\/\/abc-latina.com\/wp-content\/uploads\/2010\/10\/051-voile-au-mexique.jpg","type":"image\/jpeg"}],"twitter_card":"summary_large_image","twitter_misc":{"Dur\u00e9e de lecture estim\u00e9e":"1 minute"},"schema":{"@context":"https:\/\/schema.org","@graph":[{"@type":"WebPage","@id":"https:\/\/abc-latina.com\/mexique\/voile\/","url":"https:\/\/abc-latina.com\/mexique\/voile\/","name":"La VOILE au MEXIQUE - Abc-latina","isPartOf":{"@id":"https:\/\/abc-latina.com\/#website"},"primaryImageOfPage":{"@id":"https:\/\/abc-latina.com\/mexique\/voile\/#primaryimage"},"image":{"@id":"https:\/\/abc-latina.com\/mexique\/voile\/#primaryimage"},"thumbnailUrl":"https:\/\/abc-latina.com\/wp-content\/uploads\/2010\/10\/051-voile-au-mexique.jpg","datePublished":"2010-10-15T19:13:28+00:00","dateModified":"2018-06-10T17:19:17+00:00","description":"Le tourisme d'aventure et la pratique de la voile au Mexique.","breadcrumb":{"@id":"https:\/\/abc-latina.com\/mexique\/voile\/#breadcrumb"},"inLanguage":"fr-FR","potentialAction":[{"@type":"ReadAction","target":["https:\/\/abc-latina.com\/mexique\/voile\/"]}]},{"@type":"ImageObject","inLanguage":"fr-FR","@id":"https:\/\/abc-latina.com\/mexique\/voile\/#primaryimage","url":"https:\/\/abc-latina.com\/wp-content\/uploads\/2010\/10\/051-voile-au-mexique.jpg","contentUrl":"https:\/\/abc-latina.com\/wp-content\/uploads\/2010\/10\/051-voile-au-mexique.jpg","width":700,"height":382,"caption":"LA VOILE AU MEXIQUE"},{"@type":"BreadcrumbList","@id":"https:\/\/abc-latina.com\/mexique\/voile\/#breadcrumb","itemListElement":[{"@type":"ListItem","position":1,"name":"Accueil","item":"https:\/\/abc-latina.com\/"},{"@type":"ListItem","position":2,"name":"La VOILE au MEXIQUE"}]},{"@type":"WebSite","@id":"https:\/\/abc-latina.com\/#website","url":"https:\/\/abc-latina.com\/","name":"Abc-latina","description":"","publisher":{"@id":"https:\/\/abc-latina.com\/#organization"},"potentialAction":[{"@type":"SearchAction","target":{"@type":"EntryPoint","urlTemplate":"https:\/\/abc-latina.com\/?s={search_term_string}"},"query-input":{"@type":"PropertyValueSpecification","valueRequired":true,"valueName":"search_term_string"}}],"inLanguage":"fr-FR"},{"@type":"Organization","@id":"https:\/\/abc-latina.com\/#organization","name":"Abc-latina","url":"https:\/\/abc-latina.com\/","logo":{"@type":"ImageObject","inLanguage":"fr-FR","@id":"https:\/\/abc-latina.com\/#\/schema\/logo\/image\/","url":"https:\/\/abc-latina.com\/wp-content\/uploads\/2026\/05\/cropped-logo.gif","contentUrl":"https:\/\/abc-latina.com\/wp-content\/uploads\/2026\/05\/cropped-logo.gif","width":89,"height":84,"caption":"Abc-latina"},"image":{"@id":"https:\/\/abc-latina.com\/#\/schema\/logo\/image\/"}}]}},"_links":{"self":[{"href":"https:\/\/abc-latina.com\/wp-json\/wp\/v2\/pages\/2394","targetHints":{"allow":["GET"]}}],"collection":[{"href":"https:\/\/abc-latina.com\/wp-json\/wp\/v2\/pages"}],"about":[{"href":"https:\/\/abc-latina.com\/wp-json\/wp\/v2\/types\/page"}],"author":[{"embeddable":true,"href":"https:\/\/abc-latina.com\/wp-json\/wp\/v2\/users\/3"}],"replies":[{"embeddable":true,"href":"https:\/\/abc-latina.com\/wp-json\/wp\/v2\/comments?post=2394"}],"version-history":[{"count":0,"href":"https:\/\/abc-latina.com\/wp-json\/wp\/v2\/pages\/2394\/revisions"}],"up":[{"embeddable":true,"href":"https:\/\/abc-latina.com\/wp-json\/wp\/v2\/pages\/2308"}],"wp:featuredmedia":[{"embeddable":true,"href":"https:\/\/abc-latina.com\/wp-json\/wp\/v2\/media\/2393"}],"wp:attachment":[{"href":"https:\/\/abc-latina.com\/wp-json\/wp\/v2\/media?parent=2394"}],"curies":[{"name":"wp","href":"https:\/\/api.w.org\/{rel}","templated":true}]}}