{"id":2396,"date":"2010-10-15T21:24:42","date_gmt":"2010-10-15T19:24:42","guid":{"rendered":"http:\/\/abc-latina.com\/peche_sportive-htm-4\/"},"modified":"2018-06-10T19:19:54","modified_gmt":"2018-06-10T17:19:54","slug":"peche_sportive","status":"publish","type":"page","link":"https:\/\/abc-latina.com\/mexique\/peche_sportive\/","title":{"rendered":"PECHE SPORTIVE au MEXIQUE"},"content":{"rendered":"<p><img loading=\"lazy\" decoding=\"async\" class=\" alignright size-full wp-image-1663\" src=\"http:\/\/abc-latina.com\/wp-content\/uploads\/2010\/07\/peche-sportive.jpg\" title=\"PECHE SPORTIVE AU MEXIQUE\" alt=\"PECHE SPORTIVE au MEXIQUE\" width=\"220\" vspace=\"9\" hspace=\"15\" height=\"220\" align=\"right\" srcset=\"https:\/\/abc-latina.com\/wp-content\/uploads\/2010\/07\/peche-sportive.jpg 220w, https:\/\/abc-latina.com\/wp-content\/uploads\/2010\/07\/peche-sportive-150x150.jpg 150w\" sizes=\"auto, (max-width: 220px) 100vw, 220px\" \/>La p\u00eache et l&rsquo;une des activit\u00e9s les plus anciennes qui se pratique. Au Mexique la p\u00eache comme moyen de survie prend ses origines \u00e0 des temps lointains. La mer, les fleuves et les rivi\u00e8res, les lagunes et les \u00e9tangs ont \u00e9t\u00e9 la source g\u00e9n\u00e9reuse de l&rsquo;alimentation. Actuellement, le Mexique est un choix s\u00e9duisant, par ses longues zones c\u00f4ti\u00e8res qui offrent des centaines de sites id\u00e9aux pour la p\u00eache ainsi que ses r\u00e9serves naturelles qui offrent aussi cette possibilit\u00e9.<br \/> L&rsquo;infrastructure touristique rend possible aujourd&rsquo;hui la p\u00eache sur de nombreux sites au Mexique, connus dans le monde entier pour ses tournois internationaux de p\u00eache du poisson espadon-voilier. Un voyage rapide \u00e0 travers le pays nous montre que: Ensenada, San Carlos, Punta Pe\u00f1asco, Mazatl\u00e1n, Puerto Vallarta, Manzanillo, Zihuatanejo, Acapulco, Puerto Escondido, Puerto \u00c1ngel, Tampico, Tecolutla, Veracruz, Campeche et Canc\u00fan fournissent de larges possibilit\u00e9s pour la p\u00eache, tandis que les eaux du Golfe du Mexique, du Pacifique, de la Mer de Cort\u00e9s et de la Cara\u00efbe sont ad\u00e9quats tant pour les p\u00eacheurs amateurs que pour les experts.<br \/> Source: Office du tourisme mexicain<\/p>\n<p><a href=\"https:\/\/www.abc-latina.com\/amerique_latine\/tourisme_sportif\/peche_sportive\">O\u00f9 pratiquer la p\u00eache sportive en Am\u00e9rique latine ?<\/a><\/p>\n","protected":false},"excerpt":{"rendered":"<p>La p\u00eache et l&rsquo;une des activit\u00e9s les plus anciennes qui se pratique. Au Mexique la p\u00eache comme moyen de survie [&hellip;]<\/p>\n","protected":false},"author":3,"featured_media":1663,"parent":2308,"menu_order":0,"comment_status":"closed","ping_status":"closed","template":"","meta":{"site-sidebar-layout":"default","site-content-layout":"","ast-site-content-layout":"default","site-content-style":"default","site-sidebar-style":"default","ast-global-header-display":"","ast-banner-title-visibility":"","ast-main-header-display":"","ast-hfb-above-header-display":"","ast-hfb-below-header-display":"","ast-hfb-mobile-header-display":"","site-post-title":"","ast-breadcrumbs-content":"","ast-featured-img":"","footer-sml-layout":"","ast-disable-related-posts":"","theme-transparent-header-meta":"","adv-header-id-meta":"","stick-header-meta":"","header-above-stick-meta":"","header-main-stick-meta":"","header-below-stick-meta":"","astra-migrate-meta-layouts":"default","ast-page-background-enabled":"default","ast-page-background-meta":{"desktop":{"background-color":"var(--ast-global-color-5)","background-image":"","background-repeat":"repeat","background-position":"center center","background-size":"auto","background-attachment":"scroll","background-type":"","background-media":"","overlay-type":"","overlay-color":"","overlay-opacity":"","overlay-gradient":""},"tablet":{"background-color":"","background-image":"","background-repeat":"repeat","background-position":"center center","background-size":"auto","background-attachment":"scroll","background-type":"","background-media":"","overlay-type":"","overlay-color":"","overlay-opacity":"","overlay-gradient":""},"mobile":{"background-color":"","background-image":"","background-repeat":"repeat","background-position":"center center","background-size":"auto","background-attachment":"scroll","background-type":"","background-media":"","overlay-type":"","overlay-color":"","overlay-opacity":"","overlay-gradient":""}},"ast-content-background-meta":{"desktop":{"background-color":"var(--ast-global-color-4)","background-image":"","background-repeat":"repeat","background-position":"center center","background-size":"auto","background-attachment":"scroll","background-type":"","background-media":"","overlay-type":"","overlay-color":"","overlay-opacity":"","overlay-gradient":""},"tablet":{"background-color":"var(--ast-global-color-4)","background-image":"","background-repeat":"repeat","background-position":"center center","background-size":"auto","background-attachment":"scroll","background-type":"","background-media":"","overlay-type":"","overlay-color":"","overlay-opacity":"","overlay-gradient":""},"mobile":{"background-color":"var(--ast-global-color-4)","background-image":"","background-repeat":"repeat","background-position":"center center","background-size":"auto","background-attachment":"scroll","background-type":"","background-media":"","overlay-type":"","overlay-color":"","overlay-opacity":"","overlay-gradient":""}},"footnotes":""},"class_list":["post-2396","page","type-page","status-publish","has-post-thumbnail","hentry"],"yoast_head":"<!-- This site is optimized with the Yoast SEO plugin v27.5 - https:\/\/yoast.com\/product\/yoast-seo-wordpress\/ -->\n<title>PECHE SPORTIVE au MEXIQUE - Abc-latina<\/title>\n<meta name=\"description\" content=\"le Mexique est un choix s\u00e9duisant, par ses longues zones c\u00f4ti\u00e8res et ses r\u00e9serves naturelles pour la pratique de la p\u00eache sportive\" \/>\n<meta name=\"robots\" content=\"index, follow, max-snippet:-1, max-image-preview:large, max-video-preview:-1\" \/>\n<link rel=\"canonical\" href=\"https:\/\/abc-latina.com\/mexique\/peche_sportive\/\" \/>\n<meta property=\"og:locale\" content=\"fr_FR\" \/>\n<meta property=\"og:type\" content=\"article\" \/>\n<meta property=\"og:title\" content=\"PECHE SPORTIVE au MEXIQUE - Abc-latina\" \/>\n<meta property=\"og:description\" content=\"le Mexique est un choix s\u00e9duisant, par ses longues zones c\u00f4ti\u00e8res et ses r\u00e9serves naturelles pour la pratique de la p\u00eache sportive\" \/>\n<meta property=\"og:url\" content=\"https:\/\/abc-latina.com\/mexique\/peche_sportive\/\" \/>\n<meta property=\"og:site_name\" content=\"Abc-latina\" \/>\n<meta property=\"article:modified_time\" content=\"2018-06-10T17:19:54+00:00\" \/>\n<meta property=\"og:image\" content=\"https:\/\/abc-latina.com\/wp-content\/uploads\/2010\/07\/peche-sportive.jpg\" \/>\n\t<meta property=\"og:image:width\" content=\"220\" \/>\n\t<meta property=\"og:image:height\" content=\"220\" \/>\n\t<meta property=\"og:image:type\" content=\"image\/jpeg\" \/>\n<meta name=\"twitter:card\" content=\"summary_large_image\" \/>\n<meta name=\"twitter:label1\" content=\"Dur\u00e9e de lecture estim\u00e9e\" \/>\n\t<meta name=\"twitter:data1\" content=\"1 minute\" \/>\n<script type=\"application\/ld+json\" class=\"yoast-schema-graph\">{\"@context\":\"https:\\\/\\\/schema.org\",\"@graph\":[{\"@type\":\"WebPage\",\"@id\":\"https:\\\/\\\/abc-latina.com\\\/mexique\\\/peche_sportive\\\/\",\"url\":\"https:\\\/\\\/abc-latina.com\\\/mexique\\\/peche_sportive\\\/\",\"name\":\"PECHE SPORTIVE au MEXIQUE - Abc-latina\",\"isPartOf\":{\"@id\":\"https:\\\/\\\/abc-latina.com\\\/#website\"},\"primaryImageOfPage\":{\"@id\":\"https:\\\/\\\/abc-latina.com\\\/mexique\\\/peche_sportive\\\/#primaryimage\"},\"image\":{\"@id\":\"https:\\\/\\\/abc-latina.com\\\/mexique\\\/peche_sportive\\\/#primaryimage\"},\"thumbnailUrl\":\"https:\\\/\\\/abc-latina.com\\\/wp-content\\\/uploads\\\/2010\\\/07\\\/peche-sportive.jpg\",\"datePublished\":\"2010-10-15T19:24:42+00:00\",\"dateModified\":\"2018-06-10T17:19:54+00:00\",\"description\":\"le Mexique est un choix s\u00e9duisant, par ses longues zones c\u00f4ti\u00e8res et ses r\u00e9serves naturelles pour la pratique de la p\u00eache sportive\",\"breadcrumb\":{\"@id\":\"https:\\\/\\\/abc-latina.com\\\/mexique\\\/peche_sportive\\\/#breadcrumb\"},\"inLanguage\":\"fr-FR\",\"potentialAction\":[{\"@type\":\"ReadAction\",\"target\":[\"https:\\\/\\\/abc-latina.com\\\/mexique\\\/peche_sportive\\\/\"]}]},{\"@type\":\"ImageObject\",\"inLanguage\":\"fr-FR\",\"@id\":\"https:\\\/\\\/abc-latina.com\\\/mexique\\\/peche_sportive\\\/#primaryimage\",\"url\":\"https:\\\/\\\/abc-latina.com\\\/wp-content\\\/uploads\\\/2010\\\/07\\\/peche-sportive.jpg\",\"contentUrl\":\"https:\\\/\\\/abc-latina.com\\\/wp-content\\\/uploads\\\/2010\\\/07\\\/peche-sportive.jpg\",\"width\":220,\"height\":220,\"caption\":\"LA PECHE SPORTIVE AU PEROU\"},{\"@type\":\"BreadcrumbList\",\"@id\":\"https:\\\/\\\/abc-latina.com\\\/mexique\\\/peche_sportive\\\/#breadcrumb\",\"itemListElement\":[{\"@type\":\"ListItem\",\"position\":1,\"name\":\"Accueil\",\"item\":\"https:\\\/\\\/abc-latina.com\\\/\"},{\"@type\":\"ListItem\",\"position\":2,\"name\":\"PECHE SPORTIVE au MEXIQUE\"}]},{\"@type\":\"WebSite\",\"@id\":\"https:\\\/\\\/abc-latina.com\\\/#website\",\"url\":\"https:\\\/\\\/abc-latina.com\\\/\",\"name\":\"Abc-latina\",\"description\":\"\",\"publisher\":{\"@id\":\"https:\\\/\\\/abc-latina.com\\\/#organization\"},\"potentialAction\":[{\"@type\":\"SearchAction\",\"target\":{\"@type\":\"EntryPoint\",\"urlTemplate\":\"https:\\\/\\\/abc-latina.com\\\/?s={search_term_string}\"},\"query-input\":{\"@type\":\"PropertyValueSpecification\",\"valueRequired\":true,\"valueName\":\"search_term_string\"}}],\"inLanguage\":\"fr-FR\"},{\"@type\":\"Organization\",\"@id\":\"https:\\\/\\\/abc-latina.com\\\/#organization\",\"name\":\"Abc-latina\",\"url\":\"https:\\\/\\\/abc-latina.com\\\/\",\"logo\":{\"@type\":\"ImageObject\",\"inLanguage\":\"fr-FR\",\"@id\":\"https:\\\/\\\/abc-latina.com\\\/#\\\/schema\\\/logo\\\/image\\\/\",\"url\":\"https:\\\/\\\/abc-latina.com\\\/wp-content\\\/uploads\\\/2026\\\/05\\\/cropped-logo.gif\",\"contentUrl\":\"https:\\\/\\\/abc-latina.com\\\/wp-content\\\/uploads\\\/2026\\\/05\\\/cropped-logo.gif\",\"width\":89,\"height\":84,\"caption\":\"Abc-latina\"},\"image\":{\"@id\":\"https:\\\/\\\/abc-latina.com\\\/#\\\/schema\\\/logo\\\/image\\\/\"}}]}<\/script>\n<!-- \/ Yoast SEO plugin. -->","yoast_head_json":{"title":"PECHE SPORTIVE au MEXIQUE - Abc-latina","description":"le Mexique est un choix s\u00e9duisant, par ses longues zones c\u00f4ti\u00e8res et ses r\u00e9serves naturelles pour la pratique de la p\u00eache sportive","robots":{"index":"index","follow":"follow","max-snippet":"max-snippet:-1","max-image-preview":"max-image-preview:large","max-video-preview":"max-video-preview:-1"},"canonical":"https:\/\/abc-latina.com\/mexique\/peche_sportive\/","og_locale":"fr_FR","og_type":"article","og_title":"PECHE SPORTIVE au MEXIQUE - Abc-latina","og_description":"le Mexique est un choix s\u00e9duisant, par ses longues zones c\u00f4ti\u00e8res et ses r\u00e9serves naturelles pour la pratique de la p\u00eache sportive","og_url":"https:\/\/abc-latina.com\/mexique\/peche_sportive\/","og_site_name":"Abc-latina","article_modified_time":"2018-06-10T17:19:54+00:00","og_image":[{"width":220,"height":220,"url":"https:\/\/abc-latina.com\/wp-content\/uploads\/2010\/07\/peche-sportive.jpg","type":"image\/jpeg"}],"twitter_card":"summary_large_image","twitter_misc":{"Dur\u00e9e de lecture estim\u00e9e":"1 minute"},"schema":{"@context":"https:\/\/schema.org","@graph":[{"@type":"WebPage","@id":"https:\/\/abc-latina.com\/mexique\/peche_sportive\/","url":"https:\/\/abc-latina.com\/mexique\/peche_sportive\/","name":"PECHE SPORTIVE au MEXIQUE - Abc-latina","isPartOf":{"@id":"https:\/\/abc-latina.com\/#website"},"primaryImageOfPage":{"@id":"https:\/\/abc-latina.com\/mexique\/peche_sportive\/#primaryimage"},"image":{"@id":"https:\/\/abc-latina.com\/mexique\/peche_sportive\/#primaryimage"},"thumbnailUrl":"https:\/\/abc-latina.com\/wp-content\/uploads\/2010\/07\/peche-sportive.jpg","datePublished":"2010-10-15T19:24:42+00:00","dateModified":"2018-06-10T17:19:54+00:00","description":"le Mexique est un choix s\u00e9duisant, par ses longues zones c\u00f4ti\u00e8res et ses r\u00e9serves naturelles pour la pratique de la p\u00eache sportive","breadcrumb":{"@id":"https:\/\/abc-latina.com\/mexique\/peche_sportive\/#breadcrumb"},"inLanguage":"fr-FR","potentialAction":[{"@type":"ReadAction","target":["https:\/\/abc-latina.com\/mexique\/peche_sportive\/"]}]},{"@type":"ImageObject","inLanguage":"fr-FR","@id":"https:\/\/abc-latina.com\/mexique\/peche_sportive\/#primaryimage","url":"https:\/\/abc-latina.com\/wp-content\/uploads\/2010\/07\/peche-sportive.jpg","contentUrl":"https:\/\/abc-latina.com\/wp-content\/uploads\/2010\/07\/peche-sportive.jpg","width":220,"height":220,"caption":"LA PECHE SPORTIVE AU PEROU"},{"@type":"BreadcrumbList","@id":"https:\/\/abc-latina.com\/mexique\/peche_sportive\/#breadcrumb","itemListElement":[{"@type":"ListItem","position":1,"name":"Accueil","item":"https:\/\/abc-latina.com\/"},{"@type":"ListItem","position":2,"name":"PECHE SPORTIVE au MEXIQUE"}]},{"@type":"WebSite","@id":"https:\/\/abc-latina.com\/#website","url":"https:\/\/abc-latina.com\/","name":"Abc-latina","description":"","publisher":{"@id":"https:\/\/abc-latina.com\/#organization"},"potentialAction":[{"@type":"SearchAction","target":{"@type":"EntryPoint","urlTemplate":"https:\/\/abc-latina.com\/?s={search_term_string}"},"query-input":{"@type":"PropertyValueSpecification","valueRequired":true,"valueName":"search_term_string"}}],"inLanguage":"fr-FR"},{"@type":"Organization","@id":"https:\/\/abc-latina.com\/#organization","name":"Abc-latina","url":"https:\/\/abc-latina.com\/","logo":{"@type":"ImageObject","inLanguage":"fr-FR","@id":"https:\/\/abc-latina.com\/#\/schema\/logo\/image\/","url":"https:\/\/abc-latina.com\/wp-content\/uploads\/2026\/05\/cropped-logo.gif","contentUrl":"https:\/\/abc-latina.com\/wp-content\/uploads\/2026\/05\/cropped-logo.gif","width":89,"height":84,"caption":"Abc-latina"},"image":{"@id":"https:\/\/abc-latina.com\/#\/schema\/logo\/image\/"}}]}},"_links":{"self":[{"href":"https:\/\/abc-latina.com\/wp-json\/wp\/v2\/pages\/2396","targetHints":{"allow":["GET"]}}],"collection":[{"href":"https:\/\/abc-latina.com\/wp-json\/wp\/v2\/pages"}],"about":[{"href":"https:\/\/abc-latina.com\/wp-json\/wp\/v2\/types\/page"}],"author":[{"embeddable":true,"href":"https:\/\/abc-latina.com\/wp-json\/wp\/v2\/users\/3"}],"replies":[{"embeddable":true,"href":"https:\/\/abc-latina.com\/wp-json\/wp\/v2\/comments?post=2396"}],"version-history":[{"count":0,"href":"https:\/\/abc-latina.com\/wp-json\/wp\/v2\/pages\/2396\/revisions"}],"up":[{"embeddable":true,"href":"https:\/\/abc-latina.com\/wp-json\/wp\/v2\/pages\/2308"}],"wp:featuredmedia":[{"embeddable":true,"href":"https:\/\/abc-latina.com\/wp-json\/wp\/v2\/media\/1663"}],"wp:attachment":[{"href":"https:\/\/abc-latina.com\/wp-json\/wp\/v2\/media?parent=2396"}],"curies":[{"name":"wp","href":"https:\/\/api.w.org\/{rel}","templated":true}]}}