{"id":2404,"date":"2010-10-15T22:07:07","date_gmt":"2010-10-15T20:07:07","guid":{"rendered":"http:\/\/abc-latina.com\/index-htm-9\/"},"modified":"2026-04-30T18:25:16","modified_gmt":"2026-04-30T16:25:16","slug":"fetes-populaires","status":"publish","type":"page","link":"https:\/\/abc-latina.com\/perou\/fetes-populaires\/","title":{"rendered":"FETES POPULAIRES au PEROU"},"content":{"rendered":"<p><img decoding=\"async\" class=\" size-full wp-image-2402\" src=\"http:\/\/abc-latina.com\/wp-content\/uploads\/2010\/10\/029-fetes-au-perou.jpg\" title=\"LES FETES AU PEROU\" alt=\"LES FETES AU PEROU\" width=\"480\" srcset=\"https:\/\/abc-latina.com\/wp-content\/uploads\/2010\/10\/029-fetes-au-perou.jpg 700w, https:\/\/abc-latina.com\/wp-content\/uploads\/2010\/10\/029-fetes-au-perou-300x200.jpg 300w\" sizes=\"(max-width: 700px) 100vw, 700px\" \/><\/p>\n<p>Au P\u00e9rou, pr\u00e8s de 3.000 f\u00eates populaires sont c\u00e9l\u00e9br\u00e9es chaque ann\u00e9e. La plupart d&rsquo;entre elles sont organisent autour d&rsquo;un saint patron et s&rsquo;inscrivent dans un calendrier chr\u00e9tien instaur\u00e9 \u00e0 l&rsquo;\u00e9poque de la Vice-royaut\u00e9, mais soigneusement adapt\u00e9 aux croyances magico-religieuses d&rsquo;une r\u00e9gion particuli\u00e8re.<br \/> A ces f\u00eates religieuses s&rsquo;ajoutent d&rsquo;autres c\u00e9l\u00e9brations nettement pa\u00efennes, comme celles qui sont li\u00e9es aux mythes ancestraux dans les communaut\u00e9s indig\u00e8nes de la for\u00eat amazonienne et les nombreuses f\u00eates cr\u00e9\u00e9es au cours des si\u00e8cles pr\u00e9c\u00e9dents ou des derni\u00e8res d\u00e9cennies. En outre, le jour m\u00eame de la c\u00e9l\u00e9bration, les migrants appartenant aux 4000 clubs d\u00e9partementaux, provinciaux et de districts montent des r\u00e9pliques urbaines des diff\u00e9rentes f\u00eates qui se r\u00e9alisent dans leur village d&rsquo;origine.<br \/> Une f\u00eate traditionnelle p\u00e9ruvienne est un espace de confluence ou le sacr\u00e9 et le profane s&rsquo;int\u00e8grent dans une seule et orgueilleuse manifestation de vitalit\u00e9 et d&rsquo;all\u00e9gresse.<br \/> Le culte religieux chr\u00e9tien, qu&rsquo;on peut reconna\u00eetre \u00e0 premi\u00e8re vue (particuli\u00e8rement dans la Sierra) se d\u00e9roule sur la tradition pr\u00e9hispanique du taki d\u00e9di\u00e9 aux dieux pa\u00efens qui, sous des noms de saints occidentaux, renaissent chaque ann\u00e9e.<br \/> S&rsquo;ajoute aux c\u00e9l\u00e9brations un programme nourri comprenant messes, processions, d\u00e9fil\u00e9s, bals, p\u00e8lerinages, repas, foires artisanales et agricoles ainsi que danses et toutes sortes de spectacles o\u00f9 alternent en toute libert\u00e9 la sensualit\u00e9 et la spiritualit\u00e9, l&rsquo;ordre circulaire et le chaos temporaire, le pass\u00e9 et le futur.<br \/> <img loading=\"lazy\" decoding=\"async\" class=\" alignright size-full wp-image-2403\" title=\"Les FETES PERUVIENNES\" src=\"http:\/\/abc-latina.com\/wp-content\/uploads\/2010\/10\/fetes-peruviennes.jpg\" alt=\"\" width=\"220\" vspace=\"9\" hspace=\"15\" height=\"220\" align=\"right\" srcset=\"https:\/\/abc-latina.com\/wp-content\/uploads\/2010\/10\/fetes-peruviennes.jpg 220w, https:\/\/abc-latina.com\/wp-content\/uploads\/2010\/10\/fetes-peruviennes-150x150.jpg 150w\" sizes=\"auto, (max-width: 220px) 100vw, 220px\" \/>Les f\u00eates p\u00e9ruviennes composent un radieux arc-en-ciel aux couleurs duquel s&rsquo;unissent les sons, les saveurs, les textures, les odeurs et une vigoureuse th\u00e9\u00e2tralit\u00e9 destin\u00e9e \u00e0 r\u00e9inventer l&rsquo;histoire et \u00e0 produire une synth\u00e8se pour c\u00e9l\u00e9brer l&rsquo;union de l&rsquo;homme avec sa m\u00e8re Terre.<\/p>\n<p>Voyez plus en d\u00e9tail une s\u00e9lection de 34 festivit\u00e9s choisies pour leur r\u00e9sonance touristique, leur expansion g\u00e9ographique, leur importance culturelle et leur caract\u00e8re singulier.<\/p>\n<ul>\n<li>A Cuzco, le 1er janvier.&nbsp;<br \/><a href=\"https:\/\/www.abc-latina.com\/perou\/fetes\/baton\">Remise des b\u00e2tons de commandement<\/a><\/li>\n<\/ul>\n<ul>\n<li>A Cuzco, le 20 janvier.<br \/>Chiaraje &#8211; Bataille rituelle<\/li>\n<\/ul>\n<ul>\n<li>A Trujillo, le 20 janvier.<br \/>Festival de la Marinera &#8211; ou comment s\u00e9duire avec un mouchoir<\/li>\n<\/ul>\n<ul>\n<li>A Puno, du 1er au 14 f\u00e9vrier.<br \/>Vierge de la Candelaria, la foi dans la capitale folklorique d&rsquo;Am\u00e9rique<\/li>\n<\/ul>\n<ul>\n<li>A Quico (d\u00e9partement de Cuzco), du 27 au 30 f\u00e9vrier.<br \/>Le marquage du b\u00e9tail (Tinta de Vacas) &#8211; DInstinguer son bien de celui d&rsquo;autrui<\/li>\n<\/ul>\n<ul>\n<li>Dans l&rsquo;ensemble du pays, 2\u00e9me quinzaine de f\u00e9vrier &#8211; 1er semaine de mars.<br \/>Carnavals &#8211; la f\u00eate de l&rsquo;all\u00e9gresse<\/li>\n<\/ul>\n<ul>\n<li>A Canete (d\u00e9partement de Lima), 1er semaine de mars.<br \/>Festival des sports d&rsquo;aventures de Lunahuan\u00e0<\/li>\n<\/ul>\n<ul>\n<li>A Ica, 2\u00e9me semaine de mars.<br \/>Festival des vendanges &#8211; Le miracle du d\u00e9sert<\/li>\n<\/ul>\n<ul>\n<li>A Porcon (d\u00e9partement de Cajamarca), 2\u00e9me quinzaine de mars &#8211; 1er semaine avril.<br \/>Les Croix de Porcon &#8211; la sym\u00e9trie de la foi<\/li>\n<\/ul>\n<ul>\n<li>A Ayacucho, 2\u00e9me quinzaine de mars &#8211; 1er semaine avril<br \/>Semaine Sainte<\/li>\n<\/ul>\n<ul>\n<li>A Cuzco, deuxi\u00e8me quinzaine de mars &#8211; premi\u00e8re semaine avril.<br \/>Le Seigneur des Tremblements de Terre<\/li>\n<\/ul>\n<ul>\n<li>A Pachacamac (d\u00e9partement de Lima), du 15 au 20 avril.<br \/>Festival du &quot;Caballo de Paso Peruano&quot; &#8211; la danse du cheval<\/li>\n<\/ul>\n<ul>\n<li>A Chapi (d\u00e9partement d&rsquo;Arequipa), le 1er mai.<br \/>Vierge de Chapi<\/li>\n<\/ul>\n<ul>\n<li>A Acobamba (d\u00e9partement de Junin), le 3 mai.<br \/>Le seigneur de Muruhuay<\/li>\n<\/ul>\n<ul>\n<li>A Lima, Apurimac,Ayacucho, Junin, Ica, Cusco, le 3 mai.<br \/>F\u00eate des Croix: croix catholiques, esprits andins<\/li>\n<\/ul>\n<ul>\n<li>A Quipicanchis (d\u00e9partement de Cuzco), 1er semaine de mai.<br \/>Le seigneur de Qoyllur Rit&rsquo;i<br \/> Le plus grand p\u00e8lerinage am\u00e9rindien d&rsquo;Am\u00e9rique<\/li>\n<\/ul>\n<ul>\n<li>A Cuzco, le 24 juin.<br \/>Inti Raymi: la f\u00eate inca du soleil<\/li>\n<\/ul>\n<ul>\n<li>A Cuzco, Loreto, San Martin, Ucayali, le 24 juin.<br \/>Saint-Jean<\/li>\n<\/ul>\n<ul>\n<li>A Chorrilos et Lurin (d\u00e9partement de Lima), San Jos\u00e9 (d\u00e9partement de Lambayeque), le 29 juin.<br \/>Saints-Pierre et Paul: Les saints des p\u00eacheurs et des paysans<\/li>\n<\/ul>\n<ul>\n<li>A Cuzco, en juin<br \/>Corpus Christi<\/li>\n<\/ul>\n<ul>\n<li>A Paucartambo (d\u00e9partement de Cuzco), 2\u00e8me semaine de juillet.<br \/>Vierge du Carmen de Paucartambo<\/li>\n<\/ul>\n<ul>\n<li>Dans tout le pays, les 28 et 29 juillet.<br \/>F\u00eate nationale<\/li>\n<\/ul>\n<ul>\n<li>A Cotabambas (d\u00e9partement d&rsquo;Apurimac), du 26 au 30 juillet.<br \/>Yawar Fiesta: la lutte du taureau et du condor<\/li>\n<\/ul>\n<ul>\n<li>A Lima et Quives (d\u00e9partement de Lima), Ocopa (d\u00e9partement de Junin) et Arequipa, le 30 ao\u00fbt.<br \/>Santa Rosa de Lima<\/li>\n<\/ul>\n<ul>\n<li>A Andahuaylas (d\u00e9partement d&rsquo;Apurimac), du 6 au 10 septembre.<br \/>Vierge de Cocharcas: la Vierge voyageuse<\/li>\n<\/ul>\n<ul>\n<li>A Trujillo, derni\u00e8re semaine de septembre.<br \/><a href=\"https:\/\/www.abc-latina.com\/perou\/fetes\/printemps\"> Festival international du printemps<\/a><\/li>\n<\/ul>\n<ul>\n<li>A Lima, Ancash, Apurimac, Arequipa et Cuzco, le 4 octobre.<br \/>Vierge du Rosario: une bataille entre Maures et Chretiens<\/li>\n<\/ul>\n<ul>\n<li>A Ayabaca (d\u00e9partement de Piura), 2e semaine d&rsquo;octobre.<br \/>Le seigneur Captif d&rsquo;Ayabaca<\/li>\n<\/ul>\n<ul>\n<li>A Lima, du 18 au 28 octobre.<br \/>Le seigneur des Miracles<br \/> Nota : la plus grande procession d&rsquo;Am\u00e9rique du Sud.<\/li>\n<\/ul>\n<ul>\n<li>A Ica, la 3\u00e8me semaine d&rsquo;octobre.<br \/>Le seigneur de Luren: le Christ du d\u00e9sert<\/li>\n<\/ul>\n<ul>\n<li>Dans tout le pays, le 1er et le 2 novembre.<br \/>Toussaint et jour des morts<\/li>\n<\/ul>\n<ul>\n<li>Dans tout le pays, les 24 et 25 d\u00e9cembre.<br \/><a href=\"https:\/\/www.abc-latina.com\/perou\/fetes\/noel\"> No\u00ebl Andin<\/a><\/li>\n<\/ul>\n<ul>\n<li>A Cuzco, le 24 d\u00e9cembre.<br \/><a href=\"https:\/\/www.abc-latina.com\/perou\/fetes\/saints\"> Foire de Santuranticuy<\/a><\/li>\n<\/ul>\n<ul>\n<li>A El Guayabo et El Carmen (d\u00e9partements de Chincha et Ica), le 27 d\u00e9cembre.<br \/>Vierge du Carmen<\/li>\n<\/ul>\n<p><a href=\"https:\/\/www.abc-latina.com\/perou\/danse\">Les danses p\u00e9ruviennes<\/a>&nbsp;<br \/><a href=\"https:\/\/www.abc-latina.com\/perou\/musique\">La musique p\u00e9ruvienne<\/a>&nbsp;<br \/><a href=\"https:\/\/www.abc-latina.com\/perou\/tourisme\">Tourisme au P\u00e9rou<\/a><\/p>\n","protected":false},"excerpt":{"rendered":"<p>Au P\u00e9rou, pr\u00e8s de 3.000 f\u00eates populaires sont c\u00e9l\u00e9br\u00e9es chaque ann\u00e9e. La plupart d&rsquo;entre elles sont organisent autour d&rsquo;un saint [&hellip;]<\/p>\n","protected":false},"author":3,"featured_media":2402,"parent":2118,"menu_order":0,"comment_status":"closed","ping_status":"closed","template":"","meta":{"site-sidebar-layout":"default","site-content-layout":"","ast-site-content-layout":"default","site-content-style":"default","site-sidebar-style":"default","ast-global-header-display":"","ast-banner-title-visibility":"","ast-main-header-display":"","ast-hfb-above-header-display":"","ast-hfb-below-header-display":"","ast-hfb-mobile-header-display":"","site-post-title":"","ast-breadcrumbs-content":"","ast-featured-img":"","footer-sml-layout":"","ast-disable-related-posts":"","theme-transparent-header-meta":"","adv-header-id-meta":"","stick-header-meta":"","header-above-stick-meta":"","header-main-stick-meta":"","header-below-stick-meta":"","astra-migrate-meta-layouts":"default","ast-page-background-enabled":"default","ast-page-background-meta":{"desktop":{"background-color":"var(--ast-global-color-5)","background-image":"","background-repeat":"repeat","background-position":"center center","background-size":"auto","background-attachment":"scroll","background-type":"","background-media":"","overlay-type":"","overlay-color":"","overlay-opacity":"","overlay-gradient":""},"tablet":{"background-color":"","background-image":"","background-repeat":"repeat","background-position":"center center","background-size":"auto","background-attachment":"scroll","background-type":"","background-media":"","overlay-type":"","overlay-color":"","overlay-opacity":"","overlay-gradient":""},"mobile":{"background-color":"","background-image":"","background-repeat":"repeat","background-position":"center center","background-size":"auto","background-attachment":"scroll","background-type":"","background-media":"","overlay-type":"","overlay-color":"","overlay-opacity":"","overlay-gradient":""}},"ast-content-background-meta":{"desktop":{"background-color":"var(--ast-global-color-4)","background-image":"","background-repeat":"repeat","background-position":"center center","background-size":"auto","background-attachment":"scroll","background-type":"","background-media":"","overlay-type":"","overlay-color":"","overlay-opacity":"","overlay-gradient":""},"tablet":{"background-color":"var(--ast-global-color-4)","background-image":"","background-repeat":"repeat","background-position":"center center","background-size":"auto","background-attachment":"scroll","background-type":"","background-media":"","overlay-type":"","overlay-color":"","overlay-opacity":"","overlay-gradient":""},"mobile":{"background-color":"var(--ast-global-color-4)","background-image":"","background-repeat":"repeat","background-position":"center center","background-size":"auto","background-attachment":"scroll","background-type":"","background-media":"","overlay-type":"","overlay-color":"","overlay-opacity":"","overlay-gradient":""}},"footnotes":""},"class_list":["post-2404","page","type-page","status-publish","has-post-thumbnail","hentry"],"yoast_head":"<!-- This site is optimized with the Yoast SEO plugin v27.5 - https:\/\/yoast.com\/product\/yoast-seo-wordpress\/ -->\n<title>FETES POPULAIRES au PEROU - Abc-latina<\/title>\n<meta name=\"description\" content=\"Description des f\u00eates populaires p\u00e9ruviennes. Calendrier des festivit\u00e9s.\" \/>\n<meta name=\"robots\" content=\"index, follow, max-snippet:-1, max-image-preview:large, max-video-preview:-1\" \/>\n<link rel=\"canonical\" href=\"https:\/\/abc-latina.com\/perou\/fetes-populaires\/\" \/>\n<meta property=\"og:locale\" content=\"fr_FR\" \/>\n<meta property=\"og:type\" content=\"article\" \/>\n<meta property=\"og:title\" content=\"FETES POPULAIRES au PEROU - Abc-latina\" \/>\n<meta property=\"og:description\" content=\"Description des f\u00eates populaires p\u00e9ruviennes. Calendrier des festivit\u00e9s.\" \/>\n<meta property=\"og:url\" content=\"https:\/\/abc-latina.com\/perou\/fetes-populaires\/\" \/>\n<meta property=\"og:site_name\" content=\"Abc-latina\" \/>\n<meta property=\"article:modified_time\" content=\"2026-04-30T16:25:16+00:00\" \/>\n<meta property=\"og:image\" content=\"https:\/\/abc-latina.com\/wp-content\/uploads\/2010\/10\/029-fetes-au-perou.jpg\" \/>\n\t<meta property=\"og:image:width\" content=\"700\" \/>\n\t<meta property=\"og:image:height\" content=\"467\" \/>\n\t<meta property=\"og:image:type\" content=\"image\/jpeg\" \/>\n<meta name=\"twitter:card\" content=\"summary_large_image\" \/>\n<meta name=\"twitter:label1\" content=\"Dur\u00e9e de lecture estim\u00e9e\" \/>\n\t<meta name=\"twitter:data1\" content=\"4 minutes\" \/>\n<script type=\"application\/ld+json\" class=\"yoast-schema-graph\">{\"@context\":\"https:\\\/\\\/schema.org\",\"@graph\":[{\"@type\":\"WebPage\",\"@id\":\"https:\\\/\\\/abc-latina.com\\\/perou\\\/fetes-populaires\\\/\",\"url\":\"https:\\\/\\\/abc-latina.com\\\/perou\\\/fetes-populaires\\\/\",\"name\":\"FETES POPULAIRES au PEROU - Abc-latina\",\"isPartOf\":{\"@id\":\"https:\\\/\\\/abc-latina.com\\\/#website\"},\"primaryImageOfPage\":{\"@id\":\"https:\\\/\\\/abc-latina.com\\\/perou\\\/fetes-populaires\\\/#primaryimage\"},\"image\":{\"@id\":\"https:\\\/\\\/abc-latina.com\\\/perou\\\/fetes-populaires\\\/#primaryimage\"},\"thumbnailUrl\":\"https:\\\/\\\/abc-latina.com\\\/wp-content\\\/uploads\\\/2010\\\/10\\\/029-fetes-au-perou.jpg\",\"datePublished\":\"2010-10-15T20:07:07+00:00\",\"dateModified\":\"2026-04-30T16:25:16+00:00\",\"description\":\"Description des f\u00eates populaires p\u00e9ruviennes. Calendrier des festivit\u00e9s.\",\"breadcrumb\":{\"@id\":\"https:\\\/\\\/abc-latina.com\\\/perou\\\/fetes-populaires\\\/#breadcrumb\"},\"inLanguage\":\"fr-FR\",\"potentialAction\":[{\"@type\":\"ReadAction\",\"target\":[\"https:\\\/\\\/abc-latina.com\\\/perou\\\/fetes-populaires\\\/\"]}]},{\"@type\":\"ImageObject\",\"inLanguage\":\"fr-FR\",\"@id\":\"https:\\\/\\\/abc-latina.com\\\/perou\\\/fetes-populaires\\\/#primaryimage\",\"url\":\"https:\\\/\\\/abc-latina.com\\\/wp-content\\\/uploads\\\/2010\\\/10\\\/029-fetes-au-perou.jpg\",\"contentUrl\":\"https:\\\/\\\/abc-latina.com\\\/wp-content\\\/uploads\\\/2010\\\/10\\\/029-fetes-au-perou.jpg\",\"width\":700,\"height\":467,\"caption\":\"LES FETES AU PEROU\"},{\"@type\":\"BreadcrumbList\",\"@id\":\"https:\\\/\\\/abc-latina.com\\\/perou\\\/fetes-populaires\\\/#breadcrumb\",\"itemListElement\":[{\"@type\":\"ListItem\",\"position\":1,\"name\":\"Accueil\",\"item\":\"https:\\\/\\\/abc-latina.com\\\/\"},{\"@type\":\"ListItem\",\"position\":2,\"name\":\"FETES POPULAIRES au PEROU\"}]},{\"@type\":\"WebSite\",\"@id\":\"https:\\\/\\\/abc-latina.com\\\/#website\",\"url\":\"https:\\\/\\\/abc-latina.com\\\/\",\"name\":\"Abc-latina\",\"description\":\"\",\"publisher\":{\"@id\":\"https:\\\/\\\/abc-latina.com\\\/#organization\"},\"potentialAction\":[{\"@type\":\"SearchAction\",\"target\":{\"@type\":\"EntryPoint\",\"urlTemplate\":\"https:\\\/\\\/abc-latina.com\\\/?s={search_term_string}\"},\"query-input\":{\"@type\":\"PropertyValueSpecification\",\"valueRequired\":true,\"valueName\":\"search_term_string\"}}],\"inLanguage\":\"fr-FR\"},{\"@type\":\"Organization\",\"@id\":\"https:\\\/\\\/abc-latina.com\\\/#organization\",\"name\":\"Abc-latina\",\"url\":\"https:\\\/\\\/abc-latina.com\\\/\",\"logo\":{\"@type\":\"ImageObject\",\"inLanguage\":\"fr-FR\",\"@id\":\"https:\\\/\\\/abc-latina.com\\\/#\\\/schema\\\/logo\\\/image\\\/\",\"url\":\"https:\\\/\\\/abc-latina.com\\\/wp-content\\\/uploads\\\/2026\\\/05\\\/cropped-logo.gif\",\"contentUrl\":\"https:\\\/\\\/abc-latina.com\\\/wp-content\\\/uploads\\\/2026\\\/05\\\/cropped-logo.gif\",\"width\":89,\"height\":84,\"caption\":\"Abc-latina\"},\"image\":{\"@id\":\"https:\\\/\\\/abc-latina.com\\\/#\\\/schema\\\/logo\\\/image\\\/\"}}]}<\/script>\n<!-- \/ Yoast SEO plugin. -->","yoast_head_json":{"title":"FETES POPULAIRES au PEROU - Abc-latina","description":"Description des f\u00eates populaires p\u00e9ruviennes. Calendrier des festivit\u00e9s.","robots":{"index":"index","follow":"follow","max-snippet":"max-snippet:-1","max-image-preview":"max-image-preview:large","max-video-preview":"max-video-preview:-1"},"canonical":"https:\/\/abc-latina.com\/perou\/fetes-populaires\/","og_locale":"fr_FR","og_type":"article","og_title":"FETES POPULAIRES au PEROU - Abc-latina","og_description":"Description des f\u00eates populaires p\u00e9ruviennes. Calendrier des festivit\u00e9s.","og_url":"https:\/\/abc-latina.com\/perou\/fetes-populaires\/","og_site_name":"Abc-latina","article_modified_time":"2026-04-30T16:25:16+00:00","og_image":[{"width":700,"height":467,"url":"https:\/\/abc-latina.com\/wp-content\/uploads\/2010\/10\/029-fetes-au-perou.jpg","type":"image\/jpeg"}],"twitter_card":"summary_large_image","twitter_misc":{"Dur\u00e9e de lecture estim\u00e9e":"4 minutes"},"schema":{"@context":"https:\/\/schema.org","@graph":[{"@type":"WebPage","@id":"https:\/\/abc-latina.com\/perou\/fetes-populaires\/","url":"https:\/\/abc-latina.com\/perou\/fetes-populaires\/","name":"FETES POPULAIRES au PEROU - Abc-latina","isPartOf":{"@id":"https:\/\/abc-latina.com\/#website"},"primaryImageOfPage":{"@id":"https:\/\/abc-latina.com\/perou\/fetes-populaires\/#primaryimage"},"image":{"@id":"https:\/\/abc-latina.com\/perou\/fetes-populaires\/#primaryimage"},"thumbnailUrl":"https:\/\/abc-latina.com\/wp-content\/uploads\/2010\/10\/029-fetes-au-perou.jpg","datePublished":"2010-10-15T20:07:07+00:00","dateModified":"2026-04-30T16:25:16+00:00","description":"Description des f\u00eates populaires p\u00e9ruviennes. Calendrier des festivit\u00e9s.","breadcrumb":{"@id":"https:\/\/abc-latina.com\/perou\/fetes-populaires\/#breadcrumb"},"inLanguage":"fr-FR","potentialAction":[{"@type":"ReadAction","target":["https:\/\/abc-latina.com\/perou\/fetes-populaires\/"]}]},{"@type":"ImageObject","inLanguage":"fr-FR","@id":"https:\/\/abc-latina.com\/perou\/fetes-populaires\/#primaryimage","url":"https:\/\/abc-latina.com\/wp-content\/uploads\/2010\/10\/029-fetes-au-perou.jpg","contentUrl":"https:\/\/abc-latina.com\/wp-content\/uploads\/2010\/10\/029-fetes-au-perou.jpg","width":700,"height":467,"caption":"LES FETES AU PEROU"},{"@type":"BreadcrumbList","@id":"https:\/\/abc-latina.com\/perou\/fetes-populaires\/#breadcrumb","itemListElement":[{"@type":"ListItem","position":1,"name":"Accueil","item":"https:\/\/abc-latina.com\/"},{"@type":"ListItem","position":2,"name":"FETES POPULAIRES au PEROU"}]},{"@type":"WebSite","@id":"https:\/\/abc-latina.com\/#website","url":"https:\/\/abc-latina.com\/","name":"Abc-latina","description":"","publisher":{"@id":"https:\/\/abc-latina.com\/#organization"},"potentialAction":[{"@type":"SearchAction","target":{"@type":"EntryPoint","urlTemplate":"https:\/\/abc-latina.com\/?s={search_term_string}"},"query-input":{"@type":"PropertyValueSpecification","valueRequired":true,"valueName":"search_term_string"}}],"inLanguage":"fr-FR"},{"@type":"Organization","@id":"https:\/\/abc-latina.com\/#organization","name":"Abc-latina","url":"https:\/\/abc-latina.com\/","logo":{"@type":"ImageObject","inLanguage":"fr-FR","@id":"https:\/\/abc-latina.com\/#\/schema\/logo\/image\/","url":"https:\/\/abc-latina.com\/wp-content\/uploads\/2026\/05\/cropped-logo.gif","contentUrl":"https:\/\/abc-latina.com\/wp-content\/uploads\/2026\/05\/cropped-logo.gif","width":89,"height":84,"caption":"Abc-latina"},"image":{"@id":"https:\/\/abc-latina.com\/#\/schema\/logo\/image\/"}}]}},"_links":{"self":[{"href":"https:\/\/abc-latina.com\/wp-json\/wp\/v2\/pages\/2404","targetHints":{"allow":["GET"]}}],"collection":[{"href":"https:\/\/abc-latina.com\/wp-json\/wp\/v2\/pages"}],"about":[{"href":"https:\/\/abc-latina.com\/wp-json\/wp\/v2\/types\/page"}],"author":[{"embeddable":true,"href":"https:\/\/abc-latina.com\/wp-json\/wp\/v2\/users\/3"}],"replies":[{"embeddable":true,"href":"https:\/\/abc-latina.com\/wp-json\/wp\/v2\/comments?post=2404"}],"version-history":[{"count":2,"href":"https:\/\/abc-latina.com\/wp-json\/wp\/v2\/pages\/2404\/revisions"}],"predecessor-version":[{"id":3704,"href":"https:\/\/abc-latina.com\/wp-json\/wp\/v2\/pages\/2404\/revisions\/3704"}],"up":[{"embeddable":true,"href":"https:\/\/abc-latina.com\/wp-json\/wp\/v2\/pages\/2118"}],"wp:featuredmedia":[{"embeddable":true,"href":"https:\/\/abc-latina.com\/wp-json\/wp\/v2\/media\/2402"}],"wp:attachment":[{"href":"https:\/\/abc-latina.com\/wp-json\/wp\/v2\/media?parent=2404"}],"curies":[{"name":"wp","href":"https:\/\/api.w.org\/{rel}","templated":true}]}}