{"id":2406,"date":"2010-10-15T22:13:49","date_gmt":"2010-10-15T20:13:49","guid":{"rendered":"http:\/\/abc-latina.com\/parc_manu-php\/"},"modified":"2026-04-30T18:25:17","modified_gmt":"2026-04-30T16:25:17","slug":"parc_manu","status":"publish","type":"page","link":"https:\/\/abc-latina.com\/perou\/parc_manu\/","title":{"rendered":"Le Parc national de MANU"},"content":{"rendered":"<p>Le <span class=\"tourisme-chapitre\">Parc National de Manu<\/span> comprend les r\u00e9gions de Cusco et de Madre de Dios, et sa superficie est de 1.692137 hectares (la totalit\u00e9 de la vall\u00e9e du Manu). Depuis 1977 le Parc National de Manu constitue la Zone Noyau de la R\u00e9serve de la Biosph\u00e8re de Manu, qui fut d\u00e9clar\u00e9e Patrimoine Naturel de l&rsquo;Humanit\u00e9 par l&rsquo;UNESCO en 1987. Bien que son acc\u00e8s ne soit pas autoris\u00e9, les visiteurs peuvent se rendre \u00e0 diff\u00e9rentes auberges autoris\u00e9es dans la Zone R\u00e9serv\u00e9e et la Zone Culturelle adjacentes au parc.<\/p>\n<p>Le parc compte une grande diversit\u00e9 d&rsquo;esp\u00e8ces animales; plus de 800 esp\u00e8ces d&rsquo;oiseaux tels que l&rsquo;aigle harpie, le jabiru d&rsquo;Am\u00e9rique (ndt : famille de la cigogne) le ganso selv\u00e1tico (ndt : Ouette de l&rsquo;Or\u00e9noque), le coq de roche p\u00e9ruvien et la spatule ros\u00e9e; 200 esp\u00e8ces de mammif\u00e8res comme le singe choro com\u00fan (ndt : Lagotriche commun ou d&rsquo;Humbolt), le singe-araign\u00e9e, les loutres d&rsquo;Am\u00e9rique, le jaguar, l&rsquo;ocelot, l&rsquo;ours \u00e0 lunettes et le cerf andin. Le parc compte aussi plus de 100 esp\u00e8ces de chauves-souris.<\/p>\n<p>On peut y observer aussi des arbres de plus de 45 m\u00e8tres de hauteur et de 3 m\u00e8tres de diam\u00e8tre. Les esp\u00e8ces les plus caract\u00e9ristiques sont le cetico (ndt : cecropia), la topa, le c\u00e8dre, le tornillo (ndt : Proche du c\u00e8dre), la lupuna blanca (ndt : Chorisia) et la mata palo.30 communaut\u00e9s paysannes de langue quechua habitent actuellement dans le Parc National de Manu, ainsi que de nombreuses populations indig\u00e8nes amazoniennes telles que Matsiguenka, les Amahuaca, les Yaminahua, les Piro, les Amarakaeri, les Huashipaire et les Nahua.<\/p>\n<p>Pour s&rsquo;y rendre:<br \/> Situ\u00e9 \u00e0 80 km de la ville de <a href=\"https:\/\/www.abc-latina.com\/perou\/cuzco\">Cusco<\/a> par la route Cusco-Paucartambo (12 heures en v\u00e9hicule 4&#215;4) qui m\u00e8ne \u00e0 la localit\u00e9 d&rsquo;Atalaya, puis on continue sur la rivi\u00e8re jusqu&rsquo;\u00e0 Boca Manu (7 heures en bateau). Ensuite on reprend la rivi\u00e8re, le r\u00edo Madre de Dios, jusqu&rsquo;au parc. Il est aussi possible de se rendre \u00e0 la localit\u00e9 de Boca Manu en avion de tourisme depuis la ville de Cusco (45 minutes).<\/p>\n","protected":false},"excerpt":{"rendered":"<p>Le Parc National de Manu comprend les r\u00e9gions de Cusco et de Madre de Dios, et sa superficie est de [&hellip;]<\/p>\n","protected":false},"author":3,"featured_media":0,"parent":2118,"menu_order":0,"comment_status":"closed","ping_status":"closed","template":"","meta":{"site-sidebar-layout":"default","site-content-layout":"","ast-site-content-layout":"default","site-content-style":"default","site-sidebar-style":"default","ast-global-header-display":"","ast-banner-title-visibility":"","ast-main-header-display":"","ast-hfb-above-header-display":"","ast-hfb-below-header-display":"","ast-hfb-mobile-header-display":"","site-post-title":"","ast-breadcrumbs-content":"","ast-featured-img":"","footer-sml-layout":"","ast-disable-related-posts":"","theme-transparent-header-meta":"","adv-header-id-meta":"","stick-header-meta":"","header-above-stick-meta":"","header-main-stick-meta":"","header-below-stick-meta":"","astra-migrate-meta-layouts":"default","ast-page-background-enabled":"default","ast-page-background-meta":{"desktop":{"background-color":"var(--ast-global-color-5)","background-image":"","background-repeat":"repeat","background-position":"center center","background-size":"auto","background-attachment":"scroll","background-type":"","background-media":"","overlay-type":"","overlay-color":"","overlay-opacity":"","overlay-gradient":""},"tablet":{"background-color":"","background-image":"","background-repeat":"repeat","background-position":"center center","background-size":"auto","background-attachment":"scroll","background-type":"","background-media":"","overlay-type":"","overlay-color":"","overlay-opacity":"","overlay-gradient":""},"mobile":{"background-color":"","background-image":"","background-repeat":"repeat","background-position":"center center","background-size":"auto","background-attachment":"scroll","background-type":"","background-media":"","overlay-type":"","overlay-color":"","overlay-opacity":"","overlay-gradient":""}},"ast-content-background-meta":{"desktop":{"background-color":"var(--ast-global-color-4)","background-image":"","background-repeat":"repeat","background-position":"center center","background-size":"auto","background-attachment":"scroll","background-type":"","background-media":"","overlay-type":"","overlay-color":"","overlay-opacity":"","overlay-gradient":""},"tablet":{"background-color":"var(--ast-global-color-4)","background-image":"","background-repeat":"repeat","background-position":"center center","background-size":"auto","background-attachment":"scroll","background-type":"","background-media":"","overlay-type":"","overlay-color":"","overlay-opacity":"","overlay-gradient":""},"mobile":{"background-color":"var(--ast-global-color-4)","background-image":"","background-repeat":"repeat","background-position":"center center","background-size":"auto","background-attachment":"scroll","background-type":"","background-media":"","overlay-type":"","overlay-color":"","overlay-opacity":"","overlay-gradient":""}},"footnotes":""},"class_list":["post-2406","page","type-page","status-publish","hentry"],"yoast_head":"<!-- This site is optimized with the Yoast SEO plugin v27.5 - https:\/\/yoast.com\/product\/yoast-seo-wordpress\/ -->\n<title>Le Parc national de MANU - Abc-latina<\/title>\n<meta name=\"description\" content=\"Le Parc national de Manu.\" \/>\n<meta name=\"robots\" content=\"index, follow, max-snippet:-1, max-image-preview:large, max-video-preview:-1\" \/>\n<link rel=\"canonical\" href=\"https:\/\/abc-latina.com\/perou\/parc_manu\/\" \/>\n<meta property=\"og:locale\" content=\"fr_FR\" \/>\n<meta property=\"og:type\" content=\"article\" \/>\n<meta property=\"og:title\" content=\"Le Parc national de MANU - Abc-latina\" \/>\n<meta property=\"og:description\" content=\"Le Parc national de Manu.\" \/>\n<meta property=\"og:url\" content=\"https:\/\/abc-latina.com\/perou\/parc_manu\/\" \/>\n<meta property=\"og:site_name\" content=\"Abc-latina\" \/>\n<meta property=\"article:modified_time\" content=\"2026-04-30T16:25:17+00:00\" \/>\n<meta name=\"twitter:card\" content=\"summary_large_image\" \/>\n<meta name=\"twitter:label1\" content=\"Dur\u00e9e de lecture estim\u00e9e\" \/>\n\t<meta name=\"twitter:data1\" content=\"2 minutes\" \/>\n<script type=\"application\/ld+json\" class=\"yoast-schema-graph\">{\"@context\":\"https:\\\/\\\/schema.org\",\"@graph\":[{\"@type\":\"WebPage\",\"@id\":\"https:\\\/\\\/abc-latina.com\\\/perou\\\/parc_manu\\\/\",\"url\":\"https:\\\/\\\/abc-latina.com\\\/perou\\\/parc_manu\\\/\",\"name\":\"Le Parc national de MANU - Abc-latina\",\"isPartOf\":{\"@id\":\"https:\\\/\\\/abc-latina.com\\\/#website\"},\"datePublished\":\"2010-10-15T20:13:49+00:00\",\"dateModified\":\"2026-04-30T16:25:17+00:00\",\"description\":\"Le Parc national de Manu.\",\"breadcrumb\":{\"@id\":\"https:\\\/\\\/abc-latina.com\\\/perou\\\/parc_manu\\\/#breadcrumb\"},\"inLanguage\":\"fr-FR\",\"potentialAction\":[{\"@type\":\"ReadAction\",\"target\":[\"https:\\\/\\\/abc-latina.com\\\/perou\\\/parc_manu\\\/\"]}]},{\"@type\":\"BreadcrumbList\",\"@id\":\"https:\\\/\\\/abc-latina.com\\\/perou\\\/parc_manu\\\/#breadcrumb\",\"itemListElement\":[{\"@type\":\"ListItem\",\"position\":1,\"name\":\"Accueil\",\"item\":\"https:\\\/\\\/abc-latina.com\\\/\"},{\"@type\":\"ListItem\",\"position\":2,\"name\":\"Le Parc national de MANU\"}]},{\"@type\":\"WebSite\",\"@id\":\"https:\\\/\\\/abc-latina.com\\\/#website\",\"url\":\"https:\\\/\\\/abc-latina.com\\\/\",\"name\":\"Abc-latina\",\"description\":\"\",\"publisher\":{\"@id\":\"https:\\\/\\\/abc-latina.com\\\/#organization\"},\"potentialAction\":[{\"@type\":\"SearchAction\",\"target\":{\"@type\":\"EntryPoint\",\"urlTemplate\":\"https:\\\/\\\/abc-latina.com\\\/?s={search_term_string}\"},\"query-input\":{\"@type\":\"PropertyValueSpecification\",\"valueRequired\":true,\"valueName\":\"search_term_string\"}}],\"inLanguage\":\"fr-FR\"},{\"@type\":\"Organization\",\"@id\":\"https:\\\/\\\/abc-latina.com\\\/#organization\",\"name\":\"Abc-latina\",\"url\":\"https:\\\/\\\/abc-latina.com\\\/\",\"logo\":{\"@type\":\"ImageObject\",\"inLanguage\":\"fr-FR\",\"@id\":\"https:\\\/\\\/abc-latina.com\\\/#\\\/schema\\\/logo\\\/image\\\/\",\"url\":\"https:\\\/\\\/abc-latina.com\\\/wp-content\\\/uploads\\\/2026\\\/05\\\/cropped-logo.gif\",\"contentUrl\":\"https:\\\/\\\/abc-latina.com\\\/wp-content\\\/uploads\\\/2026\\\/05\\\/cropped-logo.gif\",\"width\":89,\"height\":84,\"caption\":\"Abc-latina\"},\"image\":{\"@id\":\"https:\\\/\\\/abc-latina.com\\\/#\\\/schema\\\/logo\\\/image\\\/\"}}]}<\/script>\n<!-- \/ Yoast SEO plugin. -->","yoast_head_json":{"title":"Le Parc national de MANU - Abc-latina","description":"Le Parc national de Manu.","robots":{"index":"index","follow":"follow","max-snippet":"max-snippet:-1","max-image-preview":"max-image-preview:large","max-video-preview":"max-video-preview:-1"},"canonical":"https:\/\/abc-latina.com\/perou\/parc_manu\/","og_locale":"fr_FR","og_type":"article","og_title":"Le Parc national de MANU - Abc-latina","og_description":"Le Parc national de Manu.","og_url":"https:\/\/abc-latina.com\/perou\/parc_manu\/","og_site_name":"Abc-latina","article_modified_time":"2026-04-30T16:25:17+00:00","twitter_card":"summary_large_image","twitter_misc":{"Dur\u00e9e de lecture estim\u00e9e":"2 minutes"},"schema":{"@context":"https:\/\/schema.org","@graph":[{"@type":"WebPage","@id":"https:\/\/abc-latina.com\/perou\/parc_manu\/","url":"https:\/\/abc-latina.com\/perou\/parc_manu\/","name":"Le Parc national de MANU - Abc-latina","isPartOf":{"@id":"https:\/\/abc-latina.com\/#website"},"datePublished":"2010-10-15T20:13:49+00:00","dateModified":"2026-04-30T16:25:17+00:00","description":"Le Parc national de Manu.","breadcrumb":{"@id":"https:\/\/abc-latina.com\/perou\/parc_manu\/#breadcrumb"},"inLanguage":"fr-FR","potentialAction":[{"@type":"ReadAction","target":["https:\/\/abc-latina.com\/perou\/parc_manu\/"]}]},{"@type":"BreadcrumbList","@id":"https:\/\/abc-latina.com\/perou\/parc_manu\/#breadcrumb","itemListElement":[{"@type":"ListItem","position":1,"name":"Accueil","item":"https:\/\/abc-latina.com\/"},{"@type":"ListItem","position":2,"name":"Le Parc national de MANU"}]},{"@type":"WebSite","@id":"https:\/\/abc-latina.com\/#website","url":"https:\/\/abc-latina.com\/","name":"Abc-latina","description":"","publisher":{"@id":"https:\/\/abc-latina.com\/#organization"},"potentialAction":[{"@type":"SearchAction","target":{"@type":"EntryPoint","urlTemplate":"https:\/\/abc-latina.com\/?s={search_term_string}"},"query-input":{"@type":"PropertyValueSpecification","valueRequired":true,"valueName":"search_term_string"}}],"inLanguage":"fr-FR"},{"@type":"Organization","@id":"https:\/\/abc-latina.com\/#organization","name":"Abc-latina","url":"https:\/\/abc-latina.com\/","logo":{"@type":"ImageObject","inLanguage":"fr-FR","@id":"https:\/\/abc-latina.com\/#\/schema\/logo\/image\/","url":"https:\/\/abc-latina.com\/wp-content\/uploads\/2026\/05\/cropped-logo.gif","contentUrl":"https:\/\/abc-latina.com\/wp-content\/uploads\/2026\/05\/cropped-logo.gif","width":89,"height":84,"caption":"Abc-latina"},"image":{"@id":"https:\/\/abc-latina.com\/#\/schema\/logo\/image\/"}}]}},"_links":{"self":[{"href":"https:\/\/abc-latina.com\/wp-json\/wp\/v2\/pages\/2406","targetHints":{"allow":["GET"]}}],"collection":[{"href":"https:\/\/abc-latina.com\/wp-json\/wp\/v2\/pages"}],"about":[{"href":"https:\/\/abc-latina.com\/wp-json\/wp\/v2\/types\/page"}],"author":[{"embeddable":true,"href":"https:\/\/abc-latina.com\/wp-json\/wp\/v2\/users\/3"}],"replies":[{"embeddable":true,"href":"https:\/\/abc-latina.com\/wp-json\/wp\/v2\/comments?post=2406"}],"version-history":[{"count":1,"href":"https:\/\/abc-latina.com\/wp-json\/wp\/v2\/pages\/2406\/revisions"}],"predecessor-version":[{"id":3740,"href":"https:\/\/abc-latina.com\/wp-json\/wp\/v2\/pages\/2406\/revisions\/3740"}],"up":[{"embeddable":true,"href":"https:\/\/abc-latina.com\/wp-json\/wp\/v2\/pages\/2118"}],"wp:attachment":[{"href":"https:\/\/abc-latina.com\/wp-json\/wp\/v2\/media?parent=2406"}],"curies":[{"name":"wp","href":"https:\/\/api.w.org\/{rel}","templated":true}]}}