{"id":2408,"date":"2010-10-15T22:22:00","date_gmt":"2010-10-15T20:22:00","guid":{"rendered":"http:\/\/abc-latina.com\/parc_huascaran-php\/"},"modified":"2026-04-30T18:25:17","modified_gmt":"2026-04-30T16:25:17","slug":"parc_huascaran","status":"publish","type":"page","link":"https:\/\/abc-latina.com\/perou\/parc_huascaran\/","title":{"rendered":"Le Parc national de HUASCARAN"},"content":{"rendered":"<p>On peut acc\u00e9der au <span class=\"tourisme-chapitre\">parc national de Huascar\u00e1n<\/span> par plusieurs entr\u00e9es, selon l&rsquo;int\u00e9r\u00eat des visiteurs. Des variantes, parmi lesquelles l&rsquo;acc\u00e8s par le secteur Llanganuco, o\u00f9 se trouvent les lacs Chinancocha (d&rsquo;une belle couleur turquoise) et Orconconcha; l&rsquo;entr\u00e9e par le secteur Carpa permet l&rsquo;acc\u00e8s au Nevado Pastoruri.<\/p>\n<p>Le Parc fut cr\u00e9e en 1975, dans le but de pr\u00e9server la faune et la flore sauvages, les formations g\u00e9ologiques, les vestiges arch\u00e9ologiques et la beaut\u00e9 du paysage. Il fut d\u00e9clar\u00e9 Patrimoine Naturel de l&rsquo;Humanit\u00e9 par l&rsquo;UNESCO en 1985.<br \/>Dans ses 340.000 ha, qui comprennent presque toute la <a href=\"https:\/\/www.abc-latina.com\/perou\/cordillere_blanche\">Cordillera Blanca<\/a>, on peut admirer une grande vari\u00e9t\u00e9 d&rsquo;esp\u00e8ces v\u00e9g\u00e9tales haut-andines, comme la Puya Raimondii (ndt :Cactus g\u00e9ant) dans les environs de Quesque et Pumapampa (dont l&rsquo;inflorescence est consid\u00e9r\u00e9e comme la plus grande du r\u00e8gne v\u00e9g\u00e9tal, qui, une fois qu&rsquo;elle fleurit, meurt), ainsi que les que\u00f1uas aux lacs de Llanganuco.<br \/> Parmi les 296 lacs que poss\u00e8de le parc, on retient ceux de Par\u00f3n, Cullicocha, Llanganuco, Auquiscocha, Rajucolta, Querococha et Cuchillococha. Parmi ses 663 glaciers, se d\u00e9marquent le Huascar\u00e1n (6768 m), le Huandoy (6395 m), le Chopicalqui (6354 m), le Hualc\u00e1n (6122 m) et le Alpamayo (5947 m).<br \/> Parmi les animaux, le parc abrite des ours anteojos (ndt :Ours andins) , la taruca (ndt : Cerf andin) et le condor andin (trois esp\u00e8ces en danger d&rsquo;extinction), le <a href=\"https:\/\/www.abc-latina.com\/amerique_latine\/flore-faune\/puma.php\" target=\"_blank\">puma<\/a>, le cerf, le chat des andes et une grande diversit\u00e9 d&rsquo;oiseaux.<\/p>\n<p><span class=\"tsource\">&copy; Source PromPeru<\/span><\/p>\n","protected":false},"excerpt":{"rendered":"<p>On peut acc\u00e9der au parc national de Huascar\u00e1n par plusieurs entr\u00e9es, selon l&rsquo;int\u00e9r\u00eat des visiteurs. Des variantes, parmi lesquelles l&rsquo;acc\u00e8s [&hellip;]<\/p>\n","protected":false},"author":3,"featured_media":0,"parent":2118,"menu_order":0,"comment_status":"closed","ping_status":"closed","template":"","meta":{"site-sidebar-layout":"default","site-content-layout":"","ast-site-content-layout":"default","site-content-style":"default","site-sidebar-style":"default","ast-global-header-display":"","ast-banner-title-visibility":"","ast-main-header-display":"","ast-hfb-above-header-display":"","ast-hfb-below-header-display":"","ast-hfb-mobile-header-display":"","site-post-title":"","ast-breadcrumbs-content":"","ast-featured-img":"","footer-sml-layout":"","ast-disable-related-posts":"","theme-transparent-header-meta":"","adv-header-id-meta":"","stick-header-meta":"","header-above-stick-meta":"","header-main-stick-meta":"","header-below-stick-meta":"","astra-migrate-meta-layouts":"default","ast-page-background-enabled":"default","ast-page-background-meta":{"desktop":{"background-color":"var(--ast-global-color-5)","background-image":"","background-repeat":"repeat","background-position":"center center","background-size":"auto","background-attachment":"scroll","background-type":"","background-media":"","overlay-type":"","overlay-color":"","overlay-opacity":"","overlay-gradient":""},"tablet":{"background-color":"","background-image":"","background-repeat":"repeat","background-position":"center center","background-size":"auto","background-attachment":"scroll","background-type":"","background-media":"","overlay-type":"","overlay-color":"","overlay-opacity":"","overlay-gradient":""},"mobile":{"background-color":"","background-image":"","background-repeat":"repeat","background-position":"center center","background-size":"auto","background-attachment":"scroll","background-type":"","background-media":"","overlay-type":"","overlay-color":"","overlay-opacity":"","overlay-gradient":""}},"ast-content-background-meta":{"desktop":{"background-color":"var(--ast-global-color-4)","background-image":"","background-repeat":"repeat","background-position":"center center","background-size":"auto","background-attachment":"scroll","background-type":"","background-media":"","overlay-type":"","overlay-color":"","overlay-opacity":"","overlay-gradient":""},"tablet":{"background-color":"var(--ast-global-color-4)","background-image":"","background-repeat":"repeat","background-position":"center center","background-size":"auto","background-attachment":"scroll","background-type":"","background-media":"","overlay-type":"","overlay-color":"","overlay-opacity":"","overlay-gradient":""},"mobile":{"background-color":"var(--ast-global-color-4)","background-image":"","background-repeat":"repeat","background-position":"center center","background-size":"auto","background-attachment":"scroll","background-type":"","background-media":"","overlay-type":"","overlay-color":"","overlay-opacity":"","overlay-gradient":""}},"footnotes":""},"class_list":["post-2408","page","type-page","status-publish","hentry"],"yoast_head":"<!-- This site is optimized with the Yoast SEO plugin v27.5 - https:\/\/yoast.com\/product\/yoast-seo-wordpress\/ -->\n<title>Le Parc national de HUASCARAN - Abc-latina<\/title>\n<meta name=\"description\" content=\"Le Parc national de Huascaran.\" \/>\n<meta name=\"robots\" content=\"index, follow, max-snippet:-1, max-image-preview:large, max-video-preview:-1\" \/>\n<link rel=\"canonical\" href=\"https:\/\/abc-latina.com\/perou\/parc_huascaran\/\" \/>\n<meta property=\"og:locale\" content=\"fr_FR\" \/>\n<meta property=\"og:type\" content=\"article\" \/>\n<meta property=\"og:title\" content=\"Le Parc national de HUASCARAN - Abc-latina\" \/>\n<meta property=\"og:description\" content=\"Le Parc national de Huascaran.\" \/>\n<meta property=\"og:url\" content=\"https:\/\/abc-latina.com\/perou\/parc_huascaran\/\" \/>\n<meta property=\"og:site_name\" content=\"Abc-latina\" \/>\n<meta property=\"article:modified_time\" content=\"2026-04-30T16:25:17+00:00\" \/>\n<meta name=\"twitter:card\" content=\"summary_large_image\" \/>\n<meta name=\"twitter:label1\" content=\"Dur\u00e9e de lecture estim\u00e9e\" \/>\n\t<meta name=\"twitter:data1\" content=\"1 minute\" \/>\n<script type=\"application\/ld+json\" class=\"yoast-schema-graph\">{\"@context\":\"https:\\\/\\\/schema.org\",\"@graph\":[{\"@type\":\"WebPage\",\"@id\":\"https:\\\/\\\/abc-latina.com\\\/perou\\\/parc_huascaran\\\/\",\"url\":\"https:\\\/\\\/abc-latina.com\\\/perou\\\/parc_huascaran\\\/\",\"name\":\"Le Parc national de HUASCARAN - Abc-latina\",\"isPartOf\":{\"@id\":\"https:\\\/\\\/abc-latina.com\\\/#website\"},\"datePublished\":\"2010-10-15T20:22:00+00:00\",\"dateModified\":\"2026-04-30T16:25:17+00:00\",\"description\":\"Le Parc national de Huascaran.\",\"breadcrumb\":{\"@id\":\"https:\\\/\\\/abc-latina.com\\\/perou\\\/parc_huascaran\\\/#breadcrumb\"},\"inLanguage\":\"fr-FR\",\"potentialAction\":[{\"@type\":\"ReadAction\",\"target\":[\"https:\\\/\\\/abc-latina.com\\\/perou\\\/parc_huascaran\\\/\"]}]},{\"@type\":\"BreadcrumbList\",\"@id\":\"https:\\\/\\\/abc-latina.com\\\/perou\\\/parc_huascaran\\\/#breadcrumb\",\"itemListElement\":[{\"@type\":\"ListItem\",\"position\":1,\"name\":\"Accueil\",\"item\":\"https:\\\/\\\/abc-latina.com\\\/\"},{\"@type\":\"ListItem\",\"position\":2,\"name\":\"Le Parc national de HUASCARAN\"}]},{\"@type\":\"WebSite\",\"@id\":\"https:\\\/\\\/abc-latina.com\\\/#website\",\"url\":\"https:\\\/\\\/abc-latina.com\\\/\",\"name\":\"Abc-latina\",\"description\":\"\",\"publisher\":{\"@id\":\"https:\\\/\\\/abc-latina.com\\\/#organization\"},\"potentialAction\":[{\"@type\":\"SearchAction\",\"target\":{\"@type\":\"EntryPoint\",\"urlTemplate\":\"https:\\\/\\\/abc-latina.com\\\/?s={search_term_string}\"},\"query-input\":{\"@type\":\"PropertyValueSpecification\",\"valueRequired\":true,\"valueName\":\"search_term_string\"}}],\"inLanguage\":\"fr-FR\"},{\"@type\":\"Organization\",\"@id\":\"https:\\\/\\\/abc-latina.com\\\/#organization\",\"name\":\"Abc-latina\",\"url\":\"https:\\\/\\\/abc-latina.com\\\/\",\"logo\":{\"@type\":\"ImageObject\",\"inLanguage\":\"fr-FR\",\"@id\":\"https:\\\/\\\/abc-latina.com\\\/#\\\/schema\\\/logo\\\/image\\\/\",\"url\":\"https:\\\/\\\/abc-latina.com\\\/wp-content\\\/uploads\\\/2026\\\/05\\\/cropped-logo.gif\",\"contentUrl\":\"https:\\\/\\\/abc-latina.com\\\/wp-content\\\/uploads\\\/2026\\\/05\\\/cropped-logo.gif\",\"width\":89,\"height\":84,\"caption\":\"Abc-latina\"},\"image\":{\"@id\":\"https:\\\/\\\/abc-latina.com\\\/#\\\/schema\\\/logo\\\/image\\\/\"}}]}<\/script>\n<!-- \/ Yoast SEO plugin. -->","yoast_head_json":{"title":"Le Parc national de HUASCARAN - Abc-latina","description":"Le Parc national de Huascaran.","robots":{"index":"index","follow":"follow","max-snippet":"max-snippet:-1","max-image-preview":"max-image-preview:large","max-video-preview":"max-video-preview:-1"},"canonical":"https:\/\/abc-latina.com\/perou\/parc_huascaran\/","og_locale":"fr_FR","og_type":"article","og_title":"Le Parc national de HUASCARAN - Abc-latina","og_description":"Le Parc national de Huascaran.","og_url":"https:\/\/abc-latina.com\/perou\/parc_huascaran\/","og_site_name":"Abc-latina","article_modified_time":"2026-04-30T16:25:17+00:00","twitter_card":"summary_large_image","twitter_misc":{"Dur\u00e9e de lecture estim\u00e9e":"1 minute"},"schema":{"@context":"https:\/\/schema.org","@graph":[{"@type":"WebPage","@id":"https:\/\/abc-latina.com\/perou\/parc_huascaran\/","url":"https:\/\/abc-latina.com\/perou\/parc_huascaran\/","name":"Le Parc national de HUASCARAN - Abc-latina","isPartOf":{"@id":"https:\/\/abc-latina.com\/#website"},"datePublished":"2010-10-15T20:22:00+00:00","dateModified":"2026-04-30T16:25:17+00:00","description":"Le Parc national de Huascaran.","breadcrumb":{"@id":"https:\/\/abc-latina.com\/perou\/parc_huascaran\/#breadcrumb"},"inLanguage":"fr-FR","potentialAction":[{"@type":"ReadAction","target":["https:\/\/abc-latina.com\/perou\/parc_huascaran\/"]}]},{"@type":"BreadcrumbList","@id":"https:\/\/abc-latina.com\/perou\/parc_huascaran\/#breadcrumb","itemListElement":[{"@type":"ListItem","position":1,"name":"Accueil","item":"https:\/\/abc-latina.com\/"},{"@type":"ListItem","position":2,"name":"Le Parc national de HUASCARAN"}]},{"@type":"WebSite","@id":"https:\/\/abc-latina.com\/#website","url":"https:\/\/abc-latina.com\/","name":"Abc-latina","description":"","publisher":{"@id":"https:\/\/abc-latina.com\/#organization"},"potentialAction":[{"@type":"SearchAction","target":{"@type":"EntryPoint","urlTemplate":"https:\/\/abc-latina.com\/?s={search_term_string}"},"query-input":{"@type":"PropertyValueSpecification","valueRequired":true,"valueName":"search_term_string"}}],"inLanguage":"fr-FR"},{"@type":"Organization","@id":"https:\/\/abc-latina.com\/#organization","name":"Abc-latina","url":"https:\/\/abc-latina.com\/","logo":{"@type":"ImageObject","inLanguage":"fr-FR","@id":"https:\/\/abc-latina.com\/#\/schema\/logo\/image\/","url":"https:\/\/abc-latina.com\/wp-content\/uploads\/2026\/05\/cropped-logo.gif","contentUrl":"https:\/\/abc-latina.com\/wp-content\/uploads\/2026\/05\/cropped-logo.gif","width":89,"height":84,"caption":"Abc-latina"},"image":{"@id":"https:\/\/abc-latina.com\/#\/schema\/logo\/image\/"}}]}},"_links":{"self":[{"href":"https:\/\/abc-latina.com\/wp-json\/wp\/v2\/pages\/2408","targetHints":{"allow":["GET"]}}],"collection":[{"href":"https:\/\/abc-latina.com\/wp-json\/wp\/v2\/pages"}],"about":[{"href":"https:\/\/abc-latina.com\/wp-json\/wp\/v2\/types\/page"}],"author":[{"embeddable":true,"href":"https:\/\/abc-latina.com\/wp-json\/wp\/v2\/users\/3"}],"replies":[{"embeddable":true,"href":"https:\/\/abc-latina.com\/wp-json\/wp\/v2\/comments?post=2408"}],"version-history":[{"count":1,"href":"https:\/\/abc-latina.com\/wp-json\/wp\/v2\/pages\/2408\/revisions"}],"predecessor-version":[{"id":3739,"href":"https:\/\/abc-latina.com\/wp-json\/wp\/v2\/pages\/2408\/revisions\/3739"}],"up":[{"embeddable":true,"href":"https:\/\/abc-latina.com\/wp-json\/wp\/v2\/pages\/2118"}],"wp:attachment":[{"href":"https:\/\/abc-latina.com\/wp-json\/wp\/v2\/media?parent=2408"}],"curies":[{"name":"wp","href":"https:\/\/api.w.org\/{rel}","templated":true}]}}