{"id":241,"date":"2010-06-04T02:16:06","date_gmt":"2010-06-04T00:16:06","guid":{"rendered":"http:\/\/abc-latina.com\/medellin-htm\/"},"modified":"2026-04-30T18:24:59","modified_gmt":"2026-04-30T16:24:59","slug":"medellin","status":"publish","type":"page","link":"https:\/\/abc-latina.com\/colombie\/medellin\/","title":{"rendered":"MEDELLIN"},"content":{"rendered":"<div><img loading=\"lazy\" decoding=\"async\" class=\" size-full wp-image-240\" src=\"http:\/\/abc-latina.com\/wp-content\/uploads\/2010\/06\/009-medellin.jpg\" title=\"VOYAGE A MEDELLIN\" alt=\"VOYAGE A MEDELLIN\" width=\"480\" height=\"274\" srcset=\"https:\/\/abc-latina.com\/wp-content\/uploads\/2010\/06\/009-medellin.jpg 700w, https:\/\/abc-latina.com\/wp-content\/uploads\/2010\/06\/009-medellin-300x171.jpg 300w\" sizes=\"auto, (max-width: 480px) 100vw, 480px\" \/><\/div>\n<div>&nbsp;<\/div>\n<div>Les premiers Espagnols d\u00e9barqu\u00e8rent dans la r\u00e9gion au cours des ann\u00e9es 1500 et 1501, la r\u00e9gion \u00e9tait alors occup\u00e9e par de nombreuses tribus appartenant \u00e0 la grande famille des Cara\u00efbes.&nbsp;<\/div>\n<div>Dans ce territoire montagneux et accident\u00e9, on retrouve plus de 70% de la production d&rsquo;or du pays, et sa population reconnue comme dynamique, cr\u00e9atrice, entreprenante et d\u00e9termin\u00e9e, g\u00e9n\u00e8re environ 15% du produit national brut.<\/div>\n<div>&nbsp;<\/div>\n<div><span class=\"tourisme-chapitre\">MEDELLIN<\/span><\/div>\n<div>C&rsquo;est le principal centre culturel de Colombie avec 24 universit\u00e9s ou coll\u00e8ges d&rsquo;enseignement sup\u00e9rieur et 22.000 \u00e9tudiants.<\/div>\n<div>Medell\u00edn est la deuxi\u00e8me ville en importance en Colombie apr\u00e8s <a href=\"https:\/\/www.abc-latina.com\/colombie\/bogota\">Santaf\u00e9 de Bogot\u00e1<\/a>. Enclav\u00e9e dans la vall\u00e9e Aburr\u00e1, \u00e0 quelque 1500m d&rsquo;altitude, Medell\u00edn est la capitale du d\u00e9partement d&rsquo;<a href=\"https:\/\/www.abc-latina.com\/colombie\/regions\/antioquia\">Antioquia<\/a>, avec pr\u00e8s de 2 millions d&rsquo;habitants et pr\u00e8s de 3 millions, si l&rsquo;on inclut la r\u00e9gion m\u00e9tropolitaine.<\/div>\n<div>L&rsquo;an 1616 voit sa fondation par des colons juifs, fuyant les pers\u00e9cutions en Europe. Ils n&rsquo;\u00e9taient pas des conquistadores mais des fermiers. Ils cultiv\u00e8rent eux-m\u00eame sans l&rsquo;aide d&rsquo;esclaves indig\u00e8nes, en cherchant \u00e0 s&rsquo;isoler de peur de nouvelles pers\u00e9cutions et en favorisant un d\u00e9veloppement autarcique. Les habitants de la r\u00e9gion ont conserv\u00e9 encore aujourd&rsquo;hui ces valeurs d&rsquo;autrefois, ce sens inn\u00e9 de l&rsquo;autosuffisance et de l&rsquo;ind\u00e9pendance.<\/div>\n<div><a href=\"tour_operateur\" target=\"_blank\"><img loading=\"lazy\" decoding=\"async\" class=\" size-full wp-image-41\" alt=\"\" class=\"touroperateur\" src=\"http:\/\/abc-latina.com\/wp-content\/uploads\/2010\/04\/timbre_to.gif\" width=\"125\" height=\"90\" \/><\/a>Medell\u00edn a la r\u00e9putation d&rsquo;une ville \u00e9nergique, c&rsquo;est l&rsquo;un des centres \u00e9conomiques les plus importants de Colombie.<\/div>\n<div>Avec la mont\u00e9e du pouvoir des narcotrafiquants dans les ann\u00e9es 70 et 80, et l&rsquo;apparition du cartell de Medell\u00edn, la r\u00e9putation de violence de Medell\u00edn s&rsquo;est alors r\u00e9pandue \u00e0 travers le monde comme un tra\u00een\u00e9e de poudre. Enfin en d\u00e9cembre 1993 Le cartel \u00e9tait d\u00e9mantel\u00e9, Medell\u00edn pouvait enfin respirer.&nbsp;<\/div>\n<div>Medell\u00edn aujourd&rsquo;hui est une ville relativement calme, surnomm\u00e9e &quot;la ville de l&rsquo;\u00e9ternel printemps&quot; pour son climat temp\u00e9r\u00e9 dont la moyenne varie autour de 23&deg;C.<\/div>\n<div>Medell\u00edn est une ville moderne qui ne poss\u00e8de pas beaucoup d&rsquo;attractions touristiques si ce n&rsquo;est sa verdure, ses fleurs, sa qualit\u00e9 de vie et quelques \u00e9difices et \u00e9glises historiques. La majorit\u00e9 des sites int\u00e9ressants se trouvant au centre-ville, il est possible de les visiter \u00e0 pied, El Centro \u00e9tant sans danger au cours de la journ\u00e9e.<\/div>\n<div>&nbsp;<\/div>\n<div><span class=\"tourisme-unesco\">A voir:&nbsp;<\/span><\/div>\n<div>Le museo de Antioquia presente la plus importante collection des oeuvres de <a href=\"https:\/\/www.abc-latina.com\/personnalites\/fernando_botero\" target=\"_blank\">Fernando Botero<\/a> avec 32 peintures et sculptures.<\/div>\n<div>La Bas\u00edlica Metropolitana de la Immaculada commenc\u00e9e en 1875 et inaugur\u00e9e en 1931, par sa dimension gigantesque, elle est class\u00e9e septi\u00e8me au monde et premi\u00e8re en Am\u00e9rique Latine.<\/div>\n<div>Le Cerro Nutibara est une montagne situ\u00e9e en plein centre de Medell\u00edn que l&rsquo;on consid\u00e8re comme le poumon culturel de la ville. On y a une vue panoramique imprenable de tout le Valle de Aburr\u00e1. On y trouve une galerie d&rsquo;art de m\u00eame qu&rsquo;une reproduction d&rsquo;un ancien village antioquie\u00f1o.<\/div>\n<p>&nbsp;<\/p>\n<h3>Pr\u00e9parez votre voyage \u00e0 Medellin:<\/h3>\n<div><a href=\"https:\/\/www.abc-latina.com\/colombie\/agence_de_voyages\">Agences de voyage g\u00e9n\u00e9ralistes et discounteurs<\/a><\/div>\n<div><a href=\"https:\/\/www.abc-latina.com\/colombie\/tour_operateur\">Tours Op\u00e9rateurs sp\u00e9cialistes de la Colombie<\/a><\/div>\n<div><a href=\"https:\/\/www.abc-latina.com\/to\/reservation_billet_avion\" target=\"_blank\">R\u00e9servez votre billet d&rsquo;avion<\/a><\/div>\n<div><a href=\"hotels\" target=\"_blank\">R\u00e9servez votre h\u00f4tel \u00e0 Medellin<\/a>&nbsp;<\/div>\n<div><a href=\"https:\/\/www.abc-latina.com\/to\/location_de_voiture_colombie\" target=\"_blank\">Location de voiture<\/a><\/div>\n<p>&nbsp;<\/p>\n<div id=\"cont_8dff2ddd02bf8358d47efced698be061\"><span id=\"h_8dff2ddd02bf8358d47efced698be061\"><a id=\"a_8dff2ddd02bf8358d47efced698be061\" href=\"http:\/\/www.tameteo.com\/\" target=\"_blank\" style=\"color:#808080;font-family:2;font-size:14px;\">M\u00e9t\u00e9o<\/a> Medell\u00edn<\/span><script type=\"text\/javascript\" src=\"http:\/\/www.tameteo.com\/wid_loader\/8dff2ddd02bf8358d47efced698be061\"><\/script><\/div>\n","protected":false},"excerpt":{"rendered":"<p>&nbsp; Les premiers Espagnols d\u00e9barqu\u00e8rent dans la r\u00e9gion au cours des ann\u00e9es 1500 et 1501, la r\u00e9gion \u00e9tait alors occup\u00e9e [&hellip;]<\/p>\n","protected":false},"author":3,"featured_media":240,"parent":2299,"menu_order":0,"comment_status":"closed","ping_status":"closed","template":"","meta":{"site-sidebar-layout":"default","site-content-layout":"","ast-site-content-layout":"default","site-content-style":"default","site-sidebar-style":"default","ast-global-header-display":"","ast-banner-title-visibility":"","ast-main-header-display":"","ast-hfb-above-header-display":"","ast-hfb-below-header-display":"","ast-hfb-mobile-header-display":"","site-post-title":"","ast-breadcrumbs-content":"","ast-featured-img":"","footer-sml-layout":"","ast-disable-related-posts":"","theme-transparent-header-meta":"","adv-header-id-meta":"","stick-header-meta":"","header-above-stick-meta":"","header-main-stick-meta":"","header-below-stick-meta":"","astra-migrate-meta-layouts":"default","ast-page-background-enabled":"default","ast-page-background-meta":{"desktop":{"background-color":"var(--ast-global-color-5)","background-image":"","background-repeat":"repeat","background-position":"center center","background-size":"auto","background-attachment":"scroll","background-type":"","background-media":"","overlay-type":"","overlay-color":"","overlay-opacity":"","overlay-gradient":""},"tablet":{"background-color":"","background-image":"","background-repeat":"repeat","background-position":"center center","background-size":"auto","background-attachment":"scroll","background-type":"","background-media":"","overlay-type":"","overlay-color":"","overlay-opacity":"","overlay-gradient":""},"mobile":{"background-color":"","background-image":"","background-repeat":"repeat","background-position":"center center","background-size":"auto","background-attachment":"scroll","background-type":"","background-media":"","overlay-type":"","overlay-color":"","overlay-opacity":"","overlay-gradient":""}},"ast-content-background-meta":{"desktop":{"background-color":"var(--ast-global-color-4)","background-image":"","background-repeat":"repeat","background-position":"center center","background-size":"auto","background-attachment":"scroll","background-type":"","background-media":"","overlay-type":"","overlay-color":"","overlay-opacity":"","overlay-gradient":""},"tablet":{"background-color":"var(--ast-global-color-4)","background-image":"","background-repeat":"repeat","background-position":"center center","background-size":"auto","background-attachment":"scroll","background-type":"","background-media":"","overlay-type":"","overlay-color":"","overlay-opacity":"","overlay-gradient":""},"mobile":{"background-color":"var(--ast-global-color-4)","background-image":"","background-repeat":"repeat","background-position":"center center","background-size":"auto","background-attachment":"scroll","background-type":"","background-media":"","overlay-type":"","overlay-color":"","overlay-opacity":"","overlay-gradient":""}},"footnotes":""},"class_list":["post-241","page","type-page","status-publish","has-post-thumbnail","hentry"],"yoast_head":"<!-- This site is optimized with the Yoast SEO plugin v27.5 - https:\/\/yoast.com\/product\/yoast-seo-wordpress\/ -->\n<title>MEDELLIN - Abc-latina<\/title>\n<meta name=\"description\" content=\"Medellin est le principal centre culturel de Colombie avec 24 universit\u00e9s ou coll\u00e8ges d&#039;enseignement sup\u00e9rieur et 22.000 \u00e9tudiants.\" \/>\n<meta name=\"robots\" content=\"index, follow, max-snippet:-1, max-image-preview:large, max-video-preview:-1\" \/>\n<link rel=\"canonical\" href=\"https:\/\/abc-latina.com\/colombie\/medellin\/\" \/>\n<meta property=\"og:locale\" content=\"fr_FR\" \/>\n<meta property=\"og:type\" content=\"article\" \/>\n<meta property=\"og:title\" content=\"MEDELLIN - Abc-latina\" \/>\n<meta property=\"og:description\" content=\"Medellin est le principal centre culturel de Colombie avec 24 universit\u00e9s ou coll\u00e8ges d&#039;enseignement sup\u00e9rieur et 22.000 \u00e9tudiants.\" \/>\n<meta property=\"og:url\" content=\"https:\/\/abc-latina.com\/colombie\/medellin\/\" \/>\n<meta property=\"og:site_name\" content=\"Abc-latina\" \/>\n<meta property=\"article:modified_time\" content=\"2026-04-30T16:24:59+00:00\" \/>\n<meta property=\"og:image\" content=\"https:\/\/abc-latina.com\/wp-content\/uploads\/2010\/06\/009-medellin.jpg\" \/>\n\t<meta property=\"og:image:width\" content=\"700\" \/>\n\t<meta property=\"og:image:height\" content=\"400\" \/>\n\t<meta property=\"og:image:type\" content=\"image\/jpeg\" \/>\n<meta name=\"twitter:card\" content=\"summary_large_image\" \/>\n<meta name=\"twitter:label1\" content=\"Dur\u00e9e de lecture estim\u00e9e\" \/>\n\t<meta name=\"twitter:data1\" content=\"3 minutes\" \/>\n<script type=\"application\/ld+json\" class=\"yoast-schema-graph\">{\"@context\":\"https:\\\/\\\/schema.org\",\"@graph\":[{\"@type\":\"WebPage\",\"@id\":\"https:\\\/\\\/abc-latina.com\\\/colombie\\\/medellin\\\/\",\"url\":\"https:\\\/\\\/abc-latina.com\\\/colombie\\\/medellin\\\/\",\"name\":\"MEDELLIN - Abc-latina\",\"isPartOf\":{\"@id\":\"https:\\\/\\\/abc-latina.com\\\/#website\"},\"primaryImageOfPage\":{\"@id\":\"https:\\\/\\\/abc-latina.com\\\/colombie\\\/medellin\\\/#primaryimage\"},\"image\":{\"@id\":\"https:\\\/\\\/abc-latina.com\\\/colombie\\\/medellin\\\/#primaryimage\"},\"thumbnailUrl\":\"https:\\\/\\\/abc-latina.com\\\/wp-content\\\/uploads\\\/2010\\\/06\\\/009-medellin.jpg\",\"datePublished\":\"2010-06-04T00:16:06+00:00\",\"dateModified\":\"2026-04-30T16:24:59+00:00\",\"description\":\"Medellin est le principal centre culturel de Colombie avec 24 universit\u00e9s ou coll\u00e8ges d'enseignement sup\u00e9rieur et 22.000 \u00e9tudiants.\",\"breadcrumb\":{\"@id\":\"https:\\\/\\\/abc-latina.com\\\/colombie\\\/medellin\\\/#breadcrumb\"},\"inLanguage\":\"fr-FR\",\"potentialAction\":[{\"@type\":\"ReadAction\",\"target\":[\"https:\\\/\\\/abc-latina.com\\\/colombie\\\/medellin\\\/\"]}]},{\"@type\":\"ImageObject\",\"inLanguage\":\"fr-FR\",\"@id\":\"https:\\\/\\\/abc-latina.com\\\/colombie\\\/medellin\\\/#primaryimage\",\"url\":\"https:\\\/\\\/abc-latina.com\\\/wp-content\\\/uploads\\\/2010\\\/06\\\/009-medellin.jpg\",\"contentUrl\":\"https:\\\/\\\/abc-latina.com\\\/wp-content\\\/uploads\\\/2010\\\/06\\\/009-medellin.jpg\",\"width\":700,\"height\":400,\"caption\":\"VOYAGE A MEDELLIN\"},{\"@type\":\"BreadcrumbList\",\"@id\":\"https:\\\/\\\/abc-latina.com\\\/colombie\\\/medellin\\\/#breadcrumb\",\"itemListElement\":[{\"@type\":\"ListItem\",\"position\":1,\"name\":\"Accueil\",\"item\":\"https:\\\/\\\/abc-latina.com\\\/\"},{\"@type\":\"ListItem\",\"position\":2,\"name\":\"MEDELLIN\"}]},{\"@type\":\"WebSite\",\"@id\":\"https:\\\/\\\/abc-latina.com\\\/#website\",\"url\":\"https:\\\/\\\/abc-latina.com\\\/\",\"name\":\"Abc-latina\",\"description\":\"\",\"publisher\":{\"@id\":\"https:\\\/\\\/abc-latina.com\\\/#organization\"},\"potentialAction\":[{\"@type\":\"SearchAction\",\"target\":{\"@type\":\"EntryPoint\",\"urlTemplate\":\"https:\\\/\\\/abc-latina.com\\\/?s={search_term_string}\"},\"query-input\":{\"@type\":\"PropertyValueSpecification\",\"valueRequired\":true,\"valueName\":\"search_term_string\"}}],\"inLanguage\":\"fr-FR\"},{\"@type\":\"Organization\",\"@id\":\"https:\\\/\\\/abc-latina.com\\\/#organization\",\"name\":\"Abc-latina\",\"url\":\"https:\\\/\\\/abc-latina.com\\\/\",\"logo\":{\"@type\":\"ImageObject\",\"inLanguage\":\"fr-FR\",\"@id\":\"https:\\\/\\\/abc-latina.com\\\/#\\\/schema\\\/logo\\\/image\\\/\",\"url\":\"https:\\\/\\\/abc-latina.com\\\/wp-content\\\/uploads\\\/2026\\\/05\\\/cropped-logo.gif\",\"contentUrl\":\"https:\\\/\\\/abc-latina.com\\\/wp-content\\\/uploads\\\/2026\\\/05\\\/cropped-logo.gif\",\"width\":89,\"height\":84,\"caption\":\"Abc-latina\"},\"image\":{\"@id\":\"https:\\\/\\\/abc-latina.com\\\/#\\\/schema\\\/logo\\\/image\\\/\"}}]}<\/script>\n<!-- \/ Yoast SEO plugin. -->","yoast_head_json":{"title":"MEDELLIN - Abc-latina","description":"Medellin est le principal centre culturel de Colombie avec 24 universit\u00e9s ou coll\u00e8ges d'enseignement sup\u00e9rieur et 22.000 \u00e9tudiants.","robots":{"index":"index","follow":"follow","max-snippet":"max-snippet:-1","max-image-preview":"max-image-preview:large","max-video-preview":"max-video-preview:-1"},"canonical":"https:\/\/abc-latina.com\/colombie\/medellin\/","og_locale":"fr_FR","og_type":"article","og_title":"MEDELLIN - Abc-latina","og_description":"Medellin est le principal centre culturel de Colombie avec 24 universit\u00e9s ou coll\u00e8ges d'enseignement sup\u00e9rieur et 22.000 \u00e9tudiants.","og_url":"https:\/\/abc-latina.com\/colombie\/medellin\/","og_site_name":"Abc-latina","article_modified_time":"2026-04-30T16:24:59+00:00","og_image":[{"width":700,"height":400,"url":"https:\/\/abc-latina.com\/wp-content\/uploads\/2010\/06\/009-medellin.jpg","type":"image\/jpeg"}],"twitter_card":"summary_large_image","twitter_misc":{"Dur\u00e9e de lecture estim\u00e9e":"3 minutes"},"schema":{"@context":"https:\/\/schema.org","@graph":[{"@type":"WebPage","@id":"https:\/\/abc-latina.com\/colombie\/medellin\/","url":"https:\/\/abc-latina.com\/colombie\/medellin\/","name":"MEDELLIN - Abc-latina","isPartOf":{"@id":"https:\/\/abc-latina.com\/#website"},"primaryImageOfPage":{"@id":"https:\/\/abc-latina.com\/colombie\/medellin\/#primaryimage"},"image":{"@id":"https:\/\/abc-latina.com\/colombie\/medellin\/#primaryimage"},"thumbnailUrl":"https:\/\/abc-latina.com\/wp-content\/uploads\/2010\/06\/009-medellin.jpg","datePublished":"2010-06-04T00:16:06+00:00","dateModified":"2026-04-30T16:24:59+00:00","description":"Medellin est le principal centre culturel de Colombie avec 24 universit\u00e9s ou coll\u00e8ges d'enseignement sup\u00e9rieur et 22.000 \u00e9tudiants.","breadcrumb":{"@id":"https:\/\/abc-latina.com\/colombie\/medellin\/#breadcrumb"},"inLanguage":"fr-FR","potentialAction":[{"@type":"ReadAction","target":["https:\/\/abc-latina.com\/colombie\/medellin\/"]}]},{"@type":"ImageObject","inLanguage":"fr-FR","@id":"https:\/\/abc-latina.com\/colombie\/medellin\/#primaryimage","url":"https:\/\/abc-latina.com\/wp-content\/uploads\/2010\/06\/009-medellin.jpg","contentUrl":"https:\/\/abc-latina.com\/wp-content\/uploads\/2010\/06\/009-medellin.jpg","width":700,"height":400,"caption":"VOYAGE A MEDELLIN"},{"@type":"BreadcrumbList","@id":"https:\/\/abc-latina.com\/colombie\/medellin\/#breadcrumb","itemListElement":[{"@type":"ListItem","position":1,"name":"Accueil","item":"https:\/\/abc-latina.com\/"},{"@type":"ListItem","position":2,"name":"MEDELLIN"}]},{"@type":"WebSite","@id":"https:\/\/abc-latina.com\/#website","url":"https:\/\/abc-latina.com\/","name":"Abc-latina","description":"","publisher":{"@id":"https:\/\/abc-latina.com\/#organization"},"potentialAction":[{"@type":"SearchAction","target":{"@type":"EntryPoint","urlTemplate":"https:\/\/abc-latina.com\/?s={search_term_string}"},"query-input":{"@type":"PropertyValueSpecification","valueRequired":true,"valueName":"search_term_string"}}],"inLanguage":"fr-FR"},{"@type":"Organization","@id":"https:\/\/abc-latina.com\/#organization","name":"Abc-latina","url":"https:\/\/abc-latina.com\/","logo":{"@type":"ImageObject","inLanguage":"fr-FR","@id":"https:\/\/abc-latina.com\/#\/schema\/logo\/image\/","url":"https:\/\/abc-latina.com\/wp-content\/uploads\/2026\/05\/cropped-logo.gif","contentUrl":"https:\/\/abc-latina.com\/wp-content\/uploads\/2026\/05\/cropped-logo.gif","width":89,"height":84,"caption":"Abc-latina"},"image":{"@id":"https:\/\/abc-latina.com\/#\/schema\/logo\/image\/"}}]}},"_links":{"self":[{"href":"https:\/\/abc-latina.com\/wp-json\/wp\/v2\/pages\/241","targetHints":{"allow":["GET"]}}],"collection":[{"href":"https:\/\/abc-latina.com\/wp-json\/wp\/v2\/pages"}],"about":[{"href":"https:\/\/abc-latina.com\/wp-json\/wp\/v2\/types\/page"}],"author":[{"embeddable":true,"href":"https:\/\/abc-latina.com\/wp-json\/wp\/v2\/users\/3"}],"replies":[{"embeddable":true,"href":"https:\/\/abc-latina.com\/wp-json\/wp\/v2\/comments?post=241"}],"version-history":[{"count":1,"href":"https:\/\/abc-latina.com\/wp-json\/wp\/v2\/pages\/241\/revisions"}],"predecessor-version":[{"id":3349,"href":"https:\/\/abc-latina.com\/wp-json\/wp\/v2\/pages\/241\/revisions\/3349"}],"up":[{"embeddable":true,"href":"https:\/\/abc-latina.com\/wp-json\/wp\/v2\/pages\/2299"}],"wp:featuredmedia":[{"embeddable":true,"href":"https:\/\/abc-latina.com\/wp-json\/wp\/v2\/media\/240"}],"wp:attachment":[{"href":"https:\/\/abc-latina.com\/wp-json\/wp\/v2\/media?parent=241"}],"curies":[{"name":"wp","href":"https:\/\/api.w.org\/{rel}","templated":true}]}}