{"id":2412,"date":"2010-10-16T00:54:30","date_gmt":"2010-10-15T22:54:30","guid":{"rendered":"http:\/\/abc-latina.com\/index-htm-11\/"},"modified":"2026-04-30T18:25:19","modified_gmt":"2026-04-30T16:25:19","slug":"tourisme-sportif","status":"publish","type":"page","link":"https:\/\/abc-latina.com\/perou\/tourisme-sportif\/","title":{"rendered":"Tourisme sportif au P\u00e9rou"},"content":{"rendered":"<div align=\"justify\">\n<p><font size=\"1\" face=\"Geneva, Arial, Helvetica, san-serif\" color=\"#333333\"><font face=\"Verdana, Arial, Helvetica, sans-serif\"><font face=\"Verdana, Arial, Helvetica, sans-serif\"><font face=\"Verdana, Arial, Helvetica, sans-serif\" color=\"#333333\"><font face=\"Verdana, Arial, Helvetica, sans-serif\" color=\"#333333\"><font size=\"-2\"><font face=\"Verdana, Arial, Helvetica, sans-serif\" color=\"#333333\"><font size=\"-2\"><font size=\"4\" color=\"#FFFFFF\"><font size=\"3\" face=\"Verdana, Arial, Helvetica, sans-serif\" color=\"#FFFFFF\"><b><font size=\"1\" face=\"Geneva, Arial, Helvetica, san-serif\" color=\"#000000\"><img loading=\"lazy\" decoding=\"async\" class=\" alignright size-full wp-image-2411\" src=\"http:\/\/abc-latina.com\/wp-content\/uploads\/2010\/10\/tourisme-sportif.jpg\" alt=\"\" width=\"220\" vspace=\"9\" hspace=\"15\" height=\"220\" align=\"right\" srcset=\"https:\/\/abc-latina.com\/wp-content\/uploads\/2010\/10\/tourisme-sportif.jpg 220w, https:\/\/abc-latina.com\/wp-content\/uploads\/2010\/10\/tourisme-sportif-150x150.jpg 150w\" sizes=\"auto, (max-width: 220px) 100vw, 220px\" \/>VOYAGE THEMATIQUE<\/font><\/b><\/font><\/font><\/font><\/font><\/font><\/font><\/font><\/font><\/font><\/font><\/p>\n<p><b style=\"text-align: start; background-color: rgb(252, 252, 250);\"><font size=\"1\" face=\"Verdana, Arial, Helvetica, sans-serif\" color=\"#333333\"><a href=\"https:\/\/www.abc-latina.com\/perou\/tourisme\/4x4\" style=\"text-decoration: none;\"><span style=\"font-size: small;\"><font color=\"#538EFD\">4 x 4<\/font><\/span><\/a><\/font><\/b><\/p>\n<p><b style=\"text-align: start;\"><font size=\"1\" face=\"Verdana, Arial, Helvetica, sans-serif\" color=\"#333333\"><a href=\"https:\/\/www.abc-latina.com\/perou\/tourisme\/ballon_aerostatique\" style=\"text-decoration: none;\"><span style=\"font-size: small;\"><font color=\"#538EFD\">Ballon aerostatique<\/font><\/span><\/a><\/font><\/b><\/p>\n<p><b style=\"text-align: start; background-color: rgb(252, 252, 250);\"><font size=\"1\" face=\"Verdana, Arial, Helvetica, sans-serif\" color=\"#333333\"><a href=\"https:\/\/www.abc-latina.com\/perou\/tourisme\/canotage\" style=\"text-decoration: none;\"><span style=\"font-size: small;\"><font color=\"#538EFD\">Canotage<\/font><\/span><\/a><\/font><\/b><\/p>\n<p><b style=\"text-align: start; background-color: rgb(252, 252, 250);\"><font size=\"1\" face=\"Verdana, Arial, Helvetica, sans-serif\" color=\"#333333\"><a href=\"https:\/\/www.abc-latina.com\/perou\/tourisme\/cyclisme\" style=\"text-decoration: none;\"><span style=\"font-size: small;\"><font color=\"#538EFD\">Cyclisme<\/font><\/span><\/a><\/font><\/b><\/p>\n<p><b style=\"text-align: start; background-color: rgb(252, 252, 250);\"><font size=\"1\" face=\"Verdana, Arial, Helvetica, sans-serif\" color=\"#333333\"><a href=\"https:\/\/www.abc-latina.com\/perou\/tourisme\/escalade\" style=\"text-decoration: none;\"><span style=\"font-size: small;\"><font color=\"#538EFD\">Escalade<\/font><\/span><\/a><\/font><\/b><\/p>\n<p><b style=\"text-align: start; background-color: rgb(252, 252, 250);\"><font size=\"1\" face=\"Verdana, Arial, Helvetica, sans-serif\" color=\"#333333\"><a href=\"https:\/\/www.abc-latina.com\/perou\/tourisme\/peche_sportive\" style=\"text-decoration: none;\"><span style=\"font-size: small;\"><font color=\"#538EFD\">Peche sportive<\/font><\/span><\/a><\/font><\/b><\/p>\n<p><b style=\"text-align: start; background-color: rgb(252, 252, 250);\"><font size=\"1\" face=\"Verdana, Arial, Helvetica, sans-serif\" color=\"#333333\"><a href=\"https:\/\/www.abc-latina.com\/perou\/tourisme\/surf\" style=\"text-decoration: none;\"><span style=\"font-size: small;\"><font color=\"#538EFD\">Surf<\/font><\/span><\/a><\/font><\/b><\/p>\n<p><b style=\"text-align: start; background-color: rgb(252, 252, 250);\"><font size=\"1\" face=\"Verdana, Arial, Helvetica, sans-serif\" color=\"#333333\"><a href=\"https:\/\/www.abc-latina.com\/perou\/tourisme\/windsurf\" style=\"text-decoration: none;\"><span style=\"font-size: small;\"><font color=\"#538EFD\">Windsurf<\/font><\/span><\/a><\/font><\/b><\/p>\n<\/div>\n<h3>Pr\u00e9parez votre voyage au P\u00e9rou :<\/h3>\n<div><a href=\"https:\/\/www.abc-latina.com\/perou\/agence_de_voyages\">Agences de voyage g\u00e9n\u00e9ralistes et discounteurs<\/a><\/div>\n<div><a href=\"https:\/\/www.abc-latina.com\/perou\/tour_operateur\">Tours Op\u00e9rateurs sp\u00e9cialistes du P\u00e9rou<\/a><\/div>\n<div><a href=\"https:\/\/www.abc-latina.com\/to\/reservation_billet_avion\" target=\"_blank\">R\u00e9servez votre billet d&rsquo;avion<\/a><\/div>\n<div><a href=\"https:\/\/www.abc-latina.com\/perou\/hotels\">R\u00e9servez votre h\u00f4tel au p\u00e9rou<\/a>&nbsp;<\/div>\n<div><a href=\"https:\/\/www.abc-latina.com\/to\/location_de_voiture_perou\" target=\"_blank\">Location de voiture<\/a><\/div>\n<p>&nbsp;<\/p>\n","protected":false},"excerpt":{"rendered":"<p>VOYAGE THEMATIQUE 4 x 4 Ballon aerostatique Canotage Cyclisme Escalade Peche sportive Surf Windsurf Pr\u00e9parez votre voyage au P\u00e9rou : [&hellip;]<\/p>\n","protected":false},"author":3,"featured_media":2411,"parent":2118,"menu_order":0,"comment_status":"closed","ping_status":"closed","template":"","meta":{"site-sidebar-layout":"default","site-content-layout":"","ast-site-content-layout":"default","site-content-style":"default","site-sidebar-style":"default","ast-global-header-display":"","ast-banner-title-visibility":"","ast-main-header-display":"","ast-hfb-above-header-display":"","ast-hfb-below-header-display":"","ast-hfb-mobile-header-display":"","site-post-title":"","ast-breadcrumbs-content":"","ast-featured-img":"","footer-sml-layout":"","ast-disable-related-posts":"","theme-transparent-header-meta":"","adv-header-id-meta":"","stick-header-meta":"","header-above-stick-meta":"","header-main-stick-meta":"","header-below-stick-meta":"","astra-migrate-meta-layouts":"default","ast-page-background-enabled":"default","ast-page-background-meta":{"desktop":{"background-color":"var(--ast-global-color-5)","background-image":"","background-repeat":"repeat","background-position":"center center","background-size":"auto","background-attachment":"scroll","background-type":"","background-media":"","overlay-type":"","overlay-color":"","overlay-opacity":"","overlay-gradient":""},"tablet":{"background-color":"","background-image":"","background-repeat":"repeat","background-position":"center center","background-size":"auto","background-attachment":"scroll","background-type":"","background-media":"","overlay-type":"","overlay-color":"","overlay-opacity":"","overlay-gradient":""},"mobile":{"background-color":"","background-image":"","background-repeat":"repeat","background-position":"center center","background-size":"auto","background-attachment":"scroll","background-type":"","background-media":"","overlay-type":"","overlay-color":"","overlay-opacity":"","overlay-gradient":""}},"ast-content-background-meta":{"desktop":{"background-color":"var(--ast-global-color-4)","background-image":"","background-repeat":"repeat","background-position":"center center","background-size":"auto","background-attachment":"scroll","background-type":"","background-media":"","overlay-type":"","overlay-color":"","overlay-opacity":"","overlay-gradient":""},"tablet":{"background-color":"var(--ast-global-color-4)","background-image":"","background-repeat":"repeat","background-position":"center center","background-size":"auto","background-attachment":"scroll","background-type":"","background-media":"","overlay-type":"","overlay-color":"","overlay-opacity":"","overlay-gradient":""},"mobile":{"background-color":"var(--ast-global-color-4)","background-image":"","background-repeat":"repeat","background-position":"center center","background-size":"auto","background-attachment":"scroll","background-type":"","background-media":"","overlay-type":"","overlay-color":"","overlay-opacity":"","overlay-gradient":""}},"footnotes":""},"class_list":["post-2412","page","type-page","status-publish","has-post-thumbnail","hentry"],"yoast_head":"<!-- This site is optimized with the Yoast SEO plugin v27.5 - https:\/\/yoast.com\/product\/yoast-seo-wordpress\/ -->\n<title>Tourisme sportif au P\u00e9rou - Abc-latina<\/title>\n<meta name=\"description\" content=\"Le tourisme d&#039;aventure et la pratique du vehicule tout terrain, 4x4, au P\u00e9rou.\" \/>\n<meta name=\"robots\" content=\"index, follow, max-snippet:-1, max-image-preview:large, max-video-preview:-1\" \/>\n<link rel=\"canonical\" href=\"https:\/\/abc-latina.com\/perou\/tourisme-sportif\/\" \/>\n<meta property=\"og:locale\" content=\"fr_FR\" \/>\n<meta property=\"og:type\" content=\"article\" \/>\n<meta property=\"og:title\" content=\"Tourisme sportif au P\u00e9rou - Abc-latina\" \/>\n<meta property=\"og:description\" content=\"Le tourisme d&#039;aventure et la pratique du vehicule tout terrain, 4x4, au P\u00e9rou.\" \/>\n<meta property=\"og:url\" content=\"https:\/\/abc-latina.com\/perou\/tourisme-sportif\/\" \/>\n<meta property=\"og:site_name\" content=\"Abc-latina\" \/>\n<meta property=\"article:modified_time\" content=\"2026-04-30T16:25:19+00:00\" \/>\n<meta property=\"og:image\" content=\"https:\/\/abc-latina.com\/wp-content\/uploads\/2010\/10\/tourisme-sportif.jpg\" \/>\n\t<meta property=\"og:image:width\" content=\"220\" \/>\n\t<meta property=\"og:image:height\" content=\"220\" \/>\n\t<meta property=\"og:image:type\" content=\"image\/jpeg\" \/>\n<meta name=\"twitter:card\" content=\"summary_large_image\" \/>\n<script type=\"application\/ld+json\" class=\"yoast-schema-graph\">{\"@context\":\"https:\\\/\\\/schema.org\",\"@graph\":[{\"@type\":\"WebPage\",\"@id\":\"https:\\\/\\\/abc-latina.com\\\/perou\\\/tourisme-sportif\\\/\",\"url\":\"https:\\\/\\\/abc-latina.com\\\/perou\\\/tourisme-sportif\\\/\",\"name\":\"Tourisme sportif au P\u00e9rou - Abc-latina\",\"isPartOf\":{\"@id\":\"https:\\\/\\\/abc-latina.com\\\/#website\"},\"primaryImageOfPage\":{\"@id\":\"https:\\\/\\\/abc-latina.com\\\/perou\\\/tourisme-sportif\\\/#primaryimage\"},\"image\":{\"@id\":\"https:\\\/\\\/abc-latina.com\\\/perou\\\/tourisme-sportif\\\/#primaryimage\"},\"thumbnailUrl\":\"https:\\\/\\\/abc-latina.com\\\/wp-content\\\/uploads\\\/2010\\\/10\\\/tourisme-sportif.jpg\",\"datePublished\":\"2010-10-15T22:54:30+00:00\",\"dateModified\":\"2026-04-30T16:25:19+00:00\",\"description\":\"Le tourisme d'aventure et la pratique du vehicule tout terrain, 4x4, au P\u00e9rou.\",\"breadcrumb\":{\"@id\":\"https:\\\/\\\/abc-latina.com\\\/perou\\\/tourisme-sportif\\\/#breadcrumb\"},\"inLanguage\":\"fr-FR\",\"potentialAction\":[{\"@type\":\"ReadAction\",\"target\":[\"https:\\\/\\\/abc-latina.com\\\/perou\\\/tourisme-sportif\\\/\"]}]},{\"@type\":\"ImageObject\",\"inLanguage\":\"fr-FR\",\"@id\":\"https:\\\/\\\/abc-latina.com\\\/perou\\\/tourisme-sportif\\\/#primaryimage\",\"url\":\"https:\\\/\\\/abc-latina.com\\\/wp-content\\\/uploads\\\/2010\\\/10\\\/tourisme-sportif.jpg\",\"contentUrl\":\"https:\\\/\\\/abc-latina.com\\\/wp-content\\\/uploads\\\/2010\\\/10\\\/tourisme-sportif.jpg\",\"width\":220,\"height\":220},{\"@type\":\"BreadcrumbList\",\"@id\":\"https:\\\/\\\/abc-latina.com\\\/perou\\\/tourisme-sportif\\\/#breadcrumb\",\"itemListElement\":[{\"@type\":\"ListItem\",\"position\":1,\"name\":\"Accueil\",\"item\":\"https:\\\/\\\/abc-latina.com\\\/\"},{\"@type\":\"ListItem\",\"position\":2,\"name\":\"Tourisme sportif au P\u00e9rou\"}]},{\"@type\":\"WebSite\",\"@id\":\"https:\\\/\\\/abc-latina.com\\\/#website\",\"url\":\"https:\\\/\\\/abc-latina.com\\\/\",\"name\":\"Abc-latina\",\"description\":\"\",\"publisher\":{\"@id\":\"https:\\\/\\\/abc-latina.com\\\/#organization\"},\"potentialAction\":[{\"@type\":\"SearchAction\",\"target\":{\"@type\":\"EntryPoint\",\"urlTemplate\":\"https:\\\/\\\/abc-latina.com\\\/?s={search_term_string}\"},\"query-input\":{\"@type\":\"PropertyValueSpecification\",\"valueRequired\":true,\"valueName\":\"search_term_string\"}}],\"inLanguage\":\"fr-FR\"},{\"@type\":\"Organization\",\"@id\":\"https:\\\/\\\/abc-latina.com\\\/#organization\",\"name\":\"Abc-latina\",\"url\":\"https:\\\/\\\/abc-latina.com\\\/\",\"logo\":{\"@type\":\"ImageObject\",\"inLanguage\":\"fr-FR\",\"@id\":\"https:\\\/\\\/abc-latina.com\\\/#\\\/schema\\\/logo\\\/image\\\/\",\"url\":\"https:\\\/\\\/abc-latina.com\\\/wp-content\\\/uploads\\\/2026\\\/05\\\/cropped-logo.gif\",\"contentUrl\":\"https:\\\/\\\/abc-latina.com\\\/wp-content\\\/uploads\\\/2026\\\/05\\\/cropped-logo.gif\",\"width\":89,\"height\":84,\"caption\":\"Abc-latina\"},\"image\":{\"@id\":\"https:\\\/\\\/abc-latina.com\\\/#\\\/schema\\\/logo\\\/image\\\/\"}}]}<\/script>\n<!-- \/ Yoast SEO plugin. -->","yoast_head_json":{"title":"Tourisme sportif au P\u00e9rou - Abc-latina","description":"Le tourisme d'aventure et la pratique du vehicule tout terrain, 4x4, au P\u00e9rou.","robots":{"index":"index","follow":"follow","max-snippet":"max-snippet:-1","max-image-preview":"max-image-preview:large","max-video-preview":"max-video-preview:-1"},"canonical":"https:\/\/abc-latina.com\/perou\/tourisme-sportif\/","og_locale":"fr_FR","og_type":"article","og_title":"Tourisme sportif au P\u00e9rou - Abc-latina","og_description":"Le tourisme d'aventure et la pratique du vehicule tout terrain, 4x4, au P\u00e9rou.","og_url":"https:\/\/abc-latina.com\/perou\/tourisme-sportif\/","og_site_name":"Abc-latina","article_modified_time":"2026-04-30T16:25:19+00:00","og_image":[{"width":220,"height":220,"url":"https:\/\/abc-latina.com\/wp-content\/uploads\/2010\/10\/tourisme-sportif.jpg","type":"image\/jpeg"}],"twitter_card":"summary_large_image","schema":{"@context":"https:\/\/schema.org","@graph":[{"@type":"WebPage","@id":"https:\/\/abc-latina.com\/perou\/tourisme-sportif\/","url":"https:\/\/abc-latina.com\/perou\/tourisme-sportif\/","name":"Tourisme sportif au P\u00e9rou - Abc-latina","isPartOf":{"@id":"https:\/\/abc-latina.com\/#website"},"primaryImageOfPage":{"@id":"https:\/\/abc-latina.com\/perou\/tourisme-sportif\/#primaryimage"},"image":{"@id":"https:\/\/abc-latina.com\/perou\/tourisme-sportif\/#primaryimage"},"thumbnailUrl":"https:\/\/abc-latina.com\/wp-content\/uploads\/2010\/10\/tourisme-sportif.jpg","datePublished":"2010-10-15T22:54:30+00:00","dateModified":"2026-04-30T16:25:19+00:00","description":"Le tourisme d'aventure et la pratique du vehicule tout terrain, 4x4, au P\u00e9rou.","breadcrumb":{"@id":"https:\/\/abc-latina.com\/perou\/tourisme-sportif\/#breadcrumb"},"inLanguage":"fr-FR","potentialAction":[{"@type":"ReadAction","target":["https:\/\/abc-latina.com\/perou\/tourisme-sportif\/"]}]},{"@type":"ImageObject","inLanguage":"fr-FR","@id":"https:\/\/abc-latina.com\/perou\/tourisme-sportif\/#primaryimage","url":"https:\/\/abc-latina.com\/wp-content\/uploads\/2010\/10\/tourisme-sportif.jpg","contentUrl":"https:\/\/abc-latina.com\/wp-content\/uploads\/2010\/10\/tourisme-sportif.jpg","width":220,"height":220},{"@type":"BreadcrumbList","@id":"https:\/\/abc-latina.com\/perou\/tourisme-sportif\/#breadcrumb","itemListElement":[{"@type":"ListItem","position":1,"name":"Accueil","item":"https:\/\/abc-latina.com\/"},{"@type":"ListItem","position":2,"name":"Tourisme sportif au P\u00e9rou"}]},{"@type":"WebSite","@id":"https:\/\/abc-latina.com\/#website","url":"https:\/\/abc-latina.com\/","name":"Abc-latina","description":"","publisher":{"@id":"https:\/\/abc-latina.com\/#organization"},"potentialAction":[{"@type":"SearchAction","target":{"@type":"EntryPoint","urlTemplate":"https:\/\/abc-latina.com\/?s={search_term_string}"},"query-input":{"@type":"PropertyValueSpecification","valueRequired":true,"valueName":"search_term_string"}}],"inLanguage":"fr-FR"},{"@type":"Organization","@id":"https:\/\/abc-latina.com\/#organization","name":"Abc-latina","url":"https:\/\/abc-latina.com\/","logo":{"@type":"ImageObject","inLanguage":"fr-FR","@id":"https:\/\/abc-latina.com\/#\/schema\/logo\/image\/","url":"https:\/\/abc-latina.com\/wp-content\/uploads\/2026\/05\/cropped-logo.gif","contentUrl":"https:\/\/abc-latina.com\/wp-content\/uploads\/2026\/05\/cropped-logo.gif","width":89,"height":84,"caption":"Abc-latina"},"image":{"@id":"https:\/\/abc-latina.com\/#\/schema\/logo\/image\/"}}]}},"_links":{"self":[{"href":"https:\/\/abc-latina.com\/wp-json\/wp\/v2\/pages\/2412","targetHints":{"allow":["GET"]}}],"collection":[{"href":"https:\/\/abc-latina.com\/wp-json\/wp\/v2\/pages"}],"about":[{"href":"https:\/\/abc-latina.com\/wp-json\/wp\/v2\/types\/page"}],"author":[{"embeddable":true,"href":"https:\/\/abc-latina.com\/wp-json\/wp\/v2\/users\/3"}],"replies":[{"embeddable":true,"href":"https:\/\/abc-latina.com\/wp-json\/wp\/v2\/comments?post=2412"}],"version-history":[{"count":2,"href":"https:\/\/abc-latina.com\/wp-json\/wp\/v2\/pages\/2412\/revisions"}],"predecessor-version":[{"id":3775,"href":"https:\/\/abc-latina.com\/wp-json\/wp\/v2\/pages\/2412\/revisions\/3775"}],"up":[{"embeddable":true,"href":"https:\/\/abc-latina.com\/wp-json\/wp\/v2\/pages\/2118"}],"wp:featuredmedia":[{"embeddable":true,"href":"https:\/\/abc-latina.com\/wp-json\/wp\/v2\/media\/2411"}],"wp:attachment":[{"href":"https:\/\/abc-latina.com\/wp-json\/wp\/v2\/media?parent=2412"}],"curies":[{"name":"wp","href":"https:\/\/api.w.org\/{rel}","templated":true}]}}