{"id":244,"date":"2010-06-04T02:41:34","date_gmt":"2010-06-04T00:41:34","guid":{"rendered":"http:\/\/abc-latina.com\/santa_marta-htm\/"},"modified":"2026-04-30T18:24:59","modified_gmt":"2026-04-30T16:24:59","slug":"santa_marta","status":"publish","type":"page","link":"https:\/\/abc-latina.com\/colombie\/santa_marta\/","title":{"rendered":"SANTA MARTA"},"content":{"rendered":"<div>Bord\u00e9 au nord par la mer des Cara\u00efbes, son climat est excessivement vari\u00e9, ce d\u00e9partement c\u00f4tier offre des temp\u00e9ratures tropicales au niveau de la mer avec une v\u00e9g\u00e9tation exub\u00e9rante mais aussi les neiges \u00e9ternelles des pics Bolivar et Crist\u00f3bal Col\u00f3n (5800m) d&rsquo;altitude, sans oublier les sables des zones d\u00e9sertiques.&nbsp;<\/div>\n<div>&nbsp;<\/div>\n<p><span class=\"tourisme-chapitre\">Santa Marta<\/span> a \u00e9t\u00e9 fond\u00e9e par Rodrigo de Batisdas le 29 juillet 1525 et devint le premier gouverneur espagnol sur la terre ferme en Am\u00e9rique.<\/p>\n<div>Elle est sise dans un paysage unique sur le rivage de la mer des Cara\u00efbes dans une baie paradisiaque, o\u00f9 le climat atteint une moyenne de 28&deg;C annuellement: la brise constante en provenance de la mer en fait une temp\u00e9rature id\u00e9ale pour les vacances. sa station baln\u00e9aire El Rodadero, n&rsquo;a rien \u00e0 envier \u00e0 celles de la M\u00e9diterran\u00e9e.<\/div>\n<div>La ville pr\u00e9sente encore aujourd&rsquo;hui de beaux \u00e9difices coloniaux autour de la Plaza Bolivar, donnant acc\u00e8s \u00e0 des rues \u00e9troites, mais c&rsquo;est l&rsquo;avenue Rodrigo de Bastidas qui attire le plus les touristes avec sa belle et longue promenade le long de la mer.<\/div>\n<div>&nbsp;<\/div>\n<div>El Rodadero, qui est en fait un barrio (quartier) de Santa Marta, se pr\u00e9sente comme la station baln\u00e9aire la plus europ\u00e9enne de toute la c\u00f4te colombienne.&nbsp;<\/div>\n<div>Sa plage de sable blanc attire les baigneurs durant toutes les p\u00e9riodes de l&rsquo;ann\u00e9e, mais c&rsquo;est surtout en d\u00e9cembre et en janvier que les touristes se manisfestent en grand nombre. Outre la plage, les restaurants et les discoth\u00e8ques, il n&rsquo;y a pas beaucoup d&rsquo;attraits touristiques \u00e0 El Rodadero.<\/div>\n<div>&nbsp;<\/div>\n<div>La Quinta de San Pedro Alejandrino est la villa reconnue comme un sanctuaire national puisqu&rsquo;elle renferme les restes v\u00e9n\u00e9r\u00e9s de Sim\u00f3n Bolivar. Son mus\u00e9e pr\u00e9sente une foule d&rsquo;objets et de curiosit\u00e9s ayant appartenu au grand leader. Construite en 1608, la Quinta de San Pedro Alejandrino se voulait une ferme sp\u00e9cialis\u00e9e dans la culture et le raffinement de la canne \u00e0 sucre. Elle passa \u00e0 &lsquo;histoire puisque le grand lib\u00e9rateur y mourut quelque 200 ans plus tard, le 17 d\u00e9cembre 1830.<\/div>\n<div>&nbsp;<\/div>\n<div><strong>DANS LES ENVIRONS<\/strong><\/div>\n<div>&nbsp;<\/div>\n<div><span class=\"tourisme-chapitre\">PARQUE NACIONAL TAYRONA<\/span><\/div>\n<div><a target=\"_blank\" href=\"tour_operateur\"><img loading=\"lazy\" decoding=\"async\" class=\" size-full wp-image-41\" src=\"http:\/\/abc-latina.com\/wp-content\/uploads\/2010\/04\/timbre_to.gif\" class=\"touroperateur\" alt=\"\" width=\"125\" height=\"90\" \/><\/a>Ce parc naturel a \u00e9tabli sa renomm\u00e9e en Colombie pour la beaut\u00e9 de ses plages de sable blanc, ses eaux cristallines dans de nombreuses petites baies d\u00e9sertes prot\u00e9g\u00e9es du soleil par des cocotiers et sa formation corallienne qui longe la montagne.<\/div>\n<div>Le Parque Nacional Tayrona est d\u00e9di\u00e9 \u00e0 la recherche, \u00e0 la conservation, \u00e0 la propagation et \u00e0 la d\u00e9fense des animaux et de la v\u00e9g\u00e9tation. Mais c&rsquo;est aussi un site arch\u00e9ologique important, et l&rsquo;on peut y visiter Pueblito, un village Tayrona dont on admire les vestiges au coeur de la for\u00eat.<\/div>\n<div>&nbsp;<\/div>\n<div>La Sierra Nevada de santa Marta s&rsquo;\u00e9tendant sur plus de 17000km&sup2;, la v\u00e9g\u00e9tation est tr\u00e8s diversifi\u00e9e, allant du bosquet sec du d\u00e9sert jusqu&rsquo;\u00e0 une vari\u00e9t\u00e9 de bosquets humides, en passant par la v\u00e9g\u00e9tation clairsem\u00e9e, propre aux neiges \u00e9ternelles. La faune y est aussi vari\u00e9e. On y rencontre par exemple, une vari\u00e9t\u00e9 d&rsquo;oiseaux (mouettes, faucons, buses), de petits mammif\u00e8res (renards, singes, chauves-souris) et des reptiles (serpents et iguanes).<\/div>\n<div>La r\u00e9gion est importante aussi parce qu&rsquo;elle abritait une importante population pr\u00e9 hispanique. Elle est encore aujourd&rsquo;hui habit\u00e9e par diff\u00e9rents groupes ethniques.<\/div>\n<div>&nbsp;<\/div>\n<div><span class=\"tourisme-chapitre\">CIUDAD PERDIDA<\/span><\/div>\n<div>Erig\u00e9e vers les ann\u00e9es 700 de notre \u00e8re. C&rsquo;est l&rsquo;un des centres urbains les plus importants situ\u00e9 dans la Sierra Nevada de Santa Marta.<\/div>\n<div>Ciudad Perdida ne fut d\u00e9couverte qu&rsquo;en 1975 par l&rsquo;arch\u00e9ologue Julio C\u00e9sar Sep\u00falveda. Les touristes ont maintenant l&rsquo;autorisation de visiter les lieux s&rsquo;ils sont accompagn\u00e9s de guides. Le voyage d&rsquo;une dur\u00e9e de trois jours se fait \u00e0 dos d&rsquo;\u00e2ne et avec des sacs de couchage ou des hamacs.&nbsp;<\/div>\n<div>&nbsp;<\/div>\n<div><span class=\"tourisme-chapitre\">TAGANGA<\/span><\/div>\n<div>Le petit village de Taganga semble \u00eatre un paysage de carte postale, \u00e0 moins de 20 mn de Santa Marta.&nbsp;<\/div>\n<div>On y trouve de nombreuses petites tiendas (\u00e9choppes) plant\u00e9es sur la plage o\u00f9 l&rsquo;on peut d\u00e9guster une vari\u00e9t\u00e9 compl\u00e8te de produits de la mer, attabl\u00e9 sous un parasol.<\/div>\n<h3>Pr\u00e9parez votre voyage \u00e0 Santa Marta:<\/h3>\n<div><a href=\"https:\/\/www.abc-latina.com\/colombie\/agence_de_voyages\">Agences de voyage g\u00e9n\u00e9ralistes et discounteurs<\/a><\/div>\n<div><a href=\"https:\/\/www.abc-latina.com\/colombie\/tour_operateur\">Tours Op\u00e9rateurs sp\u00e9cialistes de la Colombie<\/a><\/div>\n<div><a target=\"_blank\" href=\"https:\/\/www.abc-latina.com\/to\/reservation_billet_avion\">R\u00e9servez votre billet d&rsquo;avion<\/a><\/div>\n<div><a target=\"_blank\" href=\"hotels\">R\u00e9servez votre h\u00f4tel \u00e0 Santa Marta<\/a>&nbsp;<\/div>\n<div><a target=\"_blank\" href=\"https:\/\/www.abc-latina.com\/to\/location_de_voiture_colombie\">Location de voiture<\/a><\/div>\n<p>&nbsp;<\/p>\n","protected":false},"excerpt":{"rendered":"<p>Bord\u00e9 au nord par la mer des Cara\u00efbes, son climat est excessivement vari\u00e9, ce d\u00e9partement c\u00f4tier offre des temp\u00e9ratures tropicales [&hellip;]<\/p>\n","protected":false},"author":3,"featured_media":41,"parent":2299,"menu_order":0,"comment_status":"closed","ping_status":"closed","template":"","meta":{"site-sidebar-layout":"default","site-content-layout":"","ast-site-content-layout":"default","site-content-style":"default","site-sidebar-style":"default","ast-global-header-display":"","ast-banner-title-visibility":"","ast-main-header-display":"","ast-hfb-above-header-display":"","ast-hfb-below-header-display":"","ast-hfb-mobile-header-display":"","site-post-title":"","ast-breadcrumbs-content":"","ast-featured-img":"","footer-sml-layout":"","ast-disable-related-posts":"","theme-transparent-header-meta":"","adv-header-id-meta":"","stick-header-meta":"","header-above-stick-meta":"","header-main-stick-meta":"","header-below-stick-meta":"","astra-migrate-meta-layouts":"default","ast-page-background-enabled":"default","ast-page-background-meta":{"desktop":{"background-color":"var(--ast-global-color-5)","background-image":"","background-repeat":"repeat","background-position":"center center","background-size":"auto","background-attachment":"scroll","background-type":"","background-media":"","overlay-type":"","overlay-color":"","overlay-opacity":"","overlay-gradient":""},"tablet":{"background-color":"","background-image":"","background-repeat":"repeat","background-position":"center center","background-size":"auto","background-attachment":"scroll","background-type":"","background-media":"","overlay-type":"","overlay-color":"","overlay-opacity":"","overlay-gradient":""},"mobile":{"background-color":"","background-image":"","background-repeat":"repeat","background-position":"center center","background-size":"auto","background-attachment":"scroll","background-type":"","background-media":"","overlay-type":"","overlay-color":"","overlay-opacity":"","overlay-gradient":""}},"ast-content-background-meta":{"desktop":{"background-color":"var(--ast-global-color-4)","background-image":"","background-repeat":"repeat","background-position":"center center","background-size":"auto","background-attachment":"scroll","background-type":"","background-media":"","overlay-type":"","overlay-color":"","overlay-opacity":"","overlay-gradient":""},"tablet":{"background-color":"var(--ast-global-color-4)","background-image":"","background-repeat":"repeat","background-position":"center center","background-size":"auto","background-attachment":"scroll","background-type":"","background-media":"","overlay-type":"","overlay-color":"","overlay-opacity":"","overlay-gradient":""},"mobile":{"background-color":"var(--ast-global-color-4)","background-image":"","background-repeat":"repeat","background-position":"center center","background-size":"auto","background-attachment":"scroll","background-type":"","background-media":"","overlay-type":"","overlay-color":"","overlay-opacity":"","overlay-gradient":""}},"footnotes":""},"class_list":["post-244","page","type-page","status-publish","has-post-thumbnail","hentry"],"yoast_head":"<!-- This site is optimized with the Yoast SEO plugin v27.5 - https:\/\/yoast.com\/product\/yoast-seo-wordpress\/ -->\n<title>SANTA MARTA - Abc-latina<\/title>\n<meta name=\"description\" content=\"D\u00e9couverte de santa Marta en Colombie.\" \/>\n<meta name=\"robots\" content=\"index, follow, max-snippet:-1, max-image-preview:large, max-video-preview:-1\" \/>\n<link rel=\"canonical\" href=\"https:\/\/abc-latina.com\/colombie\/santa_marta\/\" \/>\n<meta property=\"og:locale\" content=\"fr_FR\" \/>\n<meta property=\"og:type\" content=\"article\" \/>\n<meta property=\"og:title\" content=\"SANTA MARTA - Abc-latina\" \/>\n<meta property=\"og:description\" content=\"D\u00e9couverte de santa Marta en Colombie.\" \/>\n<meta property=\"og:url\" content=\"https:\/\/abc-latina.com\/colombie\/santa_marta\/\" \/>\n<meta property=\"og:site_name\" content=\"Abc-latina\" \/>\n<meta property=\"article:modified_time\" content=\"2026-04-30T16:24:59+00:00\" \/>\n<meta property=\"og:image\" content=\"https:\/\/abc-latina.com\/wp-content\/uploads\/2010\/04\/timbre_to.gif\" \/>\n\t<meta property=\"og:image:width\" content=\"125\" \/>\n\t<meta property=\"og:image:height\" content=\"90\" \/>\n\t<meta property=\"og:image:type\" content=\"image\/gif\" \/>\n<meta name=\"twitter:card\" content=\"summary_large_image\" \/>\n<meta name=\"twitter:label1\" content=\"Dur\u00e9e de lecture estim\u00e9e\" \/>\n\t<meta name=\"twitter:data1\" content=\"4 minutes\" \/>\n<script type=\"application\/ld+json\" class=\"yoast-schema-graph\">{\"@context\":\"https:\\\/\\\/schema.org\",\"@graph\":[{\"@type\":\"WebPage\",\"@id\":\"https:\\\/\\\/abc-latina.com\\\/colombie\\\/santa_marta\\\/\",\"url\":\"https:\\\/\\\/abc-latina.com\\\/colombie\\\/santa_marta\\\/\",\"name\":\"SANTA MARTA - Abc-latina\",\"isPartOf\":{\"@id\":\"https:\\\/\\\/abc-latina.com\\\/#website\"},\"primaryImageOfPage\":{\"@id\":\"https:\\\/\\\/abc-latina.com\\\/colombie\\\/santa_marta\\\/#primaryimage\"},\"image\":{\"@id\":\"https:\\\/\\\/abc-latina.com\\\/colombie\\\/santa_marta\\\/#primaryimage\"},\"thumbnailUrl\":\"https:\\\/\\\/abc-latina.com\\\/wp-content\\\/uploads\\\/2010\\\/04\\\/timbre_to.gif\",\"datePublished\":\"2010-06-04T00:41:34+00:00\",\"dateModified\":\"2026-04-30T16:24:59+00:00\",\"description\":\"D\u00e9couverte de santa Marta en Colombie.\",\"breadcrumb\":{\"@id\":\"https:\\\/\\\/abc-latina.com\\\/colombie\\\/santa_marta\\\/#breadcrumb\"},\"inLanguage\":\"fr-FR\",\"potentialAction\":[{\"@type\":\"ReadAction\",\"target\":[\"https:\\\/\\\/abc-latina.com\\\/colombie\\\/santa_marta\\\/\"]}]},{\"@type\":\"ImageObject\",\"inLanguage\":\"fr-FR\",\"@id\":\"https:\\\/\\\/abc-latina.com\\\/colombie\\\/santa_marta\\\/#primaryimage\",\"url\":\"https:\\\/\\\/abc-latina.com\\\/wp-content\\\/uploads\\\/2010\\\/04\\\/timbre_to.gif\",\"contentUrl\":\"https:\\\/\\\/abc-latina.com\\\/wp-content\\\/uploads\\\/2010\\\/04\\\/timbre_to.gif\",\"width\":125,\"height\":90},{\"@type\":\"BreadcrumbList\",\"@id\":\"https:\\\/\\\/abc-latina.com\\\/colombie\\\/santa_marta\\\/#breadcrumb\",\"itemListElement\":[{\"@type\":\"ListItem\",\"position\":1,\"name\":\"Accueil\",\"item\":\"https:\\\/\\\/abc-latina.com\\\/\"},{\"@type\":\"ListItem\",\"position\":2,\"name\":\"SANTA MARTA\"}]},{\"@type\":\"WebSite\",\"@id\":\"https:\\\/\\\/abc-latina.com\\\/#website\",\"url\":\"https:\\\/\\\/abc-latina.com\\\/\",\"name\":\"Abc-latina\",\"description\":\"\",\"publisher\":{\"@id\":\"https:\\\/\\\/abc-latina.com\\\/#organization\"},\"potentialAction\":[{\"@type\":\"SearchAction\",\"target\":{\"@type\":\"EntryPoint\",\"urlTemplate\":\"https:\\\/\\\/abc-latina.com\\\/?s={search_term_string}\"},\"query-input\":{\"@type\":\"PropertyValueSpecification\",\"valueRequired\":true,\"valueName\":\"search_term_string\"}}],\"inLanguage\":\"fr-FR\"},{\"@type\":\"Organization\",\"@id\":\"https:\\\/\\\/abc-latina.com\\\/#organization\",\"name\":\"Abc-latina\",\"url\":\"https:\\\/\\\/abc-latina.com\\\/\",\"logo\":{\"@type\":\"ImageObject\",\"inLanguage\":\"fr-FR\",\"@id\":\"https:\\\/\\\/abc-latina.com\\\/#\\\/schema\\\/logo\\\/image\\\/\",\"url\":\"https:\\\/\\\/abc-latina.com\\\/wp-content\\\/uploads\\\/2026\\\/05\\\/cropped-logo.gif\",\"contentUrl\":\"https:\\\/\\\/abc-latina.com\\\/wp-content\\\/uploads\\\/2026\\\/05\\\/cropped-logo.gif\",\"width\":89,\"height\":84,\"caption\":\"Abc-latina\"},\"image\":{\"@id\":\"https:\\\/\\\/abc-latina.com\\\/#\\\/schema\\\/logo\\\/image\\\/\"}}]}<\/script>\n<!-- \/ Yoast SEO plugin. -->","yoast_head_json":{"title":"SANTA MARTA - Abc-latina","description":"D\u00e9couverte de santa Marta en Colombie.","robots":{"index":"index","follow":"follow","max-snippet":"max-snippet:-1","max-image-preview":"max-image-preview:large","max-video-preview":"max-video-preview:-1"},"canonical":"https:\/\/abc-latina.com\/colombie\/santa_marta\/","og_locale":"fr_FR","og_type":"article","og_title":"SANTA MARTA - Abc-latina","og_description":"D\u00e9couverte de santa Marta en Colombie.","og_url":"https:\/\/abc-latina.com\/colombie\/santa_marta\/","og_site_name":"Abc-latina","article_modified_time":"2026-04-30T16:24:59+00:00","og_image":[{"width":125,"height":90,"url":"https:\/\/abc-latina.com\/wp-content\/uploads\/2010\/04\/timbre_to.gif","type":"image\/gif"}],"twitter_card":"summary_large_image","twitter_misc":{"Dur\u00e9e de lecture estim\u00e9e":"4 minutes"},"schema":{"@context":"https:\/\/schema.org","@graph":[{"@type":"WebPage","@id":"https:\/\/abc-latina.com\/colombie\/santa_marta\/","url":"https:\/\/abc-latina.com\/colombie\/santa_marta\/","name":"SANTA MARTA - Abc-latina","isPartOf":{"@id":"https:\/\/abc-latina.com\/#website"},"primaryImageOfPage":{"@id":"https:\/\/abc-latina.com\/colombie\/santa_marta\/#primaryimage"},"image":{"@id":"https:\/\/abc-latina.com\/colombie\/santa_marta\/#primaryimage"},"thumbnailUrl":"https:\/\/abc-latina.com\/wp-content\/uploads\/2010\/04\/timbre_to.gif","datePublished":"2010-06-04T00:41:34+00:00","dateModified":"2026-04-30T16:24:59+00:00","description":"D\u00e9couverte de santa Marta en Colombie.","breadcrumb":{"@id":"https:\/\/abc-latina.com\/colombie\/santa_marta\/#breadcrumb"},"inLanguage":"fr-FR","potentialAction":[{"@type":"ReadAction","target":["https:\/\/abc-latina.com\/colombie\/santa_marta\/"]}]},{"@type":"ImageObject","inLanguage":"fr-FR","@id":"https:\/\/abc-latina.com\/colombie\/santa_marta\/#primaryimage","url":"https:\/\/abc-latina.com\/wp-content\/uploads\/2010\/04\/timbre_to.gif","contentUrl":"https:\/\/abc-latina.com\/wp-content\/uploads\/2010\/04\/timbre_to.gif","width":125,"height":90},{"@type":"BreadcrumbList","@id":"https:\/\/abc-latina.com\/colombie\/santa_marta\/#breadcrumb","itemListElement":[{"@type":"ListItem","position":1,"name":"Accueil","item":"https:\/\/abc-latina.com\/"},{"@type":"ListItem","position":2,"name":"SANTA MARTA"}]},{"@type":"WebSite","@id":"https:\/\/abc-latina.com\/#website","url":"https:\/\/abc-latina.com\/","name":"Abc-latina","description":"","publisher":{"@id":"https:\/\/abc-latina.com\/#organization"},"potentialAction":[{"@type":"SearchAction","target":{"@type":"EntryPoint","urlTemplate":"https:\/\/abc-latina.com\/?s={search_term_string}"},"query-input":{"@type":"PropertyValueSpecification","valueRequired":true,"valueName":"search_term_string"}}],"inLanguage":"fr-FR"},{"@type":"Organization","@id":"https:\/\/abc-latina.com\/#organization","name":"Abc-latina","url":"https:\/\/abc-latina.com\/","logo":{"@type":"ImageObject","inLanguage":"fr-FR","@id":"https:\/\/abc-latina.com\/#\/schema\/logo\/image\/","url":"https:\/\/abc-latina.com\/wp-content\/uploads\/2026\/05\/cropped-logo.gif","contentUrl":"https:\/\/abc-latina.com\/wp-content\/uploads\/2026\/05\/cropped-logo.gif","width":89,"height":84,"caption":"Abc-latina"},"image":{"@id":"https:\/\/abc-latina.com\/#\/schema\/logo\/image\/"}}]}},"_links":{"self":[{"href":"https:\/\/abc-latina.com\/wp-json\/wp\/v2\/pages\/244","targetHints":{"allow":["GET"]}}],"collection":[{"href":"https:\/\/abc-latina.com\/wp-json\/wp\/v2\/pages"}],"about":[{"href":"https:\/\/abc-latina.com\/wp-json\/wp\/v2\/types\/page"}],"author":[{"embeddable":true,"href":"https:\/\/abc-latina.com\/wp-json\/wp\/v2\/users\/3"}],"replies":[{"embeddable":true,"href":"https:\/\/abc-latina.com\/wp-json\/wp\/v2\/comments?post=244"}],"version-history":[{"count":1,"href":"https:\/\/abc-latina.com\/wp-json\/wp\/v2\/pages\/244\/revisions"}],"predecessor-version":[{"id":3359,"href":"https:\/\/abc-latina.com\/wp-json\/wp\/v2\/pages\/244\/revisions\/3359"}],"up":[{"embeddable":true,"href":"https:\/\/abc-latina.com\/wp-json\/wp\/v2\/pages\/2299"}],"wp:featuredmedia":[{"embeddable":true,"href":"https:\/\/abc-latina.com\/wp-json\/wp\/v2\/media\/41"}],"wp:attachment":[{"href":"https:\/\/abc-latina.com\/wp-json\/wp\/v2\/media?parent=244"}],"curies":[{"name":"wp","href":"https:\/\/api.w.org\/{rel}","templated":true}]}}