{"id":2456,"date":"2010-10-25T20:05:38","date_gmt":"2010-10-25T18:05:38","guid":{"rendered":"http:\/\/abc-latina.com\/photos_plages_amerique-latine-php\/"},"modified":"2026-04-30T18:24:42","modified_gmt":"2026-04-30T16:24:42","slug":"photos_plages_amerique-latine","status":"publish","type":"page","link":"https:\/\/abc-latina.com\/photos\/photos_plages_amerique-latine\/","title":{"rendered":"PHOTOS de PLAGES en AMERIQUE LATINE"},"content":{"rendered":"<table width=\"575\">\n<tbody>\n<tr>\n<td width=\"281\" valign=\"center\" height=\"208\" align=\"center\">\n<table width=\"41\" height=\"31\" cellspacing=\"1\" bgcolor=\"#666666\">\n<tbody>\n<tr>\n<td width=\"35\" height=\"44\" bgcolor=\"#ffffff\">\n<div align=\"center\"><a href=\"https:\/\/www.abc-latina.com\/amerique_latine\/photos\/photo_plage_copacabana_bresil_1.php\"><img loading=\"lazy\" decoding=\"async\" class=\" size-full wp-image-2452\" src=\"http:\/\/abc-latina.com\/wp-content\/uploads\/2010\/10\/rio_de_janeiro_copacabana_1p.jpg\" alt=\"\" width=\"200\" height=\"133\" border=\"0\" \/><\/a><\/div>\n<\/td>\n<\/tr>\n<\/tbody>\n<\/table>\n<table width=\"265\" border=\"0\">\n<tbody>\n<tr>\n<td valign=\"top\">\n<div align=\"center\"><font size=\"1\" face=\"Verdana, Arial, Helvetica, sans-serif\">Plage de Copacabana<br \/>Rio de  Janeiro &#8211; Br\u00e9sil<\/font><\/div>\n<\/td>\n<\/tr>\n<\/tbody>\n<\/table>\n<\/td>\n<td width=\"282\" valign=\"center\" height=\"208\" align=\"center\">\n<table width=\"41\" height=\"31\" cellspacing=\"1\" bgcolor=\"#666666\">\n<tbody>\n<tr>\n<td width=\"35\" height=\"44\" bgcolor=\"#ffffff\">\n<div align=\"center\"><a href=\"https:\/\/www.abc-latina.com\/amerique_latine\/photos\/photo_plage_cayo-largo-cuba-2.php\"><img loading=\"lazy\" decoding=\"async\" src=\"https:\/\/www.abc-latina.com\/cuba\/images\/cayo_largo\/cayo_largo_4p.jpg\" alt=\"\" width=\"200\" height=\"150\" border=\"0\" \/><\/a><\/div>\n<\/td>\n<\/tr>\n<\/tbody>\n<\/table>\n<table width=\"265\" border=\"0\">\n<tbody>\n<tr>\n<td valign=\"top\">\n<div align=\"center\"><font size=\"1\" face=\"Verdana, Arial, Helvetica, sans-serif\">Plage \u00e0 Cayo Largo<br \/>Cuba  <\/font><\/div>\n<\/td>\n<\/tr>\n<\/tbody>\n<\/table>\n<\/td>\n<\/tr>\n<tr>\n<td width=\"281\" valign=\"center\" height=\"208\" align=\"center\">\n<table width=\"41\" height=\"31\" cellspacing=\"1\" bgcolor=\"#666666\">\n<tbody>\n<tr>\n<td width=\"35\" height=\"44\" bgcolor=\"#ffffff\">\n<div align=\"center\"><a href=\"https:\/\/www.abc-latina.com\/amerique_latine\/photos\/photo_plage_mar-del-plata-argentine-3.php\"><img loading=\"lazy\" decoding=\"async\" class=\" size-full wp-image-2453\" src=\"http:\/\/abc-latina.com\/wp-content\/uploads\/2010\/10\/mar_del_plata_3p.jpg\" alt=\"\" width=\"200\" height=\"113\" border=\"0\" \/><\/a><\/div>\n<\/td>\n<\/tr>\n<\/tbody>\n<\/table>\n<table width=\"265\" border=\"0\">\n<tbody>\n<tr>\n<td valign=\"top\">\n<div align=\"center\"><font size=\"1\" face=\"Verdana, Arial, Helvetica, sans-serif\">Playa grande <br \/>Mar del plata &#8211;  Argentine<\/font><\/div>\n<\/td>\n<\/tr>\n<\/tbody>\n<\/table>\n<\/td>\n<td width=\"282\" valign=\"center\" height=\"208\" align=\"center\">\n<table width=\"41\" height=\"31\" cellspacing=\"1\" bgcolor=\"#666666\">\n<tbody>\n<tr>\n<td width=\"35\" height=\"44\" bgcolor=\"#ffffff\">\n<div align=\"center\"><a href=\"https:\/\/www.abc-latina.com\/amerique_latine\/photos\/photo_plage_roatan-honduras-4.php\"><img loading=\"lazy\" decoding=\"async\" class=\" size-full wp-image-2454\" src=\"http:\/\/abc-latina.com\/wp-content\/uploads\/2010\/10\/roatan-1p.jpg\" alt=\"\" width=\"200\" height=\"150\" border=\"0\" \/><\/a><\/div>\n<\/td>\n<\/tr>\n<\/tbody>\n<\/table>\n<table width=\"265\" border=\"0\">\n<tbody>\n<tr>\n<td valign=\"top\">\n<div align=\"center\"><font size=\"1\" face=\"Verdana, Arial, Helvetica, sans-serif\">Une  plage de Roatan<br \/>Honduras <\/font><\/div>\n<\/td>\n<\/tr>\n<\/tbody>\n<\/table>\n<\/td>\n<\/tr>\n<tr>\n<td width=\"281\" valign=\"center\" height=\"208\" align=\"center\">\n<table width=\"41\" height=\"31\" cellspacing=\"1\" bgcolor=\"#666666\">\n<tbody>\n<tr>\n<td width=\"35\" height=\"44\" bgcolor=\"#ffffff\">\n<div align=\"center\"><a href=\"https:\/\/www.abc-latina.com\/amerique_latine\/photos\/photo_plage_los-roques-venezuela-5.php\"><img loading=\"lazy\" decoding=\"async\" class=\" size-full wp-image-2455\" src=\"http:\/\/abc-latina.com\/wp-content\/uploads\/2010\/10\/los_roques_1p.jpg\" alt=\"\" width=\"200\" height=\"150\" border=\"0\" \/><\/a><\/div>\n<\/td>\n<\/tr>\n<\/tbody>\n<\/table>\n<table width=\"265\" border=\"0\">\n<tbody>\n<tr>\n<td valign=\"top\">\n<div align=\"center\"><font size=\"1\" face=\"Verdana, Arial, Helvetica, sans-serif\">Los  Roques &#8211; Venezuela<\/font><\/div>\n<\/td>\n<\/tr>\n<\/tbody>\n<\/table>\n<\/td>\n<td width=\"282\" valign=\"center\" height=\"208\" align=\"center\">&nbsp;&nbsp;<\/td>\n<\/tr>\n<\/tbody>\n<\/table>\n","protected":false},"excerpt":{"rendered":"<p>Plage de CopacabanaRio de Janeiro &#8211; Br\u00e9sil Plage \u00e0 Cayo LargoCuba Playa grande Mar del plata &#8211; Argentine Une plage [&hellip;]<\/p>\n","protected":false},"author":3,"featured_media":2452,"parent":2447,"menu_order":0,"comment_status":"closed","ping_status":"closed","template":"","meta":{"site-sidebar-layout":"default","site-content-layout":"","ast-site-content-layout":"default","site-content-style":"default","site-sidebar-style":"default","ast-global-header-display":"","ast-banner-title-visibility":"","ast-main-header-display":"","ast-hfb-above-header-display":"","ast-hfb-below-header-display":"","ast-hfb-mobile-header-display":"","site-post-title":"","ast-breadcrumbs-content":"","ast-featured-img":"","footer-sml-layout":"","ast-disable-related-posts":"","theme-transparent-header-meta":"","adv-header-id-meta":"","stick-header-meta":"","header-above-stick-meta":"","header-main-stick-meta":"","header-below-stick-meta":"","astra-migrate-meta-layouts":"default","ast-page-background-enabled":"default","ast-page-background-meta":{"desktop":{"background-color":"var(--ast-global-color-5)","background-image":"","background-repeat":"repeat","background-position":"center center","background-size":"auto","background-attachment":"scroll","background-type":"","background-media":"","overlay-type":"","overlay-color":"","overlay-opacity":"","overlay-gradient":""},"tablet":{"background-color":"","background-image":"","background-repeat":"repeat","background-position":"center center","background-size":"auto","background-attachment":"scroll","background-type":"","background-media":"","overlay-type":"","overlay-color":"","overlay-opacity":"","overlay-gradient":""},"mobile":{"background-color":"","background-image":"","background-repeat":"repeat","background-position":"center center","background-size":"auto","background-attachment":"scroll","background-type":"","background-media":"","overlay-type":"","overlay-color":"","overlay-opacity":"","overlay-gradient":""}},"ast-content-background-meta":{"desktop":{"background-color":"var(--ast-global-color-4)","background-image":"","background-repeat":"repeat","background-position":"center center","background-size":"auto","background-attachment":"scroll","background-type":"","background-media":"","overlay-type":"","overlay-color":"","overlay-opacity":"","overlay-gradient":""},"tablet":{"background-color":"var(--ast-global-color-4)","background-image":"","background-repeat":"repeat","background-position":"center center","background-size":"auto","background-attachment":"scroll","background-type":"","background-media":"","overlay-type":"","overlay-color":"","overlay-opacity":"","overlay-gradient":""},"mobile":{"background-color":"var(--ast-global-color-4)","background-image":"","background-repeat":"repeat","background-position":"center center","background-size":"auto","background-attachment":"scroll","background-type":"","background-media":"","overlay-type":"","overlay-color":"","overlay-opacity":"","overlay-gradient":""}},"footnotes":""},"class_list":["post-2456","page","type-page","status-publish","has-post-thumbnail","hentry"],"yoast_head":"<!-- This site is optimized with the Yoast SEO plugin v27.5 - https:\/\/yoast.com\/product\/yoast-seo-wordpress\/ -->\n<title>PHOTOS de PLAGES en AMERIQUE LATINE - Abc-latina<\/title>\n<meta name=\"description\" content=\"Photos des plus belles plages d&#039;Am\u00e9rique latine, Mexique, Cuba, Br\u00e9sil, Colombie, R\u00e9publique dominicaine, Belize, Honduras, Costa rica, Venezuela, Argentine, Uruguay, P\u00e9rou ...\" \/>\n<meta name=\"robots\" content=\"index, follow, max-snippet:-1, max-image-preview:large, max-video-preview:-1\" \/>\n<link rel=\"canonical\" href=\"https:\/\/abc-latina.com\/photos\/photos_plages_amerique-latine\/\" \/>\n<meta property=\"og:locale\" content=\"fr_FR\" \/>\n<meta property=\"og:type\" content=\"article\" \/>\n<meta property=\"og:title\" content=\"PHOTOS de PLAGES en AMERIQUE LATINE - Abc-latina\" \/>\n<meta property=\"og:description\" content=\"Photos des plus belles plages d&#039;Am\u00e9rique latine, Mexique, Cuba, Br\u00e9sil, Colombie, R\u00e9publique dominicaine, Belize, Honduras, Costa rica, Venezuela, Argentine, Uruguay, P\u00e9rou ...\" \/>\n<meta property=\"og:url\" content=\"https:\/\/abc-latina.com\/photos\/photos_plages_amerique-latine\/\" \/>\n<meta property=\"og:site_name\" content=\"Abc-latina\" \/>\n<meta property=\"article:modified_time\" content=\"2026-04-30T16:24:42+00:00\" \/>\n<meta property=\"og:image\" content=\"https:\/\/abc-latina.com\/wp-content\/uploads\/2010\/10\/rio_de_janeiro_copacabana_1p.jpg\" \/>\n\t<meta property=\"og:image:width\" content=\"200\" \/>\n\t<meta property=\"og:image:height\" content=\"133\" \/>\n\t<meta property=\"og:image:type\" content=\"image\/jpeg\" \/>\n<meta name=\"twitter:card\" content=\"summary_large_image\" \/>\n<script type=\"application\/ld+json\" class=\"yoast-schema-graph\">{\"@context\":\"https:\\\/\\\/schema.org\",\"@graph\":[{\"@type\":\"WebPage\",\"@id\":\"https:\\\/\\\/abc-latina.com\\\/photos\\\/photos_plages_amerique-latine\\\/\",\"url\":\"https:\\\/\\\/abc-latina.com\\\/photos\\\/photos_plages_amerique-latine\\\/\",\"name\":\"PHOTOS de PLAGES en AMERIQUE LATINE - Abc-latina\",\"isPartOf\":{\"@id\":\"https:\\\/\\\/abc-latina.com\\\/#website\"},\"primaryImageOfPage\":{\"@id\":\"https:\\\/\\\/abc-latina.com\\\/photos\\\/photos_plages_amerique-latine\\\/#primaryimage\"},\"image\":{\"@id\":\"https:\\\/\\\/abc-latina.com\\\/photos\\\/photos_plages_amerique-latine\\\/#primaryimage\"},\"thumbnailUrl\":\"https:\\\/\\\/abc-latina.com\\\/wp-content\\\/uploads\\\/2010\\\/10\\\/rio_de_janeiro_copacabana_1p.jpg\",\"datePublished\":\"2010-10-25T18:05:38+00:00\",\"dateModified\":\"2026-04-30T16:24:42+00:00\",\"description\":\"Photos des plus belles plages d'Am\u00e9rique latine, Mexique, Cuba, Br\u00e9sil, Colombie, R\u00e9publique dominicaine, Belize, Honduras, Costa rica, Venezuela, Argentine, Uruguay, P\u00e9rou ...\",\"breadcrumb\":{\"@id\":\"https:\\\/\\\/abc-latina.com\\\/photos\\\/photos_plages_amerique-latine\\\/#breadcrumb\"},\"inLanguage\":\"fr-FR\",\"potentialAction\":[{\"@type\":\"ReadAction\",\"target\":[\"https:\\\/\\\/abc-latina.com\\\/photos\\\/photos_plages_amerique-latine\\\/\"]}]},{\"@type\":\"ImageObject\",\"inLanguage\":\"fr-FR\",\"@id\":\"https:\\\/\\\/abc-latina.com\\\/photos\\\/photos_plages_amerique-latine\\\/#primaryimage\",\"url\":\"https:\\\/\\\/abc-latina.com\\\/wp-content\\\/uploads\\\/2010\\\/10\\\/rio_de_janeiro_copacabana_1p.jpg\",\"contentUrl\":\"https:\\\/\\\/abc-latina.com\\\/wp-content\\\/uploads\\\/2010\\\/10\\\/rio_de_janeiro_copacabana_1p.jpg\",\"width\":200,\"height\":133},{\"@type\":\"BreadcrumbList\",\"@id\":\"https:\\\/\\\/abc-latina.com\\\/photos\\\/photos_plages_amerique-latine\\\/#breadcrumb\",\"itemListElement\":[{\"@type\":\"ListItem\",\"position\":1,\"name\":\"Accueil\",\"item\":\"https:\\\/\\\/abc-latina.com\\\/\"},{\"@type\":\"ListItem\",\"position\":2,\"name\":\"PHOTOS de PLAGES en AMERIQUE LATINE\"}]},{\"@type\":\"WebSite\",\"@id\":\"https:\\\/\\\/abc-latina.com\\\/#website\",\"url\":\"https:\\\/\\\/abc-latina.com\\\/\",\"name\":\"Abc-latina\",\"description\":\"\",\"publisher\":{\"@id\":\"https:\\\/\\\/abc-latina.com\\\/#organization\"},\"potentialAction\":[{\"@type\":\"SearchAction\",\"target\":{\"@type\":\"EntryPoint\",\"urlTemplate\":\"https:\\\/\\\/abc-latina.com\\\/?s={search_term_string}\"},\"query-input\":{\"@type\":\"PropertyValueSpecification\",\"valueRequired\":true,\"valueName\":\"search_term_string\"}}],\"inLanguage\":\"fr-FR\"},{\"@type\":\"Organization\",\"@id\":\"https:\\\/\\\/abc-latina.com\\\/#organization\",\"name\":\"Abc-latina\",\"url\":\"https:\\\/\\\/abc-latina.com\\\/\",\"logo\":{\"@type\":\"ImageObject\",\"inLanguage\":\"fr-FR\",\"@id\":\"https:\\\/\\\/abc-latina.com\\\/#\\\/schema\\\/logo\\\/image\\\/\",\"url\":\"https:\\\/\\\/abc-latina.com\\\/wp-content\\\/uploads\\\/2026\\\/05\\\/cropped-logo.gif\",\"contentUrl\":\"https:\\\/\\\/abc-latina.com\\\/wp-content\\\/uploads\\\/2026\\\/05\\\/cropped-logo.gif\",\"width\":89,\"height\":84,\"caption\":\"Abc-latina\"},\"image\":{\"@id\":\"https:\\\/\\\/abc-latina.com\\\/#\\\/schema\\\/logo\\\/image\\\/\"}}]}<\/script>\n<!-- \/ Yoast SEO plugin. -->","yoast_head_json":{"title":"PHOTOS de PLAGES en AMERIQUE LATINE - Abc-latina","description":"Photos des plus belles plages d'Am\u00e9rique latine, Mexique, Cuba, Br\u00e9sil, Colombie, R\u00e9publique dominicaine, Belize, Honduras, Costa rica, Venezuela, Argentine, Uruguay, P\u00e9rou ...","robots":{"index":"index","follow":"follow","max-snippet":"max-snippet:-1","max-image-preview":"max-image-preview:large","max-video-preview":"max-video-preview:-1"},"canonical":"https:\/\/abc-latina.com\/photos\/photos_plages_amerique-latine\/","og_locale":"fr_FR","og_type":"article","og_title":"PHOTOS de PLAGES en AMERIQUE LATINE - Abc-latina","og_description":"Photos des plus belles plages d'Am\u00e9rique latine, Mexique, Cuba, Br\u00e9sil, Colombie, R\u00e9publique dominicaine, Belize, Honduras, Costa rica, Venezuela, Argentine, Uruguay, P\u00e9rou ...","og_url":"https:\/\/abc-latina.com\/photos\/photos_plages_amerique-latine\/","og_site_name":"Abc-latina","article_modified_time":"2026-04-30T16:24:42+00:00","og_image":[{"width":200,"height":133,"url":"https:\/\/abc-latina.com\/wp-content\/uploads\/2010\/10\/rio_de_janeiro_copacabana_1p.jpg","type":"image\/jpeg"}],"twitter_card":"summary_large_image","schema":{"@context":"https:\/\/schema.org","@graph":[{"@type":"WebPage","@id":"https:\/\/abc-latina.com\/photos\/photos_plages_amerique-latine\/","url":"https:\/\/abc-latina.com\/photos\/photos_plages_amerique-latine\/","name":"PHOTOS de PLAGES en AMERIQUE LATINE - Abc-latina","isPartOf":{"@id":"https:\/\/abc-latina.com\/#website"},"primaryImageOfPage":{"@id":"https:\/\/abc-latina.com\/photos\/photos_plages_amerique-latine\/#primaryimage"},"image":{"@id":"https:\/\/abc-latina.com\/photos\/photos_plages_amerique-latine\/#primaryimage"},"thumbnailUrl":"https:\/\/abc-latina.com\/wp-content\/uploads\/2010\/10\/rio_de_janeiro_copacabana_1p.jpg","datePublished":"2010-10-25T18:05:38+00:00","dateModified":"2026-04-30T16:24:42+00:00","description":"Photos des plus belles plages d'Am\u00e9rique latine, Mexique, Cuba, Br\u00e9sil, Colombie, R\u00e9publique dominicaine, Belize, Honduras, Costa rica, Venezuela, Argentine, Uruguay, P\u00e9rou ...","breadcrumb":{"@id":"https:\/\/abc-latina.com\/photos\/photos_plages_amerique-latine\/#breadcrumb"},"inLanguage":"fr-FR","potentialAction":[{"@type":"ReadAction","target":["https:\/\/abc-latina.com\/photos\/photos_plages_amerique-latine\/"]}]},{"@type":"ImageObject","inLanguage":"fr-FR","@id":"https:\/\/abc-latina.com\/photos\/photos_plages_amerique-latine\/#primaryimage","url":"https:\/\/abc-latina.com\/wp-content\/uploads\/2010\/10\/rio_de_janeiro_copacabana_1p.jpg","contentUrl":"https:\/\/abc-latina.com\/wp-content\/uploads\/2010\/10\/rio_de_janeiro_copacabana_1p.jpg","width":200,"height":133},{"@type":"BreadcrumbList","@id":"https:\/\/abc-latina.com\/photos\/photos_plages_amerique-latine\/#breadcrumb","itemListElement":[{"@type":"ListItem","position":1,"name":"Accueil","item":"https:\/\/abc-latina.com\/"},{"@type":"ListItem","position":2,"name":"PHOTOS de PLAGES en AMERIQUE LATINE"}]},{"@type":"WebSite","@id":"https:\/\/abc-latina.com\/#website","url":"https:\/\/abc-latina.com\/","name":"Abc-latina","description":"","publisher":{"@id":"https:\/\/abc-latina.com\/#organization"},"potentialAction":[{"@type":"SearchAction","target":{"@type":"EntryPoint","urlTemplate":"https:\/\/abc-latina.com\/?s={search_term_string}"},"query-input":{"@type":"PropertyValueSpecification","valueRequired":true,"valueName":"search_term_string"}}],"inLanguage":"fr-FR"},{"@type":"Organization","@id":"https:\/\/abc-latina.com\/#organization","name":"Abc-latina","url":"https:\/\/abc-latina.com\/","logo":{"@type":"ImageObject","inLanguage":"fr-FR","@id":"https:\/\/abc-latina.com\/#\/schema\/logo\/image\/","url":"https:\/\/abc-latina.com\/wp-content\/uploads\/2026\/05\/cropped-logo.gif","contentUrl":"https:\/\/abc-latina.com\/wp-content\/uploads\/2026\/05\/cropped-logo.gif","width":89,"height":84,"caption":"Abc-latina"},"image":{"@id":"https:\/\/abc-latina.com\/#\/schema\/logo\/image\/"}}]}},"_links":{"self":[{"href":"https:\/\/abc-latina.com\/wp-json\/wp\/v2\/pages\/2456","targetHints":{"allow":["GET"]}}],"collection":[{"href":"https:\/\/abc-latina.com\/wp-json\/wp\/v2\/pages"}],"about":[{"href":"https:\/\/abc-latina.com\/wp-json\/wp\/v2\/types\/page"}],"author":[{"embeddable":true,"href":"https:\/\/abc-latina.com\/wp-json\/wp\/v2\/users\/3"}],"replies":[{"embeddable":true,"href":"https:\/\/abc-latina.com\/wp-json\/wp\/v2\/comments?post=2456"}],"version-history":[{"count":1,"href":"https:\/\/abc-latina.com\/wp-json\/wp\/v2\/pages\/2456\/revisions"}],"predecessor-version":[{"id":3008,"href":"https:\/\/abc-latina.com\/wp-json\/wp\/v2\/pages\/2456\/revisions\/3008"}],"up":[{"embeddable":true,"href":"https:\/\/abc-latina.com\/wp-json\/wp\/v2\/pages\/2447"}],"wp:featuredmedia":[{"embeddable":true,"href":"https:\/\/abc-latina.com\/wp-json\/wp\/v2\/media\/2452"}],"wp:attachment":[{"href":"https:\/\/abc-latina.com\/wp-json\/wp\/v2\/media?parent=2456"}],"curies":[{"name":"wp","href":"https:\/\/api.w.org\/{rel}","templated":true}]}}