{"id":2482,"date":"2010-10-26T19:31:05","date_gmt":"2010-10-26T17:31:05","guid":{"rendered":"http:\/\/abc-latina.com\/index-php-11\/"},"modified":"2026-04-30T18:25:34","modified_gmt":"2026-04-30T16:25:34","slug":"index","status":"publish","type":"page","link":"https:\/\/abc-latina.com\/venezuela\/index\/","title":{"rendered":"Les ETATS du VENEZUELA"},"content":{"rendered":"<p style=\"text-align: center; \"><b style=\"font-family: Arial, Helvetica, sans-serif; font-size: small; color: rgb(113, 113, 113); font-style: italic;\"><font size=\"4\">L<\/font><\/b><span style=\"font-family: Arial, Helvetica, sans-serif; font-size: small; color: rgb(113, 113, 113); font-style: italic;\">e Venezuela est divis\u00e9 en 23 \u00c9tats (estados), un district f\u00e9d\u00e9ral (Distrito Federal) et des d\u00e9pendances f\u00e9d\u00e9rales (Dependencias Federales).<\/span><\/p>\n<div align=\"justify\">\n<div align=\"justify\">\n<table width=\"95%\" border=\"0\" align=\"center\">\n<tbody>\n<tr valign=\"middle\">\n<td height=\"24\"><b><font size=\"2\" face=\"Arial, Helvetica, sans-serif\" color=\"#FF8000\">Etats<\/font><\/b><\/td>\n<td height=\"24\"><b><font size=\"2\" face=\"Arial, Helvetica, sans-serif\" color=\"#FF8000\">Capitales<\/font><\/b><\/td>\n<td height=\"24\">\n<div align=\"right\"><font color=\"#FF8000\"><b><font size=\"2\" face=\"Arial, Helvetica, sans-serif\">Pop. 2005<\/font><\/b><\/font><\/div>\n<\/td>\n<\/tr>\n<tr>\n<td><font size=\"2\" face=\"Arial, Helvetica, sans-serif\">Amazonas<\/font><\/td>\n<td><font size=\"2\" face=\"Arial, Helvetica, sans-serif\" color=\"#333333\">Puerto Ayacucho<\/font><\/td>\n<td>\n<div align=\"right\"><font size=\"2\" face=\"Arial, Helvetica, sans-serif\">136 506<\/font><\/div>\n<\/td>\n<\/tr>\n<tr>\n<td><font size=\"2\" face=\"Arial, Helvetica, sans-serif\">Anzo\u00e1tegui<\/font><\/td>\n<td><font size=\"2\" face=\"Arial, Helvetica, sans-serif\" color=\"#333333\">Barcelona<\/font><\/td>\n<td>\n<div align=\"right\"><font size=\"2\" face=\"Arial, Helvetica, sans-serif\">1 440 876<\/font><\/div>\n<\/td>\n<\/tr>\n<tr>\n<td><font size=\"2\" face=\"Arial, Helvetica, sans-serif\">Apure<\/font><\/td>\n<td><font size=\"2\" face=\"Arial, Helvetica, sans-serif\" color=\"#333333\">San Fernando de Apure<\/font><\/td>\n<td>\n<div align=\"right\"><font size=\"2\" face=\"Arial, Helvetica, sans-serif\">457 685<\/font><\/div>\n<\/td>\n<\/tr>\n<tr>\n<td><font size=\"2\" face=\"Arial, Helvetica, sans-serif\">Aragua<\/font><\/td>\n<td><font size=\"2\" face=\"Arial, Helvetica, sans-serif\" color=\"#333333\">Maracay<\/font><\/td>\n<td>\n<div align=\"right\"><font size=\"2\" face=\"Arial, Helvetica, sans-serif\">1 629 433<\/font><\/div>\n<\/td>\n<\/tr>\n<tr>\n<td><font size=\"2\" face=\"Arial, Helvetica, sans-serif\">Barinas<\/font><\/td>\n<td><font size=\"2\" face=\"Arial, Helvetica, sans-serif\" color=\"#333333\">Barinas<\/font><\/td>\n<td>\n<div align=\"right\"><font size=\"2\" face=\"Arial, Helvetica, sans-serif\">730 407<\/font><\/div>\n<\/td>\n<\/tr>\n<tr>\n<td><font size=\"2\" face=\"Arial, Helvetica, sans-serif\">Bol\u00edvar<\/font><\/td>\n<td><font size=\"2\" face=\"Arial, Helvetica, sans-serif\" color=\"#333333\">Ciudad Bol\u00edvar<\/font><\/td>\n<td>\n<div align=\"right\"><font size=\"2\" face=\"Arial, Helvetica, sans-serif\">1 490 612<\/font><\/div>\n<\/td>\n<\/tr>\n<tr>\n<td><font size=\"2\" face=\"Arial, Helvetica, sans-serif\">Carabobo<\/font><\/td>\n<td><font size=\"2\" face=\"Arial, Helvetica, sans-serif\" color=\"#333333\">Valencia<\/font><\/td>\n<td>\n<div align=\"right\"><font size=\"2\" face=\"Arial, Helvetica, sans-serif\">2 106 264<\/font><\/div>\n<\/td>\n<\/tr>\n<tr>\n<td><font size=\"2\" face=\"Arial, Helvetica, sans-serif\">Cojedes<\/font><\/td>\n<td><font size=\"2\" face=\"Arial, Helvetica, sans-serif\" color=\"#333333\">San Carlos<\/font><\/td>\n<td>\n<div align=\"right\"><font size=\"2\" face=\"Arial, Helvetica, sans-serif\">291 234<\/font><\/div>\n<\/td>\n<\/tr>\n<tr>\n<td><font size=\"2\" face=\"Arial, Helvetica, sans-serif\">Delta Amacuro<\/font><\/td>\n<td><font size=\"2\" face=\"Arial, Helvetica, sans-serif\" color=\"#333333\">Tucupita<\/font><\/td>\n<td>\n<div align=\"right\"><font size=\"2\" face=\"Arial, Helvetica, sans-serif\">149 427<\/font><\/div>\n<\/td>\n<\/tr>\n<tr>\n<td><font size=\"2\" face=\"Arial, Helvetica, sans-serif\">Falc\u00f3n<\/font><\/td>\n<td><font size=\"2\" face=\"Arial, Helvetica, sans-serif\" color=\"#333333\">Coro<\/font><\/td>\n<td>\n<div align=\"right\"><font size=\"2\" face=\"Arial, Helvetica, sans-serif\">877 386<\/font><\/div>\n<\/td>\n<\/tr>\n<tr>\n<td><font size=\"2\" face=\"Arial, Helvetica, sans-serif\">Gu\u00e1rico<\/font><\/td>\n<td><font size=\"2\" face=\"Arial, Helvetica, sans-serif\" color=\"#333333\">San Juan de Los Morros<\/font><\/td>\n<td>\n<div align=\"right\"><font size=\"2\" face=\"Arial, Helvetica, sans-serif\">723 965<\/font><\/div>\n<\/td>\n<\/tr>\n<tr>\n<td><font size=\"2\" face=\"Arial, Helvetica, sans-serif\">Lara<\/font><\/td>\n<td><font size=\"2\" face=\"Arial, Helvetica, sans-serif\" color=\"#333333\">Barquisimeto<\/font><\/td>\n<td>\n<div align=\"right\"><font size=\"2\" face=\"Arial, Helvetica, sans-serif\">1 751 625<\/font><\/div>\n<\/td>\n<\/tr>\n<tr>\n<td><font size=\"2\" face=\"Arial, Helvetica, sans-serif\">M\u00e9rida<\/font><\/td>\n<td><font size=\"2\" face=\"Arial, Helvetica, sans-serif\" color=\"#333333\">M\u00e9rida<\/font><\/td>\n<td>\n<div align=\"right\"><font size=\"2\" face=\"Arial, Helvetica, sans-serif\">819 760<\/font><\/div>\n<\/td>\n<\/tr>\n<tr>\n<td><font size=\"2\" face=\"Arial, Helvetica, sans-serif\">Miranda<\/font><\/td>\n<td><font size=\"2\" face=\"Arial, Helvetica, sans-serif\" color=\"#333333\">Los Teques<\/font><\/td>\n<td>\n<div align=\"right\"><font size=\"2\" face=\"Arial, Helvetica, sans-serif\">2 789 073<\/font><\/div>\n<\/td>\n<\/tr>\n<tr>\n<td><font size=\"2\" face=\"Arial, Helvetica, sans-serif\">Monagas<\/font><\/td>\n<td><font size=\"2\" face=\"Arial, Helvetica, sans-serif\" color=\"#333333\">Matur\u00edn<\/font><\/td>\n<td>\n<div align=\"right\"><font size=\"2\" face=\"Arial, Helvetica, sans-serif\">828 363<\/font><\/div>\n<\/td>\n<\/tr>\n<tr>\n<td><font size=\"2\" face=\"Arial, Helvetica, sans-serif\">Nueva Esparta<\/font><\/td>\n<td><font size=\"2\" face=\"Arial, Helvetica, sans-serif\" color=\"#333333\">La Asunci\u00f3n<\/font><\/td>\n<td>\n<div align=\"right\"><font size=\"2\" face=\"Arial, Helvetica, sans-serif\">426 337<\/font><\/div>\n<\/td>\n<\/tr>\n<tr>\n<td><font size=\"2\" face=\"Arial, Helvetica, sans-serif\">Portuguesa<\/font><\/td>\n<td><font size=\"2\" face=\"Arial, Helvetica, sans-serif\" color=\"#333333\">Guanare<\/font><\/td>\n<td>\n<div align=\"right\"><font size=\"2\" face=\"Arial, Helvetica, sans-serif\">848 259<\/font><\/div>\n<\/td>\n<\/tr>\n<tr>\n<td><font size=\"2\" face=\"Arial, Helvetica, sans-serif\">Sucre<\/font><\/td>\n<td><font size=\"2\" face=\"Arial, Helvetica, sans-serif\" color=\"#333333\">Cuman\u00e1<\/font><\/td>\n<td>\n<div align=\"right\"><font size=\"2\" face=\"Arial, Helvetica, sans-serif\">895 978<\/font><\/div>\n<\/td>\n<\/tr>\n<tr>\n<td><font size=\"2\" face=\"Arial, Helvetica, sans-serif\">T\u00e1chira<\/font><\/td>\n<td><font size=\"2\" face=\"Arial, Helvetica, sans-serif\" color=\"#333333\">San Crist\u00f3bal<\/font><\/td>\n<td>\n<div align=\"right\"><font size=\"2\" face=\"Arial, Helvetica, sans-serif\">1 145 374<\/font><\/div>\n<\/td>\n<\/tr>\n<tr>\n<td><font size=\"2\" face=\"Arial, Helvetica, sans-serif\">Trujillo<\/font><\/td>\n<td><font size=\"2\" face=\"Arial, Helvetica, sans-serif\" color=\"#333333\">Trujillo<\/font><\/td>\n<td>\n<div align=\"right\"><font size=\"2\" face=\"Arial, Helvetica, sans-serif\">691 908<\/font><\/div>\n<\/td>\n<\/tr>\n<tr>\n<td><font size=\"2\" face=\"Arial, Helvetica, sans-serif\">Vargas<\/font><\/td>\n<td><font size=\"2\" face=\"Arial, Helvetica, sans-serif\" color=\"#333333\">La Guaira<\/font><\/td>\n<td>\n<div align=\"right\"><font size=\"2\" face=\"Arial, Helvetica, sans-serif\">329 447<\/font><\/div>\n<\/td>\n<\/tr>\n<tr>\n<td><font size=\"2\" face=\"Arial, Helvetica, sans-serif\">Yaracuy<\/font><\/td>\n<td><font size=\"2\" face=\"Arial, Helvetica, sans-serif\" color=\"#333333\">San Felipe<\/font><\/td>\n<td>\n<div align=\"right\"><font size=\"2\" face=\"Arial, Helvetica, sans-serif\">499 049<\/font><\/div>\n<\/td>\n<\/tr>\n<tr>\n<td><font size=\"2\" face=\"Arial, Helvetica, sans-serif\">Zulia<\/font><\/td>\n<td><font size=\"2\" face=\"Arial, Helvetica, sans-serif\" color=\"#333333\">Maracaibo<\/font><\/td>\n<td>\n<div align=\"right\"><font size=\"2\" face=\"Arial, Helvetica, sans-serif\">3 520 376<\/font><\/div>\n<\/td>\n<\/tr>\n<tr>\n<td>&nbsp;<\/td>\n<td>&nbsp;<\/td>\n<td>\n<div align=\"right\">&nbsp;<\/div>\n<\/td>\n<\/tr>\n<tr>\n<td><font size=\"2\" face=\"Arial, Helvetica, sans-serif\">District f\u00e9d\u00e9ral<\/font><\/td>\n<td><font size=\"2\" face=\"Arial, Helvetica, sans-serif\" color=\"#333333\">Caracas<\/font><\/td>\n<td>\n<div align=\"right\"><font size=\"2\" face=\"Arial, Helvetica, sans-serif\">2 284 921<\/font><\/div>\n<\/td>\n<\/tr>\n<tr>\n<td>&nbsp;<\/td>\n<td>&nbsp;<\/td>\n<td>\n<div align=\"right\">&nbsp;<\/div>\n<\/td>\n<\/tr>\n<tr>\n<td><font size=\"2\" face=\"Arial, Helvetica, sans-serif\">D\u00e9pendances F\u00e9d\u00e9rales<\/font><\/td>\n<td>&nbsp;<\/td>\n<td>\n<div align=\"right\"><font size=\"2\" face=\"Arial, Helvetica, sans-serif\">2 245<\/font><\/div>\n<\/td>\n<\/tr>\n<\/tbody>\n<\/table>\n<\/div>\n<\/div>\n","protected":false},"excerpt":{"rendered":"<p>Le Venezuela est divis\u00e9 en 23 \u00c9tats (estados), un district f\u00e9d\u00e9ral (Distrito Federal) et des d\u00e9pendances f\u00e9d\u00e9rales (Dependencias Federales). Etats [&hellip;]<\/p>\n","protected":false},"author":3,"featured_media":0,"parent":2320,"menu_order":0,"comment_status":"closed","ping_status":"closed","template":"","meta":{"site-sidebar-layout":"default","site-content-layout":"","ast-site-content-layout":"default","site-content-style":"default","site-sidebar-style":"default","ast-global-header-display":"","ast-banner-title-visibility":"","ast-main-header-display":"","ast-hfb-above-header-display":"","ast-hfb-below-header-display":"","ast-hfb-mobile-header-display":"","site-post-title":"","ast-breadcrumbs-content":"","ast-featured-img":"","footer-sml-layout":"","ast-disable-related-posts":"","theme-transparent-header-meta":"","adv-header-id-meta":"","stick-header-meta":"","header-above-stick-meta":"","header-main-stick-meta":"","header-below-stick-meta":"","astra-migrate-meta-layouts":"default","ast-page-background-enabled":"default","ast-page-background-meta":{"desktop":{"background-color":"var(--ast-global-color-5)","background-image":"","background-repeat":"repeat","background-position":"center center","background-size":"auto","background-attachment":"scroll","background-type":"","background-media":"","overlay-type":"","overlay-color":"","overlay-opacity":"","overlay-gradient":""},"tablet":{"background-color":"","background-image":"","background-repeat":"repeat","background-position":"center center","background-size":"auto","background-attachment":"scroll","background-type":"","background-media":"","overlay-type":"","overlay-color":"","overlay-opacity":"","overlay-gradient":""},"mobile":{"background-color":"","background-image":"","background-repeat":"repeat","background-position":"center center","background-size":"auto","background-attachment":"scroll","background-type":"","background-media":"","overlay-type":"","overlay-color":"","overlay-opacity":"","overlay-gradient":""}},"ast-content-background-meta":{"desktop":{"background-color":"var(--ast-global-color-4)","background-image":"","background-repeat":"repeat","background-position":"center center","background-size":"auto","background-attachment":"scroll","background-type":"","background-media":"","overlay-type":"","overlay-color":"","overlay-opacity":"","overlay-gradient":""},"tablet":{"background-color":"var(--ast-global-color-4)","background-image":"","background-repeat":"repeat","background-position":"center center","background-size":"auto","background-attachment":"scroll","background-type":"","background-media":"","overlay-type":"","overlay-color":"","overlay-opacity":"","overlay-gradient":""},"mobile":{"background-color":"var(--ast-global-color-4)","background-image":"","background-repeat":"repeat","background-position":"center center","background-size":"auto","background-attachment":"scroll","background-type":"","background-media":"","overlay-type":"","overlay-color":"","overlay-opacity":"","overlay-gradient":""}},"footnotes":""},"class_list":["post-2482","page","type-page","status-publish","hentry"],"yoast_head":"<!-- This site is optimized with the Yoast SEO plugin v27.5 - https:\/\/yoast.com\/product\/yoast-seo-wordpress\/ -->\n<title>Les ETATS du VENEZUELA - Abc-latina<\/title>\n<meta name=\"description\" content=\"Les \u00c9tats du Venezuela.\" \/>\n<meta name=\"robots\" content=\"index, follow, max-snippet:-1, max-image-preview:large, max-video-preview:-1\" \/>\n<link rel=\"canonical\" href=\"https:\/\/abc-latina.com\/venezuela\/index\/\" \/>\n<meta property=\"og:locale\" content=\"fr_FR\" \/>\n<meta property=\"og:type\" content=\"article\" \/>\n<meta property=\"og:title\" content=\"Les ETATS du VENEZUELA - Abc-latina\" \/>\n<meta property=\"og:description\" content=\"Les \u00c9tats du Venezuela.\" \/>\n<meta property=\"og:url\" content=\"https:\/\/abc-latina.com\/venezuela\/index\/\" \/>\n<meta property=\"og:site_name\" content=\"Abc-latina\" \/>\n<meta property=\"article:modified_time\" content=\"2026-04-30T16:25:34+00:00\" \/>\n<meta name=\"twitter:card\" content=\"summary_large_image\" \/>\n<script type=\"application\/ld+json\" class=\"yoast-schema-graph\">{\"@context\":\"https:\\\/\\\/schema.org\",\"@graph\":[{\"@type\":\"WebPage\",\"@id\":\"https:\\\/\\\/abc-latina.com\\\/venezuela\\\/index\\\/\",\"url\":\"https:\\\/\\\/abc-latina.com\\\/venezuela\\\/index\\\/\",\"name\":\"Les ETATS du VENEZUELA - Abc-latina\",\"isPartOf\":{\"@id\":\"https:\\\/\\\/abc-latina.com\\\/#website\"},\"datePublished\":\"2010-10-26T17:31:05+00:00\",\"dateModified\":\"2026-04-30T16:25:34+00:00\",\"description\":\"Les \u00c9tats du Venezuela.\",\"breadcrumb\":{\"@id\":\"https:\\\/\\\/abc-latina.com\\\/venezuela\\\/index\\\/#breadcrumb\"},\"inLanguage\":\"fr-FR\",\"potentialAction\":[{\"@type\":\"ReadAction\",\"target\":[\"https:\\\/\\\/abc-latina.com\\\/venezuela\\\/index\\\/\"]}]},{\"@type\":\"BreadcrumbList\",\"@id\":\"https:\\\/\\\/abc-latina.com\\\/venezuela\\\/index\\\/#breadcrumb\",\"itemListElement\":[{\"@type\":\"ListItem\",\"position\":1,\"name\":\"Accueil\",\"item\":\"https:\\\/\\\/abc-latina.com\\\/\"},{\"@type\":\"ListItem\",\"position\":2,\"name\":\"Les ETATS du VENEZUELA\"}]},{\"@type\":\"WebSite\",\"@id\":\"https:\\\/\\\/abc-latina.com\\\/#website\",\"url\":\"https:\\\/\\\/abc-latina.com\\\/\",\"name\":\"Abc-latina\",\"description\":\"\",\"publisher\":{\"@id\":\"https:\\\/\\\/abc-latina.com\\\/#organization\"},\"potentialAction\":[{\"@type\":\"SearchAction\",\"target\":{\"@type\":\"EntryPoint\",\"urlTemplate\":\"https:\\\/\\\/abc-latina.com\\\/?s={search_term_string}\"},\"query-input\":{\"@type\":\"PropertyValueSpecification\",\"valueRequired\":true,\"valueName\":\"search_term_string\"}}],\"inLanguage\":\"fr-FR\"},{\"@type\":\"Organization\",\"@id\":\"https:\\\/\\\/abc-latina.com\\\/#organization\",\"name\":\"Abc-latina\",\"url\":\"https:\\\/\\\/abc-latina.com\\\/\",\"logo\":{\"@type\":\"ImageObject\",\"inLanguage\":\"fr-FR\",\"@id\":\"https:\\\/\\\/abc-latina.com\\\/#\\\/schema\\\/logo\\\/image\\\/\",\"url\":\"https:\\\/\\\/abc-latina.com\\\/wp-content\\\/uploads\\\/2026\\\/05\\\/cropped-logo.gif\",\"contentUrl\":\"https:\\\/\\\/abc-latina.com\\\/wp-content\\\/uploads\\\/2026\\\/05\\\/cropped-logo.gif\",\"width\":89,\"height\":84,\"caption\":\"Abc-latina\"},\"image\":{\"@id\":\"https:\\\/\\\/abc-latina.com\\\/#\\\/schema\\\/logo\\\/image\\\/\"}}]}<\/script>\n<!-- \/ Yoast SEO plugin. -->","yoast_head_json":{"title":"Les ETATS du VENEZUELA - Abc-latina","description":"Les \u00c9tats du Venezuela.","robots":{"index":"index","follow":"follow","max-snippet":"max-snippet:-1","max-image-preview":"max-image-preview:large","max-video-preview":"max-video-preview:-1"},"canonical":"https:\/\/abc-latina.com\/venezuela\/index\/","og_locale":"fr_FR","og_type":"article","og_title":"Les ETATS du VENEZUELA - Abc-latina","og_description":"Les \u00c9tats du Venezuela.","og_url":"https:\/\/abc-latina.com\/venezuela\/index\/","og_site_name":"Abc-latina","article_modified_time":"2026-04-30T16:25:34+00:00","twitter_card":"summary_large_image","schema":{"@context":"https:\/\/schema.org","@graph":[{"@type":"WebPage","@id":"https:\/\/abc-latina.com\/venezuela\/index\/","url":"https:\/\/abc-latina.com\/venezuela\/index\/","name":"Les ETATS du VENEZUELA - Abc-latina","isPartOf":{"@id":"https:\/\/abc-latina.com\/#website"},"datePublished":"2010-10-26T17:31:05+00:00","dateModified":"2026-04-30T16:25:34+00:00","description":"Les \u00c9tats du Venezuela.","breadcrumb":{"@id":"https:\/\/abc-latina.com\/venezuela\/index\/#breadcrumb"},"inLanguage":"fr-FR","potentialAction":[{"@type":"ReadAction","target":["https:\/\/abc-latina.com\/venezuela\/index\/"]}]},{"@type":"BreadcrumbList","@id":"https:\/\/abc-latina.com\/venezuela\/index\/#breadcrumb","itemListElement":[{"@type":"ListItem","position":1,"name":"Accueil","item":"https:\/\/abc-latina.com\/"},{"@type":"ListItem","position":2,"name":"Les ETATS du VENEZUELA"}]},{"@type":"WebSite","@id":"https:\/\/abc-latina.com\/#website","url":"https:\/\/abc-latina.com\/","name":"Abc-latina","description":"","publisher":{"@id":"https:\/\/abc-latina.com\/#organization"},"potentialAction":[{"@type":"SearchAction","target":{"@type":"EntryPoint","urlTemplate":"https:\/\/abc-latina.com\/?s={search_term_string}"},"query-input":{"@type":"PropertyValueSpecification","valueRequired":true,"valueName":"search_term_string"}}],"inLanguage":"fr-FR"},{"@type":"Organization","@id":"https:\/\/abc-latina.com\/#organization","name":"Abc-latina","url":"https:\/\/abc-latina.com\/","logo":{"@type":"ImageObject","inLanguage":"fr-FR","@id":"https:\/\/abc-latina.com\/#\/schema\/logo\/image\/","url":"https:\/\/abc-latina.com\/wp-content\/uploads\/2026\/05\/cropped-logo.gif","contentUrl":"https:\/\/abc-latina.com\/wp-content\/uploads\/2026\/05\/cropped-logo.gif","width":89,"height":84,"caption":"Abc-latina"},"image":{"@id":"https:\/\/abc-latina.com\/#\/schema\/logo\/image\/"}}]}},"_links":{"self":[{"href":"https:\/\/abc-latina.com\/wp-json\/wp\/v2\/pages\/2482","targetHints":{"allow":["GET"]}}],"collection":[{"href":"https:\/\/abc-latina.com\/wp-json\/wp\/v2\/pages"}],"about":[{"href":"https:\/\/abc-latina.com\/wp-json\/wp\/v2\/types\/page"}],"author":[{"embeddable":true,"href":"https:\/\/abc-latina.com\/wp-json\/wp\/v2\/users\/3"}],"replies":[{"embeddable":true,"href":"https:\/\/abc-latina.com\/wp-json\/wp\/v2\/comments?post=2482"}],"version-history":[{"count":2,"href":"https:\/\/abc-latina.com\/wp-json\/wp\/v2\/pages\/2482\/revisions"}],"predecessor-version":[{"id":4123,"href":"https:\/\/abc-latina.com\/wp-json\/wp\/v2\/pages\/2482\/revisions\/4123"}],"up":[{"embeddable":true,"href":"https:\/\/abc-latina.com\/wp-json\/wp\/v2\/pages\/2320"}],"wp:attachment":[{"href":"https:\/\/abc-latina.com\/wp-json\/wp\/v2\/media?parent=2482"}],"curies":[{"name":"wp","href":"https:\/\/api.w.org\/{rel}","templated":true}]}}