{"id":249,"date":"2010-06-04T02:56:35","date_gmt":"2010-06-04T00:56:35","guid":{"rendered":"http:\/\/abc-latina.com\/le_sud-htm\/"},"modified":"2018-06-12T11:26:39","modified_gmt":"2018-06-12T09:26:39","slug":"le_sud","status":"publish","type":"page","link":"https:\/\/abc-latina.com\/costarica\/le_sud\/","title":{"rendered":"le SUD"},"content":{"rendered":"<div>Le sud-ouest du Costa Rica est certainement l&rsquo;un des endroits o\u00f9 l&rsquo;on trouve le plus grand nombre de r\u00e9serves naturelles et de tribus indiennes.<\/div>\n<div>La r\u00e9gion est bien desservie par l&rsquo;interam\u00e9ricana, mais deux grands territoires sont rest\u00e9es sauvages : la p\u00e9ninsule d&rsquo;Osa et la cordill\u00e8re de Talamanca, r\u00e9serve mondiale de la biosph\u00e8re.<\/div>\n<div>&nbsp;<\/div>\n<div><span class=\"tourisme-chapitre\">La r\u00e9serve de la biosph\u00e8re La Amistad<\/span> rassemble une diversit\u00e9 de sites prot\u00e9g\u00e9s, couvrants 12 % du territoire costaricien. Le territoire s&rsquo;ordonne en dix secteurs correspondants \u00e0 dix parcs nationaux, r\u00e9serves et aires prot\u00e9g\u00e9es. Il comprend, notamment, le parc national la Amistad, le parc national Chirrip\u00f3, la r\u00e9serve biologique Hitoy Cerere, la r\u00e9serve de vie sauvage de Tapant\u00ed, huit r\u00e9serves indig\u00e8nes et les jardins botaniques Wilson. Constitu\u00e9e selon des imp\u00e9ratifs strictement \u00e9cologiques, cette immense terre est transnationale et couvre une partie du Panama voisin.<\/div>\n<div>&nbsp;<\/div>\n<div><span class=\"tourisme-chapitre\">Le parc national de Chirrip\u00f3<\/span> s&rsquo;\u00e9tend sur 43 700 ha derri\u00e8re les sommets de la cordill\u00e8re de Talamanca dont le plus haut, le Chirrip\u00f3, culmine \u00e0 3820 m. Le parc appartient \u00e0 la r\u00e9serve de la biosph\u00e8re La Amistad et pr\u00e9sente une vari\u00e9t\u00e9 extraordinaire de paysages: for\u00eats pluvieuses, for\u00eats de ch\u00eanes, sous-bois de foug\u00e8res, for\u00eats nuageuses altitude, mar\u00e9cages, lacs glac\u00e9s, pelouse de haute montagne.<\/div>\n<div>F\u00e9vrier et mars, les mois les plus secs, sont la meilleure p\u00e9riode pour d\u00e9couvrir le parc, mais ses amoureux affirment qu&rsquo;il est au sommet de sa beaut\u00e9 \u00e0 la saison des pluies.<\/div>\n<div>&nbsp;<\/div>\n<div><span class=\"tourisme-chapitre\">La ville de San Isidro de El General<\/span> est \u00e9galement le point de d\u00e9part d&rsquo;excursions, moins \u00e9reintantes, comme celles qui m\u00e8nent aux plages de la c\u00f4te du Sud Pacifique.<\/div>\n<div>&nbsp;<\/div>\n<div><span class=\"tourisme-chapitre\">La ville de San Vito<\/span> fut fond\u00e9e par des immigr\u00e9s venus d&rsquo;Italie. Juch\u00e9e \u00e0 pr\u00e8s de 1000 m\u00e8tre d&rsquo;altitude, dans une vall\u00e9e montagneuse, la petite cit\u00e9, d&rsquo;aspect moderne, d\u00e9nombre environ 10 000 habitants. On peut se croire dans une Italie tropicale: les pizzerias, les trattorias sont partout,et tout le monde par italien.<\/div>\n<div>&nbsp;<\/div>\n<div><a href=\"..\/tour_operateur\" target=\"_blank\"><img loading=\"lazy\" decoding=\"async\" class=\" size-full wp-image-41\" alt=\"\" class=\"touroperateur\" src=\"http:\/\/abc-latina.com\/wp-content\/uploads\/2010\/04\/timbre_to.gif\" width=\"125\" height=\"90\" \/><\/a><span class=\"tourisme-chapitre\">Le jardin botanique Wilson<\/span>, du nom de ses fondateurs, a \u00e9t\u00e9 cr\u00e9\u00e9 en 1963. Les jardins Wilson forment un magnifique \u00eelot de verdure comprenant les jardins proprement dits, d&rsquo;une vingtaine d&rsquo;hectares, et une vaste for\u00eat. Au-del\u00e0 de son aspect touristique, c&rsquo;est d&rsquo;abord un centre de recherches, abritant des plantes en danger d&rsquo;extinction. Il m\u00e8ne des recherches sur les m\u00e9thodes de reforestation, dans un d\u00e9cor de paradis. La for\u00eat est encombr\u00e9e de brom\u00e9liac\u00e9es, d&rsquo;\u00e9normes foug\u00e8res,d&rsquo;h\u00e9liconies dites &quot; pinces de homards &quot; et d&rsquo;innombrables orchid\u00e9es. Pr\u00e8s de 200 esp\u00e8ces d&rsquo;oiseaux y nichent.<\/div>\n<div>&nbsp;<\/div>\n<div><span class=\"tourisme-chapitre\">Le parc national de Corcovado<\/span>, d&rsquo;une superficie de 54 500 ha, occupe la plus grande partie du paysage accident\u00e9 de la p\u00e9ninsule d&rsquo;Osa. Sa quasi-inaccessibilit\u00e9 est une b\u00e9n\u00e9diction pour les naturalistes, auxquels le parc est destin\u00e9.<\/div>\n<div>La meilleure p\u00e9riode pour visiter le parc de Corcovado et ses environs est la p\u00e9riode s\u00e8che, de d\u00e9cembre \u00e0 avril.<\/div>\n<div>&nbsp;<\/div>\n<div><span class=\"tourisme-chapitre\">La r\u00e9serve biologique de l&rsquo;\u00eele de Ca\u00f1o<\/span> est \u00e0 15 km au large de la c\u00f4te de Corcovado \u00e0 une heure de travers\u00e9e.<\/div>\n<div>Entre d\u00e9cembre et avril, des baleines \u00e0 bosse de 40 tonnes, n\u00e9es en Alaska, viennent hiverner et se reproduire ici.<\/div>\n<div>En 1978, l&rsquo;\u00eele de Ca\u00f1o, qui n&rsquo;avait \u00e9t\u00e9 jusqu&rsquo;\u00e0 cette date qu&rsquo;un cimeti\u00e8re pr\u00e9colombien et un refuge pour les pirates, devint une r\u00e9serve biologique.<\/div>\n<div>Les 300 hectares de l&rsquo;\u00eele sont entour\u00e9s d&rsquo;une mer turquoise et de nombreux r\u00e9cifs prot\u00e9g\u00e9es sur une \u00e9tendue marine de 2500 ha. \u00c0 une quinzaine de m\u00e8tres des plages commencent les fonds coralliens, que l&rsquo;on peut d\u00e9couvrir avec un simple masque. Des sentiers ont \u00e9t\u00e9 ouverts \u00e0 travers la for\u00eat. Au plus haut point de Ca\u00f1o se trouve le cimeti\u00e8re pr\u00e9colombien.<\/div>\n<div>&nbsp;<\/div>\n<h3>Pr\u00e9parez votre voyage au sud du Costa Rica:<\/h3>\n<div><a href=\"https:\/\/www.abc-latina.com\/costarica\/agence_de_voyages\">Agences de voyage g\u00e9n\u00e9ralistes et discounteurs<\/a><\/div>\n<div><a href=\"https:\/\/www.abc-latina.com\/costarica\/tour_operateur\">Tours Op\u00e9rateurs sp\u00e9cialistes du Costa Rica<\/a><\/div>\n<div><a href=\"https:\/\/www.abc-latina.com\/to\/reservation_billet_avion\" target=\"_blank\">R\u00e9servez votre billet d&rsquo;avion<\/a><\/div>\n<div><a href=\"https:\/\/www.abc-latina.com\/costarica\/hotels\">R\u00e9servez votre h\u00f4tel dans le sud du Costa Rica<\/a>&nbsp;<\/div>\n<div><a href=\"https:\/\/www.abc-latina.com\/to\/location_de_voiture_costa_rica\" target=\"_blank\">Location de voiture<\/a><\/div>\n","protected":false},"excerpt":{"rendered":"<p>Le sud-ouest du Costa Rica est certainement l&rsquo;un des endroits o\u00f9 l&rsquo;on trouve le plus grand nombre de r\u00e9serves naturelles [&hellip;]<\/p>\n","protected":false},"author":3,"featured_media":41,"parent":2300,"menu_order":0,"comment_status":"closed","ping_status":"closed","template":"","meta":{"site-sidebar-layout":"default","site-content-layout":"","ast-site-content-layout":"default","site-content-style":"default","site-sidebar-style":"default","ast-global-header-display":"","ast-banner-title-visibility":"","ast-main-header-display":"","ast-hfb-above-header-display":"","ast-hfb-below-header-display":"","ast-hfb-mobile-header-display":"","site-post-title":"","ast-breadcrumbs-content":"","ast-featured-img":"","footer-sml-layout":"","ast-disable-related-posts":"","theme-transparent-header-meta":"","adv-header-id-meta":"","stick-header-meta":"","header-above-stick-meta":"","header-main-stick-meta":"","header-below-stick-meta":"","astra-migrate-meta-layouts":"default","ast-page-background-enabled":"default","ast-page-background-meta":{"desktop":{"background-color":"var(--ast-global-color-5)","background-image":"","background-repeat":"repeat","background-position":"center center","background-size":"auto","background-attachment":"scroll","background-type":"","background-media":"","overlay-type":"","overlay-color":"","overlay-opacity":"","overlay-gradient":""},"tablet":{"background-color":"","background-image":"","background-repeat":"repeat","background-position":"center center","background-size":"auto","background-attachment":"scroll","background-type":"","background-media":"","overlay-type":"","overlay-color":"","overlay-opacity":"","overlay-gradient":""},"mobile":{"background-color":"","background-image":"","background-repeat":"repeat","background-position":"center center","background-size":"auto","background-attachment":"scroll","background-type":"","background-media":"","overlay-type":"","overlay-color":"","overlay-opacity":"","overlay-gradient":""}},"ast-content-background-meta":{"desktop":{"background-color":"var(--ast-global-color-4)","background-image":"","background-repeat":"repeat","background-position":"center center","background-size":"auto","background-attachment":"scroll","background-type":"","background-media":"","overlay-type":"","overlay-color":"","overlay-opacity":"","overlay-gradient":""},"tablet":{"background-color":"var(--ast-global-color-4)","background-image":"","background-repeat":"repeat","background-position":"center center","background-size":"auto","background-attachment":"scroll","background-type":"","background-media":"","overlay-type":"","overlay-color":"","overlay-opacity":"","overlay-gradient":""},"mobile":{"background-color":"var(--ast-global-color-4)","background-image":"","background-repeat":"repeat","background-position":"center center","background-size":"auto","background-attachment":"scroll","background-type":"","background-media":"","overlay-type":"","overlay-color":"","overlay-opacity":"","overlay-gradient":""}},"footnotes":""},"class_list":["post-249","page","type-page","status-publish","has-post-thumbnail","hentry"],"yoast_head":"<!-- This site is optimized with the Yoast SEO plugin v27.5 - https:\/\/yoast.com\/product\/yoast-seo-wordpress\/ -->\n<title>le SUD - Abc-latina<\/title>\n<meta name=\"description\" content=\"Voyage et d\u00e9couverte de la r\u00e9gion Sud du Costa Rica.\" \/>\n<meta name=\"robots\" content=\"index, follow, max-snippet:-1, max-image-preview:large, max-video-preview:-1\" \/>\n<link rel=\"canonical\" href=\"https:\/\/abc-latina.com\/costarica\/le_sud\/\" \/>\n<meta property=\"og:locale\" content=\"fr_FR\" \/>\n<meta property=\"og:type\" content=\"article\" \/>\n<meta property=\"og:title\" content=\"le SUD - Abc-latina\" \/>\n<meta property=\"og:description\" content=\"Voyage et d\u00e9couverte de la r\u00e9gion Sud du Costa Rica.\" \/>\n<meta property=\"og:url\" content=\"https:\/\/abc-latina.com\/costarica\/le_sud\/\" \/>\n<meta property=\"og:site_name\" content=\"Abc-latina\" \/>\n<meta property=\"article:modified_time\" content=\"2018-06-12T09:26:39+00:00\" \/>\n<meta property=\"og:image\" content=\"https:\/\/abc-latina.com\/wp-content\/uploads\/2010\/04\/timbre_to.gif\" \/>\n\t<meta property=\"og:image:width\" content=\"125\" \/>\n\t<meta property=\"og:image:height\" content=\"90\" \/>\n\t<meta property=\"og:image:type\" content=\"image\/gif\" \/>\n<meta name=\"twitter:card\" content=\"summary_large_image\" \/>\n<meta name=\"twitter:label1\" content=\"Dur\u00e9e de lecture estim\u00e9e\" \/>\n\t<meta name=\"twitter:data1\" content=\"4 minutes\" \/>\n<script type=\"application\/ld+json\" class=\"yoast-schema-graph\">{\"@context\":\"https:\\\/\\\/schema.org\",\"@graph\":[{\"@type\":\"WebPage\",\"@id\":\"https:\\\/\\\/abc-latina.com\\\/costarica\\\/le_sud\\\/\",\"url\":\"https:\\\/\\\/abc-latina.com\\\/costarica\\\/le_sud\\\/\",\"name\":\"le SUD - Abc-latina\",\"isPartOf\":{\"@id\":\"https:\\\/\\\/abc-latina.com\\\/#website\"},\"primaryImageOfPage\":{\"@id\":\"https:\\\/\\\/abc-latina.com\\\/costarica\\\/le_sud\\\/#primaryimage\"},\"image\":{\"@id\":\"https:\\\/\\\/abc-latina.com\\\/costarica\\\/le_sud\\\/#primaryimage\"},\"thumbnailUrl\":\"https:\\\/\\\/abc-latina.com\\\/wp-content\\\/uploads\\\/2010\\\/04\\\/timbre_to.gif\",\"datePublished\":\"2010-06-04T00:56:35+00:00\",\"dateModified\":\"2018-06-12T09:26:39+00:00\",\"description\":\"Voyage et d\u00e9couverte de la r\u00e9gion Sud du Costa Rica.\",\"breadcrumb\":{\"@id\":\"https:\\\/\\\/abc-latina.com\\\/costarica\\\/le_sud\\\/#breadcrumb\"},\"inLanguage\":\"fr-FR\",\"potentialAction\":[{\"@type\":\"ReadAction\",\"target\":[\"https:\\\/\\\/abc-latina.com\\\/costarica\\\/le_sud\\\/\"]}]},{\"@type\":\"ImageObject\",\"inLanguage\":\"fr-FR\",\"@id\":\"https:\\\/\\\/abc-latina.com\\\/costarica\\\/le_sud\\\/#primaryimage\",\"url\":\"https:\\\/\\\/abc-latina.com\\\/wp-content\\\/uploads\\\/2010\\\/04\\\/timbre_to.gif\",\"contentUrl\":\"https:\\\/\\\/abc-latina.com\\\/wp-content\\\/uploads\\\/2010\\\/04\\\/timbre_to.gif\",\"width\":125,\"height\":90},{\"@type\":\"BreadcrumbList\",\"@id\":\"https:\\\/\\\/abc-latina.com\\\/costarica\\\/le_sud\\\/#breadcrumb\",\"itemListElement\":[{\"@type\":\"ListItem\",\"position\":1,\"name\":\"Accueil\",\"item\":\"https:\\\/\\\/abc-latina.com\\\/\"},{\"@type\":\"ListItem\",\"position\":2,\"name\":\"le SUD\"}]},{\"@type\":\"WebSite\",\"@id\":\"https:\\\/\\\/abc-latina.com\\\/#website\",\"url\":\"https:\\\/\\\/abc-latina.com\\\/\",\"name\":\"Abc-latina\",\"description\":\"\",\"publisher\":{\"@id\":\"https:\\\/\\\/abc-latina.com\\\/#organization\"},\"potentialAction\":[{\"@type\":\"SearchAction\",\"target\":{\"@type\":\"EntryPoint\",\"urlTemplate\":\"https:\\\/\\\/abc-latina.com\\\/?s={search_term_string}\"},\"query-input\":{\"@type\":\"PropertyValueSpecification\",\"valueRequired\":true,\"valueName\":\"search_term_string\"}}],\"inLanguage\":\"fr-FR\"},{\"@type\":\"Organization\",\"@id\":\"https:\\\/\\\/abc-latina.com\\\/#organization\",\"name\":\"Abc-latina\",\"url\":\"https:\\\/\\\/abc-latina.com\\\/\",\"logo\":{\"@type\":\"ImageObject\",\"inLanguage\":\"fr-FR\",\"@id\":\"https:\\\/\\\/abc-latina.com\\\/#\\\/schema\\\/logo\\\/image\\\/\",\"url\":\"https:\\\/\\\/abc-latina.com\\\/wp-content\\\/uploads\\\/2026\\\/05\\\/cropped-logo.gif\",\"contentUrl\":\"https:\\\/\\\/abc-latina.com\\\/wp-content\\\/uploads\\\/2026\\\/05\\\/cropped-logo.gif\",\"width\":89,\"height\":84,\"caption\":\"Abc-latina\"},\"image\":{\"@id\":\"https:\\\/\\\/abc-latina.com\\\/#\\\/schema\\\/logo\\\/image\\\/\"}}]}<\/script>\n<!-- \/ Yoast SEO plugin. -->","yoast_head_json":{"title":"le SUD - Abc-latina","description":"Voyage et d\u00e9couverte de la r\u00e9gion Sud du Costa Rica.","robots":{"index":"index","follow":"follow","max-snippet":"max-snippet:-1","max-image-preview":"max-image-preview:large","max-video-preview":"max-video-preview:-1"},"canonical":"https:\/\/abc-latina.com\/costarica\/le_sud\/","og_locale":"fr_FR","og_type":"article","og_title":"le SUD - Abc-latina","og_description":"Voyage et d\u00e9couverte de la r\u00e9gion Sud du Costa Rica.","og_url":"https:\/\/abc-latina.com\/costarica\/le_sud\/","og_site_name":"Abc-latina","article_modified_time":"2018-06-12T09:26:39+00:00","og_image":[{"width":125,"height":90,"url":"https:\/\/abc-latina.com\/wp-content\/uploads\/2010\/04\/timbre_to.gif","type":"image\/gif"}],"twitter_card":"summary_large_image","twitter_misc":{"Dur\u00e9e de lecture estim\u00e9e":"4 minutes"},"schema":{"@context":"https:\/\/schema.org","@graph":[{"@type":"WebPage","@id":"https:\/\/abc-latina.com\/costarica\/le_sud\/","url":"https:\/\/abc-latina.com\/costarica\/le_sud\/","name":"le SUD - Abc-latina","isPartOf":{"@id":"https:\/\/abc-latina.com\/#website"},"primaryImageOfPage":{"@id":"https:\/\/abc-latina.com\/costarica\/le_sud\/#primaryimage"},"image":{"@id":"https:\/\/abc-latina.com\/costarica\/le_sud\/#primaryimage"},"thumbnailUrl":"https:\/\/abc-latina.com\/wp-content\/uploads\/2010\/04\/timbre_to.gif","datePublished":"2010-06-04T00:56:35+00:00","dateModified":"2018-06-12T09:26:39+00:00","description":"Voyage et d\u00e9couverte de la r\u00e9gion Sud du Costa Rica.","breadcrumb":{"@id":"https:\/\/abc-latina.com\/costarica\/le_sud\/#breadcrumb"},"inLanguage":"fr-FR","potentialAction":[{"@type":"ReadAction","target":["https:\/\/abc-latina.com\/costarica\/le_sud\/"]}]},{"@type":"ImageObject","inLanguage":"fr-FR","@id":"https:\/\/abc-latina.com\/costarica\/le_sud\/#primaryimage","url":"https:\/\/abc-latina.com\/wp-content\/uploads\/2010\/04\/timbre_to.gif","contentUrl":"https:\/\/abc-latina.com\/wp-content\/uploads\/2010\/04\/timbre_to.gif","width":125,"height":90},{"@type":"BreadcrumbList","@id":"https:\/\/abc-latina.com\/costarica\/le_sud\/#breadcrumb","itemListElement":[{"@type":"ListItem","position":1,"name":"Accueil","item":"https:\/\/abc-latina.com\/"},{"@type":"ListItem","position":2,"name":"le SUD"}]},{"@type":"WebSite","@id":"https:\/\/abc-latina.com\/#website","url":"https:\/\/abc-latina.com\/","name":"Abc-latina","description":"","publisher":{"@id":"https:\/\/abc-latina.com\/#organization"},"potentialAction":[{"@type":"SearchAction","target":{"@type":"EntryPoint","urlTemplate":"https:\/\/abc-latina.com\/?s={search_term_string}"},"query-input":{"@type":"PropertyValueSpecification","valueRequired":true,"valueName":"search_term_string"}}],"inLanguage":"fr-FR"},{"@type":"Organization","@id":"https:\/\/abc-latina.com\/#organization","name":"Abc-latina","url":"https:\/\/abc-latina.com\/","logo":{"@type":"ImageObject","inLanguage":"fr-FR","@id":"https:\/\/abc-latina.com\/#\/schema\/logo\/image\/","url":"https:\/\/abc-latina.com\/wp-content\/uploads\/2026\/05\/cropped-logo.gif","contentUrl":"https:\/\/abc-latina.com\/wp-content\/uploads\/2026\/05\/cropped-logo.gif","width":89,"height":84,"caption":"Abc-latina"},"image":{"@id":"https:\/\/abc-latina.com\/#\/schema\/logo\/image\/"}}]}},"_links":{"self":[{"href":"https:\/\/abc-latina.com\/wp-json\/wp\/v2\/pages\/249","targetHints":{"allow":["GET"]}}],"collection":[{"href":"https:\/\/abc-latina.com\/wp-json\/wp\/v2\/pages"}],"about":[{"href":"https:\/\/abc-latina.com\/wp-json\/wp\/v2\/types\/page"}],"author":[{"embeddable":true,"href":"https:\/\/abc-latina.com\/wp-json\/wp\/v2\/users\/3"}],"replies":[{"embeddable":true,"href":"https:\/\/abc-latina.com\/wp-json\/wp\/v2\/comments?post=249"}],"version-history":[{"count":0,"href":"https:\/\/abc-latina.com\/wp-json\/wp\/v2\/pages\/249\/revisions"}],"up":[{"embeddable":true,"href":"https:\/\/abc-latina.com\/wp-json\/wp\/v2\/pages\/2300"}],"wp:featuredmedia":[{"embeddable":true,"href":"https:\/\/abc-latina.com\/wp-json\/wp\/v2\/media\/41"}],"wp:attachment":[{"href":"https:\/\/abc-latina.com\/wp-json\/wp\/v2\/media?parent=249"}],"curies":[{"name":"wp","href":"https:\/\/api.w.org\/{rel}","templated":true}]}}