{"id":2506,"date":"2010-10-28T18:37:06","date_gmt":"2010-10-28T16:37:06","guid":{"rendered":"http:\/\/abc-latina.com\/index-htm-24\/"},"modified":"2026-05-04T20:06:48","modified_gmt":"2026-05-04T18:06:48","slug":"amerique_latine","status":"publish","type":"page","link":"https:\/\/abc-latina.com\/amerique_latine\/","title":{"rendered":"AMERIQUE LATINE 2"},"content":{"rendered":"<p><strong><span style=\"color:#ffa500;\">ABC LATINA<\/span><\/strong>, c&rsquo;est l&rsquo;Am\u00e9rique latine sous tous les angles:<br \/> Tout d&rsquo;abord le <a href=\"https:\/\/www.abc-latina.com\/amerique_latine\/tourisme\">TOURISME<\/a> qui pr\u00e9sente tous les pays par villes et r\u00e9gions, mais aussi des rubriques <a href=\"https:\/\/www.abc-latina.com\/amerique_latine\/recits_de_voyages\">RECITS DE VOYAGES<\/a> qui apportent l&rsquo;indispensable et souvent fort int\u00e9ressant avis des internautes. Les <a href=\"https:\/\/www.abc-latina.com\/amerique_latine\/information_pratique\">INFORMATIONS PRATIQUES<\/a> vous donneront toutes les indications avant de partir \u00e0 la d\u00e9couverte de ce merveilleux continent.<\/p>\n<p>L&rsquo; <a href=\"https:\/\/www.abc-latina.com\/amerique_latine\/histoire\">HISTOIRE<\/a> de chaque pays est abord\u00e9e chronologiquement, ainsi que l&rsquo;histoire des principales <a href=\"https:\/\/www.abc-latina.com\/civilisations\" target=\"_blank\">CIVILISATIONS PRECOLOMBIENNES<\/a><\/p>\n<p>Les principaux faits politiques, \u00e9conomiques, sociaux sont r\u00e9sum\u00e9s dans la rubrique <a href=\"https:\/\/www.abc-latina.com\/amerique_latine\/news\">NEWS<\/a>, tous les quotidiens et magazines latinos am\u00e9ricains sont r\u00e9pertori\u00e9s sur la page PRESSE<\/p>\n<p>Les rubriques <a href=\"https:\/\/www.abc-latina.com\/amerique_latine\/economie\">ECONOMIQUE<\/a>, <a href=\"https:\/\/www.abc-latina.com\/amerique_latine\/geographie\">GEOGRAPHIQUE<\/a> et <a href=\"https:\/\/www.abc-latina.com\/amerique_latine\/photos\">PHOTOGRAPHIQUE<\/a> compl\u00e9te la pr\u00e9sentation de chaque pays.<\/p>\n<p>N&rsquo;h\u00e9sitez pas \u00e0 consulter et \u00e0 utiliser le <a href=\"https:\/\/www.abc-latina.com\/forum\/\" target=\"_blank\">FORUM DE DISCUSSION<\/a><\/p>\n<p>Voyez aussi les autres rubriques :<br \/> MUSIQUE<br \/> <a href=\"https:\/\/www.abc-latina.com\/musique\" target=\"_blank\">Les genres musicaux et les artistes latinos am\u00e9ricains<\/a><\/p>\n<p>GASTRONOMIE<br \/> La cuisine d&rsquo;Am\u00e9rique latine riche et vari\u00e9es, qui compte parmi les meilleures du monde &#8230;<br \/> <a href=\"https:\/\/www.restos-latinos.com\/\" target=\"_blank\">Les restaurants latinos en France &#8230;<\/a><\/p>\n<p>TELEVISIONS &#8211; RADIOS<br \/> <a href=\"https:\/\/www.abc-latina.com\/amerique_latine\/television\">Regardez et \u00e9coutez en direct les t\u00e9l\u00e9visions et radios latinos-am\u00e9ricaines &#8230;<\/a><\/p>\n<p>ASSOCIATIONS<br \/> <a href=\"https:\/\/www.abc-latina.com\/amerique_latine\/association\">Les associations cultuelles, humanitaires li\u00e9es \u00e0 l&rsquo;Am\u00e9rique latine en France et dans le monde francophone (Canada- Belgique-Suisse)&#8230;<\/a><\/p>\n<p> Bien d&rsquo;autres rubriques sont trait\u00e9es selon les pays, d\u00e9couvrez les en surfant sur le site &#8230;<\/p>\n","protected":false},"excerpt":{"rendered":"<p>ABC LATINA, c&rsquo;est l&rsquo;Am\u00e9rique latine sous tous les angles: Tout d&rsquo;abord le TOURISME qui pr\u00e9sente tous les pays par villes [&hellip;]<\/p>\n","protected":false},"author":3,"featured_media":0,"parent":0,"menu_order":0,"comment_status":"closed","ping_status":"closed","template":"","meta":{"site-sidebar-layout":"default","site-content-layout":"","ast-site-content-layout":"default","site-content-style":"default","site-sidebar-style":"default","ast-global-header-display":"","ast-banner-title-visibility":"","ast-main-header-display":"","ast-hfb-above-header-display":"","ast-hfb-below-header-display":"","ast-hfb-mobile-header-display":"","site-post-title":"","ast-breadcrumbs-content":"","ast-featured-img":"","footer-sml-layout":"","ast-disable-related-posts":"","theme-transparent-header-meta":"","adv-header-id-meta":"","stick-header-meta":"","header-above-stick-meta":"","header-main-stick-meta":"","header-below-stick-meta":"","astra-migrate-meta-layouts":"default","ast-page-background-enabled":"default","ast-page-background-meta":{"desktop":{"background-color":"var(--ast-global-color-5)","background-image":"","background-repeat":"repeat","background-position":"center center","background-size":"auto","background-attachment":"scroll","background-type":"","background-media":"","overlay-type":"","overlay-color":"","overlay-opacity":"","overlay-gradient":""},"tablet":{"background-color":"","background-image":"","background-repeat":"repeat","background-position":"center center","background-size":"auto","background-attachment":"scroll","background-type":"","background-media":"","overlay-type":"","overlay-color":"","overlay-opacity":"","overlay-gradient":""},"mobile":{"background-color":"","background-image":"","background-repeat":"repeat","background-position":"center center","background-size":"auto","background-attachment":"scroll","background-type":"","background-media":"","overlay-type":"","overlay-color":"","overlay-opacity":"","overlay-gradient":""}},"ast-content-background-meta":{"desktop":{"background-color":"var(--ast-global-color-4)","background-image":"","background-repeat":"repeat","background-position":"center center","background-size":"auto","background-attachment":"scroll","background-type":"","background-media":"","overlay-type":"","overlay-color":"","overlay-opacity":"","overlay-gradient":""},"tablet":{"background-color":"var(--ast-global-color-4)","background-image":"","background-repeat":"repeat","background-position":"center center","background-size":"auto","background-attachment":"scroll","background-type":"","background-media":"","overlay-type":"","overlay-color":"","overlay-opacity":"","overlay-gradient":""},"mobile":{"background-color":"var(--ast-global-color-4)","background-image":"","background-repeat":"repeat","background-position":"center center","background-size":"auto","background-attachment":"scroll","background-type":"","background-media":"","overlay-type":"","overlay-color":"","overlay-opacity":"","overlay-gradient":""}},"footnotes":""},"class_list":["post-2506","page","type-page","status-publish","hentry"],"yoast_head":"<!-- This site is optimized with the Yoast SEO plugin v27.5 - https:\/\/yoast.com\/product\/yoast-seo-wordpress\/ -->\n<title>AMERIQUE LATINE 2 - Abc-latina<\/title>\n<meta name=\"description\" content=\"L&#039;Am\u00e9rique latine d\u00e9crite pays par pays.\" \/>\n<meta name=\"robots\" content=\"index, follow, max-snippet:-1, max-image-preview:large, max-video-preview:-1\" \/>\n<link rel=\"canonical\" href=\"https:\/\/abc-latina.com\/amerique_latine\/\" \/>\n<meta property=\"og:locale\" content=\"fr_FR\" \/>\n<meta property=\"og:type\" content=\"article\" \/>\n<meta property=\"og:title\" content=\"AMERIQUE LATINE 2 - Abc-latina\" \/>\n<meta property=\"og:description\" content=\"L&#039;Am\u00e9rique latine d\u00e9crite pays par pays.\" \/>\n<meta property=\"og:url\" content=\"https:\/\/abc-latina.com\/amerique_latine\/\" \/>\n<meta property=\"og:site_name\" content=\"Abc-latina\" \/>\n<meta property=\"article:modified_time\" content=\"2026-05-04T18:06:48+00:00\" \/>\n<meta name=\"twitter:card\" content=\"summary_large_image\" \/>\n<meta name=\"twitter:label1\" content=\"Dur\u00e9e de lecture estim\u00e9e\" \/>\n\t<meta name=\"twitter:data1\" content=\"1 minute\" \/>\n<script type=\"application\/ld+json\" class=\"yoast-schema-graph\">{\"@context\":\"https:\\\/\\\/schema.org\",\"@graph\":[{\"@type\":\"WebPage\",\"@id\":\"https:\\\/\\\/abc-latina.com\\\/amerique_latine\\\/\",\"url\":\"https:\\\/\\\/abc-latina.com\\\/amerique_latine\\\/\",\"name\":\"AMERIQUE LATINE 2 - Abc-latina\",\"isPartOf\":{\"@id\":\"https:\\\/\\\/abc-latina.com\\\/#website\"},\"datePublished\":\"2010-10-28T16:37:06+00:00\",\"dateModified\":\"2026-05-04T18:06:48+00:00\",\"description\":\"L'Am\u00e9rique latine d\u00e9crite pays par pays.\",\"breadcrumb\":{\"@id\":\"https:\\\/\\\/abc-latina.com\\\/amerique_latine\\\/#breadcrumb\"},\"inLanguage\":\"fr-FR\",\"potentialAction\":[{\"@type\":\"ReadAction\",\"target\":[\"https:\\\/\\\/abc-latina.com\\\/amerique_latine\\\/\"]}]},{\"@type\":\"BreadcrumbList\",\"@id\":\"https:\\\/\\\/abc-latina.com\\\/amerique_latine\\\/#breadcrumb\",\"itemListElement\":[{\"@type\":\"ListItem\",\"position\":1,\"name\":\"Accueil\",\"item\":\"https:\\\/\\\/abc-latina.com\\\/\"},{\"@type\":\"ListItem\",\"position\":2,\"name\":\"AMERIQUE LATINE 2\"}]},{\"@type\":\"WebSite\",\"@id\":\"https:\\\/\\\/abc-latina.com\\\/#website\",\"url\":\"https:\\\/\\\/abc-latina.com\\\/\",\"name\":\"Abc-latina\",\"description\":\"\",\"publisher\":{\"@id\":\"https:\\\/\\\/abc-latina.com\\\/#organization\"},\"potentialAction\":[{\"@type\":\"SearchAction\",\"target\":{\"@type\":\"EntryPoint\",\"urlTemplate\":\"https:\\\/\\\/abc-latina.com\\\/?s={search_term_string}\"},\"query-input\":{\"@type\":\"PropertyValueSpecification\",\"valueRequired\":true,\"valueName\":\"search_term_string\"}}],\"inLanguage\":\"fr-FR\"},{\"@type\":\"Organization\",\"@id\":\"https:\\\/\\\/abc-latina.com\\\/#organization\",\"name\":\"Abc-latina\",\"url\":\"https:\\\/\\\/abc-latina.com\\\/\",\"logo\":{\"@type\":\"ImageObject\",\"inLanguage\":\"fr-FR\",\"@id\":\"https:\\\/\\\/abc-latina.com\\\/#\\\/schema\\\/logo\\\/image\\\/\",\"url\":\"https:\\\/\\\/abc-latina.com\\\/wp-content\\\/uploads\\\/2026\\\/05\\\/cropped-logo.gif\",\"contentUrl\":\"https:\\\/\\\/abc-latina.com\\\/wp-content\\\/uploads\\\/2026\\\/05\\\/cropped-logo.gif\",\"width\":89,\"height\":84,\"caption\":\"Abc-latina\"},\"image\":{\"@id\":\"https:\\\/\\\/abc-latina.com\\\/#\\\/schema\\\/logo\\\/image\\\/\"}}]}<\/script>\n<!-- \/ Yoast SEO plugin. -->","yoast_head_json":{"title":"AMERIQUE LATINE 2 - Abc-latina","description":"L'Am\u00e9rique latine d\u00e9crite pays par pays.","robots":{"index":"index","follow":"follow","max-snippet":"max-snippet:-1","max-image-preview":"max-image-preview:large","max-video-preview":"max-video-preview:-1"},"canonical":"https:\/\/abc-latina.com\/amerique_latine\/","og_locale":"fr_FR","og_type":"article","og_title":"AMERIQUE LATINE 2 - Abc-latina","og_description":"L'Am\u00e9rique latine d\u00e9crite pays par pays.","og_url":"https:\/\/abc-latina.com\/amerique_latine\/","og_site_name":"Abc-latina","article_modified_time":"2026-05-04T18:06:48+00:00","twitter_card":"summary_large_image","twitter_misc":{"Dur\u00e9e de lecture estim\u00e9e":"1 minute"},"schema":{"@context":"https:\/\/schema.org","@graph":[{"@type":"WebPage","@id":"https:\/\/abc-latina.com\/amerique_latine\/","url":"https:\/\/abc-latina.com\/amerique_latine\/","name":"AMERIQUE LATINE 2 - Abc-latina","isPartOf":{"@id":"https:\/\/abc-latina.com\/#website"},"datePublished":"2010-10-28T16:37:06+00:00","dateModified":"2026-05-04T18:06:48+00:00","description":"L'Am\u00e9rique latine d\u00e9crite pays par pays.","breadcrumb":{"@id":"https:\/\/abc-latina.com\/amerique_latine\/#breadcrumb"},"inLanguage":"fr-FR","potentialAction":[{"@type":"ReadAction","target":["https:\/\/abc-latina.com\/amerique_latine\/"]}]},{"@type":"BreadcrumbList","@id":"https:\/\/abc-latina.com\/amerique_latine\/#breadcrumb","itemListElement":[{"@type":"ListItem","position":1,"name":"Accueil","item":"https:\/\/abc-latina.com\/"},{"@type":"ListItem","position":2,"name":"AMERIQUE LATINE 2"}]},{"@type":"WebSite","@id":"https:\/\/abc-latina.com\/#website","url":"https:\/\/abc-latina.com\/","name":"Abc-latina","description":"","publisher":{"@id":"https:\/\/abc-latina.com\/#organization"},"potentialAction":[{"@type":"SearchAction","target":{"@type":"EntryPoint","urlTemplate":"https:\/\/abc-latina.com\/?s={search_term_string}"},"query-input":{"@type":"PropertyValueSpecification","valueRequired":true,"valueName":"search_term_string"}}],"inLanguage":"fr-FR"},{"@type":"Organization","@id":"https:\/\/abc-latina.com\/#organization","name":"Abc-latina","url":"https:\/\/abc-latina.com\/","logo":{"@type":"ImageObject","inLanguage":"fr-FR","@id":"https:\/\/abc-latina.com\/#\/schema\/logo\/image\/","url":"https:\/\/abc-latina.com\/wp-content\/uploads\/2026\/05\/cropped-logo.gif","contentUrl":"https:\/\/abc-latina.com\/wp-content\/uploads\/2026\/05\/cropped-logo.gif","width":89,"height":84,"caption":"Abc-latina"},"image":{"@id":"https:\/\/abc-latina.com\/#\/schema\/logo\/image\/"}}]}},"_links":{"self":[{"href":"https:\/\/abc-latina.com\/wp-json\/wp\/v2\/pages\/2506","targetHints":{"allow":["GET"]}}],"collection":[{"href":"https:\/\/abc-latina.com\/wp-json\/wp\/v2\/pages"}],"about":[{"href":"https:\/\/abc-latina.com\/wp-json\/wp\/v2\/types\/page"}],"author":[{"embeddable":true,"href":"https:\/\/abc-latina.com\/wp-json\/wp\/v2\/users\/3"}],"replies":[{"embeddable":true,"href":"https:\/\/abc-latina.com\/wp-json\/wp\/v2\/comments?post=2506"}],"version-history":[{"count":2,"href":"https:\/\/abc-latina.com\/wp-json\/wp\/v2\/pages\/2506\/revisions"}],"predecessor-version":[{"id":5835,"href":"https:\/\/abc-latina.com\/wp-json\/wp\/v2\/pages\/2506\/revisions\/5835"}],"wp:attachment":[{"href":"https:\/\/abc-latina.com\/wp-json\/wp\/v2\/media?parent=2506"}],"curies":[{"name":"wp","href":"https:\/\/api.w.org\/{rel}","templated":true}]}}