{"id":2510,"date":"2010-10-28T19:18:07","date_gmt":"2010-10-28T17:18:07","guid":{"rendered":"http:\/\/abc-latina.com\/presidents_honduras-htm\/"},"modified":"2018-06-12T12:32:53","modified_gmt":"2018-06-12T10:32:53","slug":"presidents_honduras","status":"publish","type":"page","link":"https:\/\/abc-latina.com\/honduras\/presidents_honduras\/","title":{"rendered":"Les PRESIDENTS du HONDURAS"},"content":{"rendered":"<p>Liste des pr\u00e9sidents du Honduras depuis l&rsquo;ind\u00e9pendance le 15 septembre 1821<br \/> Dionisio de Herrera<br \/> 16 septembre 1824 &#8211; 10 mai 1827<\/p>\n<p> Jos\u00e9 Jeronimo de Zelaya Fiallos<br \/> 10 mai 1827 &#8211; 27 novembre 1827<\/p>\n<p> Jos\u00e9 Francisco Morazan Quezada<br \/> 27 novembre 1827 &#8211; 28 juillet 1830<\/p>\n<p> Jos\u00e9 Maria Antonio de la Cruz Marquez<br \/> 12 mars1831 &#8211; 26 mars 1832<\/p>\n<p> Joaquin Rivera Braga<br \/> 7 janvier 1833 &#8211; 31 d\u00e9cembre 1836<\/p>\n<p> Jos\u00e9 Maria Martinez Salinas<br \/> 1 janvier 1837 &#8211; 28 mai 1837<\/p>\n<p> Justo Vicente Jos\u00e9 de Herrera<br \/> 28 mai1837 &#8211; 12 novembre 1838<\/p>\n<p> Juan Francisco de Molina<br \/> 11 janvier 1839 &#8211; 13 avril 1839<\/p>\n<p> Felipe Neri Medina<br \/> 13 avril 1839 &#8211; 15 avril 1839<\/p>\n<p> Juan Jos\u00e9 Alvarado<br \/> 15 avril 1839 &#8211; 27 avril 1839<\/p>\n<p> Jos\u00e9 Mar\u00eda Guerrero<br \/> 27 avril 1839 &#8211; 10 ao\u00fbt 1839<\/p>\n<p> Mariano Garrig\u00f3<br \/> 10 ao\u00fbt 1839 &#8211; 20 ao\u00fbt 1839<\/p>\n<p> Jos\u00e9 Mar\u00eda Bustillo<br \/> 20 ao\u00fbt 1839 &#8211; 27 ao\u00fbt 1839<\/p>\n<p> Conseil des ministres<br \/> 27 ao\u00fbt 1839 &#8211; 21 septembre 1839<\/p>\n<p> Francisco Zelaya y Ayes<br \/> 21 septembre 1839 &#8211; 1er janvier 1841<\/p>\n<p> Francisco Ferrera<br \/> 1er janvier 1841 &#8211; 31 d\u00e9cembre 1842<\/p>\n<p> Conseil des ministres<br \/> 1er janvier 1843 &#8211; 23 f\u00e9vrier 1843<\/p>\n<p> Francisco Ferrera<br \/> 23 f\u00e9vrier 1843 &#8211; 31 d\u00e9cembre 1844<\/p>\n<p> Conseil des ministres<br \/> 1er janvier 1845 &#8211; 8 janvier 1845<\/p>\n<p> Coronado Ch\u00e1vez<br \/> 8 janvier 1845 &#8211; 1er janvier 1847<\/p>\n<p> Juan Lindo<br \/> 12 f\u00e9vrier 1847 &#8211; 1er f\u00e9vrier 1852<\/p>\n<p> Francisco G\u00f3mez<br \/> 1er f\u00e9vrier 1852 &#8211; 1er mars 1852<\/p>\n<p> Trinidad Caba\u00f1as<br \/> 1er mars 1852 &#8211; 18 octobre 1855<\/p>\n<p> Jos\u00e9 Santiago Bueso<br \/> 18 octobre 1855 &#8211; 8 novembre 1855<\/p>\n<p> Francisco de Aguilar<br \/> 8 novembre 1855 &#8211; 17 f\u00e9vrier 1856<\/p>\n<p> Jos\u00e9 Santos Guardiola<br \/> 17 f\u00e9vrier 1856 &#8211; 11 janvier 1862<\/p>\n<p> Jos\u00e9 Francisco Montes<br \/> 11 janvier 1862 &#8211; 4 f\u00e9vrier 1862<\/p>\n<p> Victoriano Castellanos<br \/> 4 f\u00e9vrier 1862 &#8211; 11 d\u00e9cembre 1862<\/p>\n<p> Jos\u00e9 Francisco Montes<br \/> 11 d\u00e9cembre 1862 &#8211; 7 septembre 1863<\/p>\n<p> Jos\u00e9 Mar\u00eda Medina<br \/> 7 septembre 1863 &#8211; 31 d\u00e9cembre 1863<\/p>\n<p> Francisco Inestroza<br \/> 31 d\u00e9cembre 1863 &#8211; 15 mars 1864<\/p>\n<p> Jos\u00e9 Mar\u00eda Medina<br \/> 15 mars 1864 &#8211; 26 juillet 1872<\/p>\n<p> C\u00e9leo Arias (provisoire)<br \/> 26 juillet 1872 &#8211; 13 janvier 1874<\/p>\n<p> Ponciano Leiva<br \/> 13 janvier 1874 &#8211; 8 juin 1876<\/p>\n<p> Marcelino Mej\u00eda (provisoire)<br \/> 8 juin 1876 &#8211; 13 juin 1876<\/p>\n<p> Crescencio G\u00f3mez (provisoire)<br \/> 13 juin 1876 &#8211; 12 ao\u00fbt 1876<\/p>\n<p> Jos\u00e9 Mar\u00eda Medina (provisoire)<br \/> 12 ao\u00fbt 1876 &#8211; 27 ao\u00fbt 1876<\/p>\n<p> Marco Aurelio Soto<br \/> 27 ao\u00fbt 1876 &#8211; 19 octobre 1883<\/p>\n<p> Conseil des ministres<br \/> 19 octobre 1883 &#8211; 30 novembre 1883<\/p>\n<p> Luis Bogr\u00e1n 30 novembre<br \/> 1883 &#8211; 30 novembre 1891<\/p>\n<p> Ponciano Leiva<br \/> 30 novembre 1891 &#8211; 7 ao\u00fbt 1893<\/p>\n<p> Domingo V\u00e1squez<br \/> 7 ao\u00fbt 1893 &#8211; 22 f\u00e9vrier 1894<\/p>\n<p> Policarpo Bonilla<br \/> 22 f\u00e9vrier 1894 &#8211; 1er f\u00e9vrier 1899<\/p>\n<p> Terencio Sierra<br \/> 1er f\u00e9vrier 1899 &#8211; 1er f\u00e9vrier 1903<\/p>\n<p> Juan \u00c1ngel Arias<br \/> 1er f\u00e9vrier 1903 &#8211; 13 avril 1903<\/p>\n<p> G\u00e9n\u00e9ral Manuel Bonilla<br \/> 13 avril 1903 &#8211; 25 f\u00e9vrier 1907<\/p>\n<p> Miguel Oquel\u00ed Bustillo<br \/> 25 f\u00e9vrier 1907 &#8211; 18 avril 1907<\/p>\n<p> Miguel R. D\u00e1vila<br \/> 18 avril 1907 &#8211; 28 mars 1911<\/p>\n<p> Francisco Bertrand<br \/> 28 mars 1911 &#8211; 1er f\u00e9vrier 1912<\/p>\n<p> G\u00e9n\u00e9ral Manuel Bonilla<br \/> 1er f\u00e9vrier 1912 &#8211; 21 mars 1913<\/p>\n<p> Francisco Bertrand<br \/> 21 mars 1913 &#8211; 9 septembre 1919<\/p>\n<p> Salvador Aguirre<br \/> 9 septembre 1919 &#8211; 16 septembre 1919<\/p>\n<p> Vicente Mej\u00eda Colindres<br \/> 16 septembre 1919 &#8211; 5 octobre 1919<\/p>\n<p> Francisco Bogr\u00e1n<br \/> 5 octobre 1919 1er f\u00e9vrier 1920<\/p>\n<p> Rafael L\u00f3pez Guti\u00e9rrez<br \/> 1er f\u00e9vrier 1920 &#8211; 10 mars 1924<\/p>\n<p> Francisco Bueso<br \/> 10 mars 1924 &#8211; 27 avril 1924<\/p>\n<p> G\u00e9n\u00e9ral Tiburcio Car\u00edas Andino (PNH)<br \/> 27 avril 1924 &#8211; 30 avril 1924<\/p>\n<p> Vicente Tosta (provisoire)<br \/> 30 avril 1924 &#8211; 1er f\u00e9vrier 1925<\/p>\n<p> Miguel Paz Barahona<br \/> 1er f\u00e9vrier 1925 &#8211; 1er f\u00e9vrier 1929<\/p>\n<p> Vicente Mej\u00eda Colindres<br \/> 1er f\u00e9vrier 1929 &#8211; 1er f\u00e9vrier 1933<\/p>\n<p> G\u00e9n\u00e9ral Tiburcio Car\u00edas Andino (PNH)<br \/> 1er f\u00e9vrier 1933 &#8211; 1er janvier 1949<\/p>\n<p> Juan Manuel G\u00e1lvez Dur\u00f3n (PNH)<br \/> 1er janvier 1949 &#8211; 5 d\u00e9cembre 1954<\/p>\n<p> Julio Lozano D\u00edaz (Chef d&rsquo;\u00e9tat supr\u00eame)<br \/> 5 d\u00e9cembre 1954 &#8211; 21 octobre 1956<\/p>\n<p> Roque Jacinto Rodr\u00edguez Herrera (CJM) (1)<br \/> 21 octobre 1956 &#8211; 21 d\u00e9cembre 1957<\/p>\n<p> Ram\u00f3n Villeda Morales (PLH)<br \/> 21 d\u00e9cembre 1957 &#8211; 3 octobre 1963<\/p>\n<p> G\u00e9n\u00e9ral Oswaldo L\u00f3pez Arellano (CJM)<br \/> 3 octobre 1963 &#8211; 6 juin 1965<\/p>\n<p> G\u00e9n\u00e9ral Oswaldo L\u00f3pez Arellano (PNH)<br \/> 6 juin 1965 &#8211; 7 juin 1971<\/p>\n<p> Ram\u00f3n Ernesto Cruz Ucl\u00e9s (PNH)<br \/> 7 juin 1971 &#8211; 4 d\u00e9cembre 1972<\/p>\n<p> G\u00e9n\u00e9ral Oswaldo L\u00f3pez Arellano (*)<br \/> 4 d\u00e9cembre 1972 &#8211; 22 avril 1975<\/p>\n<p> Colonel Juan Alberto Melgar Castro (*)<br \/> 22 avril 1975 &#8211; 7 ao\u00fbt 1978<\/p>\n<p> Policarpo Paz Garc\u00eda (CJM) (2)<br \/> 7 ao\u00fbt 1978 &#8211; 25 juillet 1980<\/p>\n<p> Policarpo Paz Garc\u00eda (gouvernement civil provisoire)<br \/> 25 juillet 1980 &#8211; 27 janvier 1982<\/p>\n<p> Roberto Suazo C\u00f3rdova (PLH)<br \/> 27 janvier 1982 &#8211; 27 janvier 1986<\/p>\n<p> Jos\u00e9 Azcona Hoyo (PLH)<br \/> 27 janvier 1986 &#8211; 27 janvier 1990<\/p>\n<p> Rafael Leonardo Callejas Romero (PNH)<br \/> 27 janvier 1990 &#8211; 27 janvier 1994<\/p>\n<p> Carlos Roberto Reina Idi\u00e1quez (PLH)<br \/> 27 janvier 1994 &#8211; 27 janvier 1998<\/p>\n<p> Carlos Roberto Flores Facuss\u00e9 (PLH)<br \/> 27 janvier 1998 &#8211; 27 janvier 2002<\/p>\n<p> Ricardo Maduro Joest (PNH)<br \/> 27 janvier 2002 &#8211; 27 janvier 2006<\/p>\n<p> Manuel Zelaya (PLH)<br \/> 27 janvier 2006 &#8211; 27 janvier 2010<\/p>\n<p>Porfirio Lobo Sosa&nbsp;<br \/>27 janvier 2010 &#8211; 26 janvier 2014<\/p>\n<p>Juan Orlando Hernandez<br \/>Depuis le 27 janvier 2014<br \/> &nbsp;<\/p>\n","protected":false},"excerpt":{"rendered":"<p>Liste des pr\u00e9sidents du Honduras depuis l&rsquo;ind\u00e9pendance le 15 septembre 1821 Dionisio de Herrera 16 septembre 1824 &#8211; 10 mai [&hellip;]<\/p>\n","protected":false},"author":3,"featured_media":0,"parent":2306,"menu_order":0,"comment_status":"closed","ping_status":"closed","template":"","meta":{"site-sidebar-layout":"default","site-content-layout":"","ast-site-content-layout":"default","site-content-style":"default","site-sidebar-style":"default","ast-global-header-display":"","ast-banner-title-visibility":"","ast-main-header-display":"","ast-hfb-above-header-display":"","ast-hfb-below-header-display":"","ast-hfb-mobile-header-display":"","site-post-title":"","ast-breadcrumbs-content":"","ast-featured-img":"","footer-sml-layout":"","ast-disable-related-posts":"","theme-transparent-header-meta":"","adv-header-id-meta":"","stick-header-meta":"","header-above-stick-meta":"","header-main-stick-meta":"","header-below-stick-meta":"","astra-migrate-meta-layouts":"default","ast-page-background-enabled":"default","ast-page-background-meta":{"desktop":{"background-color":"var(--ast-global-color-5)","background-image":"","background-repeat":"repeat","background-position":"center center","background-size":"auto","background-attachment":"scroll","background-type":"","background-media":"","overlay-type":"","overlay-color":"","overlay-opacity":"","overlay-gradient":""},"tablet":{"background-color":"","background-image":"","background-repeat":"repeat","background-position":"center center","background-size":"auto","background-attachment":"scroll","background-type":"","background-media":"","overlay-type":"","overlay-color":"","overlay-opacity":"","overlay-gradient":""},"mobile":{"background-color":"","background-image":"","background-repeat":"repeat","background-position":"center center","background-size":"auto","background-attachment":"scroll","background-type":"","background-media":"","overlay-type":"","overlay-color":"","overlay-opacity":"","overlay-gradient":""}},"ast-content-background-meta":{"desktop":{"background-color":"var(--ast-global-color-4)","background-image":"","background-repeat":"repeat","background-position":"center center","background-size":"auto","background-attachment":"scroll","background-type":"","background-media":"","overlay-type":"","overlay-color":"","overlay-opacity":"","overlay-gradient":""},"tablet":{"background-color":"var(--ast-global-color-4)","background-image":"","background-repeat":"repeat","background-position":"center center","background-size":"auto","background-attachment":"scroll","background-type":"","background-media":"","overlay-type":"","overlay-color":"","overlay-opacity":"","overlay-gradient":""},"mobile":{"background-color":"var(--ast-global-color-4)","background-image":"","background-repeat":"repeat","background-position":"center center","background-size":"auto","background-attachment":"scroll","background-type":"","background-media":"","overlay-type":"","overlay-color":"","overlay-opacity":"","overlay-gradient":""}},"footnotes":""},"class_list":["post-2510","page","type-page","status-publish","hentry"],"yoast_head":"<!-- This site is optimized with the Yoast SEO plugin v27.5 - https:\/\/yoast.com\/product\/yoast-seo-wordpress\/ -->\n<title>Les PRESIDENTS du HONDURAS - Abc-latina<\/title>\n<meta name=\"description\" content=\"Les pr\u00e9sidents du Honduras.\" \/>\n<meta name=\"robots\" content=\"index, follow, max-snippet:-1, max-image-preview:large, max-video-preview:-1\" \/>\n<link rel=\"canonical\" href=\"https:\/\/abc-latina.com\/honduras\/presidents_honduras\/\" \/>\n<meta property=\"og:locale\" content=\"fr_FR\" \/>\n<meta property=\"og:type\" content=\"article\" \/>\n<meta property=\"og:title\" content=\"Les PRESIDENTS du HONDURAS - Abc-latina\" \/>\n<meta property=\"og:description\" content=\"Les pr\u00e9sidents du Honduras.\" \/>\n<meta property=\"og:url\" content=\"https:\/\/abc-latina.com\/honduras\/presidents_honduras\/\" \/>\n<meta property=\"og:site_name\" content=\"Abc-latina\" \/>\n<meta property=\"article:modified_time\" content=\"2018-06-12T10:32:53+00:00\" \/>\n<meta name=\"twitter:card\" content=\"summary_large_image\" \/>\n<meta name=\"twitter:label1\" content=\"Dur\u00e9e de lecture estim\u00e9e\" \/>\n\t<meta name=\"twitter:data1\" content=\"3 minutes\" \/>\n<script type=\"application\/ld+json\" class=\"yoast-schema-graph\">{\"@context\":\"https:\\\/\\\/schema.org\",\"@graph\":[{\"@type\":\"WebPage\",\"@id\":\"https:\\\/\\\/abc-latina.com\\\/honduras\\\/presidents_honduras\\\/\",\"url\":\"https:\\\/\\\/abc-latina.com\\\/honduras\\\/presidents_honduras\\\/\",\"name\":\"Les PRESIDENTS du HONDURAS - Abc-latina\",\"isPartOf\":{\"@id\":\"https:\\\/\\\/abc-latina.com\\\/#website\"},\"datePublished\":\"2010-10-28T17:18:07+00:00\",\"dateModified\":\"2018-06-12T10:32:53+00:00\",\"description\":\"Les pr\u00e9sidents du Honduras.\",\"breadcrumb\":{\"@id\":\"https:\\\/\\\/abc-latina.com\\\/honduras\\\/presidents_honduras\\\/#breadcrumb\"},\"inLanguage\":\"fr-FR\",\"potentialAction\":[{\"@type\":\"ReadAction\",\"target\":[\"https:\\\/\\\/abc-latina.com\\\/honduras\\\/presidents_honduras\\\/\"]}]},{\"@type\":\"BreadcrumbList\",\"@id\":\"https:\\\/\\\/abc-latina.com\\\/honduras\\\/presidents_honduras\\\/#breadcrumb\",\"itemListElement\":[{\"@type\":\"ListItem\",\"position\":1,\"name\":\"Accueil\",\"item\":\"https:\\\/\\\/abc-latina.com\\\/\"},{\"@type\":\"ListItem\",\"position\":2,\"name\":\"Les PRESIDENTS du HONDURAS\"}]},{\"@type\":\"WebSite\",\"@id\":\"https:\\\/\\\/abc-latina.com\\\/#website\",\"url\":\"https:\\\/\\\/abc-latina.com\\\/\",\"name\":\"Abc-latina\",\"description\":\"\",\"publisher\":{\"@id\":\"https:\\\/\\\/abc-latina.com\\\/#organization\"},\"potentialAction\":[{\"@type\":\"SearchAction\",\"target\":{\"@type\":\"EntryPoint\",\"urlTemplate\":\"https:\\\/\\\/abc-latina.com\\\/?s={search_term_string}\"},\"query-input\":{\"@type\":\"PropertyValueSpecification\",\"valueRequired\":true,\"valueName\":\"search_term_string\"}}],\"inLanguage\":\"fr-FR\"},{\"@type\":\"Organization\",\"@id\":\"https:\\\/\\\/abc-latina.com\\\/#organization\",\"name\":\"Abc-latina\",\"url\":\"https:\\\/\\\/abc-latina.com\\\/\",\"logo\":{\"@type\":\"ImageObject\",\"inLanguage\":\"fr-FR\",\"@id\":\"https:\\\/\\\/abc-latina.com\\\/#\\\/schema\\\/logo\\\/image\\\/\",\"url\":\"https:\\\/\\\/abc-latina.com\\\/wp-content\\\/uploads\\\/2026\\\/05\\\/cropped-logo.gif\",\"contentUrl\":\"https:\\\/\\\/abc-latina.com\\\/wp-content\\\/uploads\\\/2026\\\/05\\\/cropped-logo.gif\",\"width\":89,\"height\":84,\"caption\":\"Abc-latina\"},\"image\":{\"@id\":\"https:\\\/\\\/abc-latina.com\\\/#\\\/schema\\\/logo\\\/image\\\/\"}}]}<\/script>\n<!-- \/ Yoast SEO plugin. -->","yoast_head_json":{"title":"Les PRESIDENTS du HONDURAS - Abc-latina","description":"Les pr\u00e9sidents du Honduras.","robots":{"index":"index","follow":"follow","max-snippet":"max-snippet:-1","max-image-preview":"max-image-preview:large","max-video-preview":"max-video-preview:-1"},"canonical":"https:\/\/abc-latina.com\/honduras\/presidents_honduras\/","og_locale":"fr_FR","og_type":"article","og_title":"Les PRESIDENTS du HONDURAS - Abc-latina","og_description":"Les pr\u00e9sidents du Honduras.","og_url":"https:\/\/abc-latina.com\/honduras\/presidents_honduras\/","og_site_name":"Abc-latina","article_modified_time":"2018-06-12T10:32:53+00:00","twitter_card":"summary_large_image","twitter_misc":{"Dur\u00e9e de lecture estim\u00e9e":"3 minutes"},"schema":{"@context":"https:\/\/schema.org","@graph":[{"@type":"WebPage","@id":"https:\/\/abc-latina.com\/honduras\/presidents_honduras\/","url":"https:\/\/abc-latina.com\/honduras\/presidents_honduras\/","name":"Les PRESIDENTS du HONDURAS - Abc-latina","isPartOf":{"@id":"https:\/\/abc-latina.com\/#website"},"datePublished":"2010-10-28T17:18:07+00:00","dateModified":"2018-06-12T10:32:53+00:00","description":"Les pr\u00e9sidents du Honduras.","breadcrumb":{"@id":"https:\/\/abc-latina.com\/honduras\/presidents_honduras\/#breadcrumb"},"inLanguage":"fr-FR","potentialAction":[{"@type":"ReadAction","target":["https:\/\/abc-latina.com\/honduras\/presidents_honduras\/"]}]},{"@type":"BreadcrumbList","@id":"https:\/\/abc-latina.com\/honduras\/presidents_honduras\/#breadcrumb","itemListElement":[{"@type":"ListItem","position":1,"name":"Accueil","item":"https:\/\/abc-latina.com\/"},{"@type":"ListItem","position":2,"name":"Les PRESIDENTS du HONDURAS"}]},{"@type":"WebSite","@id":"https:\/\/abc-latina.com\/#website","url":"https:\/\/abc-latina.com\/","name":"Abc-latina","description":"","publisher":{"@id":"https:\/\/abc-latina.com\/#organization"},"potentialAction":[{"@type":"SearchAction","target":{"@type":"EntryPoint","urlTemplate":"https:\/\/abc-latina.com\/?s={search_term_string}"},"query-input":{"@type":"PropertyValueSpecification","valueRequired":true,"valueName":"search_term_string"}}],"inLanguage":"fr-FR"},{"@type":"Organization","@id":"https:\/\/abc-latina.com\/#organization","name":"Abc-latina","url":"https:\/\/abc-latina.com\/","logo":{"@type":"ImageObject","inLanguage":"fr-FR","@id":"https:\/\/abc-latina.com\/#\/schema\/logo\/image\/","url":"https:\/\/abc-latina.com\/wp-content\/uploads\/2026\/05\/cropped-logo.gif","contentUrl":"https:\/\/abc-latina.com\/wp-content\/uploads\/2026\/05\/cropped-logo.gif","width":89,"height":84,"caption":"Abc-latina"},"image":{"@id":"https:\/\/abc-latina.com\/#\/schema\/logo\/image\/"}}]}},"_links":{"self":[{"href":"https:\/\/abc-latina.com\/wp-json\/wp\/v2\/pages\/2510","targetHints":{"allow":["GET"]}}],"collection":[{"href":"https:\/\/abc-latina.com\/wp-json\/wp\/v2\/pages"}],"about":[{"href":"https:\/\/abc-latina.com\/wp-json\/wp\/v2\/types\/page"}],"author":[{"embeddable":true,"href":"https:\/\/abc-latina.com\/wp-json\/wp\/v2\/users\/3"}],"replies":[{"embeddable":true,"href":"https:\/\/abc-latina.com\/wp-json\/wp\/v2\/comments?post=2510"}],"version-history":[{"count":0,"href":"https:\/\/abc-latina.com\/wp-json\/wp\/v2\/pages\/2510\/revisions"}],"up":[{"embeddable":true,"href":"https:\/\/abc-latina.com\/wp-json\/wp\/v2\/pages\/2306"}],"wp:attachment":[{"href":"https:\/\/abc-latina.com\/wp-json\/wp\/v2\/media?parent=2510"}],"curies":[{"name":"wp","href":"https:\/\/api.w.org\/{rel}","templated":true}]}}